{"id":15686,"date":"2023-12-14T17:53:07","date_gmt":"2023-12-14T17:53:07","guid":{"rendered":"https:\/\/food4animals.nl\/product\/spouwsafe-50-cm\/"},"modified":"2026-04-05T01:34:56","modified_gmt":"2026-04-05T00:34:56","slug":"spouwsafe-50-cm","status":"publish","type":"product","link":"https:\/\/www.food4animals.nl\/de\/produkt\/spouwsafe-50-cm\/","title":{"rendered":"HohlraumSafe 50 cm"},"content":{"rendered":"<p><span style=\"font-size: 10pt;\"><strong>SpouwSafe Edelstahl-Stumpfsto\u00df-Gitter<br \/><\/strong>SpouwSafe ist ein speziell entwickeltes Sto\u00dffugengitter, das problemlos in die Sto\u00dffuge eingesetzt werden kann. Einmal installiert, kann SpouwSafe nicht mehr aus der Sto\u00dffuge entfernt werden. SpouwSafe kann auch auf Ma\u00df geschnitten werden (falls erforderlich).<\/span><br \/><span style=\"font-size: 10pt;\">\u00a0<\/span><br \/><span style=\"font-size: 10pt;\">Eine Sto\u00dffuge sorgt f\u00fcr die Bel\u00fcftung Ihrer Hohlraumwand. Im Gegensatz zu anderen Produkten hat SpouwSafe eine hervorragende Klemmung und kann nicht manuell entfernt werden!<\/span><br \/><span style=\"font-size: 10pt;\">\u00a0<\/span><br \/><span style=\"font-size: 10pt;\">Durch diese \u00d6ffnungen k\u00f6nnen Sch\u00e4dlinge wie Wespen, Bienen, Hornissen, Ratten und M\u00e4use in Ihre Hohlwand eindringen. SpouwSafe ist speziell daf\u00fcr konzipiert, dass Ihre Hohlraumfuge optimal bel\u00fcftet wird, aber gleichzeitig kein Ungeziefer in die Hohlraumwand eindringen kann.<\/span><br \/><span style=\"font-size: 10pt;\">\u00a0<\/span><br \/><span style=\"font-size: 10pt;\">Durch seine einzigartige Konstruktion passt sich SpouwSafe der Fugenbreite an. Die Stumpfsto\u00dfgitter k\u00f6nnen problemlos nachger\u00fcstet werden. Aus rostfreiem Stahl gefertigt, ist das Produkt eine \u00e4u\u00dferst praktische und langlebige Versch\u00f6nerung f\u00fcr Ihre W\u00e4nde.<\/span><br \/><span style=\"font-size: 10pt;\">\u00a0<\/span><br \/><span style=\"font-size: 10pt;\">- Verhindert das Eindringen von Sch\u00e4dlingen in die Hohlraumwand.<\/span><br \/><span style=\"font-size: 10pt;\">- Ist einfach nachr\u00fcstbar.<\/span><br \/><span style=\"font-size: 10pt;\">- Erh\u00e4ltlich in verschiedenen Gr\u00f6\u00dfen.<\/span><br \/><span style=\"font-size: 10pt;\">- Keine Werkzeuge erforderlich.<\/span><br \/><span style=\"font-size: 10pt;\">- Schmiegt sich an die Sto\u00dffuge an! Also auch ideal bei einer krummen Stumpfnaht.<\/span><br \/><span style=\"font-size: 10pt;\">- Doppelt verriegelbar und bei Bedarf einfach zuzuschneiden.<\/span><br \/><span style=\"font-size: 10pt;\">- Einsparung von Baukosten.<\/span><br \/><span style=\"font-size: 10pt;\">- Sch\u00f6nes, attraktives und nahtloses Aussehen.<\/span><br \/><span style=\"font-size: 10pt;\">- Langlebig (aus sehr starkem rostfreiem Federstahl)<\/span><br \/><span style=\"font-size: 10pt;\">\u00a0<\/span><br \/><span style=\"font-size: 10pt;\"><strong>Flexibel:<\/strong>\u00a0SpouwSafe l\u00e4sst sich leicht in offene Fugen von 5 bis 24 mm Breite einbauen.<\/span><br \/><span style=\"font-size: 10pt;\">\u00a0<\/span><br \/><span style=\"font-size: 10pt;\">Andere L\u00f6cher innen und au\u00dfen werden am besten mit\u00a0<a href=\"nl\/product\/search?q=mouseshield\">Mouseshield<\/a>\u00a0und <a href=\"nl\/product\/3108\/14864\/ongediertebestrijding\/muizen\/afweren\/netnox-rol-10mx15c\">NetNox<\/a>. L\u00f6cher, die so klein sind wie ein Kugelschreiber, reichen f\u00fcr eine Maus aus, um hindurchzukriechen. Mit\u00a0<a href=\"nl\/product\/search?q=mouseshield\">Mouseshield<\/a>\u00a0auch das geh\u00f6rt der Vergangenheit an.<\/span><\/p>\n<p><span style=\"font-size: 10pt;\"><strong>L\u00e4nge<\/strong><\/span><br \/><span style=\"font-size: 10pt;\">SPOU004: 4 cm<br \/>SPOU005: 5 cm<\/span><br \/><span style=\"font-size: 10pt;\">SPOU006: 6 cm<\/span><br \/><span style=\"font-size: 10pt;\">SPOU007: 7 cm<\/span><br \/><span style=\"font-size: 10pt;\">SPOU009: 9 cm<\/span><br \/><span style=\"font-size: 10pt;\">SPOU025: 24 cm<\/span><br \/><span style=\"font-size: 10pt;\">SPOU050: 50 cm<\/span><\/p>","protected":false},"excerpt":{"rendered":"<p>Ein speziell entwickeltes Sto\u00dffugengitter gegen Sch\u00e4dlinge<\/p>","protected":false},"featured_media":41516,"template":"","meta":{"_acf_changed":false},"product_brand":[],"product_cat":[1196,1294],"product_tag":[1299,1302,1297,1300,1076,2135,871,1304,2867,1295,1303,1305,1296],"class_list":{"0":"post-15686","1":"product","2":"type-product","3":"status-publish","4":"has-post-thumbnail","6":"product_cat-ongedierte","7":"product_cat-rat","8":"product_tag-dichttimmeren","9":"product_tag-gifvrij","10":"product_tag-horzel","11":"product_tag-maak-een-kluis-van-uw-huis","12":"product_tag-muis","13":"product_tag-netnox-spouwsafe","14":"product_tag-rat","15":"product_tag-roosters","16":"product_tag-spouwsafe","17":"product_tag-weren","18":"product_tag-wering-roosters","19":"product_tag-weringseptember2022","20":"product_tag-wesp","21":"tax_brand-spouwsafe","23":"first","24":"instock","25":"taxable","26":"shipping-taxable","27":"purchasable","28":"product-type-simple"},"acf":[],"yoast_head":"<!-- This site is optimized with the Yoast SEO plugin v27.2 - https:\/\/yoast.com\/product\/yoast-seo-wordpress\/ -->\n<title>SpouwSafe 50 cm - Food4animals<\/title>\n<meta name=\"robots\" content=\"index, follow, max-snippet:-1, max-image-preview:large, max-video-preview:-1\" \/>\n<link rel=\"canonical\" href=\"https:\/\/www.food4animals.nl\/de\/produkt\/spouwsafe-50-cm\/\" \/>\n<meta property=\"og:locale\" content=\"de_DE\" \/>\n<meta property=\"og:type\" content=\"article\" \/>\n<meta property=\"og:title\" content=\"SpouwSafe 50 cm - Food4animals\" \/>\n<meta property=\"og:description\" content=\"Een speciaal ontwikkeld stootvoegrooster tegen ongedierte\" \/>\n<meta property=\"og:url\" content=\"https:\/\/www.food4animals.nl\/de\/produkt\/spouwsafe-50-cm\/\" \/>\n<meta property=\"og:site_name\" content=\"Food4animals\" \/>\n<meta property=\"article:publisher\" content=\"https:\/\/www.facebook.com\/p\/Food4animals-100063861676074\/\" \/>\n<meta property=\"article:modified_time\" content=\"2026-04-05T00:34:56+00:00\" \/>\n<meta property=\"og:image\" content=\"https:\/\/www.food4animals.nl\/wp-content\/uploads\/2025\/11\/SPOU050.png\" \/>\n\t<meta property=\"og:image:width\" content=\"132\" \/>\n\t<meta property=\"og:image:height\" content=\"982\" \/>\n\t<meta property=\"og:image:type\" content=\"image\/png\" \/>\n<meta name=\"twitter:card\" content=\"summary_large_image\" \/>\n<meta name=\"twitter:site\" content=\"@food4animals\" \/>\n<meta name=\"twitter:label1\" content=\"Gesch\u00e4tzte Lesezeit\" \/>\n\t<meta name=\"twitter:data1\" content=\"1\u00a0Minute\" \/>\n<script type=\"application\/ld+json\" class=\"yoast-schema-graph\">{\"@context\":\"https:\/\/schema.org\",\"@graph\":[{\"@type\":\"WebPage\",\"@id\":\"https:\/\/www.food4animals.nl\/product\/spouwsafe-50-cm\/\",\"url\":\"https:\/\/www.food4animals.nl\/product\/spouwsafe-50-cm\/\",\"name\":\"SpouwSafe 50 cm - Food4animals\",\"isPartOf\":{\"@id\":\"https:\/\/www.food4animals.nl\/en\/#website\"},\"primaryImageOfPage\":{\"@id\":\"https:\/\/www.food4animals.nl\/product\/spouwsafe-50-cm\/#primaryimage\"},\"image\":{\"@id\":\"https:\/\/www.food4animals.nl\/product\/spouwsafe-50-cm\/#primaryimage\"},\"thumbnailUrl\":\"https:\/\/www.food4animals.nl\/wp-content\/uploads\/2025\/11\/SPOU050.png\",\"datePublished\":\"2023-12-14T17:53:07+00:00\",\"dateModified\":\"2026-04-05T00:34:56+00:00\",\"breadcrumb\":{\"@id\":\"https:\/\/www.food4animals.nl\/product\/spouwsafe-50-cm\/#breadcrumb\"},\"inLanguage\":\"de\",\"potentialAction\":[{\"@type\":\"ReadAction\",\"target\":[\"https:\/\/www.food4animals.nl\/product\/spouwsafe-50-cm\/\"]}]},{\"@type\":\"ImageObject\",\"inLanguage\":\"de\",\"@id\":\"https:\/\/www.food4animals.nl\/product\/spouwsafe-50-cm\/#primaryimage\",\"url\":\"https:\/\/www.food4animals.nl\/wp-content\/uploads\/2025\/11\/SPOU050.png\",\"contentUrl\":\"https:\/\/www.food4animals.nl\/wp-content\/uploads\/2025\/11\/SPOU050.png\",\"width\":132,\"height\":982},{\"@type\":\"BreadcrumbList\",\"@id\":\"https:\/\/www.food4animals.nl\/product\/spouwsafe-50-cm\/#breadcrumb\",\"itemListElement\":[{\"@type\":\"ListItem\",\"position\":1,\"name\":\"Home\",\"item\":\"https:\/\/www.food4animals.nl\/\"},{\"@type\":\"ListItem\",\"position\":2,\"name\":\"Winkel\",\"item\":\"https:\/\/www.food4animals.nl\/winkel\/\"},{\"@type\":\"ListItem\",\"position\":3,\"name\":\"SpouwSafe 50 cm\"}]},{\"@type\":\"WebSite\",\"@id\":\"https:\/\/www.food4animals.nl\/en\/#website\",\"url\":\"https:\/\/www.food4animals.nl\/en\/\",\"name\":\"Food4animals\",\"description\":\"Alles voor Ruiter en Dier\",\"publisher\":{\"@id\":\"https:\/\/www.food4animals.nl\/en\/#organization\"},\"potentialAction\":[{\"@type\":\"SearchAction\",\"target\":{\"@type\":\"EntryPoint\",\"urlTemplate\":\"https:\/\/www.food4animals.nl\/en\/?s={search_term_string}\"},\"query-input\":{\"@type\":\"PropertyValueSpecification\",\"valueRequired\":true,\"valueName\":\"search_term_string\"}}],\"inLanguage\":\"de\"},{\"@type\":\"Organization\",\"@id\":\"https:\/\/www.food4animals.nl\/en\/#organization\",\"name\":\"Food4animals\",\"url\":\"https:\/\/www.food4animals.nl\/en\/\",\"logo\":{\"@type\":\"ImageObject\",\"inLanguage\":\"de\",\"@id\":\"https:\/\/www.food4animals.nl\/en\/#\/schema\/logo\/image\/\",\"url\":\"https:\/\/www.food4animals.nl\/wp-content\/uploads\/2023\/10\/Logo.svg\",\"contentUrl\":\"https:\/\/www.food4animals.nl\/wp-content\/uploads\/2023\/10\/Logo.svg\",\"width\":1,\"height\":1,\"caption\":\"Food4animals\"},\"image\":{\"@id\":\"https:\/\/www.food4animals.nl\/en\/#\/schema\/logo\/image\/\"},\"sameAs\":[\"https:\/\/www.facebook.com\/p\/Food4animals-100063861676074\/\",\"https:\/\/x.com\/food4animals\"]}]}<\/script>\n<!-- \/ Yoast SEO plugin. -->","yoast_head_json":{"title":"SpouwSafe 50 cm - Food4animals","robots":{"index":"index","follow":"follow","max-snippet":"max-snippet:-1","max-image-preview":"max-image-preview:large","max-video-preview":"max-video-preview:-1"},"canonical":"https:\/\/www.food4animals.nl\/de\/produkt\/spouwsafe-50-cm\/","og_locale":"de_DE","og_type":"article","og_title":"SpouwSafe 50 cm - Food4animals","og_description":"Een speciaal ontwikkeld stootvoegrooster tegen ongedierte","og_url":"https:\/\/www.food4animals.nl\/de\/produkt\/spouwsafe-50-cm\/","og_site_name":"Food4animals","article_publisher":"https:\/\/www.facebook.com\/p\/Food4animals-100063861676074\/","article_modified_time":"2026-04-05T00:34:56+00:00","og_image":[{"width":132,"height":982,"url":"https:\/\/www.food4animals.nl\/wp-content\/uploads\/2025\/11\/SPOU050.png","type":"image\/png"}],"twitter_card":"summary_large_image","twitter_site":"@food4animals","twitter_misc":{"Gesch\u00e4tzte Lesezeit":"1\u00a0Minute"},"schema":{"@context":"https:\/\/schema.org","@graph":[{"@type":"WebPage","@id":"https:\/\/www.food4animals.nl\/product\/spouwsafe-50-cm\/","url":"https:\/\/www.food4animals.nl\/product\/spouwsafe-50-cm\/","name":"SpouwSafe 50 cm - Food4animals","isPartOf":{"@id":"https:\/\/www.food4animals.nl\/en\/#website"},"primaryImageOfPage":{"@id":"https:\/\/www.food4animals.nl\/product\/spouwsafe-50-cm\/#primaryimage"},"image":{"@id":"https:\/\/www.food4animals.nl\/product\/spouwsafe-50-cm\/#primaryimage"},"thumbnailUrl":"https:\/\/www.food4animals.nl\/wp-content\/uploads\/2025\/11\/SPOU050.png","datePublished":"2023-12-14T17:53:07+00:00","dateModified":"2026-04-05T00:34:56+00:00","breadcrumb":{"@id":"https:\/\/www.food4animals.nl\/product\/spouwsafe-50-cm\/#breadcrumb"},"inLanguage":"de","potentialAction":[{"@type":"ReadAction","target":["https:\/\/www.food4animals.nl\/product\/spouwsafe-50-cm\/"]}]},{"@type":"ImageObject","inLanguage":"de","@id":"https:\/\/www.food4animals.nl\/product\/spouwsafe-50-cm\/#primaryimage","url":"https:\/\/www.food4animals.nl\/wp-content\/uploads\/2025\/11\/SPOU050.png","contentUrl":"https:\/\/www.food4animals.nl\/wp-content\/uploads\/2025\/11\/SPOU050.png","width":132,"height":982},{"@type":"BreadcrumbList","@id":"https:\/\/www.food4animals.nl\/product\/spouwsafe-50-cm\/#breadcrumb","itemListElement":[{"@type":"ListItem","position":1,"name":"Home","item":"https:\/\/www.food4animals.nl\/"},{"@type":"ListItem","position":2,"name":"Winkel","item":"https:\/\/www.food4animals.nl\/winkel\/"},{"@type":"ListItem","position":3,"name":"SpouwSafe 50 cm"}]},{"@type":"WebSite","@id":"https:\/\/www.food4animals.nl\/en\/#website","url":"https:\/\/www.food4animals.nl\/en\/","name":"Lebensmittel4Tiere","description":"Alles f\u00fcr Reiter und Tier","publisher":{"@id":"https:\/\/www.food4animals.nl\/en\/#organization"},"potentialAction":[{"@type":"SearchAction","target":{"@type":"EntryPoint","urlTemplate":"https:\/\/www.food4animals.nl\/en\/?s={search_term_string}"},"query-input":{"@type":"PropertyValueSpecification","valueRequired":true,"valueName":"search_term_string"}}],"inLanguage":"de"},{"@type":"Organization","@id":"https:\/\/www.food4animals.nl\/en\/#organization","name":"Lebensmittel4Tiere","url":"https:\/\/www.food4animals.nl\/en\/","logo":{"@type":"ImageObject","inLanguage":"de","@id":"https:\/\/www.food4animals.nl\/en\/#\/schema\/logo\/image\/","url":"https:\/\/www.food4animals.nl\/wp-content\/uploads\/2023\/10\/Logo.svg","contentUrl":"https:\/\/www.food4animals.nl\/wp-content\/uploads\/2023\/10\/Logo.svg","width":1,"height":1,"caption":"Food4animals"},"image":{"@id":"https:\/\/www.food4animals.nl\/en\/#\/schema\/logo\/image\/"},"sameAs":["https:\/\/www.facebook.com\/p\/Food4animals-100063861676074\/","https:\/\/x.com\/food4animals"]}]}},"_links":{"self":[{"href":"https:\/\/www.food4animals.nl\/de\/wp-json\/wp\/v2\/product\/15686","targetHints":{"allow":["GET"]}}],"collection":[{"href":"https:\/\/www.food4animals.nl\/de\/wp-json\/wp\/v2\/product"}],"about":[{"href":"https:\/\/www.food4animals.nl\/de\/wp-json\/wp\/v2\/types\/product"}],"wp:featuredmedia":[{"embeddable":true,"href":"https:\/\/www.food4animals.nl\/de\/wp-json\/wp\/v2\/media\/41516"}],"wp:attachment":[{"href":"https:\/\/www.food4animals.nl\/de\/wp-json\/wp\/v2\/media?parent=15686"}],"wp:term":[{"taxonomy":"product_brand","embeddable":true,"href":"https:\/\/www.food4animals.nl\/de\/wp-json\/wp\/v2\/product_brand?post=15686"},{"taxonomy":"product_cat","embeddable":true,"href":"https:\/\/www.food4animals.nl\/de\/wp-json\/wp\/v2\/product_cat?post=15686"},{"taxonomy":"product_tag","embeddable":true,"href":"https:\/\/www.food4animals.nl\/de\/wp-json\/wp\/v2\/product_tag?post=15686"}],"curies":[{"name":"wp","href":"https:\/\/api.w.org\/{rel}","templated":true}]}}