{"id":15704,"date":"2023-12-14T17:58:21","date_gmt":"2023-12-14T17:58:21","guid":{"rendered":"https:\/\/food4animals.nl\/product\/spuitoverall-montreal-xl\/"},"modified":"2026-04-20T01:32:36","modified_gmt":"2026-04-20T00:32:36","slug":"spuitoverall-montreal-xl","status":"publish","type":"product","link":"https:\/\/www.food4animals.nl\/de\/produkt\/spuitoverall-montreal-xl\/","title":{"rendered":"Spritzschutzanzug Montreal XL"},"content":{"rendered":"<p><span style=\"font-size: 10pt;\"><strong>Spritzschutzanzug Montreal<br \/><\/strong><\/span><span style=\"font-size: 10pt;\">Dieser Spritzschutzanzug ist aus strapazierf\u00e4higem Flexothane\u00ae gefertigt und bietet einen hohen Tragekomfort und optimalen Schutz. Der Montreal Spritzschutzoverall ist wind- und wasserdicht und sch\u00fctzt auch vor fl\u00fcssigen Chemikalien.<\/span><\/p>\n<p><span style=\"font-size: 10pt;\">Ausgestattet mit einer Kapuze, die im Stehkragen verstaut werden kann und einem Rei\u00dfverschluss mit Patte und Druckkn\u00f6pfen. \u00c4rmel- und Kn\u00f6chelverengung durch Druckkn\u00f6pfe in Kombination mit elastischen Windb\u00fcndchen an den \u00c4rmeln sorgen f\u00fcr optimalen Abschluss.<\/span><\/p>\n<p><span style=\"font-size: 10pt;\">Der Spr\u00fchoverall Montreal ist maschinenwaschbar bis 40\u00b0 Knitterschutzprogramm und somit f\u00fcr den mehrfachen Einsatz geeignet.<\/span><\/p>\n<p><span style=\"font-size: 10pt;\"><strong>Schutzniveau<br \/><\/strong><\/span><span style=\"font-size: 10pt;\">Kat. 4<\/span><\/p>\n<p><span style=\"font-size: 10pt;\"><strong>Gr\u00f6\u00dfe <\/strong>\u00a0\u00a0\u00a0\u00a0\u00a0\u00a0\u00a0\u00a0\u00a0\u00a0\u00a0\u00a0\u00a0\u00a0\u00a0\u00a0\u00a0\u00a0\u00a0\u00a0\u00a0\u00a0\u00a0\u00a0 <strong>Brustumfang <\/strong>\u00a0 \u00a0 \u00a0 \u00a0<strong>L\u00e4nge des K\u00f6rpers<br \/><\/strong><\/span><span style=\"font-size: 10pt;\">ETWA601: L 102-110 172-180<br \/><\/span><span style=\"font-size: 10pt;\">\u00dcBER602: XL 110-118 180-188<br \/><\/span><span style=\"font-size: 10pt;\">ETWA603: XXL 118-129 180-188<br \/>ETWA604: XXXL 129-141 188-196<br \/><\/span><\/p>","protected":false},"excerpt":{"rendered":"<p>F\u00fcr wunderbaren Komfort und optimalen Schutz.<\/p>","protected":false},"featured_media":0,"template":"","meta":{"_acf_changed":false},"product_brand":[],"product_cat":[1247,1817],"product_tag":[2873,2875,1820,2874,1054],"class_list":{"0":"post-15704","1":"product","2":"type-product","3":"status-publish","5":"product_cat-stal-en-erf","6":"product_cat-veiligheid-en-bescherming","7":"product_tag-montreal","8":"product_tag-overalls-en-meer","9":"product_tag-persoonlijke-bescherming","10":"product_tag-wering-en-kleding","11":"product_tag-xl","12":"tax_brand-montreal","14":"first","15":"instock","16":"taxable","17":"shipping-taxable","18":"purchasable","19":"product-type-simple"},"acf":[],"yoast_head":"<!-- This site is optimized with the Yoast SEO plugin v27.4 - https:\/\/yoast.com\/product\/yoast-seo-wordpress\/ -->\n<title>Spuitoverall Montreal XL - Food4animals<\/title>\n<meta name=\"robots\" content=\"index, follow, max-snippet:-1, max-image-preview:large, max-video-preview:-1\" \/>\n<link rel=\"canonical\" href=\"https:\/\/www.food4animals.nl\/de\/produkt\/spuitoverall-montreal-xl\/\" \/>\n<meta property=\"og:locale\" content=\"de_DE\" \/>\n<meta property=\"og:type\" content=\"article\" \/>\n<meta property=\"og:title\" content=\"Spuitoverall Montreal XL - Food4animals\" \/>\n<meta property=\"og:description\" content=\"Voor heerlijk comfort en optimale bescherming.\" \/>\n<meta property=\"og:url\" content=\"https:\/\/www.food4animals.nl\/de\/produkt\/spuitoverall-montreal-xl\/\" \/>\n<meta property=\"og:site_name\" content=\"Food4animals\" \/>\n<meta property=\"article:publisher\" content=\"https:\/\/www.facebook.com\/p\/Food4animals-100063861676074\/\" \/>\n<meta property=\"article:modified_time\" content=\"2026-04-20T00:32:36+00:00\" \/>\n<meta name=\"twitter:card\" content=\"summary_large_image\" \/>\n<meta name=\"twitter:site\" content=\"@food4animals\" \/>\n<script type=\"application\/ld+json\" class=\"yoast-schema-graph\">{\"@context\":\"https:\\\/\\\/schema.org\",\"@graph\":[{\"@type\":\"WebPage\",\"@id\":\"https:\\\/\\\/www.food4animals.nl\\\/product\\\/spuitoverall-montreal-xl\\\/\",\"url\":\"https:\\\/\\\/www.food4animals.nl\\\/product\\\/spuitoverall-montreal-xl\\\/\",\"name\":\"Spuitoverall Montreal XL - Food4animals\",\"isPartOf\":{\"@id\":\"https:\\\/\\\/www.food4animals.nl\\\/en\\\/#website\"},\"datePublished\":\"2023-12-14T17:58:21+00:00\",\"dateModified\":\"2026-04-20T00:32:36+00:00\",\"breadcrumb\":{\"@id\":\"https:\\\/\\\/www.food4animals.nl\\\/product\\\/spuitoverall-montreal-xl\\\/#breadcrumb\"},\"inLanguage\":\"de\",\"potentialAction\":[{\"@type\":\"ReadAction\",\"target\":[\"https:\\\/\\\/www.food4animals.nl\\\/product\\\/spuitoverall-montreal-xl\\\/\"]}]},{\"@type\":\"BreadcrumbList\",\"@id\":\"https:\\\/\\\/www.food4animals.nl\\\/product\\\/spuitoverall-montreal-xl\\\/#breadcrumb\",\"itemListElement\":[{\"@type\":\"ListItem\",\"position\":1,\"name\":\"Home\",\"item\":\"https:\\\/\\\/www.food4animals.nl\\\/\"},{\"@type\":\"ListItem\",\"position\":2,\"name\":\"Winkel\",\"item\":\"https:\\\/\\\/www.food4animals.nl\\\/winkel\\\/\"},{\"@type\":\"ListItem\",\"position\":3,\"name\":\"Spuitoverall Montreal XL\"}]},{\"@type\":\"WebSite\",\"@id\":\"https:\\\/\\\/www.food4animals.nl\\\/en\\\/#website\",\"url\":\"https:\\\/\\\/www.food4animals.nl\\\/en\\\/\",\"name\":\"Food4animals\",\"description\":\"Alles voor Ruiter en Dier\",\"publisher\":{\"@id\":\"https:\\\/\\\/www.food4animals.nl\\\/en\\\/#organization\"},\"potentialAction\":[{\"@type\":\"SearchAction\",\"target\":{\"@type\":\"EntryPoint\",\"urlTemplate\":\"https:\\\/\\\/www.food4animals.nl\\\/en\\\/?s={search_term_string}\"},\"query-input\":{\"@type\":\"PropertyValueSpecification\",\"valueRequired\":true,\"valueName\":\"search_term_string\"}}],\"inLanguage\":\"de\"},{\"@type\":\"Organization\",\"@id\":\"https:\\\/\\\/www.food4animals.nl\\\/en\\\/#organization\",\"name\":\"Food4animals\",\"url\":\"https:\\\/\\\/www.food4animals.nl\\\/en\\\/\",\"logo\":{\"@type\":\"ImageObject\",\"inLanguage\":\"de\",\"@id\":\"https:\\\/\\\/www.food4animals.nl\\\/en\\\/#\\\/schema\\\/logo\\\/image\\\/\",\"url\":\"https:\\\/\\\/www.food4animals.nl\\\/wp-content\\\/uploads\\\/2023\\\/10\\\/Logo.svg\",\"contentUrl\":\"https:\\\/\\\/www.food4animals.nl\\\/wp-content\\\/uploads\\\/2023\\\/10\\\/Logo.svg\",\"width\":1,\"height\":1,\"caption\":\"Food4animals\"},\"image\":{\"@id\":\"https:\\\/\\\/www.food4animals.nl\\\/en\\\/#\\\/schema\\\/logo\\\/image\\\/\"},\"sameAs\":[\"https:\\\/\\\/www.facebook.com\\\/p\\\/Food4animals-100063861676074\\\/\",\"https:\\\/\\\/x.com\\\/food4animals\"]}]}<\/script>\n<!-- \/ Yoast SEO plugin. -->","yoast_head_json":{"title":"Spuitoverall Montreal XL - Food4animals","robots":{"index":"index","follow":"follow","max-snippet":"max-snippet:-1","max-image-preview":"max-image-preview:large","max-video-preview":"max-video-preview:-1"},"canonical":"https:\/\/www.food4animals.nl\/de\/produkt\/spuitoverall-montreal-xl\/","og_locale":"de_DE","og_type":"article","og_title":"Spuitoverall Montreal XL - Food4animals","og_description":"Voor heerlijk comfort en optimale bescherming.","og_url":"https:\/\/www.food4animals.nl\/de\/produkt\/spuitoverall-montreal-xl\/","og_site_name":"Food4animals","article_publisher":"https:\/\/www.facebook.com\/p\/Food4animals-100063861676074\/","article_modified_time":"2026-04-20T00:32:36+00:00","twitter_card":"summary_large_image","twitter_site":"@food4animals","schema":{"@context":"https:\/\/schema.org","@graph":[{"@type":"WebPage","@id":"https:\/\/www.food4animals.nl\/product\/spuitoverall-montreal-xl\/","url":"https:\/\/www.food4animals.nl\/product\/spuitoverall-montreal-xl\/","name":"Spuitoverall Montreal XL - Food4animals","isPartOf":{"@id":"https:\/\/www.food4animals.nl\/en\/#website"},"datePublished":"2023-12-14T17:58:21+00:00","dateModified":"2026-04-20T00:32:36+00:00","breadcrumb":{"@id":"https:\/\/www.food4animals.nl\/product\/spuitoverall-montreal-xl\/#breadcrumb"},"inLanguage":"de","potentialAction":[{"@type":"ReadAction","target":["https:\/\/www.food4animals.nl\/product\/spuitoverall-montreal-xl\/"]}]},{"@type":"BreadcrumbList","@id":"https:\/\/www.food4animals.nl\/product\/spuitoverall-montreal-xl\/#breadcrumb","itemListElement":[{"@type":"ListItem","position":1,"name":"Home","item":"https:\/\/www.food4animals.nl\/"},{"@type":"ListItem","position":2,"name":"Winkel","item":"https:\/\/www.food4animals.nl\/winkel\/"},{"@type":"ListItem","position":3,"name":"Spuitoverall Montreal XL"}]},{"@type":"WebSite","@id":"https:\/\/www.food4animals.nl\/en\/#website","url":"https:\/\/www.food4animals.nl\/en\/","name":"Lebensmittel4Tiere","description":"Alles f\u00fcr Reiter und Tier","publisher":{"@id":"https:\/\/www.food4animals.nl\/en\/#organization"},"potentialAction":[{"@type":"SearchAction","target":{"@type":"EntryPoint","urlTemplate":"https:\/\/www.food4animals.nl\/en\/?s={search_term_string}"},"query-input":{"@type":"PropertyValueSpecification","valueRequired":true,"valueName":"search_term_string"}}],"inLanguage":"de"},{"@type":"Organization","@id":"https:\/\/www.food4animals.nl\/en\/#organization","name":"Lebensmittel4Tiere","url":"https:\/\/www.food4animals.nl\/en\/","logo":{"@type":"ImageObject","inLanguage":"de","@id":"https:\/\/www.food4animals.nl\/en\/#\/schema\/logo\/image\/","url":"https:\/\/www.food4animals.nl\/wp-content\/uploads\/2023\/10\/Logo.svg","contentUrl":"https:\/\/www.food4animals.nl\/wp-content\/uploads\/2023\/10\/Logo.svg","width":1,"height":1,"caption":"Food4animals"},"image":{"@id":"https:\/\/www.food4animals.nl\/en\/#\/schema\/logo\/image\/"},"sameAs":["https:\/\/www.facebook.com\/p\/Food4animals-100063861676074\/","https:\/\/x.com\/food4animals"]}]}},"_links":{"self":[{"href":"https:\/\/www.food4animals.nl\/de\/wp-json\/wp\/v2\/product\/15704","targetHints":{"allow":["GET"]}}],"collection":[{"href":"https:\/\/www.food4animals.nl\/de\/wp-json\/wp\/v2\/product"}],"about":[{"href":"https:\/\/www.food4animals.nl\/de\/wp-json\/wp\/v2\/types\/product"}],"wp:attachment":[{"href":"https:\/\/www.food4animals.nl\/de\/wp-json\/wp\/v2\/media?parent=15704"}],"wp:term":[{"taxonomy":"product_brand","embeddable":true,"href":"https:\/\/www.food4animals.nl\/de\/wp-json\/wp\/v2\/product_brand?post=15704"},{"taxonomy":"product_cat","embeddable":true,"href":"https:\/\/www.food4animals.nl\/de\/wp-json\/wp\/v2\/product_cat?post=15704"},{"taxonomy":"product_tag","embeddable":true,"href":"https:\/\/www.food4animals.nl\/de\/wp-json\/wp\/v2\/product_tag?post=15704"}],"curies":[{"name":"wp","href":"https:\/\/api.w.org\/{rel}","templated":true}]}}