{"id":15840,"date":"2023-12-14T18:20:42","date_gmt":"2023-12-14T18:20:42","guid":{"rendered":"https:\/\/food4animals.nl\/product\/strongid-p-pasta-reg-nl-ura\/"},"modified":"2026-04-10T01:44:43","modified_gmt":"2026-04-10T00:44:43","slug":"strongid-p-pasta-reg-nl-ura","status":"publish","type":"product","link":"https:\/\/www.food4animals.nl\/de\/produkt\/strongid-p-pasta-reg-nl-ura\/","title":{"rendered":"Strongid-P-Paste REG DE URA"},"content":{"rendered":"<p><span style=\"font-size: 10pt; color: #ff0000;\">Erh\u00e4ltlich nur bei einem Tierarzt oder auf tier\u00e4rztliche Verschreibung in einer zugelassenen Apotheke oder bei einem zugelassenen Lieferanten.<\/span><\/p>\n<p><span style=\"font-size: 10pt;\">Strongid-P-Paste, 439 mg\/g REG DE URA<\/span><\/p>\n<p><span style=\"font-size: 10pt;\">Orale Paste zur Bek\u00e4mpfung von Wurminfektionen.<\/span><\/p>\n<p><strong><span style=\"font-size: 10pt;\">Zielarten<\/span><\/strong><\/p>\n<p><span style=\"font-size: 10pt;\">Pferd<\/span><\/p>\n<p><strong><span style=\"font-size: 10pt;\">Wirkstoff<\/span><\/strong><\/p>\n<p><span style=\"font-size: 10pt;\">Pyrantel-Pamoat: 439 mg\/g<\/span><\/p>\n<p><strong><span style=\"font-size: 10pt;\">Anzeige<\/span><\/strong><\/p>\n<p><span style=\"font-size: 10pt;\">Wurminfektionen bei Pferden, verursacht durch Strongylus vulgaris, Str. edentatus und Str. equinus, Cyathostomum spp., Triodontophorus spp., Oxyuris equi, Parascaris equorum, Probstmayria vivipara und den Bandwurm Anaplocephala perfoliata.<\/span><\/p>\n<p><strong><span style=\"font-size: 10pt;\">Kontraindikationen<\/span><\/strong><\/p>\n<p><span style=\"font-size: 10pt;\">Keine bekannt.<\/span><\/p>\n<p><strong><span style=\"font-size: 10pt;\">Dosierung und Art der Verabreichung<\/span><\/strong><\/p>\n<p><span style=\"font-size: 10pt;\">Art der Verabreichung:<\/span><br \/>\n<span style=\"font-size: 10pt;\">Stellschraube auf die gew\u00fcnschte Menge einstellen, Maul des Pferdes \u00f6ffnen und Inhalt so weit wie m\u00f6glich auf den Zungenr\u00fccken spr\u00fchen. Um das Schlucken zu f\u00f6rdern, die Hand unter das Kinn legen und den Kopf anheben. Wenn nur ein Teil des Spritzeninhalts verbraucht wurde, die Schutzkappe wieder auf die Tube stecken.<\/span><\/p>\n<p><span style=\"font-size: 10pt;\">Das Arzneimittel wird zur direkten oralen Verabreichung bei Pferden, Ponys und Fohlen empfohlen, die \u00e4lter als 4 Wochen sind. Es ist nicht notwendig, vor der Verabreichung des Arzneimittels zu fasten.<\/span><\/p>\n<p><strong><span style=\"font-size: 10pt;\">Zur Bek\u00e4mpfung:<\/span><\/strong><\/p>\n<p><span style=\"font-size: 10pt;\">- gastrointestinale Wurminfektionen: einmalig 19 mg Pyrantelpamoat pro kg K\u00f6rpergewicht (= 1 Spritze pro 600 kg K\u00f6rpergewicht). <\/span><br \/>\n<span style=\"font-size: 10pt;\">- Bandwurmbefall: einmalig 38 mg Pyrantelpamoat pro kg K\u00f6rpergewicht (= 2 Spritzen pro 600 kg K\u00f6rpergewicht). <\/span><\/p>\n<p><span style=\"font-size: 10pt;\">Auf der Kolbenstange befinden sich Messmarkierungen f\u00fcr 150 kg, 300 kg und 450 kg, so dass Pferde, die leichter als 600 kg sind, Fohlen und Ponys leicht dosiert werden k\u00f6nnen.<\/span><br \/>\n<span style=\"font-size: 10pt;\">Jede Sorte entspricht 6,5 g Paste oder 2,85 g Pyrantelpamoat.<\/span><\/p>\n<p><strong><span style=\"font-size: 10pt;\">Besondere Warnhinweise<\/span><\/strong><\/p>\n<p><span style=\"font-size: 10pt;\">Lesen Sie vor der Anwendung die Packungsbeilage.<\/span><\/p>\n<p><strong><span style=\"font-size: 10pt;\">Wartezeit<\/span><\/strong><\/p>\n<p><span style=\"font-size: 10pt;\">(Organ-)Fleisch: 0 Tage.<\/span><\/p>\n<p><strong><span style=\"font-size: 10pt;\">Inhalt<\/span><\/strong><\/p>\n<p><span style=\"font-size: 10pt;\">HDPE-Dosierspritze von 26 g.<\/span><\/p>\n<p><a href=\"https:\/\/www.diergeneesmiddeleninformatiebank.nl\/ords\/f?p=111:3::SEARCH:::P0_DOMAIN,P0_LANG,P3_RVG1:V,NL,8355\" target=\"_blank\" rel=\"noopener\"><span style=\"font-size: 10pt;\">REG EN 8355<\/span><\/a><\/p>\n<p><span style=\"font-size: 10pt;\">Nur f\u00fcr den tier\u00e4rztlichen Gebrauch - URA\u00a0<\/span><\/p>\n<a href=\"https:\/\/www.cbg-meb.nl\/onderwerpen\/bd-internethandel-diergeneesmiddelen\" target=\"_blank\" rel=\"noopener\"><img decoding=\"async\" class=\"preview\" style=\"max-width: 90px; float: right;\" src=\"\/imagestream\/stream\/279197\/2209-logo-internethandel.jpg\" alt=\"\" \/><\/a>","protected":false},"excerpt":{"rendered":"<p>Orale Paste zur Bek\u00e4mpfung von Wurminfektionen.<\/p>\n<h4><span style=\"color: #ff0000;\"><em>Verfahren Worm Abhilfema\u00dfnahmen \"URA Abhilfema\u00dfnahmen\"<\/em><\/span><\/h4>\n<p><em>\u00a0<\/em><em>-nur auf Originalrezept mit \"feuchter\" Unterschrift erh\u00e4ltlich<\/em><\/p>\n<p><em>\u00a0<\/em><em>-Gescannte Rezepte sind nicht erlaubt.<\/em><\/p>\n<p><em>\u00a0<\/em><em>-Schicken Sie das Originalrezept per Post an: Food4animals, Zwanenveld 6, 6852LX, Huissen, die Niederlande<\/em><\/p>\n<p><em>\u00a0<\/em><em>-Bestellen Sie per Mail (info@food4animals.nl), was Sie brauchen, wir sorgen daf\u00fcr, dass es auf Lager ist, wenn es abgeholt wird.<\/em><\/p>\n<p><em>\u00a0<\/em><em>-Sie werden benachrichtigt, wenn Ihre Bestellung zur Abholung bereit ist.<\/em><\/p>\n<p><span style=\"color: #ff0000;\"><em>\u00a0<\/em><em>Also ohne Rezept keine Lieferung<\/em><\/span><\/p>\n<h3><span style=\"color: #ff0000;\"><a style=\"color: #ff0000;\" href=\"http:\/\/food4animals.nl\/wp-content\/uploads\/2024\/01\/Recept-origineel-2024-December.pdf\" target=\"_blank\" rel=\"noopener\">Download Muster Rezept Pferd<\/a><\/span><\/h3>\n<p><a href=\"https:\/\/www.cbg-meb.nl\/onderwerpen\/bd-internethandel-diergeneesmiddelen\" target=\"_blank\" rel=\"noopener\"><img loading=\"lazy\" decoding=\"async\" class=\"alignnone wp-image-18895 size-full\" src=\"http:\/\/food4animals.nl\/wp-content\/uploads\/2024\/01\/NVWA-logo.jpg\" alt=\"\" width=\"141\" height=\"117\" srcset=\"https:\/\/www.food4animals.nl\/wp-content\/uploads\/2024\/01\/NVWA-logo.jpg 141w, https:\/\/www.food4animals.nl\/wp-content\/uploads\/2024\/01\/NVWA-logo-14x12.jpg 14w, https:\/\/www.food4animals.nl\/wp-content\/uploads\/2024\/01\/NVWA-logo-106x88.jpg 106w, https:\/\/www.food4animals.nl\/wp-content\/uploads\/2024\/01\/NVWA-logo-80x66.jpg 80w\" sizes=\"auto, (max-width: 141px) 100vw, 141px\" \/><\/a><\/p>","protected":false},"featured_media":29914,"template":"","meta":{"_acf_changed":false},"product_brand":[],"product_cat":[996,1307],"product_tag":[],"class_list":{"0":"post-15840","1":"product","2":"type-product","3":"status-publish","4":"has-post-thumbnail","6":"product_cat-medicatie-op-recept","7":"product_cat-ontworming","9":"first","10":"instock","11":"taxable","12":"shipping-taxable","13":"product-type-simple"},"acf":[],"yoast_head":"<!-- This site is optimized with the Yoast SEO plugin v27.2 - https:\/\/yoast.com\/product\/yoast-seo-wordpress\/ -->\n<title>Strongid-P pasta REG NL URA - Food4animals<\/title>\n<meta name=\"robots\" content=\"index, follow, max-snippet:-1, max-image-preview:large, max-video-preview:-1\" \/>\n<link rel=\"canonical\" href=\"https:\/\/www.food4animals.nl\/de\/produkt\/strongid-p-pasta-reg-nl-ura\/\" \/>\n<meta property=\"og:locale\" content=\"de_DE\" \/>\n<meta property=\"og:type\" content=\"article\" \/>\n<meta property=\"og:title\" content=\"Strongid-P pasta REG NL URA - Food4animals\" \/>\n<meta property=\"og:description\" content=\"Orale pasta ter bestrijding van worminfecties. Procedure Wormmiddelen \u201cURA middelen\u201d \u00a0-Alleen verkrijgbaar op origineel recept met \u201cnatte\u201d handtekening  \u00a0-Gescande recepten zijn niet toegestaan.  \u00a0-Stuur het Origineel recept per post naar: Food4animals, Zwanenveld 6, 6852LX, Huissen, Nederland  \u00a0-Bestel per mail (info@food4animals.nl) wat u nodig heeft, wij zorgen dat het op voorraad is als het opgehaald wordt.  \u00a0-U ontvangt bericht als uw bestelling klaar staat voor afhalen.  \u00a0Dus zonder\u00a0recept\u00a0geen levering Download voorbeeld Recept Paard\" \/>\n<meta property=\"og:url\" content=\"https:\/\/www.food4animals.nl\/de\/produkt\/strongid-p-pasta-reg-nl-ura\/\" \/>\n<meta property=\"og:site_name\" content=\"Food4animals\" \/>\n<meta property=\"article:publisher\" content=\"https:\/\/www.facebook.com\/p\/Food4animals-100063861676074\/\" \/>\n<meta property=\"article:modified_time\" content=\"2026-04-10T00:44:43+00:00\" \/>\n<meta property=\"og:image\" content=\"https:\/\/www.food4animals.nl\/wp-content\/uploads\/2023\/12\/Strongid-P-pasta.jpg\" \/>\n\t<meta property=\"og:image:width\" content=\"1024\" \/>\n\t<meta property=\"og:image:height\" content=\"1098\" \/>\n\t<meta property=\"og:image:type\" content=\"image\/jpeg\" \/>\n<meta name=\"twitter:card\" content=\"summary_large_image\" \/>\n<meta name=\"twitter:site\" content=\"@food4animals\" \/>\n<meta name=\"twitter:label1\" content=\"Gesch\u00e4tzte Lesezeit\" \/>\n\t<meta name=\"twitter:data1\" content=\"2\u00a0Minuten\" \/>\n<script type=\"application\/ld+json\" class=\"yoast-schema-graph\">{\"@context\":\"https:\/\/schema.org\",\"@graph\":[{\"@type\":\"WebPage\",\"@id\":\"https:\/\/www.food4animals.nl\/product\/strongid-p-pasta-reg-nl-ura\/\",\"url\":\"https:\/\/www.food4animals.nl\/product\/strongid-p-pasta-reg-nl-ura\/\",\"name\":\"Strongid-P pasta REG NL URA - Food4animals\",\"isPartOf\":{\"@id\":\"https:\/\/www.food4animals.nl\/en\/#website\"},\"primaryImageOfPage\":{\"@id\":\"https:\/\/www.food4animals.nl\/product\/strongid-p-pasta-reg-nl-ura\/#primaryimage\"},\"image\":{\"@id\":\"https:\/\/www.food4animals.nl\/product\/strongid-p-pasta-reg-nl-ura\/#primaryimage\"},\"thumbnailUrl\":\"https:\/\/www.food4animals.nl\/wp-content\/uploads\/2023\/12\/Strongid-P-pasta.jpg\",\"datePublished\":\"2023-12-14T18:20:42+00:00\",\"dateModified\":\"2026-04-10T00:44:43+00:00\",\"breadcrumb\":{\"@id\":\"https:\/\/www.food4animals.nl\/product\/strongid-p-pasta-reg-nl-ura\/#breadcrumb\"},\"inLanguage\":\"de\",\"potentialAction\":[{\"@type\":\"ReadAction\",\"target\":[\"https:\/\/www.food4animals.nl\/product\/strongid-p-pasta-reg-nl-ura\/\"]}]},{\"@type\":\"ImageObject\",\"inLanguage\":\"de\",\"@id\":\"https:\/\/www.food4animals.nl\/product\/strongid-p-pasta-reg-nl-ura\/#primaryimage\",\"url\":\"https:\/\/www.food4animals.nl\/wp-content\/uploads\/2023\/12\/Strongid-P-pasta.jpg\",\"contentUrl\":\"https:\/\/www.food4animals.nl\/wp-content\/uploads\/2023\/12\/Strongid-P-pasta.jpg\",\"width\":1024,\"height\":1098,\"caption\":\"Strongid-P pasta Orale pasta ter bestrijding van worminfecties.\"},{\"@type\":\"BreadcrumbList\",\"@id\":\"https:\/\/www.food4animals.nl\/product\/strongid-p-pasta-reg-nl-ura\/#breadcrumb\",\"itemListElement\":[{\"@type\":\"ListItem\",\"position\":1,\"name\":\"Home\",\"item\":\"https:\/\/www.food4animals.nl\/\"},{\"@type\":\"ListItem\",\"position\":2,\"name\":\"Winkel\",\"item\":\"https:\/\/www.food4animals.nl\/winkel\/\"},{\"@type\":\"ListItem\",\"position\":3,\"name\":\"Strongid-P pasta REG NL URA\"}]},{\"@type\":\"WebSite\",\"@id\":\"https:\/\/www.food4animals.nl\/en\/#website\",\"url\":\"https:\/\/www.food4animals.nl\/en\/\",\"name\":\"Food4animals\",\"description\":\"Alles voor Ruiter en Dier\",\"publisher\":{\"@id\":\"https:\/\/www.food4animals.nl\/en\/#organization\"},\"potentialAction\":[{\"@type\":\"SearchAction\",\"target\":{\"@type\":\"EntryPoint\",\"urlTemplate\":\"https:\/\/www.food4animals.nl\/en\/?s={search_term_string}\"},\"query-input\":{\"@type\":\"PropertyValueSpecification\",\"valueRequired\":true,\"valueName\":\"search_term_string\"}}],\"inLanguage\":\"de\"},{\"@type\":\"Organization\",\"@id\":\"https:\/\/www.food4animals.nl\/en\/#organization\",\"name\":\"Food4animals\",\"url\":\"https:\/\/www.food4animals.nl\/en\/\",\"logo\":{\"@type\":\"ImageObject\",\"inLanguage\":\"de\",\"@id\":\"https:\/\/www.food4animals.nl\/en\/#\/schema\/logo\/image\/\",\"url\":\"https:\/\/www.food4animals.nl\/wp-content\/uploads\/2023\/10\/Logo.svg\",\"contentUrl\":\"https:\/\/www.food4animals.nl\/wp-content\/uploads\/2023\/10\/Logo.svg\",\"width\":1,\"height\":1,\"caption\":\"Food4animals\"},\"image\":{\"@id\":\"https:\/\/www.food4animals.nl\/en\/#\/schema\/logo\/image\/\"},\"sameAs\":[\"https:\/\/www.facebook.com\/p\/Food4animals-100063861676074\/\",\"https:\/\/x.com\/food4animals\"]}]}<\/script>\n<!-- \/ Yoast SEO plugin. -->","yoast_head_json":{"title":"Strongid-P Paste REG DE URA - Food4animals","robots":{"index":"index","follow":"follow","max-snippet":"max-snippet:-1","max-image-preview":"max-image-preview:large","max-video-preview":"max-video-preview:-1"},"canonical":"https:\/\/www.food4animals.nl\/de\/produkt\/strongid-p-pasta-reg-nl-ura\/","og_locale":"de_DE","og_type":"article","og_title":"Strongid-P pasta REG NL URA - Food4animals","og_description":"Orale pasta ter bestrijding van worminfecties. Procedure Wormmiddelen \u201cURA middelen\u201d \u00a0-Alleen verkrijgbaar op origineel recept met \u201cnatte\u201d handtekening  \u00a0-Gescande recepten zijn niet toegestaan.  \u00a0-Stuur het Origineel recept per post naar: Food4animals, Zwanenveld 6, 6852LX, Huissen, Nederland  \u00a0-Bestel per mail (info@food4animals.nl) wat u nodig heeft, wij zorgen dat het op voorraad is als het opgehaald wordt.  \u00a0-U ontvangt bericht als uw bestelling klaar staat voor afhalen.  \u00a0Dus zonder\u00a0recept\u00a0geen levering Download voorbeeld Recept Paard","og_url":"https:\/\/www.food4animals.nl\/de\/produkt\/strongid-p-pasta-reg-nl-ura\/","og_site_name":"Food4animals","article_publisher":"https:\/\/www.facebook.com\/p\/Food4animals-100063861676074\/","article_modified_time":"2026-04-10T00:44:43+00:00","og_image":[{"width":1024,"height":1098,"url":"https:\/\/www.food4animals.nl\/wp-content\/uploads\/2023\/12\/Strongid-P-pasta.jpg","type":"image\/jpeg"}],"twitter_card":"summary_large_image","twitter_site":"@food4animals","twitter_misc":{"Gesch\u00e4tzte Lesezeit":"2\u00a0Minuten"},"schema":{"@context":"https:\/\/schema.org","@graph":[{"@type":"WebPage","@id":"https:\/\/www.food4animals.nl\/product\/strongid-p-pasta-reg-nl-ura\/","url":"https:\/\/www.food4animals.nl\/product\/strongid-p-pasta-reg-nl-ura\/","name":"Strongid-P Paste REG DE URA - Food4animals","isPartOf":{"@id":"https:\/\/www.food4animals.nl\/en\/#website"},"primaryImageOfPage":{"@id":"https:\/\/www.food4animals.nl\/product\/strongid-p-pasta-reg-nl-ura\/#primaryimage"},"image":{"@id":"https:\/\/www.food4animals.nl\/product\/strongid-p-pasta-reg-nl-ura\/#primaryimage"},"thumbnailUrl":"https:\/\/www.food4animals.nl\/wp-content\/uploads\/2023\/12\/Strongid-P-pasta.jpg","datePublished":"2023-12-14T18:20:42+00:00","dateModified":"2026-04-10T00:44:43+00:00","breadcrumb":{"@id":"https:\/\/www.food4animals.nl\/product\/strongid-p-pasta-reg-nl-ura\/#breadcrumb"},"inLanguage":"de","potentialAction":[{"@type":"ReadAction","target":["https:\/\/www.food4animals.nl\/product\/strongid-p-pasta-reg-nl-ura\/"]}]},{"@type":"ImageObject","inLanguage":"de","@id":"https:\/\/www.food4animals.nl\/product\/strongid-p-pasta-reg-nl-ura\/#primaryimage","url":"https:\/\/www.food4animals.nl\/wp-content\/uploads\/2023\/12\/Strongid-P-pasta.jpg","contentUrl":"https:\/\/www.food4animals.nl\/wp-content\/uploads\/2023\/12\/Strongid-P-pasta.jpg","width":1024,"height":1098,"caption":"Strongid-P pasta Orale pasta ter bestrijding van worminfecties."},{"@type":"BreadcrumbList","@id":"https:\/\/www.food4animals.nl\/product\/strongid-p-pasta-reg-nl-ura\/#breadcrumb","itemListElement":[{"@type":"ListItem","position":1,"name":"Home","item":"https:\/\/www.food4animals.nl\/"},{"@type":"ListItem","position":2,"name":"Winkel","item":"https:\/\/www.food4animals.nl\/winkel\/"},{"@type":"ListItem","position":3,"name":"Strongid-P pasta REG NL URA"}]},{"@type":"WebSite","@id":"https:\/\/www.food4animals.nl\/en\/#website","url":"https:\/\/www.food4animals.nl\/en\/","name":"Lebensmittel4Tiere","description":"Alles f\u00fcr Reiter und Tier","publisher":{"@id":"https:\/\/www.food4animals.nl\/en\/#organization"},"potentialAction":[{"@type":"SearchAction","target":{"@type":"EntryPoint","urlTemplate":"https:\/\/www.food4animals.nl\/en\/?s={search_term_string}"},"query-input":{"@type":"PropertyValueSpecification","valueRequired":true,"valueName":"search_term_string"}}],"inLanguage":"de"},{"@type":"Organization","@id":"https:\/\/www.food4animals.nl\/en\/#organization","name":"Lebensmittel4Tiere","url":"https:\/\/www.food4animals.nl\/en\/","logo":{"@type":"ImageObject","inLanguage":"de","@id":"https:\/\/www.food4animals.nl\/en\/#\/schema\/logo\/image\/","url":"https:\/\/www.food4animals.nl\/wp-content\/uploads\/2023\/10\/Logo.svg","contentUrl":"https:\/\/www.food4animals.nl\/wp-content\/uploads\/2023\/10\/Logo.svg","width":1,"height":1,"caption":"Food4animals"},"image":{"@id":"https:\/\/www.food4animals.nl\/en\/#\/schema\/logo\/image\/"},"sameAs":["https:\/\/www.facebook.com\/p\/Food4animals-100063861676074\/","https:\/\/x.com\/food4animals"]}]}},"_links":{"self":[{"href":"https:\/\/www.food4animals.nl\/de\/wp-json\/wp\/v2\/product\/15840","targetHints":{"allow":["GET"]}}],"collection":[{"href":"https:\/\/www.food4animals.nl\/de\/wp-json\/wp\/v2\/product"}],"about":[{"href":"https:\/\/www.food4animals.nl\/de\/wp-json\/wp\/v2\/types\/product"}],"wp:featuredmedia":[{"embeddable":true,"href":"https:\/\/www.food4animals.nl\/de\/wp-json\/wp\/v2\/media\/29914"}],"wp:attachment":[{"href":"https:\/\/www.food4animals.nl\/de\/wp-json\/wp\/v2\/media?parent=15840"}],"wp:term":[{"taxonomy":"product_brand","embeddable":true,"href":"https:\/\/www.food4animals.nl\/de\/wp-json\/wp\/v2\/product_brand?post=15840"},{"taxonomy":"product_cat","embeddable":true,"href":"https:\/\/www.food4animals.nl\/de\/wp-json\/wp\/v2\/product_cat?post=15840"},{"taxonomy":"product_tag","embeddable":true,"href":"https:\/\/www.food4animals.nl\/de\/wp-json\/wp\/v2\/product_tag?post=15840"}],"curies":[{"name":"wp","href":"https:\/\/api.w.org\/{rel}","templated":true}]}}