{"id":15850,"date":"2023-12-14T18:22:02","date_gmt":"2023-12-14T18:22:02","guid":{"rendered":"https:\/\/food4animals.nl\/product\/superon-tabletten\/"},"modified":"2026-04-30T01:34:56","modified_gmt":"2026-04-30T00:34:56","slug":"superon-tabletten","status":"publish","type":"product","link":"https:\/\/www.food4animals.nl\/de\/produkt\/superon-tabletten\/","title":{"rendered":"Superon-Tabletten"},"content":{"rendered":"<p><span style=\"font-size: 10pt;\">Superon ist ein registriertes Tauch- und Spr\u00fchmittel, das speziell f\u00fcr die Desinfektion von Zitzen unmittelbar nach dem Melken entwickelt wurde. Mit Superon k\u00f6nnen Sie sowohl tauchen als auch spr\u00fchen. Das Produkt ist in seiner Art einzigartig, da es in den Zitzenkanal eindringt. Dadurch wird das Risiko von Infektionen erheblich reduziert. Superon ist <strong>besonders geeignet f\u00fcr den Einsatz in Melkrobotern* und Spr\u00fchger\u00e4ten<\/strong>Das macht es zu einer effizienten und einfachen Methode, Zitzen zu desinfizieren.<\/p>\n<p><strong>*Passend f\u00fcr folgende Melkroboter: <\/strong>DeLaval, Lely, Fullwood und GEA.<br \/><\/span><\/p>\n<p><span style=\"font-size: 10pt;\">Mit einer Dosierung von 1 Superon-Tablette pro Liter Leitungswasser ist Superon einfach zu dosieren. Eine Packung mit 100 Tabletten reicht f\u00fcr 100 Liter Wasser zum Tauchen und Spr\u00fchen. Jede Tablette enth\u00e4lt 2,5 Gramm verarbeitetes Natriumdichlorisocyanurat (NaDCC), einen Wirkstoff, der sanft zur Haut ist, aber hart gegen Verunreinigungen. Dadurch kann Superon wirksam zur Zitzendesinfektion eingesetzt werden. Superon ist PH-neutral und daher schonend f\u00fcr die Zitzenhaut.<\/span><\/p>\n<p><span style=\"font-size: 10pt;\">Superon ist als Dip- und Spr\u00fchprodukt registriert und kann in jedem Milchviehbetrieb eingesetzt werden. Dies macht das Produkt f\u00fcr Milchviehhalter unterschiedlicher Gr\u00f6\u00dfe und Professionalit\u00e4t zug\u00e4nglich. Wenn Sie ein hochwertiges Dipp- und Spr\u00fchprodukt f\u00fcr Ihren Milchviehbetrieb suchen, ist Superon eine ausgezeichnete Wahl.<\/p>\n<p><strong>Dosierung:<\/strong><br \/>1 Superon-Tablette auf 1 Liter Leitungswasser.<br \/>\u00a0<br \/><strong>Inhalt:<\/strong><br \/>100 Tabletten sind ausreichend f\u00fcr 100 Liter Dip \/ Spray.<br \/>\u00a0<br \/><strong>Zusammensetzung:<\/strong><br \/>Jede Tablette enth\u00e4lt 2,5 Gramm verarbeitetes Natriumdichlorisocyanurat (NaDCC).<br \/>\u00a0<br \/><strong>Technischer Aspekt:<\/strong><br \/>Der in Superon enthaltene Wirkstoff ist sanft zur Haut, aber hart gegen Schadstoffe.<br \/>\u00a0<br \/><strong>Anmeldung:<\/strong><br \/>Registriertes Dip\/Spray, das in jedem Milchviehbetrieb eingesetzt werden kann.<br \/>\u00a0<br \/><strong>Anmerkung:<\/strong><br \/>Au\u00dferhalb der Reichweite von Kindern aufbewahren. Von direkter Sonneneinstrahlung fernhalten. Bei Frost die K\u00fche drinnen halten, bis die Zitzen vollst\u00e4ndig trocken sind.<br \/>\u00a0<br \/><strong>Eintritt:<\/strong><br \/>Zulassungsnummer: <a href=\"https:\/\/toelatingen.ctgb.nl\/toelating\/?id=12415&#038;category=Biocide\" target=\"_blank\" rel=\"noopener\">13569 N<br \/><\/a>Verwenden Sie Superon sicher. Vor Gebrauch stets Kennzeichnung und Produktinformation lesen! F\u00fcr Anwendung und Gebrauch, siehe die <a href=\"https:\/\/ctgb-prd.s3.eu-central-1.amazonaws.com\/4a143b050653feb738bd42aea0aa925c_20201391_13569+P+WGGA.pdf\" target=\"_blank\" rel=\"noopener\">gesetzliche Gebrauchsanweisung\/Benutzerhandbuch<\/a>.\u00a0<\/p>\n<p><\/span><span style=\"font-size: 10pt;\"><strong>Benutzererfahrung:<\/strong><br \/><\/span><br \/><span style=\"color: #000000; font-size: 10pt;\"><img loading=\"lazy\" decoding=\"async\" src=\"\/imagestream\/stream\/31162\/540\/443\/SUPE00278.jpg\" width=\"540\" height=\"443\" \/><\/span><br \/><span style=\"font-size: 10pt;\">\u00a0<\/span><br \/><span style=\"font-size: 10pt;\"><strong>Jaap Hartman vom Milchviehbetrieb Hartman in Toldijk hat 150 K\u00fche und sagt, dass er in der Vergangenheit verschiedene Dip-Sprays verwendet hat. \"Blau gef\u00e4rbt, auf Jodbasis oder und und. Bei unserer Arbeitsweise passt offenbar nicht jedes Mittel.\"<\/strong><\/span><br \/><span style=\"font-size: 10pt;\">\u00a0<\/span><br \/><span style=\"font-size: 10pt;\">\"Wir arbeiten mit einem Spr\u00fchsystem\", erkl\u00e4rt Jaap. \"In einem speziellen Beh\u00e4lter spr\u00fchen wir eine ganze Woche lang. Vor allem mit den Jodmitteln gab es einige Probleme, weil sie den Motor und die Leitungen unseres Spr\u00fchsystems angriffen. Mit Superon ist die Dosierung einfach, weil wir einfach 1 Tablette pro Liter Wasser aufl\u00f6sen. Das Sch\u00f6ne daran ist, dass es sch\u00f6n stabil bleibt und sich daher nicht absetzt. Und seitdem hatten wir keine technischen Probleme mehr.\"<\/span><br \/><span style=\"font-size: 10pt;\">\u00a0<\/span><br \/><span style=\"font-size: 10pt;\"><strong>\"Vielseitig\"<\/strong><\/span><br \/><span style=\"font-size: 10pt;\">Dass man mit Superon tauchen und spr\u00fchen kann, ist allgemein bekannt, aber es hat noch viel mehr Einsatzm\u00f6glichkeiten. \"Wenn wir mit einer erh\u00f6hten somatischen Zellzahl konfrontiert sind, reinigen wir auch die Melkanlagen damit. Seit wir Superon verwenden, haben wir festgestellt, dass die Zahl der somatischen Zellen gesunken ist. Das ist etwas, woran wir aktiv gearbeitet haben. Zus\u00e4tzlich zu dieser Umstellung haben wir eine Reihe von Anpassungen vorgenommen, und es ist sch\u00f6n zu sehen, dass wir diesen R\u00fcckgang erreicht haben.\"<\/span><br \/><span style=\"font-size: 10pt;\">\u00a0<\/span><br \/><span style=\"font-size: 10pt;\"><strong>\"Es ist sch\u00f6n, dass es so preiswert ist.\"<\/strong><\/span><br \/><span style=\"font-size: 10pt;\">\"In der Vergangenheit haben wir viel Geld f\u00fcr Dip-Sprays ausgegeben. Urspr\u00fcnglich wollten wir Superon nur im Winter einsetzen. Jetzt haben wir uns daf\u00fcr entschieden, es ohnehin das ganze Jahr \u00fcber zu verwenden. Besonders bei der <a href=\"nl\/product\/1540\/6171\/rund\/uierverzorging\/speen-en-huidverzorging\/maxi-tepellotion\">Maxi Brustwarzenlotion<\/a> die wir verwenden, haben wir sch\u00f6ne, gepflegte Zitzen. Wir haben nachgerechnet. Fr\u00fcher haben wir zwischen 60 und 65 \u20ac f\u00fcr einen 20-Liter-Kanister bezahlt, also etwa 3 \u20ac pro Liter Dipspray. Mit Superon sind wir bei weniger als 0,90 \u20ac pro Liter. Etwas hinzuf\u00fcgen <a href=\"nl\/product\/1540\/6171\/rund\/uierverzorging\/speen-en-huidverzorging\/maxi-tepellotion\">Maxi Brustwarzenlotion<\/a> und wir haben mit jedem Liter einen anst\u00e4ndigen Gewinn gemacht! \"<\/span><\/p>\n<p><span style=\"font-size: 10pt;\"><img loading=\"lazy\" decoding=\"async\" src=\"\/imagestream\/stream\/11497\/100\/131\/supe0027+2.jpg\" width=\"100\" height=\"131\" \/>\u00a0<img loading=\"lazy\" decoding=\"async\" src=\"\/imagestream\/stream\/11498\/105\/132\/supe0027+4.jpg\" width=\"105\" height=\"132\" \/>\u00a0<img loading=\"lazy\" decoding=\"async\" src=\"\/imagestream\/stream\/11499\/105\/133\/supe0027+5.jpg\" width=\"105\" height=\"133\" \/>\u00a0<img loading=\"lazy\" decoding=\"async\" src=\"\/imagestream\/stream\/11500\/105\/131\/supe0027+6.jpg\" width=\"105\" height=\"131\" \/>\u00a0<img loading=\"lazy\" decoding=\"async\" src=\"\/imagestream\/stream\/11501\/105\/132\/supe0027+7.jpg\" width=\"105\" height=\"132\" \/><\/span><br \/><span style=\"font-size: 10pt;\">\u00a0<\/span><\/p>","protected":false},"excerpt":{"rendered":"<p>Zur Desinfektion der Zitzen unmittelbar nach dem Melken.<\/p>","protected":false},"featured_media":41578,"template":"","meta":{"_acf_changed":false},"product_brand":[],"product_cat":[834,835],"product_tag":[1723,883,814,1194],"class_list":{"0":"post-15850","1":"product","2":"type-product","3":"status-publish","4":"has-post-thumbnail","6":"product_cat-rund","7":"product_cat-uierverzorging","8":"product_tag-dippen-en-sprayen","9":"product_tag-excellent","10":"product_tag-rund","11":"product_tag-voorjaarsknaller","12":"tax_brand-holland-animal-care","14":"first","15":"instock","16":"taxable","17":"shipping-taxable","18":"purchasable","19":"product-type-simple"},"acf":[],"yoast_head":"<!-- This site is optimized with the Yoast SEO plugin v27.4 - https:\/\/yoast.com\/product\/yoast-seo-wordpress\/ -->\n<title>Superon tabletten - Food4animals<\/title>\n<meta name=\"robots\" content=\"index, follow, max-snippet:-1, max-image-preview:large, max-video-preview:-1\" \/>\n<link rel=\"canonical\" href=\"https:\/\/www.food4animals.nl\/de\/produkt\/superon-tabletten\/\" \/>\n<meta property=\"og:locale\" content=\"de_DE\" \/>\n<meta property=\"og:type\" content=\"article\" \/>\n<meta property=\"og:title\" content=\"Superon tabletten - Food4animals\" \/>\n<meta property=\"og:description\" content=\"Ter desinfectie van spenen direct na het melken.\" \/>\n<meta property=\"og:url\" content=\"https:\/\/www.food4animals.nl\/de\/produkt\/superon-tabletten\/\" \/>\n<meta property=\"og:site_name\" content=\"Food4animals\" \/>\n<meta property=\"article:publisher\" content=\"https:\/\/www.facebook.com\/p\/Food4animals-100063861676074\/\" \/>\n<meta property=\"article:modified_time\" content=\"2026-04-30T00:34:56+00:00\" \/>\n<meta property=\"og:image\" content=\"https:\/\/www.food4animals.nl\/wp-content\/uploads\/2025\/11\/SUPE0027.png\" \/>\n\t<meta property=\"og:image:width\" content=\"1024\" \/>\n\t<meta property=\"og:image:height\" content=\"1024\" \/>\n\t<meta property=\"og:image:type\" content=\"image\/png\" \/>\n<meta name=\"twitter:card\" content=\"summary_large_image\" \/>\n<meta name=\"twitter:site\" content=\"@food4animals\" \/>\n<meta name=\"twitter:label1\" content=\"Gesch\u00e4tzte Lesezeit\" \/>\n\t<meta name=\"twitter:data1\" content=\"3\u00a0Minuten\" \/>\n<script type=\"application\/ld+json\" class=\"yoast-schema-graph\">{\"@context\":\"https:\\\/\\\/schema.org\",\"@graph\":[{\"@type\":\"WebPage\",\"@id\":\"https:\\\/\\\/www.food4animals.nl\\\/product\\\/superon-tabletten\\\/\",\"url\":\"https:\\\/\\\/www.food4animals.nl\\\/product\\\/superon-tabletten\\\/\",\"name\":\"Superon tabletten - Food4animals\",\"isPartOf\":{\"@id\":\"https:\\\/\\\/www.food4animals.nl\\\/en\\\/#website\"},\"primaryImageOfPage\":{\"@id\":\"https:\\\/\\\/www.food4animals.nl\\\/product\\\/superon-tabletten\\\/#primaryimage\"},\"image\":{\"@id\":\"https:\\\/\\\/www.food4animals.nl\\\/product\\\/superon-tabletten\\\/#primaryimage\"},\"thumbnailUrl\":\"https:\\\/\\\/www.food4animals.nl\\\/wp-content\\\/uploads\\\/2025\\\/11\\\/SUPE0027.png\",\"datePublished\":\"2023-12-14T18:22:02+00:00\",\"dateModified\":\"2026-04-30T00:34:56+00:00\",\"breadcrumb\":{\"@id\":\"https:\\\/\\\/www.food4animals.nl\\\/product\\\/superon-tabletten\\\/#breadcrumb\"},\"inLanguage\":\"de\",\"potentialAction\":[{\"@type\":\"ReadAction\",\"target\":[\"https:\\\/\\\/www.food4animals.nl\\\/product\\\/superon-tabletten\\\/\"]}]},{\"@type\":\"ImageObject\",\"inLanguage\":\"de\",\"@id\":\"https:\\\/\\\/www.food4animals.nl\\\/product\\\/superon-tabletten\\\/#primaryimage\",\"url\":\"https:\\\/\\\/www.food4animals.nl\\\/wp-content\\\/uploads\\\/2025\\\/11\\\/SUPE0027.png\",\"contentUrl\":\"https:\\\/\\\/www.food4animals.nl\\\/wp-content\\\/uploads\\\/2025\\\/11\\\/SUPE0027.png\",\"width\":1024,\"height\":1024},{\"@type\":\"BreadcrumbList\",\"@id\":\"https:\\\/\\\/www.food4animals.nl\\\/product\\\/superon-tabletten\\\/#breadcrumb\",\"itemListElement\":[{\"@type\":\"ListItem\",\"position\":1,\"name\":\"Home\",\"item\":\"https:\\\/\\\/www.food4animals.nl\\\/\"},{\"@type\":\"ListItem\",\"position\":2,\"name\":\"Winkel\",\"item\":\"https:\\\/\\\/www.food4animals.nl\\\/winkel\\\/\"},{\"@type\":\"ListItem\",\"position\":3,\"name\":\"Superon tabletten\"}]},{\"@type\":\"WebSite\",\"@id\":\"https:\\\/\\\/www.food4animals.nl\\\/en\\\/#website\",\"url\":\"https:\\\/\\\/www.food4animals.nl\\\/en\\\/\",\"name\":\"Food4animals\",\"description\":\"Alles voor Ruiter en Dier\",\"publisher\":{\"@id\":\"https:\\\/\\\/www.food4animals.nl\\\/en\\\/#organization\"},\"potentialAction\":[{\"@type\":\"SearchAction\",\"target\":{\"@type\":\"EntryPoint\",\"urlTemplate\":\"https:\\\/\\\/www.food4animals.nl\\\/en\\\/?s={search_term_string}\"},\"query-input\":{\"@type\":\"PropertyValueSpecification\",\"valueRequired\":true,\"valueName\":\"search_term_string\"}}],\"inLanguage\":\"de\"},{\"@type\":\"Organization\",\"@id\":\"https:\\\/\\\/www.food4animals.nl\\\/en\\\/#organization\",\"name\":\"Food4animals\",\"url\":\"https:\\\/\\\/www.food4animals.nl\\\/en\\\/\",\"logo\":{\"@type\":\"ImageObject\",\"inLanguage\":\"de\",\"@id\":\"https:\\\/\\\/www.food4animals.nl\\\/en\\\/#\\\/schema\\\/logo\\\/image\\\/\",\"url\":\"https:\\\/\\\/www.food4animals.nl\\\/wp-content\\\/uploads\\\/2023\\\/10\\\/Logo.svg\",\"contentUrl\":\"https:\\\/\\\/www.food4animals.nl\\\/wp-content\\\/uploads\\\/2023\\\/10\\\/Logo.svg\",\"width\":1,\"height\":1,\"caption\":\"Food4animals\"},\"image\":{\"@id\":\"https:\\\/\\\/www.food4animals.nl\\\/en\\\/#\\\/schema\\\/logo\\\/image\\\/\"},\"sameAs\":[\"https:\\\/\\\/www.facebook.com\\\/p\\\/Food4animals-100063861676074\\\/\",\"https:\\\/\\\/x.com\\\/food4animals\"]}]}<\/script>\n<!-- \/ Yoast SEO plugin. -->","yoast_head_json":{"title":"Superon Tabletten - Food4animals","robots":{"index":"index","follow":"follow","max-snippet":"max-snippet:-1","max-image-preview":"max-image-preview:large","max-video-preview":"max-video-preview:-1"},"canonical":"https:\/\/www.food4animals.nl\/de\/produkt\/superon-tabletten\/","og_locale":"de_DE","og_type":"article","og_title":"Superon tabletten - Food4animals","og_description":"Ter desinfectie van spenen direct na het melken.","og_url":"https:\/\/www.food4animals.nl\/de\/produkt\/superon-tabletten\/","og_site_name":"Food4animals","article_publisher":"https:\/\/www.facebook.com\/p\/Food4animals-100063861676074\/","article_modified_time":"2026-04-30T00:34:56+00:00","og_image":[{"width":1024,"height":1024,"url":"https:\/\/www.food4animals.nl\/wp-content\/uploads\/2025\/11\/SUPE0027.png","type":"image\/png"}],"twitter_card":"summary_large_image","twitter_site":"@food4animals","twitter_misc":{"Gesch\u00e4tzte Lesezeit":"3\u00a0Minuten"},"schema":{"@context":"https:\/\/schema.org","@graph":[{"@type":"WebPage","@id":"https:\/\/www.food4animals.nl\/product\/superon-tabletten\/","url":"https:\/\/www.food4animals.nl\/product\/superon-tabletten\/","name":"Superon Tabletten - Food4animals","isPartOf":{"@id":"https:\/\/www.food4animals.nl\/en\/#website"},"primaryImageOfPage":{"@id":"https:\/\/www.food4animals.nl\/product\/superon-tabletten\/#primaryimage"},"image":{"@id":"https:\/\/www.food4animals.nl\/product\/superon-tabletten\/#primaryimage"},"thumbnailUrl":"https:\/\/www.food4animals.nl\/wp-content\/uploads\/2025\/11\/SUPE0027.png","datePublished":"2023-12-14T18:22:02+00:00","dateModified":"2026-04-30T00:34:56+00:00","breadcrumb":{"@id":"https:\/\/www.food4animals.nl\/product\/superon-tabletten\/#breadcrumb"},"inLanguage":"de","potentialAction":[{"@type":"ReadAction","target":["https:\/\/www.food4animals.nl\/product\/superon-tabletten\/"]}]},{"@type":"ImageObject","inLanguage":"de","@id":"https:\/\/www.food4animals.nl\/product\/superon-tabletten\/#primaryimage","url":"https:\/\/www.food4animals.nl\/wp-content\/uploads\/2025\/11\/SUPE0027.png","contentUrl":"https:\/\/www.food4animals.nl\/wp-content\/uploads\/2025\/11\/SUPE0027.png","width":1024,"height":1024},{"@type":"BreadcrumbList","@id":"https:\/\/www.food4animals.nl\/product\/superon-tabletten\/#breadcrumb","itemListElement":[{"@type":"ListItem","position":1,"name":"Home","item":"https:\/\/www.food4animals.nl\/"},{"@type":"ListItem","position":2,"name":"Winkel","item":"https:\/\/www.food4animals.nl\/winkel\/"},{"@type":"ListItem","position":3,"name":"Superon tabletten"}]},{"@type":"WebSite","@id":"https:\/\/www.food4animals.nl\/en\/#website","url":"https:\/\/www.food4animals.nl\/en\/","name":"Lebensmittel4Tiere","description":"Alles f\u00fcr Reiter und Tier","publisher":{"@id":"https:\/\/www.food4animals.nl\/en\/#organization"},"potentialAction":[{"@type":"SearchAction","target":{"@type":"EntryPoint","urlTemplate":"https:\/\/www.food4animals.nl\/en\/?s={search_term_string}"},"query-input":{"@type":"PropertyValueSpecification","valueRequired":true,"valueName":"search_term_string"}}],"inLanguage":"de"},{"@type":"Organization","@id":"https:\/\/www.food4animals.nl\/en\/#organization","name":"Lebensmittel4Tiere","url":"https:\/\/www.food4animals.nl\/en\/","logo":{"@type":"ImageObject","inLanguage":"de","@id":"https:\/\/www.food4animals.nl\/en\/#\/schema\/logo\/image\/","url":"https:\/\/www.food4animals.nl\/wp-content\/uploads\/2023\/10\/Logo.svg","contentUrl":"https:\/\/www.food4animals.nl\/wp-content\/uploads\/2023\/10\/Logo.svg","width":1,"height":1,"caption":"Food4animals"},"image":{"@id":"https:\/\/www.food4animals.nl\/en\/#\/schema\/logo\/image\/"},"sameAs":["https:\/\/www.facebook.com\/p\/Food4animals-100063861676074\/","https:\/\/x.com\/food4animals"]}]}},"_links":{"self":[{"href":"https:\/\/www.food4animals.nl\/de\/wp-json\/wp\/v2\/product\/15850","targetHints":{"allow":["GET"]}}],"collection":[{"href":"https:\/\/www.food4animals.nl\/de\/wp-json\/wp\/v2\/product"}],"about":[{"href":"https:\/\/www.food4animals.nl\/de\/wp-json\/wp\/v2\/types\/product"}],"wp:featuredmedia":[{"embeddable":true,"href":"https:\/\/www.food4animals.nl\/de\/wp-json\/wp\/v2\/media\/41578"}],"wp:attachment":[{"href":"https:\/\/www.food4animals.nl\/de\/wp-json\/wp\/v2\/media?parent=15850"}],"wp:term":[{"taxonomy":"product_brand","embeddable":true,"href":"https:\/\/www.food4animals.nl\/de\/wp-json\/wp\/v2\/product_brand?post=15850"},{"taxonomy":"product_cat","embeddable":true,"href":"https:\/\/www.food4animals.nl\/de\/wp-json\/wp\/v2\/product_cat?post=15850"},{"taxonomy":"product_tag","embeddable":true,"href":"https:\/\/www.food4animals.nl\/de\/wp-json\/wp\/v2\/product_tag?post=15850"}],"curies":[{"name":"wp","href":"https:\/\/api.w.org\/{rel}","templated":true}]}}