{"id":16127,"date":"2023-12-14T19:30:01","date_gmt":"2023-12-14T19:30:01","guid":{"rendered":"https:\/\/food4animals.nl\/product\/pawise-wire-dog-crate-xxl\/"},"modified":"2026-04-11T01:34:31","modified_gmt":"2026-04-11T00:34:31","slug":"pawise-wire-dog-crate-xxl","status":"publish","type":"product","link":"https:\/\/www.food4animals.nl\/de\/produkt\/pawise-wire-dog-crate-xxl\/","title":{"rendered":"Pawise Wire Dog Crate XXL"},"content":{"rendered":"<p><span style=\"font-size: 10pt;\"><strong>Perfect voor thuis, trainen en reizen<br \/><\/strong>Gemaakt van zeer robuust materiaal en voorzien van een duurzame coating. Staaldraad is extra dicht bij elkaar geplaatst voor extra kracht en om stabiliteit te geven. De deur is voorzien van een handige sluiting die voor u makkelijk te openen is maar voor de hond is het praktisch onmogelijk. Voorzien van een duurzame kunststof (polyethyleen)\u00a0vloer die licht in gewicht is en makkelijk te reinigen.<\/span><\/p>\n<p><span style=\"font-size: 10pt;\">De benches beschikken over een ingang aan de voorkant en de zijkant, m.u.v.\u00a0PAWI12531.<\/span><\/p>\n<p><span style=\"font-size: 10pt;\"><strong>Erh\u00e4ltlich in den folgenden Gr\u00f6\u00dfen<br \/><\/strong>PAWI12531: S &#8211; 62 x 43,5 x 50 cm<\/span><br \/><span style=\"font-size: 10pt;\">PAWI12532: M &#8211; 78 x 48 x 55 cm<\/span><br \/><span style=\"font-size: 10pt;\">PAWI12535: XXL &#8211; 122 x 76 x 84 cm<\/span><\/p>\n<p><span style=\"font-size: 10pt;\">Makkelijk mee te nemen aan het handvat.<\/span><\/p>\n<p><span style=\"color: #ff0000;\"><strong><span style=\"font-size: 10pt;\">Eenvoudig in een paar stappen in elkaar te zetten en weer op te vouwen.<\/span><\/p>\n<img loading=\"lazy\" decoding=\"async\" src=\"\/imagestream\/stream\/19643\/0\/0\/927\/915\/927\/915\/647\/639\/647\/639\/434\/429\/434\/429\/441\/436\/441\/436\/436\/431\/436\/431\/352\/348\/0\/0\/339\/335\/0\/0\/306\/302\/PAWI12531_PAWI12532_PAWI12533_PAWI12534_PAWI125352.jpg\" width=\"306\" height=\"302\" \/><br \/><img loading=\"lazy\" decoding=\"async\" src=\"\/imagestream\/stream\/31026\/550\/735\/PAWI12531_PAWI12532_PAWI12533_PAWI12534_PAWI125353.jpg\" width=\"550\" height=\"735\" \/>\n<p><\/strong><\/span><\/p>","protected":false},"excerpt":{"rendered":"<p>Perfect voor thuis, trainen en reizen.<\/p>","protected":false},"featured_media":40063,"template":"","meta":{"_acf_changed":false},"product_brand":[],"product_cat":[821,929],"product_tag":[1395,823,1018,1287,1089,939],"class_list":{"0":"post-16127","1":"product","2":"type-product","3":"status-publish","4":"has-post-thumbnail","6":"product_cat-hond","7":"product_cat-kussens-en-transport","8":"product_tag-draadkooien","9":"product_tag-hond","10":"product_tag-kennels-en-hokken","11":"product_tag-pawise","12":"product_tag-transport-en-reizen","13":"product_tag-xxl","14":"tax_brand-pawise","16":"first","17":"instock","18":"taxable","19":"shipping-taxable","20":"purchasable","21":"product-type-simple"},"acf":[],"yoast_head":"<!-- This site is optimized with the Yoast SEO plugin v27.2 - https:\/\/yoast.com\/product\/yoast-seo-wordpress\/ -->\n<title>Pawise Wire Dog Crate XXL - Food4animals<\/title>\n<meta name=\"robots\" content=\"index, follow, max-snippet:-1, max-image-preview:large, max-video-preview:-1\" \/>\n<link rel=\"canonical\" href=\"https:\/\/www.food4animals.nl\/de\/produkt\/pawise-wire-dog-crate-xxl\/\" \/>\n<meta property=\"og:locale\" content=\"de_DE\" \/>\n<meta property=\"og:type\" content=\"article\" \/>\n<meta property=\"og:title\" content=\"Pawise Wire Dog Crate XXL - Food4animals\" \/>\n<meta property=\"og:description\" content=\"Perfect voor thuis, trainen en reizen.\" \/>\n<meta property=\"og:url\" content=\"https:\/\/www.food4animals.nl\/de\/produkt\/pawise-wire-dog-crate-xxl\/\" \/>\n<meta property=\"og:site_name\" content=\"Food4animals\" \/>\n<meta property=\"article:publisher\" content=\"https:\/\/www.facebook.com\/p\/Food4animals-100063861676074\/\" \/>\n<meta property=\"article:modified_time\" content=\"2026-04-11T00:34:31+00:00\" \/>\n<meta property=\"og:image\" content=\"https:\/\/www.food4animals.nl\/wp-content\/uploads\/2025\/11\/PAWI12531-PAWI12532-PAWI12533-PAWI12534-PAWI12535-2.jpg\" \/>\n\t<meta property=\"og:image:width\" content=\"1383\" \/>\n\t<meta property=\"og:image:height\" content=\"1365\" \/>\n\t<meta property=\"og:image:type\" content=\"image\/jpeg\" \/>\n<meta name=\"twitter:card\" content=\"summary_large_image\" \/>\n<meta name=\"twitter:site\" content=\"@food4animals\" \/>\n<meta name=\"twitter:label1\" content=\"Gesch\u00e4tzte Lesezeit\" \/>\n\t<meta name=\"twitter:data1\" content=\"1\u00a0Minute\" \/>\n<script type=\"application\/ld+json\" class=\"yoast-schema-graph\">{\"@context\":\"https:\/\/schema.org\",\"@graph\":[{\"@type\":\"WebPage\",\"@id\":\"https:\/\/www.food4animals.nl\/product\/pawise-wire-dog-crate-xxl\/\",\"url\":\"https:\/\/www.food4animals.nl\/product\/pawise-wire-dog-crate-xxl\/\",\"name\":\"Pawise Wire Dog Crate XXL - Food4animals\",\"isPartOf\":{\"@id\":\"https:\/\/www.food4animals.nl\/en\/#website\"},\"primaryImageOfPage\":{\"@id\":\"https:\/\/www.food4animals.nl\/product\/pawise-wire-dog-crate-xxl\/#primaryimage\"},\"image\":{\"@id\":\"https:\/\/www.food4animals.nl\/product\/pawise-wire-dog-crate-xxl\/#primaryimage\"},\"thumbnailUrl\":\"https:\/\/www.food4animals.nl\/wp-content\/uploads\/2025\/11\/PAWI12531-PAWI12532-PAWI12533-PAWI12534-PAWI12535-2.jpg\",\"datePublished\":\"2023-12-14T19:30:01+00:00\",\"dateModified\":\"2026-04-11T00:34:31+00:00\",\"breadcrumb\":{\"@id\":\"https:\/\/www.food4animals.nl\/product\/pawise-wire-dog-crate-xxl\/#breadcrumb\"},\"inLanguage\":\"de\",\"potentialAction\":[{\"@type\":\"ReadAction\",\"target\":[\"https:\/\/www.food4animals.nl\/product\/pawise-wire-dog-crate-xxl\/\"]}]},{\"@type\":\"ImageObject\",\"inLanguage\":\"de\",\"@id\":\"https:\/\/www.food4animals.nl\/product\/pawise-wire-dog-crate-xxl\/#primaryimage\",\"url\":\"https:\/\/www.food4animals.nl\/wp-content\/uploads\/2025\/11\/PAWI12531-PAWI12532-PAWI12533-PAWI12534-PAWI12535-2.jpg\",\"contentUrl\":\"https:\/\/www.food4animals.nl\/wp-content\/uploads\/2025\/11\/PAWI12531-PAWI12532-PAWI12533-PAWI12534-PAWI12535-2.jpg\",\"width\":1383,\"height\":1365},{\"@type\":\"BreadcrumbList\",\"@id\":\"https:\/\/www.food4animals.nl\/product\/pawise-wire-dog-crate-xxl\/#breadcrumb\",\"itemListElement\":[{\"@type\":\"ListItem\",\"position\":1,\"name\":\"Home\",\"item\":\"https:\/\/www.food4animals.nl\/\"},{\"@type\":\"ListItem\",\"position\":2,\"name\":\"Winkel\",\"item\":\"https:\/\/www.food4animals.nl\/winkel\/\"},{\"@type\":\"ListItem\",\"position\":3,\"name\":\"Pawise Wire Dog Crate XXL\"}]},{\"@type\":\"WebSite\",\"@id\":\"https:\/\/www.food4animals.nl\/en\/#website\",\"url\":\"https:\/\/www.food4animals.nl\/en\/\",\"name\":\"Food4animals\",\"description\":\"Alles voor Ruiter en Dier\",\"publisher\":{\"@id\":\"https:\/\/www.food4animals.nl\/en\/#organization\"},\"potentialAction\":[{\"@type\":\"SearchAction\",\"target\":{\"@type\":\"EntryPoint\",\"urlTemplate\":\"https:\/\/www.food4animals.nl\/en\/?s={search_term_string}\"},\"query-input\":{\"@type\":\"PropertyValueSpecification\",\"valueRequired\":true,\"valueName\":\"search_term_string\"}}],\"inLanguage\":\"de\"},{\"@type\":\"Organization\",\"@id\":\"https:\/\/www.food4animals.nl\/en\/#organization\",\"name\":\"Food4animals\",\"url\":\"https:\/\/www.food4animals.nl\/en\/\",\"logo\":{\"@type\":\"ImageObject\",\"inLanguage\":\"de\",\"@id\":\"https:\/\/www.food4animals.nl\/en\/#\/schema\/logo\/image\/\",\"url\":\"https:\/\/www.food4animals.nl\/wp-content\/uploads\/2023\/10\/Logo.svg\",\"contentUrl\":\"https:\/\/www.food4animals.nl\/wp-content\/uploads\/2023\/10\/Logo.svg\",\"width\":1,\"height\":1,\"caption\":\"Food4animals\"},\"image\":{\"@id\":\"https:\/\/www.food4animals.nl\/en\/#\/schema\/logo\/image\/\"},\"sameAs\":[\"https:\/\/www.facebook.com\/p\/Food4animals-100063861676074\/\",\"https:\/\/x.com\/food4animals\"]}]}<\/script>\n<!-- \/ Yoast SEO plugin. -->","yoast_head_json":{"title":"Pawise Wire Dog Crate XXL - Food4animals","robots":{"index":"index","follow":"follow","max-snippet":"max-snippet:-1","max-image-preview":"max-image-preview:large","max-video-preview":"max-video-preview:-1"},"canonical":"https:\/\/www.food4animals.nl\/de\/produkt\/pawise-wire-dog-crate-xxl\/","og_locale":"de_DE","og_type":"article","og_title":"Pawise Wire Dog Crate XXL - Food4animals","og_description":"Perfect voor thuis, trainen en reizen.","og_url":"https:\/\/www.food4animals.nl\/de\/produkt\/pawise-wire-dog-crate-xxl\/","og_site_name":"Food4animals","article_publisher":"https:\/\/www.facebook.com\/p\/Food4animals-100063861676074\/","article_modified_time":"2026-04-11T00:34:31+00:00","og_image":[{"width":1383,"height":1365,"url":"https:\/\/www.food4animals.nl\/wp-content\/uploads\/2025\/11\/PAWI12531-PAWI12532-PAWI12533-PAWI12534-PAWI12535-2.jpg","type":"image\/jpeg"}],"twitter_card":"summary_large_image","twitter_site":"@food4animals","twitter_misc":{"Gesch\u00e4tzte Lesezeit":"1\u00a0Minute"},"schema":{"@context":"https:\/\/schema.org","@graph":[{"@type":"WebPage","@id":"https:\/\/www.food4animals.nl\/product\/pawise-wire-dog-crate-xxl\/","url":"https:\/\/www.food4animals.nl\/product\/pawise-wire-dog-crate-xxl\/","name":"Pawise Wire Dog Crate XXL - Food4animals","isPartOf":{"@id":"https:\/\/www.food4animals.nl\/en\/#website"},"primaryImageOfPage":{"@id":"https:\/\/www.food4animals.nl\/product\/pawise-wire-dog-crate-xxl\/#primaryimage"},"image":{"@id":"https:\/\/www.food4animals.nl\/product\/pawise-wire-dog-crate-xxl\/#primaryimage"},"thumbnailUrl":"https:\/\/www.food4animals.nl\/wp-content\/uploads\/2025\/11\/PAWI12531-PAWI12532-PAWI12533-PAWI12534-PAWI12535-2.jpg","datePublished":"2023-12-14T19:30:01+00:00","dateModified":"2026-04-11T00:34:31+00:00","breadcrumb":{"@id":"https:\/\/www.food4animals.nl\/product\/pawise-wire-dog-crate-xxl\/#breadcrumb"},"inLanguage":"de","potentialAction":[{"@type":"ReadAction","target":["https:\/\/www.food4animals.nl\/product\/pawise-wire-dog-crate-xxl\/"]}]},{"@type":"ImageObject","inLanguage":"de","@id":"https:\/\/www.food4animals.nl\/product\/pawise-wire-dog-crate-xxl\/#primaryimage","url":"https:\/\/www.food4animals.nl\/wp-content\/uploads\/2025\/11\/PAWI12531-PAWI12532-PAWI12533-PAWI12534-PAWI12535-2.jpg","contentUrl":"https:\/\/www.food4animals.nl\/wp-content\/uploads\/2025\/11\/PAWI12531-PAWI12532-PAWI12533-PAWI12534-PAWI12535-2.jpg","width":1383,"height":1365},{"@type":"BreadcrumbList","@id":"https:\/\/www.food4animals.nl\/product\/pawise-wire-dog-crate-xxl\/#breadcrumb","itemListElement":[{"@type":"ListItem","position":1,"name":"Home","item":"https:\/\/www.food4animals.nl\/"},{"@type":"ListItem","position":2,"name":"Winkel","item":"https:\/\/www.food4animals.nl\/winkel\/"},{"@type":"ListItem","position":3,"name":"Pawise Wire Dog Crate XXL"}]},{"@type":"WebSite","@id":"https:\/\/www.food4animals.nl\/en\/#website","url":"https:\/\/www.food4animals.nl\/en\/","name":"Lebensmittel4Tiere","description":"Alles f\u00fcr Reiter und Tier","publisher":{"@id":"https:\/\/www.food4animals.nl\/en\/#organization"},"potentialAction":[{"@type":"SearchAction","target":{"@type":"EntryPoint","urlTemplate":"https:\/\/www.food4animals.nl\/en\/?s={search_term_string}"},"query-input":{"@type":"PropertyValueSpecification","valueRequired":true,"valueName":"search_term_string"}}],"inLanguage":"de"},{"@type":"Organization","@id":"https:\/\/www.food4animals.nl\/en\/#organization","name":"Lebensmittel4Tiere","url":"https:\/\/www.food4animals.nl\/en\/","logo":{"@type":"ImageObject","inLanguage":"de","@id":"https:\/\/www.food4animals.nl\/en\/#\/schema\/logo\/image\/","url":"https:\/\/www.food4animals.nl\/wp-content\/uploads\/2023\/10\/Logo.svg","contentUrl":"https:\/\/www.food4animals.nl\/wp-content\/uploads\/2023\/10\/Logo.svg","width":1,"height":1,"caption":"Food4animals"},"image":{"@id":"https:\/\/www.food4animals.nl\/en\/#\/schema\/logo\/image\/"},"sameAs":["https:\/\/www.facebook.com\/p\/Food4animals-100063861676074\/","https:\/\/x.com\/food4animals"]}]}},"_links":{"self":[{"href":"https:\/\/www.food4animals.nl\/de\/wp-json\/wp\/v2\/product\/16127","targetHints":{"allow":["GET"]}}],"collection":[{"href":"https:\/\/www.food4animals.nl\/de\/wp-json\/wp\/v2\/product"}],"about":[{"href":"https:\/\/www.food4animals.nl\/de\/wp-json\/wp\/v2\/types\/product"}],"wp:featuredmedia":[{"embeddable":true,"href":"https:\/\/www.food4animals.nl\/de\/wp-json\/wp\/v2\/media\/40063"}],"wp:attachment":[{"href":"https:\/\/www.food4animals.nl\/de\/wp-json\/wp\/v2\/media?parent=16127"}],"wp:term":[{"taxonomy":"product_brand","embeddable":true,"href":"https:\/\/www.food4animals.nl\/de\/wp-json\/wp\/v2\/product_brand?post=16127"},{"taxonomy":"product_cat","embeddable":true,"href":"https:\/\/www.food4animals.nl\/de\/wp-json\/wp\/v2\/product_cat?post=16127"},{"taxonomy":"product_tag","embeddable":true,"href":"https:\/\/www.food4animals.nl\/de\/wp-json\/wp\/v2\/product_tag?post=16127"}],"curies":[{"name":"wp","href":"https:\/\/api.w.org\/{rel}","templated":true}]}}