{"id":16142,"date":"2023-12-14T19:32:04","date_gmt":"2023-12-14T19:32:04","guid":{"rendered":"https:\/\/food4animals.nl\/product\/perfacs-houtwormmiddel-3\/"},"modified":"2026-04-26T01:40:50","modified_gmt":"2026-04-26T00:40:50","slug":"perfacs-holzwurmmittel-3","status":"publish","type":"product","link":"https:\/\/www.food4animals.nl\/de\/produkt\/perfacs-holzwurmmittel-3\/","title":{"rendered":"Perfacs Holzwurm-Entferner"},"content":{"rendered":"<p><span style=\"font-size: 10pt;\"><strong>Perfacs Holzwurmentferner (fl\u00fcssig)<\/strong><\/span><br \/><span style=\"font-size: 10pt;\">Bek\u00e4mpft den Holzwurm und andere holzzerst\u00f6rende Insekten und verhindert bei richtiger Anwendung einen (erneuten) Befall f\u00fcr lange Zeit.<br \/><\/span><span style=\"font-size: 10pt;\"><strong><br \/>Das Mittel sollte unverd\u00fcnnt angewendet werden.<\/strong><\/span><br \/><span style=\"font-size: 10pt;\">\u00a0<strong><br \/>Art der Anwendung<\/strong><\/span><br \/><span style=\"font-size: 10pt;\">Befreien Sie zun\u00e4chst die Holzarbeiten von Staub, Schmutz und Bohrmehl. Dies sollte trocken geschehen. Bei einem Befall durch den Bockk\u00e4fer (<em>Hylotrupus bajulus<\/em>), ist es w\u00fcnschenswert, die Bohrl\u00f6cher zun\u00e4chst zu \u00f6ffnen und so viel wie m\u00f6glich von dem vorhandenen Bohrmehl auszub\u00fcrsten. <br \/>Bohrmehl und Holzabf\u00e4lle sollten entfernt und vorzugsweise verbrannt werden. Vor der Behandlung des Holzes mit diesem Mittel sollten vorhandene Beizen-, Farb- oder Wachsschichten entfernt werden. <br \/>Alle notwendigen Arbeiten am Holz (Schleifen, S\u00e4gen usw.) m\u00fcssen abgeschlossen sein, bevor mit der Behandlung mit dem Produkt begonnen wird.<\/p>\n<p><strong>Benutzerhandbuch<\/strong><br \/>Mit einem Pinsel oder einer gebrauchsfertigen Spr\u00fchflasche auf die zu behandelnde Oberfl\u00e4che auftragen. Falls erforderlich, die ben\u00f6tigte Menge in mehreren Arbeitsg\u00e4ngen auftragen, damit die Fl\u00fcssigkeit nicht bei jedem Auftrag abtropft.\u00a0<\/p>\n<p><strong>Dosierung<\/strong><br \/><em>Vorbeugend:<\/em> 125 g (158 ml) pro m<sup>2<\/sup>.<br \/><em>Heilmittel:<\/em> 250 Gramm (316 ml) pro m<sup>2<\/sup>.<br \/><\/span><span style=\"font-size: 10pt;\"><br \/><\/span><span style=\"font-size: 10pt;\"><strong>Wirkstoff<br \/><\/strong>Permethrin.<\/p>\n<p><\/span><span style=\"font-size: 10pt;\"><strong>Bewahrung<br \/><\/strong>Frostfrei in der Originalverpackung lagern.<\/p>\n<p><\/span><span style=\"font-size: 10pt;\"><strong>Zulassung<br \/><\/strong><\/span><span style=\"font-size: 10pt;\">Zulassungsnummer: <a href=\"https:\/\/toelatingen.ctgb.nl\/nl\/authorisations\/826\" target=\"_blank\" rel=\"noopener\">NL-0016852-0000<\/a>.<\/p>\n<p><\/span><span style=\"font-size: 10pt;\">Verwenden Sie Perfacs Woodwormicide sicher. Lesen Sie vor der Anwendung das Etikett und die Produktinformation! F\u00fcr Anwendung und Gebrauch, siehe die <a href=\"https:\/\/ctgb-prd.s3.eu-central-1.amazonaws.com\/9a0de077631a233dd962cb7be1c49b01_20201116_Final+SPC+Luxan+Houtinsecticide+P+NL+-1+WGGA.pdf\" target=\"_blank\" rel=\"noopener\">gesetzliche Gebrauchsanweisung\/Benutzerhandbuch<\/a>.<\/span><\/p>","protected":false},"excerpt":{"rendered":"<p>Bek\u00e4mpft den Holzwurm und andere holzzerst\u00f6rende Insekten und verhindert bei richtiger Anwendung einen (erneuten) Befall f\u00fcr lange Zeit.<\/p>","protected":false},"featured_media":40467,"template":"","meta":{"_acf_changed":false},"product_brand":[],"product_cat":[2928,1196],"product_tag":[2933,2929,2932],"class_list":{"0":"post-16142","1":"product","2":"type-product","3":"status-publish","4":"has-post-thumbnail","6":"product_cat-houtworm-boktor","7":"product_cat-ongedierte","8":"product_tag-agrarier","9":"product_tag-perfacs","10":"product_tag-professional","11":"tax_brand-perfacs","13":"first","14":"instock","15":"taxable","16":"shipping-taxable","17":"purchasable","18":"product-type-simple"},"acf":[],"yoast_head":"<!-- This site is optimized with the Yoast SEO plugin v27.4 - https:\/\/yoast.com\/product\/yoast-seo-wordpress\/ -->\n<title>Perfacs Houtwormmiddel - Food4animals<\/title>\n<meta name=\"robots\" content=\"index, follow, max-snippet:-1, max-image-preview:large, max-video-preview:-1\" \/>\n<link rel=\"canonical\" href=\"https:\/\/www.food4animals.nl\/de\/produkt\/perfacs-holzwurmmittel-3\/\" \/>\n<meta property=\"og:locale\" content=\"de_DE\" \/>\n<meta property=\"og:type\" content=\"article\" \/>\n<meta property=\"og:title\" content=\"Perfacs Houtwormmiddel - Food4animals\" \/>\n<meta property=\"og:description\" content=\"Bestrijdt houtworm en andere houtaantastende insecten en voorkomt bij een juiste toepassing gedurende lange tijd (her)aantasting.\" \/>\n<meta property=\"og:url\" content=\"https:\/\/www.food4animals.nl\/de\/produkt\/perfacs-holzwurmmittel-3\/\" \/>\n<meta property=\"og:site_name\" content=\"Food4animals\" \/>\n<meta property=\"article:publisher\" content=\"https:\/\/www.facebook.com\/p\/Food4animals-100063861676074\/\" \/>\n<meta property=\"article:modified_time\" content=\"2026-04-26T00:40:50+00:00\" \/>\n<meta property=\"og:image\" content=\"https:\/\/www.food4animals.nl\/wp-content\/uploads\/2025\/11\/PERF0028_PERF0029_PERF0030-GROEP.png\" \/>\n\t<meta property=\"og:image:width\" content=\"977\" \/>\n\t<meta property=\"og:image:height\" content=\"980\" \/>\n\t<meta property=\"og:image:type\" content=\"image\/png\" \/>\n<meta name=\"twitter:card\" content=\"summary_large_image\" \/>\n<meta name=\"twitter:site\" content=\"@food4animals\" \/>\n<meta name=\"twitter:label1\" content=\"Gesch\u00e4tzte Lesezeit\" \/>\n\t<meta name=\"twitter:data1\" content=\"1\u00a0Minute\" \/>\n<script type=\"application\/ld+json\" class=\"yoast-schema-graph\">{\"@context\":\"https:\\\/\\\/schema.org\",\"@graph\":[{\"@type\":\"WebPage\",\"@id\":\"https:\\\/\\\/www.food4animals.nl\\\/product\\\/perfacs-houtwormmiddel-3\\\/\",\"url\":\"https:\\\/\\\/www.food4animals.nl\\\/product\\\/perfacs-houtwormmiddel-3\\\/\",\"name\":\"Perfacs Houtwormmiddel - Food4animals\",\"isPartOf\":{\"@id\":\"https:\\\/\\\/www.food4animals.nl\\\/en\\\/#website\"},\"primaryImageOfPage\":{\"@id\":\"https:\\\/\\\/www.food4animals.nl\\\/product\\\/perfacs-houtwormmiddel-3\\\/#primaryimage\"},\"image\":{\"@id\":\"https:\\\/\\\/www.food4animals.nl\\\/product\\\/perfacs-houtwormmiddel-3\\\/#primaryimage\"},\"thumbnailUrl\":\"https:\\\/\\\/www.food4animals.nl\\\/wp-content\\\/uploads\\\/2025\\\/11\\\/PERF0028_PERF0029_PERF0030-GROEP.png\",\"datePublished\":\"2023-12-14T19:32:04+00:00\",\"dateModified\":\"2026-04-26T00:40:50+00:00\",\"breadcrumb\":{\"@id\":\"https:\\\/\\\/www.food4animals.nl\\\/product\\\/perfacs-houtwormmiddel-3\\\/#breadcrumb\"},\"inLanguage\":\"de\",\"potentialAction\":[{\"@type\":\"ReadAction\",\"target\":[\"https:\\\/\\\/www.food4animals.nl\\\/product\\\/perfacs-houtwormmiddel-3\\\/\"]}]},{\"@type\":\"ImageObject\",\"inLanguage\":\"de\",\"@id\":\"https:\\\/\\\/www.food4animals.nl\\\/product\\\/perfacs-houtwormmiddel-3\\\/#primaryimage\",\"url\":\"https:\\\/\\\/www.food4animals.nl\\\/wp-content\\\/uploads\\\/2025\\\/11\\\/PERF0028_PERF0029_PERF0030-GROEP.png\",\"contentUrl\":\"https:\\\/\\\/www.food4animals.nl\\\/wp-content\\\/uploads\\\/2025\\\/11\\\/PERF0028_PERF0029_PERF0030-GROEP.png\",\"width\":977,\"height\":980},{\"@type\":\"BreadcrumbList\",\"@id\":\"https:\\\/\\\/www.food4animals.nl\\\/product\\\/perfacs-houtwormmiddel-3\\\/#breadcrumb\",\"itemListElement\":[{\"@type\":\"ListItem\",\"position\":1,\"name\":\"Home\",\"item\":\"https:\\\/\\\/www.food4animals.nl\\\/\"},{\"@type\":\"ListItem\",\"position\":2,\"name\":\"Winkel\",\"item\":\"https:\\\/\\\/www.food4animals.nl\\\/winkel\\\/\"},{\"@type\":\"ListItem\",\"position\":3,\"name\":\"Perfacs Houtwormmiddel\"}]},{\"@type\":\"WebSite\",\"@id\":\"https:\\\/\\\/www.food4animals.nl\\\/en\\\/#website\",\"url\":\"https:\\\/\\\/www.food4animals.nl\\\/en\\\/\",\"name\":\"Food4animals\",\"description\":\"Alles voor Ruiter en Dier\",\"publisher\":{\"@id\":\"https:\\\/\\\/www.food4animals.nl\\\/en\\\/#organization\"},\"potentialAction\":[{\"@type\":\"SearchAction\",\"target\":{\"@type\":\"EntryPoint\",\"urlTemplate\":\"https:\\\/\\\/www.food4animals.nl\\\/en\\\/?s={search_term_string}\"},\"query-input\":{\"@type\":\"PropertyValueSpecification\",\"valueRequired\":true,\"valueName\":\"search_term_string\"}}],\"inLanguage\":\"de\"},{\"@type\":\"Organization\",\"@id\":\"https:\\\/\\\/www.food4animals.nl\\\/en\\\/#organization\",\"name\":\"Food4animals\",\"url\":\"https:\\\/\\\/www.food4animals.nl\\\/en\\\/\",\"logo\":{\"@type\":\"ImageObject\",\"inLanguage\":\"de\",\"@id\":\"https:\\\/\\\/www.food4animals.nl\\\/en\\\/#\\\/schema\\\/logo\\\/image\\\/\",\"url\":\"https:\\\/\\\/www.food4animals.nl\\\/wp-content\\\/uploads\\\/2023\\\/10\\\/Logo.svg\",\"contentUrl\":\"https:\\\/\\\/www.food4animals.nl\\\/wp-content\\\/uploads\\\/2023\\\/10\\\/Logo.svg\",\"width\":1,\"height\":1,\"caption\":\"Food4animals\"},\"image\":{\"@id\":\"https:\\\/\\\/www.food4animals.nl\\\/en\\\/#\\\/schema\\\/logo\\\/image\\\/\"},\"sameAs\":[\"https:\\\/\\\/www.facebook.com\\\/p\\\/Food4animals-100063861676074\\\/\",\"https:\\\/\\\/x.com\\\/food4animals\"]}]}<\/script>\n<!-- \/ Yoast SEO plugin. -->","yoast_head_json":{"title":"Perfacs Mittel gegen Holzw\u00fcrmer - Food4animals","robots":{"index":"index","follow":"follow","max-snippet":"max-snippet:-1","max-image-preview":"max-image-preview:large","max-video-preview":"max-video-preview:-1"},"canonical":"https:\/\/www.food4animals.nl\/de\/produkt\/perfacs-holzwurmmittel-3\/","og_locale":"de_DE","og_type":"article","og_title":"Perfacs Houtwormmiddel - Food4animals","og_description":"Bestrijdt houtworm en andere houtaantastende insecten en voorkomt bij een juiste toepassing gedurende lange tijd (her)aantasting.","og_url":"https:\/\/www.food4animals.nl\/de\/produkt\/perfacs-holzwurmmittel-3\/","og_site_name":"Food4animals","article_publisher":"https:\/\/www.facebook.com\/p\/Food4animals-100063861676074\/","article_modified_time":"2026-04-26T00:40:50+00:00","og_image":[{"width":977,"height":980,"url":"https:\/\/www.food4animals.nl\/wp-content\/uploads\/2025\/11\/PERF0028_PERF0029_PERF0030-GROEP.png","type":"image\/png"}],"twitter_card":"summary_large_image","twitter_site":"@food4animals","twitter_misc":{"Gesch\u00e4tzte Lesezeit":"1\u00a0Minute"},"schema":{"@context":"https:\/\/schema.org","@graph":[{"@type":"WebPage","@id":"https:\/\/www.food4animals.nl\/product\/perfacs-houtwormmiddel-3\/","url":"https:\/\/www.food4animals.nl\/product\/perfacs-houtwormmiddel-3\/","name":"Perfacs Mittel gegen Holzw\u00fcrmer - Food4animals","isPartOf":{"@id":"https:\/\/www.food4animals.nl\/en\/#website"},"primaryImageOfPage":{"@id":"https:\/\/www.food4animals.nl\/product\/perfacs-houtwormmiddel-3\/#primaryimage"},"image":{"@id":"https:\/\/www.food4animals.nl\/product\/perfacs-houtwormmiddel-3\/#primaryimage"},"thumbnailUrl":"https:\/\/www.food4animals.nl\/wp-content\/uploads\/2025\/11\/PERF0028_PERF0029_PERF0030-GROEP.png","datePublished":"2023-12-14T19:32:04+00:00","dateModified":"2026-04-26T00:40:50+00:00","breadcrumb":{"@id":"https:\/\/www.food4animals.nl\/product\/perfacs-houtwormmiddel-3\/#breadcrumb"},"inLanguage":"de","potentialAction":[{"@type":"ReadAction","target":["https:\/\/www.food4animals.nl\/product\/perfacs-houtwormmiddel-3\/"]}]},{"@type":"ImageObject","inLanguage":"de","@id":"https:\/\/www.food4animals.nl\/product\/perfacs-houtwormmiddel-3\/#primaryimage","url":"https:\/\/www.food4animals.nl\/wp-content\/uploads\/2025\/11\/PERF0028_PERF0029_PERF0030-GROEP.png","contentUrl":"https:\/\/www.food4animals.nl\/wp-content\/uploads\/2025\/11\/PERF0028_PERF0029_PERF0030-GROEP.png","width":977,"height":980},{"@type":"BreadcrumbList","@id":"https:\/\/www.food4animals.nl\/product\/perfacs-houtwormmiddel-3\/#breadcrumb","itemListElement":[{"@type":"ListItem","position":1,"name":"Home","item":"https:\/\/www.food4animals.nl\/"},{"@type":"ListItem","position":2,"name":"Winkel","item":"https:\/\/www.food4animals.nl\/winkel\/"},{"@type":"ListItem","position":3,"name":"Perfacs Houtwormmiddel"}]},{"@type":"WebSite","@id":"https:\/\/www.food4animals.nl\/en\/#website","url":"https:\/\/www.food4animals.nl\/en\/","name":"Lebensmittel4Tiere","description":"Alles f\u00fcr Reiter und Tier","publisher":{"@id":"https:\/\/www.food4animals.nl\/en\/#organization"},"potentialAction":[{"@type":"SearchAction","target":{"@type":"EntryPoint","urlTemplate":"https:\/\/www.food4animals.nl\/en\/?s={search_term_string}"},"query-input":{"@type":"PropertyValueSpecification","valueRequired":true,"valueName":"search_term_string"}}],"inLanguage":"de"},{"@type":"Organization","@id":"https:\/\/www.food4animals.nl\/en\/#organization","name":"Lebensmittel4Tiere","url":"https:\/\/www.food4animals.nl\/en\/","logo":{"@type":"ImageObject","inLanguage":"de","@id":"https:\/\/www.food4animals.nl\/en\/#\/schema\/logo\/image\/","url":"https:\/\/www.food4animals.nl\/wp-content\/uploads\/2023\/10\/Logo.svg","contentUrl":"https:\/\/www.food4animals.nl\/wp-content\/uploads\/2023\/10\/Logo.svg","width":1,"height":1,"caption":"Food4animals"},"image":{"@id":"https:\/\/www.food4animals.nl\/en\/#\/schema\/logo\/image\/"},"sameAs":["https:\/\/www.facebook.com\/p\/Food4animals-100063861676074\/","https:\/\/x.com\/food4animals"]}]}},"_links":{"self":[{"href":"https:\/\/www.food4animals.nl\/de\/wp-json\/wp\/v2\/product\/16142","targetHints":{"allow":["GET"]}}],"collection":[{"href":"https:\/\/www.food4animals.nl\/de\/wp-json\/wp\/v2\/product"}],"about":[{"href":"https:\/\/www.food4animals.nl\/de\/wp-json\/wp\/v2\/types\/product"}],"wp:featuredmedia":[{"embeddable":true,"href":"https:\/\/www.food4animals.nl\/de\/wp-json\/wp\/v2\/media\/40467"}],"wp:attachment":[{"href":"https:\/\/www.food4animals.nl\/de\/wp-json\/wp\/v2\/media?parent=16142"}],"wp:term":[{"taxonomy":"product_brand","embeddable":true,"href":"https:\/\/www.food4animals.nl\/de\/wp-json\/wp\/v2\/product_brand?post=16142"},{"taxonomy":"product_cat","embeddable":true,"href":"https:\/\/www.food4animals.nl\/de\/wp-json\/wp\/v2\/product_cat?post=16142"},{"taxonomy":"product_tag","embeddable":true,"href":"https:\/\/www.food4animals.nl\/de\/wp-json\/wp\/v2\/product_tag?post=16142"}],"curies":[{"name":"wp","href":"https:\/\/api.w.org\/{rel}","templated":true}]}}