{"id":16711,"date":"2023-12-14T20:54:06","date_gmt":"2023-12-14T20:54:06","guid":{"rendered":"https:\/\/food4animals.nl\/product\/poopygo-dispenser-incl-15-zakjes-lavendelgeur\/"},"modified":"2026-05-09T01:46:28","modified_gmt":"2026-05-09T00:46:28","slug":"poopygo-dispenser-incl-15-zakjes-lavendelgeur","status":"publish","type":"product","link":"https:\/\/www.food4animals.nl\/de\/produkt\/poopygo-dispenser-incl-15-zakjes-lavendelgeur\/","title":{"rendered":"PoopyGo-Spender inkl. 15 Lavendel-Dufts\u00e4ckchen"},"content":{"rendered":"<p><span style=\"font-size: 10pt;\">Hundekot ist f\u00fcr viele Hundebesitzer ein gro\u00dfes Problem. Er ist nicht nur l\u00e4stig anzusehen, sondern kann auch umweltsch\u00e4dlich sein, wenn er nicht ordnungsgem\u00e4\u00df beseitigt wird. Zum Gl\u00fcck gibt es umweltbewusste L\u00f6sungen, wie zum Beispiel die biologisch abbaubaren PoopyGo-Kotbeutel.<\/span><\/p>\n<p><span style=\"font-size: 10pt;\">Deze poepzakjes zijn gemaakt van biologisch afbreekbare materialen en zijn hierdoor een veel beter alternatief dan traditionele plastic poepzakjes. Deze zakjes zijn niet alleen beter voor het milieu, maar ze zijn ook groter, sterker en hebben een heerlijke lavendelgeur. Dit maakt het opruimen van hondenpoep een stuk minder vervelend.<\/span><\/p>\n<p><span style=\"font-size: 10pt;\">Die PoopyGo-Kotbeutel sind f\u00fcr Hunde aller Gr\u00f6\u00dfen geeignet und passen in alle Spender, sodass sie immer zur Hand sind. Die Gr\u00f6\u00dfe von 21 x 33 cm und die Dicke von 16 Mikron sorgen daf\u00fcr, dass der Beutel stark genug ist, um auch den gr\u00f6\u00dften Hundekot aufzufangen.<\/span><\/p>\n<p><span style=\"font-size: 10pt;\">Die Beseitigung von Hundekot ist wichtig f\u00fcr die Umwelt und ein angenehmes Lebensumfeld. Durch die Wahl von umweltbewussten L\u00f6sungen wie den biologisch abbaubaren PoopyGo-Kotbeuteln kann jeder Hundebesitzer zu einer gr\u00fcneren, saubereren Welt beitragen. PoopyGo ist die beste Wahl f\u00fcr die Umwelt und f\u00fcr Hundebesitzer, die eine praktische, stabile und umweltfreundliche L\u00f6sung f\u00fcr Hundekot suchen.<\/p>\n<p><strong>Was ist der Unterschied zwischen einem normalen Kackbeutel und einem PoopyGo-Kackbeutel?<\/strong><br \/>Normale Plastikt\u00fcten brauchen bis zu Hunderte von Jahren, um sich abzubauen, je nach der Umgebung, in der sie entsorgt werden. Dies kann zu Umweltverschmutzung und gef\u00e4hrlichen Situationen f\u00fcr Tiere f\u00fchren. Im Gegensatz dazu bestehen PoopyGo-Kotbeutel aus biologisch abbaubaren Materialien, was bedeutet, dass sie sich innerhalb eines Zeitraums von 18 bis 36 Monaten abbauen. Das bedeutet, dass sie keine dauerhaften Sch\u00e4den an der Umwelt verursachen und kein Risiko f\u00fcr Tiere darstellen, die mit ihnen in Kontakt kommen. Daher sind PoopyGo-Kotbeutel eine umweltfreundlichere Wahl als normale Plastik-Kotbeutel.<br \/><\/span><\/p>\n<p><strong><span style=\"font-size: 10pt;\">Die wichtigsten Vorteile auf einen Blick:<\/span><\/strong><\/p>\n<ul>\n<li><span style=\"font-size: 10pt;\">Mit Lavendelduft<\/span><\/li>\n<li><span style=\"font-size: 10pt;\">Biologisch abbaubar<\/span><\/li>\n<li><span style=\"font-size: 10pt;\">F\u00fcr Hunde aller Gr\u00f6\u00dfen<\/span><\/li>\n<li><span style=\"font-size: 10pt;\">sind st\u00e4rker als herk\u00f6mmliche Kotbeutel<\/span><\/li>\n<\/ul>\n<p><span style=\"font-size: 10pt;\"><img loading=\"lazy\" decoding=\"async\" src=\"\/imagestream\/stream\/55351\/0\/0\/601\/150\/601\/150\/313\/78\/313\/78\/345\/86\/IconenPoopyGo.jpg\" width=\"345\" height=\"86\" \/><\/p>\n<p><img loading=\"lazy\" decoding=\"async\" src=\"\/imagestream\/stream\/55352\/0\/0\/645\/362\/645\/362\/306\/172\/Overzicht_PoopyGo.png\" width=\"336\" height=\"190\" \/><br \/><strong><br \/>Format<\/strong><\/span><br \/><span style=\"font-size: 10pt;\">21 x 33 cm<\/span><\/p>\n<p><span style=\"font-size: 10pt;\"><strong>Dicke\u00a0<\/strong><\/span><br \/><span style=\"font-size: 10pt;\">16 Mikron<br \/><\/span><span style=\"font-size: 10pt;\"><strong><br \/>Dispenser inclusief 1 rolletje \u00e0 15 zakjes<\/strong><\/span><br \/><span style=\"font-size: 10pt;\">Deze mooie dispenser is gevuld met 1 rolletje (15 zakjes) PoopyGo poepzakjes.<\/span><\/p>","protected":false},"excerpt":{"rendered":"<p>St\u00e4rker, biologisch abbaubar und nach Lavendel duftend!<\/p>","protected":false},"featured_media":40664,"template":"","meta":{"_acf_changed":false},"product_brand":[],"product_cat":[937,821],"product_tag":[823,1890,2559,2995],"class_list":{"0":"post-16711","1":"product","2":"type-product","3":"status-publish","4":"has-post-thumbnail","6":"product_cat-accessoires","7":"product_cat-hond","8":"product_tag-hond","9":"product_tag-lijnen-en-tuigjes","10":"product_tag-poepzakjes","11":"product_tag-poopygo","12":"tax_brand-poopygo","14":"first","15":"instock","16":"taxable","17":"shipping-taxable","18":"purchasable","19":"product-type-simple"},"acf":[],"yoast_head":"<!-- This site is optimized with the Yoast SEO plugin v27.4 - https:\/\/yoast.com\/product\/yoast-seo-wordpress\/ -->\n<title>PoopyGo dispenser incl. 15 zakjes lavendelgeur - Food4animals<\/title>\n<meta name=\"robots\" content=\"index, follow, max-snippet:-1, max-image-preview:large, max-video-preview:-1\" \/>\n<link rel=\"canonical\" href=\"https:\/\/www.food4animals.nl\/de\/produkt\/poopygo-dispenser-incl-15-zakjes-lavendelgeur\/\" \/>\n<meta property=\"og:locale\" content=\"de_DE\" \/>\n<meta property=\"og:type\" content=\"article\" \/>\n<meta property=\"og:title\" content=\"PoopyGo dispenser incl. 15 zakjes lavendelgeur - Food4animals\" \/>\n<meta property=\"og:description\" content=\"Sterker, biologisch afbreekbaar en met lavendelgeur!\" \/>\n<meta property=\"og:url\" content=\"https:\/\/www.food4animals.nl\/de\/produkt\/poopygo-dispenser-incl-15-zakjes-lavendelgeur\/\" \/>\n<meta property=\"og:site_name\" content=\"Food4animals\" \/>\n<meta property=\"article:publisher\" content=\"https:\/\/www.facebook.com\/p\/Food4animals-100063861676074\/\" \/>\n<meta property=\"article:modified_time\" content=\"2026-05-09T00:46:28+00:00\" \/>\n<meta property=\"og:image\" content=\"https:\/\/www.food4animals.nl\/wp-content\/uploads\/2025\/11\/POOP011.png\" \/>\n\t<meta property=\"og:image:width\" content=\"272\" \/>\n\t<meta property=\"og:image:height\" content=\"979\" \/>\n\t<meta property=\"og:image:type\" content=\"image\/png\" \/>\n<meta name=\"twitter:card\" content=\"summary_large_image\" \/>\n<meta name=\"twitter:site\" content=\"@food4animals\" \/>\n<meta name=\"twitter:label1\" content=\"Gesch\u00e4tzte Lesezeit\" \/>\n\t<meta name=\"twitter:data1\" content=\"2\u00a0Minuten\" \/>\n<script type=\"application\/ld+json\" class=\"yoast-schema-graph\">{\"@context\":\"https:\\\/\\\/schema.org\",\"@graph\":[{\"@type\":\"WebPage\",\"@id\":\"https:\\\/\\\/www.food4animals.nl\\\/product\\\/poopygo-dispenser-incl-15-zakjes-lavendelgeur\\\/\",\"url\":\"https:\\\/\\\/www.food4animals.nl\\\/product\\\/poopygo-dispenser-incl-15-zakjes-lavendelgeur\\\/\",\"name\":\"PoopyGo dispenser incl. 15 zakjes lavendelgeur - Food4animals\",\"isPartOf\":{\"@id\":\"https:\\\/\\\/www.food4animals.nl\\\/en\\\/#website\"},\"primaryImageOfPage\":{\"@id\":\"https:\\\/\\\/www.food4animals.nl\\\/product\\\/poopygo-dispenser-incl-15-zakjes-lavendelgeur\\\/#primaryimage\"},\"image\":{\"@id\":\"https:\\\/\\\/www.food4animals.nl\\\/product\\\/poopygo-dispenser-incl-15-zakjes-lavendelgeur\\\/#primaryimage\"},\"thumbnailUrl\":\"https:\\\/\\\/www.food4animals.nl\\\/wp-content\\\/uploads\\\/2025\\\/11\\\/POOP011.png\",\"datePublished\":\"2023-12-14T20:54:06+00:00\",\"dateModified\":\"2026-05-09T00:46:28+00:00\",\"breadcrumb\":{\"@id\":\"https:\\\/\\\/www.food4animals.nl\\\/product\\\/poopygo-dispenser-incl-15-zakjes-lavendelgeur\\\/#breadcrumb\"},\"inLanguage\":\"de\",\"potentialAction\":[{\"@type\":\"ReadAction\",\"target\":[\"https:\\\/\\\/www.food4animals.nl\\\/product\\\/poopygo-dispenser-incl-15-zakjes-lavendelgeur\\\/\"]}]},{\"@type\":\"ImageObject\",\"inLanguage\":\"de\",\"@id\":\"https:\\\/\\\/www.food4animals.nl\\\/product\\\/poopygo-dispenser-incl-15-zakjes-lavendelgeur\\\/#primaryimage\",\"url\":\"https:\\\/\\\/www.food4animals.nl\\\/wp-content\\\/uploads\\\/2025\\\/11\\\/POOP011.png\",\"contentUrl\":\"https:\\\/\\\/www.food4animals.nl\\\/wp-content\\\/uploads\\\/2025\\\/11\\\/POOP011.png\",\"width\":272,\"height\":979},{\"@type\":\"BreadcrumbList\",\"@id\":\"https:\\\/\\\/www.food4animals.nl\\\/product\\\/poopygo-dispenser-incl-15-zakjes-lavendelgeur\\\/#breadcrumb\",\"itemListElement\":[{\"@type\":\"ListItem\",\"position\":1,\"name\":\"Home\",\"item\":\"https:\\\/\\\/www.food4animals.nl\\\/\"},{\"@type\":\"ListItem\",\"position\":2,\"name\":\"Winkel\",\"item\":\"https:\\\/\\\/www.food4animals.nl\\\/winkel\\\/\"},{\"@type\":\"ListItem\",\"position\":3,\"name\":\"PoopyGo dispenser incl. 15 zakjes lavendelgeur\"}]},{\"@type\":\"WebSite\",\"@id\":\"https:\\\/\\\/www.food4animals.nl\\\/en\\\/#website\",\"url\":\"https:\\\/\\\/www.food4animals.nl\\\/en\\\/\",\"name\":\"Food4animals\",\"description\":\"Alles voor Ruiter en Dier\",\"publisher\":{\"@id\":\"https:\\\/\\\/www.food4animals.nl\\\/en\\\/#organization\"},\"potentialAction\":[{\"@type\":\"SearchAction\",\"target\":{\"@type\":\"EntryPoint\",\"urlTemplate\":\"https:\\\/\\\/www.food4animals.nl\\\/en\\\/?s={search_term_string}\"},\"query-input\":{\"@type\":\"PropertyValueSpecification\",\"valueRequired\":true,\"valueName\":\"search_term_string\"}}],\"inLanguage\":\"de\"},{\"@type\":\"Organization\",\"@id\":\"https:\\\/\\\/www.food4animals.nl\\\/en\\\/#organization\",\"name\":\"Food4animals\",\"url\":\"https:\\\/\\\/www.food4animals.nl\\\/en\\\/\",\"logo\":{\"@type\":\"ImageObject\",\"inLanguage\":\"de\",\"@id\":\"https:\\\/\\\/www.food4animals.nl\\\/en\\\/#\\\/schema\\\/logo\\\/image\\\/\",\"url\":\"https:\\\/\\\/www.food4animals.nl\\\/wp-content\\\/uploads\\\/2023\\\/10\\\/Logo.svg\",\"contentUrl\":\"https:\\\/\\\/www.food4animals.nl\\\/wp-content\\\/uploads\\\/2023\\\/10\\\/Logo.svg\",\"width\":1,\"height\":1,\"caption\":\"Food4animals\"},\"image\":{\"@id\":\"https:\\\/\\\/www.food4animals.nl\\\/en\\\/#\\\/schema\\\/logo\\\/image\\\/\"},\"sameAs\":[\"https:\\\/\\\/www.facebook.com\\\/p\\\/Food4animals-100063861676074\\\/\",\"https:\\\/\\\/x.com\\\/food4animals\"]}]}<\/script>\n<!-- \/ Yoast SEO plugin. -->","yoast_head_json":{"title":"PoopyGo dispenser incl. 15 zakjes lavendelgeur - Food4animals","robots":{"index":"index","follow":"follow","max-snippet":"max-snippet:-1","max-image-preview":"max-image-preview:large","max-video-preview":"max-video-preview:-1"},"canonical":"https:\/\/www.food4animals.nl\/de\/produkt\/poopygo-dispenser-incl-15-zakjes-lavendelgeur\/","og_locale":"de_DE","og_type":"article","og_title":"PoopyGo dispenser incl. 15 zakjes lavendelgeur - Food4animals","og_description":"Sterker, biologisch afbreekbaar en met lavendelgeur!","og_url":"https:\/\/www.food4animals.nl\/de\/produkt\/poopygo-dispenser-incl-15-zakjes-lavendelgeur\/","og_site_name":"Food4animals","article_publisher":"https:\/\/www.facebook.com\/p\/Food4animals-100063861676074\/","article_modified_time":"2026-05-09T00:46:28+00:00","og_image":[{"width":272,"height":979,"url":"https:\/\/www.food4animals.nl\/wp-content\/uploads\/2025\/11\/POOP011.png","type":"image\/png"}],"twitter_card":"summary_large_image","twitter_site":"@food4animals","twitter_misc":{"Gesch\u00e4tzte Lesezeit":"2\u00a0Minuten"},"schema":{"@context":"https:\/\/schema.org","@graph":[{"@type":"WebPage","@id":"https:\/\/www.food4animals.nl\/product\/poopygo-dispenser-incl-15-zakjes-lavendelgeur\/","url":"https:\/\/www.food4animals.nl\/product\/poopygo-dispenser-incl-15-zakjes-lavendelgeur\/","name":"PoopyGo dispenser incl. 15 zakjes lavendelgeur - Food4animals","isPartOf":{"@id":"https:\/\/www.food4animals.nl\/en\/#website"},"primaryImageOfPage":{"@id":"https:\/\/www.food4animals.nl\/product\/poopygo-dispenser-incl-15-zakjes-lavendelgeur\/#primaryimage"},"image":{"@id":"https:\/\/www.food4animals.nl\/product\/poopygo-dispenser-incl-15-zakjes-lavendelgeur\/#primaryimage"},"thumbnailUrl":"https:\/\/www.food4animals.nl\/wp-content\/uploads\/2025\/11\/POOP011.png","datePublished":"2023-12-14T20:54:06+00:00","dateModified":"2026-05-09T00:46:28+00:00","breadcrumb":{"@id":"https:\/\/www.food4animals.nl\/product\/poopygo-dispenser-incl-15-zakjes-lavendelgeur\/#breadcrumb"},"inLanguage":"de","potentialAction":[{"@type":"ReadAction","target":["https:\/\/www.food4animals.nl\/product\/poopygo-dispenser-incl-15-zakjes-lavendelgeur\/"]}]},{"@type":"ImageObject","inLanguage":"de","@id":"https:\/\/www.food4animals.nl\/product\/poopygo-dispenser-incl-15-zakjes-lavendelgeur\/#primaryimage","url":"https:\/\/www.food4animals.nl\/wp-content\/uploads\/2025\/11\/POOP011.png","contentUrl":"https:\/\/www.food4animals.nl\/wp-content\/uploads\/2025\/11\/POOP011.png","width":272,"height":979},{"@type":"BreadcrumbList","@id":"https:\/\/www.food4animals.nl\/product\/poopygo-dispenser-incl-15-zakjes-lavendelgeur\/#breadcrumb","itemListElement":[{"@type":"ListItem","position":1,"name":"Home","item":"https:\/\/www.food4animals.nl\/"},{"@type":"ListItem","position":2,"name":"Winkel","item":"https:\/\/www.food4animals.nl\/winkel\/"},{"@type":"ListItem","position":3,"name":"PoopyGo dispenser incl. 15 zakjes lavendelgeur"}]},{"@type":"WebSite","@id":"https:\/\/www.food4animals.nl\/en\/#website","url":"https:\/\/www.food4animals.nl\/en\/","name":"Lebensmittel4Tiere","description":"Alles f\u00fcr Reiter und Tier","publisher":{"@id":"https:\/\/www.food4animals.nl\/en\/#organization"},"potentialAction":[{"@type":"SearchAction","target":{"@type":"EntryPoint","urlTemplate":"https:\/\/www.food4animals.nl\/en\/?s={search_term_string}"},"query-input":{"@type":"PropertyValueSpecification","valueRequired":true,"valueName":"search_term_string"}}],"inLanguage":"de"},{"@type":"Organization","@id":"https:\/\/www.food4animals.nl\/en\/#organization","name":"Lebensmittel4Tiere","url":"https:\/\/www.food4animals.nl\/en\/","logo":{"@type":"ImageObject","inLanguage":"de","@id":"https:\/\/www.food4animals.nl\/en\/#\/schema\/logo\/image\/","url":"https:\/\/www.food4animals.nl\/wp-content\/uploads\/2023\/10\/Logo.svg","contentUrl":"https:\/\/www.food4animals.nl\/wp-content\/uploads\/2023\/10\/Logo.svg","width":1,"height":1,"caption":"Food4animals"},"image":{"@id":"https:\/\/www.food4animals.nl\/en\/#\/schema\/logo\/image\/"},"sameAs":["https:\/\/www.facebook.com\/p\/Food4animals-100063861676074\/","https:\/\/x.com\/food4animals"]}]}},"_links":{"self":[{"href":"https:\/\/www.food4animals.nl\/de\/wp-json\/wp\/v2\/product\/16711","targetHints":{"allow":["GET"]}}],"collection":[{"href":"https:\/\/www.food4animals.nl\/de\/wp-json\/wp\/v2\/product"}],"about":[{"href":"https:\/\/www.food4animals.nl\/de\/wp-json\/wp\/v2\/types\/product"}],"wp:featuredmedia":[{"embeddable":true,"href":"https:\/\/www.food4animals.nl\/de\/wp-json\/wp\/v2\/media\/40664"}],"wp:attachment":[{"href":"https:\/\/www.food4animals.nl\/de\/wp-json\/wp\/v2\/media?parent=16711"}],"wp:term":[{"taxonomy":"product_brand","embeddable":true,"href":"https:\/\/www.food4animals.nl\/de\/wp-json\/wp\/v2\/product_brand?post=16711"},{"taxonomy":"product_cat","embeddable":true,"href":"https:\/\/www.food4animals.nl\/de\/wp-json\/wp\/v2\/product_cat?post=16711"},{"taxonomy":"product_tag","embeddable":true,"href":"https:\/\/www.food4animals.nl\/de\/wp-json\/wp\/v2\/product_tag?post=16711"}],"curies":[{"name":"wp","href":"https:\/\/api.w.org\/{rel}","templated":true}]}}