{"id":16835,"date":"2023-12-14T21:13:07","date_gmt":"2023-12-14T21:13:07","guid":{"rendered":"https:\/\/food4animals.nl\/product\/pyretrex-fogger\/"},"modified":"2026-04-13T01:46:42","modified_gmt":"2026-04-13T00:46:42","slug":"pyretrex-fogger","status":"publish","type":"product","link":"https:\/\/www.food4animals.nl\/de\/produkt\/pyretrex-fogger\/","title":{"rendered":"Pyretrex-Nebelger\u00e4t"},"content":{"rendered":"<p><span style=\"font-size: 10pt;\"><strong><\/p>\n<p>Pyretrex-Nebelger\u00e4t\u00a0<br \/><\/strong><\/span><span style=\"font-size: 10pt;\">Ter bestrijding van vliegende insecten zoals vliegen, muggen, motten en wespen, alsmede verscholen levende insecten zoals klanders, meelkevers en tabakskevers in opslag-, bedrijfs- en verblijfsruimten, alsmede agrarische ruimten (stallen). Tijdens de behandeling mogen geen mensen, vee of huisdieren, noch onverpakte voedingsmiddelen, voer of grondstoffen daarvoor, in de ruimte aanwezig zijn. Verpakte voedingsmiddelen en veevoeders en daarvoor bestemde grondstoffen, melkapparatuur alsmede voer- en drinkbakken dienen voor de toepassing verwijderd te worden of te worden afgedekt met een daartoe geschikte folie.<\/p>\n<p><\/span><\/p>\n<a href=\"\/de\/produkt\/6768-topscore-vliegende-insecten\/\" target=\"_blank\" rel=\"noopener\"><img loading=\"lazy\" decoding=\"async\" style=\"font-size: 1rem;\" src=\"\/imagestream\/stream\/51409\/540\/103\/Verwijzingsbanner_prof-consu-wit.jpg\" width=\"540\" height=\"103\" \/><\/a>\n<p>\u00a0<\/p>\n<p><span style=\"font-size: 10pt;\"><strong>Anmeldung<\/strong><\/span><br \/><span style=\"font-size: 10pt;\">Het middel mag uitsluitend worden toegepast door personen die in het bezit zijn van het vereiste vakbekwaamheidsdiploma en agrarische ondernemers die het middel op het eigen bedrijf gebruiken. Een ruimtebehandeling dient te worden uitgevoerd met daarvoor bestemde apparatuur (<a href=\"nl\/product\/1710\/15700\/rund\/reiniging-ontsmetting\/drukspuiten\/bg-flex-a-lite-2600-46-cm-slang\">B&amp;G Flex-A-Lite 2600<\/a>). F\u00fcr andere Anwendungen kann ein Druckspr\u00fchger\u00e4t verwendet werden.<\/span><\/p>\n<p><span style=\"font-size: 10pt;\"><strong>Dosierung<\/strong><\/span><br \/><span style=\"font-size: 10pt;\">50 \u2013 75 ml per 100 m\u00b3 bij vliegende insecten<\/span><br \/><span style=\"font-size: 10pt;\">100 - 200 ml pro 100 m\u00b3 bei festsitzenden Insekten<\/span><br \/><span style=\"font-size: 10pt;\">5 liter per 100 m\u00b2 bij plaatselijke toepassing<\/span><br \/><span style=\"font-size: 10pt;\">500 ml per wespennest<\/span><\/p>\n<p><span style=\"font-size: 10pt;\"><strong>Wirkstoffe<\/strong><\/span><br \/><span style=\"font-size: 10pt;\">Pyrethrinen 3 g\/l\u00a0 <\/span><br \/><span style=\"font-size: 10pt;\">Piperonylbutoxide 24 g\/l<\/span><\/p>\n<p><span style=\"font-size: 10pt;\"><strong>Inhalt<\/strong><\/span><br \/><span style=\"font-size: 10pt;\">10 l &#8211; PYRE1000<br \/>25 l &#8211; PYRE2500<\/span><\/p>\n<p><span style=\"font-size: 10pt;\"><strong>Zulassung<br \/><\/strong>Zulassungsnummer:\u00a0<a href=\"https:\/\/toelatingen.ctgb.nl\/toelating\/?id=2118&#038;category=Biocide\" target=\"_blank\" rel=\"noopener\">11516 N<\/a><\/span><br \/><span style=\"font-size: 10pt;\">Gebruik Pyretrex Fogger veilig. Lees v\u00f3\u00f3r gebruik eerst het etiket en de productinformatie!<\/span><\/p>\n<p><span style=\"font-size: 10pt;\">F\u00fcr die Anwendung und den Gebrauch, siehe die\u00a0<a href=\"https:\/\/ctgb-prd.s3.eu-central-1.amazonaws.com\/b946d4420708dd4f366b6bf770287f86_20145154_11516.pdf\" target=\"_blank\" rel=\"noopener\">Impressum\/Benutzerhinweise<\/a>.<\/span><\/p>","protected":false},"excerpt":{"rendered":"<p>Ter bestrijding van vliegende insecten zoals vliegen, muggen, motten en wespen.<\/p>","protected":false},"featured_media":40793,"template":"","meta":{"_acf_changed":false},"product_brand":[],"product_cat":[1196,1685],"product_tag":[1149,2370,1312,1390,3014,1106,1296],"class_list":{"0":"post-16835","1":"product","2":"type-product","3":"status-publish","4":"has-post-thumbnail","6":"product_cat-ongedierte","7":"product_cat-vlieg","8":"product_tag-bestrijdingsmiddelen","9":"product_tag-graanklander","10":"product_tag-mot","11":"product_tag-mug","12":"product_tag-pyretrex","13":"product_tag-vlieg","14":"product_tag-wesp","15":"tax_brand-pyretrex","17":"first","18":"instock","19":"taxable","20":"shipping-taxable","21":"purchasable","22":"product-type-simple"},"acf":[],"yoast_head":"<!-- This site is optimized with the Yoast SEO plugin v27.2 - https:\/\/yoast.com\/product\/yoast-seo-wordpress\/ -->\n<title>Pyretrex Fogger - Food4animals<\/title>\n<meta name=\"robots\" content=\"index, follow, max-snippet:-1, max-image-preview:large, max-video-preview:-1\" \/>\n<link rel=\"canonical\" href=\"https:\/\/www.food4animals.nl\/de\/produkt\/pyretrex-fogger\/\" \/>\n<meta property=\"og:locale\" content=\"de_DE\" \/>\n<meta property=\"og:type\" content=\"article\" \/>\n<meta property=\"og:title\" content=\"Pyretrex Fogger - Food4animals\" \/>\n<meta property=\"og:description\" content=\"Ter bestrijding van vliegende insecten zoals vliegen, muggen, motten en wespen.\" \/>\n<meta property=\"og:url\" content=\"https:\/\/www.food4animals.nl\/de\/produkt\/pyretrex-fogger\/\" \/>\n<meta property=\"og:site_name\" content=\"Food4animals\" \/>\n<meta property=\"article:publisher\" content=\"https:\/\/www.facebook.com\/p\/Food4animals-100063861676074\/\" \/>\n<meta property=\"article:modified_time\" content=\"2026-04-13T00:46:42+00:00\" \/>\n<meta property=\"og:image\" content=\"https:\/\/www.food4animals.nl\/wp-content\/uploads\/2025\/11\/PYRE1000.png\" \/>\n\t<meta property=\"og:image:width\" content=\"652\" \/>\n\t<meta property=\"og:image:height\" content=\"980\" \/>\n\t<meta property=\"og:image:type\" content=\"image\/png\" \/>\n<meta name=\"twitter:card\" content=\"summary_large_image\" \/>\n<meta name=\"twitter:site\" content=\"@food4animals\" \/>\n<meta name=\"twitter:label1\" content=\"Gesch\u00e4tzte Lesezeit\" \/>\n\t<meta name=\"twitter:data1\" content=\"1\u00a0Minute\" \/>\n<script type=\"application\/ld+json\" class=\"yoast-schema-graph\">{\"@context\":\"https:\/\/schema.org\",\"@graph\":[{\"@type\":\"WebPage\",\"@id\":\"https:\/\/www.food4animals.nl\/product\/pyretrex-fogger\/\",\"url\":\"https:\/\/www.food4animals.nl\/product\/pyretrex-fogger\/\",\"name\":\"Pyretrex Fogger - Food4animals\",\"isPartOf\":{\"@id\":\"https:\/\/www.food4animals.nl\/en\/#website\"},\"primaryImageOfPage\":{\"@id\":\"https:\/\/www.food4animals.nl\/product\/pyretrex-fogger\/#primaryimage\"},\"image\":{\"@id\":\"https:\/\/www.food4animals.nl\/product\/pyretrex-fogger\/#primaryimage\"},\"thumbnailUrl\":\"https:\/\/www.food4animals.nl\/wp-content\/uploads\/2025\/11\/PYRE1000.png\",\"datePublished\":\"2023-12-14T21:13:07+00:00\",\"dateModified\":\"2026-04-13T00:46:42+00:00\",\"breadcrumb\":{\"@id\":\"https:\/\/www.food4animals.nl\/product\/pyretrex-fogger\/#breadcrumb\"},\"inLanguage\":\"de\",\"potentialAction\":[{\"@type\":\"ReadAction\",\"target\":[\"https:\/\/www.food4animals.nl\/product\/pyretrex-fogger\/\"]}]},{\"@type\":\"ImageObject\",\"inLanguage\":\"de\",\"@id\":\"https:\/\/www.food4animals.nl\/product\/pyretrex-fogger\/#primaryimage\",\"url\":\"https:\/\/www.food4animals.nl\/wp-content\/uploads\/2025\/11\/PYRE1000.png\",\"contentUrl\":\"https:\/\/www.food4animals.nl\/wp-content\/uploads\/2025\/11\/PYRE1000.png\",\"width\":652,\"height\":980},{\"@type\":\"BreadcrumbList\",\"@id\":\"https:\/\/www.food4animals.nl\/product\/pyretrex-fogger\/#breadcrumb\",\"itemListElement\":[{\"@type\":\"ListItem\",\"position\":1,\"name\":\"Home\",\"item\":\"https:\/\/www.food4animals.nl\/\"},{\"@type\":\"ListItem\",\"position\":2,\"name\":\"Winkel\",\"item\":\"https:\/\/www.food4animals.nl\/winkel\/\"},{\"@type\":\"ListItem\",\"position\":3,\"name\":\"Pyretrex Fogger\"}]},{\"@type\":\"WebSite\",\"@id\":\"https:\/\/www.food4animals.nl\/en\/#website\",\"url\":\"https:\/\/www.food4animals.nl\/en\/\",\"name\":\"Food4animals\",\"description\":\"Alles voor Ruiter en Dier\",\"publisher\":{\"@id\":\"https:\/\/www.food4animals.nl\/en\/#organization\"},\"potentialAction\":[{\"@type\":\"SearchAction\",\"target\":{\"@type\":\"EntryPoint\",\"urlTemplate\":\"https:\/\/www.food4animals.nl\/en\/?s={search_term_string}\"},\"query-input\":{\"@type\":\"PropertyValueSpecification\",\"valueRequired\":true,\"valueName\":\"search_term_string\"}}],\"inLanguage\":\"de\"},{\"@type\":\"Organization\",\"@id\":\"https:\/\/www.food4animals.nl\/en\/#organization\",\"name\":\"Food4animals\",\"url\":\"https:\/\/www.food4animals.nl\/en\/\",\"logo\":{\"@type\":\"ImageObject\",\"inLanguage\":\"de\",\"@id\":\"https:\/\/www.food4animals.nl\/en\/#\/schema\/logo\/image\/\",\"url\":\"https:\/\/www.food4animals.nl\/wp-content\/uploads\/2023\/10\/Logo.svg\",\"contentUrl\":\"https:\/\/www.food4animals.nl\/wp-content\/uploads\/2023\/10\/Logo.svg\",\"width\":1,\"height\":1,\"caption\":\"Food4animals\"},\"image\":{\"@id\":\"https:\/\/www.food4animals.nl\/en\/#\/schema\/logo\/image\/\"},\"sameAs\":[\"https:\/\/www.facebook.com\/p\/Food4animals-100063861676074\/\",\"https:\/\/x.com\/food4animals\"]}]}<\/script>\n<!-- \/ Yoast SEO plugin. -->","yoast_head_json":{"title":"Pyretrex Fogger - Food4animals","robots":{"index":"index","follow":"follow","max-snippet":"max-snippet:-1","max-image-preview":"max-image-preview:large","max-video-preview":"max-video-preview:-1"},"canonical":"https:\/\/www.food4animals.nl\/de\/produkt\/pyretrex-fogger\/","og_locale":"de_DE","og_type":"article","og_title":"Pyretrex Fogger - Food4animals","og_description":"Ter bestrijding van vliegende insecten zoals vliegen, muggen, motten en wespen.","og_url":"https:\/\/www.food4animals.nl\/de\/produkt\/pyretrex-fogger\/","og_site_name":"Food4animals","article_publisher":"https:\/\/www.facebook.com\/p\/Food4animals-100063861676074\/","article_modified_time":"2026-04-13T00:46:42+00:00","og_image":[{"width":652,"height":980,"url":"https:\/\/www.food4animals.nl\/wp-content\/uploads\/2025\/11\/PYRE1000.png","type":"image\/png"}],"twitter_card":"summary_large_image","twitter_site":"@food4animals","twitter_misc":{"Gesch\u00e4tzte Lesezeit":"1\u00a0Minute"},"schema":{"@context":"https:\/\/schema.org","@graph":[{"@type":"WebPage","@id":"https:\/\/www.food4animals.nl\/product\/pyretrex-fogger\/","url":"https:\/\/www.food4animals.nl\/product\/pyretrex-fogger\/","name":"Pyretrex Fogger - Food4animals","isPartOf":{"@id":"https:\/\/www.food4animals.nl\/en\/#website"},"primaryImageOfPage":{"@id":"https:\/\/www.food4animals.nl\/product\/pyretrex-fogger\/#primaryimage"},"image":{"@id":"https:\/\/www.food4animals.nl\/product\/pyretrex-fogger\/#primaryimage"},"thumbnailUrl":"https:\/\/www.food4animals.nl\/wp-content\/uploads\/2025\/11\/PYRE1000.png","datePublished":"2023-12-14T21:13:07+00:00","dateModified":"2026-04-13T00:46:42+00:00","breadcrumb":{"@id":"https:\/\/www.food4animals.nl\/product\/pyretrex-fogger\/#breadcrumb"},"inLanguage":"de","potentialAction":[{"@type":"ReadAction","target":["https:\/\/www.food4animals.nl\/product\/pyretrex-fogger\/"]}]},{"@type":"ImageObject","inLanguage":"de","@id":"https:\/\/www.food4animals.nl\/product\/pyretrex-fogger\/#primaryimage","url":"https:\/\/www.food4animals.nl\/wp-content\/uploads\/2025\/11\/PYRE1000.png","contentUrl":"https:\/\/www.food4animals.nl\/wp-content\/uploads\/2025\/11\/PYRE1000.png","width":652,"height":980},{"@type":"BreadcrumbList","@id":"https:\/\/www.food4animals.nl\/product\/pyretrex-fogger\/#breadcrumb","itemListElement":[{"@type":"ListItem","position":1,"name":"Home","item":"https:\/\/www.food4animals.nl\/"},{"@type":"ListItem","position":2,"name":"Winkel","item":"https:\/\/www.food4animals.nl\/winkel\/"},{"@type":"ListItem","position":3,"name":"Pyretrex Fogger"}]},{"@type":"WebSite","@id":"https:\/\/www.food4animals.nl\/en\/#website","url":"https:\/\/www.food4animals.nl\/en\/","name":"Lebensmittel4Tiere","description":"Alles f\u00fcr Reiter und Tier","publisher":{"@id":"https:\/\/www.food4animals.nl\/en\/#organization"},"potentialAction":[{"@type":"SearchAction","target":{"@type":"EntryPoint","urlTemplate":"https:\/\/www.food4animals.nl\/en\/?s={search_term_string}"},"query-input":{"@type":"PropertyValueSpecification","valueRequired":true,"valueName":"search_term_string"}}],"inLanguage":"de"},{"@type":"Organization","@id":"https:\/\/www.food4animals.nl\/en\/#organization","name":"Lebensmittel4Tiere","url":"https:\/\/www.food4animals.nl\/en\/","logo":{"@type":"ImageObject","inLanguage":"de","@id":"https:\/\/www.food4animals.nl\/en\/#\/schema\/logo\/image\/","url":"https:\/\/www.food4animals.nl\/wp-content\/uploads\/2023\/10\/Logo.svg","contentUrl":"https:\/\/www.food4animals.nl\/wp-content\/uploads\/2023\/10\/Logo.svg","width":1,"height":1,"caption":"Food4animals"},"image":{"@id":"https:\/\/www.food4animals.nl\/en\/#\/schema\/logo\/image\/"},"sameAs":["https:\/\/www.facebook.com\/p\/Food4animals-100063861676074\/","https:\/\/x.com\/food4animals"]}]}},"_links":{"self":[{"href":"https:\/\/www.food4animals.nl\/de\/wp-json\/wp\/v2\/product\/16835","targetHints":{"allow":["GET"]}}],"collection":[{"href":"https:\/\/www.food4animals.nl\/de\/wp-json\/wp\/v2\/product"}],"about":[{"href":"https:\/\/www.food4animals.nl\/de\/wp-json\/wp\/v2\/types\/product"}],"wp:featuredmedia":[{"embeddable":true,"href":"https:\/\/www.food4animals.nl\/de\/wp-json\/wp\/v2\/media\/40793"}],"wp:attachment":[{"href":"https:\/\/www.food4animals.nl\/de\/wp-json\/wp\/v2\/media?parent=16835"}],"wp:term":[{"taxonomy":"product_brand","embeddable":true,"href":"https:\/\/www.food4animals.nl\/de\/wp-json\/wp\/v2\/product_brand?post=16835"},{"taxonomy":"product_cat","embeddable":true,"href":"https:\/\/www.food4animals.nl\/de\/wp-json\/wp\/v2\/product_cat?post=16835"},{"taxonomy":"product_tag","embeddable":true,"href":"https:\/\/www.food4animals.nl\/de\/wp-json\/wp\/v2\/product_tag?post=16835"}],"curies":[{"name":"wp","href":"https:\/\/api.w.org\/{rel}","templated":true}]}}