{"id":16884,"date":"2023-12-14T21:22:26","date_gmt":"2023-12-14T21:22:26","guid":{"rendered":"https:\/\/food4animals.nl\/product\/raxit-door-seal-met-shielding-strip-1-meter\/"},"modified":"2026-04-30T01:32:44","modified_gmt":"2026-04-30T00:32:44","slug":"raxit-turdichtung-mit-abschirmstreifen-1-meter","status":"publish","type":"product","link":"https:\/\/www.food4animals.nl\/de\/produkt\/raxit-turdichtung-mit-abschirmstreifen-1-meter\/","title":{"rendered":"Raxit T\u00fcrdichtung mit Abschirmstreifen 1 Meter"},"content":{"rendered":"<p><span style=\"font-size: 10pt;\"><strong>Raxit T\u00fcrleiste einschlie\u00dflich Montage-\/Abdeckleiste aus Edelstahl<br \/><\/strong>1 Meter langer T\u00fcrstreifen, der das Eindringen von Nagetieren und anderen Sch\u00e4dlingen verhindert. <\/span><br \/><span style=\"font-size: 10pt;\">Mit Befestigungs- und Abdeckband aus Edelstahl f\u00fcr ein dauerhaftes und perfektes Finish. <\/span><br \/><span style=\"font-size: 10pt;\">Die Montage-\/Abdeckleiste aus Edelstahl verf\u00fcgt \u00fcber vorgebohrte Schraubenl\u00f6cher.<\/span><\/p>\n<p><span style=\"font-size: 10pt;\">Mit einer H\u00f6he von 6,5 cm hat das T\u00fcrband eine gro\u00dfe variable Montagem\u00f6glichkeit in der H\u00f6he.<\/span><\/p>\n<p><span style=\"font-size: 10pt;\">Die patentierte Dichtung besteht aus 3,2 mm dickem, haltbarem Santoprene\u2122. <\/span><br \/><span style=\"font-size: 10pt;\">Das Santoprene\u2122 ist mit s\u00e4urebest\u00e4ndigen Stahldr\u00e4hten verst\u00e4rkt, die das Eindringen von Nagetieren und anderen Sch\u00e4dlingen verhindern. <\/span><br \/><span style=\"font-size: 10pt;\">Das Band ist gewellt, damit sich die eingelegten Stahldr\u00e4hte nicht verschieben k\u00f6nnen.<\/span><\/p>\n<p><span style=\"font-size: 10pt;\"><strong>Anwendungen<\/strong><\/span><br \/><span style=\"font-size: 10pt;\">- Wohnungen<\/span><br \/><span style=\"font-size: 10pt;\">- Industrie<\/span><br \/><span style=\"font-size: 10pt;\">- Lagerh\u00e4user<\/span><br \/><span style=\"font-size: 10pt;\">- Gastgewerbe<\/span><br \/><span style=\"font-size: 10pt;\">- Gesch\u00e4fte<\/span><\/p>\n<p><span style=\"font-size: 10pt;\"><strong>L\u00e4nge<\/strong><\/span><br \/><span style=\"font-size: 10pt;\">1 Meter<\/span><\/p>","protected":false},"excerpt":{"rendered":"<p>Verhindern Sie das Eindringen von Nagetieren und anderen Sch\u00e4dlingen.<\/p>","protected":false},"featured_media":40824,"template":"","meta":{"_acf_changed":false},"product_brand":[],"product_cat":[1196,1294],"product_tag":[1299,1300,1076,871,3025,1295,2134,1305,3013],"class_list":{"0":"post-16884","1":"product","2":"type-product","3":"status-publish","4":"has-post-thumbnail","6":"product_cat-ongedierte","7":"product_cat-rat","8":"product_tag-dichttimmeren","9":"product_tag-maak-een-kluis-van-uw-huis","10":"product_tag-muis","11":"product_tag-rat","12":"product_tag-raxit","13":"product_tag-weren","14":"product_tag-wering","15":"product_tag-weringseptember2022","16":"product_tag-weringstrip","17":"tax_brand-raxit","19":"first","20":"instock","21":"taxable","22":"shipping-taxable","23":"purchasable","24":"product-type-simple"},"acf":[],"yoast_head":"<!-- This site is optimized with the Yoast SEO plugin v27.4 - https:\/\/yoast.com\/product\/yoast-seo-wordpress\/ -->\n<title>Raxit Door Seal met Shielding Strip 1 meter - Food4animals<\/title>\n<meta name=\"robots\" content=\"index, follow, max-snippet:-1, max-image-preview:large, max-video-preview:-1\" \/>\n<link rel=\"canonical\" href=\"https:\/\/www.food4animals.nl\/de\/produkt\/raxit-turdichtung-mit-abschirmstreifen-1-meter\/\" \/>\n<meta property=\"og:locale\" content=\"de_DE\" \/>\n<meta property=\"og:type\" content=\"article\" \/>\n<meta property=\"og:title\" content=\"Raxit Door Seal met Shielding Strip 1 meter - Food4animals\" \/>\n<meta property=\"og:description\" content=\"Binnendringen van knaagdieren of andere plaagdieren voorkomen.\" \/>\n<meta property=\"og:url\" content=\"https:\/\/www.food4animals.nl\/de\/produkt\/raxit-turdichtung-mit-abschirmstreifen-1-meter\/\" \/>\n<meta property=\"og:site_name\" content=\"Food4animals\" \/>\n<meta property=\"article:publisher\" content=\"https:\/\/www.facebook.com\/p\/Food4animals-100063861676074\/\" \/>\n<meta property=\"article:modified_time\" content=\"2026-04-30T00:32:44+00:00\" \/>\n<meta property=\"og:image\" content=\"https:\/\/www.food4animals.nl\/wp-content\/uploads\/2025\/11\/RAXI020-scaled.jpg\" \/>\n\t<meta property=\"og:image:width\" content=\"1920\" \/>\n\t<meta property=\"og:image:height\" content=\"2560\" \/>\n\t<meta property=\"og:image:type\" content=\"image\/jpeg\" \/>\n<meta name=\"twitter:card\" content=\"summary_large_image\" \/>\n<meta name=\"twitter:site\" content=\"@food4animals\" \/>\n<meta name=\"twitter:label1\" content=\"Gesch\u00e4tzte Lesezeit\" \/>\n\t<meta name=\"twitter:data1\" content=\"1\u00a0Minute\" \/>\n<script type=\"application\/ld+json\" class=\"yoast-schema-graph\">{\"@context\":\"https:\\\/\\\/schema.org\",\"@graph\":[{\"@type\":\"WebPage\",\"@id\":\"https:\\\/\\\/www.food4animals.nl\\\/product\\\/raxit-door-seal-met-shielding-strip-1-meter\\\/\",\"url\":\"https:\\\/\\\/www.food4animals.nl\\\/product\\\/raxit-door-seal-met-shielding-strip-1-meter\\\/\",\"name\":\"Raxit Door Seal met Shielding Strip 1 meter - Food4animals\",\"isPartOf\":{\"@id\":\"https:\\\/\\\/www.food4animals.nl\\\/en\\\/#website\"},\"primaryImageOfPage\":{\"@id\":\"https:\\\/\\\/www.food4animals.nl\\\/product\\\/raxit-door-seal-met-shielding-strip-1-meter\\\/#primaryimage\"},\"image\":{\"@id\":\"https:\\\/\\\/www.food4animals.nl\\\/product\\\/raxit-door-seal-met-shielding-strip-1-meter\\\/#primaryimage\"},\"thumbnailUrl\":\"https:\\\/\\\/www.food4animals.nl\\\/wp-content\\\/uploads\\\/2025\\\/11\\\/RAXI020-scaled.jpg\",\"datePublished\":\"2023-12-14T21:22:26+00:00\",\"dateModified\":\"2026-04-30T00:32:44+00:00\",\"breadcrumb\":{\"@id\":\"https:\\\/\\\/www.food4animals.nl\\\/product\\\/raxit-door-seal-met-shielding-strip-1-meter\\\/#breadcrumb\"},\"inLanguage\":\"de\",\"potentialAction\":[{\"@type\":\"ReadAction\",\"target\":[\"https:\\\/\\\/www.food4animals.nl\\\/product\\\/raxit-door-seal-met-shielding-strip-1-meter\\\/\"]}]},{\"@type\":\"ImageObject\",\"inLanguage\":\"de\",\"@id\":\"https:\\\/\\\/www.food4animals.nl\\\/product\\\/raxit-door-seal-met-shielding-strip-1-meter\\\/#primaryimage\",\"url\":\"https:\\\/\\\/www.food4animals.nl\\\/wp-content\\\/uploads\\\/2025\\\/11\\\/RAXI020-scaled.jpg\",\"contentUrl\":\"https:\\\/\\\/www.food4animals.nl\\\/wp-content\\\/uploads\\\/2025\\\/11\\\/RAXI020-scaled.jpg\",\"width\":1920,\"height\":2560},{\"@type\":\"BreadcrumbList\",\"@id\":\"https:\\\/\\\/www.food4animals.nl\\\/product\\\/raxit-door-seal-met-shielding-strip-1-meter\\\/#breadcrumb\",\"itemListElement\":[{\"@type\":\"ListItem\",\"position\":1,\"name\":\"Home\",\"item\":\"https:\\\/\\\/www.food4animals.nl\\\/\"},{\"@type\":\"ListItem\",\"position\":2,\"name\":\"Winkel\",\"item\":\"https:\\\/\\\/www.food4animals.nl\\\/winkel\\\/\"},{\"@type\":\"ListItem\",\"position\":3,\"name\":\"Raxit Door Seal met Shielding Strip 1 meter\"}]},{\"@type\":\"WebSite\",\"@id\":\"https:\\\/\\\/www.food4animals.nl\\\/en\\\/#website\",\"url\":\"https:\\\/\\\/www.food4animals.nl\\\/en\\\/\",\"name\":\"Food4animals\",\"description\":\"Alles voor Ruiter en Dier\",\"publisher\":{\"@id\":\"https:\\\/\\\/www.food4animals.nl\\\/en\\\/#organization\"},\"potentialAction\":[{\"@type\":\"SearchAction\",\"target\":{\"@type\":\"EntryPoint\",\"urlTemplate\":\"https:\\\/\\\/www.food4animals.nl\\\/en\\\/?s={search_term_string}\"},\"query-input\":{\"@type\":\"PropertyValueSpecification\",\"valueRequired\":true,\"valueName\":\"search_term_string\"}}],\"inLanguage\":\"de\"},{\"@type\":\"Organization\",\"@id\":\"https:\\\/\\\/www.food4animals.nl\\\/en\\\/#organization\",\"name\":\"Food4animals\",\"url\":\"https:\\\/\\\/www.food4animals.nl\\\/en\\\/\",\"logo\":{\"@type\":\"ImageObject\",\"inLanguage\":\"de\",\"@id\":\"https:\\\/\\\/www.food4animals.nl\\\/en\\\/#\\\/schema\\\/logo\\\/image\\\/\",\"url\":\"https:\\\/\\\/www.food4animals.nl\\\/wp-content\\\/uploads\\\/2023\\\/10\\\/Logo.svg\",\"contentUrl\":\"https:\\\/\\\/www.food4animals.nl\\\/wp-content\\\/uploads\\\/2023\\\/10\\\/Logo.svg\",\"width\":1,\"height\":1,\"caption\":\"Food4animals\"},\"image\":{\"@id\":\"https:\\\/\\\/www.food4animals.nl\\\/en\\\/#\\\/schema\\\/logo\\\/image\\\/\"},\"sameAs\":[\"https:\\\/\\\/www.facebook.com\\\/p\\\/Food4animals-100063861676074\\\/\",\"https:\\\/\\\/x.com\\\/food4animals\"]}]}<\/script>\n<!-- \/ Yoast SEO plugin. -->","yoast_head_json":{"title":"Raxit T\u00fcrdichtung mit Abschirmstreifen 1 Meter - Food4animals","robots":{"index":"index","follow":"follow","max-snippet":"max-snippet:-1","max-image-preview":"max-image-preview:large","max-video-preview":"max-video-preview:-1"},"canonical":"https:\/\/www.food4animals.nl\/de\/produkt\/raxit-turdichtung-mit-abschirmstreifen-1-meter\/","og_locale":"de_DE","og_type":"article","og_title":"Raxit Door Seal met Shielding Strip 1 meter - Food4animals","og_description":"Binnendringen van knaagdieren of andere plaagdieren voorkomen.","og_url":"https:\/\/www.food4animals.nl\/de\/produkt\/raxit-turdichtung-mit-abschirmstreifen-1-meter\/","og_site_name":"Food4animals","article_publisher":"https:\/\/www.facebook.com\/p\/Food4animals-100063861676074\/","article_modified_time":"2026-04-30T00:32:44+00:00","og_image":[{"width":1920,"height":2560,"url":"https:\/\/www.food4animals.nl\/wp-content\/uploads\/2025\/11\/RAXI020-scaled.jpg","type":"image\/jpeg"}],"twitter_card":"summary_large_image","twitter_site":"@food4animals","twitter_misc":{"Gesch\u00e4tzte Lesezeit":"1\u00a0Minute"},"schema":{"@context":"https:\/\/schema.org","@graph":[{"@type":"WebPage","@id":"https:\/\/www.food4animals.nl\/product\/raxit-door-seal-met-shielding-strip-1-meter\/","url":"https:\/\/www.food4animals.nl\/product\/raxit-door-seal-met-shielding-strip-1-meter\/","name":"Raxit T\u00fcrdichtung mit Abschirmstreifen 1 Meter - Food4animals","isPartOf":{"@id":"https:\/\/www.food4animals.nl\/en\/#website"},"primaryImageOfPage":{"@id":"https:\/\/www.food4animals.nl\/product\/raxit-door-seal-met-shielding-strip-1-meter\/#primaryimage"},"image":{"@id":"https:\/\/www.food4animals.nl\/product\/raxit-door-seal-met-shielding-strip-1-meter\/#primaryimage"},"thumbnailUrl":"https:\/\/www.food4animals.nl\/wp-content\/uploads\/2025\/11\/RAXI020-scaled.jpg","datePublished":"2023-12-14T21:22:26+00:00","dateModified":"2026-04-30T00:32:44+00:00","breadcrumb":{"@id":"https:\/\/www.food4animals.nl\/product\/raxit-door-seal-met-shielding-strip-1-meter\/#breadcrumb"},"inLanguage":"de","potentialAction":[{"@type":"ReadAction","target":["https:\/\/www.food4animals.nl\/product\/raxit-door-seal-met-shielding-strip-1-meter\/"]}]},{"@type":"ImageObject","inLanguage":"de","@id":"https:\/\/www.food4animals.nl\/product\/raxit-door-seal-met-shielding-strip-1-meter\/#primaryimage","url":"https:\/\/www.food4animals.nl\/wp-content\/uploads\/2025\/11\/RAXI020-scaled.jpg","contentUrl":"https:\/\/www.food4animals.nl\/wp-content\/uploads\/2025\/11\/RAXI020-scaled.jpg","width":1920,"height":2560},{"@type":"BreadcrumbList","@id":"https:\/\/www.food4animals.nl\/product\/raxit-door-seal-met-shielding-strip-1-meter\/#breadcrumb","itemListElement":[{"@type":"ListItem","position":1,"name":"Home","item":"https:\/\/www.food4animals.nl\/"},{"@type":"ListItem","position":2,"name":"Winkel","item":"https:\/\/www.food4animals.nl\/winkel\/"},{"@type":"ListItem","position":3,"name":"Raxit Door Seal met Shielding Strip 1 meter"}]},{"@type":"WebSite","@id":"https:\/\/www.food4animals.nl\/en\/#website","url":"https:\/\/www.food4animals.nl\/en\/","name":"Lebensmittel4Tiere","description":"Alles f\u00fcr Reiter und Tier","publisher":{"@id":"https:\/\/www.food4animals.nl\/en\/#organization"},"potentialAction":[{"@type":"SearchAction","target":{"@type":"EntryPoint","urlTemplate":"https:\/\/www.food4animals.nl\/en\/?s={search_term_string}"},"query-input":{"@type":"PropertyValueSpecification","valueRequired":true,"valueName":"search_term_string"}}],"inLanguage":"de"},{"@type":"Organization","@id":"https:\/\/www.food4animals.nl\/en\/#organization","name":"Lebensmittel4Tiere","url":"https:\/\/www.food4animals.nl\/en\/","logo":{"@type":"ImageObject","inLanguage":"de","@id":"https:\/\/www.food4animals.nl\/en\/#\/schema\/logo\/image\/","url":"https:\/\/www.food4animals.nl\/wp-content\/uploads\/2023\/10\/Logo.svg","contentUrl":"https:\/\/www.food4animals.nl\/wp-content\/uploads\/2023\/10\/Logo.svg","width":1,"height":1,"caption":"Food4animals"},"image":{"@id":"https:\/\/www.food4animals.nl\/en\/#\/schema\/logo\/image\/"},"sameAs":["https:\/\/www.facebook.com\/p\/Food4animals-100063861676074\/","https:\/\/x.com\/food4animals"]}]}},"_links":{"self":[{"href":"https:\/\/www.food4animals.nl\/de\/wp-json\/wp\/v2\/product\/16884","targetHints":{"allow":["GET"]}}],"collection":[{"href":"https:\/\/www.food4animals.nl\/de\/wp-json\/wp\/v2\/product"}],"about":[{"href":"https:\/\/www.food4animals.nl\/de\/wp-json\/wp\/v2\/types\/product"}],"wp:featuredmedia":[{"embeddable":true,"href":"https:\/\/www.food4animals.nl\/de\/wp-json\/wp\/v2\/media\/40824"}],"wp:attachment":[{"href":"https:\/\/www.food4animals.nl\/de\/wp-json\/wp\/v2\/media?parent=16884"}],"wp:term":[{"taxonomy":"product_brand","embeddable":true,"href":"https:\/\/www.food4animals.nl\/de\/wp-json\/wp\/v2\/product_brand?post=16884"},{"taxonomy":"product_cat","embeddable":true,"href":"https:\/\/www.food4animals.nl\/de\/wp-json\/wp\/v2\/product_cat?post=16884"},{"taxonomy":"product_tag","embeddable":true,"href":"https:\/\/www.food4animals.nl\/de\/wp-json\/wp\/v2\/product_tag?post=16884"}],"curies":[{"name":"wp","href":"https:\/\/api.w.org\/{rel}","templated":true}]}}