{"id":16908,"date":"2023-12-14T21:26:58","date_gmt":"2023-12-14T21:26:58","guid":{"rendered":"https:\/\/food4animals.nl\/product\/rehy-tab-plus-bruistablet-kalverdiarree-48-tabl\/"},"modified":"2026-04-29T01:42:39","modified_gmt":"2026-04-29T00:42:39","slug":"rehy-tab-plus-brausetablette-kalberdurchfall-48-tabl","status":"publish","type":"product","link":"https:\/\/www.food4animals.nl\/de\/produkt\/rehy-tab-plus-brausetablette-kalberdurchfall-48-tabl\/","title":{"rendered":"Rehy-Tab Plus (K\u00e4lberdurchfall-Brausetablette) 48 Tabletten"},"content":{"rendered":"<h2><span style=\"font-size: 10pt;\">Rehy-Tab Plus (Bruistablette K\u00e4lberdurchfall)<br \/><\/span><\/h2>\n<p><span style=\"font-size: 10pt;\">Rehy-Tab Plus (K\u00e4lberdurchfall-Brausetablette) ist eine hervorragend l\u00f6sliche (Brause-)Tablette f\u00fcr K\u00e4lber. Diese Tabletten sind anwendbar bei Gefahr von Verdauungsst\u00f6rungen (Durchfall), w\u00e4hrend und nach diesen St\u00f6rungen. Es ist ein Erg\u00e4nzungsfuttermittel (Di\u00e4tfuttermittel) f\u00fcr K\u00e4lber zur Stabilisierung des Wasser- und Elektrolythaushaltes zur Unterst\u00fctzung der physiologischen Verdauung.Rehy-Tab Plus (Bruistablette K\u00e4lberdurchfall) ist eine Energiequelle und enth\u00e4lt leicht absorbierbare Elektrolyte und darmsch\u00fctzende Inhaltsstoffe.\u00a0<\/span><\/p>\n<ul>\n<li><span style=\"font-size: 10pt;\">REHY-TAB Plus enth\u00e4lt darmsch\u00fctzende Inhaltsstoffe<\/span><\/li>\n<li><span style=\"font-size: 10pt;\">REHY-TAB Plus l\u00f6st sich innerhalb von 1 Minute auf<\/span><\/li>\n<li><span style=\"font-size: 10pt;\">REHY-TAB Plus setzt sich nicht ab<\/span><\/li>\n<\/ul>\n<p><span style=\"font-size: 10pt;\"><strong>F\u00fctterungshinweise\u00a0<br \/><\/strong>L\u00f6sen Sie 2 bis 3 mal t\u00e4glich 2 Tabletten in 2 l lauwarmem Wasser (40\u00baC) f\u00fcr 1-7 Tage auf.<\/span><\/p>\n<p><span style=\"font-size: 10pt;\"><strong>Inhalt<\/strong>\u00a0<\/span><br \/><span style=\"font-size: 10pt;\">REHY0012: 0,6 kg = 12 Tabletten<br \/>REHY0050: 2,4 kg = 48 Tabletten<\/span><\/p>","protected":false},"excerpt":{"rendered":"<p>Zur Stabilisierung des Wasser- und Elektrolythaushalts<\/p>","protected":false},"featured_media":40827,"template":"","meta":{"_acf_changed":false},"product_brand":[],"product_cat":[2299,834],"product_tag":[883,1669],"class_list":{"0":"post-16908","1":"product","2":"type-product","3":"status-publish","4":"has-post-thumbnail","6":"product_cat-diarree-en-darmen","7":"product_cat-rund","8":"product_tag-excellent","9":"product_tag-kalverdiarree-producten","10":"tax_brand-excellent","12":"first","13":"instock","14":"taxable","15":"shipping-taxable","16":"purchasable","17":"product-type-simple"},"acf":[],"yoast_head":"<!-- This site is optimized with the Yoast SEO plugin v27.4 - https:\/\/yoast.com\/product\/yoast-seo-wordpress\/ -->\n<title>Rehy-Tab Plus (Bruistablet kalverdiarree) 48 tabl - Food4animals<\/title>\n<meta name=\"robots\" content=\"index, follow, max-snippet:-1, max-image-preview:large, max-video-preview:-1\" \/>\n<link rel=\"canonical\" href=\"https:\/\/www.food4animals.nl\/de\/produkt\/rehy-tab-plus-brausetablette-kalberdurchfall-48-tabl\/\" \/>\n<meta property=\"og:locale\" content=\"de_DE\" \/>\n<meta property=\"og:type\" content=\"article\" \/>\n<meta property=\"og:title\" content=\"Rehy-Tab Plus (Bruistablet kalverdiarree) 48 tabl - Food4animals\" \/>\n<meta property=\"og:description\" content=\"Ter stabilisatie van de water- en elektrolytenbalans\" \/>\n<meta property=\"og:url\" content=\"https:\/\/www.food4animals.nl\/de\/produkt\/rehy-tab-plus-brausetablette-kalberdurchfall-48-tabl\/\" \/>\n<meta property=\"og:site_name\" content=\"Food4animals\" \/>\n<meta property=\"article:publisher\" content=\"https:\/\/www.facebook.com\/p\/Food4animals-100063861676074\/\" \/>\n<meta property=\"article:modified_time\" content=\"2026-04-29T00:42:39+00:00\" \/>\n<meta property=\"og:image\" content=\"https:\/\/www.food4animals.nl\/wp-content\/uploads\/2025\/11\/REHY0050.png\" \/>\n\t<meta property=\"og:image:width\" content=\"1024\" \/>\n\t<meta property=\"og:image:height\" content=\"1024\" \/>\n\t<meta property=\"og:image:type\" content=\"image\/png\" \/>\n<meta name=\"twitter:card\" content=\"summary_large_image\" \/>\n<meta name=\"twitter:site\" content=\"@food4animals\" \/>\n<meta name=\"twitter:label1\" content=\"Gesch\u00e4tzte Lesezeit\" \/>\n\t<meta name=\"twitter:data1\" content=\"1\u00a0Minute\" \/>\n<script type=\"application\/ld+json\" class=\"yoast-schema-graph\">{\"@context\":\"https:\\\/\\\/schema.org\",\"@graph\":[{\"@type\":\"WebPage\",\"@id\":\"https:\\\/\\\/www.food4animals.nl\\\/product\\\/rehy-tab-plus-bruistablet-kalverdiarree-48-tabl\\\/\",\"url\":\"https:\\\/\\\/www.food4animals.nl\\\/product\\\/rehy-tab-plus-bruistablet-kalverdiarree-48-tabl\\\/\",\"name\":\"Rehy-Tab Plus (Bruistablet kalverdiarree) 48 tabl - Food4animals\",\"isPartOf\":{\"@id\":\"https:\\\/\\\/www.food4animals.nl\\\/en\\\/#website\"},\"primaryImageOfPage\":{\"@id\":\"https:\\\/\\\/www.food4animals.nl\\\/product\\\/rehy-tab-plus-bruistablet-kalverdiarree-48-tabl\\\/#primaryimage\"},\"image\":{\"@id\":\"https:\\\/\\\/www.food4animals.nl\\\/product\\\/rehy-tab-plus-bruistablet-kalverdiarree-48-tabl\\\/#primaryimage\"},\"thumbnailUrl\":\"https:\\\/\\\/www.food4animals.nl\\\/wp-content\\\/uploads\\\/2025\\\/11\\\/REHY0050.png\",\"datePublished\":\"2023-12-14T21:26:58+00:00\",\"dateModified\":\"2026-04-29T00:42:39+00:00\",\"breadcrumb\":{\"@id\":\"https:\\\/\\\/www.food4animals.nl\\\/product\\\/rehy-tab-plus-bruistablet-kalverdiarree-48-tabl\\\/#breadcrumb\"},\"inLanguage\":\"de\",\"potentialAction\":[{\"@type\":\"ReadAction\",\"target\":[\"https:\\\/\\\/www.food4animals.nl\\\/product\\\/rehy-tab-plus-bruistablet-kalverdiarree-48-tabl\\\/\"]}]},{\"@type\":\"ImageObject\",\"inLanguage\":\"de\",\"@id\":\"https:\\\/\\\/www.food4animals.nl\\\/product\\\/rehy-tab-plus-bruistablet-kalverdiarree-48-tabl\\\/#primaryimage\",\"url\":\"https:\\\/\\\/www.food4animals.nl\\\/wp-content\\\/uploads\\\/2025\\\/11\\\/REHY0050.png\",\"contentUrl\":\"https:\\\/\\\/www.food4animals.nl\\\/wp-content\\\/uploads\\\/2025\\\/11\\\/REHY0050.png\",\"width\":1024,\"height\":1024},{\"@type\":\"BreadcrumbList\",\"@id\":\"https:\\\/\\\/www.food4animals.nl\\\/product\\\/rehy-tab-plus-bruistablet-kalverdiarree-48-tabl\\\/#breadcrumb\",\"itemListElement\":[{\"@type\":\"ListItem\",\"position\":1,\"name\":\"Home\",\"item\":\"https:\\\/\\\/www.food4animals.nl\\\/\"},{\"@type\":\"ListItem\",\"position\":2,\"name\":\"Winkel\",\"item\":\"https:\\\/\\\/www.food4animals.nl\\\/winkel\\\/\"},{\"@type\":\"ListItem\",\"position\":3,\"name\":\"Rehy-Tab Plus (Bruistablet kalverdiarree) 48 tabl\"}]},{\"@type\":\"WebSite\",\"@id\":\"https:\\\/\\\/www.food4animals.nl\\\/en\\\/#website\",\"url\":\"https:\\\/\\\/www.food4animals.nl\\\/en\\\/\",\"name\":\"Food4animals\",\"description\":\"Alles voor Ruiter en Dier\",\"publisher\":{\"@id\":\"https:\\\/\\\/www.food4animals.nl\\\/en\\\/#organization\"},\"potentialAction\":[{\"@type\":\"SearchAction\",\"target\":{\"@type\":\"EntryPoint\",\"urlTemplate\":\"https:\\\/\\\/www.food4animals.nl\\\/en\\\/?s={search_term_string}\"},\"query-input\":{\"@type\":\"PropertyValueSpecification\",\"valueRequired\":true,\"valueName\":\"search_term_string\"}}],\"inLanguage\":\"de\"},{\"@type\":\"Organization\",\"@id\":\"https:\\\/\\\/www.food4animals.nl\\\/en\\\/#organization\",\"name\":\"Food4animals\",\"url\":\"https:\\\/\\\/www.food4animals.nl\\\/en\\\/\",\"logo\":{\"@type\":\"ImageObject\",\"inLanguage\":\"de\",\"@id\":\"https:\\\/\\\/www.food4animals.nl\\\/en\\\/#\\\/schema\\\/logo\\\/image\\\/\",\"url\":\"https:\\\/\\\/www.food4animals.nl\\\/wp-content\\\/uploads\\\/2023\\\/10\\\/Logo.svg\",\"contentUrl\":\"https:\\\/\\\/www.food4animals.nl\\\/wp-content\\\/uploads\\\/2023\\\/10\\\/Logo.svg\",\"width\":1,\"height\":1,\"caption\":\"Food4animals\"},\"image\":{\"@id\":\"https:\\\/\\\/www.food4animals.nl\\\/en\\\/#\\\/schema\\\/logo\\\/image\\\/\"},\"sameAs\":[\"https:\\\/\\\/www.facebook.com\\\/p\\\/Food4animals-100063861676074\\\/\",\"https:\\\/\\\/x.com\\\/food4animals\"]}]}<\/script>\n<!-- \/ Yoast SEO plugin. -->","yoast_head_json":{"title":"Rehy-Tab Plus (Bruistablette K\u00e4lberdurchfall) 48 Tabletten - Food4animals","robots":{"index":"index","follow":"follow","max-snippet":"max-snippet:-1","max-image-preview":"max-image-preview:large","max-video-preview":"max-video-preview:-1"},"canonical":"https:\/\/www.food4animals.nl\/de\/produkt\/rehy-tab-plus-brausetablette-kalberdurchfall-48-tabl\/","og_locale":"de_DE","og_type":"article","og_title":"Rehy-Tab Plus (Bruistablet kalverdiarree) 48 tabl - Food4animals","og_description":"Ter stabilisatie van de water- en elektrolytenbalans","og_url":"https:\/\/www.food4animals.nl\/de\/produkt\/rehy-tab-plus-brausetablette-kalberdurchfall-48-tabl\/","og_site_name":"Food4animals","article_publisher":"https:\/\/www.facebook.com\/p\/Food4animals-100063861676074\/","article_modified_time":"2026-04-29T00:42:39+00:00","og_image":[{"width":1024,"height":1024,"url":"https:\/\/www.food4animals.nl\/wp-content\/uploads\/2025\/11\/REHY0050.png","type":"image\/png"}],"twitter_card":"summary_large_image","twitter_site":"@food4animals","twitter_misc":{"Gesch\u00e4tzte Lesezeit":"1\u00a0Minute"},"schema":{"@context":"https:\/\/schema.org","@graph":[{"@type":"WebPage","@id":"https:\/\/www.food4animals.nl\/product\/rehy-tab-plus-bruistablet-kalverdiarree-48-tabl\/","url":"https:\/\/www.food4animals.nl\/product\/rehy-tab-plus-bruistablet-kalverdiarree-48-tabl\/","name":"Rehy-Tab Plus (Bruistablette K\u00e4lberdurchfall) 48 Tabletten - Food4animals","isPartOf":{"@id":"https:\/\/www.food4animals.nl\/en\/#website"},"primaryImageOfPage":{"@id":"https:\/\/www.food4animals.nl\/product\/rehy-tab-plus-bruistablet-kalverdiarree-48-tabl\/#primaryimage"},"image":{"@id":"https:\/\/www.food4animals.nl\/product\/rehy-tab-plus-bruistablet-kalverdiarree-48-tabl\/#primaryimage"},"thumbnailUrl":"https:\/\/www.food4animals.nl\/wp-content\/uploads\/2025\/11\/REHY0050.png","datePublished":"2023-12-14T21:26:58+00:00","dateModified":"2026-04-29T00:42:39+00:00","breadcrumb":{"@id":"https:\/\/www.food4animals.nl\/product\/rehy-tab-plus-bruistablet-kalverdiarree-48-tabl\/#breadcrumb"},"inLanguage":"de","potentialAction":[{"@type":"ReadAction","target":["https:\/\/www.food4animals.nl\/product\/rehy-tab-plus-bruistablet-kalverdiarree-48-tabl\/"]}]},{"@type":"ImageObject","inLanguage":"de","@id":"https:\/\/www.food4animals.nl\/product\/rehy-tab-plus-bruistablet-kalverdiarree-48-tabl\/#primaryimage","url":"https:\/\/www.food4animals.nl\/wp-content\/uploads\/2025\/11\/REHY0050.png","contentUrl":"https:\/\/www.food4animals.nl\/wp-content\/uploads\/2025\/11\/REHY0050.png","width":1024,"height":1024},{"@type":"BreadcrumbList","@id":"https:\/\/www.food4animals.nl\/product\/rehy-tab-plus-bruistablet-kalverdiarree-48-tabl\/#breadcrumb","itemListElement":[{"@type":"ListItem","position":1,"name":"Home","item":"https:\/\/www.food4animals.nl\/"},{"@type":"ListItem","position":2,"name":"Winkel","item":"https:\/\/www.food4animals.nl\/winkel\/"},{"@type":"ListItem","position":3,"name":"Rehy-Tab Plus (Bruistablet kalverdiarree) 48 tabl"}]},{"@type":"WebSite","@id":"https:\/\/www.food4animals.nl\/en\/#website","url":"https:\/\/www.food4animals.nl\/en\/","name":"Lebensmittel4Tiere","description":"Alles f\u00fcr Reiter und Tier","publisher":{"@id":"https:\/\/www.food4animals.nl\/en\/#organization"},"potentialAction":[{"@type":"SearchAction","target":{"@type":"EntryPoint","urlTemplate":"https:\/\/www.food4animals.nl\/en\/?s={search_term_string}"},"query-input":{"@type":"PropertyValueSpecification","valueRequired":true,"valueName":"search_term_string"}}],"inLanguage":"de"},{"@type":"Organization","@id":"https:\/\/www.food4animals.nl\/en\/#organization","name":"Lebensmittel4Tiere","url":"https:\/\/www.food4animals.nl\/en\/","logo":{"@type":"ImageObject","inLanguage":"de","@id":"https:\/\/www.food4animals.nl\/en\/#\/schema\/logo\/image\/","url":"https:\/\/www.food4animals.nl\/wp-content\/uploads\/2023\/10\/Logo.svg","contentUrl":"https:\/\/www.food4animals.nl\/wp-content\/uploads\/2023\/10\/Logo.svg","width":1,"height":1,"caption":"Food4animals"},"image":{"@id":"https:\/\/www.food4animals.nl\/en\/#\/schema\/logo\/image\/"},"sameAs":["https:\/\/www.facebook.com\/p\/Food4animals-100063861676074\/","https:\/\/x.com\/food4animals"]}]}},"_links":{"self":[{"href":"https:\/\/www.food4animals.nl\/de\/wp-json\/wp\/v2\/product\/16908","targetHints":{"allow":["GET"]}}],"collection":[{"href":"https:\/\/www.food4animals.nl\/de\/wp-json\/wp\/v2\/product"}],"about":[{"href":"https:\/\/www.food4animals.nl\/de\/wp-json\/wp\/v2\/types\/product"}],"wp:featuredmedia":[{"embeddable":true,"href":"https:\/\/www.food4animals.nl\/de\/wp-json\/wp\/v2\/media\/40827"}],"wp:attachment":[{"href":"https:\/\/www.food4animals.nl\/de\/wp-json\/wp\/v2\/media?parent=16908"}],"wp:term":[{"taxonomy":"product_brand","embeddable":true,"href":"https:\/\/www.food4animals.nl\/de\/wp-json\/wp\/v2\/product_brand?post=16908"},{"taxonomy":"product_cat","embeddable":true,"href":"https:\/\/www.food4animals.nl\/de\/wp-json\/wp\/v2\/product_cat?post=16908"},{"taxonomy":"product_tag","embeddable":true,"href":"https:\/\/www.food4animals.nl\/de\/wp-json\/wp\/v2\/product_tag?post=16908"}],"curies":[{"name":"wp","href":"https:\/\/api.w.org\/{rel}","templated":true}]}}