{"id":17329,"date":"2023-12-14T22:46:00","date_gmt":"2023-12-14T22:46:00","guid":{"rendered":"https:\/\/food4animals.nl\/product\/wespen-imkerjas-met-hor-vert-rits-maat-xl\/"},"modified":"2026-04-29T01:48:30","modified_gmt":"2026-04-29T00:48:30","slug":"wespen-imkerjas-met-hor-vert-rits-maat-xl","status":"publish","type":"product","link":"https:\/\/www.food4animals.nl\/de\/produkt\/wespen-imkerjas-met-hor-vert-rits-maat-xl\/","title":{"rendered":"Wespen-Imperial Jacke mit hor.+vert. Rei\u00dfverschluss Gr\u00f6\u00dfe XL"},"content":{"rendered":"<p><strong>Wespe\/Bernsteinmantel<\/strong><br \/>Sicher und komfortabel.<br \/><strong>\u00a0<\/strong><br \/><strong>Baumwolljacke f\u00fcr die sichere und bequeme Durchf\u00fchrung von Wespenbek\u00e4mpfungs- und Imkerarbeiten.<\/strong> <br \/>Die integrierte M\u00fctze verf\u00fcgt \u00fcber ein breites Visier f\u00fcr optimale Sicht und der Abstandsring sch\u00fctzt Ihr Gesicht. Alle B\u00fcndchen sind elastisch, um eine optimale Abdichtung zu gew\u00e4hrleisten. Ausgestattet mit einem horizontalen und vertikalen Rei\u00dfverschluss, so dass die Jacke leicht an- und ausgezogen werden kann und die M\u00fctze separat abgenommen werden kann.<br \/>\u00a0<br \/><strong>Unverzichtbar f\u00fcr die Wespenbek\u00e4mpfung!<br \/><\/strong>\u00a0<br \/><strong>Gr\u00f6\u00dfe<br \/><\/strong>WESP04: Imkermantel Gr\u00f6\u00dfe L<br \/>WESP05: Imkermantel Gr\u00f6\u00dfe XL<br \/>WESP06: Imkermantel Gr\u00f6\u00dfe XXL<\/p>\n<p><span style=\"color: #ffffff;\">Imkerschutz<\/span><\/p>","protected":false},"excerpt":{"rendered":"<p>Baumwolljacke f\u00fcr die sichere und bequeme Durchf\u00fchrung von Wespenbek\u00e4mpfungs- und Imkerarbeiten.\u00a0<\/p>","protected":false},"featured_media":42388,"template":"","meta":{"_acf_changed":false},"product_brand":[],"product_cat":[1196,2520],"product_tag":[1265,2875,1820,2874,1296,3083,1054],"class_list":{"0":"post-17329","1":"product","2":"type-product","3":"status-publish","4":"has-post-thumbnail","6":"product_cat-ongedierte","7":"product_cat-wesp","8":"product_tag-hpc","9":"product_tag-overalls-en-meer","10":"product_tag-persoonlijke-bescherming","11":"product_tag-wering-en-kleding","12":"product_tag-wesp","13":"product_tag-wespenkleding","14":"product_tag-xl","15":"tax_brand-hpc","17":"first","18":"instock","19":"taxable","20":"shipping-taxable","21":"purchasable","22":"product-type-simple"},"acf":[],"yoast_head":"<!-- This site is optimized with the Yoast SEO plugin v27.4 - https:\/\/yoast.com\/product\/yoast-seo-wordpress\/ -->\n<title>Wespen-Imkerjas met hor.+vert. rits maat XL - Food4animals<\/title>\n<meta name=\"robots\" content=\"index, follow, max-snippet:-1, max-image-preview:large, max-video-preview:-1\" \/>\n<link rel=\"canonical\" href=\"https:\/\/www.food4animals.nl\/de\/produkt\/wespen-imkerjas-met-hor-vert-rits-maat-xl\/\" \/>\n<meta property=\"og:locale\" content=\"de_DE\" \/>\n<meta property=\"og:type\" content=\"article\" \/>\n<meta property=\"og:title\" content=\"Wespen-Imkerjas met hor.+vert. rits maat XL - Food4animals\" \/>\n<meta property=\"og:description\" content=\"Katoenen jas voor het veilig en comfortabel uitvoeren van wespenbestrijdingen en imkerdoeleinden.\u00a0\" \/>\n<meta property=\"og:url\" content=\"https:\/\/www.food4animals.nl\/de\/produkt\/wespen-imkerjas-met-hor-vert-rits-maat-xl\/\" \/>\n<meta property=\"og:site_name\" content=\"Food4animals\" \/>\n<meta property=\"article:publisher\" content=\"https:\/\/www.facebook.com\/p\/Food4animals-100063861676074\/\" \/>\n<meta property=\"article:modified_time\" content=\"2026-04-29T00:48:30+00:00\" \/>\n<meta property=\"og:image\" content=\"https:\/\/www.food4animals.nl\/wp-content\/uploads\/2025\/11\/WESP05.png\" \/>\n\t<meta property=\"og:image:width\" content=\"573\" \/>\n\t<meta property=\"og:image:height\" content=\"980\" \/>\n\t<meta property=\"og:image:type\" content=\"image\/png\" \/>\n<meta name=\"twitter:card\" content=\"summary_large_image\" \/>\n<meta name=\"twitter:site\" content=\"@food4animals\" \/>\n<script type=\"application\/ld+json\" class=\"yoast-schema-graph\">{\"@context\":\"https:\\\/\\\/schema.org\",\"@graph\":[{\"@type\":\"WebPage\",\"@id\":\"https:\\\/\\\/www.food4animals.nl\\\/product\\\/wespen-imkerjas-met-hor-vert-rits-maat-xl\\\/\",\"url\":\"https:\\\/\\\/www.food4animals.nl\\\/product\\\/wespen-imkerjas-met-hor-vert-rits-maat-xl\\\/\",\"name\":\"Wespen-Imkerjas met hor.+vert. rits maat XL - Food4animals\",\"isPartOf\":{\"@id\":\"https:\\\/\\\/www.food4animals.nl\\\/en\\\/#website\"},\"primaryImageOfPage\":{\"@id\":\"https:\\\/\\\/www.food4animals.nl\\\/product\\\/wespen-imkerjas-met-hor-vert-rits-maat-xl\\\/#primaryimage\"},\"image\":{\"@id\":\"https:\\\/\\\/www.food4animals.nl\\\/product\\\/wespen-imkerjas-met-hor-vert-rits-maat-xl\\\/#primaryimage\"},\"thumbnailUrl\":\"https:\\\/\\\/www.food4animals.nl\\\/wp-content\\\/uploads\\\/2025\\\/11\\\/WESP05.png\",\"datePublished\":\"2023-12-14T22:46:00+00:00\",\"dateModified\":\"2026-04-29T00:48:30+00:00\",\"breadcrumb\":{\"@id\":\"https:\\\/\\\/www.food4animals.nl\\\/product\\\/wespen-imkerjas-met-hor-vert-rits-maat-xl\\\/#breadcrumb\"},\"inLanguage\":\"de\",\"potentialAction\":[{\"@type\":\"ReadAction\",\"target\":[\"https:\\\/\\\/www.food4animals.nl\\\/product\\\/wespen-imkerjas-met-hor-vert-rits-maat-xl\\\/\"]}]},{\"@type\":\"ImageObject\",\"inLanguage\":\"de\",\"@id\":\"https:\\\/\\\/www.food4animals.nl\\\/product\\\/wespen-imkerjas-met-hor-vert-rits-maat-xl\\\/#primaryimage\",\"url\":\"https:\\\/\\\/www.food4animals.nl\\\/wp-content\\\/uploads\\\/2025\\\/11\\\/WESP05.png\",\"contentUrl\":\"https:\\\/\\\/www.food4animals.nl\\\/wp-content\\\/uploads\\\/2025\\\/11\\\/WESP05.png\",\"width\":573,\"height\":980},{\"@type\":\"BreadcrumbList\",\"@id\":\"https:\\\/\\\/www.food4animals.nl\\\/product\\\/wespen-imkerjas-met-hor-vert-rits-maat-xl\\\/#breadcrumb\",\"itemListElement\":[{\"@type\":\"ListItem\",\"position\":1,\"name\":\"Home\",\"item\":\"https:\\\/\\\/www.food4animals.nl\\\/\"},{\"@type\":\"ListItem\",\"position\":2,\"name\":\"Winkel\",\"item\":\"https:\\\/\\\/www.food4animals.nl\\\/winkel\\\/\"},{\"@type\":\"ListItem\",\"position\":3,\"name\":\"Wespen-Imkerjas met hor.+vert. rits maat XL\"}]},{\"@type\":\"WebSite\",\"@id\":\"https:\\\/\\\/www.food4animals.nl\\\/en\\\/#website\",\"url\":\"https:\\\/\\\/www.food4animals.nl\\\/en\\\/\",\"name\":\"Food4animals\",\"description\":\"Alles voor Ruiter en Dier\",\"publisher\":{\"@id\":\"https:\\\/\\\/www.food4animals.nl\\\/en\\\/#organization\"},\"potentialAction\":[{\"@type\":\"SearchAction\",\"target\":{\"@type\":\"EntryPoint\",\"urlTemplate\":\"https:\\\/\\\/www.food4animals.nl\\\/en\\\/?s={search_term_string}\"},\"query-input\":{\"@type\":\"PropertyValueSpecification\",\"valueRequired\":true,\"valueName\":\"search_term_string\"}}],\"inLanguage\":\"de\"},{\"@type\":\"Organization\",\"@id\":\"https:\\\/\\\/www.food4animals.nl\\\/en\\\/#organization\",\"name\":\"Food4animals\",\"url\":\"https:\\\/\\\/www.food4animals.nl\\\/en\\\/\",\"logo\":{\"@type\":\"ImageObject\",\"inLanguage\":\"de\",\"@id\":\"https:\\\/\\\/www.food4animals.nl\\\/en\\\/#\\\/schema\\\/logo\\\/image\\\/\",\"url\":\"https:\\\/\\\/www.food4animals.nl\\\/wp-content\\\/uploads\\\/2023\\\/10\\\/Logo.svg\",\"contentUrl\":\"https:\\\/\\\/www.food4animals.nl\\\/wp-content\\\/uploads\\\/2023\\\/10\\\/Logo.svg\",\"width\":1,\"height\":1,\"caption\":\"Food4animals\"},\"image\":{\"@id\":\"https:\\\/\\\/www.food4animals.nl\\\/en\\\/#\\\/schema\\\/logo\\\/image\\\/\"},\"sameAs\":[\"https:\\\/\\\/www.facebook.com\\\/p\\\/Food4animals-100063861676074\\\/\",\"https:\\\/\\\/x.com\\\/food4animals\"]}]}<\/script>\n<!-- \/ Yoast SEO plugin. -->","yoast_head_json":{"title":"Wespen-Imkerjas met hor.+vert. rits maat XL - Food4animals","robots":{"index":"index","follow":"follow","max-snippet":"max-snippet:-1","max-image-preview":"max-image-preview:large","max-video-preview":"max-video-preview:-1"},"canonical":"https:\/\/www.food4animals.nl\/de\/produkt\/wespen-imkerjas-met-hor-vert-rits-maat-xl\/","og_locale":"de_DE","og_type":"article","og_title":"Wespen-Imkerjas met hor.+vert. rits maat XL - Food4animals","og_description":"Katoenen jas voor het veilig en comfortabel uitvoeren van wespenbestrijdingen en imkerdoeleinden.\u00a0","og_url":"https:\/\/www.food4animals.nl\/de\/produkt\/wespen-imkerjas-met-hor-vert-rits-maat-xl\/","og_site_name":"Food4animals","article_publisher":"https:\/\/www.facebook.com\/p\/Food4animals-100063861676074\/","article_modified_time":"2026-04-29T00:48:30+00:00","og_image":[{"width":573,"height":980,"url":"https:\/\/www.food4animals.nl\/wp-content\/uploads\/2025\/11\/WESP05.png","type":"image\/png"}],"twitter_card":"summary_large_image","twitter_site":"@food4animals","schema":{"@context":"https:\/\/schema.org","@graph":[{"@type":"WebPage","@id":"https:\/\/www.food4animals.nl\/product\/wespen-imkerjas-met-hor-vert-rits-maat-xl\/","url":"https:\/\/www.food4animals.nl\/product\/wespen-imkerjas-met-hor-vert-rits-maat-xl\/","name":"Wespen-Imkerjas met hor.+vert. rits maat XL - Food4animals","isPartOf":{"@id":"https:\/\/www.food4animals.nl\/en\/#website"},"primaryImageOfPage":{"@id":"https:\/\/www.food4animals.nl\/product\/wespen-imkerjas-met-hor-vert-rits-maat-xl\/#primaryimage"},"image":{"@id":"https:\/\/www.food4animals.nl\/product\/wespen-imkerjas-met-hor-vert-rits-maat-xl\/#primaryimage"},"thumbnailUrl":"https:\/\/www.food4animals.nl\/wp-content\/uploads\/2025\/11\/WESP05.png","datePublished":"2023-12-14T22:46:00+00:00","dateModified":"2026-04-29T00:48:30+00:00","breadcrumb":{"@id":"https:\/\/www.food4animals.nl\/product\/wespen-imkerjas-met-hor-vert-rits-maat-xl\/#breadcrumb"},"inLanguage":"de","potentialAction":[{"@type":"ReadAction","target":["https:\/\/www.food4animals.nl\/product\/wespen-imkerjas-met-hor-vert-rits-maat-xl\/"]}]},{"@type":"ImageObject","inLanguage":"de","@id":"https:\/\/www.food4animals.nl\/product\/wespen-imkerjas-met-hor-vert-rits-maat-xl\/#primaryimage","url":"https:\/\/www.food4animals.nl\/wp-content\/uploads\/2025\/11\/WESP05.png","contentUrl":"https:\/\/www.food4animals.nl\/wp-content\/uploads\/2025\/11\/WESP05.png","width":573,"height":980},{"@type":"BreadcrumbList","@id":"https:\/\/www.food4animals.nl\/product\/wespen-imkerjas-met-hor-vert-rits-maat-xl\/#breadcrumb","itemListElement":[{"@type":"ListItem","position":1,"name":"Home","item":"https:\/\/www.food4animals.nl\/"},{"@type":"ListItem","position":2,"name":"Winkel","item":"https:\/\/www.food4animals.nl\/winkel\/"},{"@type":"ListItem","position":3,"name":"Wespen-Imkerjas met hor.+vert. rits maat XL"}]},{"@type":"WebSite","@id":"https:\/\/www.food4animals.nl\/en\/#website","url":"https:\/\/www.food4animals.nl\/en\/","name":"Lebensmittel4Tiere","description":"Alles f\u00fcr Reiter und Tier","publisher":{"@id":"https:\/\/www.food4animals.nl\/en\/#organization"},"potentialAction":[{"@type":"SearchAction","target":{"@type":"EntryPoint","urlTemplate":"https:\/\/www.food4animals.nl\/en\/?s={search_term_string}"},"query-input":{"@type":"PropertyValueSpecification","valueRequired":true,"valueName":"search_term_string"}}],"inLanguage":"de"},{"@type":"Organization","@id":"https:\/\/www.food4animals.nl\/en\/#organization","name":"Lebensmittel4Tiere","url":"https:\/\/www.food4animals.nl\/en\/","logo":{"@type":"ImageObject","inLanguage":"de","@id":"https:\/\/www.food4animals.nl\/en\/#\/schema\/logo\/image\/","url":"https:\/\/www.food4animals.nl\/wp-content\/uploads\/2023\/10\/Logo.svg","contentUrl":"https:\/\/www.food4animals.nl\/wp-content\/uploads\/2023\/10\/Logo.svg","width":1,"height":1,"caption":"Food4animals"},"image":{"@id":"https:\/\/www.food4animals.nl\/en\/#\/schema\/logo\/image\/"},"sameAs":["https:\/\/www.facebook.com\/p\/Food4animals-100063861676074\/","https:\/\/x.com\/food4animals"]}]}},"_links":{"self":[{"href":"https:\/\/www.food4animals.nl\/de\/wp-json\/wp\/v2\/product\/17329","targetHints":{"allow":["GET"]}}],"collection":[{"href":"https:\/\/www.food4animals.nl\/de\/wp-json\/wp\/v2\/product"}],"about":[{"href":"https:\/\/www.food4animals.nl\/de\/wp-json\/wp\/v2\/types\/product"}],"wp:featuredmedia":[{"embeddable":true,"href":"https:\/\/www.food4animals.nl\/de\/wp-json\/wp\/v2\/media\/42388"}],"wp:attachment":[{"href":"https:\/\/www.food4animals.nl\/de\/wp-json\/wp\/v2\/media?parent=17329"}],"wp:term":[{"taxonomy":"product_brand","embeddable":true,"href":"https:\/\/www.food4animals.nl\/de\/wp-json\/wp\/v2\/product_brand?post=17329"},{"taxonomy":"product_cat","embeddable":true,"href":"https:\/\/www.food4animals.nl\/de\/wp-json\/wp\/v2\/product_cat?post=17329"},{"taxonomy":"product_tag","embeddable":true,"href":"https:\/\/www.food4animals.nl\/de\/wp-json\/wp\/v2\/product_tag?post=17329"}],"curies":[{"name":"wp","href":"https:\/\/api.w.org\/{rel}","templated":true}]}}