{"id":17493,"date":"2023-12-14T23:07:55","date_gmt":"2023-12-14T23:07:55","guid":{"rendered":"https:\/\/food4animals.nl\/product\/wolsit-kd-10\/"},"modified":"2026-04-13T01:56:29","modified_gmt":"2026-04-13T00:56:29","slug":"wolsit-kd-10","status":"publish","type":"product","link":"https:\/\/www.food4animals.nl\/de\/produkt\/wolsit-kd-10\/","title":{"rendered":"Wolsit KD 10"},"content":{"rendered":"<p><span style=\"font-size: 10pt;\"><strong>Wolsit KD 10<\/strong><\/span><br \/><span style=\"font-size: 10pt;\">Konservierungsmittel zur vorbeugenden Behandlung von Holz im Innenbereich gegen Echten Hausschwamm durch Spr\u00fchen oder B\u00fcgeln. Konservierungsmittel zur kurativen Behandlung von Innenw\u00e4nden gegen Echten Hausschwamm zur Verhinderung des Befalls von angrenzendem Holz durch Bohrlochinjektion, Bohrlochtr\u00e4nkung, Bespr\u00fchen oder Abb\u00fcgeln. Das Mittel ist ein Konzentrat und sollte mit Wasser verd\u00fcnnt werden.<\/span><br \/><span style=\"font-size: 10pt;\">\u00a0<\/span><br \/><span style=\"font-size: 10pt;\"><strong>Wolsit KD 10 verhindert und bek\u00e4mpft alle wichtigen Holzf\u00e4ulepilze:<\/strong><\/span><br \/><span style=\"font-size: 10pt;\">- Wei\u00dff\u00e4ulepilz<\/span><br \/><span style=\"font-size: 10pt;\">- Braunf\u00e4ulepilz<\/span><br \/><span style=\"font-size: 10pt;\">- Blaue Form<\/span><br \/><span style=\"font-size: 10pt;\">- Oberfl\u00e4che Form<\/span><br \/><span style=\"font-size: 10pt;\">\u00a0<\/span><br \/><span style=\"font-size: 10pt;\">Die Anwendung dieses Produkts ist in Gegenwart von Kleinkindern nicht eingeschr\u00e4nkt, und das Etikett enth\u00e4lt nicht den Warnhinweis \"Nicht in Bereichen anwenden, die f\u00fcr Kinder von 0-4 Jahren zug\u00e4nglich sind\".<\/span><br \/><span style=\"font-size: 10pt;\">\u00a0<\/span><br \/><span style=\"font-size: 10pt;\"><strong>Anmeldung<\/strong><\/span><br \/><span style=\"font-size: 10pt;\">Die zu behandelnde Oberfl\u00e4che unter niedrigem Druck mit einem groben Tropfen (MEST3595P) bespr\u00fchen, b\u00fcgeln, bohren oder in die Problembereiche einspr\u00fchen. Nach der Behandlung mit diesem Produkt und der richtigen Trocknung (1-3 Tage) kann das Holz gestrichen werden.<\/span><br \/><span style=\"font-size: 10pt;\">\u00a0<\/span><br \/><span style=\"font-size: 10pt;\"><strong>Dosierung<\/strong><\/span><br \/><span style=\"text-decoration: underline; font-size: 10pt;\">Holz: <\/span><br \/><span style=\"font-size: 10pt;\">5 g Wolsit KD10\/m\u00b2, d.h. 200 ml\/m\u00b2 mit einer 2,5%-L\u00f6sung (= 25 ml\/1 ltr).<\/span><\/p>\n<p><span style=\"text-decoration: underline; font-size: 10pt;\">Mauern (Bohrlochinjektion und Spritzen): <\/span><br \/><span style=\"font-size: 10pt;\">5 g Wolsit KD10\/m\u00b2, d.h. 500 ml\/m\u00b2 mit einer 1%-L\u00f6sung (= 10 ml\/1 ltr).<\/span><br \/><span style=\"font-size: 10pt;\"><strong><br \/>Wirkstoff<\/strong>\u00a0<\/span><br \/><span style=\"font-size: 10pt;\">Propiconazol 45 g\/l<\/span><br \/><span style=\"font-size: 10pt;\">\u00a0<\/span><br \/><span style=\"font-size: 10pt;\"><strong>Inhalt<\/strong><\/span><br \/><span style=\"font-size: 10pt;\">5 l<\/span><\/p>\n<p><span style=\"font-size: 10pt;\"><strong>Zulassung<\/strong><\/span><br \/><span style=\"font-size: 10pt;\">Zulassungsnummer: <a href=\"https:\/\/toelatingen.ctgb.nl\/nl\/authorisations\/2364\" target=\"_blank\" rel=\"noopener\">NL-0002643-0000<\/a><\/span> <br \/><span style=\"font-size: 10pt;\">Wolsit KD 10 sicher verwenden. Vor Gebrauch stets Kennzeichnung und Produktinformation lesen! F\u00fcr Anwendung und Gebrauch, siehe die <a href=\"https:\/\/ctgb-prd.s3.eu-central-1.amazonaws.com\/3e00ed4ef232591f05a0906f68fd4d62_20221837_spc+Wolsit+KD+10+NL+nl+202210191638++WGGA.pdf\" target=\"_blank\" rel=\"noopener\">Rechtliche Hinweise \/ Gebrauchsanweisungen<\/a>.<\/span><\/p>","protected":false},"excerpt":{"rendered":"<p>Zur vorbeugenden Behandlung von Holz im Innenbereich gegen echten Hauspilz durch Spr\u00fchen oder Streichen.<\/p>","protected":false},"featured_media":42469,"template":"","meta":{"_acf_changed":false},"product_brand":[],"product_cat":[2928,1196],"product_tag":[2932,3093,2772],"class_list":{"0":"post-17493","1":"product","2":"type-product","3":"status-publish","4":"has-post-thumbnail","6":"product_cat-houtworm-boktor","7":"product_cat-ongedierte","8":"product_tag-professional","9":"product_tag-wolsit","10":"product_tag-worm","11":"tax_brand-wolsit","13":"first","14":"instock","15":"taxable","16":"shipping-taxable","17":"purchasable","18":"product-type-simple"},"acf":[],"yoast_head":"<!-- This site is optimized with the Yoast SEO plugin v27.2 - https:\/\/yoast.com\/product\/yoast-seo-wordpress\/ -->\n<title>Wolsit KD 10 - Food4animals<\/title>\n<meta name=\"robots\" content=\"index, follow, max-snippet:-1, max-image-preview:large, max-video-preview:-1\" \/>\n<link rel=\"canonical\" href=\"https:\/\/www.food4animals.nl\/de\/produkt\/wolsit-kd-10\/\" \/>\n<meta property=\"og:locale\" content=\"de_DE\" \/>\n<meta property=\"og:type\" content=\"article\" \/>\n<meta property=\"og:title\" content=\"Wolsit KD 10 - Food4animals\" \/>\n<meta property=\"og:description\" content=\"Voor het preventief behandelen van hout binnenshuis tegen echte huiszwam door middel van spuiten of strijken.\" \/>\n<meta property=\"og:url\" content=\"https:\/\/www.food4animals.nl\/de\/produkt\/wolsit-kd-10\/\" \/>\n<meta property=\"og:site_name\" content=\"Food4animals\" \/>\n<meta property=\"article:publisher\" content=\"https:\/\/www.facebook.com\/p\/Food4animals-100063861676074\/\" \/>\n<meta property=\"article:modified_time\" content=\"2026-04-13T00:56:29+00:00\" \/>\n<meta property=\"og:image\" content=\"https:\/\/www.food4animals.nl\/wp-content\/uploads\/2025\/11\/WOLS0005.png\" \/>\n\t<meta property=\"og:image:width\" content=\"777\" \/>\n\t<meta property=\"og:image:height\" content=\"980\" \/>\n\t<meta property=\"og:image:type\" content=\"image\/png\" \/>\n<meta name=\"twitter:card\" content=\"summary_large_image\" \/>\n<meta name=\"twitter:site\" content=\"@food4animals\" \/>\n<meta name=\"twitter:label1\" content=\"Gesch\u00e4tzte Lesezeit\" \/>\n\t<meta name=\"twitter:data1\" content=\"1\u00a0Minute\" \/>\n<script type=\"application\/ld+json\" class=\"yoast-schema-graph\">{\"@context\":\"https:\/\/schema.org\",\"@graph\":[{\"@type\":\"WebPage\",\"@id\":\"https:\/\/www.food4animals.nl\/product\/wolsit-kd-10\/\",\"url\":\"https:\/\/www.food4animals.nl\/product\/wolsit-kd-10\/\",\"name\":\"Wolsit KD 10 - Food4animals\",\"isPartOf\":{\"@id\":\"https:\/\/www.food4animals.nl\/en\/#website\"},\"primaryImageOfPage\":{\"@id\":\"https:\/\/www.food4animals.nl\/product\/wolsit-kd-10\/#primaryimage\"},\"image\":{\"@id\":\"https:\/\/www.food4animals.nl\/product\/wolsit-kd-10\/#primaryimage\"},\"thumbnailUrl\":\"https:\/\/www.food4animals.nl\/wp-content\/uploads\/2025\/11\/WOLS0005.png\",\"datePublished\":\"2023-12-14T23:07:55+00:00\",\"dateModified\":\"2026-04-13T00:56:29+00:00\",\"breadcrumb\":{\"@id\":\"https:\/\/www.food4animals.nl\/product\/wolsit-kd-10\/#breadcrumb\"},\"inLanguage\":\"de\",\"potentialAction\":[{\"@type\":\"ReadAction\",\"target\":[\"https:\/\/www.food4animals.nl\/product\/wolsit-kd-10\/\"]}]},{\"@type\":\"ImageObject\",\"inLanguage\":\"de\",\"@id\":\"https:\/\/www.food4animals.nl\/product\/wolsit-kd-10\/#primaryimage\",\"url\":\"https:\/\/www.food4animals.nl\/wp-content\/uploads\/2025\/11\/WOLS0005.png\",\"contentUrl\":\"https:\/\/www.food4animals.nl\/wp-content\/uploads\/2025\/11\/WOLS0005.png\",\"width\":777,\"height\":980},{\"@type\":\"BreadcrumbList\",\"@id\":\"https:\/\/www.food4animals.nl\/product\/wolsit-kd-10\/#breadcrumb\",\"itemListElement\":[{\"@type\":\"ListItem\",\"position\":1,\"name\":\"Home\",\"item\":\"https:\/\/www.food4animals.nl\/\"},{\"@type\":\"ListItem\",\"position\":2,\"name\":\"Winkel\",\"item\":\"https:\/\/www.food4animals.nl\/winkel\/\"},{\"@type\":\"ListItem\",\"position\":3,\"name\":\"Wolsit KD 10\"}]},{\"@type\":\"WebSite\",\"@id\":\"https:\/\/www.food4animals.nl\/en\/#website\",\"url\":\"https:\/\/www.food4animals.nl\/en\/\",\"name\":\"Food4animals\",\"description\":\"Alles voor Ruiter en Dier\",\"publisher\":{\"@id\":\"https:\/\/www.food4animals.nl\/en\/#organization\"},\"potentialAction\":[{\"@type\":\"SearchAction\",\"target\":{\"@type\":\"EntryPoint\",\"urlTemplate\":\"https:\/\/www.food4animals.nl\/en\/?s={search_term_string}\"},\"query-input\":{\"@type\":\"PropertyValueSpecification\",\"valueRequired\":true,\"valueName\":\"search_term_string\"}}],\"inLanguage\":\"de\"},{\"@type\":\"Organization\",\"@id\":\"https:\/\/www.food4animals.nl\/en\/#organization\",\"name\":\"Food4animals\",\"url\":\"https:\/\/www.food4animals.nl\/en\/\",\"logo\":{\"@type\":\"ImageObject\",\"inLanguage\":\"de\",\"@id\":\"https:\/\/www.food4animals.nl\/en\/#\/schema\/logo\/image\/\",\"url\":\"https:\/\/www.food4animals.nl\/wp-content\/uploads\/2023\/10\/Logo.svg\",\"contentUrl\":\"https:\/\/www.food4animals.nl\/wp-content\/uploads\/2023\/10\/Logo.svg\",\"width\":1,\"height\":1,\"caption\":\"Food4animals\"},\"image\":{\"@id\":\"https:\/\/www.food4animals.nl\/en\/#\/schema\/logo\/image\/\"},\"sameAs\":[\"https:\/\/www.facebook.com\/p\/Food4animals-100063861676074\/\",\"https:\/\/x.com\/food4animals\"]}]}<\/script>\n<!-- \/ Yoast SEO plugin. -->","yoast_head_json":{"title":"Wolsit KD 10 - Food4animals","robots":{"index":"index","follow":"follow","max-snippet":"max-snippet:-1","max-image-preview":"max-image-preview:large","max-video-preview":"max-video-preview:-1"},"canonical":"https:\/\/www.food4animals.nl\/de\/produkt\/wolsit-kd-10\/","og_locale":"de_DE","og_type":"article","og_title":"Wolsit KD 10 - Food4animals","og_description":"Voor het preventief behandelen van hout binnenshuis tegen echte huiszwam door middel van spuiten of strijken.","og_url":"https:\/\/www.food4animals.nl\/de\/produkt\/wolsit-kd-10\/","og_site_name":"Food4animals","article_publisher":"https:\/\/www.facebook.com\/p\/Food4animals-100063861676074\/","article_modified_time":"2026-04-13T00:56:29+00:00","og_image":[{"width":777,"height":980,"url":"https:\/\/www.food4animals.nl\/wp-content\/uploads\/2025\/11\/WOLS0005.png","type":"image\/png"}],"twitter_card":"summary_large_image","twitter_site":"@food4animals","twitter_misc":{"Gesch\u00e4tzte Lesezeit":"1\u00a0Minute"},"schema":{"@context":"https:\/\/schema.org","@graph":[{"@type":"WebPage","@id":"https:\/\/www.food4animals.nl\/product\/wolsit-kd-10\/","url":"https:\/\/www.food4animals.nl\/product\/wolsit-kd-10\/","name":"Wolsit KD 10 - Food4animals","isPartOf":{"@id":"https:\/\/www.food4animals.nl\/en\/#website"},"primaryImageOfPage":{"@id":"https:\/\/www.food4animals.nl\/product\/wolsit-kd-10\/#primaryimage"},"image":{"@id":"https:\/\/www.food4animals.nl\/product\/wolsit-kd-10\/#primaryimage"},"thumbnailUrl":"https:\/\/www.food4animals.nl\/wp-content\/uploads\/2025\/11\/WOLS0005.png","datePublished":"2023-12-14T23:07:55+00:00","dateModified":"2026-04-13T00:56:29+00:00","breadcrumb":{"@id":"https:\/\/www.food4animals.nl\/product\/wolsit-kd-10\/#breadcrumb"},"inLanguage":"de","potentialAction":[{"@type":"ReadAction","target":["https:\/\/www.food4animals.nl\/product\/wolsit-kd-10\/"]}]},{"@type":"ImageObject","inLanguage":"de","@id":"https:\/\/www.food4animals.nl\/product\/wolsit-kd-10\/#primaryimage","url":"https:\/\/www.food4animals.nl\/wp-content\/uploads\/2025\/11\/WOLS0005.png","contentUrl":"https:\/\/www.food4animals.nl\/wp-content\/uploads\/2025\/11\/WOLS0005.png","width":777,"height":980},{"@type":"BreadcrumbList","@id":"https:\/\/www.food4animals.nl\/product\/wolsit-kd-10\/#breadcrumb","itemListElement":[{"@type":"ListItem","position":1,"name":"Home","item":"https:\/\/www.food4animals.nl\/"},{"@type":"ListItem","position":2,"name":"Winkel","item":"https:\/\/www.food4animals.nl\/winkel\/"},{"@type":"ListItem","position":3,"name":"Wolsit KD 10"}]},{"@type":"WebSite","@id":"https:\/\/www.food4animals.nl\/en\/#website","url":"https:\/\/www.food4animals.nl\/en\/","name":"Lebensmittel4Tiere","description":"Alles f\u00fcr Reiter und Tier","publisher":{"@id":"https:\/\/www.food4animals.nl\/en\/#organization"},"potentialAction":[{"@type":"SearchAction","target":{"@type":"EntryPoint","urlTemplate":"https:\/\/www.food4animals.nl\/en\/?s={search_term_string}"},"query-input":{"@type":"PropertyValueSpecification","valueRequired":true,"valueName":"search_term_string"}}],"inLanguage":"de"},{"@type":"Organization","@id":"https:\/\/www.food4animals.nl\/en\/#organization","name":"Lebensmittel4Tiere","url":"https:\/\/www.food4animals.nl\/en\/","logo":{"@type":"ImageObject","inLanguage":"de","@id":"https:\/\/www.food4animals.nl\/en\/#\/schema\/logo\/image\/","url":"https:\/\/www.food4animals.nl\/wp-content\/uploads\/2023\/10\/Logo.svg","contentUrl":"https:\/\/www.food4animals.nl\/wp-content\/uploads\/2023\/10\/Logo.svg","width":1,"height":1,"caption":"Food4animals"},"image":{"@id":"https:\/\/www.food4animals.nl\/en\/#\/schema\/logo\/image\/"},"sameAs":["https:\/\/www.facebook.com\/p\/Food4animals-100063861676074\/","https:\/\/x.com\/food4animals"]}]}},"_links":{"self":[{"href":"https:\/\/www.food4animals.nl\/de\/wp-json\/wp\/v2\/product\/17493","targetHints":{"allow":["GET"]}}],"collection":[{"href":"https:\/\/www.food4animals.nl\/de\/wp-json\/wp\/v2\/product"}],"about":[{"href":"https:\/\/www.food4animals.nl\/de\/wp-json\/wp\/v2\/types\/product"}],"wp:featuredmedia":[{"embeddable":true,"href":"https:\/\/www.food4animals.nl\/de\/wp-json\/wp\/v2\/media\/42469"}],"wp:attachment":[{"href":"https:\/\/www.food4animals.nl\/de\/wp-json\/wp\/v2\/media?parent=17493"}],"wp:term":[{"taxonomy":"product_brand","embeddable":true,"href":"https:\/\/www.food4animals.nl\/de\/wp-json\/wp\/v2\/product_brand?post=17493"},{"taxonomy":"product_cat","embeddable":true,"href":"https:\/\/www.food4animals.nl\/de\/wp-json\/wp\/v2\/product_cat?post=17493"},{"taxonomy":"product_tag","embeddable":true,"href":"https:\/\/www.food4animals.nl\/de\/wp-json\/wp\/v2\/product_tag?post=17493"}],"curies":[{"name":"wp","href":"https:\/\/api.w.org\/{rel}","templated":true}]}}