{"id":17845,"date":"2023-12-31T09:09:52","date_gmt":"2023-12-31T08:09:52","guid":{"rendered":"https:\/\/food4animals.nl\/?post_type=product&#038;p=17845"},"modified":"2025-12-31T10:20:09","modified_gmt":"2025-12-31T09:20:09","slug":"pro-vitamin","status":"publish","type":"product","link":"https:\/\/www.food4animals.nl\/de\/produkt\/pro-vitamin\/","title":{"rendered":"Pro Vitamin"},"content":{"rendered":"<p><strong>Informationen zum Produkt<\/strong><\/p>\n<p>Vitella Pro-Vitamin ist eine konzentrierte Bakterien- und Hefekultur mit Vitaminen und Mineralien. Die Stoffwechselprodukte dieser Bakterien und Hefen tragen zusammen mit Vitaminen und Mineralstoffen zur Leistungssteigerung bei Pferden bei.<\/p>\n<p>Pro-Vitamin tr\u00e4gt zum Aufbau der Mikroflora im Magen-Darm-Trakt bei. Mit Hilfe dieser Mikroflora verdaut das Pferd Rohfasern aus Raufutter und Kraftfutter im Blinddarm. Sie produzieren das Enzym \"Cellulase\", das die Rohfaser aufspaltet und in fl\u00fcchtige Fetts\u00e4uren umwandelt, die durch die Darmwand absorbiert werden. Pro-Vitamin stimuliert das Wachstum dieser \"cellulitischen Bakterien\". Dadurch f\u00f6rdert es die ausgewogene Darmflora des Pferdes. Dies f\u00f6rdert die Verdauung: Die N\u00e4hrstoffe in der Ration werden effizienter genutzt. Ihr Pferd nimmt mehr Energie und Eiwei\u00df aus dem Raufutter auf. Durch das Vorhandensein von Zellulitisbakterien haben unerw\u00fcnschte Bakterien weniger Chancen.<\/p>\n<p>Zur Optimierung des Stoffwechsels werden nur geringe Mengen an Vitaminen und Mikromineralien ben\u00f6tigt, aber ein Mangel hat weitreichende Folgen. 40 Gramm Pro-Vitamin pro Tag versorgen ein erwachsenes Pferd (500 kg) mit 50% der empfohlenen Tagesmenge an Vitaminen und Mineralstoffen. Pro-vitamin sorgt daf\u00fcr, dass Ihr Pferd nach einem Leistungsabfall seine Fitness wiedererlangt. Pro-Vitamin ist auch f\u00fcr Senioren und Pferde mit Vitalit\u00e4tsverlusten geeignet. Pro-Vitamin unterst\u00fctzt die Verdauung, regt den Stoffwechsel an, f\u00f6rdert die Aufnahme von Mineralien und Vitaminen, erh\u00f6ht die Widerstandskraft, tr\u00e4gt zur Leistungssteigerung bei und sorgt f\u00fcr eine schnellere Erholung nach dem Training.<\/p>\n<p>Pro-Vitamin ist gut f\u00fcr den Zustand des Fells, stimuliert das Muskelwachstum und hat gesundheitliche Vorteile.<\/p>\n<p>&nbsp;<\/p>\n<table class=\"cke_show_border\" style=\"height: 608px;\" border=\"0\" width=\"847\" cellspacing=\"0\" cellpadding=\"0\">\n<tbody>\n<tr>\n<td colspan=\"2\"><strong>Inhalt<\/strong><\/td>\n<td colspan=\"2\"><strong>Zusatzstoffe pro kg.<\/strong><\/td>\n<td><\/td>\n<td><\/td>\n<\/tr>\n<tr>\n<td>N\u00e4hrwert<\/td>\n<td>Prozentsatz<\/td>\n<td>Ern\u00e4hrung<\/td>\n<td>Wert<\/td>\n<td>Einheit<\/td>\n<td>Element<\/td>\n<\/tr>\n<tr>\n<td>Kohlenhydrate<\/td>\n<td>20.0%<\/td>\n<td>Biotin (Vitamin H)<\/td>\n<td>19<\/td>\n<td>mcg<\/td>\n<td><\/td>\n<\/tr>\n<tr>\n<td>Davon Zucker<\/td>\n<td>1.3%<\/td>\n<td>Kobaltkarbonat (3b201)<\/td>\n<td>12,5 mg<\/td>\n<td>mg<\/td>\n<td>Kobalt (Co)<\/td>\n<\/tr>\n<tr>\n<td>Rohes Eiwei\u00df<\/td>\n<td>7.5%<\/td>\n<td>Fols\u00e4ure (Vitamin B6)<\/td>\n<td>150 mg<\/td>\n<td>mg<\/td>\n<td><\/td>\n<\/tr>\n<tr>\n<td>Rohes Fett<\/td>\n<td>1.5%<\/td>\n<td>E1 Fe-Sulfat-Monohydrat Eisen<\/td>\n<td>6175 mg<\/td>\n<td>mg<\/td>\n<td>Eisen (Fe)<\/td>\n<\/tr>\n<tr>\n<td>Rohe Asche<\/td>\n<td>46.0%<\/td>\n<td>E2 Kaliumjodid (3b201)<\/td>\n<td>12,6 mg<\/td>\n<td>mg<\/td>\n<td>\u00a0Jod (I)<\/td>\n<\/tr>\n<tr>\n<td>Rohfaser<\/td>\n<td>2.5%<\/td>\n<td>E4 Kupfersulfat-Pentahydrat<\/td>\n<td>1272 mg<\/td>\n<td>mg<\/td>\n<td>Kupfer (Cu)<\/td>\n<\/tr>\n<tr>\n<td>Kalzium<\/td>\n<td>6.0%<\/td>\n<td>E8 Natriumselenit<\/td>\n<td>37 mg<\/td>\n<td>mg<\/td>\n<td>Mangan (Mn)<\/td>\n<\/tr>\n<tr>\n<td>Phosphor (P)<\/td>\n<td>3.7%<\/td>\n<td>E5 Manganoxid<\/td>\n<td>5013<\/td>\n<td>mg<\/td>\n<td>Zink (Zn)<\/td>\n<\/tr>\n<tr>\n<td>Natrium<\/td>\n<td>3.9%<\/td>\n<td>Vitamin A (3a672)<\/td>\n<td>750.000<\/td>\n<td>I.E.<\/td>\n<td>Selen (Se)<\/td>\n<\/tr>\n<tr>\n<td>Magnesium<\/td>\n<td>1.5%<\/td>\n<td>Vitamin B1 (Thiamin)<\/td>\n<td>625<\/td>\n<td>mg<\/td>\n<td><\/td>\n<\/tr>\n<tr>\n<td>Kalium<\/td>\n<td>5.0%<\/td>\n<td>Vitamin B12 (Cynocobalamin)<\/td>\n<td>597<\/td>\n<td>mg<\/td>\n<td><\/td>\n<\/tr>\n<tr>\n<td><\/td>\n<td><\/td>\n<td>Vitamin B2 (Riboflavin)<\/td>\n<td>500<\/td>\n<td>mg<\/td>\n<td><\/td>\n<\/tr>\n<tr>\n<td><\/td>\n<td><\/td>\n<td>Vitamin B3 (Niacin 3a315)<\/td>\n<td>937<\/td>\n<td>mg<\/td>\n<td><\/td>\n<\/tr>\n<tr>\n<td><\/td>\n<td><\/td>\n<td>Vitamin B4 (Cholinchlorid)<\/td>\n<td>18<\/td>\n<td>mg<\/td>\n<td><\/td>\n<\/tr>\n<tr>\n<td><\/td>\n<td><\/td>\n<td>Vit B5 (Pantothens\u00e4ure) Calciumpantothenat 3a841<\/td>\n<td>625<\/td>\n<td>mg<\/td>\n<td><\/td>\n<\/tr>\n<tr>\n<td><\/td>\n<td><\/td>\n<td>Vitamin B6 Pyridoxin 3a831<\/td>\n<td>375<\/td>\n<td>mg<\/td>\n<td><\/td>\n<\/tr>\n<tr>\n<td><\/td>\n<td><\/td>\n<td>Vitamin C Ascorbins\u00e4ure E300<\/td>\n<td>12.500<\/td>\n<td>mg<\/td>\n<td><\/td>\n<\/tr>\n<tr>\n<td><\/td>\n<td><\/td>\n<td>\u00a0Vitamin D3 (E671)<\/td>\n<td>75.000<\/td>\n<td>I.E.<\/td>\n<td><\/td>\n<\/tr>\n<tr>\n<td><\/td>\n<td><\/td>\n<td>Vitamin E (Alpha-Tocopherylacetat 3a700)<\/td>\n<td>12.500<\/td>\n<td>mg<\/td>\n<td><\/td>\n<\/tr>\n<tr>\n<td><\/td>\n<td><\/td>\n<td>Vitamin K3 (Menadion)<\/td>\n<td>250<\/td>\n<td>mg<\/td>\n<td><\/td>\n<\/tr>\n<tr>\n<td><\/td>\n<td><\/td>\n<td>E6 Zinkoxid<\/td>\n<td>5002 mg<\/td>\n<td>mg<\/td>\n<td><\/td>\n<\/tr>\n<\/tbody>\n<\/table>\n<p>&nbsp;<\/p>\n<p><strong>Deklaration der Inhaltsstoffe:<\/strong><br \/>\nMagnesiumoxid schwer, Maisgrie\u00df, Pinsel, Roggenfuttermehl, Weizengrie\u00df, Maiskleberschrot, Di-Calciumphosphat, Kaliumchlorid, Natriumchlorid, Dextrose, Magnesiumoxid, all-rac-alpha-Tocopherylacetat (3a700), Ascorbins\u00e4ure (E300), Eisensulfat-Monohydrat (E1), Zinksulfat-Monohydrat (E6),   Kupfersulfat-Pentahydrat (E4), Nianacin (3a315), Calcium-D-Pantothenat (3a841), Thiamin, Cyanocobalamin, Riboflavin, Pyridoxin (3a831), Menadion, Fols\u00e4ure (3a316), Biotin (3a880), Natriumselenit (E8), Kaliumjodid (3b201), Kobaltcarbonat (3b304), Vit D3 (E671), Retinylacetat (3a672a).<\/p>\n<p>Vitella Horse care Pro Vitamin ist ein Erg\u00e4nzungsfuttermittel f\u00fcr Pferde<\/p>","protected":false},"excerpt":{"rendered":"<p>Vitella Pro-Vitamin ist eine konzentrierte Bakterien- und Hefekultur mit Vitaminen und Mineralien. Die Stoffwechselprodukte dieser Bakterien und Hefen tragen zusammen mit Vitaminen und Mineralstoffen zur Leistungssteigerung bei Pferden bei.<\/p>","protected":false},"featured_media":17846,"template":"","meta":{"_acf_changed":false},"product_brand":[],"product_cat":[993,1001],"product_tag":[3188,1531,3189],"class_list":{"0":"post-17845","1":"product","2":"type-product","3":"status-publish","4":"has-post-thumbnail","6":"product_cat-apotheek","7":"product_cat-supplementen","8":"product_tag-darmen","9":"product_tag-spijsvertering","10":"product_tag-stofwisseling","11":"tax_brand-vitella-horse-care","13":"first","14":"instock","15":"taxable","16":"shipping-taxable","17":"purchasable","18":"product-type-variable"},"acf":[],"yoast_head":"<!-- This site is optimized with the Yoast SEO plugin v27.2 - https:\/\/yoast.com\/product\/yoast-seo-wordpress\/ -->\n<title>Pro Vitamine - Food4animals<\/title>\n<meta name=\"description\" content=\"Vitella Pro-vitamine is een geconcentreerde bacterie- en gistcultuur met vitaminen en mineralen. De stofwisselingsproducten van deze bacteri\u00ebn en gisten samen met de vitamines en mineralen helpen prestaties bij paarden te verbeteren.\u00a0\" \/>\n<meta name=\"robots\" content=\"index, follow, max-snippet:-1, max-image-preview:large, max-video-preview:-1\" \/>\n<link rel=\"canonical\" href=\"https:\/\/www.food4animals.nl\/de\/produkt\/pro-vitamin\/\" \/>\n<meta property=\"og:locale\" content=\"de_DE\" \/>\n<meta property=\"og:type\" content=\"article\" \/>\n<meta property=\"og:title\" content=\"Pro Vitamine - Food4animals\" \/>\n<meta property=\"og:description\" content=\"Vitella Pro-vitamine is een geconcentreerde bacterie- en gistcultuur met vitaminen en mineralen. De stofwisselingsproducten van deze bacteri\u00ebn en gisten samen met de vitamines en mineralen helpen prestaties bij paarden te verbeteren.\u00a0\" \/>\n<meta property=\"og:url\" content=\"https:\/\/www.food4animals.nl\/de\/produkt\/pro-vitamin\/\" \/>\n<meta property=\"og:site_name\" content=\"Food4animals\" \/>\n<meta property=\"article:publisher\" content=\"https:\/\/www.facebook.com\/p\/Food4animals-100063861676074\/\" \/>\n<meta property=\"article:modified_time\" content=\"2025-12-31T09:20:09+00:00\" \/>\n<meta property=\"og:image\" content=\"https:\/\/www.food4animals.nl\/wp-content\/uploads\/2023\/12\/Pro-Vitamine.jpg\" \/>\n\t<meta property=\"og:image:width\" content=\"500\" \/>\n\t<meta property=\"og:image:height\" content=\"500\" \/>\n\t<meta property=\"og:image:type\" content=\"image\/jpeg\" \/>\n<meta name=\"twitter:card\" content=\"summary_large_image\" \/>\n<meta name=\"twitter:site\" content=\"@food4animals\" \/>\n<meta name=\"twitter:label1\" content=\"Gesch\u00e4tzte Lesezeit\" \/>\n\t<meta name=\"twitter:data1\" content=\"3\u00a0Minuten\" \/>\n<script type=\"application\/ld+json\" class=\"yoast-schema-graph\">{\"@context\":\"https:\/\/schema.org\",\"@graph\":[{\"@type\":\"WebPage\",\"@id\":\"https:\/\/www.food4animals.nl\/product\/pro-vitamine\/\",\"url\":\"https:\/\/www.food4animals.nl\/product\/pro-vitamine\/\",\"name\":\"Pro Vitamine - Food4animals\",\"isPartOf\":{\"@id\":\"https:\/\/www.food4animals.nl\/en\/#website\"},\"primaryImageOfPage\":{\"@id\":\"https:\/\/www.food4animals.nl\/product\/pro-vitamine\/#primaryimage\"},\"image\":{\"@id\":\"https:\/\/www.food4animals.nl\/product\/pro-vitamine\/#primaryimage\"},\"thumbnailUrl\":\"https:\/\/www.food4animals.nl\/wp-content\/uploads\/2023\/12\/Pro-Vitamine.jpg\",\"datePublished\":\"2023-12-31T08:09:52+00:00\",\"dateModified\":\"2025-12-31T09:20:09+00:00\",\"description\":\"Vitella Pro-vitamine is een geconcentreerde bacterie- en gistcultuur met vitaminen en mineralen. De stofwisselingsproducten van deze bacteri\u00ebn en gisten samen met de vitamines en mineralen helpen prestaties bij paarden te verbeteren.\u00a0\",\"breadcrumb\":{\"@id\":\"https:\/\/www.food4animals.nl\/product\/pro-vitamine\/#breadcrumb\"},\"inLanguage\":\"de\",\"potentialAction\":[{\"@type\":\"ReadAction\",\"target\":[\"https:\/\/www.food4animals.nl\/product\/pro-vitamine\/\"]}]},{\"@type\":\"ImageObject\",\"inLanguage\":\"de\",\"@id\":\"https:\/\/www.food4animals.nl\/product\/pro-vitamine\/#primaryimage\",\"url\":\"https:\/\/www.food4animals.nl\/wp-content\/uploads\/2023\/12\/Pro-Vitamine.jpg\",\"contentUrl\":\"https:\/\/www.food4animals.nl\/wp-content\/uploads\/2023\/12\/Pro-Vitamine.jpg\",\"width\":500,\"height\":500},{\"@type\":\"BreadcrumbList\",\"@id\":\"https:\/\/www.food4animals.nl\/product\/pro-vitamine\/#breadcrumb\",\"itemListElement\":[{\"@type\":\"ListItem\",\"position\":1,\"name\":\"Home\",\"item\":\"https:\/\/www.food4animals.nl\/\"},{\"@type\":\"ListItem\",\"position\":2,\"name\":\"Winkel\",\"item\":\"https:\/\/www.food4animals.nl\/winkel\/\"},{\"@type\":\"ListItem\",\"position\":3,\"name\":\"Pro Vitamine\"}]},{\"@type\":\"WebSite\",\"@id\":\"https:\/\/www.food4animals.nl\/en\/#website\",\"url\":\"https:\/\/www.food4animals.nl\/en\/\",\"name\":\"Food4animals\",\"description\":\"Alles voor Ruiter en Dier\",\"publisher\":{\"@id\":\"https:\/\/www.food4animals.nl\/en\/#organization\"},\"potentialAction\":[{\"@type\":\"SearchAction\",\"target\":{\"@type\":\"EntryPoint\",\"urlTemplate\":\"https:\/\/www.food4animals.nl\/en\/?s={search_term_string}\"},\"query-input\":{\"@type\":\"PropertyValueSpecification\",\"valueRequired\":true,\"valueName\":\"search_term_string\"}}],\"inLanguage\":\"de\"},{\"@type\":\"Organization\",\"@id\":\"https:\/\/www.food4animals.nl\/en\/#organization\",\"name\":\"Food4animals\",\"url\":\"https:\/\/www.food4animals.nl\/en\/\",\"logo\":{\"@type\":\"ImageObject\",\"inLanguage\":\"de\",\"@id\":\"https:\/\/www.food4animals.nl\/en\/#\/schema\/logo\/image\/\",\"url\":\"https:\/\/www.food4animals.nl\/wp-content\/uploads\/2023\/10\/Logo.svg\",\"contentUrl\":\"https:\/\/www.food4animals.nl\/wp-content\/uploads\/2023\/10\/Logo.svg\",\"width\":1,\"height\":1,\"caption\":\"Food4animals\"},\"image\":{\"@id\":\"https:\/\/www.food4animals.nl\/en\/#\/schema\/logo\/image\/\"},\"sameAs\":[\"https:\/\/www.facebook.com\/p\/Food4animals-100063861676074\/\",\"https:\/\/x.com\/food4animals\"]}]}<\/script>\n<!-- \/ Yoast SEO plugin. -->","yoast_head_json":{"title":"Pro Vitamin - Lebensmittel4Tiere","description":"Vitella Pro-Vitamin ist eine konzentrierte Bakterien- und Hefekultur mit Vitaminen und Mineralien. Die Stoffwechselprodukte dieser Bakterien und Hefen tragen zusammen mit Vitaminen und Mineralstoffen zur Leistungssteigerung bei Pferden bei.\u00a0","robots":{"index":"index","follow":"follow","max-snippet":"max-snippet:-1","max-image-preview":"max-image-preview:large","max-video-preview":"max-video-preview:-1"},"canonical":"https:\/\/www.food4animals.nl\/de\/produkt\/pro-vitamin\/","og_locale":"de_DE","og_type":"article","og_title":"Pro Vitamine - Food4animals","og_description":"Vitella Pro-vitamine is een geconcentreerde bacterie- en gistcultuur met vitaminen en mineralen. De stofwisselingsproducten van deze bacteri\u00ebn en gisten samen met de vitamines en mineralen helpen prestaties bij paarden te verbeteren.\u00a0","og_url":"https:\/\/www.food4animals.nl\/de\/produkt\/pro-vitamin\/","og_site_name":"Food4animals","article_publisher":"https:\/\/www.facebook.com\/p\/Food4animals-100063861676074\/","article_modified_time":"2025-12-31T09:20:09+00:00","og_image":[{"width":500,"height":500,"url":"https:\/\/www.food4animals.nl\/wp-content\/uploads\/2023\/12\/Pro-Vitamine.jpg","type":"image\/jpeg"}],"twitter_card":"summary_large_image","twitter_site":"@food4animals","twitter_misc":{"Gesch\u00e4tzte Lesezeit":"3\u00a0Minuten"},"schema":{"@context":"https:\/\/schema.org","@graph":[{"@type":"WebPage","@id":"https:\/\/www.food4animals.nl\/product\/pro-vitamine\/","url":"https:\/\/www.food4animals.nl\/product\/pro-vitamine\/","name":"Pro Vitamin - Lebensmittel4Tiere","isPartOf":{"@id":"https:\/\/www.food4animals.nl\/en\/#website"},"primaryImageOfPage":{"@id":"https:\/\/www.food4animals.nl\/product\/pro-vitamine\/#primaryimage"},"image":{"@id":"https:\/\/www.food4animals.nl\/product\/pro-vitamine\/#primaryimage"},"thumbnailUrl":"https:\/\/www.food4animals.nl\/wp-content\/uploads\/2023\/12\/Pro-Vitamine.jpg","datePublished":"2023-12-31T08:09:52+00:00","dateModified":"2025-12-31T09:20:09+00:00","description":"Vitella Pro-Vitamin ist eine konzentrierte Bakterien- und Hefekultur mit Vitaminen und Mineralien. Die Stoffwechselprodukte dieser Bakterien und Hefen tragen zusammen mit Vitaminen und Mineralstoffen zur Leistungssteigerung bei Pferden bei.\u00a0","breadcrumb":{"@id":"https:\/\/www.food4animals.nl\/product\/pro-vitamine\/#breadcrumb"},"inLanguage":"de","potentialAction":[{"@type":"ReadAction","target":["https:\/\/www.food4animals.nl\/product\/pro-vitamine\/"]}]},{"@type":"ImageObject","inLanguage":"de","@id":"https:\/\/www.food4animals.nl\/product\/pro-vitamine\/#primaryimage","url":"https:\/\/www.food4animals.nl\/wp-content\/uploads\/2023\/12\/Pro-Vitamine.jpg","contentUrl":"https:\/\/www.food4animals.nl\/wp-content\/uploads\/2023\/12\/Pro-Vitamine.jpg","width":500,"height":500},{"@type":"BreadcrumbList","@id":"https:\/\/www.food4animals.nl\/product\/pro-vitamine\/#breadcrumb","itemListElement":[{"@type":"ListItem","position":1,"name":"Home","item":"https:\/\/www.food4animals.nl\/"},{"@type":"ListItem","position":2,"name":"Winkel","item":"https:\/\/www.food4animals.nl\/winkel\/"},{"@type":"ListItem","position":3,"name":"Pro Vitamine"}]},{"@type":"WebSite","@id":"https:\/\/www.food4animals.nl\/en\/#website","url":"https:\/\/www.food4animals.nl\/en\/","name":"Lebensmittel4Tiere","description":"Alles f\u00fcr Reiter und Tier","publisher":{"@id":"https:\/\/www.food4animals.nl\/en\/#organization"},"potentialAction":[{"@type":"SearchAction","target":{"@type":"EntryPoint","urlTemplate":"https:\/\/www.food4animals.nl\/en\/?s={search_term_string}"},"query-input":{"@type":"PropertyValueSpecification","valueRequired":true,"valueName":"search_term_string"}}],"inLanguage":"de"},{"@type":"Organization","@id":"https:\/\/www.food4animals.nl\/en\/#organization","name":"Lebensmittel4Tiere","url":"https:\/\/www.food4animals.nl\/en\/","logo":{"@type":"ImageObject","inLanguage":"de","@id":"https:\/\/www.food4animals.nl\/en\/#\/schema\/logo\/image\/","url":"https:\/\/www.food4animals.nl\/wp-content\/uploads\/2023\/10\/Logo.svg","contentUrl":"https:\/\/www.food4animals.nl\/wp-content\/uploads\/2023\/10\/Logo.svg","width":1,"height":1,"caption":"Food4animals"},"image":{"@id":"https:\/\/www.food4animals.nl\/en\/#\/schema\/logo\/image\/"},"sameAs":["https:\/\/www.facebook.com\/p\/Food4animals-100063861676074\/","https:\/\/x.com\/food4animals"]}]}},"_links":{"self":[{"href":"https:\/\/www.food4animals.nl\/de\/wp-json\/wp\/v2\/product\/17845","targetHints":{"allow":["GET"]}}],"collection":[{"href":"https:\/\/www.food4animals.nl\/de\/wp-json\/wp\/v2\/product"}],"about":[{"href":"https:\/\/www.food4animals.nl\/de\/wp-json\/wp\/v2\/types\/product"}],"wp:featuredmedia":[{"embeddable":true,"href":"https:\/\/www.food4animals.nl\/de\/wp-json\/wp\/v2\/media\/17846"}],"wp:attachment":[{"href":"https:\/\/www.food4animals.nl\/de\/wp-json\/wp\/v2\/media?parent=17845"}],"wp:term":[{"taxonomy":"product_brand","embeddable":true,"href":"https:\/\/www.food4animals.nl\/de\/wp-json\/wp\/v2\/product_brand?post=17845"},{"taxonomy":"product_cat","embeddable":true,"href":"https:\/\/www.food4animals.nl\/de\/wp-json\/wp\/v2\/product_cat?post=17845"},{"taxonomy":"product_tag","embeddable":true,"href":"https:\/\/www.food4animals.nl\/de\/wp-json\/wp\/v2\/product_tag?post=17845"}],"curies":[{"name":"wp","href":"https:\/\/api.w.org\/{rel}","templated":true}]}}