{"id":17850,"date":"2023-12-31T09:18:57","date_gmt":"2023-12-31T08:18:57","guid":{"rendered":"https:\/\/food4animals.nl\/?post_type=product&#038;p=17850"},"modified":"2026-03-30T19:34:11","modified_gmt":"2026-03-30T18:34:11","slug":"17850","status":"publish","type":"product","link":"https:\/\/www.food4animals.nl\/de\/produkt\/17850\/","title":{"rendered":"Lamifinitis"},"content":{"rendered":"<p>Beschreibung des Produkts.<\/p>\n<p><em>Ohne Huf kein Pferd.<\/em>\u00a0Um die Hufgesundheit zu erhalten, ist eine Kombination aus guter Ration, ausreichender Bewegung und optimaler Widerstandsf\u00e4higkeit unerl\u00e4sslich. Um die Hufgesundheit zu f\u00f6rdern, ist Lamifinitis eine ausgezeichnete (vor\u00fcbergehende) Erg\u00e4nzung der Ration.<\/p>\n<p>Lamifinitis enth\u00e4lt alles, was ein Pferd zur St\u00e4rkung seiner Hufe braucht. Zum Beispiel enth\u00e4lt Lamifinitis Pr\u00e4biotika, die das Funktionieren einer gesunden Darmflora unterst\u00fctzen. MSM (Methylsulfonylmethan: organisch gebundener Schwefel) unterst\u00fctzt die Durchblutung der Lamina (die Pl\u00e4ttchen auf der Lederhaut im Huf) und leitet Abfallprodukte ab. Vitamin C ist ein starkes Antioxidans, das Schlackenstoffe neutralisiert.<\/p>\n<p>F\u00fcr eine gesunde Ern\u00e4hrung sind neben Eiwei\u00df und Energie auch die Mineralstoffe Zink und Kupfer wichtig. Lamifinitis enth\u00e4lt organisch gebundene Zink-, Kupfer- und Schwefelverbindungen, die schnell und in gro\u00dfen Mengen vom K\u00f6rper aufgenommen werden. Zus\u00e4tzliches Biotin st\u00e4rkt die Au\u00dfenwand des Hufes.<\/p>\n<p>Lamifinitis ist ein Erg\u00e4nzungsmittel f\u00fcr die komplette Hufpflege, das die Hufe innen und au\u00dfen st\u00e4rkt.<\/p>\n<p>Um die Hufgesundheit nach der Lamifinitis-Kur zu erhalten, empfehlen wir Vitella Pro Vitamin. Diese ausgewogene Mischung aus Pr\u00e4biotika, Vitaminen und Mineralien unterst\u00fctzt die Darmfunktion und den Gesamtzustand des Pferdes. F\u00fcr die Bildung von gesundem neuen Hufgewebe empfehlen wir Vitella Pro Fit Hoofs.<\/p>\n<p><strong>Dosierung:\u00a0<\/strong><br \/>\nIn den ersten zwei Wochen nach Plan, dann auf die halbe Dosis umstellen. Mischen Sie die erforderliche Menge (1 gestrichener Messl\u00f6ffel = 20 g) durch einen Kleie- oder R\u00fcbenschnitzelbrei, vorzugsweise \u00fcber mehrere Tagesperioden verteilt.<\/p>\n<p>&nbsp;<\/p>\n<table class=\"cke_show_border\" style=\"height: 492px;\" border=\"0\" width=\"843\" cellspacing=\"0\" cellpadding=\"0\">\n<tbody>\n<tr>\n<td><\/td>\n<td><strong>Gewicht in kg.<\/strong><\/td>\n<td><strong>Empfohlener Betrag <\/strong><\/p>\n<p><strong>Erg\u00e4nzung in Gramm pro Tag bei<\/strong><\/td>\n<\/tr>\n<tr>\n<td><\/td>\n<td><\/td>\n<td><\/td>\n<\/tr>\n<tr>\n<td><strong>Shetlander<\/strong><\/td>\n<td>100-200<\/td>\n<td>10 bis 20<\/td>\n<\/tr>\n<tr>\n<td><strong>Isl\u00e4nder<\/strong><\/td>\n<td>350<\/td>\n<td>40<\/td>\n<\/tr>\n<tr>\n<td><strong>Araber\/Haflinger<\/strong><\/td>\n<td>450<\/td>\n<td>55<\/td>\n<\/tr>\n<tr>\n<td><strong>Traber\/Quartier<\/strong><\/td>\n<td>420<\/td>\n<td>60<\/td>\n<\/tr>\n<tr>\n<td><strong>Englisches Vollblut<\/strong><\/td>\n<td>450-530<\/td>\n<td>60<\/td>\n<\/tr>\n<tr>\n<td><strong>Warmblut<\/strong><\/td>\n<td>500-700<\/td>\n<td>60 bis 80<\/td>\n<\/tr>\n<tr>\n<td><strong>Holl\u00e4ndisches Zugpferd<\/strong><\/td>\n<td>&gt;700<\/td>\n<td>80<\/td>\n<\/tr>\n<\/tbody>\n<\/table>\n<p>&nbsp;<\/p>\n<table class=\"cke_show_border\" border=\"0\" cellspacing=\"0\" cellpadding=\"0\">\n<tbody>\n<tr>\n<td colspan=\"2\"><strong>Inhalt<\/strong><\/td>\n<td colspan=\"2\"><strong>Zusatzstoffe pro kg.<\/strong><\/td>\n<td><\/td>\n<td><\/td>\n<\/tr>\n<tr>\n<td>N\u00e4hrwert<\/td>\n<td>Prozentsatz<\/td>\n<td>Ern\u00e4hrung<\/td>\n<td>Wert<\/td>\n<td>Einheit<\/td>\n<td>Element<\/td>\n<\/tr>\n<tr>\n<td>Kohlenhydrate<\/td>\n<td>59.1%<\/td>\n<td>Biotin (Vitamin H) 3a880<\/td>\n<td>300<\/td>\n<td>mg<\/td>\n<td><\/td>\n<\/tr>\n<tr>\n<td>Davon Zucker<\/td>\n<td>0.7%<\/td>\n<td>Kobaltkarbonat (3b201)<\/td>\n<td>3.2<\/td>\n<td>mg<\/td>\n<td>Kobalt (Co)<\/td>\n<\/tr>\n<tr>\n<td>Rohes Eiwei\u00df<\/td>\n<td>9.0%<\/td>\n<td>Fols\u00e4ure (Vitamin B6)<\/td>\n<td>38.4<\/td>\n<td>mg<\/td>\n<td><\/td>\n<\/tr>\n<tr>\n<td>Rohes Fett<\/td>\n<td>0.9%<\/td>\n<td>E1 Fe-Sulfat-Monohydrat Eisen<\/td>\n<td>1580.6<\/td>\n<td>mg<\/td>\n<td>Eisen (Fe)<\/td>\n<\/tr>\n<tr>\n<td>Rohe Asche<\/td>\n<td>15.6%<\/td>\n<td>E2 Kaliumjodid (3b201)<\/td>\n<td>3.2<\/td>\n<td>mg<\/td>\n<td>\u00a0Jod (I)<\/td>\n<\/tr>\n<tr>\n<td>Rohfaser<\/td>\n<td>1.5%<\/td>\n<td>E4 Kupfersulfat-Pentahydrat<\/td>\n<td>325.5<\/td>\n<td>mg<\/td>\n<td>Kupfer (Cu)<\/td>\n<\/tr>\n<tr>\n<td>Kalzium<\/td>\n<td>0.7%<\/td>\n<td>E4 Kupfer-Aminochelat 10% Cu<\/td>\n<td>12,500<\/td>\n<td>mg<\/td>\n<td>Kupfer (Cu)<\/td>\n<\/tr>\n<tr>\n<td>Phosphor (P)<\/td>\n<td>0.7%<\/td>\n<td>E5 Manganoxid<\/td>\n<td>1283<\/td>\n<td>mg<\/td>\n<td>Mangan (Mn)<\/td>\n<\/tr>\n<tr>\n<td>Natrium<\/td>\n<td>0.7%<\/td>\n<td>E6 Zinkoxid<\/td>\n<td>1280<\/td>\n<td>mg<\/td>\n<td>Zink (Zn)<\/td>\n<\/tr>\n<tr>\n<td><\/td>\n<td><\/td>\n<td>E6 Zink-Aminochelat 15% Zn<\/td>\n<td>170,000<\/td>\n<td>mg<\/td>\n<td>Zink (Zn)<\/td>\n<\/tr>\n<tr>\n<td><\/td>\n<td><\/td>\n<td>E8 Natriumselenit<\/td>\n<td>9.6<\/td>\n<td>mg<\/td>\n<td>Selen (Se)<\/td>\n<\/tr>\n<tr>\n<td><\/td>\n<td><\/td>\n<td>Vitamin A (3a672)<\/td>\n<td>192,000<\/td>\n<td>IE<\/td>\n<td><\/td>\n<\/tr>\n<tr>\n<td><\/td>\n<td><\/td>\n<td>Vitamin B1 (Thiamin)<\/td>\n<td>160<\/td>\n<td>mg<\/td>\n<td><\/td>\n<\/tr>\n<tr>\n<td><\/td>\n<td><\/td>\n<td>Vitamin B12 (Cynocobalamin)<\/td>\n<td>960<\/td>\n<td>mcg<\/td>\n<td><\/td>\n<\/tr>\n<tr>\n<td><\/td>\n<td><\/td>\n<td>Vitamin B2 (Riboflavin)<\/td>\n<td>128<\/td>\n<td>mg<\/td>\n<td><\/td>\n<\/tr>\n<tr>\n<td><\/td>\n<td><\/td>\n<td>Vitamin B3 (Niacin 3a315)<\/td>\n<td>240<\/td>\n<td>mg<\/td>\n<td><\/td>\n<\/tr>\n<tr>\n<td><\/td>\n<td><\/td>\n<td>Vitamin B4 (Cholinchlorid)<\/td>\n<td>4.8<\/td>\n<td>mg<\/td>\n<td><\/td>\n<\/tr>\n<tr>\n<td><\/td>\n<td><\/td>\n<td>Vit B5 (Pantothens\u00e4ure) Calciumpantothenat 3a841<\/td>\n<td>160<\/td>\n<td>mg<\/td>\n<td><\/td>\n<\/tr>\n<tr>\n<td><\/td>\n<td><\/td>\n<td>Vitamin B6 Pyridoxin 3a831<\/td>\n<td>96<\/td>\n<td>mg<\/td>\n<td><\/td>\n<\/tr>\n<tr>\n<td><\/td>\n<td><\/td>\n<td>Vitamin C Ascorbins\u00e4ure E300<\/td>\n<td>28,200<\/td>\n<td>mg<\/td>\n<td><\/td>\n<\/tr>\n<tr>\n<td><\/td>\n<td><\/td>\n<td>Vitamin D3 (E671)<\/td>\n<td>19,200<\/td>\n<td>IE<\/td>\n<td><\/td>\n<\/tr>\n<tr>\n<td><\/td>\n<td><\/td>\n<td>Vitamin E (Alpha-Tocopherylacetat 3a700)<\/td>\n<td>3,200<\/td>\n<td>mg<\/td>\n<td><\/td>\n<\/tr>\n<tr>\n<td><\/td>\n<td><\/td>\n<td>Vitamin K3 (Menadion)<\/td>\n<td>64<\/td>\n<td>mg<\/td>\n<td><\/td>\n<\/tr>\n<tr>\n<td><\/td>\n<td><\/td>\n<td>Schwefel (S) aus MSM<\/td>\n<td>155.000<\/td>\n<td>mg<\/td>\n<td><\/td>\n<\/tr>\n<\/tbody>\n<\/table>\n<p>&nbsp;<\/p>\n<p><strong>Deklaration der Inhaltsstoffe:\u00a0<\/strong><br \/>\nMethylsulfonylmethan (MSM, S=34%), Magnesiumoxid schwer, Maisgr\u00fctze, B\u00fcrste, Roggenmehl, Zinkchelat (Zn=15%) (E6), Weizengr\u00fctze, Karamell\/Vanillin, Ascorbins\u00e4ure E300 (Vitamin C), Maisglutenmehl, Biotin 2% (3a880), Kupferchelat (Cu=10%) (E6), Mais, Zinkcitrat, Maissirup, Zuckerrohrmelasse, Hefe (<em>Saccharomyces cerevisiae<\/em>), Di-Calciumphosphat, Kaliumchlorid, Natriumchlorid, Dextrose, Magnesiumoxid, all-rac-alpha-Tocopherylacetat (3a700), Ascorbins\u00e4ure (E300), Eisensulfat-Monohydrat (E1), Zinksulfat-Monohydrat (E6), Kupfersulfat-Pentahydrat (E4), Nianacin (3a315), Calcium-D-Pantothenat (3a841), Thiamin, Cyanocobalamin, Riboflavin, Pyridoxin (3a831), Menadion, Fols\u00e4ure 3a316,  Biotin (3a880), Natriumselenit (E8), Kaliumjodid (3b201), Kobaltcarbonat (3b304), Vit D3 (E671), Retinylacetat (3a672a)<\/p>\n<p>Vitella Horse Care Lamifinitis ist ein erg\u00e4nzendes Tierfutter<\/p>","protected":false},"excerpt":{"rendered":"<p><em>Ohne Huf kein Pferd.<\/em>\u00a0Um die Hufgesundheit zu erhalten, ist eine Kombination aus guter Ration, ausreichender Bewegung und optimaler Widerstandsf\u00e4higkeit unerl\u00e4sslich. Um die Hufgesundheit zu f\u00f6rdern, ist Lamifinitis eine ausgezeichnete (vor\u00fcbergehende) Erg\u00e4nzung der Ration.<\/p>","protected":false},"featured_media":17851,"template":"","meta":{"_acf_changed":false},"product_brand":[],"product_cat":[829,1316],"product_tag":[4084,4083],"class_list":{"0":"post-17850","1":"product","2":"type-product","3":"status-publish","4":"has-post-thumbnail","6":"product_cat-paard","7":"product_cat-supplementen-paard","8":"product_tag-hoefbevangenheid","9":"product_tag-laminitis","10":"tax_brand-vitella-horse-care","12":"first","13":"instock","14":"taxable","15":"shipping-taxable","16":"purchasable","17":"product-type-variable"},"acf":[],"yoast_head":"<!-- This site is optimized with the Yoast SEO plugin v27.4 - https:\/\/yoast.com\/product\/yoast-seo-wordpress\/ -->\n<title>Lamifinitis - Food4animals<\/title>\n<meta name=\"description\" content=\"No hoof no horse.\u00a0Om de gezondheid van de hoeven op peil te houden, is een combinatie van een goed rantsoen, voldoende beweging en een optimale weerstand onontbeerlijk. Om de hoefgezondheid kracht bij te zetten is Lamifinitis een uitstekende (tijdelijke) aanvulling op het rantsoen.\" \/>\n<meta name=\"robots\" content=\"index, follow, max-snippet:-1, max-image-preview:large, max-video-preview:-1\" \/>\n<link rel=\"canonical\" href=\"https:\/\/www.food4animals.nl\/de\/produkt\/17850\/\" \/>\n<meta property=\"og:locale\" content=\"de_DE\" \/>\n<meta property=\"og:type\" content=\"article\" \/>\n<meta property=\"og:title\" content=\"Lamifinitis - Food4animals\" \/>\n<meta property=\"og:description\" content=\"No hoof no horse.\u00a0Om de gezondheid van de hoeven op peil te houden, is een combinatie van een goed rantsoen, voldoende beweging en een optimale weerstand onontbeerlijk. Om de hoefgezondheid kracht bij te zetten is Lamifinitis een uitstekende (tijdelijke) aanvulling op het rantsoen.\" \/>\n<meta property=\"og:url\" content=\"https:\/\/www.food4animals.nl\/de\/produkt\/17850\/\" \/>\n<meta property=\"og:site_name\" content=\"Food4animals\" \/>\n<meta property=\"article:publisher\" content=\"https:\/\/www.facebook.com\/p\/Food4animals-100063861676074\/\" \/>\n<meta property=\"article:modified_time\" content=\"2026-03-30T18:34:11+00:00\" \/>\n<meta property=\"og:image\" content=\"https:\/\/www.food4animals.nl\/wp-content\/uploads\/2023\/12\/Lamifinitis.jpg\" \/>\n\t<meta property=\"og:image:width\" content=\"500\" \/>\n\t<meta property=\"og:image:height\" content=\"500\" \/>\n\t<meta property=\"og:image:type\" content=\"image\/jpeg\" \/>\n<meta name=\"twitter:card\" content=\"summary_large_image\" \/>\n<meta name=\"twitter:site\" content=\"@food4animals\" \/>\n<meta name=\"twitter:label1\" content=\"Gesch\u00e4tzte Lesezeit\" \/>\n\t<meta name=\"twitter:data1\" content=\"3\u00a0Minuten\" \/>\n<script type=\"application\/ld+json\" class=\"yoast-schema-graph\">{\"@context\":\"https:\\\/\\\/schema.org\",\"@graph\":[{\"@type\":\"WebPage\",\"@id\":\"https:\\\/\\\/www.food4animals.nl\\\/product\\\/17850\\\/\",\"url\":\"https:\\\/\\\/www.food4animals.nl\\\/product\\\/17850\\\/\",\"name\":\"Lamifinitis - Food4animals\",\"isPartOf\":{\"@id\":\"https:\\\/\\\/www.food4animals.nl\\\/en\\\/#website\"},\"primaryImageOfPage\":{\"@id\":\"https:\\\/\\\/www.food4animals.nl\\\/product\\\/17850\\\/#primaryimage\"},\"image\":{\"@id\":\"https:\\\/\\\/www.food4animals.nl\\\/product\\\/17850\\\/#primaryimage\"},\"thumbnailUrl\":\"https:\\\/\\\/www.food4animals.nl\\\/wp-content\\\/uploads\\\/2023\\\/12\\\/Lamifinitis.jpg\",\"datePublished\":\"2023-12-31T08:18:57+00:00\",\"dateModified\":\"2026-03-30T18:34:11+00:00\",\"description\":\"No hoof no horse.\u00a0Om de gezondheid van de hoeven op peil te houden, is een combinatie van een goed rantsoen, voldoende beweging en een optimale weerstand onontbeerlijk. Om de hoefgezondheid kracht bij te zetten is Lamifinitis een uitstekende (tijdelijke) aanvulling op het rantsoen.\",\"breadcrumb\":{\"@id\":\"https:\\\/\\\/www.food4animals.nl\\\/product\\\/17850\\\/#breadcrumb\"},\"inLanguage\":\"de\",\"potentialAction\":[{\"@type\":\"ReadAction\",\"target\":[\"https:\\\/\\\/www.food4animals.nl\\\/product\\\/17850\\\/\"]}]},{\"@type\":\"ImageObject\",\"inLanguage\":\"de\",\"@id\":\"https:\\\/\\\/www.food4animals.nl\\\/product\\\/17850\\\/#primaryimage\",\"url\":\"https:\\\/\\\/www.food4animals.nl\\\/wp-content\\\/uploads\\\/2023\\\/12\\\/Lamifinitis.jpg\",\"contentUrl\":\"https:\\\/\\\/www.food4animals.nl\\\/wp-content\\\/uploads\\\/2023\\\/12\\\/Lamifinitis.jpg\",\"width\":500,\"height\":500},{\"@type\":\"BreadcrumbList\",\"@id\":\"https:\\\/\\\/www.food4animals.nl\\\/product\\\/17850\\\/#breadcrumb\",\"itemListElement\":[{\"@type\":\"ListItem\",\"position\":1,\"name\":\"Home\",\"item\":\"https:\\\/\\\/www.food4animals.nl\\\/\"},{\"@type\":\"ListItem\",\"position\":2,\"name\":\"Winkel\",\"item\":\"https:\\\/\\\/www.food4animals.nl\\\/winkel\\\/\"},{\"@type\":\"ListItem\",\"position\":3,\"name\":\"Lamifinitis\"}]},{\"@type\":\"WebSite\",\"@id\":\"https:\\\/\\\/www.food4animals.nl\\\/en\\\/#website\",\"url\":\"https:\\\/\\\/www.food4animals.nl\\\/en\\\/\",\"name\":\"Food4animals\",\"description\":\"Alles voor Ruiter en Dier\",\"publisher\":{\"@id\":\"https:\\\/\\\/www.food4animals.nl\\\/en\\\/#organization\"},\"potentialAction\":[{\"@type\":\"SearchAction\",\"target\":{\"@type\":\"EntryPoint\",\"urlTemplate\":\"https:\\\/\\\/www.food4animals.nl\\\/en\\\/?s={search_term_string}\"},\"query-input\":{\"@type\":\"PropertyValueSpecification\",\"valueRequired\":true,\"valueName\":\"search_term_string\"}}],\"inLanguage\":\"de\"},{\"@type\":\"Organization\",\"@id\":\"https:\\\/\\\/www.food4animals.nl\\\/en\\\/#organization\",\"name\":\"Food4animals\",\"url\":\"https:\\\/\\\/www.food4animals.nl\\\/en\\\/\",\"logo\":{\"@type\":\"ImageObject\",\"inLanguage\":\"de\",\"@id\":\"https:\\\/\\\/www.food4animals.nl\\\/en\\\/#\\\/schema\\\/logo\\\/image\\\/\",\"url\":\"https:\\\/\\\/www.food4animals.nl\\\/wp-content\\\/uploads\\\/2023\\\/10\\\/Logo.svg\",\"contentUrl\":\"https:\\\/\\\/www.food4animals.nl\\\/wp-content\\\/uploads\\\/2023\\\/10\\\/Logo.svg\",\"width\":1,\"height\":1,\"caption\":\"Food4animals\"},\"image\":{\"@id\":\"https:\\\/\\\/www.food4animals.nl\\\/en\\\/#\\\/schema\\\/logo\\\/image\\\/\"},\"sameAs\":[\"https:\\\/\\\/www.facebook.com\\\/p\\\/Food4animals-100063861676074\\\/\",\"https:\\\/\\\/x.com\\\/food4animals\"]}]}<\/script>\n<!-- \/ Yoast SEO plugin. -->","yoast_head_json":{"title":"Lamifinitis - Food4animals","description":"Ohne Huf kein Pferd. Um die Hufgesundheit zu erhalten, ist eine Kombination aus guter Ration, ausreichender Bewegung und optimaler Widerstandsf\u00e4higkeit unerl\u00e4sslich. Um die Hufgesundheit zu f\u00f6rdern, ist Lamifinitis eine ausgezeichnete (vor\u00fcbergehende) Erg\u00e4nzung der Ration.","robots":{"index":"index","follow":"follow","max-snippet":"max-snippet:-1","max-image-preview":"max-image-preview:large","max-video-preview":"max-video-preview:-1"},"canonical":"https:\/\/www.food4animals.nl\/de\/produkt\/17850\/","og_locale":"de_DE","og_type":"article","og_title":"Lamifinitis - Food4animals","og_description":"No hoof no horse.\u00a0Om de gezondheid van de hoeven op peil te houden, is een combinatie van een goed rantsoen, voldoende beweging en een optimale weerstand onontbeerlijk. Om de hoefgezondheid kracht bij te zetten is Lamifinitis een uitstekende (tijdelijke) aanvulling op het rantsoen.","og_url":"https:\/\/www.food4animals.nl\/de\/produkt\/17850\/","og_site_name":"Food4animals","article_publisher":"https:\/\/www.facebook.com\/p\/Food4animals-100063861676074\/","article_modified_time":"2026-03-30T18:34:11+00:00","og_image":[{"width":500,"height":500,"url":"https:\/\/www.food4animals.nl\/wp-content\/uploads\/2023\/12\/Lamifinitis.jpg","type":"image\/jpeg"}],"twitter_card":"summary_large_image","twitter_site":"@food4animals","twitter_misc":{"Gesch\u00e4tzte Lesezeit":"3\u00a0Minuten"},"schema":{"@context":"https:\/\/schema.org","@graph":[{"@type":"WebPage","@id":"https:\/\/www.food4animals.nl\/product\/17850\/","url":"https:\/\/www.food4animals.nl\/product\/17850\/","name":"Lamifinitis - Food4animals","isPartOf":{"@id":"https:\/\/www.food4animals.nl\/en\/#website"},"primaryImageOfPage":{"@id":"https:\/\/www.food4animals.nl\/product\/17850\/#primaryimage"},"image":{"@id":"https:\/\/www.food4animals.nl\/product\/17850\/#primaryimage"},"thumbnailUrl":"https:\/\/www.food4animals.nl\/wp-content\/uploads\/2023\/12\/Lamifinitis.jpg","datePublished":"2023-12-31T08:18:57+00:00","dateModified":"2026-03-30T18:34:11+00:00","description":"Ohne Huf kein Pferd. Um die Hufgesundheit zu erhalten, ist eine Kombination aus guter Ration, ausreichender Bewegung und optimaler Widerstandsf\u00e4higkeit unerl\u00e4sslich. Um die Hufgesundheit zu f\u00f6rdern, ist Lamifinitis eine ausgezeichnete (vor\u00fcbergehende) Erg\u00e4nzung der Ration.","breadcrumb":{"@id":"https:\/\/www.food4animals.nl\/product\/17850\/#breadcrumb"},"inLanguage":"de","potentialAction":[{"@type":"ReadAction","target":["https:\/\/www.food4animals.nl\/product\/17850\/"]}]},{"@type":"ImageObject","inLanguage":"de","@id":"https:\/\/www.food4animals.nl\/product\/17850\/#primaryimage","url":"https:\/\/www.food4animals.nl\/wp-content\/uploads\/2023\/12\/Lamifinitis.jpg","contentUrl":"https:\/\/www.food4animals.nl\/wp-content\/uploads\/2023\/12\/Lamifinitis.jpg","width":500,"height":500},{"@type":"BreadcrumbList","@id":"https:\/\/www.food4animals.nl\/product\/17850\/#breadcrumb","itemListElement":[{"@type":"ListItem","position":1,"name":"Home","item":"https:\/\/www.food4animals.nl\/"},{"@type":"ListItem","position":2,"name":"Winkel","item":"https:\/\/www.food4animals.nl\/winkel\/"},{"@type":"ListItem","position":3,"name":"Lamifinitis"}]},{"@type":"WebSite","@id":"https:\/\/www.food4animals.nl\/en\/#website","url":"https:\/\/www.food4animals.nl\/en\/","name":"Lebensmittel4Tiere","description":"Alles f\u00fcr Reiter und Tier","publisher":{"@id":"https:\/\/www.food4animals.nl\/en\/#organization"},"potentialAction":[{"@type":"SearchAction","target":{"@type":"EntryPoint","urlTemplate":"https:\/\/www.food4animals.nl\/en\/?s={search_term_string}"},"query-input":{"@type":"PropertyValueSpecification","valueRequired":true,"valueName":"search_term_string"}}],"inLanguage":"de"},{"@type":"Organization","@id":"https:\/\/www.food4animals.nl\/en\/#organization","name":"Lebensmittel4Tiere","url":"https:\/\/www.food4animals.nl\/en\/","logo":{"@type":"ImageObject","inLanguage":"de","@id":"https:\/\/www.food4animals.nl\/en\/#\/schema\/logo\/image\/","url":"https:\/\/www.food4animals.nl\/wp-content\/uploads\/2023\/10\/Logo.svg","contentUrl":"https:\/\/www.food4animals.nl\/wp-content\/uploads\/2023\/10\/Logo.svg","width":1,"height":1,"caption":"Food4animals"},"image":{"@id":"https:\/\/www.food4animals.nl\/en\/#\/schema\/logo\/image\/"},"sameAs":["https:\/\/www.facebook.com\/p\/Food4animals-100063861676074\/","https:\/\/x.com\/food4animals"]}]}},"_links":{"self":[{"href":"https:\/\/www.food4animals.nl\/de\/wp-json\/wp\/v2\/product\/17850","targetHints":{"allow":["GET"]}}],"collection":[{"href":"https:\/\/www.food4animals.nl\/de\/wp-json\/wp\/v2\/product"}],"about":[{"href":"https:\/\/www.food4animals.nl\/de\/wp-json\/wp\/v2\/types\/product"}],"wp:featuredmedia":[{"embeddable":true,"href":"https:\/\/www.food4animals.nl\/de\/wp-json\/wp\/v2\/media\/17851"}],"wp:attachment":[{"href":"https:\/\/www.food4animals.nl\/de\/wp-json\/wp\/v2\/media?parent=17850"}],"wp:term":[{"taxonomy":"product_brand","embeddable":true,"href":"https:\/\/www.food4animals.nl\/de\/wp-json\/wp\/v2\/product_brand?post=17850"},{"taxonomy":"product_cat","embeddable":true,"href":"https:\/\/www.food4animals.nl\/de\/wp-json\/wp\/v2\/product_cat?post=17850"},{"taxonomy":"product_tag","embeddable":true,"href":"https:\/\/www.food4animals.nl\/de\/wp-json\/wp\/v2\/product_tag?post=17850"}],"curies":[{"name":"wp","href":"https:\/\/api.w.org\/{rel}","templated":true}]}}