{"id":17866,"date":"2023-12-31T10:52:21","date_gmt":"2023-12-31T09:52:21","guid":{"rendered":"https:\/\/food4animals.nl\/?post_type=product&#038;p=17866"},"modified":"2025-12-22T10:19:12","modified_gmt":"2025-12-22T09:19:12","slug":"entspannen","status":"publish","type":"product","link":"https:\/\/www.food4animals.nl\/de\/produkt\/entspannen\/","title":{"rendered":"Entspannen Sie sich"},"content":{"rendered":"<p><strong>Informationen zum Produkt<\/strong><\/p>\n<p>Manche Pferde sind leicht aufgeregt und werden unbeholfen und unruhig. Beruhigende und entspannende N\u00e4hrstoffe helfen Ihrem Pferd, wenn es nerv\u00f6s ist, und f\u00f6rdern das Selbstvertrauen beim Training. Relax f\u00f6rdert die Reaktionsf\u00e4higkeit und Konzentration und ist ein nat\u00fcrliches Beruhigungsmittel f\u00fcr das Pferd.<\/p>\n<p><em>Magnesium<\/em><\/p>\n<p>Magnesium spielt eine wichtige Rolle f\u00fcr das normale Funktionieren der Muskulatur und des Nervensystems. Es tr\u00e4gt zu einem guten Gem\u00fctszustand bei und pflegt die Muskeln bei Anspannung und Anstrengung. Die Wirkung des Magnesiums in Relax wird durch das Vorhandensein von B-Vitaminen unterst\u00fctzt.<\/p>\n<p><em>Tryptophan<\/em><\/p>\n<p>Die Aminos\u00e4ure Tryptophan sorgt in Kombination mit Vitamin B6 f\u00fcr Ausgeglichenheit in Stresssituationen. Bei eiwei\u00dfreicher Ern\u00e4hrung wird die Tryptophanaufnahme gehemmt und es kann sinnvoll sein, dem K\u00f6rper zus\u00e4tzlich Tryptophan und B-Vitamine zuzuf\u00fchren.<\/p>\n<p>Tryptophan spielt eine wichtige Rolle bei der Bildung von Serotonin. Tryptophan ist eine essentielle Aminos\u00e4ure, die im K\u00f6rper nicht synthetisiert werden kann und daher mit der Nahrung aufgenommen werden muss. Ebenfalls wichtig sind Magnesium, Kalzium und einige Vitamine des B-Komplexes.<\/p>\n<p>Serotonin (das so genannte \"Gl\u00fcckshormon\") ist einer der wichtigsten Neurotransmitter im Gehirn, der f\u00fcr Emotionen und Verhalten verantwortlich ist.<\/p>\n<p>Relax hat keine negativen Auswirkungen auf die Muskelfunktion, das Bewusstsein und die Reaktionsf\u00e4higkeit. Relax hat keine Nebenwirkungen und die verwendeten Inhaltsstoffe stehen nicht auf der Dopingliste.<\/p>\n<p><strong>Dosierung:<\/strong><br \/>\nMit dem Konzentrat oder dem Brei in der angegebenen Menge mischen, 1 voller Messl\u00f6ffel = 30 g<\/p>\n<p>&nbsp;<\/p>\n<table class=\"cke_show_border\">\n<tbody>\n<tr>\n<td><\/td>\n<td><strong>Gewicht\u00a0<\/strong><strong>in kg.<\/strong><\/td>\n<td><strong>T\u00e4glich<\/strong><\/td>\n<td><strong>Einmaliger Vorabend<\/strong><\/td>\n<td><strong>2 Stunden vor Beginn<\/strong><\/td>\n<\/tr>\n<tr>\n<td><\/td>\n<td><\/td>\n<td><\/td>\n<td><\/td>\n<td><\/td>\n<\/tr>\n<tr>\n<td><strong>Shetlander<\/strong><\/td>\n<td>100-200<\/td>\n<td>5 bis 10<\/td>\n<td>5<\/td>\n<td>10<\/td>\n<\/tr>\n<tr>\n<td><strong>Isl\u00e4nder<\/strong><\/td>\n<td>350<\/td>\n<td>15<\/td>\n<td>15<\/td>\n<td>20<\/td>\n<\/tr>\n<tr>\n<td><strong>Araber\/Haflinger<\/strong><\/td>\n<td>450<\/td>\n<td>20<\/td>\n<td>15<\/td>\n<td>25<\/td>\n<\/tr>\n<tr>\n<td><strong>Trotter<\/strong><\/td>\n<td>420-520<\/td>\n<td>25<\/td>\n<td>20<\/td>\n<td>30<\/td>\n<\/tr>\n<tr>\n<td><strong>Englisches Vollblut<\/strong><\/td>\n<td>450-530<\/td>\n<td>25<\/td>\n<td>20<\/td>\n<td>30<\/td>\n<\/tr>\n<tr>\n<td><strong>Warmblut<\/strong><\/td>\n<td>500-700<\/td>\n<td>25 bis 35<\/td>\n<td>25<\/td>\n<td>35<\/td>\n<\/tr>\n<tr>\n<td><strong>Holl\u00e4ndisches Zugpferd<\/strong><\/td>\n<td>700<\/td>\n<td>35<\/td>\n<td>35<\/td>\n<td>40<\/td>\n<\/tr>\n<\/tbody>\n<\/table>\n<p>&nbsp;<\/p>\n<table class=\"cke_show_border\" border=\"0\" cellspacing=\"0\" cellpadding=\"0\">\n<tbody>\n<tr>\n<td colspan=\"2\"><strong>Inhalt<\/strong><\/td>\n<td colspan=\"2\"><strong>Zusatzstoffe pro kg.<\/strong><\/td>\n<td><\/td>\n<td><\/td>\n<\/tr>\n<tr>\n<td>N\u00e4hrwert<\/td>\n<td>Prozentsatz<\/td>\n<td>Ern\u00e4hrung<\/td>\n<td>Wert<\/td>\n<td>Einheit<\/td>\n<td>Element<\/td>\n<\/tr>\n<tr>\n<td>Rohes Eiwei\u00df<\/td>\n<td>20.0%<\/td>\n<td>L Tryptophan 3.4.1<\/td>\n<td>200,000<\/td>\n<td>mg<\/td>\n<td><\/td>\n<\/tr>\n<tr>\n<td>Luftfeuchtigkeit<\/td>\n<td>6.45%<\/td>\n<td>Biotin (Vitamin H)<\/td>\n<td>17<\/td>\n<td>mcg<\/td>\n<td><\/td>\n<\/tr>\n<tr>\n<td>Kohlenhydrate<\/td>\n<td>4.0%<\/td>\n<td>Kobaltkarbonat (3b201)<\/td>\n<td>12<\/td>\n<td>mg<\/td>\n<td>Kobalt (Co)<\/td>\n<\/tr>\n<tr>\n<td>Davon Zucker<\/td>\n<td>2.5%<\/td>\n<td>Fols\u00e4ure (Vitamin B6)<\/td>\n<td>150<\/td>\n<td>mg<\/td>\n<td><\/td>\n<\/tr>\n<tr>\n<td>Rohe Asche<\/td>\n<td>79.0%<\/td>\n<td>E1 Fe-Sulfat-Monohydrat Eisen<\/td>\n<td>6.177<\/td>\n<td>mg<\/td>\n<td>Eisen (Fe)<\/td>\n<\/tr>\n<tr>\n<td>Rohes Fett<\/td>\n<td>0.0%<\/td>\n<td>E2 Kaliumjodid (3b201)<\/td>\n<td>12<\/td>\n<td>mg<\/td>\n<td>\u00a0Jod (I)<\/td>\n<\/tr>\n<tr>\n<td>Chlorid (Cl)<\/td>\n<td>7.3%<\/td>\n<td>E4 Kupfersulfat-Pentahydrat<\/td>\n<td>1.272<\/td>\n<td>mg<\/td>\n<td>Kupfer (Cu)<\/td>\n<\/tr>\n<tr>\n<td>Magnesium<\/td>\n<td>23.0%<\/td>\n<td>E5 Manganoxid<\/td>\n<td>5,013<\/td>\n<td>mg<\/td>\n<td>Mangan (Mn)<\/td>\n<\/tr>\n<tr>\n<td>Phosphor (P)<\/td>\n<td>2.50%<\/td>\n<td>E6 Zinkoxid<\/td>\n<td>5.002<\/td>\n<td>mg<\/td>\n<td>Zink (Zn)<\/td>\n<\/tr>\n<tr>\n<td>Kalzium<\/td>\n<td>3.8%<\/td>\n<td>E8 Natriumselenit<\/td>\n<td>37<\/td>\n<td>mg<\/td>\n<td>Selen (Se)<\/td>\n<\/tr>\n<tr>\n<td>Natrium<\/td>\n<td>2.4%<\/td>\n<td>Vitamin A (3a672)<\/td>\n<td>750.000<\/td>\n<td>IE<\/td>\n<td><\/td>\n<\/tr>\n<tr>\n<td>Kalium (K)<\/td>\n<td>3.0%<\/td>\n<td>Vitamin B1 (Thiamin)<\/td>\n<td>625<\/td>\n<td>mg<\/td>\n<td><\/td>\n<\/tr>\n<tr>\n<td>L Tryptophan<\/td>\n<td>20%<\/td>\n<td>Vitamin B12 (Cynocobalamin)<\/td>\n<td>3.750<\/td>\n<td>mcg<\/td>\n<td><\/td>\n<\/tr>\n<tr>\n<td><\/td>\n<td><\/td>\n<td>Vitamin B2 (Riboflavin)<\/td>\n<td>500<\/td>\n<td>mg<\/td>\n<td><\/td>\n<\/tr>\n<tr>\n<td><\/td>\n<td><\/td>\n<td>Vitamin B3 (Niacin 3a315)<\/td>\n<td>937<\/td>\n<td>mg<\/td>\n<td><\/td>\n<\/tr>\n<tr>\n<td><\/td>\n<td><\/td>\n<td>Vitamin B4 (Cholinchlorid)<\/td>\n<td>19<\/td>\n<td>mg<\/td>\n<td><\/td>\n<\/tr>\n<tr>\n<td><\/td>\n<td><\/td>\n<td>Vit B5 (Pantothens\u00e4ure) Calciumpantothenat 3a841<\/td>\n<td>625<\/td>\n<td>mg<\/td>\n<td><\/td>\n<\/tr>\n<tr>\n<td><\/td>\n<td><\/td>\n<td>Vitamin B6 Pyridoxin 3a831<\/td>\n<td>375<\/td>\n<td>mg<\/td>\n<td><\/td>\n<\/tr>\n<tr>\n<td><\/td>\n<td><\/td>\n<td>Vitamin C Ascorbins\u00e4ure E300<\/td>\n<td>12.500<\/td>\n<td>mg<\/td>\n<td><\/td>\n<\/tr>\n<tr>\n<td><\/td>\n<td><\/td>\n<td>\u00a0Vitamin D3 (E671)<\/td>\n<td>75.000<\/td>\n<td>IE<\/td>\n<td><\/td>\n<\/tr>\n<tr>\n<td><\/td>\n<td><\/td>\n<td>Vitamin E (Alpha-Tocopherylacetat 3a700)<\/td>\n<td>12.500<\/td>\n<td>mg<\/td>\n<td><\/td>\n<\/tr>\n<tr>\n<td><\/td>\n<td><\/td>\n<td>Vitamin K3 (Menadion)<\/td>\n<td>250<\/td>\n<td>mg<\/td>\n<td><\/td>\n<\/tr>\n<\/tbody>\n<\/table>\n<p>&nbsp;<\/p>\n<p><strong>Deklaration der Inhaltsstoffe:<\/strong><br \/>\nMagnesiumoxid, L. Tryptophan, Di-Calciumphosphat, Kaliumchlorid, Natriumchlorid, All-rac-alpha-Tocopherylacetat (3a700), Ascorbins\u00e4ure (E300), Eisensulfat-Monohydrat (E1), Zinksulfat-Monohydrat (E6), Kupfersulfat-Pentahydrat (E4), Nianacin (3a315), Calcium-D-Pantothenat (3a841), Thiamin, Cyanocobalamin, Riboflavin, Pyridoxin (3a831), Menadion, Fols\u00e4ure 3a316, Biotin (3a880), Natriumselenit (E8), Kaliumjodid (3b201), Kobaltcarbonat (3b304), Vit D3 (E671), Retinylacetat (3a672a).<\/p>\n<p>Vitella Horse Care Relax ist ein Erg\u00e4nzungsfuttermittel f\u00fcr Pferde<\/p>","protected":false},"excerpt":{"rendered":"<p>Manche Pferde sind leicht aufgeregt und werden unbeholfen und unruhig. Beruhigende und entspannende N\u00e4hrstoffe helfen Ihrem Pferd, wenn es nerv\u00f6s ist, und f\u00f6rdern das Selbstvertrauen beim Training. Relax f\u00f6rdert die Reaktionsf\u00e4higkeit und Konzentration und ist ein nat\u00fcrliches Beruhigungsmittel f\u00fcr das Pferd.<\/p>","protected":false},"featured_media":17867,"template":"","meta":{"_acf_changed":false},"product_brand":[],"product_cat":[993,1001],"product_tag":[3195,3193,3194],"class_list":{"0":"post-17866","1":"product","2":"type-product","3":"status-publish","4":"has-post-thumbnail","6":"product_cat-apotheek","7":"product_cat-supplementen","8":"product_tag-kalmerend","9":"product_tag-rustgevend-en-ontspannend","10":"product_tag-zenuwen","11":"tax_brand-vitella-horse-care","13":"first","14":"instock","15":"taxable","16":"shipping-taxable","17":"purchasable","18":"product-type-variable"},"acf":[],"yoast_head":"<!-- This site is optimized with the Yoast SEO plugin v27.4 - https:\/\/yoast.com\/product\/yoast-seo-wordpress\/ -->\n<title>Relax - Food4animals<\/title>\n<meta name=\"description\" content=\"Sommige paarden raken snel opgewonden en worden kijkerig en onrustig. Rustgevende en ontspannende voedingsstoffen helpen uw paard bij een zenuwachtig gevoel en bevorderen het zelfvertrouwen tijdens de training. Relax bevordert het reactie- en concentratievermogen en is een natuurlijke rustgever voor het paard.\" \/>\n<meta name=\"robots\" content=\"index, follow, max-snippet:-1, max-image-preview:large, max-video-preview:-1\" \/>\n<link rel=\"canonical\" href=\"https:\/\/www.food4animals.nl\/de\/produkt\/entspannen\/\" \/>\n<meta property=\"og:locale\" content=\"de_DE\" \/>\n<meta property=\"og:type\" content=\"article\" \/>\n<meta property=\"og:title\" content=\"Relax - Food4animals\" \/>\n<meta property=\"og:description\" content=\"Sommige paarden raken snel opgewonden en worden kijkerig en onrustig. Rustgevende en ontspannende voedingsstoffen helpen uw paard bij een zenuwachtig gevoel en bevorderen het zelfvertrouwen tijdens de training. Relax bevordert het reactie- en concentratievermogen en is een natuurlijke rustgever voor het paard.\" \/>\n<meta property=\"og:url\" content=\"https:\/\/www.food4animals.nl\/de\/produkt\/entspannen\/\" \/>\n<meta property=\"og:site_name\" content=\"Food4animals\" \/>\n<meta property=\"article:publisher\" content=\"https:\/\/www.facebook.com\/p\/Food4animals-100063861676074\/\" \/>\n<meta property=\"article:modified_time\" content=\"2025-12-22T09:19:12+00:00\" \/>\n<meta property=\"og:image\" content=\"https:\/\/www.food4animals.nl\/wp-content\/uploads\/2023\/12\/Relax-Paard.jpg\" \/>\n\t<meta property=\"og:image:width\" content=\"500\" \/>\n\t<meta property=\"og:image:height\" content=\"500\" \/>\n\t<meta property=\"og:image:type\" content=\"image\/jpeg\" \/>\n<meta name=\"twitter:card\" content=\"summary_large_image\" \/>\n<meta name=\"twitter:site\" content=\"@food4animals\" \/>\n<meta name=\"twitter:label1\" content=\"Gesch\u00e4tzte Lesezeit\" \/>\n\t<meta name=\"twitter:data1\" content=\"3\u00a0Minuten\" \/>\n<script type=\"application\/ld+json\" class=\"yoast-schema-graph\">{\"@context\":\"https:\\\/\\\/schema.org\",\"@graph\":[{\"@type\":\"WebPage\",\"@id\":\"https:\\\/\\\/www.food4animals.nl\\\/product\\\/relax\\\/\",\"url\":\"https:\\\/\\\/www.food4animals.nl\\\/product\\\/relax\\\/\",\"name\":\"Relax - Food4animals\",\"isPartOf\":{\"@id\":\"https:\\\/\\\/www.food4animals.nl\\\/en\\\/#website\"},\"primaryImageOfPage\":{\"@id\":\"https:\\\/\\\/www.food4animals.nl\\\/product\\\/relax\\\/#primaryimage\"},\"image\":{\"@id\":\"https:\\\/\\\/www.food4animals.nl\\\/product\\\/relax\\\/#primaryimage\"},\"thumbnailUrl\":\"https:\\\/\\\/www.food4animals.nl\\\/wp-content\\\/uploads\\\/2023\\\/12\\\/Relax-Paard.jpg\",\"datePublished\":\"2023-12-31T09:52:21+00:00\",\"dateModified\":\"2025-12-22T09:19:12+00:00\",\"description\":\"Sommige paarden raken snel opgewonden en worden kijkerig en onrustig. Rustgevende en ontspannende voedingsstoffen helpen uw paard bij een zenuwachtig gevoel en bevorderen het zelfvertrouwen tijdens de training. Relax bevordert het reactie- en concentratievermogen en is een natuurlijke rustgever voor het paard.\",\"breadcrumb\":{\"@id\":\"https:\\\/\\\/www.food4animals.nl\\\/product\\\/relax\\\/#breadcrumb\"},\"inLanguage\":\"de\",\"potentialAction\":[{\"@type\":\"ReadAction\",\"target\":[\"https:\\\/\\\/www.food4animals.nl\\\/product\\\/relax\\\/\"]}]},{\"@type\":\"ImageObject\",\"inLanguage\":\"de\",\"@id\":\"https:\\\/\\\/www.food4animals.nl\\\/product\\\/relax\\\/#primaryimage\",\"url\":\"https:\\\/\\\/www.food4animals.nl\\\/wp-content\\\/uploads\\\/2023\\\/12\\\/Relax-Paard.jpg\",\"contentUrl\":\"https:\\\/\\\/www.food4animals.nl\\\/wp-content\\\/uploads\\\/2023\\\/12\\\/Relax-Paard.jpg\",\"width\":500,\"height\":500},{\"@type\":\"BreadcrumbList\",\"@id\":\"https:\\\/\\\/www.food4animals.nl\\\/product\\\/relax\\\/#breadcrumb\",\"itemListElement\":[{\"@type\":\"ListItem\",\"position\":1,\"name\":\"Home\",\"item\":\"https:\\\/\\\/www.food4animals.nl\\\/\"},{\"@type\":\"ListItem\",\"position\":2,\"name\":\"Winkel\",\"item\":\"https:\\\/\\\/www.food4animals.nl\\\/winkel\\\/\"},{\"@type\":\"ListItem\",\"position\":3,\"name\":\"Relax\"}]},{\"@type\":\"WebSite\",\"@id\":\"https:\\\/\\\/www.food4animals.nl\\\/en\\\/#website\",\"url\":\"https:\\\/\\\/www.food4animals.nl\\\/en\\\/\",\"name\":\"Food4animals\",\"description\":\"Alles voor Ruiter en Dier\",\"publisher\":{\"@id\":\"https:\\\/\\\/www.food4animals.nl\\\/en\\\/#organization\"},\"potentialAction\":[{\"@type\":\"SearchAction\",\"target\":{\"@type\":\"EntryPoint\",\"urlTemplate\":\"https:\\\/\\\/www.food4animals.nl\\\/en\\\/?s={search_term_string}\"},\"query-input\":{\"@type\":\"PropertyValueSpecification\",\"valueRequired\":true,\"valueName\":\"search_term_string\"}}],\"inLanguage\":\"de\"},{\"@type\":\"Organization\",\"@id\":\"https:\\\/\\\/www.food4animals.nl\\\/en\\\/#organization\",\"name\":\"Food4animals\",\"url\":\"https:\\\/\\\/www.food4animals.nl\\\/en\\\/\",\"logo\":{\"@type\":\"ImageObject\",\"inLanguage\":\"de\",\"@id\":\"https:\\\/\\\/www.food4animals.nl\\\/en\\\/#\\\/schema\\\/logo\\\/image\\\/\",\"url\":\"https:\\\/\\\/www.food4animals.nl\\\/wp-content\\\/uploads\\\/2023\\\/10\\\/Logo.svg\",\"contentUrl\":\"https:\\\/\\\/www.food4animals.nl\\\/wp-content\\\/uploads\\\/2023\\\/10\\\/Logo.svg\",\"width\":1,\"height\":1,\"caption\":\"Food4animals\"},\"image\":{\"@id\":\"https:\\\/\\\/www.food4animals.nl\\\/en\\\/#\\\/schema\\\/logo\\\/image\\\/\"},\"sameAs\":[\"https:\\\/\\\/www.facebook.com\\\/p\\\/Food4animals-100063861676074\\\/\",\"https:\\\/\\\/x.com\\\/food4animals\"]}]}<\/script>\n<!-- \/ Yoast SEO plugin. -->","yoast_head_json":{"title":"Entspannen - Food4animals","description":"Manche Pferde sind leicht aufgeregt und werden unbeholfen und unruhig. Beruhigende und entspannende N\u00e4hrstoffe helfen Ihrem Pferd, wenn es nerv\u00f6s ist, und f\u00f6rdern das Selbstvertrauen beim Training. Relax f\u00f6rdert die Reaktionsf\u00e4higkeit und Konzentration und ist ein nat\u00fcrliches Beruhigungsmittel f\u00fcr das Pferd.","robots":{"index":"index","follow":"follow","max-snippet":"max-snippet:-1","max-image-preview":"max-image-preview:large","max-video-preview":"max-video-preview:-1"},"canonical":"https:\/\/www.food4animals.nl\/de\/produkt\/entspannen\/","og_locale":"de_DE","og_type":"article","og_title":"Relax - Food4animals","og_description":"Sommige paarden raken snel opgewonden en worden kijkerig en onrustig. Rustgevende en ontspannende voedingsstoffen helpen uw paard bij een zenuwachtig gevoel en bevorderen het zelfvertrouwen tijdens de training. Relax bevordert het reactie- en concentratievermogen en is een natuurlijke rustgever voor het paard.","og_url":"https:\/\/www.food4animals.nl\/de\/produkt\/entspannen\/","og_site_name":"Food4animals","article_publisher":"https:\/\/www.facebook.com\/p\/Food4animals-100063861676074\/","article_modified_time":"2025-12-22T09:19:12+00:00","og_image":[{"width":500,"height":500,"url":"https:\/\/www.food4animals.nl\/wp-content\/uploads\/2023\/12\/Relax-Paard.jpg","type":"image\/jpeg"}],"twitter_card":"summary_large_image","twitter_site":"@food4animals","twitter_misc":{"Gesch\u00e4tzte Lesezeit":"3\u00a0Minuten"},"schema":{"@context":"https:\/\/schema.org","@graph":[{"@type":"WebPage","@id":"https:\/\/www.food4animals.nl\/product\/relax\/","url":"https:\/\/www.food4animals.nl\/product\/relax\/","name":"Entspannen - Food4animals","isPartOf":{"@id":"https:\/\/www.food4animals.nl\/en\/#website"},"primaryImageOfPage":{"@id":"https:\/\/www.food4animals.nl\/product\/relax\/#primaryimage"},"image":{"@id":"https:\/\/www.food4animals.nl\/product\/relax\/#primaryimage"},"thumbnailUrl":"https:\/\/www.food4animals.nl\/wp-content\/uploads\/2023\/12\/Relax-Paard.jpg","datePublished":"2023-12-31T09:52:21+00:00","dateModified":"2025-12-22T09:19:12+00:00","description":"Manche Pferde sind leicht aufgeregt und werden unbeholfen und unruhig. Beruhigende und entspannende N\u00e4hrstoffe helfen Ihrem Pferd, wenn es nerv\u00f6s ist, und f\u00f6rdern das Selbstvertrauen beim Training. Relax f\u00f6rdert die Reaktionsf\u00e4higkeit und Konzentration und ist ein nat\u00fcrliches Beruhigungsmittel f\u00fcr das Pferd.","breadcrumb":{"@id":"https:\/\/www.food4animals.nl\/product\/relax\/#breadcrumb"},"inLanguage":"de","potentialAction":[{"@type":"ReadAction","target":["https:\/\/www.food4animals.nl\/product\/relax\/"]}]},{"@type":"ImageObject","inLanguage":"de","@id":"https:\/\/www.food4animals.nl\/product\/relax\/#primaryimage","url":"https:\/\/www.food4animals.nl\/wp-content\/uploads\/2023\/12\/Relax-Paard.jpg","contentUrl":"https:\/\/www.food4animals.nl\/wp-content\/uploads\/2023\/12\/Relax-Paard.jpg","width":500,"height":500},{"@type":"BreadcrumbList","@id":"https:\/\/www.food4animals.nl\/product\/relax\/#breadcrumb","itemListElement":[{"@type":"ListItem","position":1,"name":"Home","item":"https:\/\/www.food4animals.nl\/"},{"@type":"ListItem","position":2,"name":"Winkel","item":"https:\/\/www.food4animals.nl\/winkel\/"},{"@type":"ListItem","position":3,"name":"Relax"}]},{"@type":"WebSite","@id":"https:\/\/www.food4animals.nl\/en\/#website","url":"https:\/\/www.food4animals.nl\/en\/","name":"Lebensmittel4Tiere","description":"Alles f\u00fcr Reiter und Tier","publisher":{"@id":"https:\/\/www.food4animals.nl\/en\/#organization"},"potentialAction":[{"@type":"SearchAction","target":{"@type":"EntryPoint","urlTemplate":"https:\/\/www.food4animals.nl\/en\/?s={search_term_string}"},"query-input":{"@type":"PropertyValueSpecification","valueRequired":true,"valueName":"search_term_string"}}],"inLanguage":"de"},{"@type":"Organization","@id":"https:\/\/www.food4animals.nl\/en\/#organization","name":"Lebensmittel4Tiere","url":"https:\/\/www.food4animals.nl\/en\/","logo":{"@type":"ImageObject","inLanguage":"de","@id":"https:\/\/www.food4animals.nl\/en\/#\/schema\/logo\/image\/","url":"https:\/\/www.food4animals.nl\/wp-content\/uploads\/2023\/10\/Logo.svg","contentUrl":"https:\/\/www.food4animals.nl\/wp-content\/uploads\/2023\/10\/Logo.svg","width":1,"height":1,"caption":"Food4animals"},"image":{"@id":"https:\/\/www.food4animals.nl\/en\/#\/schema\/logo\/image\/"},"sameAs":["https:\/\/www.facebook.com\/p\/Food4animals-100063861676074\/","https:\/\/x.com\/food4animals"]}]}},"_links":{"self":[{"href":"https:\/\/www.food4animals.nl\/de\/wp-json\/wp\/v2\/product\/17866","targetHints":{"allow":["GET"]}}],"collection":[{"href":"https:\/\/www.food4animals.nl\/de\/wp-json\/wp\/v2\/product"}],"about":[{"href":"https:\/\/www.food4animals.nl\/de\/wp-json\/wp\/v2\/types\/product"}],"wp:featuredmedia":[{"embeddable":true,"href":"https:\/\/www.food4animals.nl\/de\/wp-json\/wp\/v2\/media\/17867"}],"wp:attachment":[{"href":"https:\/\/www.food4animals.nl\/de\/wp-json\/wp\/v2\/media?parent=17866"}],"wp:term":[{"taxonomy":"product_brand","embeddable":true,"href":"https:\/\/www.food4animals.nl\/de\/wp-json\/wp\/v2\/product_brand?post=17866"},{"taxonomy":"product_cat","embeddable":true,"href":"https:\/\/www.food4animals.nl\/de\/wp-json\/wp\/v2\/product_cat?post=17866"},{"taxonomy":"product_tag","embeddable":true,"href":"https:\/\/www.food4animals.nl\/de\/wp-json\/wp\/v2\/product_tag?post=17866"}],"curies":[{"name":"wp","href":"https:\/\/api.w.org\/{rel}","templated":true}]}}