{"id":17899,"date":"2024-01-01T11:04:32","date_gmt":"2024-01-01T10:04:32","guid":{"rendered":"https:\/\/food4animals.nl\/?post_type=product&#038;p=17899"},"modified":"2025-12-22T10:19:13","modified_gmt":"2025-12-22T09:19:13","slug":"glucosamin-c-hohe-dosierung","status":"publish","type":"product","link":"https:\/\/www.food4animals.nl\/de\/produkt\/glucosamin-c-hohe-dosierung\/","title":{"rendered":"Glucosamin C Hohe Dosierung"},"content":{"rendered":"<p>Glucosamin C tr\u00e4gt dazu bei, die Gelenke geschmeidig, elastisch und beweglich zu halten. Wenn die Glucosaminproduktion reduziert ist, kann die zus\u00e4tzliche Einnahme von Glucosamin-C den Knorpel und die Erhaltung der Geschmeidigkeit der Gelenke unterst\u00fctzen. Glucosamin C kann die Funktion der Gelenke unterst\u00fctzen. Die Einnahme von Glucosamin C ist langsam wirkend und sollte mindestens 4 - 10 Wochen lang erfolgen, bevor die Ergebnisse sp\u00fcrbar werden.<\/p>\n<p>Die Wirkung von Glucosamin C wird durch Vitella Horse Care Gelatinehydrolysat, MSM Souplesse, Lein\u00f6l und Vitamine &amp; Mineralien unterst\u00fctzt.<\/p>\n<p>1 Quelle: Equinews, 'Does glucosamine prevent arthritis horse joints? Neue Forschung\", http:\/\/www.equinews.com\/article\/does-glucosamine-prevent-arthritis-horse-joints-new-research.<\/p>\n<p>Verwendung:<\/p>\n<p>Mischen Sie das Konzentrat durch oder schl\u00fcrfen Sie in der angegebenen Menge 1 gestrichenen Messl\u00f6ffel 8 ml = 8 g, 5 ml = 5 g, 3 ml = 3 g. Vorzugsweise \u00fcber zwei oder mehr Tagesperioden verteilen.<\/p>\n<p>Dosierung: Gem\u00e4\u00df dem unten stehenden Schema. Nach 4 bis 10 Wochen, reduzieren Sie die Dosis auf die Erhaltungsdosis. Empfohlene Dosis Erg\u00e4nzung in Gramm pro Tag bei Gewicht in kg.<\/p>\n<table class=\"cke_show_border\" style=\"height: 231px\" border=\"0\" width=\"698\" cellspacing=\"0\" cellpadding=\"0\">\n<tbody>\n<tr>\n<td colspan=\"4\"><strong><em>Empfohlene Menge in Gramm pro Tag<\/em><\/strong><\/td>\n<\/tr>\n<tr>\n<td><\/td>\n<td><strong>Gewicht in kg.<\/strong><\/td>\n<td><strong>Dosierung der Wartung<\/strong><\/td>\n<td><strong>Dosierung der Behandlung<\/strong><\/td>\n<\/tr>\n<tr>\n<td>Shetlander<\/td>\n<td>100-200<\/td>\n<td>0,1 &#8211; 1<\/td>\n<td>1 bis 3<\/td>\n<\/tr>\n<tr>\n<td>Isl\u00e4nder<\/td>\n<td>350<\/td>\n<td>1,66<\/td>\n<td>5,5<\/td>\n<\/tr>\n<tr>\n<td>Araber\/Haflinger<\/td>\n<td>450<\/td>\n<td>2<\/td>\n<td>7<\/td>\n<\/tr>\n<tr>\n<td>Traber \/ Viertel<\/td>\n<td>420<\/td>\n<td>2 bis 5<\/td>\n<td>5 bis 8<\/td>\n<\/tr>\n<tr>\n<td>Englisches Vollblut<\/td>\n<td>450-530<\/td>\n<td>2 bis 5<\/td>\n<td>5 bis 8<\/td>\n<\/tr>\n<tr>\n<td>Warmblut<\/td>\n<td>500-700<\/td>\n<td>2,6 &#8211; 8<\/td>\n<td>8 bis 11<\/td>\n<\/tr>\n<tr>\n<td>Holl\u00e4ndisches Zugpferd<\/td>\n<td>&gt;700<\/td>\n<td>3 bis 8<\/td>\n<td>11<\/td>\n<\/tr>\n<\/tbody>\n<\/table>\n<p>&nbsp;<\/p>\n<table class=\"cke_show_border\" style=\"height: 281px\" border=\"0\" width=\"547\" cellspacing=\"0\" cellpadding=\"0\">\n<tbody>\n<tr>\n<td colspan=\"2\"><strong>Inhalt<\/strong><\/td>\n<td colspan=\"2\"><strong>Zusatzstoffe pro kg.<\/strong><\/td>\n<\/tr>\n<tr>\n<td>N\u00e4hrwert<\/td>\n<td>Prozentsatz<\/td>\n<td>Ern\u00e4hrung<\/td>\n<td>Wert<\/td>\n<\/tr>\n<tr>\n<td>Kohlenhydrate<\/td>\n<td>93,0%<\/td>\n<td>Vitamin C Ascorbins\u00e4ure E300<\/td>\n<td>10 g<\/td>\n<\/tr>\n<tr>\n<td>Davon Zucker<\/td>\n<td>93,0%<\/td>\n<td><\/td>\n<td><\/td>\n<\/tr>\n<tr>\n<td>Rohes Eiwei\u00df<\/td>\n<td>0,0%<\/td>\n<td><\/td>\n<td><\/td>\n<\/tr>\n<tr>\n<td>Rohes Fett<\/td>\n<td>0,0%<\/td>\n<td><\/td>\n<td><\/td>\n<\/tr>\n<tr>\n<td>Rohe Asche<\/td>\n<td>3,0%<\/td>\n<td><\/td>\n<td><\/td>\n<\/tr>\n<tr>\n<td>Rohfaser<\/td>\n<td>0,0%<\/td>\n<td><\/td>\n<td><\/td>\n<\/tr>\n<tr>\n<td>Kalzium<\/td>\n<td>&#8211;<\/td>\n<td><\/td>\n<td><\/td>\n<\/tr>\n<tr>\n<td>Phosphor (P)<\/td>\n<td>&#8211;<\/td>\n<td><\/td>\n<td><\/td>\n<\/tr>\n<tr>\n<td>Natrium<\/td>\n<td>&#8211;<\/td>\n<td><\/td>\n<td><\/td>\n<\/tr>\n<\/tbody>\n<\/table>\n<p>&nbsp;<\/p>\n<p><strong>Deklaration der Inhaltsstoffe<\/strong><br \/>\n99% Glucosaminsulfat 1% Vitamin C<\/p>\n<p>Vitella Horse Care Glucosamine C High Dosage ist ein Erg\u00e4nzungsfuttermittel<\/p>","protected":false},"excerpt":{"rendered":"<p>Glucosamin C tr\u00e4gt dazu bei, die Gelenke geschmeidig, elastisch und beweglich zu halten. Wenn die Glucosaminproduktion reduziert ist, kann die zus\u00e4tzliche Einnahme von Glucosamin-C den Knorpel und die Erhaltung der Geschmeidigkeit der Gelenke unterst\u00fctzen. Glucosamin C kann die Funktion der Gelenke unterst\u00fctzen.<\/p>","protected":false},"featured_media":17895,"template":"","meta":{"_acf_changed":false},"product_brand":[],"product_cat":[993,1001],"product_tag":[1516,1515],"class_list":{"0":"post-17899","1":"product","2":"type-product","3":"status-publish","4":"has-post-thumbnail","6":"product_cat-apotheek","7":"product_cat-supplementen","8":"product_tag-gewrichten","9":"product_tag-kraakbeen","10":"tax_brand-vitella-horse-care","12":"first","13":"instock","14":"taxable","15":"shipping-taxable","16":"purchasable","17":"product-type-variable"},"acf":[],"yoast_head":"<!-- This site is optimized with the Yoast SEO plugin v27.4 - https:\/\/yoast.com\/product\/yoast-seo-wordpress\/ -->\n<title>Glucosamine C Hoge Dosering - Food4animals<\/title>\n<meta name=\"description\" content=\"Glucosamine C helpt gewrichten soepel, elastisch en beweeglijk te houden. Wanneer de aanmaak van glucosamine vermindert kan extra inname van glucosamine - C het kraakbeen en het behoud van soepele gewrichten ondersteunen. Glucosamine C kan het functioneren van de gewrichten ondersteunen.\" \/>\n<meta name=\"robots\" content=\"index, follow, max-snippet:-1, max-image-preview:large, max-video-preview:-1\" \/>\n<link rel=\"canonical\" href=\"https:\/\/www.food4animals.nl\/de\/produkt\/glucosamin-c-hohe-dosierung\/\" \/>\n<meta property=\"og:locale\" content=\"de_DE\" \/>\n<meta property=\"og:type\" content=\"article\" \/>\n<meta property=\"og:title\" content=\"Glucosamine C Hoge Dosering - Food4animals\" \/>\n<meta property=\"og:description\" content=\"Glucosamine C helpt gewrichten soepel, elastisch en beweeglijk te houden. Wanneer de aanmaak van glucosamine vermindert kan extra inname van glucosamine - C het kraakbeen en het behoud van soepele gewrichten ondersteunen. Glucosamine C kan het functioneren van de gewrichten ondersteunen.\" \/>\n<meta property=\"og:url\" content=\"https:\/\/www.food4animals.nl\/de\/produkt\/glucosamin-c-hohe-dosierung\/\" \/>\n<meta property=\"og:site_name\" content=\"Food4animals\" \/>\n<meta property=\"article:publisher\" content=\"https:\/\/www.facebook.com\/p\/Food4animals-100063861676074\/\" \/>\n<meta property=\"article:modified_time\" content=\"2025-12-22T09:19:13+00:00\" \/>\n<meta property=\"og:image\" content=\"https:\/\/www.food4animals.nl\/wp-content\/uploads\/2024\/01\/Glucosamine-C.jpg\" \/>\n\t<meta property=\"og:image:width\" content=\"500\" \/>\n\t<meta property=\"og:image:height\" content=\"500\" \/>\n\t<meta property=\"og:image:type\" content=\"image\/jpeg\" \/>\n<meta name=\"twitter:card\" content=\"summary_large_image\" \/>\n<meta name=\"twitter:site\" content=\"@food4animals\" \/>\n<meta name=\"twitter:label1\" content=\"Gesch\u00e4tzte Lesezeit\" \/>\n\t<meta name=\"twitter:data1\" content=\"2\u00a0Minuten\" \/>\n<script type=\"application\/ld+json\" class=\"yoast-schema-graph\">{\"@context\":\"https:\\\/\\\/schema.org\",\"@graph\":[{\"@type\":\"WebPage\",\"@id\":\"https:\\\/\\\/www.food4animals.nl\\\/product\\\/glucosamine-c-hoge-dosering\\\/\",\"url\":\"https:\\\/\\\/www.food4animals.nl\\\/product\\\/glucosamine-c-hoge-dosering\\\/\",\"name\":\"Glucosamine C Hoge Dosering - Food4animals\",\"isPartOf\":{\"@id\":\"https:\\\/\\\/www.food4animals.nl\\\/en\\\/#website\"},\"primaryImageOfPage\":{\"@id\":\"https:\\\/\\\/www.food4animals.nl\\\/product\\\/glucosamine-c-hoge-dosering\\\/#primaryimage\"},\"image\":{\"@id\":\"https:\\\/\\\/www.food4animals.nl\\\/product\\\/glucosamine-c-hoge-dosering\\\/#primaryimage\"},\"thumbnailUrl\":\"https:\\\/\\\/www.food4animals.nl\\\/wp-content\\\/uploads\\\/2024\\\/01\\\/Glucosamine-C.jpg\",\"datePublished\":\"2024-01-01T10:04:32+00:00\",\"dateModified\":\"2025-12-22T09:19:13+00:00\",\"description\":\"Glucosamine C helpt gewrichten soepel, elastisch en beweeglijk te houden. Wanneer de aanmaak van glucosamine vermindert kan extra inname van glucosamine - C het kraakbeen en het behoud van soepele gewrichten ondersteunen. Glucosamine C kan het functioneren van de gewrichten ondersteunen.\",\"breadcrumb\":{\"@id\":\"https:\\\/\\\/www.food4animals.nl\\\/product\\\/glucosamine-c-hoge-dosering\\\/#breadcrumb\"},\"inLanguage\":\"de\",\"potentialAction\":[{\"@type\":\"ReadAction\",\"target\":[\"https:\\\/\\\/www.food4animals.nl\\\/product\\\/glucosamine-c-hoge-dosering\\\/\"]}]},{\"@type\":\"ImageObject\",\"inLanguage\":\"de\",\"@id\":\"https:\\\/\\\/www.food4animals.nl\\\/product\\\/glucosamine-c-hoge-dosering\\\/#primaryimage\",\"url\":\"https:\\\/\\\/www.food4animals.nl\\\/wp-content\\\/uploads\\\/2024\\\/01\\\/Glucosamine-C.jpg\",\"contentUrl\":\"https:\\\/\\\/www.food4animals.nl\\\/wp-content\\\/uploads\\\/2024\\\/01\\\/Glucosamine-C.jpg\",\"width\":500,\"height\":500},{\"@type\":\"BreadcrumbList\",\"@id\":\"https:\\\/\\\/www.food4animals.nl\\\/product\\\/glucosamine-c-hoge-dosering\\\/#breadcrumb\",\"itemListElement\":[{\"@type\":\"ListItem\",\"position\":1,\"name\":\"Home\",\"item\":\"https:\\\/\\\/www.food4animals.nl\\\/\"},{\"@type\":\"ListItem\",\"position\":2,\"name\":\"Winkel\",\"item\":\"https:\\\/\\\/www.food4animals.nl\\\/winkel\\\/\"},{\"@type\":\"ListItem\",\"position\":3,\"name\":\"Glucosamine C Hoge Dosering\"}]},{\"@type\":\"WebSite\",\"@id\":\"https:\\\/\\\/www.food4animals.nl\\\/en\\\/#website\",\"url\":\"https:\\\/\\\/www.food4animals.nl\\\/en\\\/\",\"name\":\"Food4animals\",\"description\":\"Alles voor Ruiter en Dier\",\"publisher\":{\"@id\":\"https:\\\/\\\/www.food4animals.nl\\\/en\\\/#organization\"},\"potentialAction\":[{\"@type\":\"SearchAction\",\"target\":{\"@type\":\"EntryPoint\",\"urlTemplate\":\"https:\\\/\\\/www.food4animals.nl\\\/en\\\/?s={search_term_string}\"},\"query-input\":{\"@type\":\"PropertyValueSpecification\",\"valueRequired\":true,\"valueName\":\"search_term_string\"}}],\"inLanguage\":\"de\"},{\"@type\":\"Organization\",\"@id\":\"https:\\\/\\\/www.food4animals.nl\\\/en\\\/#organization\",\"name\":\"Food4animals\",\"url\":\"https:\\\/\\\/www.food4animals.nl\\\/en\\\/\",\"logo\":{\"@type\":\"ImageObject\",\"inLanguage\":\"de\",\"@id\":\"https:\\\/\\\/www.food4animals.nl\\\/en\\\/#\\\/schema\\\/logo\\\/image\\\/\",\"url\":\"https:\\\/\\\/www.food4animals.nl\\\/wp-content\\\/uploads\\\/2023\\\/10\\\/Logo.svg\",\"contentUrl\":\"https:\\\/\\\/www.food4animals.nl\\\/wp-content\\\/uploads\\\/2023\\\/10\\\/Logo.svg\",\"width\":1,\"height\":1,\"caption\":\"Food4animals\"},\"image\":{\"@id\":\"https:\\\/\\\/www.food4animals.nl\\\/en\\\/#\\\/schema\\\/logo\\\/image\\\/\"},\"sameAs\":[\"https:\\\/\\\/www.facebook.com\\\/p\\\/Food4animals-100063861676074\\\/\",\"https:\\\/\\\/x.com\\\/food4animals\"]}]}<\/script>\n<!-- \/ Yoast SEO plugin. -->","yoast_head_json":{"title":"Glucosamin C Hochdosiert - Food4animals","description":"Glucosamin C tr\u00e4gt dazu bei, die Gelenke geschmeidig, elastisch und beweglich zu halten. Wenn die Glucosaminproduktion reduziert ist, kann die zus\u00e4tzliche Einnahme von Glucosamin-C den Knorpel und die Erhaltung der Geschmeidigkeit der Gelenke unterst\u00fctzen. Glucosamin C kann die Funktion der Gelenke unterst\u00fctzen.","robots":{"index":"index","follow":"follow","max-snippet":"max-snippet:-1","max-image-preview":"max-image-preview:large","max-video-preview":"max-video-preview:-1"},"canonical":"https:\/\/www.food4animals.nl\/de\/produkt\/glucosamin-c-hohe-dosierung\/","og_locale":"de_DE","og_type":"article","og_title":"Glucosamine C Hoge Dosering - Food4animals","og_description":"Glucosamine C helpt gewrichten soepel, elastisch en beweeglijk te houden. Wanneer de aanmaak van glucosamine vermindert kan extra inname van glucosamine - C het kraakbeen en het behoud van soepele gewrichten ondersteunen. Glucosamine C kan het functioneren van de gewrichten ondersteunen.","og_url":"https:\/\/www.food4animals.nl\/de\/produkt\/glucosamin-c-hohe-dosierung\/","og_site_name":"Food4animals","article_publisher":"https:\/\/www.facebook.com\/p\/Food4animals-100063861676074\/","article_modified_time":"2025-12-22T09:19:13+00:00","og_image":[{"width":500,"height":500,"url":"https:\/\/www.food4animals.nl\/wp-content\/uploads\/2024\/01\/Glucosamine-C.jpg","type":"image\/jpeg"}],"twitter_card":"summary_large_image","twitter_site":"@food4animals","twitter_misc":{"Gesch\u00e4tzte Lesezeit":"2\u00a0Minuten"},"schema":{"@context":"https:\/\/schema.org","@graph":[{"@type":"WebPage","@id":"https:\/\/www.food4animals.nl\/product\/glucosamine-c-hoge-dosering\/","url":"https:\/\/www.food4animals.nl\/product\/glucosamine-c-hoge-dosering\/","name":"Glucosamin C Hochdosiert - Food4animals","isPartOf":{"@id":"https:\/\/www.food4animals.nl\/en\/#website"},"primaryImageOfPage":{"@id":"https:\/\/www.food4animals.nl\/product\/glucosamine-c-hoge-dosering\/#primaryimage"},"image":{"@id":"https:\/\/www.food4animals.nl\/product\/glucosamine-c-hoge-dosering\/#primaryimage"},"thumbnailUrl":"https:\/\/www.food4animals.nl\/wp-content\/uploads\/2024\/01\/Glucosamine-C.jpg","datePublished":"2024-01-01T10:04:32+00:00","dateModified":"2025-12-22T09:19:13+00:00","description":"Glucosamin C tr\u00e4gt dazu bei, die Gelenke geschmeidig, elastisch und beweglich zu halten. Wenn die Glucosaminproduktion reduziert ist, kann die zus\u00e4tzliche Einnahme von Glucosamin-C den Knorpel und die Erhaltung der Geschmeidigkeit der Gelenke unterst\u00fctzen. Glucosamin C kann die Funktion der Gelenke unterst\u00fctzen.","breadcrumb":{"@id":"https:\/\/www.food4animals.nl\/product\/glucosamine-c-hoge-dosering\/#breadcrumb"},"inLanguage":"de","potentialAction":[{"@type":"ReadAction","target":["https:\/\/www.food4animals.nl\/product\/glucosamine-c-hoge-dosering\/"]}]},{"@type":"ImageObject","inLanguage":"de","@id":"https:\/\/www.food4animals.nl\/product\/glucosamine-c-hoge-dosering\/#primaryimage","url":"https:\/\/www.food4animals.nl\/wp-content\/uploads\/2024\/01\/Glucosamine-C.jpg","contentUrl":"https:\/\/www.food4animals.nl\/wp-content\/uploads\/2024\/01\/Glucosamine-C.jpg","width":500,"height":500},{"@type":"BreadcrumbList","@id":"https:\/\/www.food4animals.nl\/product\/glucosamine-c-hoge-dosering\/#breadcrumb","itemListElement":[{"@type":"ListItem","position":1,"name":"Home","item":"https:\/\/www.food4animals.nl\/"},{"@type":"ListItem","position":2,"name":"Winkel","item":"https:\/\/www.food4animals.nl\/winkel\/"},{"@type":"ListItem","position":3,"name":"Glucosamine C Hoge Dosering"}]},{"@type":"WebSite","@id":"https:\/\/www.food4animals.nl\/en\/#website","url":"https:\/\/www.food4animals.nl\/en\/","name":"Lebensmittel4Tiere","description":"Alles f\u00fcr Reiter und Tier","publisher":{"@id":"https:\/\/www.food4animals.nl\/en\/#organization"},"potentialAction":[{"@type":"SearchAction","target":{"@type":"EntryPoint","urlTemplate":"https:\/\/www.food4animals.nl\/en\/?s={search_term_string}"},"query-input":{"@type":"PropertyValueSpecification","valueRequired":true,"valueName":"search_term_string"}}],"inLanguage":"de"},{"@type":"Organization","@id":"https:\/\/www.food4animals.nl\/en\/#organization","name":"Lebensmittel4Tiere","url":"https:\/\/www.food4animals.nl\/en\/","logo":{"@type":"ImageObject","inLanguage":"de","@id":"https:\/\/www.food4animals.nl\/en\/#\/schema\/logo\/image\/","url":"https:\/\/www.food4animals.nl\/wp-content\/uploads\/2023\/10\/Logo.svg","contentUrl":"https:\/\/www.food4animals.nl\/wp-content\/uploads\/2023\/10\/Logo.svg","width":1,"height":1,"caption":"Food4animals"},"image":{"@id":"https:\/\/www.food4animals.nl\/en\/#\/schema\/logo\/image\/"},"sameAs":["https:\/\/www.facebook.com\/p\/Food4animals-100063861676074\/","https:\/\/x.com\/food4animals"]}]}},"_links":{"self":[{"href":"https:\/\/www.food4animals.nl\/de\/wp-json\/wp\/v2\/product\/17899","targetHints":{"allow":["GET"]}}],"collection":[{"href":"https:\/\/www.food4animals.nl\/de\/wp-json\/wp\/v2\/product"}],"about":[{"href":"https:\/\/www.food4animals.nl\/de\/wp-json\/wp\/v2\/types\/product"}],"wp:featuredmedia":[{"embeddable":true,"href":"https:\/\/www.food4animals.nl\/de\/wp-json\/wp\/v2\/media\/17895"}],"wp:attachment":[{"href":"https:\/\/www.food4animals.nl\/de\/wp-json\/wp\/v2\/media?parent=17899"}],"wp:term":[{"taxonomy":"product_brand","embeddable":true,"href":"https:\/\/www.food4animals.nl\/de\/wp-json\/wp\/v2\/product_brand?post=17899"},{"taxonomy":"product_cat","embeddable":true,"href":"https:\/\/www.food4animals.nl\/de\/wp-json\/wp\/v2\/product_cat?post=17899"},{"taxonomy":"product_tag","embeddable":true,"href":"https:\/\/www.food4animals.nl\/de\/wp-json\/wp\/v2\/product_tag?post=17899"}],"curies":[{"name":"wp","href":"https:\/\/api.w.org\/{rel}","templated":true}]}}