{"id":17909,"date":"2024-01-01T13:04:21","date_gmt":"2024-01-01T12:04:21","guid":{"rendered":"https:\/\/food4animals.nl\/?post_type=product&#038;p=17909"},"modified":"2025-12-22T10:20:15","modified_gmt":"2025-12-22T09:20:15","slug":"psyllium-sand-weg","status":"publish","type":"product","link":"https:\/\/www.food4animals.nl\/de\/produkt\/psyllium-sand-weg\/","title":{"rendered":"Psyllium-Sand-Stra\u00dfe"},"content":{"rendered":"<p><strong>Psyllium-Sandstra\u00dfe<\/strong><\/p>\n<p>Fast alle Pferde bekommen etwas Sand mit dem Raufutter. Das kann nicht schaden, solange der Darm normal funktioniert. Aber wenn der Vortrieb im Dickdarm zu langsam wird, kann sich Sand ansammeln. Der Sand setzt sich an der Darmwand fest und verursacht dann Symptome. Manchmal handelt es sich nur um verminderten Appetit, weniger Appetit, Widerstand, trockenes Fell oder Abmagerung. Manchmal entstehen Probleme, weil der Sand schwer ist und sich Gase ansammeln, die den Darm belasten.<\/p>\n<p>Psyllium - Sand Road entfernt den Sand aus dem Darm. Es enth\u00e4lt Psylliumfasern oder Flohkrautfasern. Diese Psylliumfasern bilden mit dem Speichel im Magen-Darm-Trakt ein schleimiges Gel und haben eine auftreibende Wirkung. Sie regen die Darmbewegungen an und verbessern so die F\u00e4higkeit des Pferdes, Sand auszuscheiden. Au\u00dferdem bildet Psyllium eine geleeartige, klebrige Masse im Darm, an der Sandreste haften bleiben und entfernt werden. Zur Beruhigung gereizter Darmschleimh\u00e4ute ist dieses schleimige Gelee ebenfalls sehr gut geeignet.<\/p>\n<p><strong>Verwendung:<\/strong><br \/>\nAusdauernde Sandfresser erhalten w\u00e4hrend der Weidesaison einmal im Monat eine Kur von 5 bis 7 Tagen. Zur Vorbeugung k\u00f6nnen Sie auch eine Kur zur H\u00e4lfte der Weidesaison und nach der Weidesaison geben. Um die durch den Sand verursachten Sch\u00e4den in Magen und Darm zu beheben, k\u00f6nnen Sie den K\u00f6rper mit Vitella Horse Care Pro Vitamin mit Antioxidantien unterst\u00fctzen. Diese Stoffe tragen zur Wiederherstellung der Darmflora bei und k\u00f6nnen helfen, langfristige Probleme zu verhindern.<\/p>\n<p>Enth\u00e4lt: gemahlene Psylliumsamen<\/p>\n<p><strong>Verwendung:<\/strong><\/p>\n<p>7 Tage hintereinander 80 bis 200 g pro Tag, Fohlen\/Ponys 40 bis 120 g pro Tag. Mischen Sie das Psyllium mit etwas Leinsamen\u00f6l unter das Kraftfutter. Verwenden Sie kein Wasser, da sonst alles klebrig wird.<\/p>\n<p><strong>Verpackung:<\/strong><br \/>\n2,5 Kilo<br \/>\n5 Kilo<\/p>","protected":false},"excerpt":{"rendered":"<p><strong>Psyllium-Sandstra\u00dfe<\/strong><\/p>\n<p>Fast alle Pferde bekommen etwas Sand mit dem Raufutter. Das kann nicht schaden, solange der Darm normal funktioniert. Aber wenn der Vortrieb im Dickdarm zu langsam wird, kann sich Sand ansammeln. Der Sand setzt sich an der Darmwand fest und verursacht dann Symptome. Manchmal handelt es sich nur um verminderten Appetit, weniger Appetit, Widerstand, trockenes Fell oder Abmagerung. Manchmal entstehen Probleme, weil der Sand schwer ist und sich Gase ansammeln, die den Darm belasten.<\/p>","protected":false},"featured_media":17910,"template":"","meta":{"_acf_changed":false},"product_brand":[],"product_cat":[993,1001],"product_tag":[3206,3207],"class_list":{"0":"post-17909","1":"product","2":"type-product","3":"status-publish","4":"has-post-thumbnail","6":"product_cat-apotheek","7":"product_cat-supplementen","8":"product_tag-psyllium","9":"product_tag-vlozaadvezel","10":"tax_brand-vitella-horse-care","12":"first","13":"instock","14":"taxable","15":"shipping-taxable","16":"purchasable","17":"product-type-variable"},"acf":[],"yoast_head":"<!-- This site is optimized with the Yoast SEO plugin v27.4 - https:\/\/yoast.com\/product\/yoast-seo-wordpress\/ -->\n<title>Psyllium-Zand Weg - Food4animals<\/title>\n<meta name=\"description\" content=\"Psyllium -Zand Weg Bijna alle paarden krijgen wel wat zand binnen met het ruwvoer. Dat kan geen kwaad zolang de darmen normaal functioneren. Maar als de voortstuwing in de dikke darm te traag wordt dan kan het zand zich ophopen. Het zand gaat aan de darmwand hechten en geeft dan klachten. Soms is dat alleen afgenomen eetlust, minder zin in het werk, verzet, een dorre vacht of vermageren. Soms ontstaan er problemen\u00a0omdat het zand zwaar is en omdat er gas ophoopt waardoor de darmen onder spanning komen te staan.\u00a0\" \/>\n<meta name=\"robots\" content=\"index, follow, max-snippet:-1, max-image-preview:large, max-video-preview:-1\" \/>\n<link rel=\"canonical\" href=\"https:\/\/www.food4animals.nl\/de\/produkt\/psyllium-sand-weg\/\" \/>\n<meta property=\"og:locale\" content=\"de_DE\" \/>\n<meta property=\"og:type\" content=\"article\" \/>\n<meta property=\"og:title\" content=\"Psyllium-Zand Weg - Food4animals\" \/>\n<meta property=\"og:description\" content=\"Psyllium -Zand Weg Bijna alle paarden krijgen wel wat zand binnen met het ruwvoer. Dat kan geen kwaad zolang de darmen normaal functioneren. Maar als de voortstuwing in de dikke darm te traag wordt dan kan het zand zich ophopen. Het zand gaat aan de darmwand hechten en geeft dan klachten. Soms is dat alleen afgenomen eetlust, minder zin in het werk, verzet, een dorre vacht of vermageren. Soms ontstaan er problemen\u00a0omdat het zand zwaar is en omdat er gas ophoopt waardoor de darmen onder spanning komen te staan.\u00a0\" \/>\n<meta property=\"og:url\" content=\"https:\/\/www.food4animals.nl\/de\/produkt\/psyllium-sand-weg\/\" \/>\n<meta property=\"og:site_name\" content=\"Food4animals\" \/>\n<meta property=\"article:publisher\" content=\"https:\/\/www.facebook.com\/p\/Food4animals-100063861676074\/\" \/>\n<meta property=\"article:modified_time\" content=\"2025-12-22T09:20:15+00:00\" \/>\n<meta property=\"og:image\" content=\"https:\/\/www.food4animals.nl\/wp-content\/uploads\/2024\/01\/Psyllium-Zand-Weg.jpg\" \/>\n\t<meta property=\"og:image:width\" content=\"500\" \/>\n\t<meta property=\"og:image:height\" content=\"500\" \/>\n\t<meta property=\"og:image:type\" content=\"image\/jpeg\" \/>\n<meta name=\"twitter:card\" content=\"summary_large_image\" \/>\n<meta name=\"twitter:site\" content=\"@food4animals\" \/>\n<meta name=\"twitter:label1\" content=\"Gesch\u00e4tzte Lesezeit\" \/>\n\t<meta name=\"twitter:data1\" content=\"2\u00a0Minuten\" \/>\n<script type=\"application\/ld+json\" class=\"yoast-schema-graph\">{\"@context\":\"https:\\\/\\\/schema.org\",\"@graph\":[{\"@type\":\"WebPage\",\"@id\":\"https:\\\/\\\/www.food4animals.nl\\\/product\\\/psyllium-zand-weg\\\/\",\"url\":\"https:\\\/\\\/www.food4animals.nl\\\/product\\\/psyllium-zand-weg\\\/\",\"name\":\"Psyllium-Zand Weg - Food4animals\",\"isPartOf\":{\"@id\":\"https:\\\/\\\/www.food4animals.nl\\\/en\\\/#website\"},\"primaryImageOfPage\":{\"@id\":\"https:\\\/\\\/www.food4animals.nl\\\/product\\\/psyllium-zand-weg\\\/#primaryimage\"},\"image\":{\"@id\":\"https:\\\/\\\/www.food4animals.nl\\\/product\\\/psyllium-zand-weg\\\/#primaryimage\"},\"thumbnailUrl\":\"https:\\\/\\\/www.food4animals.nl\\\/wp-content\\\/uploads\\\/2024\\\/01\\\/Psyllium-Zand-Weg.jpg\",\"datePublished\":\"2024-01-01T12:04:21+00:00\",\"dateModified\":\"2025-12-22T09:20:15+00:00\",\"description\":\"Psyllium -Zand Weg Bijna alle paarden krijgen wel wat zand binnen met het ruwvoer. Dat kan geen kwaad zolang de darmen normaal functioneren. Maar als de voortstuwing in de dikke darm te traag wordt dan kan het zand zich ophopen. Het zand gaat aan de darmwand hechten en geeft dan klachten. Soms is dat alleen afgenomen eetlust, minder zin in het werk, verzet, een dorre vacht of vermageren. Soms ontstaan er problemen\u00a0omdat het zand zwaar is en omdat er gas ophoopt waardoor de darmen onder spanning komen te staan.\u00a0\",\"breadcrumb\":{\"@id\":\"https:\\\/\\\/www.food4animals.nl\\\/product\\\/psyllium-zand-weg\\\/#breadcrumb\"},\"inLanguage\":\"de\",\"potentialAction\":[{\"@type\":\"ReadAction\",\"target\":[\"https:\\\/\\\/www.food4animals.nl\\\/product\\\/psyllium-zand-weg\\\/\"]}]},{\"@type\":\"ImageObject\",\"inLanguage\":\"de\",\"@id\":\"https:\\\/\\\/www.food4animals.nl\\\/product\\\/psyllium-zand-weg\\\/#primaryimage\",\"url\":\"https:\\\/\\\/www.food4animals.nl\\\/wp-content\\\/uploads\\\/2024\\\/01\\\/Psyllium-Zand-Weg.jpg\",\"contentUrl\":\"https:\\\/\\\/www.food4animals.nl\\\/wp-content\\\/uploads\\\/2024\\\/01\\\/Psyllium-Zand-Weg.jpg\",\"width\":500,\"height\":500},{\"@type\":\"BreadcrumbList\",\"@id\":\"https:\\\/\\\/www.food4animals.nl\\\/product\\\/psyllium-zand-weg\\\/#breadcrumb\",\"itemListElement\":[{\"@type\":\"ListItem\",\"position\":1,\"name\":\"Home\",\"item\":\"https:\\\/\\\/www.food4animals.nl\\\/\"},{\"@type\":\"ListItem\",\"position\":2,\"name\":\"Winkel\",\"item\":\"https:\\\/\\\/www.food4animals.nl\\\/winkel\\\/\"},{\"@type\":\"ListItem\",\"position\":3,\"name\":\"Psyllium-Zand Weg\"}]},{\"@type\":\"WebSite\",\"@id\":\"https:\\\/\\\/www.food4animals.nl\\\/en\\\/#website\",\"url\":\"https:\\\/\\\/www.food4animals.nl\\\/en\\\/\",\"name\":\"Food4animals\",\"description\":\"Alles voor Ruiter en Dier\",\"publisher\":{\"@id\":\"https:\\\/\\\/www.food4animals.nl\\\/en\\\/#organization\"},\"potentialAction\":[{\"@type\":\"SearchAction\",\"target\":{\"@type\":\"EntryPoint\",\"urlTemplate\":\"https:\\\/\\\/www.food4animals.nl\\\/en\\\/?s={search_term_string}\"},\"query-input\":{\"@type\":\"PropertyValueSpecification\",\"valueRequired\":true,\"valueName\":\"search_term_string\"}}],\"inLanguage\":\"de\"},{\"@type\":\"Organization\",\"@id\":\"https:\\\/\\\/www.food4animals.nl\\\/en\\\/#organization\",\"name\":\"Food4animals\",\"url\":\"https:\\\/\\\/www.food4animals.nl\\\/en\\\/\",\"logo\":{\"@type\":\"ImageObject\",\"inLanguage\":\"de\",\"@id\":\"https:\\\/\\\/www.food4animals.nl\\\/en\\\/#\\\/schema\\\/logo\\\/image\\\/\",\"url\":\"https:\\\/\\\/www.food4animals.nl\\\/wp-content\\\/uploads\\\/2023\\\/10\\\/Logo.svg\",\"contentUrl\":\"https:\\\/\\\/www.food4animals.nl\\\/wp-content\\\/uploads\\\/2023\\\/10\\\/Logo.svg\",\"width\":1,\"height\":1,\"caption\":\"Food4animals\"},\"image\":{\"@id\":\"https:\\\/\\\/www.food4animals.nl\\\/en\\\/#\\\/schema\\\/logo\\\/image\\\/\"},\"sameAs\":[\"https:\\\/\\\/www.facebook.com\\\/p\\\/Food4animals-100063861676074\\\/\",\"https:\\\/\\\/x.com\\\/food4animals\"]}]}<\/script>\n<!-- \/ Yoast SEO plugin. -->","yoast_head_json":{"title":"Psyllium-Sand-Stra\u00dfe - Food4animals","description":"Psyllium - Sand Road Fast alle Pferde bekommen etwas Sand mit dem Raufutter. Das kann nicht schaden, solange der Darm normal funktioniert. Aber wenn der Vortrieb im Dickdarm zu langsam wird, kann sich Sand ansammeln. Der Sand setzt sich an der Darmwand fest und verursacht dann Symptome. Manchmal handelt es sich nur um verminderten Appetit, weniger Appetit, Widerstand, trockenes Fell oder Abmagerung. Manchmal entstehen Probleme, weil der Sand schwer ist und sich Gase ansammeln, die den Darm belasten.\u00a0","robots":{"index":"index","follow":"follow","max-snippet":"max-snippet:-1","max-image-preview":"max-image-preview:large","max-video-preview":"max-video-preview:-1"},"canonical":"https:\/\/www.food4animals.nl\/de\/produkt\/psyllium-sand-weg\/","og_locale":"de_DE","og_type":"article","og_title":"Psyllium-Zand Weg - Food4animals","og_description":"Psyllium -Zand Weg Bijna alle paarden krijgen wel wat zand binnen met het ruwvoer. Dat kan geen kwaad zolang de darmen normaal functioneren. Maar als de voortstuwing in de dikke darm te traag wordt dan kan het zand zich ophopen. Het zand gaat aan de darmwand hechten en geeft dan klachten. Soms is dat alleen afgenomen eetlust, minder zin in het werk, verzet, een dorre vacht of vermageren. Soms ontstaan er problemen\u00a0omdat het zand zwaar is en omdat er gas ophoopt waardoor de darmen onder spanning komen te staan.\u00a0","og_url":"https:\/\/www.food4animals.nl\/de\/produkt\/psyllium-sand-weg\/","og_site_name":"Food4animals","article_publisher":"https:\/\/www.facebook.com\/p\/Food4animals-100063861676074\/","article_modified_time":"2025-12-22T09:20:15+00:00","og_image":[{"width":500,"height":500,"url":"https:\/\/www.food4animals.nl\/wp-content\/uploads\/2024\/01\/Psyllium-Zand-Weg.jpg","type":"image\/jpeg"}],"twitter_card":"summary_large_image","twitter_site":"@food4animals","twitter_misc":{"Gesch\u00e4tzte Lesezeit":"2\u00a0Minuten"},"schema":{"@context":"https:\/\/schema.org","@graph":[{"@type":"WebPage","@id":"https:\/\/www.food4animals.nl\/product\/psyllium-zand-weg\/","url":"https:\/\/www.food4animals.nl\/product\/psyllium-zand-weg\/","name":"Psyllium-Sand-Stra\u00dfe - Food4animals","isPartOf":{"@id":"https:\/\/www.food4animals.nl\/en\/#website"},"primaryImageOfPage":{"@id":"https:\/\/www.food4animals.nl\/product\/psyllium-zand-weg\/#primaryimage"},"image":{"@id":"https:\/\/www.food4animals.nl\/product\/psyllium-zand-weg\/#primaryimage"},"thumbnailUrl":"https:\/\/www.food4animals.nl\/wp-content\/uploads\/2024\/01\/Psyllium-Zand-Weg.jpg","datePublished":"2024-01-01T12:04:21+00:00","dateModified":"2025-12-22T09:20:15+00:00","description":"Psyllium - Sand Road Fast alle Pferde bekommen etwas Sand mit dem Raufutter. Das kann nicht schaden, solange der Darm normal funktioniert. Aber wenn der Vortrieb im Dickdarm zu langsam wird, kann sich Sand ansammeln. Der Sand setzt sich an der Darmwand fest und verursacht dann Symptome. Manchmal handelt es sich nur um verminderten Appetit, weniger Appetit, Widerstand, trockenes Fell oder Abmagerung. Manchmal entstehen Probleme, weil der Sand schwer ist und sich Gase ansammeln, die den Darm belasten.\u00a0","breadcrumb":{"@id":"https:\/\/www.food4animals.nl\/product\/psyllium-zand-weg\/#breadcrumb"},"inLanguage":"de","potentialAction":[{"@type":"ReadAction","target":["https:\/\/www.food4animals.nl\/product\/psyllium-zand-weg\/"]}]},{"@type":"ImageObject","inLanguage":"de","@id":"https:\/\/www.food4animals.nl\/product\/psyllium-zand-weg\/#primaryimage","url":"https:\/\/www.food4animals.nl\/wp-content\/uploads\/2024\/01\/Psyllium-Zand-Weg.jpg","contentUrl":"https:\/\/www.food4animals.nl\/wp-content\/uploads\/2024\/01\/Psyllium-Zand-Weg.jpg","width":500,"height":500},{"@type":"BreadcrumbList","@id":"https:\/\/www.food4animals.nl\/product\/psyllium-zand-weg\/#breadcrumb","itemListElement":[{"@type":"ListItem","position":1,"name":"Home","item":"https:\/\/www.food4animals.nl\/"},{"@type":"ListItem","position":2,"name":"Winkel","item":"https:\/\/www.food4animals.nl\/winkel\/"},{"@type":"ListItem","position":3,"name":"Psyllium-Zand Weg"}]},{"@type":"WebSite","@id":"https:\/\/www.food4animals.nl\/en\/#website","url":"https:\/\/www.food4animals.nl\/en\/","name":"Lebensmittel4Tiere","description":"Alles f\u00fcr Reiter und Tier","publisher":{"@id":"https:\/\/www.food4animals.nl\/en\/#organization"},"potentialAction":[{"@type":"SearchAction","target":{"@type":"EntryPoint","urlTemplate":"https:\/\/www.food4animals.nl\/en\/?s={search_term_string}"},"query-input":{"@type":"PropertyValueSpecification","valueRequired":true,"valueName":"search_term_string"}}],"inLanguage":"de"},{"@type":"Organization","@id":"https:\/\/www.food4animals.nl\/en\/#organization","name":"Lebensmittel4Tiere","url":"https:\/\/www.food4animals.nl\/en\/","logo":{"@type":"ImageObject","inLanguage":"de","@id":"https:\/\/www.food4animals.nl\/en\/#\/schema\/logo\/image\/","url":"https:\/\/www.food4animals.nl\/wp-content\/uploads\/2023\/10\/Logo.svg","contentUrl":"https:\/\/www.food4animals.nl\/wp-content\/uploads\/2023\/10\/Logo.svg","width":1,"height":1,"caption":"Food4animals"},"image":{"@id":"https:\/\/www.food4animals.nl\/en\/#\/schema\/logo\/image\/"},"sameAs":["https:\/\/www.facebook.com\/p\/Food4animals-100063861676074\/","https:\/\/x.com\/food4animals"]}]}},"_links":{"self":[{"href":"https:\/\/www.food4animals.nl\/de\/wp-json\/wp\/v2\/product\/17909","targetHints":{"allow":["GET"]}}],"collection":[{"href":"https:\/\/www.food4animals.nl\/de\/wp-json\/wp\/v2\/product"}],"about":[{"href":"https:\/\/www.food4animals.nl\/de\/wp-json\/wp\/v2\/types\/product"}],"wp:featuredmedia":[{"embeddable":true,"href":"https:\/\/www.food4animals.nl\/de\/wp-json\/wp\/v2\/media\/17910"}],"wp:attachment":[{"href":"https:\/\/www.food4animals.nl\/de\/wp-json\/wp\/v2\/media?parent=17909"}],"wp:term":[{"taxonomy":"product_brand","embeddable":true,"href":"https:\/\/www.food4animals.nl\/de\/wp-json\/wp\/v2\/product_brand?post=17909"},{"taxonomy":"product_cat","embeddable":true,"href":"https:\/\/www.food4animals.nl\/de\/wp-json\/wp\/v2\/product_cat?post=17909"},{"taxonomy":"product_tag","embeddable":true,"href":"https:\/\/www.food4animals.nl\/de\/wp-json\/wp\/v2\/product_tag?post=17909"}],"curies":[{"name":"wp","href":"https:\/\/api.w.org\/{rel}","templated":true}]}}