{"id":17949,"date":"2024-01-02T15:10:38","date_gmt":"2024-01-02T14:10:38","guid":{"rendered":"https:\/\/food4animals.nl\/?post_type=product&#038;p=17949"},"modified":"2025-12-22T10:20:14","modified_gmt":"2025-12-22T09:20:14","slug":"chondroprotector-hund-katze","status":"publish","type":"product","link":"https:\/\/www.food4animals.nl\/de\/produkt\/chondroprotector-hund-katze\/","title":{"rendered":"Chondroprotector Hund &amp; Katze"},"content":{"rendered":"<p><strong>Informationen zum Produkt:<\/strong><br \/>\nGelenkverschlei\u00df tritt auf, wenn sich der Gelenkknorpel schneller abnutzt als er produziert wird. Der K\u00f6rper wird aufgefordert, den Gelenkknorpel vor weiteren Sch\u00e4den zu sch\u00fctzen, indem er mehr gesunden Knorpel produziert.<\/p>\n<p>Chondroitin ist ein Baustein des Knorpels. Chondroitin und Glucosamin sind Teil der gallertartigen Substanz, die dem Knorpel Viskosit\u00e4t und Elastizit\u00e4t verleiht. Sie bestimmen die Qualit\u00e4t der Synovialfl\u00fcssigkeit, die den Stoffwechsel im Gelenk verbessert. Sowohl Glucosamin als auch Chondroitin k\u00f6nnen \u00fcber den Darm aufgenommen werden und gelangen so zu den Gelenken. F\u00fcr beide Produkte sind keine unerw\u00fcnschten Nebenwirkungen bekannt.<\/p>\n<p>Empfohlene Menge des Nahrungserg\u00e4nzungsmittels f\u00fcr den t\u00e4glichen Gebrauch in g. \/ Tag<\/p>\n<p>&nbsp;<\/p>\n<table class=\"cke_show_border\" border=\"0\" cellpadding=\"0\">\n<tbody>\n<tr>\n<td><strong>Katzen<\/strong><\/td>\n<td><strong>Gewicht KG<\/strong><\/td>\n<td><strong>Wartung<\/strong><\/p>\n<p><strong>Dosis<\/strong><\/td>\n<td><strong>Behandlung<\/strong><\/p>\n<p><strong>Dosis<\/strong><\/td>\n<\/tr>\n<tr>\n<td>Kleine Rassen<\/td>\n<td>1 - 4 kg<\/td>\n<td>1 g<\/td>\n<td>2 g<\/td>\n<\/tr>\n<tr>\n<td>Gro\u00dfe Rassen<\/td>\n<td>4 - 8 kg<\/td>\n<td>2 g<\/td>\n<td>4 g<\/td>\n<\/tr>\n<tr>\n<td><\/td>\n<td><\/td>\n<td><\/td>\n<td><\/td>\n<\/tr>\n<tr>\n<td><strong>Hunde<\/strong><\/td>\n<td><strong>Gewicht KG<\/strong><\/td>\n<td><strong>Wartung<\/strong><\/p>\n<p><strong>Dosis<\/strong><\/td>\n<td><strong>Behandlung<\/strong><\/p>\n<p><strong>Dosis<\/strong><\/td>\n<\/tr>\n<tr>\n<td>Zwerghund<\/td>\n<td>1 - 4 kg<\/td>\n<td>1 g<\/td>\n<td>2 g<\/td>\n<\/tr>\n<tr>\n<td>Kleine Hunderasse<\/td>\n<td>4 - 10 kg<\/td>\n<td>2 g<\/td>\n<td>4 g<\/td>\n<\/tr>\n<tr>\n<td>Mittelgro\u00dfer Hund<\/td>\n<td>10 - 25 kg<\/td>\n<td>4.5 g<\/td>\n<td>9 g<\/td>\n<\/tr>\n<tr>\n<td>Gro\u00dfe Hunderasse<\/td>\n<td>25 - 50 kg<\/td>\n<td>6 g<\/td>\n<td>12 g<\/td>\n<\/tr>\n<tr>\n<td>Riesiger Rassehund<\/td>\n<td>50 kg und mehr<\/td>\n<td>9 g<\/td>\n<td>18 g<\/td>\n<\/tr>\n<\/tbody>\n<\/table>\n<p>&nbsp;<\/p>\n<p>Chondroprotector ben\u00f6tigt 4 - 10 Wochen, bevor Ergebnisse sichtbar werden.<\/p>\n<p><strong>Zusammensetzung pro KG<\/strong>\u00a0220 Gramm Glucosamin-Sulfat, 140 Gramm Chondroitin-Sulfat, 10 Gramm Vitamin C (Ascorbins\u00e4ure)<\/p>\n<p>290 Gramm Chondroitinsulfat und 610 Gramm Tr\u00e4germaterial (Laktose\/Textrose)<\/p>\n<p><strong>Verwendung:<\/strong>\u00a0In der angegebenen Menge (Messl\u00f6ffel: 3 ml = 1,5 g.; 5 ml = 2,5 g.; 8 ml = 4 g.) \u00fcber das Futter oder das Abendessen mischen, vorzugsweise \u00fcber zwei oder mehrere Tage verteilt. Zus\u00e4tzlich zur Verwendung von Chondroitin empfehlen wir Glucosamin und MSM souplesse.<\/p>\n<p>Vitella Pet Care Chondroprotector Hund &amp; Katze ist ein erg\u00e4nzendes Tierfutter<\/p>","protected":false},"excerpt":{"rendered":"<p><strong>Chondroprotector Hund &amp; Katze<\/strong>Komplette Mischung aus Glucosamin, Chondroitin und Vitamin C zur Unterst\u00fctzung der Gelenkbeweglichkeit.<\/p>","protected":false},"featured_media":17950,"template":"","meta":{"_acf_changed":false},"product_brand":[],"product_cat":[993,1001],"product_tag":[3222,1516,3221],"class_list":{"0":"post-17949","1":"product","2":"type-product","3":"status-publish","4":"has-post-thumbnail","6":"product_cat-apotheek","7":"product_cat-supplementen","8":"product_tag-chondroitine","9":"product_tag-gewrichten","10":"product_tag-glucosamine","11":"tax_brand-vitella-pet-care","13":"first","14":"instock","15":"taxable","16":"shipping-taxable","17":"purchasable","18":"product-type-variable"},"acf":[],"yoast_head":"<!-- This site is optimized with the Yoast SEO plugin v27.2 - https:\/\/yoast.com\/product\/yoast-seo-wordpress\/ -->\n<title>Chondroprotector Hond &amp; Kat - Food4animals<\/title>\n<meta name=\"description\" content=\"Chondroprotector Hond &amp; Kat; compleetmengsel van glucosamine, chondroitine en vitamine C ter ondersteuning van de soepelheid van de gewrichten.\" \/>\n<meta name=\"robots\" content=\"index, follow, max-snippet:-1, max-image-preview:large, max-video-preview:-1\" \/>\n<link rel=\"canonical\" href=\"https:\/\/www.food4animals.nl\/de\/produkt\/chondroprotector-hund-katze\/\" \/>\n<meta property=\"og:locale\" content=\"de_DE\" \/>\n<meta property=\"og:type\" content=\"article\" \/>\n<meta property=\"og:title\" content=\"Chondroprotector Hond &amp; Kat - Food4animals\" \/>\n<meta property=\"og:description\" content=\"Chondroprotector Hond &amp; Kat; compleetmengsel van glucosamine, chondroitine en vitamine C ter ondersteuning van de soepelheid van de gewrichten.\" \/>\n<meta property=\"og:url\" content=\"https:\/\/www.food4animals.nl\/de\/produkt\/chondroprotector-hund-katze\/\" \/>\n<meta property=\"og:site_name\" content=\"Food4animals\" \/>\n<meta property=\"article:publisher\" content=\"https:\/\/www.facebook.com\/p\/Food4animals-100063861676074\/\" \/>\n<meta property=\"article:modified_time\" content=\"2025-12-22T09:20:14+00:00\" \/>\n<meta property=\"og:image\" content=\"https:\/\/www.food4animals.nl\/wp-content\/uploads\/2024\/01\/Chondroprotector-Hond-Kat.jpg\" \/>\n\t<meta property=\"og:image:width\" content=\"500\" \/>\n\t<meta property=\"og:image:height\" content=\"500\" \/>\n\t<meta property=\"og:image:type\" content=\"image\/jpeg\" \/>\n<meta name=\"twitter:card\" content=\"summary_large_image\" \/>\n<meta name=\"twitter:site\" content=\"@food4animals\" \/>\n<meta name=\"twitter:label1\" content=\"Gesch\u00e4tzte Lesezeit\" \/>\n\t<meta name=\"twitter:data1\" content=\"2\u00a0Minuten\" \/>\n<script type=\"application\/ld+json\" class=\"yoast-schema-graph\">{\"@context\":\"https:\/\/schema.org\",\"@graph\":[{\"@type\":\"WebPage\",\"@id\":\"https:\/\/www.food4animals.nl\/product\/chondroprotector-hond-kat\/\",\"url\":\"https:\/\/www.food4animals.nl\/product\/chondroprotector-hond-kat\/\",\"name\":\"Chondroprotector Hond &amp; Kat - Food4animals\",\"isPartOf\":{\"@id\":\"https:\/\/www.food4animals.nl\/en\/#website\"},\"primaryImageOfPage\":{\"@id\":\"https:\/\/www.food4animals.nl\/product\/chondroprotector-hond-kat\/#primaryimage\"},\"image\":{\"@id\":\"https:\/\/www.food4animals.nl\/product\/chondroprotector-hond-kat\/#primaryimage\"},\"thumbnailUrl\":\"https:\/\/www.food4animals.nl\/wp-content\/uploads\/2024\/01\/Chondroprotector-Hond-Kat.jpg\",\"datePublished\":\"2024-01-02T14:10:38+00:00\",\"dateModified\":\"2025-12-22T09:20:14+00:00\",\"description\":\"Chondroprotector Hond & Kat; compleetmengsel van glucosamine, chondroitine en vitamine C ter ondersteuning van de soepelheid van de gewrichten.\",\"breadcrumb\":{\"@id\":\"https:\/\/www.food4animals.nl\/product\/chondroprotector-hond-kat\/#breadcrumb\"},\"inLanguage\":\"de\",\"potentialAction\":[{\"@type\":\"ReadAction\",\"target\":[\"https:\/\/www.food4animals.nl\/product\/chondroprotector-hond-kat\/\"]}]},{\"@type\":\"ImageObject\",\"inLanguage\":\"de\",\"@id\":\"https:\/\/www.food4animals.nl\/product\/chondroprotector-hond-kat\/#primaryimage\",\"url\":\"https:\/\/www.food4animals.nl\/wp-content\/uploads\/2024\/01\/Chondroprotector-Hond-Kat.jpg\",\"contentUrl\":\"https:\/\/www.food4animals.nl\/wp-content\/uploads\/2024\/01\/Chondroprotector-Hond-Kat.jpg\",\"width\":500,\"height\":500},{\"@type\":\"BreadcrumbList\",\"@id\":\"https:\/\/www.food4animals.nl\/product\/chondroprotector-hond-kat\/#breadcrumb\",\"itemListElement\":[{\"@type\":\"ListItem\",\"position\":1,\"name\":\"Home\",\"item\":\"https:\/\/www.food4animals.nl\/\"},{\"@type\":\"ListItem\",\"position\":2,\"name\":\"Winkel\",\"item\":\"https:\/\/www.food4animals.nl\/winkel\/\"},{\"@type\":\"ListItem\",\"position\":3,\"name\":\"Chondroprotector Hond &amp; Kat\"}]},{\"@type\":\"WebSite\",\"@id\":\"https:\/\/www.food4animals.nl\/en\/#website\",\"url\":\"https:\/\/www.food4animals.nl\/en\/\",\"name\":\"Food4animals\",\"description\":\"Alles voor Ruiter en Dier\",\"publisher\":{\"@id\":\"https:\/\/www.food4animals.nl\/en\/#organization\"},\"potentialAction\":[{\"@type\":\"SearchAction\",\"target\":{\"@type\":\"EntryPoint\",\"urlTemplate\":\"https:\/\/www.food4animals.nl\/en\/?s={search_term_string}\"},\"query-input\":{\"@type\":\"PropertyValueSpecification\",\"valueRequired\":true,\"valueName\":\"search_term_string\"}}],\"inLanguage\":\"de\"},{\"@type\":\"Organization\",\"@id\":\"https:\/\/www.food4animals.nl\/en\/#organization\",\"name\":\"Food4animals\",\"url\":\"https:\/\/www.food4animals.nl\/en\/\",\"logo\":{\"@type\":\"ImageObject\",\"inLanguage\":\"de\",\"@id\":\"https:\/\/www.food4animals.nl\/en\/#\/schema\/logo\/image\/\",\"url\":\"https:\/\/www.food4animals.nl\/wp-content\/uploads\/2023\/10\/Logo.svg\",\"contentUrl\":\"https:\/\/www.food4animals.nl\/wp-content\/uploads\/2023\/10\/Logo.svg\",\"width\":1,\"height\":1,\"caption\":\"Food4animals\"},\"image\":{\"@id\":\"https:\/\/www.food4animals.nl\/en\/#\/schema\/logo\/image\/\"},\"sameAs\":[\"https:\/\/www.facebook.com\/p\/Food4animals-100063861676074\/\",\"https:\/\/x.com\/food4animals\"]}]}<\/script>\n<!-- \/ Yoast SEO plugin. -->","yoast_head_json":{"title":"Chondroprotector Hund &amp; Katze - Food4animals","description":"Chondroprotector Hund &amp; Katze; komplette Mischung aus Glucosamin, Chondroitin und Vitamin C zur Unterst\u00fctzung der Gelenkbeweglichkeit.","robots":{"index":"index","follow":"follow","max-snippet":"max-snippet:-1","max-image-preview":"max-image-preview:large","max-video-preview":"max-video-preview:-1"},"canonical":"https:\/\/www.food4animals.nl\/de\/produkt\/chondroprotector-hund-katze\/","og_locale":"de_DE","og_type":"article","og_title":"Chondroprotector Hond &amp; Kat - Food4animals","og_description":"Chondroprotector Hond & Kat; compleetmengsel van glucosamine, chondroitine en vitamine C ter ondersteuning van de soepelheid van de gewrichten.","og_url":"https:\/\/www.food4animals.nl\/de\/produkt\/chondroprotector-hund-katze\/","og_site_name":"Food4animals","article_publisher":"https:\/\/www.facebook.com\/p\/Food4animals-100063861676074\/","article_modified_time":"2025-12-22T09:20:14+00:00","og_image":[{"width":500,"height":500,"url":"https:\/\/www.food4animals.nl\/wp-content\/uploads\/2024\/01\/Chondroprotector-Hond-Kat.jpg","type":"image\/jpeg"}],"twitter_card":"summary_large_image","twitter_site":"@food4animals","twitter_misc":{"Gesch\u00e4tzte Lesezeit":"2\u00a0Minuten"},"schema":{"@context":"https:\/\/schema.org","@graph":[{"@type":"WebPage","@id":"https:\/\/www.food4animals.nl\/product\/chondroprotector-hond-kat\/","url":"https:\/\/www.food4animals.nl\/product\/chondroprotector-hond-kat\/","name":"Chondroprotector Hund &amp; Katze - Food4animals","isPartOf":{"@id":"https:\/\/www.food4animals.nl\/en\/#website"},"primaryImageOfPage":{"@id":"https:\/\/www.food4animals.nl\/product\/chondroprotector-hond-kat\/#primaryimage"},"image":{"@id":"https:\/\/www.food4animals.nl\/product\/chondroprotector-hond-kat\/#primaryimage"},"thumbnailUrl":"https:\/\/www.food4animals.nl\/wp-content\/uploads\/2024\/01\/Chondroprotector-Hond-Kat.jpg","datePublished":"2024-01-02T14:10:38+00:00","dateModified":"2025-12-22T09:20:14+00:00","description":"Chondroprotector Hund &amp; Katze; komplette Mischung aus Glucosamin, Chondroitin und Vitamin C zur Unterst\u00fctzung der Gelenkbeweglichkeit.","breadcrumb":{"@id":"https:\/\/www.food4animals.nl\/product\/chondroprotector-hond-kat\/#breadcrumb"},"inLanguage":"de","potentialAction":[{"@type":"ReadAction","target":["https:\/\/www.food4animals.nl\/product\/chondroprotector-hond-kat\/"]}]},{"@type":"ImageObject","inLanguage":"de","@id":"https:\/\/www.food4animals.nl\/product\/chondroprotector-hond-kat\/#primaryimage","url":"https:\/\/www.food4animals.nl\/wp-content\/uploads\/2024\/01\/Chondroprotector-Hond-Kat.jpg","contentUrl":"https:\/\/www.food4animals.nl\/wp-content\/uploads\/2024\/01\/Chondroprotector-Hond-Kat.jpg","width":500,"height":500},{"@type":"BreadcrumbList","@id":"https:\/\/www.food4animals.nl\/product\/chondroprotector-hond-kat\/#breadcrumb","itemListElement":[{"@type":"ListItem","position":1,"name":"Home","item":"https:\/\/www.food4animals.nl\/"},{"@type":"ListItem","position":2,"name":"Winkel","item":"https:\/\/www.food4animals.nl\/winkel\/"},{"@type":"ListItem","position":3,"name":"Chondroprotector Hond &amp; Kat"}]},{"@type":"WebSite","@id":"https:\/\/www.food4animals.nl\/en\/#website","url":"https:\/\/www.food4animals.nl\/en\/","name":"Lebensmittel4Tiere","description":"Alles f\u00fcr Reiter und Tier","publisher":{"@id":"https:\/\/www.food4animals.nl\/en\/#organization"},"potentialAction":[{"@type":"SearchAction","target":{"@type":"EntryPoint","urlTemplate":"https:\/\/www.food4animals.nl\/en\/?s={search_term_string}"},"query-input":{"@type":"PropertyValueSpecification","valueRequired":true,"valueName":"search_term_string"}}],"inLanguage":"de"},{"@type":"Organization","@id":"https:\/\/www.food4animals.nl\/en\/#organization","name":"Lebensmittel4Tiere","url":"https:\/\/www.food4animals.nl\/en\/","logo":{"@type":"ImageObject","inLanguage":"de","@id":"https:\/\/www.food4animals.nl\/en\/#\/schema\/logo\/image\/","url":"https:\/\/www.food4animals.nl\/wp-content\/uploads\/2023\/10\/Logo.svg","contentUrl":"https:\/\/www.food4animals.nl\/wp-content\/uploads\/2023\/10\/Logo.svg","width":1,"height":1,"caption":"Food4animals"},"image":{"@id":"https:\/\/www.food4animals.nl\/en\/#\/schema\/logo\/image\/"},"sameAs":["https:\/\/www.facebook.com\/p\/Food4animals-100063861676074\/","https:\/\/x.com\/food4animals"]}]}},"_links":{"self":[{"href":"https:\/\/www.food4animals.nl\/de\/wp-json\/wp\/v2\/product\/17949","targetHints":{"allow":["GET"]}}],"collection":[{"href":"https:\/\/www.food4animals.nl\/de\/wp-json\/wp\/v2\/product"}],"about":[{"href":"https:\/\/www.food4animals.nl\/de\/wp-json\/wp\/v2\/types\/product"}],"wp:featuredmedia":[{"embeddable":true,"href":"https:\/\/www.food4animals.nl\/de\/wp-json\/wp\/v2\/media\/17950"}],"wp:attachment":[{"href":"https:\/\/www.food4animals.nl\/de\/wp-json\/wp\/v2\/media?parent=17949"}],"wp:term":[{"taxonomy":"product_brand","embeddable":true,"href":"https:\/\/www.food4animals.nl\/de\/wp-json\/wp\/v2\/product_brand?post=17949"},{"taxonomy":"product_cat","embeddable":true,"href":"https:\/\/www.food4animals.nl\/de\/wp-json\/wp\/v2\/product_cat?post=17949"},{"taxonomy":"product_tag","embeddable":true,"href":"https:\/\/www.food4animals.nl\/de\/wp-json\/wp\/v2\/product_tag?post=17949"}],"curies":[{"name":"wp","href":"https:\/\/api.w.org\/{rel}","templated":true}]}}