{"id":18695,"date":"2024-01-25T04:02:07","date_gmt":"2024-01-25T03:02:07","guid":{"rendered":"https:\/\/food4animals.nl\/product\/wespen-imkerhandschoen-no-10-l-2\/"},"modified":"2024-01-29T12:47:17","modified_gmt":"2024-01-29T11:47:17","slug":"wespenbienenhandschuh-nr-10-l-2","status":"publish","type":"product","link":"https:\/\/www.food4animals.nl\/de\/produkt\/wespenbienenhandschuh-nr-10-l-2\/","title":{"rendered":"Wespen-Imperialer Handschuh"},"content":{"rendered":"<p><strong>Wespe\/Imperialer Handschuh<\/strong><br \/>\nLange Lederhandschuhe mit elastischen Stulpen, die das Einfliegen von Insekten verhindern. Optimaler Schutz und Tragekomfort.<br \/>\n<strong><br \/>\nStellungnahme<\/strong><br \/>\nKaufen Sie Wespen-\/K\u00e4ferhandschuhe immer eine Nummer gr\u00f6\u00dfer als andere Handschuhe, die Sie benutzen.<\/p>\n<p><strong>Gr\u00f6\u00dfe<\/strong><br \/>\nWESP01: Imkerhandschuh Nr. 10 (L)<br \/>\nWESP02: Imkerhandschuh Nr. 11 (XL)<br \/>\nWESP03: Imkerhandschuh Nr. 12 (XXL)<\/p>\n<p><span style=\"color: #ffffff;\">Imkerschutz<\/span><\/p>","protected":false},"excerpt":{"rendered":"<p>Lange Lederhandschuhe mit elastischen Stulpen, die das Einfliegen von Insekten verhindern. Optimaler Schutz und Tragekomfort.<\/p>","protected":false},"featured_media":0,"template":"","meta":{"_acf_changed":false},"product_brand":[],"product_cat":[1196,2520],"product_tag":[2198,1820,2874,1296,3083],"class_list":{"0":"post-18695","1":"product","2":"type-product","3":"status-publish","5":"product_cat-ongedierte","6":"product_cat-wesp","7":"product_tag-handschoenen","8":"product_tag-persoonlijke-bescherming","9":"product_tag-wering-en-kleding","10":"product_tag-wesp","11":"product_tag-wespenkleding","12":"tax_brand-hpc","14":"first","15":"instock","16":"taxable","17":"shipping-taxable","18":"purchasable","19":"product-type-variable"},"acf":[],"yoast_head":"<!-- This site is optimized with the Yoast SEO plugin v27.4 - https:\/\/yoast.com\/product\/yoast-seo-wordpress\/ -->\n<title>Wespen-Imkerhandschoen - Food4animals<\/title>\n<meta name=\"robots\" content=\"index, follow, max-snippet:-1, max-image-preview:large, max-video-preview:-1\" \/>\n<link rel=\"canonical\" href=\"https:\/\/www.food4animals.nl\/de\/produkt\/wespenbienenhandschuh-nr-10-l-2\/\" \/>\n<meta property=\"og:locale\" content=\"de_DE\" \/>\n<meta property=\"og:type\" content=\"article\" \/>\n<meta property=\"og:title\" content=\"Wespen-Imkerhandschoen - Food4animals\" \/>\n<meta property=\"og:description\" content=\"Lange lederen handschoenen voorzien van elastiek in de boord om invliegen van insecten tegen te gaan. Optimale bescherming en draagcomfort.\" \/>\n<meta property=\"og:url\" content=\"https:\/\/www.food4animals.nl\/de\/produkt\/wespenbienenhandschuh-nr-10-l-2\/\" \/>\n<meta property=\"og:site_name\" content=\"Food4animals\" \/>\n<meta property=\"article:publisher\" content=\"https:\/\/www.facebook.com\/p\/Food4animals-100063861676074\/\" \/>\n<meta property=\"article:modified_time\" content=\"2024-01-29T11:47:17+00:00\" \/>\n<meta property=\"og:image\" content=\"https:\/\/www.food4animals.nl\/wp-content\/uploads\/2023\/12\/89090.png\" \/>\n\t<meta property=\"og:image:width\" content=\"1500\" \/>\n\t<meta property=\"og:image:height\" content=\"949\" \/>\n\t<meta property=\"og:image:type\" content=\"image\/png\" \/>\n<meta name=\"twitter:card\" content=\"summary_large_image\" \/>\n<meta name=\"twitter:site\" content=\"@food4animals\" \/>\n<meta name=\"twitter:label1\" content=\"Gesch\u00e4tzte Lesezeit\" \/>\n\t<meta name=\"twitter:data1\" content=\"1\u00a0Minute\" \/>\n<script type=\"application\/ld+json\" class=\"yoast-schema-graph\">{\"@context\":\"https:\\\/\\\/schema.org\",\"@graph\":[{\"@type\":\"WebPage\",\"@id\":\"https:\\\/\\\/www.food4animals.nl\\\/de\\\/produkt\\\/wespen-imkerhandschoen-no-10-l-2\\\/\",\"url\":\"https:\\\/\\\/www.food4animals.nl\\\/de\\\/produkt\\\/wespen-imkerhandschoen-no-10-l-2\\\/\",\"name\":\"Wespen-Imkerhandschoen - Food4animals\",\"isPartOf\":{\"@id\":\"https:\\\/\\\/www.food4animals.nl\\\/en\\\/#website\"},\"datePublished\":\"2024-01-25T03:02:07+00:00\",\"dateModified\":\"2024-01-29T11:47:17+00:00\",\"breadcrumb\":{\"@id\":\"https:\\\/\\\/www.food4animals.nl\\\/de\\\/produkt\\\/wespen-imkerhandschoen-no-10-l-2\\\/#breadcrumb\"},\"inLanguage\":\"de\",\"potentialAction\":[{\"@type\":\"ReadAction\",\"target\":[\"https:\\\/\\\/www.food4animals.nl\\\/de\\\/produkt\\\/wespen-imkerhandschoen-no-10-l-2\\\/\"]}]},{\"@type\":\"BreadcrumbList\",\"@id\":\"https:\\\/\\\/www.food4animals.nl\\\/de\\\/produkt\\\/wespen-imkerhandschoen-no-10-l-2\\\/#breadcrumb\",\"itemListElement\":[{\"@type\":\"ListItem\",\"position\":1,\"name\":\"Home\",\"item\":\"https:\\\/\\\/www.food4animals.nl\\\/\"},{\"@type\":\"ListItem\",\"position\":2,\"name\":\"Winkel\",\"item\":\"https:\\\/\\\/www.food4animals.nl\\\/winkel\\\/\"},{\"@type\":\"ListItem\",\"position\":3,\"name\":\"Wespen-Imkerhandschoen\"}]},{\"@type\":\"WebSite\",\"@id\":\"https:\\\/\\\/www.food4animals.nl\\\/en\\\/#website\",\"url\":\"https:\\\/\\\/www.food4animals.nl\\\/en\\\/\",\"name\":\"Food4animals\",\"description\":\"Alles voor Ruiter en Dier\",\"publisher\":{\"@id\":\"https:\\\/\\\/www.food4animals.nl\\\/en\\\/#organization\"},\"potentialAction\":[{\"@type\":\"SearchAction\",\"target\":{\"@type\":\"EntryPoint\",\"urlTemplate\":\"https:\\\/\\\/www.food4animals.nl\\\/en\\\/?s={search_term_string}\"},\"query-input\":{\"@type\":\"PropertyValueSpecification\",\"valueRequired\":true,\"valueName\":\"search_term_string\"}}],\"inLanguage\":\"de\"},{\"@type\":\"Organization\",\"@id\":\"https:\\\/\\\/www.food4animals.nl\\\/en\\\/#organization\",\"name\":\"Food4animals\",\"url\":\"https:\\\/\\\/www.food4animals.nl\\\/en\\\/\",\"logo\":{\"@type\":\"ImageObject\",\"inLanguage\":\"de\",\"@id\":\"https:\\\/\\\/www.food4animals.nl\\\/en\\\/#\\\/schema\\\/logo\\\/image\\\/\",\"url\":\"https:\\\/\\\/www.food4animals.nl\\\/wp-content\\\/uploads\\\/2023\\\/10\\\/Logo.svg\",\"contentUrl\":\"https:\\\/\\\/www.food4animals.nl\\\/wp-content\\\/uploads\\\/2023\\\/10\\\/Logo.svg\",\"width\":1,\"height\":1,\"caption\":\"Food4animals\"},\"image\":{\"@id\":\"https:\\\/\\\/www.food4animals.nl\\\/en\\\/#\\\/schema\\\/logo\\\/image\\\/\"},\"sameAs\":[\"https:\\\/\\\/www.facebook.com\\\/p\\\/Food4animals-100063861676074\\\/\",\"https:\\\/\\\/x.com\\\/food4animals\"]}]}<\/script>\n<!-- \/ Yoast SEO plugin. -->","yoast_head_json":{"title":"Wespen-Imperialer Handschuh - Food4animals","robots":{"index":"index","follow":"follow","max-snippet":"max-snippet:-1","max-image-preview":"max-image-preview:large","max-video-preview":"max-video-preview:-1"},"canonical":"https:\/\/www.food4animals.nl\/de\/produkt\/wespenbienenhandschuh-nr-10-l-2\/","og_locale":"de_DE","og_type":"article","og_title":"Wespen-Imkerhandschoen - Food4animals","og_description":"Lange lederen handschoenen voorzien van elastiek in de boord om invliegen van insecten tegen te gaan. Optimale bescherming en draagcomfort.","og_url":"https:\/\/www.food4animals.nl\/de\/produkt\/wespenbienenhandschuh-nr-10-l-2\/","og_site_name":"Food4animals","article_publisher":"https:\/\/www.facebook.com\/p\/Food4animals-100063861676074\/","article_modified_time":"2024-01-29T11:47:17+00:00","og_image":[{"width":1500,"height":949,"url":"https:\/\/www.food4animals.nl\/wp-content\/uploads\/2023\/12\/89090.png","type":"image\/png"}],"twitter_card":"summary_large_image","twitter_site":"@food4animals","twitter_misc":{"Gesch\u00e4tzte Lesezeit":"1\u00a0Minute"},"schema":{"@context":"https:\/\/schema.org","@graph":[{"@type":"WebPage","@id":"https:\/\/www.food4animals.nl\/de\/produkt\/wespen-imkerhandschoen-no-10-l-2\/","url":"https:\/\/www.food4animals.nl\/de\/produkt\/wespen-imkerhandschoen-no-10-l-2\/","name":"Wespen-Imperialer Handschuh - Food4animals","isPartOf":{"@id":"https:\/\/www.food4animals.nl\/en\/#website"},"datePublished":"2024-01-25T03:02:07+00:00","dateModified":"2024-01-29T11:47:17+00:00","breadcrumb":{"@id":"https:\/\/www.food4animals.nl\/de\/produkt\/wespen-imkerhandschoen-no-10-l-2\/#breadcrumb"},"inLanguage":"de","potentialAction":[{"@type":"ReadAction","target":["https:\/\/www.food4animals.nl\/de\/produkt\/wespen-imkerhandschoen-no-10-l-2\/"]}]},{"@type":"BreadcrumbList","@id":"https:\/\/www.food4animals.nl\/de\/produkt\/wespen-imkerhandschoen-no-10-l-2\/#breadcrumb","itemListElement":[{"@type":"ListItem","position":1,"name":"Home","item":"https:\/\/www.food4animals.nl\/"},{"@type":"ListItem","position":2,"name":"Winkel","item":"https:\/\/www.food4animals.nl\/winkel\/"},{"@type":"ListItem","position":3,"name":"Wespen-Imkerhandschoen"}]},{"@type":"WebSite","@id":"https:\/\/www.food4animals.nl\/en\/#website","url":"https:\/\/www.food4animals.nl\/en\/","name":"Lebensmittel4Tiere","description":"Alles f\u00fcr Reiter und Tier","publisher":{"@id":"https:\/\/www.food4animals.nl\/en\/#organization"},"potentialAction":[{"@type":"SearchAction","target":{"@type":"EntryPoint","urlTemplate":"https:\/\/www.food4animals.nl\/en\/?s={search_term_string}"},"query-input":{"@type":"PropertyValueSpecification","valueRequired":true,"valueName":"search_term_string"}}],"inLanguage":"de"},{"@type":"Organization","@id":"https:\/\/www.food4animals.nl\/en\/#organization","name":"Lebensmittel4Tiere","url":"https:\/\/www.food4animals.nl\/en\/","logo":{"@type":"ImageObject","inLanguage":"de","@id":"https:\/\/www.food4animals.nl\/en\/#\/schema\/logo\/image\/","url":"https:\/\/www.food4animals.nl\/wp-content\/uploads\/2023\/10\/Logo.svg","contentUrl":"https:\/\/www.food4animals.nl\/wp-content\/uploads\/2023\/10\/Logo.svg","width":1,"height":1,"caption":"Food4animals"},"image":{"@id":"https:\/\/www.food4animals.nl\/en\/#\/schema\/logo\/image\/"},"sameAs":["https:\/\/www.facebook.com\/p\/Food4animals-100063861676074\/","https:\/\/x.com\/food4animals"]}]}},"_links":{"self":[{"href":"https:\/\/www.food4animals.nl\/de\/wp-json\/wp\/v2\/product\/18695","targetHints":{"allow":["GET"]}}],"collection":[{"href":"https:\/\/www.food4animals.nl\/de\/wp-json\/wp\/v2\/product"}],"about":[{"href":"https:\/\/www.food4animals.nl\/de\/wp-json\/wp\/v2\/types\/product"}],"wp:attachment":[{"href":"https:\/\/www.food4animals.nl\/de\/wp-json\/wp\/v2\/media?parent=18695"}],"wp:term":[{"taxonomy":"product_brand","embeddable":true,"href":"https:\/\/www.food4animals.nl\/de\/wp-json\/wp\/v2\/product_brand?post=18695"},{"taxonomy":"product_cat","embeddable":true,"href":"https:\/\/www.food4animals.nl\/de\/wp-json\/wp\/v2\/product_cat?post=18695"},{"taxonomy":"product_tag","embeddable":true,"href":"https:\/\/www.food4animals.nl\/de\/wp-json\/wp\/v2\/product_tag?post=18695"}],"curies":[{"name":"wp","href":"https:\/\/api.w.org\/{rel}","templated":true}]}}