{"id":18701,"date":"2024-01-25T04:02:24","date_gmt":"2024-01-25T03:02:24","guid":{"rendered":"https:\/\/food4animals.nl\/product\/wespenval-classic-2\/"},"modified":"2024-01-29T12:32:31","modified_gmt":"2024-01-29T11:32:31","slug":"wespenfalle-klassisch-2","status":"publish","type":"product","link":"https:\/\/www.food4animals.nl\/de\/produkt\/wespenfalle-klassisch-2\/","title":{"rendered":"Wespenfalle Classic"},"content":{"rendered":"<h2><span style=\"font-size: 10pt;\"><strong>Wespenfalle Classic<\/strong><\/span><\/h2>\n<p><span style=\"font-size: 10pt;\">Wespen- und Fliegenfalle zum Fang von Wespen und Fliegen (Fruchtfliegen) im Innen- und Au\u00dfenbereich. Kann stehend oder h\u00e4ngend verwendet werden. Die Gr\u00f6\u00dfe der Falle bietet eine gro\u00dfe Fangkapazit\u00e4t.<\/span><\/p>\n<p><span style=\"font-size: 10pt;\">Bilden Sie mit mehreren Fallen einen Kordon um das zu sch\u00fctzende Objekt.<\/span><\/p>\n<p><span style=\"font-size: 10pt;\">F\u00fcllen Sie die Falle mit 250 ml unserer attraktiven Wespenfl\u00fcssigkeit (<a href=\"..\/product\/18290-knock-pest-wasp-bait\" target=\"_blank\" rel=\"noopener\">KNOC00118M, KNOC00118N<\/a>\u00a0oder\u00a0<a href=\"..\/product\/18292-resoluut-wespenlokstof\" target=\"_blank\" rel=\"noopener\">RESO050<\/a>) und realisieren den besten Fang.<\/span><\/p>\n<p><span style=\"font-size: 10pt;\">Stellen Sie die Falle an einer strategischen Stelle auf, die sich nicht zu nahe am Sitzplatz befindet.<br \/>\n<\/span><br \/>\n<span style=\"font-size: 10pt;\"><strong>Wird mit Aufh\u00e4ngekordel geliefert.<\/strong><\/span><\/p>\n<p><span style=\"font-size: 10pt;\"><strong>Anwendungen<\/strong><\/span><br \/>\n<span style=\"font-size: 10pt;\">Rund ums Haus, Bauernh\u00f6fe, St\u00e4lle, Abfallbeh\u00e4lter, Zwinger, G\u00e4rten und Parks, Gastronomie (Terrasse), Campingpl\u00e4tze, Freizeitparks, Schwimmb\u00e4der, Sportparks usw.<\/span><\/p>\n<p><span style=\"font-size: 10pt;\">1 Falle pro 10 m<sup>2<\/sup><\/span><\/p>\n<p><span style=\"font-size: 10pt;\"><strong>Abmessungen<\/strong><\/span><br \/>\n<span style=\"font-size: 10pt;\">\u00d8 16,5 cm x 22,5 cm<\/span><\/p>","protected":false},"excerpt":{"rendered":"<p>Kann sowohl stehend als auch h\u00e4ngend verwendet werden.<\/p>","protected":false},"featured_media":0,"template":"","meta":{"_acf_changed":false},"product_brand":[],"product_cat":[1196,2520],"product_tag":[1106,1296,1677],"class_list":{"0":"post-18701","1":"product","2":"type-product","3":"status-publish","5":"product_cat-ongedierte","6":"product_cat-wesp","7":"product_tag-vlieg","8":"product_tag-wesp","9":"product_tag-wespenval","10":"tax_brand-hpc","12":"first","13":"instock","14":"taxable","15":"shipping-taxable","16":"purchasable","17":"product-type-simple"},"acf":[],"yoast_head":"<!-- This site is optimized with the Yoast SEO plugin v27.2 - https:\/\/yoast.com\/product\/yoast-seo-wordpress\/ -->\n<title>Wespenval Classic - Food4animals<\/title>\n<meta name=\"robots\" content=\"index, follow, max-snippet:-1, max-image-preview:large, max-video-preview:-1\" \/>\n<link rel=\"canonical\" href=\"https:\/\/www.food4animals.nl\/de\/produkt\/wespenfalle-klassisch-2\/\" \/>\n<meta property=\"og:locale\" content=\"de_DE\" \/>\n<meta property=\"og:type\" content=\"article\" \/>\n<meta property=\"og:title\" content=\"Wespenval Classic - Food4animals\" \/>\n<meta property=\"og:description\" content=\"Zowel staand als hangend te gebruiken.\" \/>\n<meta property=\"og:url\" content=\"https:\/\/www.food4animals.nl\/de\/produkt\/wespenfalle-klassisch-2\/\" \/>\n<meta property=\"og:site_name\" content=\"Food4animals\" \/>\n<meta property=\"article:publisher\" content=\"https:\/\/www.facebook.com\/p\/Food4animals-100063861676074\/\" \/>\n<meta property=\"article:modified_time\" content=\"2024-01-29T11:32:31+00:00\" \/>\n<meta property=\"og:image\" content=\"https:\/\/www.food4animals.nl\/wp-content\/uploads\/2023\/12\/260642.png\" \/>\n\t<meta property=\"og:image:width\" content=\"980\" \/>\n\t<meta property=\"og:image:height\" content=\"980\" \/>\n\t<meta property=\"og:image:type\" content=\"image\/png\" \/>\n<meta name=\"twitter:card\" content=\"summary_large_image\" \/>\n<meta name=\"twitter:site\" content=\"@food4animals\" \/>\n<meta name=\"twitter:label1\" content=\"Gesch\u00e4tzte Lesezeit\" \/>\n\t<meta name=\"twitter:data1\" content=\"1\u00a0Minute\" \/>\n<script type=\"application\/ld+json\" class=\"yoast-schema-graph\">{\"@context\":\"https:\/\/schema.org\",\"@graph\":[{\"@type\":\"WebPage\",\"@id\":\"https:\/\/www.food4animals.nl\/de\/produkt\/wespenval-classic-2\/\",\"url\":\"https:\/\/www.food4animals.nl\/de\/produkt\/wespenval-classic-2\/\",\"name\":\"Wespenval Classic - Food4animals\",\"isPartOf\":{\"@id\":\"https:\/\/www.food4animals.nl\/en\/#website\"},\"datePublished\":\"2024-01-25T03:02:24+00:00\",\"dateModified\":\"2024-01-29T11:32:31+00:00\",\"breadcrumb\":{\"@id\":\"https:\/\/www.food4animals.nl\/de\/produkt\/wespenval-classic-2\/#breadcrumb\"},\"inLanguage\":\"de\",\"potentialAction\":[{\"@type\":\"ReadAction\",\"target\":[\"https:\/\/www.food4animals.nl\/de\/produkt\/wespenval-classic-2\/\"]}]},{\"@type\":\"BreadcrumbList\",\"@id\":\"https:\/\/www.food4animals.nl\/de\/produkt\/wespenval-classic-2\/#breadcrumb\",\"itemListElement\":[{\"@type\":\"ListItem\",\"position\":1,\"name\":\"Home\",\"item\":\"https:\/\/www.food4animals.nl\/\"},{\"@type\":\"ListItem\",\"position\":2,\"name\":\"Winkel\",\"item\":\"https:\/\/www.food4animals.nl\/winkel\/\"},{\"@type\":\"ListItem\",\"position\":3,\"name\":\"Wespenval Classic\"}]},{\"@type\":\"WebSite\",\"@id\":\"https:\/\/www.food4animals.nl\/en\/#website\",\"url\":\"https:\/\/www.food4animals.nl\/en\/\",\"name\":\"Food4animals\",\"description\":\"Alles voor Ruiter en Dier\",\"publisher\":{\"@id\":\"https:\/\/www.food4animals.nl\/en\/#organization\"},\"potentialAction\":[{\"@type\":\"SearchAction\",\"target\":{\"@type\":\"EntryPoint\",\"urlTemplate\":\"https:\/\/www.food4animals.nl\/en\/?s={search_term_string}\"},\"query-input\":{\"@type\":\"PropertyValueSpecification\",\"valueRequired\":true,\"valueName\":\"search_term_string\"}}],\"inLanguage\":\"de\"},{\"@type\":\"Organization\",\"@id\":\"https:\/\/www.food4animals.nl\/en\/#organization\",\"name\":\"Food4animals\",\"url\":\"https:\/\/www.food4animals.nl\/en\/\",\"logo\":{\"@type\":\"ImageObject\",\"inLanguage\":\"de\",\"@id\":\"https:\/\/www.food4animals.nl\/en\/#\/schema\/logo\/image\/\",\"url\":\"https:\/\/www.food4animals.nl\/wp-content\/uploads\/2023\/10\/Logo.svg\",\"contentUrl\":\"https:\/\/www.food4animals.nl\/wp-content\/uploads\/2023\/10\/Logo.svg\",\"width\":1,\"height\":1,\"caption\":\"Food4animals\"},\"image\":{\"@id\":\"https:\/\/www.food4animals.nl\/en\/#\/schema\/logo\/image\/\"},\"sameAs\":[\"https:\/\/www.facebook.com\/p\/Food4animals-100063861676074\/\",\"https:\/\/x.com\/food4animals\"]}]}<\/script>\n<!-- \/ Yoast SEO plugin. -->","yoast_head_json":{"title":"Wespenfalle Classic - Food4animals","robots":{"index":"index","follow":"follow","max-snippet":"max-snippet:-1","max-image-preview":"max-image-preview:large","max-video-preview":"max-video-preview:-1"},"canonical":"https:\/\/www.food4animals.nl\/de\/produkt\/wespenfalle-klassisch-2\/","og_locale":"de_DE","og_type":"article","og_title":"Wespenval Classic - Food4animals","og_description":"Zowel staand als hangend te gebruiken.","og_url":"https:\/\/www.food4animals.nl\/de\/produkt\/wespenfalle-klassisch-2\/","og_site_name":"Food4animals","article_publisher":"https:\/\/www.facebook.com\/p\/Food4animals-100063861676074\/","article_modified_time":"2024-01-29T11:32:31+00:00","og_image":[{"width":980,"height":980,"url":"https:\/\/www.food4animals.nl\/wp-content\/uploads\/2023\/12\/260642.png","type":"image\/png"}],"twitter_card":"summary_large_image","twitter_site":"@food4animals","twitter_misc":{"Gesch\u00e4tzte Lesezeit":"1\u00a0Minute"},"schema":{"@context":"https:\/\/schema.org","@graph":[{"@type":"WebPage","@id":"https:\/\/www.food4animals.nl\/de\/produkt\/wespenval-classic-2\/","url":"https:\/\/www.food4animals.nl\/de\/produkt\/wespenval-classic-2\/","name":"Wespenfalle Classic - Food4animals","isPartOf":{"@id":"https:\/\/www.food4animals.nl\/en\/#website"},"datePublished":"2024-01-25T03:02:24+00:00","dateModified":"2024-01-29T11:32:31+00:00","breadcrumb":{"@id":"https:\/\/www.food4animals.nl\/de\/produkt\/wespenval-classic-2\/#breadcrumb"},"inLanguage":"de","potentialAction":[{"@type":"ReadAction","target":["https:\/\/www.food4animals.nl\/de\/produkt\/wespenval-classic-2\/"]}]},{"@type":"BreadcrumbList","@id":"https:\/\/www.food4animals.nl\/de\/produkt\/wespenval-classic-2\/#breadcrumb","itemListElement":[{"@type":"ListItem","position":1,"name":"Home","item":"https:\/\/www.food4animals.nl\/"},{"@type":"ListItem","position":2,"name":"Winkel","item":"https:\/\/www.food4animals.nl\/winkel\/"},{"@type":"ListItem","position":3,"name":"Wespenval Classic"}]},{"@type":"WebSite","@id":"https:\/\/www.food4animals.nl\/en\/#website","url":"https:\/\/www.food4animals.nl\/en\/","name":"Lebensmittel4Tiere","description":"Alles f\u00fcr Reiter und Tier","publisher":{"@id":"https:\/\/www.food4animals.nl\/en\/#organization"},"potentialAction":[{"@type":"SearchAction","target":{"@type":"EntryPoint","urlTemplate":"https:\/\/www.food4animals.nl\/en\/?s={search_term_string}"},"query-input":{"@type":"PropertyValueSpecification","valueRequired":true,"valueName":"search_term_string"}}],"inLanguage":"de"},{"@type":"Organization","@id":"https:\/\/www.food4animals.nl\/en\/#organization","name":"Lebensmittel4Tiere","url":"https:\/\/www.food4animals.nl\/en\/","logo":{"@type":"ImageObject","inLanguage":"de","@id":"https:\/\/www.food4animals.nl\/en\/#\/schema\/logo\/image\/","url":"https:\/\/www.food4animals.nl\/wp-content\/uploads\/2023\/10\/Logo.svg","contentUrl":"https:\/\/www.food4animals.nl\/wp-content\/uploads\/2023\/10\/Logo.svg","width":1,"height":1,"caption":"Food4animals"},"image":{"@id":"https:\/\/www.food4animals.nl\/en\/#\/schema\/logo\/image\/"},"sameAs":["https:\/\/www.facebook.com\/p\/Food4animals-100063861676074\/","https:\/\/x.com\/food4animals"]}]}},"_links":{"self":[{"href":"https:\/\/www.food4animals.nl\/de\/wp-json\/wp\/v2\/product\/18701","targetHints":{"allow":["GET"]}}],"collection":[{"href":"https:\/\/www.food4animals.nl\/de\/wp-json\/wp\/v2\/product"}],"about":[{"href":"https:\/\/www.food4animals.nl\/de\/wp-json\/wp\/v2\/types\/product"}],"wp:attachment":[{"href":"https:\/\/www.food4animals.nl\/de\/wp-json\/wp\/v2\/media?parent=18701"}],"wp:term":[{"taxonomy":"product_brand","embeddable":true,"href":"https:\/\/www.food4animals.nl\/de\/wp-json\/wp\/v2\/product_brand?post=18701"},{"taxonomy":"product_cat","embeddable":true,"href":"https:\/\/www.food4animals.nl\/de\/wp-json\/wp\/v2\/product_cat?post=18701"},{"taxonomy":"product_tag","embeddable":true,"href":"https:\/\/www.food4animals.nl\/de\/wp-json\/wp\/v2\/product_tag?post=18701"}],"curies":[{"name":"wp","href":"https:\/\/api.w.org\/{rel}","templated":true}]}}