{"id":18804,"date":"2024-01-25T04:10:09","date_gmt":"2024-01-25T03:10:09","guid":{"rendered":"https:\/\/food4animals.nl\/product\/zapi-zap-trap-glue-for-miceinsects-15x21cm\/"},"modified":"2026-04-19T02:02:28","modified_gmt":"2026-04-19T01:02:28","slug":"zapi-zap-trap-glue-for-miceinsects-15x21cm","status":"publish","type":"product","link":"https:\/\/www.food4animals.nl\/de\/produkt\/zapi-zap-trap-glue-for-miceinsects-15x21cm\/","title":{"rendered":"Zapi Zap Trap Kleber f\u00fcr M\u00e4use&amp;Insekten 15x21cm"},"content":{"rendered":"<p><span style=\"font-size: 10pt;\"><strong>De lijmval om muizen en kruipende insecten mee te vangen.<br \/><\/strong><\/span><span style=\"font-size: 10pt;\">Ideaal op plaatsen waar men niet met vergif kan\/mag bestrijden.<\/span><\/p>\n<p><span style=\"font-size: 10pt;\">De Zapi Zap Trap is een kant en klare lijmval om muizen en insecten mee te vangen.<\/span><br \/><span style=\"font-size: 10pt;\">Inclusief aroma voor extra aantrekkingskracht.<\/span><\/p>\n<p><span style=\"font-size: 10pt;\"><strong>Perfect te gebruiken in<br \/><\/strong><\/span><span style=\"font-size: 10pt;\">Wohnh\u00e4user, Fabriken, Krankenh\u00e4user, Superm\u00e4rkte, Lagerh\u00e4user, St\u00e4lle, Bauernh\u00f6fe und alle anderen Orte, an denen M\u00e4use und Insekten vorkommen.<\/span><\/p>\n<p><span style=\"font-size: 10pt;\"><strong>Format<\/strong>\u00a0<br \/>15 x 21 cm<\/span><\/p>\n<p><span style=\"font-size: 10pt;\"><strong>Inhalt<\/strong>\u00a0<br \/>3 stuks<\/span><\/p>\n<p><span style=\"font-size: 10pt;\"><strong>Extra sterke hechting waardoor ontsnappen onmogelijk is!<\/strong><\/span><\/p>\n<p><span style=\"font-size: 10pt;\"><strong>Rechtliche Voraussetzung f\u00fcr die Verwendung<br \/><\/strong><\/span><span style=\"font-size: 10pt;\">Die Verwendung von Leim- und Klebefallen zum Fang von Ratten und M\u00e4usen ist verboten, aber in bestimmten F\u00e4llen unter bestimmten Bedingungen erlaubt. Sie m\u00fcssen eine Ausnahmegenehmigung f\u00fcr die Verwendung von Leim- und Klebefallen beantragen bei:<\/span><\/p>\n<p><span style=\"font-size: 10pt;\">Rijksdienst voor Ondernemend Nederland<br \/><\/span><span style=\"font-size: 10pt;\">Abteilung f\u00fcr Regulierungsdienste<br \/><\/span><span style=\"font-size: 10pt;\">Tel: 088-042 42 42<br \/><\/span><span style=\"font-size: 10pt;\">E-Mail: \u00fcber das Kontaktformular auf der Website: <a href=\"http:\/\/www.rvo.nl\">www.rvo.nl<\/a>\u00a0\u00a0<\/span><\/p>\n<p><span style=\"font-size: 10pt;\"><strong>\u00a0<\/strong><\/span><\/p>","protected":false},"excerpt":{"rendered":"<p>Ideaal op plaatsen waar men niet met vergif kan\/mag bestrijden.<\/p>","protected":false},"featured_media":18209,"template":"","meta":{"_acf_changed":false},"product_brand":[],"product_cat":[2128,1196],"product_tag":[1686,1262,1338,1076,871,1462],"class_list":{"0":"post-18804","1":"product","2":"type-product","3":"status-publish","4":"has-post-thumbnail","6":"product_cat-muis","7":"product_cat-ongedierte","8":"product_tag-kakkerlak","9":"product_tag-lijmvallen","10":"product_tag-mier","11":"product_tag-muis","12":"product_tag-rat","13":"product_tag-zapi","14":"tax_brand-zapi","16":"first","17":"instock","18":"taxable","19":"shipping-taxable","20":"purchasable","21":"product-type-simple"},"acf":[],"yoast_head":"<!-- This site is optimized with the Yoast SEO plugin v27.4 - https:\/\/yoast.com\/product\/yoast-seo-wordpress\/ -->\n<title>Zapi Zap Trap Glue for mice&amp;insects 15x21cm - Food4animals<\/title>\n<meta name=\"robots\" content=\"index, follow, max-snippet:-1, max-image-preview:large, max-video-preview:-1\" \/>\n<link rel=\"canonical\" href=\"https:\/\/www.food4animals.nl\/de\/produkt\/zapi-zap-trap-glue-for-miceinsects-15x21cm\/\" \/>\n<meta property=\"og:locale\" content=\"de_DE\" \/>\n<meta property=\"og:type\" content=\"article\" \/>\n<meta property=\"og:title\" content=\"Zapi Zap Trap Glue for mice&amp;insects 15x21cm - Food4animals\" \/>\n<meta property=\"og:description\" content=\"Ideaal op plaatsen waar men niet met vergif kan\/mag bestrijden.\" \/>\n<meta property=\"og:url\" content=\"https:\/\/www.food4animals.nl\/de\/produkt\/zapi-zap-trap-glue-for-miceinsects-15x21cm\/\" \/>\n<meta property=\"og:site_name\" content=\"Food4animals\" \/>\n<meta property=\"article:publisher\" content=\"https:\/\/www.facebook.com\/p\/Food4animals-100063861676074\/\" \/>\n<meta property=\"article:modified_time\" content=\"2026-04-19T01:02:28+00:00\" \/>\n<meta property=\"og:image\" content=\"https:\/\/www.food4animals.nl\/wp-content\/uploads\/2024\/01\/136315.jpeg\" \/>\n\t<meta property=\"og:image:width\" content=\"797\" \/>\n\t<meta property=\"og:image:height\" content=\"1200\" \/>\n\t<meta property=\"og:image:type\" content=\"image\/jpeg\" \/>\n<meta name=\"twitter:card\" content=\"summary_large_image\" \/>\n<meta name=\"twitter:site\" content=\"@food4animals\" \/>\n<meta name=\"twitter:label1\" content=\"Gesch\u00e4tzte Lesezeit\" \/>\n\t<meta name=\"twitter:data1\" content=\"1\u00a0Minute\" \/>\n<script type=\"application\/ld+json\" class=\"yoast-schema-graph\">{\"@context\":\"https:\\\/\\\/schema.org\",\"@graph\":[{\"@type\":\"WebPage\",\"@id\":\"https:\\\/\\\/www.food4animals.nl\\\/product\\\/zapi-zap-trap-glue-for-miceinsects-15x21cm\\\/\",\"url\":\"https:\\\/\\\/www.food4animals.nl\\\/product\\\/zapi-zap-trap-glue-for-miceinsects-15x21cm\\\/\",\"name\":\"Zapi Zap Trap Glue for mice&insects 15x21cm - Food4animals\",\"isPartOf\":{\"@id\":\"https:\\\/\\\/www.food4animals.nl\\\/en\\\/#website\"},\"primaryImageOfPage\":{\"@id\":\"https:\\\/\\\/www.food4animals.nl\\\/product\\\/zapi-zap-trap-glue-for-miceinsects-15x21cm\\\/#primaryimage\"},\"image\":{\"@id\":\"https:\\\/\\\/www.food4animals.nl\\\/product\\\/zapi-zap-trap-glue-for-miceinsects-15x21cm\\\/#primaryimage\"},\"thumbnailUrl\":\"https:\\\/\\\/www.food4animals.nl\\\/wp-content\\\/uploads\\\/2024\\\/01\\\/136315.jpeg\",\"datePublished\":\"2024-01-25T03:10:09+00:00\",\"dateModified\":\"2026-04-19T01:02:28+00:00\",\"breadcrumb\":{\"@id\":\"https:\\\/\\\/www.food4animals.nl\\\/product\\\/zapi-zap-trap-glue-for-miceinsects-15x21cm\\\/#breadcrumb\"},\"inLanguage\":\"de\",\"potentialAction\":[{\"@type\":\"ReadAction\",\"target\":[\"https:\\\/\\\/www.food4animals.nl\\\/product\\\/zapi-zap-trap-glue-for-miceinsects-15x21cm\\\/\"]}]},{\"@type\":\"ImageObject\",\"inLanguage\":\"de\",\"@id\":\"https:\\\/\\\/www.food4animals.nl\\\/product\\\/zapi-zap-trap-glue-for-miceinsects-15x21cm\\\/#primaryimage\",\"url\":\"https:\\\/\\\/www.food4animals.nl\\\/wp-content\\\/uploads\\\/2024\\\/01\\\/136315.jpeg\",\"contentUrl\":\"https:\\\/\\\/www.food4animals.nl\\\/wp-content\\\/uploads\\\/2024\\\/01\\\/136315.jpeg\",\"width\":797,\"height\":1200},{\"@type\":\"BreadcrumbList\",\"@id\":\"https:\\\/\\\/www.food4animals.nl\\\/product\\\/zapi-zap-trap-glue-for-miceinsects-15x21cm\\\/#breadcrumb\",\"itemListElement\":[{\"@type\":\"ListItem\",\"position\":1,\"name\":\"Home\",\"item\":\"https:\\\/\\\/www.food4animals.nl\\\/\"},{\"@type\":\"ListItem\",\"position\":2,\"name\":\"Winkel\",\"item\":\"https:\\\/\\\/www.food4animals.nl\\\/winkel\\\/\"},{\"@type\":\"ListItem\",\"position\":3,\"name\":\"Zapi Zap Trap Glue for mice&#038;insects 15x21cm\"}]},{\"@type\":\"WebSite\",\"@id\":\"https:\\\/\\\/www.food4animals.nl\\\/en\\\/#website\",\"url\":\"https:\\\/\\\/www.food4animals.nl\\\/en\\\/\",\"name\":\"Food4animals\",\"description\":\"Alles voor Ruiter en Dier\",\"publisher\":{\"@id\":\"https:\\\/\\\/www.food4animals.nl\\\/en\\\/#organization\"},\"potentialAction\":[{\"@type\":\"SearchAction\",\"target\":{\"@type\":\"EntryPoint\",\"urlTemplate\":\"https:\\\/\\\/www.food4animals.nl\\\/en\\\/?s={search_term_string}\"},\"query-input\":{\"@type\":\"PropertyValueSpecification\",\"valueRequired\":true,\"valueName\":\"search_term_string\"}}],\"inLanguage\":\"de\"},{\"@type\":\"Organization\",\"@id\":\"https:\\\/\\\/www.food4animals.nl\\\/en\\\/#organization\",\"name\":\"Food4animals\",\"url\":\"https:\\\/\\\/www.food4animals.nl\\\/en\\\/\",\"logo\":{\"@type\":\"ImageObject\",\"inLanguage\":\"de\",\"@id\":\"https:\\\/\\\/www.food4animals.nl\\\/en\\\/#\\\/schema\\\/logo\\\/image\\\/\",\"url\":\"https:\\\/\\\/www.food4animals.nl\\\/wp-content\\\/uploads\\\/2023\\\/10\\\/Logo.svg\",\"contentUrl\":\"https:\\\/\\\/www.food4animals.nl\\\/wp-content\\\/uploads\\\/2023\\\/10\\\/Logo.svg\",\"width\":1,\"height\":1,\"caption\":\"Food4animals\"},\"image\":{\"@id\":\"https:\\\/\\\/www.food4animals.nl\\\/en\\\/#\\\/schema\\\/logo\\\/image\\\/\"},\"sameAs\":[\"https:\\\/\\\/www.facebook.com\\\/p\\\/Food4animals-100063861676074\\\/\",\"https:\\\/\\\/x.com\\\/food4animals\"]}]}<\/script>\n<!-- \/ Yoast SEO plugin. -->","yoast_head_json":{"title":"Zapi Zap Trap Glue for mice&insects 15x21cm - Food4animals","robots":{"index":"index","follow":"follow","max-snippet":"max-snippet:-1","max-image-preview":"max-image-preview:large","max-video-preview":"max-video-preview:-1"},"canonical":"https:\/\/www.food4animals.nl\/de\/produkt\/zapi-zap-trap-glue-for-miceinsects-15x21cm\/","og_locale":"de_DE","og_type":"article","og_title":"Zapi Zap Trap Glue for mice&insects 15x21cm - Food4animals","og_description":"Ideaal op plaatsen waar men niet met vergif kan\/mag bestrijden.","og_url":"https:\/\/www.food4animals.nl\/de\/produkt\/zapi-zap-trap-glue-for-miceinsects-15x21cm\/","og_site_name":"Food4animals","article_publisher":"https:\/\/www.facebook.com\/p\/Food4animals-100063861676074\/","article_modified_time":"2026-04-19T01:02:28+00:00","og_image":[{"width":797,"height":1200,"url":"https:\/\/www.food4animals.nl\/wp-content\/uploads\/2024\/01\/136315.jpeg","type":"image\/jpeg"}],"twitter_card":"summary_large_image","twitter_site":"@food4animals","twitter_misc":{"Gesch\u00e4tzte Lesezeit":"1\u00a0Minute"},"schema":{"@context":"https:\/\/schema.org","@graph":[{"@type":"WebPage","@id":"https:\/\/www.food4animals.nl\/product\/zapi-zap-trap-glue-for-miceinsects-15x21cm\/","url":"https:\/\/www.food4animals.nl\/product\/zapi-zap-trap-glue-for-miceinsects-15x21cm\/","name":"Zapi Zap Trap Glue for mice&insects 15x21cm - Food4animals","isPartOf":{"@id":"https:\/\/www.food4animals.nl\/en\/#website"},"primaryImageOfPage":{"@id":"https:\/\/www.food4animals.nl\/product\/zapi-zap-trap-glue-for-miceinsects-15x21cm\/#primaryimage"},"image":{"@id":"https:\/\/www.food4animals.nl\/product\/zapi-zap-trap-glue-for-miceinsects-15x21cm\/#primaryimage"},"thumbnailUrl":"https:\/\/www.food4animals.nl\/wp-content\/uploads\/2024\/01\/136315.jpeg","datePublished":"2024-01-25T03:10:09+00:00","dateModified":"2026-04-19T01:02:28+00:00","breadcrumb":{"@id":"https:\/\/www.food4animals.nl\/product\/zapi-zap-trap-glue-for-miceinsects-15x21cm\/#breadcrumb"},"inLanguage":"de","potentialAction":[{"@type":"ReadAction","target":["https:\/\/www.food4animals.nl\/product\/zapi-zap-trap-glue-for-miceinsects-15x21cm\/"]}]},{"@type":"ImageObject","inLanguage":"de","@id":"https:\/\/www.food4animals.nl\/product\/zapi-zap-trap-glue-for-miceinsects-15x21cm\/#primaryimage","url":"https:\/\/www.food4animals.nl\/wp-content\/uploads\/2024\/01\/136315.jpeg","contentUrl":"https:\/\/www.food4animals.nl\/wp-content\/uploads\/2024\/01\/136315.jpeg","width":797,"height":1200},{"@type":"BreadcrumbList","@id":"https:\/\/www.food4animals.nl\/product\/zapi-zap-trap-glue-for-miceinsects-15x21cm\/#breadcrumb","itemListElement":[{"@type":"ListItem","position":1,"name":"Home","item":"https:\/\/www.food4animals.nl\/"},{"@type":"ListItem","position":2,"name":"Winkel","item":"https:\/\/www.food4animals.nl\/winkel\/"},{"@type":"ListItem","position":3,"name":"Zapi Zap Trap Glue for mice&#038;insects 15x21cm"}]},{"@type":"WebSite","@id":"https:\/\/www.food4animals.nl\/en\/#website","url":"https:\/\/www.food4animals.nl\/en\/","name":"Lebensmittel4Tiere","description":"Alles f\u00fcr Reiter und Tier","publisher":{"@id":"https:\/\/www.food4animals.nl\/en\/#organization"},"potentialAction":[{"@type":"SearchAction","target":{"@type":"EntryPoint","urlTemplate":"https:\/\/www.food4animals.nl\/en\/?s={search_term_string}"},"query-input":{"@type":"PropertyValueSpecification","valueRequired":true,"valueName":"search_term_string"}}],"inLanguage":"de"},{"@type":"Organization","@id":"https:\/\/www.food4animals.nl\/en\/#organization","name":"Lebensmittel4Tiere","url":"https:\/\/www.food4animals.nl\/en\/","logo":{"@type":"ImageObject","inLanguage":"de","@id":"https:\/\/www.food4animals.nl\/en\/#\/schema\/logo\/image\/","url":"https:\/\/www.food4animals.nl\/wp-content\/uploads\/2023\/10\/Logo.svg","contentUrl":"https:\/\/www.food4animals.nl\/wp-content\/uploads\/2023\/10\/Logo.svg","width":1,"height":1,"caption":"Food4animals"},"image":{"@id":"https:\/\/www.food4animals.nl\/en\/#\/schema\/logo\/image\/"},"sameAs":["https:\/\/www.facebook.com\/p\/Food4animals-100063861676074\/","https:\/\/x.com\/food4animals"]}]}},"_links":{"self":[{"href":"https:\/\/www.food4animals.nl\/de\/wp-json\/wp\/v2\/product\/18804","targetHints":{"allow":["GET"]}}],"collection":[{"href":"https:\/\/www.food4animals.nl\/de\/wp-json\/wp\/v2\/product"}],"about":[{"href":"https:\/\/www.food4animals.nl\/de\/wp-json\/wp\/v2\/types\/product"}],"wp:featuredmedia":[{"embeddable":true,"href":"https:\/\/www.food4animals.nl\/de\/wp-json\/wp\/v2\/media\/18209"}],"wp:attachment":[{"href":"https:\/\/www.food4animals.nl\/de\/wp-json\/wp\/v2\/media?parent=18804"}],"wp:term":[{"taxonomy":"product_brand","embeddable":true,"href":"https:\/\/www.food4animals.nl\/de\/wp-json\/wp\/v2\/product_brand?post=18804"},{"taxonomy":"product_cat","embeddable":true,"href":"https:\/\/www.food4animals.nl\/de\/wp-json\/wp\/v2\/product_cat?post=18804"},{"taxonomy":"product_tag","embeddable":true,"href":"https:\/\/www.food4animals.nl\/de\/wp-json\/wp\/v2\/product_tag?post=18804"}],"curies":[{"name":"wp","href":"https:\/\/api.w.org\/{rel}","templated":true}]}}