{"id":19051,"date":"2024-01-15T20:13:18","date_gmt":"2024-01-15T19:13:18","guid":{"rendered":"https:\/\/food4animals.nl\/?post_type=product&#038;p=19051"},"modified":"2024-01-16T21:11:54","modified_gmt":"2024-01-16T20:11:54","slug":"kappe-dame-schild","status":"publish","type":"product","link":"https:\/\/www.food4animals.nl\/de\/produkt\/kappe-dame-schild\/","title":{"rendered":"M\u00fctze -Lady Shield-"},"content":{"rendered":"<p>Die M\u00fctze -Lady Shield- ist eine moderne M\u00fctze, die den aktuellen Sicherheitsstandards entspricht.<\/p>\n<p>Erh\u00e4ltlich in den folgenden Farbkombinationen<\/p>\n<p>braun\/ros\u00e9gold<\/p>\n<p>dunkelblau\/ros\u00e9gold<\/p>\n<p>dunkelblau\/silbern gl\u00e4nzend<\/p>\n<p>dunkelblau\/dunkelblau gl\u00e4nzend<\/p>\n<p>gl\u00e4nzend schwarz\/schwarz<\/p>\n<p>schwarz\/rosa gold<\/p>\n<p>schwarz\/gl\u00e4nzend silber<\/p>\n<ul>\n<li>Lieferung im Stoffbeutel<\/li>\n<li>austauschbares Innenfutter<\/li>\n<li>Variabel und individuell einstellbar durch Drehrad<\/li>\n<li>Entspricht der Norm vg1 01.040 2014-12<\/li>\n<\/ul>\n<p>Weitere Informationen<br \/>\nFeuer HKM<br \/>\nWaschanleitung au\u00dfen nur mit Wasser reinigen<\/p>","protected":false},"excerpt":{"rendered":"<p>Cap -Lady Shield- is een moderne cap gemaakt volgens de huidige Veiligheidsnormen. Verkrijgbaar in de volgende kleurcombinaties bruin\/ros\u00e9goud donkerblauw\/ros\u00e9goud donkerblauw\/zilver glanzend donkerblauw\/donkerblauw glanzend zwart\/zwart glanzend zwart\/rosegoud zwart\/glanzend zilver levering in stoffentas verwisselbare binnenvoering variabel en individueel verstelbaar door draairad voldoet aan de norm vg1 01.040 2014-12 Meer informatie Brand HKM Waschanleitung clean the outside with [&hellip;]<\/p>\n","protected":false},"featured_media":19053,"template":"","meta":{"_acf_changed":false},"product_brand":[],"product_cat":[3120,988],"product_tag":[3276,3277,3278],"class_list":{"0":"post-19051","1":"product","2":"type-product","3":"status-publish","4":"has-post-thumbnail","6":"product_cat-caps-handschoenen-en-sokken","7":"product_cat-ruitershop","8":"product_tag-cap-lady-shield","9":"product_tag-hkm","10":"product_tag-veiligheid-cap","12":"first","13":"instock","14":"sale","15":"taxable","16":"shipping-taxable","17":"purchasable","18":"product-type-variable"},"acf":[],"yoast_head":"<!-- This site is optimized with the Yoast SEO plugin v27.4 - https:\/\/yoast.com\/product\/yoast-seo-wordpress\/ -->\n<title>Cap -Lady Shield- Food4animals<\/title>\n<meta name=\"robots\" content=\"index, follow, max-snippet:-1, max-image-preview:large, max-video-preview:-1\" \/>\n<link rel=\"canonical\" href=\"https:\/\/www.food4animals.nl\/de\/produkt\/kappe-dame-schild\/\" \/>\n<meta property=\"og:locale\" content=\"de_DE\" \/>\n<meta property=\"og:type\" content=\"article\" \/>\n<meta property=\"og:title\" content=\"Cap -Lady Shield- Food4animals\" \/>\n<meta property=\"og:description\" content=\"Cap -Lady Shield- is een moderne cap gemaakt volgens de huidige Veiligheidsnormen. Verkrijgbaar in de volgende kleurcombinaties bruin\/ros\u00e9goud donkerblauw\/ros\u00e9goud donkerblauw\/zilver glanzend donkerblauw\/donkerblauw glanzend zwart\/zwart glanzend zwart\/rosegoud zwart\/glanzend zilver levering in stoffentas verwisselbare binnenvoering variabel en individueel verstelbaar door draairad voldoet aan de norm vg1 01.040 2014-12 Meer informatie Brand HKM Waschanleitung clean the outside with [&hellip;]\" \/>\n<meta property=\"og:url\" content=\"https:\/\/www.food4animals.nl\/de\/produkt\/kappe-dame-schild\/\" \/>\n<meta property=\"og:site_name\" content=\"Food4animals\" \/>\n<meta property=\"article:publisher\" content=\"https:\/\/www.facebook.com\/p\/Food4animals-100063861676074\/\" \/>\n<meta property=\"article:modified_time\" content=\"2024-01-16T20:11:54+00:00\" \/>\n<meta property=\"og:image\" content=\"https:\/\/www.food4animals.nl\/wp-content\/uploads\/2024\/01\/Cap-Lady-Shield-1.jpg\" \/>\n\t<meta property=\"og:image:width\" content=\"500\" \/>\n\t<meta property=\"og:image:height\" content=\"500\" \/>\n\t<meta property=\"og:image:type\" content=\"image\/jpeg\" \/>\n<meta name=\"twitter:card\" content=\"summary_large_image\" \/>\n<meta name=\"twitter:site\" content=\"@food4animals\" \/>\n<meta name=\"twitter:label1\" content=\"Gesch\u00e4tzte Lesezeit\" \/>\n\t<meta name=\"twitter:data1\" content=\"1\u00a0Minute\" \/>\n<script type=\"application\/ld+json\" class=\"yoast-schema-graph\">{\"@context\":\"https:\\\/\\\/schema.org\",\"@graph\":[{\"@type\":\"WebPage\",\"@id\":\"https:\\\/\\\/www.food4animals.nl\\\/product\\\/cap-lady-shield\\\/\",\"url\":\"https:\\\/\\\/www.food4animals.nl\\\/product\\\/cap-lady-shield\\\/\",\"name\":\"Cap -Lady Shield- Food4animals\",\"isPartOf\":{\"@id\":\"https:\\\/\\\/www.food4animals.nl\\\/en\\\/#website\"},\"primaryImageOfPage\":{\"@id\":\"https:\\\/\\\/www.food4animals.nl\\\/product\\\/cap-lady-shield\\\/#primaryimage\"},\"image\":{\"@id\":\"https:\\\/\\\/www.food4animals.nl\\\/product\\\/cap-lady-shield\\\/#primaryimage\"},\"thumbnailUrl\":\"https:\\\/\\\/www.food4animals.nl\\\/wp-content\\\/uploads\\\/2024\\\/01\\\/Cap-Lady-Shield-1.jpg\",\"datePublished\":\"2024-01-15T19:13:18+00:00\",\"dateModified\":\"2024-01-16T20:11:54+00:00\",\"breadcrumb\":{\"@id\":\"https:\\\/\\\/www.food4animals.nl\\\/product\\\/cap-lady-shield\\\/#breadcrumb\"},\"inLanguage\":\"de\",\"potentialAction\":[{\"@type\":\"ReadAction\",\"target\":[\"https:\\\/\\\/www.food4animals.nl\\\/product\\\/cap-lady-shield\\\/\"]}]},{\"@type\":\"ImageObject\",\"inLanguage\":\"de\",\"@id\":\"https:\\\/\\\/www.food4animals.nl\\\/product\\\/cap-lady-shield\\\/#primaryimage\",\"url\":\"https:\\\/\\\/www.food4animals.nl\\\/wp-content\\\/uploads\\\/2024\\\/01\\\/Cap-Lady-Shield-1.jpg\",\"contentUrl\":\"https:\\\/\\\/www.food4animals.nl\\\/wp-content\\\/uploads\\\/2024\\\/01\\\/Cap-Lady-Shield-1.jpg\",\"width\":500,\"height\":500},{\"@type\":\"BreadcrumbList\",\"@id\":\"https:\\\/\\\/www.food4animals.nl\\\/product\\\/cap-lady-shield\\\/#breadcrumb\",\"itemListElement\":[{\"@type\":\"ListItem\",\"position\":1,\"name\":\"Home\",\"item\":\"https:\\\/\\\/www.food4animals.nl\\\/\"},{\"@type\":\"ListItem\",\"position\":2,\"name\":\"Winkel\",\"item\":\"https:\\\/\\\/www.food4animals.nl\\\/winkel\\\/\"},{\"@type\":\"ListItem\",\"position\":3,\"name\":\"Cap -Lady Shield-\"}]},{\"@type\":\"WebSite\",\"@id\":\"https:\\\/\\\/www.food4animals.nl\\\/en\\\/#website\",\"url\":\"https:\\\/\\\/www.food4animals.nl\\\/en\\\/\",\"name\":\"Food4animals\",\"description\":\"Alles voor Ruiter en Dier\",\"publisher\":{\"@id\":\"https:\\\/\\\/www.food4animals.nl\\\/en\\\/#organization\"},\"potentialAction\":[{\"@type\":\"SearchAction\",\"target\":{\"@type\":\"EntryPoint\",\"urlTemplate\":\"https:\\\/\\\/www.food4animals.nl\\\/en\\\/?s={search_term_string}\"},\"query-input\":{\"@type\":\"PropertyValueSpecification\",\"valueRequired\":true,\"valueName\":\"search_term_string\"}}],\"inLanguage\":\"de\"},{\"@type\":\"Organization\",\"@id\":\"https:\\\/\\\/www.food4animals.nl\\\/en\\\/#organization\",\"name\":\"Food4animals\",\"url\":\"https:\\\/\\\/www.food4animals.nl\\\/en\\\/\",\"logo\":{\"@type\":\"ImageObject\",\"inLanguage\":\"de\",\"@id\":\"https:\\\/\\\/www.food4animals.nl\\\/en\\\/#\\\/schema\\\/logo\\\/image\\\/\",\"url\":\"https:\\\/\\\/www.food4animals.nl\\\/wp-content\\\/uploads\\\/2023\\\/10\\\/Logo.svg\",\"contentUrl\":\"https:\\\/\\\/www.food4animals.nl\\\/wp-content\\\/uploads\\\/2023\\\/10\\\/Logo.svg\",\"width\":1,\"height\":1,\"caption\":\"Food4animals\"},\"image\":{\"@id\":\"https:\\\/\\\/www.food4animals.nl\\\/en\\\/#\\\/schema\\\/logo\\\/image\\\/\"},\"sameAs\":[\"https:\\\/\\\/www.facebook.com\\\/p\\\/Food4animals-100063861676074\\\/\",\"https:\\\/\\\/x.com\\\/food4animals\"]}]}<\/script>\n<!-- \/ Yoast SEO plugin. -->","yoast_head_json":{"title":"M\u00fctze -Lady Shield- Food4animals","robots":{"index":"index","follow":"follow","max-snippet":"max-snippet:-1","max-image-preview":"max-image-preview:large","max-video-preview":"max-video-preview:-1"},"canonical":"https:\/\/www.food4animals.nl\/de\/produkt\/kappe-dame-schild\/","og_locale":"de_DE","og_type":"article","og_title":"Cap -Lady Shield- Food4animals","og_description":"Cap -Lady Shield- is een moderne cap gemaakt volgens de huidige Veiligheidsnormen. Verkrijgbaar in de volgende kleurcombinaties bruin\/ros\u00e9goud donkerblauw\/ros\u00e9goud donkerblauw\/zilver glanzend donkerblauw\/donkerblauw glanzend zwart\/zwart glanzend zwart\/rosegoud zwart\/glanzend zilver levering in stoffentas verwisselbare binnenvoering variabel en individueel verstelbaar door draairad voldoet aan de norm vg1 01.040 2014-12 Meer informatie Brand HKM Waschanleitung clean the outside with [&hellip;]","og_url":"https:\/\/www.food4animals.nl\/de\/produkt\/kappe-dame-schild\/","og_site_name":"Food4animals","article_publisher":"https:\/\/www.facebook.com\/p\/Food4animals-100063861676074\/","article_modified_time":"2024-01-16T20:11:54+00:00","og_image":[{"width":500,"height":500,"url":"https:\/\/www.food4animals.nl\/wp-content\/uploads\/2024\/01\/Cap-Lady-Shield-1.jpg","type":"image\/jpeg"}],"twitter_card":"summary_large_image","twitter_site":"@food4animals","twitter_misc":{"Gesch\u00e4tzte Lesezeit":"1\u00a0Minute"},"schema":{"@context":"https:\/\/schema.org","@graph":[{"@type":"WebPage","@id":"https:\/\/www.food4animals.nl\/product\/cap-lady-shield\/","url":"https:\/\/www.food4animals.nl\/product\/cap-lady-shield\/","name":"M\u00fctze -Lady Shield- Food4animals","isPartOf":{"@id":"https:\/\/www.food4animals.nl\/en\/#website"},"primaryImageOfPage":{"@id":"https:\/\/www.food4animals.nl\/product\/cap-lady-shield\/#primaryimage"},"image":{"@id":"https:\/\/www.food4animals.nl\/product\/cap-lady-shield\/#primaryimage"},"thumbnailUrl":"https:\/\/www.food4animals.nl\/wp-content\/uploads\/2024\/01\/Cap-Lady-Shield-1.jpg","datePublished":"2024-01-15T19:13:18+00:00","dateModified":"2024-01-16T20:11:54+00:00","breadcrumb":{"@id":"https:\/\/www.food4animals.nl\/product\/cap-lady-shield\/#breadcrumb"},"inLanguage":"de","potentialAction":[{"@type":"ReadAction","target":["https:\/\/www.food4animals.nl\/product\/cap-lady-shield\/"]}]},{"@type":"ImageObject","inLanguage":"de","@id":"https:\/\/www.food4animals.nl\/product\/cap-lady-shield\/#primaryimage","url":"https:\/\/www.food4animals.nl\/wp-content\/uploads\/2024\/01\/Cap-Lady-Shield-1.jpg","contentUrl":"https:\/\/www.food4animals.nl\/wp-content\/uploads\/2024\/01\/Cap-Lady-Shield-1.jpg","width":500,"height":500},{"@type":"BreadcrumbList","@id":"https:\/\/www.food4animals.nl\/product\/cap-lady-shield\/#breadcrumb","itemListElement":[{"@type":"ListItem","position":1,"name":"Home","item":"https:\/\/www.food4animals.nl\/"},{"@type":"ListItem","position":2,"name":"Winkel","item":"https:\/\/www.food4animals.nl\/winkel\/"},{"@type":"ListItem","position":3,"name":"Cap -Lady Shield-"}]},{"@type":"WebSite","@id":"https:\/\/www.food4animals.nl\/en\/#website","url":"https:\/\/www.food4animals.nl\/en\/","name":"Lebensmittel4Tiere","description":"Alles f\u00fcr Reiter und Tier","publisher":{"@id":"https:\/\/www.food4animals.nl\/en\/#organization"},"potentialAction":[{"@type":"SearchAction","target":{"@type":"EntryPoint","urlTemplate":"https:\/\/www.food4animals.nl\/en\/?s={search_term_string}"},"query-input":{"@type":"PropertyValueSpecification","valueRequired":true,"valueName":"search_term_string"}}],"inLanguage":"de"},{"@type":"Organization","@id":"https:\/\/www.food4animals.nl\/en\/#organization","name":"Lebensmittel4Tiere","url":"https:\/\/www.food4animals.nl\/en\/","logo":{"@type":"ImageObject","inLanguage":"de","@id":"https:\/\/www.food4animals.nl\/en\/#\/schema\/logo\/image\/","url":"https:\/\/www.food4animals.nl\/wp-content\/uploads\/2023\/10\/Logo.svg","contentUrl":"https:\/\/www.food4animals.nl\/wp-content\/uploads\/2023\/10\/Logo.svg","width":1,"height":1,"caption":"Food4animals"},"image":{"@id":"https:\/\/www.food4animals.nl\/en\/#\/schema\/logo\/image\/"},"sameAs":["https:\/\/www.facebook.com\/p\/Food4animals-100063861676074\/","https:\/\/x.com\/food4animals"]}]}},"_links":{"self":[{"href":"https:\/\/www.food4animals.nl\/de\/wp-json\/wp\/v2\/product\/19051","targetHints":{"allow":["GET"]}}],"collection":[{"href":"https:\/\/www.food4animals.nl\/de\/wp-json\/wp\/v2\/product"}],"about":[{"href":"https:\/\/www.food4animals.nl\/de\/wp-json\/wp\/v2\/types\/product"}],"wp:featuredmedia":[{"embeddable":true,"href":"https:\/\/www.food4animals.nl\/de\/wp-json\/wp\/v2\/media\/19053"}],"wp:attachment":[{"href":"https:\/\/www.food4animals.nl\/de\/wp-json\/wp\/v2\/media?parent=19051"}],"wp:term":[{"taxonomy":"product_brand","embeddable":true,"href":"https:\/\/www.food4animals.nl\/de\/wp-json\/wp\/v2\/product_brand?post=19051"},{"taxonomy":"product_cat","embeddable":true,"href":"https:\/\/www.food4animals.nl\/de\/wp-json\/wp\/v2\/product_cat?post=19051"},{"taxonomy":"product_tag","embeddable":true,"href":"https:\/\/www.food4animals.nl\/de\/wp-json\/wp\/v2\/product_tag?post=19051"}],"curies":[{"name":"wp","href":"https:\/\/api.w.org\/{rel}","templated":true}]}}