{"id":19676,"date":"2024-01-25T04:12:46","date_gmt":"2024-01-25T03:12:46","guid":{"rendered":"https:\/\/food4animals.nl\/product\/zoneguard-6-mm-plus-afrasteringskoord-zwart-en-wit-200-m\/"},"modified":"2026-05-15T02:10:14","modified_gmt":"2026-05-15T01:10:14","slug":"zoneguard-6-mm-plus-zaunschnur-schwarz-und-weis-200-m","status":"publish","type":"product","link":"https:\/\/www.food4animals.nl\/de\/produkt\/zoneguard-6-mm-plus-zaunschnur-schwarz-und-weis-200-m\/","title":{"rendered":"ZoneGuard 6 mm Plus Zaunseil schwarz und wei\u00df 200 m"},"content":{"rendered":"<p><span style=\"font-size: 10pt;\"><strong>Der TURBO GUIDE unter den Fechtschn\u00fcren!<br \/>\n<\/strong>ZoneGuard Cord PLUS enth\u00e4lt Dr\u00e4hte aus rostfreiem Stahl und Leichtmetalldr\u00e4hte. Dr\u00e4hte aus rostfreiem Stahl sind extrem stark, bruchsicher und langlebig. Leichtmetalldr\u00e4hte sind die perfekten Stromleiter. Diese Kombination bietet die beste Leitf\u00e4higkeit.<\/span><\/p>\n<p>40-mal mehr Leistung + UV-Best\u00e4ndigkeit.<br \/>\nWie der Name schon sagt, besteht die Schnur aus mehreren F\u00e4den aus Polyethylen (PE), die einzeln verlaufen (Mono). Dadurch besitzen sowohl die ZoneGuard PLUS als auch die ZoneGuard-Linie eine sehr lange Lebensdauer und eine hohe UV-Best\u00e4ndigkeit.<\/p>\n<p>ZoneGuard Cord PLUS hat die beste Leitf\u00e4higkeit, erkennbar an seinem niedrigen elektrischen Widerstand in Ohm\/m.<\/p>\n<p><span style=\"font-size: 10pt;\"><strong>Sehr gut geeignet f\u00fcr die Umz\u00e4unung von Rindern, Pferden und Schafen.\u00a0<\/strong><\/span><\/p>\n<p><span style=\"font-size: 10pt;\"><strong><strong><strong>Zus\u00e4tzliche Informationen<\/strong><br \/>\n<\/strong><\/strong>Farbe: Wei\u00df mit Schwarz<\/span><br \/>\n<span style=\"font-size: 10pt;\">L\u00e4nge: 200 m<\/span><br \/>\n<span style=\"font-size: 10pt;\">Widerstand: 0,048 \u03a9\/m<\/span><br \/>\n<span style=\"font-size: 10pt;\">Anzahl der Folien: 9<\/span><br \/>\n<span style=\"font-size: 10pt;\">Anzahl + Durchmesser der LMD-Dr\u00e4hte: 3 x 0,3 mm<\/span><br \/>\n<span style=\"font-size: 10pt;\">Anzahl + Durchmesser Edelstahldraht: 6 x 0,3 mm<\/span><br \/>\n<span style=\"font-size: 10pt;\">Bruchkraft: 450 kg<\/span><\/p>\n<p>&nbsp;<\/p>","protected":false},"excerpt":{"rendered":"<p>Enth\u00e4lt Dr\u00e4hte aus rostfreiem Stahl und Legierungen f\u00fcr perfekte Leitf\u00e4higkeit.<\/p>","protected":false},"featured_media":18384,"template":"","meta":{"_acf_changed":false},"product_brand":[],"product_cat":[1813,1098],"product_tag":[3393,1101,3396],"class_list":{"0":"post-19676","1":"product","2":"type-product","3":"status-publish","4":"has-post-thumbnail","6":"product_cat-draad","7":"product_cat-weideafrastering","8":"product_tag-aansluiting-voor-weideafrasteringen","9":"product_tag-zoneguard","10":"product_tag-zoneguard-afrastering","11":"tax_brand-zoneguard","13":"first","14":"instock","15":"taxable","16":"shipping-taxable","17":"purchasable","18":"product-type-simple"},"acf":[],"yoast_head":"<!-- This site is optimized with the Yoast SEO plugin v27.4 - https:\/\/yoast.com\/product\/yoast-seo-wordpress\/ -->\n<title>ZoneGuard 6 mm Plus afrasteringskoord zwart en wit 200 m - Food4animals<\/title>\n<meta name=\"robots\" content=\"index, follow, max-snippet:-1, max-image-preview:large, max-video-preview:-1\" \/>\n<link rel=\"canonical\" href=\"https:\/\/www.food4animals.nl\/de\/produkt\/zoneguard-6-mm-plus-zaunschnur-schwarz-und-weis-200-m\/\" \/>\n<meta property=\"og:locale\" content=\"de_DE\" \/>\n<meta property=\"og:type\" content=\"article\" \/>\n<meta property=\"og:title\" content=\"ZoneGuard 6 mm Plus afrasteringskoord zwart en wit 200 m - Food4animals\" \/>\n<meta property=\"og:description\" content=\"Bevat RVS en lichtmetalen draden voor een perfecte geleiding.\" \/>\n<meta property=\"og:url\" content=\"https:\/\/www.food4animals.nl\/de\/produkt\/zoneguard-6-mm-plus-zaunschnur-schwarz-und-weis-200-m\/\" \/>\n<meta property=\"og:site_name\" content=\"Food4animals\" \/>\n<meta property=\"article:publisher\" content=\"https:\/\/www.facebook.com\/p\/Food4animals-100063861676074\/\" \/>\n<meta property=\"article:modified_time\" content=\"2026-05-15T01:10:14+00:00\" \/>\n<meta property=\"og:image\" content=\"https:\/\/www.food4animals.nl\/wp-content\/uploads\/2024\/01\/229891.png\" \/>\n\t<meta property=\"og:image:width\" content=\"980\" \/>\n\t<meta property=\"og:image:height\" content=\"980\" \/>\n\t<meta property=\"og:image:type\" content=\"image\/png\" \/>\n<meta name=\"twitter:card\" content=\"summary_large_image\" \/>\n<meta name=\"twitter:site\" content=\"@food4animals\" \/>\n<meta name=\"twitter:label1\" content=\"Gesch\u00e4tzte Lesezeit\" \/>\n\t<meta name=\"twitter:data1\" content=\"1\u00a0Minute\" \/>\n<script type=\"application\/ld+json\" class=\"yoast-schema-graph\">{\"@context\":\"https:\\\/\\\/schema.org\",\"@graph\":[{\"@type\":\"WebPage\",\"@id\":\"https:\\\/\\\/www.food4animals.nl\\\/product\\\/zoneguard-6-mm-plus-afrasteringskoord-zwart-en-wit-200-m\\\/\",\"url\":\"https:\\\/\\\/www.food4animals.nl\\\/product\\\/zoneguard-6-mm-plus-afrasteringskoord-zwart-en-wit-200-m\\\/\",\"name\":\"ZoneGuard 6 mm Plus afrasteringskoord zwart en wit 200 m - Food4animals\",\"isPartOf\":{\"@id\":\"https:\\\/\\\/www.food4animals.nl\\\/en\\\/#website\"},\"primaryImageOfPage\":{\"@id\":\"https:\\\/\\\/www.food4animals.nl\\\/product\\\/zoneguard-6-mm-plus-afrasteringskoord-zwart-en-wit-200-m\\\/#primaryimage\"},\"image\":{\"@id\":\"https:\\\/\\\/www.food4animals.nl\\\/product\\\/zoneguard-6-mm-plus-afrasteringskoord-zwart-en-wit-200-m\\\/#primaryimage\"},\"thumbnailUrl\":\"https:\\\/\\\/www.food4animals.nl\\\/wp-content\\\/uploads\\\/2024\\\/01\\\/229891.png\",\"datePublished\":\"2024-01-25T03:12:46+00:00\",\"dateModified\":\"2026-05-15T01:10:14+00:00\",\"breadcrumb\":{\"@id\":\"https:\\\/\\\/www.food4animals.nl\\\/product\\\/zoneguard-6-mm-plus-afrasteringskoord-zwart-en-wit-200-m\\\/#breadcrumb\"},\"inLanguage\":\"de\",\"potentialAction\":[{\"@type\":\"ReadAction\",\"target\":[\"https:\\\/\\\/www.food4animals.nl\\\/product\\\/zoneguard-6-mm-plus-afrasteringskoord-zwart-en-wit-200-m\\\/\"]}]},{\"@type\":\"ImageObject\",\"inLanguage\":\"de\",\"@id\":\"https:\\\/\\\/www.food4animals.nl\\\/product\\\/zoneguard-6-mm-plus-afrasteringskoord-zwart-en-wit-200-m\\\/#primaryimage\",\"url\":\"https:\\\/\\\/www.food4animals.nl\\\/wp-content\\\/uploads\\\/2024\\\/01\\\/229891.png\",\"contentUrl\":\"https:\\\/\\\/www.food4animals.nl\\\/wp-content\\\/uploads\\\/2024\\\/01\\\/229891.png\",\"width\":980,\"height\":980},{\"@type\":\"BreadcrumbList\",\"@id\":\"https:\\\/\\\/www.food4animals.nl\\\/product\\\/zoneguard-6-mm-plus-afrasteringskoord-zwart-en-wit-200-m\\\/#breadcrumb\",\"itemListElement\":[{\"@type\":\"ListItem\",\"position\":1,\"name\":\"Home\",\"item\":\"https:\\\/\\\/www.food4animals.nl\\\/\"},{\"@type\":\"ListItem\",\"position\":2,\"name\":\"Winkel\",\"item\":\"https:\\\/\\\/www.food4animals.nl\\\/winkel\\\/\"},{\"@type\":\"ListItem\",\"position\":3,\"name\":\"ZoneGuard 6 mm Plus afrasteringskoord zwart en wit 200 m\"}]},{\"@type\":\"WebSite\",\"@id\":\"https:\\\/\\\/www.food4animals.nl\\\/en\\\/#website\",\"url\":\"https:\\\/\\\/www.food4animals.nl\\\/en\\\/\",\"name\":\"Food4animals\",\"description\":\"Alles voor Ruiter en Dier\",\"publisher\":{\"@id\":\"https:\\\/\\\/www.food4animals.nl\\\/en\\\/#organization\"},\"potentialAction\":[{\"@type\":\"SearchAction\",\"target\":{\"@type\":\"EntryPoint\",\"urlTemplate\":\"https:\\\/\\\/www.food4animals.nl\\\/en\\\/?s={search_term_string}\"},\"query-input\":{\"@type\":\"PropertyValueSpecification\",\"valueRequired\":true,\"valueName\":\"search_term_string\"}}],\"inLanguage\":\"de\"},{\"@type\":\"Organization\",\"@id\":\"https:\\\/\\\/www.food4animals.nl\\\/en\\\/#organization\",\"name\":\"Food4animals\",\"url\":\"https:\\\/\\\/www.food4animals.nl\\\/en\\\/\",\"logo\":{\"@type\":\"ImageObject\",\"inLanguage\":\"de\",\"@id\":\"https:\\\/\\\/www.food4animals.nl\\\/en\\\/#\\\/schema\\\/logo\\\/image\\\/\",\"url\":\"https:\\\/\\\/www.food4animals.nl\\\/wp-content\\\/uploads\\\/2023\\\/10\\\/Logo.svg\",\"contentUrl\":\"https:\\\/\\\/www.food4animals.nl\\\/wp-content\\\/uploads\\\/2023\\\/10\\\/Logo.svg\",\"width\":1,\"height\":1,\"caption\":\"Food4animals\"},\"image\":{\"@id\":\"https:\\\/\\\/www.food4animals.nl\\\/en\\\/#\\\/schema\\\/logo\\\/image\\\/\"},\"sameAs\":[\"https:\\\/\\\/www.facebook.com\\\/p\\\/Food4animals-100063861676074\\\/\",\"https:\\\/\\\/x.com\\\/food4animals\"]}]}<\/script>\n<!-- \/ Yoast SEO plugin. -->","yoast_head_json":{"title":"ZoneGuard 6 mm Plus Zaunseil schwarz und wei\u00df 200 m - Food4animals","robots":{"index":"index","follow":"follow","max-snippet":"max-snippet:-1","max-image-preview":"max-image-preview:large","max-video-preview":"max-video-preview:-1"},"canonical":"https:\/\/www.food4animals.nl\/de\/produkt\/zoneguard-6-mm-plus-zaunschnur-schwarz-und-weis-200-m\/","og_locale":"de_DE","og_type":"article","og_title":"ZoneGuard 6 mm Plus afrasteringskoord zwart en wit 200 m - Food4animals","og_description":"Bevat RVS en lichtmetalen draden voor een perfecte geleiding.","og_url":"https:\/\/www.food4animals.nl\/de\/produkt\/zoneguard-6-mm-plus-zaunschnur-schwarz-und-weis-200-m\/","og_site_name":"Food4animals","article_publisher":"https:\/\/www.facebook.com\/p\/Food4animals-100063861676074\/","article_modified_time":"2026-05-15T01:10:14+00:00","og_image":[{"width":980,"height":980,"url":"https:\/\/www.food4animals.nl\/wp-content\/uploads\/2024\/01\/229891.png","type":"image\/png"}],"twitter_card":"summary_large_image","twitter_site":"@food4animals","twitter_misc":{"Gesch\u00e4tzte Lesezeit":"1\u00a0Minute"},"schema":{"@context":"https:\/\/schema.org","@graph":[{"@type":"WebPage","@id":"https:\/\/www.food4animals.nl\/product\/zoneguard-6-mm-plus-afrasteringskoord-zwart-en-wit-200-m\/","url":"https:\/\/www.food4animals.nl\/product\/zoneguard-6-mm-plus-afrasteringskoord-zwart-en-wit-200-m\/","name":"ZoneGuard 6 mm Plus Zaunseil schwarz und wei\u00df 200 m - Food4animals","isPartOf":{"@id":"https:\/\/www.food4animals.nl\/en\/#website"},"primaryImageOfPage":{"@id":"https:\/\/www.food4animals.nl\/product\/zoneguard-6-mm-plus-afrasteringskoord-zwart-en-wit-200-m\/#primaryimage"},"image":{"@id":"https:\/\/www.food4animals.nl\/product\/zoneguard-6-mm-plus-afrasteringskoord-zwart-en-wit-200-m\/#primaryimage"},"thumbnailUrl":"https:\/\/www.food4animals.nl\/wp-content\/uploads\/2024\/01\/229891.png","datePublished":"2024-01-25T03:12:46+00:00","dateModified":"2026-05-15T01:10:14+00:00","breadcrumb":{"@id":"https:\/\/www.food4animals.nl\/product\/zoneguard-6-mm-plus-afrasteringskoord-zwart-en-wit-200-m\/#breadcrumb"},"inLanguage":"de","potentialAction":[{"@type":"ReadAction","target":["https:\/\/www.food4animals.nl\/product\/zoneguard-6-mm-plus-afrasteringskoord-zwart-en-wit-200-m\/"]}]},{"@type":"ImageObject","inLanguage":"de","@id":"https:\/\/www.food4animals.nl\/product\/zoneguard-6-mm-plus-afrasteringskoord-zwart-en-wit-200-m\/#primaryimage","url":"https:\/\/www.food4animals.nl\/wp-content\/uploads\/2024\/01\/229891.png","contentUrl":"https:\/\/www.food4animals.nl\/wp-content\/uploads\/2024\/01\/229891.png","width":980,"height":980},{"@type":"BreadcrumbList","@id":"https:\/\/www.food4animals.nl\/product\/zoneguard-6-mm-plus-afrasteringskoord-zwart-en-wit-200-m\/#breadcrumb","itemListElement":[{"@type":"ListItem","position":1,"name":"Home","item":"https:\/\/www.food4animals.nl\/"},{"@type":"ListItem","position":2,"name":"Winkel","item":"https:\/\/www.food4animals.nl\/winkel\/"},{"@type":"ListItem","position":3,"name":"ZoneGuard 6 mm Plus afrasteringskoord zwart en wit 200 m"}]},{"@type":"WebSite","@id":"https:\/\/www.food4animals.nl\/en\/#website","url":"https:\/\/www.food4animals.nl\/en\/","name":"Lebensmittel4Tiere","description":"Alles f\u00fcr Reiter und Tier","publisher":{"@id":"https:\/\/www.food4animals.nl\/en\/#organization"},"potentialAction":[{"@type":"SearchAction","target":{"@type":"EntryPoint","urlTemplate":"https:\/\/www.food4animals.nl\/en\/?s={search_term_string}"},"query-input":{"@type":"PropertyValueSpecification","valueRequired":true,"valueName":"search_term_string"}}],"inLanguage":"de"},{"@type":"Organization","@id":"https:\/\/www.food4animals.nl\/en\/#organization","name":"Lebensmittel4Tiere","url":"https:\/\/www.food4animals.nl\/en\/","logo":{"@type":"ImageObject","inLanguage":"de","@id":"https:\/\/www.food4animals.nl\/en\/#\/schema\/logo\/image\/","url":"https:\/\/www.food4animals.nl\/wp-content\/uploads\/2023\/10\/Logo.svg","contentUrl":"https:\/\/www.food4animals.nl\/wp-content\/uploads\/2023\/10\/Logo.svg","width":1,"height":1,"caption":"Food4animals"},"image":{"@id":"https:\/\/www.food4animals.nl\/en\/#\/schema\/logo\/image\/"},"sameAs":["https:\/\/www.facebook.com\/p\/Food4animals-100063861676074\/","https:\/\/x.com\/food4animals"]}]}},"_links":{"self":[{"href":"https:\/\/www.food4animals.nl\/de\/wp-json\/wp\/v2\/product\/19676","targetHints":{"allow":["GET"]}}],"collection":[{"href":"https:\/\/www.food4animals.nl\/de\/wp-json\/wp\/v2\/product"}],"about":[{"href":"https:\/\/www.food4animals.nl\/de\/wp-json\/wp\/v2\/types\/product"}],"wp:featuredmedia":[{"embeddable":true,"href":"https:\/\/www.food4animals.nl\/de\/wp-json\/wp\/v2\/media\/18384"}],"wp:attachment":[{"href":"https:\/\/www.food4animals.nl\/de\/wp-json\/wp\/v2\/media?parent=19676"}],"wp:term":[{"taxonomy":"product_brand","embeddable":true,"href":"https:\/\/www.food4animals.nl\/de\/wp-json\/wp\/v2\/product_brand?post=19676"},{"taxonomy":"product_cat","embeddable":true,"href":"https:\/\/www.food4animals.nl\/de\/wp-json\/wp\/v2\/product_cat?post=19676"},{"taxonomy":"product_tag","embeddable":true,"href":"https:\/\/www.food4animals.nl\/de\/wp-json\/wp\/v2\/product_tag?post=19676"}],"curies":[{"name":"wp","href":"https:\/\/api.w.org\/{rel}","templated":true}]}}