{"id":20646,"date":"2024-02-09T14:56:26","date_gmt":"2024-02-09T13:56:26","guid":{"rendered":"https:\/\/food4animals.nl\/product\/birchmeier-verlengstoknippel-g1-4\/"},"modified":"2026-05-06T01:02:30","modified_gmt":"2026-05-06T00:02:30","slug":"birchmeier-verlangerungsstange-nippel-g1-4","status":"publish","type":"product","link":"https:\/\/www.food4animals.nl\/de\/produkt\/birchmeier-verlangerungsstange-nippel-g1-4\/","title":{"rendered":"Birchmeier Verl\u00e4ngerungsstange Nippel G1\/4\u2033"},"content":{"rendered":"<p><span style=\"font-size: 10pt;\"><strong>Birchmeier Verl\u00e4ngerungsstange Nippel G1\/4\"<br \/>\n<\/strong><\/span><span style=\"font-size: 10pt;\">Verl\u00e4ngerungsnippel f\u00fcr den Birchmeier Pulverspr\u00fcher DR5 (<a href=\"..\/..\/..\/product\/15294-birchmeier-dr5-poedersprayer\" target=\"_blank\" rel=\"noopener\">BIRC05000<\/a>).<\/span><\/p>\n<p><span style=\"font-size: 10pt;\">Mit diesem Nippel kann die gebogene Spr\u00fchlanze 15 cm (<a href=\"..\/..\/..\/product\/17265-birchmeier-gebogen-spuitlans-15-cm-dr5\" target=\"_blank\" rel=\"noopener\">BIRC05004<\/a>) oder Staublanze gerade 25 cm (<a href=\"..\/..\/..\/product\/19318-birchmeier-stuiflans-recht-25-cm\" target=\"_blank\" rel=\"noopener\">BIRC05012<\/a>) an das Revolverventil oder die Verl\u00e4ngerung.<\/span><\/p>","protected":false},"excerpt":{"rendered":"<p>Birchmeier Verl\u00e4ngerungsstab-Nippel G1\/4\" Verl\u00e4ngerungsstab-Nippel f\u00fcr den Birchmeier DR5 Pulverspr\u00fcher (BIRC05000). Dieser Nippel kann verwendet werden, um die gebogene Staublanze 15 cm (BIRC05004) oder die gerade Staublanze 25 cm (BIRC05012) mit dem Revolverventil oder dem Verl\u00e4ngerungsst\u00fcck zu verbinden.<\/p>","protected":false},"featured_media":1953,"template":"","meta":{"_acf_changed":false},"product_brand":[],"product_cat":[1333],"product_tag":[1331,1211],"class_list":{"0":"post-20646","1":"product","2":"type-product","3":"status-publish","4":"has-post-thumbnail","6":"product_cat-drukspuit","7":"product_tag-birchmeier","8":"product_tag-spuitapparatuur-accessoires","9":"tax_brand-birchmeier","11":"first","12":"instock","13":"taxable","14":"shipping-taxable","15":"purchasable","16":"product-type-simple"},"acf":[],"yoast_head":"<!-- This site is optimized with the Yoast SEO plugin v27.4 - https:\/\/yoast.com\/product\/yoast-seo-wordpress\/ -->\n<title>Birchmeier Verlengstoknippel G1\/4&quot; - Food4animals<\/title>\n<meta name=\"robots\" content=\"index, follow, max-snippet:-1, max-image-preview:large, max-video-preview:-1\" \/>\n<link rel=\"canonical\" href=\"https:\/\/www.food4animals.nl\/de\/produkt\/birchmeier-verlangerungsstange-nippel-g1-4\/\" \/>\n<meta property=\"og:locale\" content=\"de_DE\" \/>\n<meta property=\"og:type\" content=\"article\" \/>\n<meta property=\"og:title\" content=\"Birchmeier Verlengstoknippel G1\/4&quot; - Food4animals\" \/>\n<meta property=\"og:description\" content=\"Birchmeier Verlengstoknippel G1\/4\u201d Verlengstoknippel voor de Birchmeier DR5 Poedersprayer (BIRC05000). Met deze nippel kan de Gebogen Stuiflans 15 cm (BIRC05004) of Stuiflans Recht 25 cm (BIRC05012) aan de revolverafsluiter of het verlengstuk worden gekoppeld.\" \/>\n<meta property=\"og:url\" content=\"https:\/\/www.food4animals.nl\/de\/produkt\/birchmeier-verlangerungsstange-nippel-g1-4\/\" \/>\n<meta property=\"og:site_name\" content=\"Food4animals\" \/>\n<meta property=\"article:publisher\" content=\"https:\/\/www.facebook.com\/p\/Food4animals-100063861676074\/\" \/>\n<meta property=\"article:modified_time\" content=\"2026-05-06T00:02:30+00:00\" \/>\n<meta property=\"og:image\" content=\"https:\/\/www.food4animals.nl\/wp-content\/uploads\/2023\/10\/259828.png\" \/>\n\t<meta property=\"og:image:width\" content=\"1600\" \/>\n\t<meta property=\"og:image:height\" content=\"1066\" \/>\n\t<meta property=\"og:image:type\" content=\"image\/png\" \/>\n<meta name=\"twitter:card\" content=\"summary_large_image\" \/>\n<meta name=\"twitter:site\" content=\"@food4animals\" \/>\n<meta name=\"twitter:label1\" content=\"Gesch\u00e4tzte Lesezeit\" \/>\n\t<meta name=\"twitter:data1\" content=\"1\u00a0Minute\" \/>\n<script type=\"application\/ld+json\" class=\"yoast-schema-graph\">{\"@context\":\"https:\\\/\\\/schema.org\",\"@graph\":[{\"@type\":\"WebPage\",\"@id\":\"https:\\\/\\\/www.food4animals.nl\\\/product\\\/birchmeier-verlengstoknippel-g1-4\\\/\",\"url\":\"https:\\\/\\\/www.food4animals.nl\\\/product\\\/birchmeier-verlengstoknippel-g1-4\\\/\",\"name\":\"Birchmeier Verlengstoknippel G1\\\/4\\\" - Food4animals\",\"isPartOf\":{\"@id\":\"https:\\\/\\\/www.food4animals.nl\\\/en\\\/#website\"},\"primaryImageOfPage\":{\"@id\":\"https:\\\/\\\/www.food4animals.nl\\\/product\\\/birchmeier-verlengstoknippel-g1-4\\\/#primaryimage\"},\"image\":{\"@id\":\"https:\\\/\\\/www.food4animals.nl\\\/product\\\/birchmeier-verlengstoknippel-g1-4\\\/#primaryimage\"},\"thumbnailUrl\":\"https:\\\/\\\/www.food4animals.nl\\\/wp-content\\\/uploads\\\/2023\\\/10\\\/259828.png\",\"datePublished\":\"2024-02-09T13:56:26+00:00\",\"dateModified\":\"2026-05-06T00:02:30+00:00\",\"breadcrumb\":{\"@id\":\"https:\\\/\\\/www.food4animals.nl\\\/product\\\/birchmeier-verlengstoknippel-g1-4\\\/#breadcrumb\"},\"inLanguage\":\"de\",\"potentialAction\":[{\"@type\":\"ReadAction\",\"target\":[\"https:\\\/\\\/www.food4animals.nl\\\/product\\\/birchmeier-verlengstoknippel-g1-4\\\/\"]}]},{\"@type\":\"ImageObject\",\"inLanguage\":\"de\",\"@id\":\"https:\\\/\\\/www.food4animals.nl\\\/product\\\/birchmeier-verlengstoknippel-g1-4\\\/#primaryimage\",\"url\":\"https:\\\/\\\/www.food4animals.nl\\\/wp-content\\\/uploads\\\/2023\\\/10\\\/259828.png\",\"contentUrl\":\"https:\\\/\\\/www.food4animals.nl\\\/wp-content\\\/uploads\\\/2023\\\/10\\\/259828.png\",\"width\":1600,\"height\":1066},{\"@type\":\"BreadcrumbList\",\"@id\":\"https:\\\/\\\/www.food4animals.nl\\\/product\\\/birchmeier-verlengstoknippel-g1-4\\\/#breadcrumb\",\"itemListElement\":[{\"@type\":\"ListItem\",\"position\":1,\"name\":\"Home\",\"item\":\"https:\\\/\\\/www.food4animals.nl\\\/\"},{\"@type\":\"ListItem\",\"position\":2,\"name\":\"Winkel\",\"item\":\"https:\\\/\\\/www.food4animals.nl\\\/winkel\\\/\"},{\"@type\":\"ListItem\",\"position\":3,\"name\":\"Birchmeier Verlengstoknippel G1\\\/4&#8243;\"}]},{\"@type\":\"WebSite\",\"@id\":\"https:\\\/\\\/www.food4animals.nl\\\/en\\\/#website\",\"url\":\"https:\\\/\\\/www.food4animals.nl\\\/en\\\/\",\"name\":\"Food4animals\",\"description\":\"Alles voor Ruiter en Dier\",\"publisher\":{\"@id\":\"https:\\\/\\\/www.food4animals.nl\\\/en\\\/#organization\"},\"potentialAction\":[{\"@type\":\"SearchAction\",\"target\":{\"@type\":\"EntryPoint\",\"urlTemplate\":\"https:\\\/\\\/www.food4animals.nl\\\/en\\\/?s={search_term_string}\"},\"query-input\":{\"@type\":\"PropertyValueSpecification\",\"valueRequired\":true,\"valueName\":\"search_term_string\"}}],\"inLanguage\":\"de\"},{\"@type\":\"Organization\",\"@id\":\"https:\\\/\\\/www.food4animals.nl\\\/en\\\/#organization\",\"name\":\"Food4animals\",\"url\":\"https:\\\/\\\/www.food4animals.nl\\\/en\\\/\",\"logo\":{\"@type\":\"ImageObject\",\"inLanguage\":\"de\",\"@id\":\"https:\\\/\\\/www.food4animals.nl\\\/en\\\/#\\\/schema\\\/logo\\\/image\\\/\",\"url\":\"https:\\\/\\\/www.food4animals.nl\\\/wp-content\\\/uploads\\\/2023\\\/10\\\/Logo.svg\",\"contentUrl\":\"https:\\\/\\\/www.food4animals.nl\\\/wp-content\\\/uploads\\\/2023\\\/10\\\/Logo.svg\",\"width\":1,\"height\":1,\"caption\":\"Food4animals\"},\"image\":{\"@id\":\"https:\\\/\\\/www.food4animals.nl\\\/en\\\/#\\\/schema\\\/logo\\\/image\\\/\"},\"sameAs\":[\"https:\\\/\\\/www.facebook.com\\\/p\\\/Food4animals-100063861676074\\\/\",\"https:\\\/\\\/x.com\\\/food4animals\"]}]}<\/script>\n<!-- \/ Yoast SEO plugin. -->","yoast_head_json":{"title":"Birchmeier Verl\u00e4ngerungsstange Nippel G1\/4\" - Food4animals","robots":{"index":"index","follow":"follow","max-snippet":"max-snippet:-1","max-image-preview":"max-image-preview:large","max-video-preview":"max-video-preview:-1"},"canonical":"https:\/\/www.food4animals.nl\/de\/produkt\/birchmeier-verlangerungsstange-nippel-g1-4\/","og_locale":"de_DE","og_type":"article","og_title":"Birchmeier Verlengstoknippel G1\/4\" - Food4animals","og_description":"Birchmeier Verlengstoknippel G1\/4\u201d Verlengstoknippel voor de Birchmeier DR5 Poedersprayer (BIRC05000). Met deze nippel kan de Gebogen Stuiflans 15 cm (BIRC05004) of Stuiflans Recht 25 cm (BIRC05012) aan de revolverafsluiter of het verlengstuk worden gekoppeld.","og_url":"https:\/\/www.food4animals.nl\/de\/produkt\/birchmeier-verlangerungsstange-nippel-g1-4\/","og_site_name":"Food4animals","article_publisher":"https:\/\/www.facebook.com\/p\/Food4animals-100063861676074\/","article_modified_time":"2026-05-06T00:02:30+00:00","og_image":[{"width":1600,"height":1066,"url":"https:\/\/www.food4animals.nl\/wp-content\/uploads\/2023\/10\/259828.png","type":"image\/png"}],"twitter_card":"summary_large_image","twitter_site":"@food4animals","twitter_misc":{"Gesch\u00e4tzte Lesezeit":"1\u00a0Minute"},"schema":{"@context":"https:\/\/schema.org","@graph":[{"@type":"WebPage","@id":"https:\/\/www.food4animals.nl\/product\/birchmeier-verlengstoknippel-g1-4\/","url":"https:\/\/www.food4animals.nl\/product\/birchmeier-verlengstoknippel-g1-4\/","name":"Birchmeier Verl\u00e4ngerungsstange Nippel G1\/4\" - Food4animals","isPartOf":{"@id":"https:\/\/www.food4animals.nl\/en\/#website"},"primaryImageOfPage":{"@id":"https:\/\/www.food4animals.nl\/product\/birchmeier-verlengstoknippel-g1-4\/#primaryimage"},"image":{"@id":"https:\/\/www.food4animals.nl\/product\/birchmeier-verlengstoknippel-g1-4\/#primaryimage"},"thumbnailUrl":"https:\/\/www.food4animals.nl\/wp-content\/uploads\/2023\/10\/259828.png","datePublished":"2024-02-09T13:56:26+00:00","dateModified":"2026-05-06T00:02:30+00:00","breadcrumb":{"@id":"https:\/\/www.food4animals.nl\/product\/birchmeier-verlengstoknippel-g1-4\/#breadcrumb"},"inLanguage":"de","potentialAction":[{"@type":"ReadAction","target":["https:\/\/www.food4animals.nl\/product\/birchmeier-verlengstoknippel-g1-4\/"]}]},{"@type":"ImageObject","inLanguage":"de","@id":"https:\/\/www.food4animals.nl\/product\/birchmeier-verlengstoknippel-g1-4\/#primaryimage","url":"https:\/\/www.food4animals.nl\/wp-content\/uploads\/2023\/10\/259828.png","contentUrl":"https:\/\/www.food4animals.nl\/wp-content\/uploads\/2023\/10\/259828.png","width":1600,"height":1066},{"@type":"BreadcrumbList","@id":"https:\/\/www.food4animals.nl\/product\/birchmeier-verlengstoknippel-g1-4\/#breadcrumb","itemListElement":[{"@type":"ListItem","position":1,"name":"Home","item":"https:\/\/www.food4animals.nl\/"},{"@type":"ListItem","position":2,"name":"Winkel","item":"https:\/\/www.food4animals.nl\/winkel\/"},{"@type":"ListItem","position":3,"name":"Birchmeier Verlengstoknippel G1\/4&#8243;"}]},{"@type":"WebSite","@id":"https:\/\/www.food4animals.nl\/en\/#website","url":"https:\/\/www.food4animals.nl\/en\/","name":"Lebensmittel4Tiere","description":"Alles f\u00fcr Reiter und Tier","publisher":{"@id":"https:\/\/www.food4animals.nl\/en\/#organization"},"potentialAction":[{"@type":"SearchAction","target":{"@type":"EntryPoint","urlTemplate":"https:\/\/www.food4animals.nl\/en\/?s={search_term_string}"},"query-input":{"@type":"PropertyValueSpecification","valueRequired":true,"valueName":"search_term_string"}}],"inLanguage":"de"},{"@type":"Organization","@id":"https:\/\/www.food4animals.nl\/en\/#organization","name":"Lebensmittel4Tiere","url":"https:\/\/www.food4animals.nl\/en\/","logo":{"@type":"ImageObject","inLanguage":"de","@id":"https:\/\/www.food4animals.nl\/en\/#\/schema\/logo\/image\/","url":"https:\/\/www.food4animals.nl\/wp-content\/uploads\/2023\/10\/Logo.svg","contentUrl":"https:\/\/www.food4animals.nl\/wp-content\/uploads\/2023\/10\/Logo.svg","width":1,"height":1,"caption":"Food4animals"},"image":{"@id":"https:\/\/www.food4animals.nl\/en\/#\/schema\/logo\/image\/"},"sameAs":["https:\/\/www.facebook.com\/p\/Food4animals-100063861676074\/","https:\/\/x.com\/food4animals"]}]}},"_links":{"self":[{"href":"https:\/\/www.food4animals.nl\/de\/wp-json\/wp\/v2\/product\/20646","targetHints":{"allow":["GET"]}}],"collection":[{"href":"https:\/\/www.food4animals.nl\/de\/wp-json\/wp\/v2\/product"}],"about":[{"href":"https:\/\/www.food4animals.nl\/de\/wp-json\/wp\/v2\/types\/product"}],"wp:featuredmedia":[{"embeddable":true,"href":"https:\/\/www.food4animals.nl\/de\/wp-json\/wp\/v2\/media\/1953"}],"wp:attachment":[{"href":"https:\/\/www.food4animals.nl\/de\/wp-json\/wp\/v2\/media?parent=20646"}],"wp:term":[{"taxonomy":"product_brand","embeddable":true,"href":"https:\/\/www.food4animals.nl\/de\/wp-json\/wp\/v2\/product_brand?post=20646"},{"taxonomy":"product_cat","embeddable":true,"href":"https:\/\/www.food4animals.nl\/de\/wp-json\/wp\/v2\/product_cat?post=20646"},{"taxonomy":"product_tag","embeddable":true,"href":"https:\/\/www.food4animals.nl\/de\/wp-json\/wp\/v2\/product_tag?post=20646"}],"curies":[{"name":"wp","href":"https:\/\/api.w.org\/{rel}","templated":true}]}}