{"id":21093,"date":"2024-02-09T15:45:20","date_gmt":"2024-02-09T14:45:20","guid":{"rendered":"https:\/\/food4animals.nl\/product\/gooeez-mock-neck-signature-jacket-m-black-black\/"},"modified":"2026-04-11T01:18:36","modified_gmt":"2026-04-11T00:18:36","slug":"gooeez-mock-neck-signature-jacket-m-black-black","status":"publish","type":"product","link":"https:\/\/www.food4animals.nl\/de\/produkt\/gooeez-mock-neck-signature-jacket-m-black-black\/","title":{"rendered":"Gooeez Mock Neck Signature Jacket M Black\/Black"},"content":{"rendered":"<p>Dieser Goo-eez-Mantel h\u00e4lt Ihren Hund warm und l\u00e4sst ihn stilvoll aussehen. Der Mantel hat eine wasserabweisende Au\u00dfenseite und ein Pl\u00fcschfutter, das die K\u00f6rperw\u00e4rme gut speichert. Goo-eez verwendet ein von ihnen patentiertes Elastomer-Gel. Zusammen mit dem gewebten Rippenstoff an der Unterseite der Jacke sorgt dies f\u00fcr eine perfekte Passform, die die K\u00f6rperw\u00e4rme speichert und kalte Luft abh\u00e4lt. Die flexible Unterseite ist wasserdicht und kann bis zu 2x gedehnt werden, was das An- und Ausziehen der Jacke erleichtert. Au\u00dferdem reizt der Stoff die Haut nicht.<\/p>\n<h3>Gr\u00f6\u00dfentabelle<\/h3>\n<p>Die R\u00fcckenl\u00e4nge wird vom Hals bis zum Beginn der Rute gemessen. Der Brustumfang wird an der breitesten Stelle der Brust des Hundes, unmittelbar hinter den Vorderl\u00e4ufen, gemessen.<\/p>\n<table style=\"border-collapse: collapse; width: 100%; height: 176.734px;\" border=\"1\">\n<tbody>\n<tr style=\"height: 20px;\">\n<td style=\"width: 33.3333%; height: 20px;\"><strong>Gr\u00f6\u00dfe<\/strong><\/td>\n<td style=\"width: 33.3333%; height: 20px;\"><strong>L\u00e4nge des R\u00fcckens<\/strong><\/td>\n<td style=\"width: 33.3333%; height: 20px;\"><strong>Brustumfang<\/strong><\/td>\n<\/tr>\n<tr style=\"height: 22.3906px;\">\n<td style=\"width: 33.3333%; height: 22.3906px;\">\n<p>XXS<\/p>\n<\/td>\n<td style=\"width: 33.3333%; height: 22.3906px;\">24 cm<\/td>\n<td style=\"width: 33.3333%; height: 22.3906px;\">38 - 46 cm<\/td>\n<\/tr>\n<tr style=\"height: 22.3906px;\">\n<td style=\"width: 33.3333%; height: 22.3906px;\">\n<p>XS<\/p>\n<\/td>\n<td style=\"width: 33.3333%; height: 22.3906px;\">29 cm<\/td>\n<td style=\"width: 33.3333%; height: 22.3906px;\">43 - 51 cm<\/td>\n<\/tr>\n<tr style=\"height: 22.3906px;\">\n<td style=\"width: 33.3333%; height: 22.3906px;\">\n<p>S<\/p>\n<\/td>\n<td style=\"width: 33.3333%; height: 22.3906px;\">40 cm<\/td>\n<td style=\"width: 33.3333%; height: 22.3906px;\">48 - 56 cm<\/td>\n<\/tr>\n<tr style=\"height: 22.3906px;\">\n<td style=\"width: 33.3333%; height: 22.3906px;\">\n<p>M<\/p>\n<\/td>\n<td style=\"width: 33.3333%; height: 22.3906px;\">45 cm<\/td>\n<td style=\"width: 33.3333%; height: 22.3906px;\">53 - 64 cm<\/td>\n<\/tr>\n<tr style=\"height: 22.3906px;\">\n<td style=\"width: 33.3333%; height: 22.3906px;\">\n<p>L<\/p>\n<\/td>\n<td style=\"width: 33.3333%; height: 22.3906px;\">52 cm<\/td>\n<td style=\"width: 33.3333%; height: 22.3906px;\">61 - 74 cm<\/td>\n<\/tr>\n<tr style=\"height: 22.3906px;\">\n<td style=\"width: 33.3333%; height: 22.3906px;\">\n<p>XL<\/p>\n<\/td>\n<td style=\"width: 33.3333%; height: 22.3906px;\">56 cm<\/td>\n<td style=\"width: 33.3333%; height: 22.3906px;\">71 - 84 cm<\/td>\n<\/tr>\n<tr style=\"height: 22.3906px;\">\n<td style=\"width: 33.3333%; height: 22.3906px;\">\n<p>XXL<\/p>\n<\/td>\n<td style=\"width: 33.3333%; height: 22.3906px;\">64 cm<\/td>\n<td style=\"width: 33.3333%; height: 22.3906px;\">81 - 102 cm<\/td>\n<\/tr>\n<\/tbody>\n<\/table>\n<p>\u00a0<\/p>","protected":false},"excerpt":{"rendered":"<p>Sch\u00f6ner warmer Hundemantel mit Pl\u00fcschfutter.<\/p>","protected":false},"featured_media":21094,"template":"","meta":{"_acf_changed":false},"product_brand":[],"product_cat":[937,821],"product_tag":[3742,895],"class_list":{"0":"post-21093","1":"product","2":"type-product","3":"status-publish","4":"has-post-thumbnail","6":"product_cat-accessoires","7":"product_cat-hond","8":"product_tag-gooeez-apparel","9":"product_tag-m","11":"first","12":"instock","13":"taxable","14":"shipping-taxable","15":"purchasable","16":"product-type-simple"},"acf":[],"yoast_head":"<!-- This site is optimized with the Yoast SEO plugin v27.2 - https:\/\/yoast.com\/product\/yoast-seo-wordpress\/ -->\n<title>Gooeez Mock Neck Signature Jacket M Black\/Black - Food4animals<\/title>\n<meta name=\"robots\" content=\"index, follow, max-snippet:-1, max-image-preview:large, max-video-preview:-1\" \/>\n<link rel=\"canonical\" href=\"https:\/\/www.food4animals.nl\/de\/produkt\/gooeez-mock-neck-signature-jacket-m-black-black\/\" \/>\n<meta property=\"og:locale\" content=\"de_DE\" \/>\n<meta property=\"og:type\" content=\"article\" \/>\n<meta property=\"og:title\" content=\"Gooeez Mock Neck Signature Jacket M Black\/Black - Food4animals\" \/>\n<meta property=\"og:description\" content=\"Heerlijk warme hondenjas met een voering van pluche.\" \/>\n<meta property=\"og:url\" content=\"https:\/\/www.food4animals.nl\/de\/produkt\/gooeez-mock-neck-signature-jacket-m-black-black\/\" \/>\n<meta property=\"og:site_name\" content=\"Food4animals\" \/>\n<meta property=\"article:publisher\" content=\"https:\/\/www.facebook.com\/p\/Food4animals-100063861676074\/\" \/>\n<meta property=\"article:modified_time\" content=\"2026-04-11T00:18:36+00:00\" \/>\n<meta property=\"og:image\" content=\"https:\/\/www.food4animals.nl\/wp-content\/uploads\/2024\/02\/283361.png\" \/>\n\t<meta property=\"og:image:width\" content=\"1024\" \/>\n\t<meta property=\"og:image:height\" content=\"1024\" \/>\n\t<meta property=\"og:image:type\" content=\"image\/png\" \/>\n<meta name=\"twitter:card\" content=\"summary_large_image\" \/>\n<meta name=\"twitter:site\" content=\"@food4animals\" \/>\n<meta name=\"twitter:label1\" content=\"Gesch\u00e4tzte Lesezeit\" \/>\n\t<meta name=\"twitter:data1\" content=\"1\u00a0Minute\" \/>\n<script type=\"application\/ld+json\" class=\"yoast-schema-graph\">{\"@context\":\"https:\/\/schema.org\",\"@graph\":[{\"@type\":\"WebPage\",\"@id\":\"https:\/\/www.food4animals.nl\/product\/gooeez-mock-neck-signature-jacket-m-black-black\/\",\"url\":\"https:\/\/www.food4animals.nl\/product\/gooeez-mock-neck-signature-jacket-m-black-black\/\",\"name\":\"Gooeez Mock Neck Signature Jacket M Black\/Black - Food4animals\",\"isPartOf\":{\"@id\":\"https:\/\/www.food4animals.nl\/en\/#website\"},\"primaryImageOfPage\":{\"@id\":\"https:\/\/www.food4animals.nl\/product\/gooeez-mock-neck-signature-jacket-m-black-black\/#primaryimage\"},\"image\":{\"@id\":\"https:\/\/www.food4animals.nl\/product\/gooeez-mock-neck-signature-jacket-m-black-black\/#primaryimage\"},\"thumbnailUrl\":\"https:\/\/www.food4animals.nl\/wp-content\/uploads\/2024\/02\/283361.png\",\"datePublished\":\"2024-02-09T14:45:20+00:00\",\"dateModified\":\"2026-04-11T00:18:36+00:00\",\"breadcrumb\":{\"@id\":\"https:\/\/www.food4animals.nl\/product\/gooeez-mock-neck-signature-jacket-m-black-black\/#breadcrumb\"},\"inLanguage\":\"de\",\"potentialAction\":[{\"@type\":\"ReadAction\",\"target\":[\"https:\/\/www.food4animals.nl\/product\/gooeez-mock-neck-signature-jacket-m-black-black\/\"]}]},{\"@type\":\"ImageObject\",\"inLanguage\":\"de\",\"@id\":\"https:\/\/www.food4animals.nl\/product\/gooeez-mock-neck-signature-jacket-m-black-black\/#primaryimage\",\"url\":\"https:\/\/www.food4animals.nl\/wp-content\/uploads\/2024\/02\/283361.png\",\"contentUrl\":\"https:\/\/www.food4animals.nl\/wp-content\/uploads\/2024\/02\/283361.png\",\"width\":1024,\"height\":1024},{\"@type\":\"BreadcrumbList\",\"@id\":\"https:\/\/www.food4animals.nl\/product\/gooeez-mock-neck-signature-jacket-m-black-black\/#breadcrumb\",\"itemListElement\":[{\"@type\":\"ListItem\",\"position\":1,\"name\":\"Home\",\"item\":\"https:\/\/www.food4animals.nl\/\"},{\"@type\":\"ListItem\",\"position\":2,\"name\":\"Winkel\",\"item\":\"https:\/\/www.food4animals.nl\/winkel\/\"},{\"@type\":\"ListItem\",\"position\":3,\"name\":\"Gooeez Mock Neck Signature Jacket M Black\/Black\"}]},{\"@type\":\"WebSite\",\"@id\":\"https:\/\/www.food4animals.nl\/en\/#website\",\"url\":\"https:\/\/www.food4animals.nl\/en\/\",\"name\":\"Food4animals\",\"description\":\"Alles voor Ruiter en Dier\",\"publisher\":{\"@id\":\"https:\/\/www.food4animals.nl\/en\/#organization\"},\"potentialAction\":[{\"@type\":\"SearchAction\",\"target\":{\"@type\":\"EntryPoint\",\"urlTemplate\":\"https:\/\/www.food4animals.nl\/en\/?s={search_term_string}\"},\"query-input\":{\"@type\":\"PropertyValueSpecification\",\"valueRequired\":true,\"valueName\":\"search_term_string\"}}],\"inLanguage\":\"de\"},{\"@type\":\"Organization\",\"@id\":\"https:\/\/www.food4animals.nl\/en\/#organization\",\"name\":\"Food4animals\",\"url\":\"https:\/\/www.food4animals.nl\/en\/\",\"logo\":{\"@type\":\"ImageObject\",\"inLanguage\":\"de\",\"@id\":\"https:\/\/www.food4animals.nl\/en\/#\/schema\/logo\/image\/\",\"url\":\"https:\/\/www.food4animals.nl\/wp-content\/uploads\/2023\/10\/Logo.svg\",\"contentUrl\":\"https:\/\/www.food4animals.nl\/wp-content\/uploads\/2023\/10\/Logo.svg\",\"width\":1,\"height\":1,\"caption\":\"Food4animals\"},\"image\":{\"@id\":\"https:\/\/www.food4animals.nl\/en\/#\/schema\/logo\/image\/\"},\"sameAs\":[\"https:\/\/www.facebook.com\/p\/Food4animals-100063861676074\/\",\"https:\/\/x.com\/food4animals\"]}]}<\/script>\n<!-- \/ Yoast SEO plugin. -->","yoast_head_json":{"title":"Gooeez Mock Neck Signature Jacket M Black\/Black - Food4animals","robots":{"index":"index","follow":"follow","max-snippet":"max-snippet:-1","max-image-preview":"max-image-preview:large","max-video-preview":"max-video-preview:-1"},"canonical":"https:\/\/www.food4animals.nl\/de\/produkt\/gooeez-mock-neck-signature-jacket-m-black-black\/","og_locale":"de_DE","og_type":"article","og_title":"Gooeez Mock Neck Signature Jacket M Black\/Black - Food4animals","og_description":"Heerlijk warme hondenjas met een voering van pluche.","og_url":"https:\/\/www.food4animals.nl\/de\/produkt\/gooeez-mock-neck-signature-jacket-m-black-black\/","og_site_name":"Food4animals","article_publisher":"https:\/\/www.facebook.com\/p\/Food4animals-100063861676074\/","article_modified_time":"2026-04-11T00:18:36+00:00","og_image":[{"width":1024,"height":1024,"url":"https:\/\/www.food4animals.nl\/wp-content\/uploads\/2024\/02\/283361.png","type":"image\/png"}],"twitter_card":"summary_large_image","twitter_site":"@food4animals","twitter_misc":{"Gesch\u00e4tzte Lesezeit":"1\u00a0Minute"},"schema":{"@context":"https:\/\/schema.org","@graph":[{"@type":"WebPage","@id":"https:\/\/www.food4animals.nl\/product\/gooeez-mock-neck-signature-jacket-m-black-black\/","url":"https:\/\/www.food4animals.nl\/product\/gooeez-mock-neck-signature-jacket-m-black-black\/","name":"Gooeez Mock Neck Signature Jacket M Black\/Black - Food4animals","isPartOf":{"@id":"https:\/\/www.food4animals.nl\/en\/#website"},"primaryImageOfPage":{"@id":"https:\/\/www.food4animals.nl\/product\/gooeez-mock-neck-signature-jacket-m-black-black\/#primaryimage"},"image":{"@id":"https:\/\/www.food4animals.nl\/product\/gooeez-mock-neck-signature-jacket-m-black-black\/#primaryimage"},"thumbnailUrl":"https:\/\/www.food4animals.nl\/wp-content\/uploads\/2024\/02\/283361.png","datePublished":"2024-02-09T14:45:20+00:00","dateModified":"2026-04-11T00:18:36+00:00","breadcrumb":{"@id":"https:\/\/www.food4animals.nl\/product\/gooeez-mock-neck-signature-jacket-m-black-black\/#breadcrumb"},"inLanguage":"de","potentialAction":[{"@type":"ReadAction","target":["https:\/\/www.food4animals.nl\/product\/gooeez-mock-neck-signature-jacket-m-black-black\/"]}]},{"@type":"ImageObject","inLanguage":"de","@id":"https:\/\/www.food4animals.nl\/product\/gooeez-mock-neck-signature-jacket-m-black-black\/#primaryimage","url":"https:\/\/www.food4animals.nl\/wp-content\/uploads\/2024\/02\/283361.png","contentUrl":"https:\/\/www.food4animals.nl\/wp-content\/uploads\/2024\/02\/283361.png","width":1024,"height":1024},{"@type":"BreadcrumbList","@id":"https:\/\/www.food4animals.nl\/product\/gooeez-mock-neck-signature-jacket-m-black-black\/#breadcrumb","itemListElement":[{"@type":"ListItem","position":1,"name":"Home","item":"https:\/\/www.food4animals.nl\/"},{"@type":"ListItem","position":2,"name":"Winkel","item":"https:\/\/www.food4animals.nl\/winkel\/"},{"@type":"ListItem","position":3,"name":"Gooeez Mock Neck Signature Jacket M Black\/Black"}]},{"@type":"WebSite","@id":"https:\/\/www.food4animals.nl\/en\/#website","url":"https:\/\/www.food4animals.nl\/en\/","name":"Lebensmittel4Tiere","description":"Alles f\u00fcr Reiter und Tier","publisher":{"@id":"https:\/\/www.food4animals.nl\/en\/#organization"},"potentialAction":[{"@type":"SearchAction","target":{"@type":"EntryPoint","urlTemplate":"https:\/\/www.food4animals.nl\/en\/?s={search_term_string}"},"query-input":{"@type":"PropertyValueSpecification","valueRequired":true,"valueName":"search_term_string"}}],"inLanguage":"de"},{"@type":"Organization","@id":"https:\/\/www.food4animals.nl\/en\/#organization","name":"Lebensmittel4Tiere","url":"https:\/\/www.food4animals.nl\/en\/","logo":{"@type":"ImageObject","inLanguage":"de","@id":"https:\/\/www.food4animals.nl\/en\/#\/schema\/logo\/image\/","url":"https:\/\/www.food4animals.nl\/wp-content\/uploads\/2023\/10\/Logo.svg","contentUrl":"https:\/\/www.food4animals.nl\/wp-content\/uploads\/2023\/10\/Logo.svg","width":1,"height":1,"caption":"Food4animals"},"image":{"@id":"https:\/\/www.food4animals.nl\/en\/#\/schema\/logo\/image\/"},"sameAs":["https:\/\/www.facebook.com\/p\/Food4animals-100063861676074\/","https:\/\/x.com\/food4animals"]}]}},"_links":{"self":[{"href":"https:\/\/www.food4animals.nl\/de\/wp-json\/wp\/v2\/product\/21093","targetHints":{"allow":["GET"]}}],"collection":[{"href":"https:\/\/www.food4animals.nl\/de\/wp-json\/wp\/v2\/product"}],"about":[{"href":"https:\/\/www.food4animals.nl\/de\/wp-json\/wp\/v2\/types\/product"}],"wp:featuredmedia":[{"embeddable":true,"href":"https:\/\/www.food4animals.nl\/de\/wp-json\/wp\/v2\/media\/21094"}],"wp:attachment":[{"href":"https:\/\/www.food4animals.nl\/de\/wp-json\/wp\/v2\/media?parent=21093"}],"wp:term":[{"taxonomy":"product_brand","embeddable":true,"href":"https:\/\/www.food4animals.nl\/de\/wp-json\/wp\/v2\/product_brand?post=21093"},{"taxonomy":"product_cat","embeddable":true,"href":"https:\/\/www.food4animals.nl\/de\/wp-json\/wp\/v2\/product_cat?post=21093"},{"taxonomy":"product_tag","embeddable":true,"href":"https:\/\/www.food4animals.nl\/de\/wp-json\/wp\/v2\/product_tag?post=21093"}],"curies":[{"name":"wp","href":"https:\/\/api.w.org\/{rel}","templated":true}]}}