{"id":21270,"date":"2024-02-09T15:54:33","date_gmt":"2024-02-09T14:54:33","guid":{"rendered":"https:\/\/food4animals.nl\/product\/mesto-cleaner-15-l\/"},"modified":"2026-04-06T01:26:44","modified_gmt":"2026-04-06T00:26:44","slug":"mesto-cleaner-15-l","status":"publish","type":"product","link":"https:\/\/www.food4animals.nl\/de\/produkt\/mesto-cleaner-15-l\/","title":{"rendered":"Mesto-Reiniger 1,5 l"},"content":{"rendered":"<p><strong>Mesto-Reiniger\u00a0<br \/><\/strong>Handspr\u00fchger\u00e4t mit Skala auf dem Beh\u00e4lter. Kann f\u00fcr viele Anwendungen eingesetzt werden. Die Pumpe ist mit einem speziellen Mantelrohr ausgestattet, damit das Ventil nicht mit der Fl\u00fcssigkeit in Ber\u00fchrung kommt und somit optimal vor Chemikalien gesch\u00fctzt ist.<br \/>\u00a0<br \/><strong>Ergonomischer Griff f\u00fcr eine einfache Handhabung w\u00e4hrend der Arbeit.<\/strong><br \/>\u00a0<br \/><strong>Siegel<\/strong><br \/>FPM (Viton\u00ae)<br \/>\u00a0<br \/><strong>Inhalt<\/strong><br \/>1,5 Liter<br \/>\u00a0<br \/><strong>Arbeitsbelastung<\/strong><br \/>3 bar<br \/>\u00a0<br \/><strong>Anmeldung<\/strong><br \/>pH 1 - 9*<br \/>\u00a0<br \/>*) Konsultieren Sie immer die Gebrauchsanweisung des Spr\u00fchger\u00e4ts und die Produktinformationen des Produkts, das Sie verarbeiten wollen.<\/p>\n<p><span style=\"color: #ffffff;\">mickriger Rabatt<\/span><\/p>","protected":false},"excerpt":{"rendered":"<p>Handspr\u00fchger\u00e4t mit Skala auf dem Beh\u00e4lter. Kann f\u00fcr viele Anwendungen eingesetzt werden. Die Pumpe ist mit einem speziellen Mantelrohr ausgestattet, damit das Ventil nicht mit der Fl\u00fcssigkeit in Ber\u00fchrung kommt und somit optimal vor Chemikalien gesch\u00fctzt ist. Ergonomischer Griff f\u00fcr eine bequeme Handhabung Dichtungen: FPM (Viton\u00ae)Fassungsverm\u00f6gen: 1,5 LiterBetriebsdruck: 3 barAnwendung: pH 1 - 9<\/p>","protected":false},"featured_media":21271,"template":"","meta":{"_acf_changed":false},"product_brand":[],"product_cat":[1412,1247],"product_tag":[3644,2749,2156,2746,2750,1211],"class_list":{"0":"post-21270","1":"product","2":"type-product","3":"status-publish","4":"has-post-thumbnail","6":"product_cat-ontsmetting-en-reiniging","7":"product_cat-stal-en-erf","8":"product_tag-complete-sprayers","9":"product_tag-drukspuiten","10":"product_tag-lage-drukspuit","11":"product_tag-mesto","12":"product_tag-mesto-sprayer","13":"product_tag-spuitapparatuur-accessoires","14":"tax_brand-mesto","16":"first","17":"instock","18":"taxable","19":"shipping-taxable","20":"purchasable","21":"product-type-simple"},"acf":[],"yoast_head":"<!-- This site is optimized with the Yoast SEO plugin v27.2 - https:\/\/yoast.com\/product\/yoast-seo-wordpress\/ -->\n<title>Mesto Cleaner 1,5 l - Food4animals<\/title>\n<meta name=\"robots\" content=\"index, follow, max-snippet:-1, max-image-preview:large, max-video-preview:-1\" \/>\n<link rel=\"canonical\" href=\"https:\/\/www.food4animals.nl\/de\/produkt\/mesto-cleaner-15-l\/\" \/>\n<meta property=\"og:locale\" content=\"de_DE\" \/>\n<meta property=\"og:type\" content=\"article\" \/>\n<meta property=\"og:title\" content=\"Mesto Cleaner 1,5 l - Food4animals\" \/>\n<meta property=\"og:description\" content=\"Handdrukspuit met schaalverdeling op het reservoir. Inzetbaar voor heel veel toepassingen. De pomp is voorzien van een speciale mantelbuis zodat het ventiel niet in contact komt met de vloeistof en is hierdoor optimaal beschermd tegen chemicali\u00ebn.\u00a0Ergonomische handgreep voor gebruikscomfort tijdens gebruik.Dichtingen: FPM (Viton\u00ae)Inhoud: 1,5 literWerkdruk: 3 barToepassing: pH 1 \u2013 9\" \/>\n<meta property=\"og:url\" content=\"https:\/\/www.food4animals.nl\/de\/produkt\/mesto-cleaner-15-l\/\" \/>\n<meta property=\"og:site_name\" content=\"Food4animals\" \/>\n<meta property=\"article:publisher\" content=\"https:\/\/www.facebook.com\/p\/Food4animals-100063861676074\/\" \/>\n<meta property=\"article:modified_time\" content=\"2026-04-06T00:26:44+00:00\" \/>\n<meta property=\"og:image\" content=\"https:\/\/www.food4animals.nl\/wp-content\/uploads\/2024\/02\/90534.png\" \/>\n\t<meta property=\"og:image:width\" content=\"980\" \/>\n\t<meta property=\"og:image:height\" content=\"980\" \/>\n\t<meta property=\"og:image:type\" content=\"image\/png\" \/>\n<meta name=\"twitter:card\" content=\"summary_large_image\" \/>\n<meta name=\"twitter:site\" content=\"@food4animals\" \/>\n<script type=\"application\/ld+json\" class=\"yoast-schema-graph\">{\"@context\":\"https:\/\/schema.org\",\"@graph\":[{\"@type\":\"WebPage\",\"@id\":\"https:\/\/www.food4animals.nl\/product\/mesto-cleaner-15-l\/\",\"url\":\"https:\/\/www.food4animals.nl\/product\/mesto-cleaner-15-l\/\",\"name\":\"Mesto Cleaner 1,5 l - Food4animals\",\"isPartOf\":{\"@id\":\"https:\/\/www.food4animals.nl\/en\/#website\"},\"primaryImageOfPage\":{\"@id\":\"https:\/\/www.food4animals.nl\/product\/mesto-cleaner-15-l\/#primaryimage\"},\"image\":{\"@id\":\"https:\/\/www.food4animals.nl\/product\/mesto-cleaner-15-l\/#primaryimage\"},\"thumbnailUrl\":\"https:\/\/www.food4animals.nl\/wp-content\/uploads\/2024\/02\/90534.png\",\"datePublished\":\"2024-02-09T14:54:33+00:00\",\"dateModified\":\"2026-04-06T00:26:44+00:00\",\"breadcrumb\":{\"@id\":\"https:\/\/www.food4animals.nl\/product\/mesto-cleaner-15-l\/#breadcrumb\"},\"inLanguage\":\"de\",\"potentialAction\":[{\"@type\":\"ReadAction\",\"target\":[\"https:\/\/www.food4animals.nl\/product\/mesto-cleaner-15-l\/\"]}]},{\"@type\":\"ImageObject\",\"inLanguage\":\"de\",\"@id\":\"https:\/\/www.food4animals.nl\/product\/mesto-cleaner-15-l\/#primaryimage\",\"url\":\"https:\/\/www.food4animals.nl\/wp-content\/uploads\/2024\/02\/90534.png\",\"contentUrl\":\"https:\/\/www.food4animals.nl\/wp-content\/uploads\/2024\/02\/90534.png\",\"width\":980,\"height\":980},{\"@type\":\"BreadcrumbList\",\"@id\":\"https:\/\/www.food4animals.nl\/product\/mesto-cleaner-15-l\/#breadcrumb\",\"itemListElement\":[{\"@type\":\"ListItem\",\"position\":1,\"name\":\"Home\",\"item\":\"https:\/\/www.food4animals.nl\/\"},{\"@type\":\"ListItem\",\"position\":2,\"name\":\"Winkel\",\"item\":\"https:\/\/www.food4animals.nl\/winkel\/\"},{\"@type\":\"ListItem\",\"position\":3,\"name\":\"Mesto Cleaner 1,5 l\"}]},{\"@type\":\"WebSite\",\"@id\":\"https:\/\/www.food4animals.nl\/en\/#website\",\"url\":\"https:\/\/www.food4animals.nl\/en\/\",\"name\":\"Food4animals\",\"description\":\"Alles voor Ruiter en Dier\",\"publisher\":{\"@id\":\"https:\/\/www.food4animals.nl\/en\/#organization\"},\"potentialAction\":[{\"@type\":\"SearchAction\",\"target\":{\"@type\":\"EntryPoint\",\"urlTemplate\":\"https:\/\/www.food4animals.nl\/en\/?s={search_term_string}\"},\"query-input\":{\"@type\":\"PropertyValueSpecification\",\"valueRequired\":true,\"valueName\":\"search_term_string\"}}],\"inLanguage\":\"de\"},{\"@type\":\"Organization\",\"@id\":\"https:\/\/www.food4animals.nl\/en\/#organization\",\"name\":\"Food4animals\",\"url\":\"https:\/\/www.food4animals.nl\/en\/\",\"logo\":{\"@type\":\"ImageObject\",\"inLanguage\":\"de\",\"@id\":\"https:\/\/www.food4animals.nl\/en\/#\/schema\/logo\/image\/\",\"url\":\"https:\/\/www.food4animals.nl\/wp-content\/uploads\/2023\/10\/Logo.svg\",\"contentUrl\":\"https:\/\/www.food4animals.nl\/wp-content\/uploads\/2023\/10\/Logo.svg\",\"width\":1,\"height\":1,\"caption\":\"Food4animals\"},\"image\":{\"@id\":\"https:\/\/www.food4animals.nl\/en\/#\/schema\/logo\/image\/\"},\"sameAs\":[\"https:\/\/www.facebook.com\/p\/Food4animals-100063861676074\/\",\"https:\/\/x.com\/food4animals\"]}]}<\/script>\n<!-- \/ Yoast SEO plugin. -->","yoast_head_json":{"title":"Mesto Cleaner 1,5 l - Food4animals","robots":{"index":"index","follow":"follow","max-snippet":"max-snippet:-1","max-image-preview":"max-image-preview:large","max-video-preview":"max-video-preview:-1"},"canonical":"https:\/\/www.food4animals.nl\/de\/produkt\/mesto-cleaner-15-l\/","og_locale":"de_DE","og_type":"article","og_title":"Mesto Cleaner 1,5 l - Food4animals","og_description":"Handdrukspuit met schaalverdeling op het reservoir. Inzetbaar voor heel veel toepassingen. De pomp is voorzien van een speciale mantelbuis zodat het ventiel niet in contact komt met de vloeistof en is hierdoor optimaal beschermd tegen chemicali\u00ebn.\u00a0Ergonomische handgreep voor gebruikscomfort tijdens gebruik.Dichtingen: FPM (Viton\u00ae)Inhoud: 1,5 literWerkdruk: 3 barToepassing: pH 1 \u2013 9","og_url":"https:\/\/www.food4animals.nl\/de\/produkt\/mesto-cleaner-15-l\/","og_site_name":"Food4animals","article_publisher":"https:\/\/www.facebook.com\/p\/Food4animals-100063861676074\/","article_modified_time":"2026-04-06T00:26:44+00:00","og_image":[{"width":980,"height":980,"url":"https:\/\/www.food4animals.nl\/wp-content\/uploads\/2024\/02\/90534.png","type":"image\/png"}],"twitter_card":"summary_large_image","twitter_site":"@food4animals","schema":{"@context":"https:\/\/schema.org","@graph":[{"@type":"WebPage","@id":"https:\/\/www.food4animals.nl\/product\/mesto-cleaner-15-l\/","url":"https:\/\/www.food4animals.nl\/product\/mesto-cleaner-15-l\/","name":"Mesto Cleaner 1,5 l - Food4animals","isPartOf":{"@id":"https:\/\/www.food4animals.nl\/en\/#website"},"primaryImageOfPage":{"@id":"https:\/\/www.food4animals.nl\/product\/mesto-cleaner-15-l\/#primaryimage"},"image":{"@id":"https:\/\/www.food4animals.nl\/product\/mesto-cleaner-15-l\/#primaryimage"},"thumbnailUrl":"https:\/\/www.food4animals.nl\/wp-content\/uploads\/2024\/02\/90534.png","datePublished":"2024-02-09T14:54:33+00:00","dateModified":"2026-04-06T00:26:44+00:00","breadcrumb":{"@id":"https:\/\/www.food4animals.nl\/product\/mesto-cleaner-15-l\/#breadcrumb"},"inLanguage":"de","potentialAction":[{"@type":"ReadAction","target":["https:\/\/www.food4animals.nl\/product\/mesto-cleaner-15-l\/"]}]},{"@type":"ImageObject","inLanguage":"de","@id":"https:\/\/www.food4animals.nl\/product\/mesto-cleaner-15-l\/#primaryimage","url":"https:\/\/www.food4animals.nl\/wp-content\/uploads\/2024\/02\/90534.png","contentUrl":"https:\/\/www.food4animals.nl\/wp-content\/uploads\/2024\/02\/90534.png","width":980,"height":980},{"@type":"BreadcrumbList","@id":"https:\/\/www.food4animals.nl\/product\/mesto-cleaner-15-l\/#breadcrumb","itemListElement":[{"@type":"ListItem","position":1,"name":"Home","item":"https:\/\/www.food4animals.nl\/"},{"@type":"ListItem","position":2,"name":"Winkel","item":"https:\/\/www.food4animals.nl\/winkel\/"},{"@type":"ListItem","position":3,"name":"Mesto Cleaner 1,5 l"}]},{"@type":"WebSite","@id":"https:\/\/www.food4animals.nl\/en\/#website","url":"https:\/\/www.food4animals.nl\/en\/","name":"Lebensmittel4Tiere","description":"Alles f\u00fcr Reiter und Tier","publisher":{"@id":"https:\/\/www.food4animals.nl\/en\/#organization"},"potentialAction":[{"@type":"SearchAction","target":{"@type":"EntryPoint","urlTemplate":"https:\/\/www.food4animals.nl\/en\/?s={search_term_string}"},"query-input":{"@type":"PropertyValueSpecification","valueRequired":true,"valueName":"search_term_string"}}],"inLanguage":"de"},{"@type":"Organization","@id":"https:\/\/www.food4animals.nl\/en\/#organization","name":"Lebensmittel4Tiere","url":"https:\/\/www.food4animals.nl\/en\/","logo":{"@type":"ImageObject","inLanguage":"de","@id":"https:\/\/www.food4animals.nl\/en\/#\/schema\/logo\/image\/","url":"https:\/\/www.food4animals.nl\/wp-content\/uploads\/2023\/10\/Logo.svg","contentUrl":"https:\/\/www.food4animals.nl\/wp-content\/uploads\/2023\/10\/Logo.svg","width":1,"height":1,"caption":"Food4animals"},"image":{"@id":"https:\/\/www.food4animals.nl\/en\/#\/schema\/logo\/image\/"},"sameAs":["https:\/\/www.facebook.com\/p\/Food4animals-100063861676074\/","https:\/\/x.com\/food4animals"]}]}},"_links":{"self":[{"href":"https:\/\/www.food4animals.nl\/de\/wp-json\/wp\/v2\/product\/21270","targetHints":{"allow":["GET"]}}],"collection":[{"href":"https:\/\/www.food4animals.nl\/de\/wp-json\/wp\/v2\/product"}],"about":[{"href":"https:\/\/www.food4animals.nl\/de\/wp-json\/wp\/v2\/types\/product"}],"wp:featuredmedia":[{"embeddable":true,"href":"https:\/\/www.food4animals.nl\/de\/wp-json\/wp\/v2\/media\/21271"}],"wp:attachment":[{"href":"https:\/\/www.food4animals.nl\/de\/wp-json\/wp\/v2\/media?parent=21270"}],"wp:term":[{"taxonomy":"product_brand","embeddable":true,"href":"https:\/\/www.food4animals.nl\/de\/wp-json\/wp\/v2\/product_brand?post=21270"},{"taxonomy":"product_cat","embeddable":true,"href":"https:\/\/www.food4animals.nl\/de\/wp-json\/wp\/v2\/product_cat?post=21270"},{"taxonomy":"product_tag","embeddable":true,"href":"https:\/\/www.food4animals.nl\/de\/wp-json\/wp\/v2\/product_tag?post=21270"}],"curies":[{"name":"wp","href":"https:\/\/api.w.org\/{rel}","templated":true}]}}