{"id":21385,"date":"2024-02-09T16:07:59","date_gmt":"2024-02-09T15:07:59","guid":{"rendered":"https:\/\/food4animals.nl\/product\/oplosbare-waszak-25-st-voor-koud-water\/"},"modified":"2026-04-20T01:44:33","modified_gmt":"2026-04-20T00:44:33","slug":"oplosbare-waszak-25-st-voor-koud-water","status":"publish","type":"product","link":"https:\/\/www.food4animals.nl\/de\/produkt\/oplosbare-waszak-25-st-voor-koud-water\/","title":{"rendered":"L\u00f6slicher W\u00e4schebeutel (25 St\u00fcck) f\u00fcr kaltes Wasser"},"content":{"rendered":"<h2><span style=\"font-size: 10pt;\">L\u00f6slicher W\u00e4schebeutel (25 St\u00fcck) f\u00fcr kaltes Wasser<\/span><\/h2>\n<p><span style=\"font-size: 10pt;\">Deze zak is te gebruiken bij meerdere soorten van vervuiling of besmetting van textiel (insecten, smeer, bloed).<\/span><\/p>\n<p><span style=\"font-size: 10pt;\">Uitermate geschikt bij een besmetting door bedwantsen of vlooien. Het vervuilde textiel, zoals beddengoed, kleding, kussen hondenmand enz., in de zak stoppen en direct naar de wasmachine brengen. Hiermee wordt versleping van de insecten door de gehele ruimte voorkomen.<\/span><\/p>\n<p><span style=\"font-size: 10pt;\">De zak lost op bij 25\u00b0C en is dan biologisch afbreekbaar. Voorzien van sluitkoord.<\/span><\/p>\n<ul>\n<li><span style=\"font-size: 10pt;\">Wateroplosbaar<\/span><\/li>\n<li><span style=\"font-size: 10pt;\">Biologisch abbaubar<\/span><\/li>\n<li><span style=\"font-size: 10pt;\">Afsluitbaar<\/span><\/li>\n<\/ul>\n<p><span style=\"font-size: 10pt;\"><strong>Format<br \/><\/strong><\/span><span style=\"font-size: 10pt;\">660 x 840 mm<\/span><\/p>\n<p><span style=\"font-size: 10pt;\"><strong>Dicke<br \/><\/strong><\/span><span style=\"font-size: 10pt;\">25 micron<\/span><\/p>\n<p><span style=\"font-size: 10pt;\"><strong>Inhalt<br \/><\/strong><\/span><span style=\"font-size: 10pt;\">Rol \u00e0 25 zakken<br \/>60 liter = 3,5 &#8211; 5 kg<\/p>\n<p><\/span><\/p>","protected":false},"excerpt":{"rendered":"<p>Oplosbare waszakken voor de bestrijding van vlooien of bedwantsen<\/p>","protected":false},"featured_media":21386,"template":"","meta":{"_acf_changed":false},"product_brand":[],"product_cat":[1412,1247],"product_tag":[1263,1265,1158,1156],"class_list":{"0":"post-21385","1":"product","2":"type-product","3":"status-publish","4":"has-post-thumbnail","6":"product_cat-ontsmetting-en-reiniging","7":"product_cat-stal-en-erf","8":"product_tag-bedwants","9":"product_tag-hpc","10":"product_tag-vlo","11":"product_tag-vlooien","12":"tax_brand-hpc","14":"first","15":"instock","16":"taxable","17":"shipping-taxable","18":"purchasable","19":"product-type-simple"},"acf":[],"yoast_head":"<!-- This site is optimized with the Yoast SEO plugin v27.4 - https:\/\/yoast.com\/product\/yoast-seo-wordpress\/ -->\n<title>Oplosbare waszak (25 st.) voor koud water - Food4animals<\/title>\n<meta name=\"robots\" content=\"index, follow, max-snippet:-1, max-image-preview:large, max-video-preview:-1\" \/>\n<link rel=\"canonical\" href=\"https:\/\/www.food4animals.nl\/de\/produkt\/oplosbare-waszak-25-st-voor-koud-water\/\" \/>\n<meta property=\"og:locale\" content=\"de_DE\" \/>\n<meta property=\"og:type\" content=\"article\" \/>\n<meta property=\"og:title\" content=\"Oplosbare waszak (25 st.) voor koud water - Food4animals\" \/>\n<meta property=\"og:description\" content=\"Oplosbare waszakken voor de bestrijding van vlooien of bedwantsen\" \/>\n<meta property=\"og:url\" content=\"https:\/\/www.food4animals.nl\/de\/produkt\/oplosbare-waszak-25-st-voor-koud-water\/\" \/>\n<meta property=\"og:site_name\" content=\"Food4animals\" \/>\n<meta property=\"article:publisher\" content=\"https:\/\/www.facebook.com\/p\/Food4animals-100063861676074\/\" \/>\n<meta property=\"article:modified_time\" content=\"2026-04-20T00:44:33+00:00\" \/>\n<meta property=\"og:image\" content=\"https:\/\/www.food4animals.nl\/wp-content\/uploads\/2024\/02\/275750.png\" \/>\n\t<meta property=\"og:image:width\" content=\"980\" \/>\n\t<meta property=\"og:image:height\" content=\"980\" \/>\n\t<meta property=\"og:image:type\" content=\"image\/png\" \/>\n<meta name=\"twitter:card\" content=\"summary_large_image\" \/>\n<meta name=\"twitter:site\" content=\"@food4animals\" \/>\n<script type=\"application\/ld+json\" class=\"yoast-schema-graph\">{\"@context\":\"https:\\\/\\\/schema.org\",\"@graph\":[{\"@type\":\"WebPage\",\"@id\":\"https:\\\/\\\/www.food4animals.nl\\\/product\\\/oplosbare-waszak-25-st-voor-koud-water\\\/\",\"url\":\"https:\\\/\\\/www.food4animals.nl\\\/product\\\/oplosbare-waszak-25-st-voor-koud-water\\\/\",\"name\":\"Oplosbare waszak (25 st.) voor koud water - Food4animals\",\"isPartOf\":{\"@id\":\"https:\\\/\\\/www.food4animals.nl\\\/en\\\/#website\"},\"primaryImageOfPage\":{\"@id\":\"https:\\\/\\\/www.food4animals.nl\\\/product\\\/oplosbare-waszak-25-st-voor-koud-water\\\/#primaryimage\"},\"image\":{\"@id\":\"https:\\\/\\\/www.food4animals.nl\\\/product\\\/oplosbare-waszak-25-st-voor-koud-water\\\/#primaryimage\"},\"thumbnailUrl\":\"https:\\\/\\\/www.food4animals.nl\\\/wp-content\\\/uploads\\\/2024\\\/02\\\/275750.png\",\"datePublished\":\"2024-02-09T15:07:59+00:00\",\"dateModified\":\"2026-04-20T00:44:33+00:00\",\"breadcrumb\":{\"@id\":\"https:\\\/\\\/www.food4animals.nl\\\/product\\\/oplosbare-waszak-25-st-voor-koud-water\\\/#breadcrumb\"},\"inLanguage\":\"de\",\"potentialAction\":[{\"@type\":\"ReadAction\",\"target\":[\"https:\\\/\\\/www.food4animals.nl\\\/product\\\/oplosbare-waszak-25-st-voor-koud-water\\\/\"]}]},{\"@type\":\"ImageObject\",\"inLanguage\":\"de\",\"@id\":\"https:\\\/\\\/www.food4animals.nl\\\/product\\\/oplosbare-waszak-25-st-voor-koud-water\\\/#primaryimage\",\"url\":\"https:\\\/\\\/www.food4animals.nl\\\/wp-content\\\/uploads\\\/2024\\\/02\\\/275750.png\",\"contentUrl\":\"https:\\\/\\\/www.food4animals.nl\\\/wp-content\\\/uploads\\\/2024\\\/02\\\/275750.png\",\"width\":980,\"height\":980},{\"@type\":\"BreadcrumbList\",\"@id\":\"https:\\\/\\\/www.food4animals.nl\\\/product\\\/oplosbare-waszak-25-st-voor-koud-water\\\/#breadcrumb\",\"itemListElement\":[{\"@type\":\"ListItem\",\"position\":1,\"name\":\"Home\",\"item\":\"https:\\\/\\\/www.food4animals.nl\\\/\"},{\"@type\":\"ListItem\",\"position\":2,\"name\":\"Winkel\",\"item\":\"https:\\\/\\\/www.food4animals.nl\\\/winkel\\\/\"},{\"@type\":\"ListItem\",\"position\":3,\"name\":\"Oplosbare waszak (25 st.) voor koud water\"}]},{\"@type\":\"WebSite\",\"@id\":\"https:\\\/\\\/www.food4animals.nl\\\/en\\\/#website\",\"url\":\"https:\\\/\\\/www.food4animals.nl\\\/en\\\/\",\"name\":\"Food4animals\",\"description\":\"Alles voor Ruiter en Dier\",\"publisher\":{\"@id\":\"https:\\\/\\\/www.food4animals.nl\\\/en\\\/#organization\"},\"potentialAction\":[{\"@type\":\"SearchAction\",\"target\":{\"@type\":\"EntryPoint\",\"urlTemplate\":\"https:\\\/\\\/www.food4animals.nl\\\/en\\\/?s={search_term_string}\"},\"query-input\":{\"@type\":\"PropertyValueSpecification\",\"valueRequired\":true,\"valueName\":\"search_term_string\"}}],\"inLanguage\":\"de\"},{\"@type\":\"Organization\",\"@id\":\"https:\\\/\\\/www.food4animals.nl\\\/en\\\/#organization\",\"name\":\"Food4animals\",\"url\":\"https:\\\/\\\/www.food4animals.nl\\\/en\\\/\",\"logo\":{\"@type\":\"ImageObject\",\"inLanguage\":\"de\",\"@id\":\"https:\\\/\\\/www.food4animals.nl\\\/en\\\/#\\\/schema\\\/logo\\\/image\\\/\",\"url\":\"https:\\\/\\\/www.food4animals.nl\\\/wp-content\\\/uploads\\\/2023\\\/10\\\/Logo.svg\",\"contentUrl\":\"https:\\\/\\\/www.food4animals.nl\\\/wp-content\\\/uploads\\\/2023\\\/10\\\/Logo.svg\",\"width\":1,\"height\":1,\"caption\":\"Food4animals\"},\"image\":{\"@id\":\"https:\\\/\\\/www.food4animals.nl\\\/en\\\/#\\\/schema\\\/logo\\\/image\\\/\"},\"sameAs\":[\"https:\\\/\\\/www.facebook.com\\\/p\\\/Food4animals-100063861676074\\\/\",\"https:\\\/\\\/x.com\\\/food4animals\"]}]}<\/script>\n<!-- \/ Yoast SEO plugin. -->","yoast_head_json":{"title":"Oplosbare waszak (25 st.) voor koud water - Food4animals","robots":{"index":"index","follow":"follow","max-snippet":"max-snippet:-1","max-image-preview":"max-image-preview:large","max-video-preview":"max-video-preview:-1"},"canonical":"https:\/\/www.food4animals.nl\/de\/produkt\/oplosbare-waszak-25-st-voor-koud-water\/","og_locale":"de_DE","og_type":"article","og_title":"Oplosbare waszak (25 st.) voor koud water - Food4animals","og_description":"Oplosbare waszakken voor de bestrijding van vlooien of bedwantsen","og_url":"https:\/\/www.food4animals.nl\/de\/produkt\/oplosbare-waszak-25-st-voor-koud-water\/","og_site_name":"Food4animals","article_publisher":"https:\/\/www.facebook.com\/p\/Food4animals-100063861676074\/","article_modified_time":"2026-04-20T00:44:33+00:00","og_image":[{"width":980,"height":980,"url":"https:\/\/www.food4animals.nl\/wp-content\/uploads\/2024\/02\/275750.png","type":"image\/png"}],"twitter_card":"summary_large_image","twitter_site":"@food4animals","schema":{"@context":"https:\/\/schema.org","@graph":[{"@type":"WebPage","@id":"https:\/\/www.food4animals.nl\/product\/oplosbare-waszak-25-st-voor-koud-water\/","url":"https:\/\/www.food4animals.nl\/product\/oplosbare-waszak-25-st-voor-koud-water\/","name":"Oplosbare waszak (25 st.) voor koud water - Food4animals","isPartOf":{"@id":"https:\/\/www.food4animals.nl\/en\/#website"},"primaryImageOfPage":{"@id":"https:\/\/www.food4animals.nl\/product\/oplosbare-waszak-25-st-voor-koud-water\/#primaryimage"},"image":{"@id":"https:\/\/www.food4animals.nl\/product\/oplosbare-waszak-25-st-voor-koud-water\/#primaryimage"},"thumbnailUrl":"https:\/\/www.food4animals.nl\/wp-content\/uploads\/2024\/02\/275750.png","datePublished":"2024-02-09T15:07:59+00:00","dateModified":"2026-04-20T00:44:33+00:00","breadcrumb":{"@id":"https:\/\/www.food4animals.nl\/product\/oplosbare-waszak-25-st-voor-koud-water\/#breadcrumb"},"inLanguage":"de","potentialAction":[{"@type":"ReadAction","target":["https:\/\/www.food4animals.nl\/product\/oplosbare-waszak-25-st-voor-koud-water\/"]}]},{"@type":"ImageObject","inLanguage":"de","@id":"https:\/\/www.food4animals.nl\/product\/oplosbare-waszak-25-st-voor-koud-water\/#primaryimage","url":"https:\/\/www.food4animals.nl\/wp-content\/uploads\/2024\/02\/275750.png","contentUrl":"https:\/\/www.food4animals.nl\/wp-content\/uploads\/2024\/02\/275750.png","width":980,"height":980},{"@type":"BreadcrumbList","@id":"https:\/\/www.food4animals.nl\/product\/oplosbare-waszak-25-st-voor-koud-water\/#breadcrumb","itemListElement":[{"@type":"ListItem","position":1,"name":"Home","item":"https:\/\/www.food4animals.nl\/"},{"@type":"ListItem","position":2,"name":"Winkel","item":"https:\/\/www.food4animals.nl\/winkel\/"},{"@type":"ListItem","position":3,"name":"Oplosbare waszak (25 st.) voor koud water"}]},{"@type":"WebSite","@id":"https:\/\/www.food4animals.nl\/en\/#website","url":"https:\/\/www.food4animals.nl\/en\/","name":"Lebensmittel4Tiere","description":"Alles f\u00fcr Reiter und Tier","publisher":{"@id":"https:\/\/www.food4animals.nl\/en\/#organization"},"potentialAction":[{"@type":"SearchAction","target":{"@type":"EntryPoint","urlTemplate":"https:\/\/www.food4animals.nl\/en\/?s={search_term_string}"},"query-input":{"@type":"PropertyValueSpecification","valueRequired":true,"valueName":"search_term_string"}}],"inLanguage":"de"},{"@type":"Organization","@id":"https:\/\/www.food4animals.nl\/en\/#organization","name":"Lebensmittel4Tiere","url":"https:\/\/www.food4animals.nl\/en\/","logo":{"@type":"ImageObject","inLanguage":"de","@id":"https:\/\/www.food4animals.nl\/en\/#\/schema\/logo\/image\/","url":"https:\/\/www.food4animals.nl\/wp-content\/uploads\/2023\/10\/Logo.svg","contentUrl":"https:\/\/www.food4animals.nl\/wp-content\/uploads\/2023\/10\/Logo.svg","width":1,"height":1,"caption":"Food4animals"},"image":{"@id":"https:\/\/www.food4animals.nl\/en\/#\/schema\/logo\/image\/"},"sameAs":["https:\/\/www.facebook.com\/p\/Food4animals-100063861676074\/","https:\/\/x.com\/food4animals"]}]}},"_links":{"self":[{"href":"https:\/\/www.food4animals.nl\/de\/wp-json\/wp\/v2\/product\/21385","targetHints":{"allow":["GET"]}}],"collection":[{"href":"https:\/\/www.food4animals.nl\/de\/wp-json\/wp\/v2\/product"}],"about":[{"href":"https:\/\/www.food4animals.nl\/de\/wp-json\/wp\/v2\/types\/product"}],"wp:featuredmedia":[{"embeddable":true,"href":"https:\/\/www.food4animals.nl\/de\/wp-json\/wp\/v2\/media\/21386"}],"wp:attachment":[{"href":"https:\/\/www.food4animals.nl\/de\/wp-json\/wp\/v2\/media?parent=21385"}],"wp:term":[{"taxonomy":"product_brand","embeddable":true,"href":"https:\/\/www.food4animals.nl\/de\/wp-json\/wp\/v2\/product_brand?post=21385"},{"taxonomy":"product_cat","embeddable":true,"href":"https:\/\/www.food4animals.nl\/de\/wp-json\/wp\/v2\/product_cat?post=21385"},{"taxonomy":"product_tag","embeddable":true,"href":"https:\/\/www.food4animals.nl\/de\/wp-json\/wp\/v2\/product_tag?post=21385"}],"curies":[{"name":"wp","href":"https:\/\/api.w.org\/{rel}","templated":true}]}}