{"id":21891,"date":"2024-02-09T16:21:03","date_gmt":"2024-02-09T15:21:03","guid":{"rendered":"https:\/\/food4animals.nl\/product\/pawise-kitten-harness-leash-red-blue-2\/"},"modified":"2026-04-11T01:34:47","modified_gmt":"2026-04-11T00:34:47","slug":"pawise-kitten-harness-leash-red-blue-2","status":"publish","type":"product","link":"https:\/\/www.food4animals.nl\/de\/produkt\/pawise-kitten-harness-leash-red-blue-2\/","title":{"rendered":"Pawise K\u00e4tzchengeschirr Leine-Rot\/Blau"},"content":{"rendered":"<h2><span style=\"font-size: 10pt;\">Geschirr mit Leine f\u00fcr Katzen<\/span><\/h2>\n<p><span style=\"font-size: 10pt;\">Von nun an kann Ihre Katze mit Ihnen spazieren gehen! Gemeinsam in den Park oder nur f\u00fcr einen Spaziergang um den Block, ist es m\u00f6glich mit diesem idealen Geschirr. Speziell auf die Katze zugeschnitten und in 3 Gr\u00f6\u00dfen erh\u00e4ltlich.<br \/><\/span><span style=\"font-size: 10pt;\">Achten Sie darauf, dass das Geschirr richtig angebracht ist, damit die Katze nicht entkommen kann.<\/span><\/p>\n<ul>\n<li><span style=\"font-size: 10pt;\">Vollst\u00e4ndig einstellbar<\/span><\/li>\n<li><span style=\"font-size: 10pt;\">Mit Schnallenverschluss<\/span><\/li>\n<li><span style=\"font-size: 10pt;\">Mit Karabinerhaken<\/span><\/li>\n<\/ul>\n<p><strong><span style=\"font-size: 10pt;\">Farbe<\/span><\/strong><br \/><span style=\"font-size: 10pt;\">Lieferung erfolgt sortiert<\/span><\/p>\n<p><strong><span style=\"font-size: 10pt;\">Gr\u00f6\u00dfe Halsumfang Bauchumfang<br \/><\/span><\/strong><span style=\"font-size: 10pt;\">S 14,5 - 25 cm 18 - 30 cm<\/span><br \/><span style=\"font-size: 10pt;\">M 19 - 32 cm 27 - 47 cm<\/span><br \/><span style=\"font-size: 10pt;\">L 22 - 35 cm 30 - 52 cm<\/span><\/p>\n<p><\/p>","protected":false},"excerpt":{"rendered":"<p>Speziell auf die Katze zugeschnitten und in 3 Gr\u00f6\u00dfen erh\u00e4ltlich.<\/p>","protected":false},"featured_media":21892,"template":"","meta":{"_acf_changed":false},"product_brand":[],"product_cat":[1419,863],"product_tag":[842,1287,904],"class_list":{"0":"post-21891","1":"product","2":"type-product","3":"status-publish","4":"has-post-thumbnail","6":"product_cat-accessoires-kat","7":"product_cat-kat","8":"product_tag-kat","9":"product_tag-pawise","10":"product_tag-s","11":"tax_brand-pawise","13":"first","14":"instock","15":"taxable","16":"shipping-taxable","17":"purchasable","18":"product-type-simple"},"acf":[],"yoast_head":"<!-- This site is optimized with the Yoast SEO plugin v27.2 - https:\/\/yoast.com\/product\/yoast-seo-wordpress\/ -->\n<title>Pawise Kitten Harness Leash-Red\/Blue - Food4animals<\/title>\n<meta name=\"robots\" content=\"index, follow, max-snippet:-1, max-image-preview:large, max-video-preview:-1\" \/>\n<link rel=\"canonical\" href=\"https:\/\/www.food4animals.nl\/de\/produkt\/pawise-kitten-harness-leash-red-blue-2\/\" \/>\n<meta property=\"og:locale\" content=\"de_DE\" \/>\n<meta property=\"og:type\" content=\"article\" \/>\n<meta property=\"og:title\" content=\"Pawise Kitten Harness Leash-Red\/Blue - Food4animals\" \/>\n<meta property=\"og:description\" content=\"Speciaal afgestemd op de kat en verkrijgbaar in 3 maten.\" \/>\n<meta property=\"og:url\" content=\"https:\/\/www.food4animals.nl\/de\/produkt\/pawise-kitten-harness-leash-red-blue-2\/\" \/>\n<meta property=\"og:site_name\" content=\"Food4animals\" \/>\n<meta property=\"article:publisher\" content=\"https:\/\/www.facebook.com\/p\/Food4animals-100063861676074\/\" \/>\n<meta property=\"article:modified_time\" content=\"2026-04-11T00:34:47+00:00\" \/>\n<meta property=\"og:image\" content=\"https:\/\/www.food4animals.nl\/wp-content\/uploads\/2024\/02\/271233.png\" \/>\n\t<meta property=\"og:image:width\" content=\"980\" \/>\n\t<meta property=\"og:image:height\" content=\"980\" \/>\n\t<meta property=\"og:image:type\" content=\"image\/png\" \/>\n<meta name=\"twitter:card\" content=\"summary_large_image\" \/>\n<meta name=\"twitter:site\" content=\"@food4animals\" \/>\n<script type=\"application\/ld+json\" class=\"yoast-schema-graph\">{\"@context\":\"https:\/\/schema.org\",\"@graph\":[{\"@type\":\"WebPage\",\"@id\":\"https:\/\/www.food4animals.nl\/product\/pawise-kitten-harness-leash-red-blue-2\/\",\"url\":\"https:\/\/www.food4animals.nl\/product\/pawise-kitten-harness-leash-red-blue-2\/\",\"name\":\"Pawise Kitten Harness Leash-Red\/Blue - Food4animals\",\"isPartOf\":{\"@id\":\"https:\/\/www.food4animals.nl\/en\/#website\"},\"primaryImageOfPage\":{\"@id\":\"https:\/\/www.food4animals.nl\/product\/pawise-kitten-harness-leash-red-blue-2\/#primaryimage\"},\"image\":{\"@id\":\"https:\/\/www.food4animals.nl\/product\/pawise-kitten-harness-leash-red-blue-2\/#primaryimage\"},\"thumbnailUrl\":\"https:\/\/www.food4animals.nl\/wp-content\/uploads\/2024\/02\/271233.png\",\"datePublished\":\"2024-02-09T15:21:03+00:00\",\"dateModified\":\"2026-04-11T00:34:47+00:00\",\"breadcrumb\":{\"@id\":\"https:\/\/www.food4animals.nl\/product\/pawise-kitten-harness-leash-red-blue-2\/#breadcrumb\"},\"inLanguage\":\"de\",\"potentialAction\":[{\"@type\":\"ReadAction\",\"target\":[\"https:\/\/www.food4animals.nl\/product\/pawise-kitten-harness-leash-red-blue-2\/\"]}]},{\"@type\":\"ImageObject\",\"inLanguage\":\"de\",\"@id\":\"https:\/\/www.food4animals.nl\/product\/pawise-kitten-harness-leash-red-blue-2\/#primaryimage\",\"url\":\"https:\/\/www.food4animals.nl\/wp-content\/uploads\/2024\/02\/271233.png\",\"contentUrl\":\"https:\/\/www.food4animals.nl\/wp-content\/uploads\/2024\/02\/271233.png\",\"width\":980,\"height\":980},{\"@type\":\"BreadcrumbList\",\"@id\":\"https:\/\/www.food4animals.nl\/product\/pawise-kitten-harness-leash-red-blue-2\/#breadcrumb\",\"itemListElement\":[{\"@type\":\"ListItem\",\"position\":1,\"name\":\"Home\",\"item\":\"https:\/\/www.food4animals.nl\/\"},{\"@type\":\"ListItem\",\"position\":2,\"name\":\"Winkel\",\"item\":\"https:\/\/www.food4animals.nl\/winkel\/\"},{\"@type\":\"ListItem\",\"position\":3,\"name\":\"Pawise Kitten Harness Leash-Red\/Blue\"}]},{\"@type\":\"WebSite\",\"@id\":\"https:\/\/www.food4animals.nl\/en\/#website\",\"url\":\"https:\/\/www.food4animals.nl\/en\/\",\"name\":\"Food4animals\",\"description\":\"Alles voor Ruiter en Dier\",\"publisher\":{\"@id\":\"https:\/\/www.food4animals.nl\/en\/#organization\"},\"potentialAction\":[{\"@type\":\"SearchAction\",\"target\":{\"@type\":\"EntryPoint\",\"urlTemplate\":\"https:\/\/www.food4animals.nl\/en\/?s={search_term_string}\"},\"query-input\":{\"@type\":\"PropertyValueSpecification\",\"valueRequired\":true,\"valueName\":\"search_term_string\"}}],\"inLanguage\":\"de\"},{\"@type\":\"Organization\",\"@id\":\"https:\/\/www.food4animals.nl\/en\/#organization\",\"name\":\"Food4animals\",\"url\":\"https:\/\/www.food4animals.nl\/en\/\",\"logo\":{\"@type\":\"ImageObject\",\"inLanguage\":\"de\",\"@id\":\"https:\/\/www.food4animals.nl\/en\/#\/schema\/logo\/image\/\",\"url\":\"https:\/\/www.food4animals.nl\/wp-content\/uploads\/2023\/10\/Logo.svg\",\"contentUrl\":\"https:\/\/www.food4animals.nl\/wp-content\/uploads\/2023\/10\/Logo.svg\",\"width\":1,\"height\":1,\"caption\":\"Food4animals\"},\"image\":{\"@id\":\"https:\/\/www.food4animals.nl\/en\/#\/schema\/logo\/image\/\"},\"sameAs\":[\"https:\/\/www.facebook.com\/p\/Food4animals-100063861676074\/\",\"https:\/\/x.com\/food4animals\"]}]}<\/script>\n<!-- \/ Yoast SEO plugin. -->","yoast_head_json":{"title":"Pawise K\u00e4tzchengeschirr Leine-Rot\/Blau - Food4animals","robots":{"index":"index","follow":"follow","max-snippet":"max-snippet:-1","max-image-preview":"max-image-preview:large","max-video-preview":"max-video-preview:-1"},"canonical":"https:\/\/www.food4animals.nl\/de\/produkt\/pawise-kitten-harness-leash-red-blue-2\/","og_locale":"de_DE","og_type":"article","og_title":"Pawise Kitten Harness Leash-Red\/Blue - Food4animals","og_description":"Speciaal afgestemd op de kat en verkrijgbaar in 3 maten.","og_url":"https:\/\/www.food4animals.nl\/de\/produkt\/pawise-kitten-harness-leash-red-blue-2\/","og_site_name":"Food4animals","article_publisher":"https:\/\/www.facebook.com\/p\/Food4animals-100063861676074\/","article_modified_time":"2026-04-11T00:34:47+00:00","og_image":[{"url":"https:\/\/www.food4animals.nl\/wp-content\/uploads\/2024\/02\/271233.png","width":980,"height":980,"type":"image\/png"}],"twitter_card":"summary_large_image","twitter_site":"@food4animals","schema":{"@context":"https:\/\/schema.org","@graph":[{"@type":"WebPage","@id":"https:\/\/www.food4animals.nl\/product\/pawise-kitten-harness-leash-red-blue-2\/","url":"https:\/\/www.food4animals.nl\/product\/pawise-kitten-harness-leash-red-blue-2\/","name":"Pawise K\u00e4tzchengeschirr Leine-Rot\/Blau - Food4animals","isPartOf":{"@id":"https:\/\/www.food4animals.nl\/en\/#website"},"primaryImageOfPage":{"@id":"https:\/\/www.food4animals.nl\/product\/pawise-kitten-harness-leash-red-blue-2\/#primaryimage"},"image":{"@id":"https:\/\/www.food4animals.nl\/product\/pawise-kitten-harness-leash-red-blue-2\/#primaryimage"},"thumbnailUrl":"https:\/\/www.food4animals.nl\/wp-content\/uploads\/2024\/02\/271233.png","datePublished":"2024-02-09T15:21:03+00:00","dateModified":"2026-04-11T00:34:47+00:00","breadcrumb":{"@id":"https:\/\/www.food4animals.nl\/product\/pawise-kitten-harness-leash-red-blue-2\/#breadcrumb"},"inLanguage":"de","potentialAction":[{"@type":"ReadAction","target":["https:\/\/www.food4animals.nl\/product\/pawise-kitten-harness-leash-red-blue-2\/"]}]},{"@type":"ImageObject","inLanguage":"de","@id":"https:\/\/www.food4animals.nl\/product\/pawise-kitten-harness-leash-red-blue-2\/#primaryimage","url":"https:\/\/www.food4animals.nl\/wp-content\/uploads\/2024\/02\/271233.png","contentUrl":"https:\/\/www.food4animals.nl\/wp-content\/uploads\/2024\/02\/271233.png","width":980,"height":980},{"@type":"BreadcrumbList","@id":"https:\/\/www.food4animals.nl\/product\/pawise-kitten-harness-leash-red-blue-2\/#breadcrumb","itemListElement":[{"@type":"ListItem","position":1,"name":"Home","item":"https:\/\/www.food4animals.nl\/"},{"@type":"ListItem","position":2,"name":"Winkel","item":"https:\/\/www.food4animals.nl\/winkel\/"},{"@type":"ListItem","position":3,"name":"Pawise Kitten Harness Leash-Red\/Blue"}]},{"@type":"WebSite","@id":"https:\/\/www.food4animals.nl\/en\/#website","url":"https:\/\/www.food4animals.nl\/en\/","name":"Lebensmittel4Tiere","description":"Alles f\u00fcr Reiter und Tier","publisher":{"@id":"https:\/\/www.food4animals.nl\/en\/#organization"},"potentialAction":[{"@type":"SearchAction","target":{"@type":"EntryPoint","urlTemplate":"https:\/\/www.food4animals.nl\/en\/?s={search_term_string}"},"query-input":{"@type":"PropertyValueSpecification","valueRequired":true,"valueName":"search_term_string"}}],"inLanguage":"de"},{"@type":"Organization","@id":"https:\/\/www.food4animals.nl\/en\/#organization","name":"Lebensmittel4Tiere","url":"https:\/\/www.food4animals.nl\/en\/","logo":{"@type":"ImageObject","inLanguage":"de","@id":"https:\/\/www.food4animals.nl\/en\/#\/schema\/logo\/image\/","url":"https:\/\/www.food4animals.nl\/wp-content\/uploads\/2023\/10\/Logo.svg","contentUrl":"https:\/\/www.food4animals.nl\/wp-content\/uploads\/2023\/10\/Logo.svg","width":1,"height":1,"caption":"Food4animals"},"image":{"@id":"https:\/\/www.food4animals.nl\/en\/#\/schema\/logo\/image\/"},"sameAs":["https:\/\/www.facebook.com\/p\/Food4animals-100063861676074\/","https:\/\/x.com\/food4animals"]}]}},"_links":{"self":[{"href":"https:\/\/www.food4animals.nl\/de\/wp-json\/wp\/v2\/product\/21891","targetHints":{"allow":["GET"]}}],"collection":[{"href":"https:\/\/www.food4animals.nl\/de\/wp-json\/wp\/v2\/product"}],"about":[{"href":"https:\/\/www.food4animals.nl\/de\/wp-json\/wp\/v2\/types\/product"}],"wp:featuredmedia":[{"embeddable":true,"href":"https:\/\/www.food4animals.nl\/de\/wp-json\/wp\/v2\/media\/21892"}],"wp:attachment":[{"href":"https:\/\/www.food4animals.nl\/de\/wp-json\/wp\/v2\/media?parent=21891"}],"wp:term":[{"taxonomy":"product_brand","embeddable":true,"href":"https:\/\/www.food4animals.nl\/de\/wp-json\/wp\/v2\/product_brand?post=21891"},{"taxonomy":"product_cat","embeddable":true,"href":"https:\/\/www.food4animals.nl\/de\/wp-json\/wp\/v2\/product_cat?post=21891"},{"taxonomy":"product_tag","embeddable":true,"href":"https:\/\/www.food4animals.nl\/de\/wp-json\/wp\/v2\/product_tag?post=21891"}],"curies":[{"name":"wp","href":"https:\/\/api.w.org\/{rel}","templated":true}]}}