{"id":22169,"date":"2024-02-09T16:29:58","date_gmt":"2024-02-09T15:29:58","guid":{"rendered":"https:\/\/food4animals.nl\/product\/resoluut-mieren-gel-6x-35-gram\/"},"modified":"2026-04-07T01:34:16","modified_gmt":"2026-04-07T00:34:16","slug":"resoluut-mieren-gel-6x-35-gram","status":"publish","type":"product","link":"https:\/\/www.food4animals.nl\/de\/produkt\/resoluut-mieren-gel-6x-35-gram\/","title":{"rendered":"Resolute Ameisen Gel 6x 35 Gramm"},"content":{"rendered":"<h2><span style=\"font-size: 10pt;\"><a href=\"\/de\/produkt\/21904-knock-pest-mieren-gel-5-gram\/\" target=\"_blank\" rel=\"noopener\"><img decoding=\"async\" class=\"preview\" style=\"max-width: 100%; display: block; margin-left: auto; margin-right: auto;\" src=\"\/imagestream\/stream\/276882\/Absoluut mieren.jpg\" alt=\"\" \/><\/a><br \/>Resolute Ameisengel\u00a0<br \/><\/span><\/h2>\n<p><span style=\"font-size: 10pt;\">Resolute Ant Gel zur Bek\u00e4mpfung von Ameisen und Ameisennestern.<\/span><\/p>\n<p><span style=\"font-size: 10pt;\">Gebrauchsfertiges Sch\u00e4dlingsbek\u00e4mpfungsmittel zur Bek\u00e4mpfung der Schwarzen Wegameise (Lasius niger) im Innen- und Au\u00dfenbereich und tropischer Ameisen, wie der Argentinischen Ameise und der Pharaoameise, im Innenbereich. <\/p>\n<p><\/span><span style=\"font-size: 10pt;\">Die \u00e4u\u00dferst schmackhafte Formulierung ist f\u00fcr Ameisen unwiderstehlich und bietet eine wirksame Kontrolle des gesamten Nestes, die bis zu 3 Monate anh\u00e4lt.<\/p>\n<p><\/span><span style=\"font-size: 10pt;\">Das Gel sollte in Innenr\u00e4umen tropfenweise entlang der Ameisenstra\u00dfen, in Fugen und Ritzen oder an Nest\u00f6ffnungen aufgetragen werden. Im Freien tragen Sie das Gel direkt in Fugen und Ritzen oder direkt auf Ameisennester auf. Setzen Sie das Produkt nicht dem Sonnenlicht oder der Hitze aus.<br \/><\/span><\/p>\n<p><span style=\"font-size: 10pt;\">Resolute Ant Gel sollte mit geeigneten Pistolen aufgetragen werden (<a href=\"https:\/\/www.hofmananimalcare.nl\/product\/14865-pistool-voor-gel-maxforceimidasectgoliath\" target=\"_blank\" rel=\"noopener\">PIST0075<\/a>\u00a0oder\u00a0<a href=\"https:\/\/www.hofmananimalcare.nl\/product\/17405-pistool-voor-gel-maxforceimidasectgoliath\" target=\"_blank\" rel=\"noopener\">PIST0077<\/a>).<br \/><\/span><span style=\"font-size: 10pt;\"><br \/><\/span><span style=\"font-size: 10pt;\"><strong>Dosierung<br \/><\/strong><\/span><span style=\"font-size: 10pt;\">2 Tropfen von 0,05 Gramm (Durchmesser 5 mm) pro Laufmeter oder pro Nesteingang.<br \/><\/span><span style=\"font-size: 10pt;\">Maximal 30 Tropfen \u00e0 0,05 Gramm pro Nest auftragen. Der Inhalt von 1 Tube ist gut f\u00fcr 700 Tropfen.<\/p>\n<p><\/span><span style=\"font-size: 10pt;\"><strong>Zulassungsnummer<\/strong><\/span><br \/><a href=\"https:\/\/toelatingen.ctgb.nl\/nl\/authorisations\/25732\" target=\"_blank\" rel=\"noopener\"><span style=\"font-size: 10pt;\">NL-0026653-0000<\/span><\/a><\/p>\n<p><span style=\"font-size: 10pt;\"><strong>Wirkstoff<\/strong><\/span><br \/><span style=\"font-size: 10pt;\">Imidacloprid 0,0204%<\/p>\n<p><\/span><span style=\"font-size: 10pt;\"><strong>Inhalt<\/strong><\/span><br \/><span style=\"font-size: 10pt;\">RESO028 - 35 g<br \/>RESO029 - <\/span><span style=\"font-size: 10pt;\"><strong>Box:<\/strong> 6 x 35 Gramm inkl. 3 Kolben<\/span><\/p>\n<p><span style=\"font-size: 10pt;\"><strong>Etikett und Produktinformation<\/strong><strong><br \/><\/strong>Verwenden Sie Resolute Ant Gel sicher. Vor Gebrauch stets Kennzeichnung und Produktinformation lesen! F\u00fcr Anwendung und Gebrauch, siehe die\u00a0<a href=\"https:\/\/ctgb-prd.s3.eu-central-1.amazonaws.com\/7e161cfe9762915a9079c4665a604079_20220973_spc+DX3+GEL+NL+nl+202206091659+WGGA.pdf\" target=\"_blank\" rel=\"noopener\">Rechtliche Hinweise \/ Gebrauchsanweisungen<\/a>.<\/span><\/p>","protected":false},"excerpt":{"rendered":"<p>Zur Bek\u00e4mpfung der Schwarzen Wegameise und tropischer Ameisen<\/p>","protected":false},"featured_media":22167,"template":"","meta":{"_acf_changed":false},"product_brand":[],"product_cat":[2444,1196],"product_tag":[3622,1338,3862,3863,3867],"class_list":{"0":"post-22169","1":"product","2":"type-product","3":"status-publish","4":"has-post-thumbnail","6":"product_cat-mier","7":"product_cat-ongedierte","8":"product_tag-bestrijdingsmiddelen-prof","9":"product_tag-mier","10":"product_tag-resoluut","11":"product_tag-vk2023","12":"product_tag-vkreso2023","13":"tax_brand-resoluut","15":"first","16":"instock","17":"taxable","18":"shipping-taxable","19":"purchasable","20":"product-type-simple"},"acf":[],"yoast_head":"<!-- This site is optimized with the Yoast SEO plugin v27.2 - https:\/\/yoast.com\/product\/yoast-seo-wordpress\/ -->\n<title>Resoluut Mieren Gel 6x 35 gram - Food4animals<\/title>\n<meta name=\"robots\" content=\"index, follow, max-snippet:-1, max-image-preview:large, max-video-preview:-1\" \/>\n<link rel=\"canonical\" href=\"https:\/\/www.food4animals.nl\/de\/produkt\/resoluut-mieren-gel-6x-35-gram\/\" \/>\n<meta property=\"og:locale\" content=\"de_DE\" \/>\n<meta property=\"og:type\" content=\"article\" \/>\n<meta property=\"og:title\" content=\"Resoluut Mieren Gel 6x 35 gram - Food4animals\" \/>\n<meta property=\"og:description\" content=\"Ter bestrijding van de zwarte wegmier en tropische mieren\" \/>\n<meta property=\"og:url\" content=\"https:\/\/www.food4animals.nl\/de\/produkt\/resoluut-mieren-gel-6x-35-gram\/\" \/>\n<meta property=\"og:site_name\" content=\"Food4animals\" \/>\n<meta property=\"article:publisher\" content=\"https:\/\/www.facebook.com\/p\/Food4animals-100063861676074\/\" \/>\n<meta property=\"article:modified_time\" content=\"2026-04-07T00:34:16+00:00\" \/>\n<meta property=\"og:image\" content=\"https:\/\/www.food4animals.nl\/wp-content\/uploads\/2024\/02\/277415.png\" \/>\n\t<meta property=\"og:image:width\" content=\"980\" \/>\n\t<meta property=\"og:image:height\" content=\"979\" \/>\n\t<meta property=\"og:image:type\" content=\"image\/png\" \/>\n<meta name=\"twitter:card\" content=\"summary_large_image\" \/>\n<meta name=\"twitter:site\" content=\"@food4animals\" \/>\n<meta name=\"twitter:label1\" content=\"Gesch\u00e4tzte Lesezeit\" \/>\n\t<meta name=\"twitter:data1\" content=\"1\u00a0Minute\" \/>\n<script type=\"application\/ld+json\" class=\"yoast-schema-graph\">{\"@context\":\"https:\/\/schema.org\",\"@graph\":[{\"@type\":\"WebPage\",\"@id\":\"https:\/\/www.food4animals.nl\/product\/resoluut-mieren-gel-6x-35-gram\/\",\"url\":\"https:\/\/www.food4animals.nl\/product\/resoluut-mieren-gel-6x-35-gram\/\",\"name\":\"Resoluut Mieren Gel 6x 35 gram - Food4animals\",\"isPartOf\":{\"@id\":\"https:\/\/www.food4animals.nl\/en\/#website\"},\"primaryImageOfPage\":{\"@id\":\"https:\/\/www.food4animals.nl\/product\/resoluut-mieren-gel-6x-35-gram\/#primaryimage\"},\"image\":{\"@id\":\"https:\/\/www.food4animals.nl\/product\/resoluut-mieren-gel-6x-35-gram\/#primaryimage\"},\"thumbnailUrl\":\"https:\/\/www.food4animals.nl\/wp-content\/uploads\/2024\/02\/277415.png\",\"datePublished\":\"2024-02-09T15:29:58+00:00\",\"dateModified\":\"2026-04-07T00:34:16+00:00\",\"breadcrumb\":{\"@id\":\"https:\/\/www.food4animals.nl\/product\/resoluut-mieren-gel-6x-35-gram\/#breadcrumb\"},\"inLanguage\":\"de\",\"potentialAction\":[{\"@type\":\"ReadAction\",\"target\":[\"https:\/\/www.food4animals.nl\/product\/resoluut-mieren-gel-6x-35-gram\/\"]}]},{\"@type\":\"ImageObject\",\"inLanguage\":\"de\",\"@id\":\"https:\/\/www.food4animals.nl\/product\/resoluut-mieren-gel-6x-35-gram\/#primaryimage\",\"url\":\"https:\/\/www.food4animals.nl\/wp-content\/uploads\/2024\/02\/277415.png\",\"contentUrl\":\"https:\/\/www.food4animals.nl\/wp-content\/uploads\/2024\/02\/277415.png\",\"width\":980,\"height\":979},{\"@type\":\"BreadcrumbList\",\"@id\":\"https:\/\/www.food4animals.nl\/product\/resoluut-mieren-gel-6x-35-gram\/#breadcrumb\",\"itemListElement\":[{\"@type\":\"ListItem\",\"position\":1,\"name\":\"Home\",\"item\":\"https:\/\/www.food4animals.nl\/\"},{\"@type\":\"ListItem\",\"position\":2,\"name\":\"Winkel\",\"item\":\"https:\/\/www.food4animals.nl\/winkel\/\"},{\"@type\":\"ListItem\",\"position\":3,\"name\":\"Resoluut Mieren Gel 6x 35 gram\"}]},{\"@type\":\"WebSite\",\"@id\":\"https:\/\/www.food4animals.nl\/en\/#website\",\"url\":\"https:\/\/www.food4animals.nl\/en\/\",\"name\":\"Food4animals\",\"description\":\"Alles voor Ruiter en Dier\",\"publisher\":{\"@id\":\"https:\/\/www.food4animals.nl\/en\/#organization\"},\"potentialAction\":[{\"@type\":\"SearchAction\",\"target\":{\"@type\":\"EntryPoint\",\"urlTemplate\":\"https:\/\/www.food4animals.nl\/en\/?s={search_term_string}\"},\"query-input\":{\"@type\":\"PropertyValueSpecification\",\"valueRequired\":true,\"valueName\":\"search_term_string\"}}],\"inLanguage\":\"de\"},{\"@type\":\"Organization\",\"@id\":\"https:\/\/www.food4animals.nl\/en\/#organization\",\"name\":\"Food4animals\",\"url\":\"https:\/\/www.food4animals.nl\/en\/\",\"logo\":{\"@type\":\"ImageObject\",\"inLanguage\":\"de\",\"@id\":\"https:\/\/www.food4animals.nl\/en\/#\/schema\/logo\/image\/\",\"url\":\"https:\/\/www.food4animals.nl\/wp-content\/uploads\/2023\/10\/Logo.svg\",\"contentUrl\":\"https:\/\/www.food4animals.nl\/wp-content\/uploads\/2023\/10\/Logo.svg\",\"width\":1,\"height\":1,\"caption\":\"Food4animals\"},\"image\":{\"@id\":\"https:\/\/www.food4animals.nl\/en\/#\/schema\/logo\/image\/\"},\"sameAs\":[\"https:\/\/www.facebook.com\/p\/Food4animals-100063861676074\/\",\"https:\/\/x.com\/food4animals\"]}]}<\/script>\n<!-- \/ Yoast SEO plugin. -->","yoast_head_json":{"title":"Resoluut Mieren Gel 6x 35 gram - Food4animals","robots":{"index":"index","follow":"follow","max-snippet":"max-snippet:-1","max-image-preview":"max-image-preview:large","max-video-preview":"max-video-preview:-1"},"canonical":"https:\/\/www.food4animals.nl\/de\/produkt\/resoluut-mieren-gel-6x-35-gram\/","og_locale":"de_DE","og_type":"article","og_title":"Resoluut Mieren Gel 6x 35 gram - Food4animals","og_description":"Ter bestrijding van de zwarte wegmier en tropische mieren","og_url":"https:\/\/www.food4animals.nl\/de\/produkt\/resoluut-mieren-gel-6x-35-gram\/","og_site_name":"Food4animals","article_publisher":"https:\/\/www.facebook.com\/p\/Food4animals-100063861676074\/","article_modified_time":"2026-04-07T00:34:16+00:00","og_image":[{"width":980,"height":979,"url":"https:\/\/www.food4animals.nl\/wp-content\/uploads\/2024\/02\/277415.png","type":"image\/png"}],"twitter_card":"summary_large_image","twitter_site":"@food4animals","twitter_misc":{"Gesch\u00e4tzte Lesezeit":"1\u00a0Minute"},"schema":{"@context":"https:\/\/schema.org","@graph":[{"@type":"WebPage","@id":"https:\/\/www.food4animals.nl\/product\/resoluut-mieren-gel-6x-35-gram\/","url":"https:\/\/www.food4animals.nl\/product\/resoluut-mieren-gel-6x-35-gram\/","name":"Resoluut Mieren Gel 6x 35 gram - Food4animals","isPartOf":{"@id":"https:\/\/www.food4animals.nl\/en\/#website"},"primaryImageOfPage":{"@id":"https:\/\/www.food4animals.nl\/product\/resoluut-mieren-gel-6x-35-gram\/#primaryimage"},"image":{"@id":"https:\/\/www.food4animals.nl\/product\/resoluut-mieren-gel-6x-35-gram\/#primaryimage"},"thumbnailUrl":"https:\/\/www.food4animals.nl\/wp-content\/uploads\/2024\/02\/277415.png","datePublished":"2024-02-09T15:29:58+00:00","dateModified":"2026-04-07T00:34:16+00:00","breadcrumb":{"@id":"https:\/\/www.food4animals.nl\/product\/resoluut-mieren-gel-6x-35-gram\/#breadcrumb"},"inLanguage":"de","potentialAction":[{"@type":"ReadAction","target":["https:\/\/www.food4animals.nl\/product\/resoluut-mieren-gel-6x-35-gram\/"]}]},{"@type":"ImageObject","inLanguage":"de","@id":"https:\/\/www.food4animals.nl\/product\/resoluut-mieren-gel-6x-35-gram\/#primaryimage","url":"https:\/\/www.food4animals.nl\/wp-content\/uploads\/2024\/02\/277415.png","contentUrl":"https:\/\/www.food4animals.nl\/wp-content\/uploads\/2024\/02\/277415.png","width":980,"height":979},{"@type":"BreadcrumbList","@id":"https:\/\/www.food4animals.nl\/product\/resoluut-mieren-gel-6x-35-gram\/#breadcrumb","itemListElement":[{"@type":"ListItem","position":1,"name":"Home","item":"https:\/\/www.food4animals.nl\/"},{"@type":"ListItem","position":2,"name":"Winkel","item":"https:\/\/www.food4animals.nl\/winkel\/"},{"@type":"ListItem","position":3,"name":"Resoluut Mieren Gel 6x 35 gram"}]},{"@type":"WebSite","@id":"https:\/\/www.food4animals.nl\/en\/#website","url":"https:\/\/www.food4animals.nl\/en\/","name":"Lebensmittel4Tiere","description":"Alles f\u00fcr Reiter und Tier","publisher":{"@id":"https:\/\/www.food4animals.nl\/en\/#organization"},"potentialAction":[{"@type":"SearchAction","target":{"@type":"EntryPoint","urlTemplate":"https:\/\/www.food4animals.nl\/en\/?s={search_term_string}"},"query-input":{"@type":"PropertyValueSpecification","valueRequired":true,"valueName":"search_term_string"}}],"inLanguage":"de"},{"@type":"Organization","@id":"https:\/\/www.food4animals.nl\/en\/#organization","name":"Lebensmittel4Tiere","url":"https:\/\/www.food4animals.nl\/en\/","logo":{"@type":"ImageObject","inLanguage":"de","@id":"https:\/\/www.food4animals.nl\/en\/#\/schema\/logo\/image\/","url":"https:\/\/www.food4animals.nl\/wp-content\/uploads\/2023\/10\/Logo.svg","contentUrl":"https:\/\/www.food4animals.nl\/wp-content\/uploads\/2023\/10\/Logo.svg","width":1,"height":1,"caption":"Food4animals"},"image":{"@id":"https:\/\/www.food4animals.nl\/en\/#\/schema\/logo\/image\/"},"sameAs":["https:\/\/www.facebook.com\/p\/Food4animals-100063861676074\/","https:\/\/x.com\/food4animals"]}]}},"_links":{"self":[{"href":"https:\/\/www.food4animals.nl\/de\/wp-json\/wp\/v2\/product\/22169","targetHints":{"allow":["GET"]}}],"collection":[{"href":"https:\/\/www.food4animals.nl\/de\/wp-json\/wp\/v2\/product"}],"about":[{"href":"https:\/\/www.food4animals.nl\/de\/wp-json\/wp\/v2\/types\/product"}],"wp:featuredmedia":[{"embeddable":true,"href":"https:\/\/www.food4animals.nl\/de\/wp-json\/wp\/v2\/media\/22167"}],"wp:attachment":[{"href":"https:\/\/www.food4animals.nl\/de\/wp-json\/wp\/v2\/media?parent=22169"}],"wp:term":[{"taxonomy":"product_brand","embeddable":true,"href":"https:\/\/www.food4animals.nl\/de\/wp-json\/wp\/v2\/product_brand?post=22169"},{"taxonomy":"product_cat","embeddable":true,"href":"https:\/\/www.food4animals.nl\/de\/wp-json\/wp\/v2\/product_cat?post=22169"},{"taxonomy":"product_tag","embeddable":true,"href":"https:\/\/www.food4animals.nl\/de\/wp-json\/wp\/v2\/product_tag?post=22169"}],"curies":[{"name":"wp","href":"https:\/\/api.w.org\/{rel}","templated":true}]}}