{"id":22196,"date":"2024-02-09T16:31:29","date_gmt":"2024-02-09T15:31:29","guid":{"rendered":"https:\/\/food4animals.nl\/product\/retrodog-donkey-orange-s\/"},"modified":"2026-04-06T01:30:58","modified_gmt":"2026-04-06T00:30:58","slug":"retrodog-donkey-orange-s","status":"publish","type":"product","link":"https:\/\/www.food4animals.nl\/de\/produkt\/retrodog-donkey-orange-s\/","title":{"rendered":"Retrodog Donkey Orange S"},"content":{"rendered":"<p><span style=\"font-size: 10pt;\">Dieses fr\u00f6hliche Retro-Stofftier ist aus herrlich weichem Material mit dem <strong>Aussehen von echtem Kork. <\/strong>Dies verleiht dem Spielzeug einen sch\u00f6nen nostalgischen Look! Dank dieses Materials ist der Retrodog Donkey sowohl zum Spielen als auch zum Kuscheln geeignet. Die <strong>Pager<\/strong> auf der Innenseite bietet einen noch gr\u00f6\u00dferen Anreiz zum Spielen - garantiert stundenlanges Vergn\u00fcgen f\u00fcr Ihren Hund!<\/span><\/p>\n<p><span style=\"font-size: 10pt;\">Ist das alles? Mitnichten! Unser Retro Dog ist <strong>doppelt gen\u00e4ht<\/strong> f\u00fcr zus\u00e4tzliche Haltbarkeit, damit der Hund seinen neuen besten Freund nicht so leicht verliert. Er ist der perfekte Begleiter f\u00fcr alle Hunde, ob gro\u00df oder klein, jung oder alt!<\/span><\/p>\n<p><span style=\"font-size: 10pt;\">Dabei ist es auch gut zu wissen, dass unser Retro Dog nicht nur s\u00fc\u00df und knuddelig ist, sondern auch <strong>umweltbewusst! <\/strong>Die F\u00fcllung des Spielzeugs besteht n\u00e4mlich aus <strong>recycelt<\/strong> Materialien. So macht dieser fr\u00f6hliche Spielzeugesel nicht nur den Hund gl\u00fccklich, sondern tr\u00e4gt auch zu einer nachhaltigeren Welt bei! Entscheiden Sie sich f\u00fcr unseren coolen Vintage Retro Dog Donkey!  Schenken Sie das Spielzeug, das nicht nur den Hund gl\u00fccklich macht, sondern auch Hundebesitzer und die Welt, in der wir leben!<\/span><\/p>\n<p><span style=\"font-size: 10pt;\"><em><strong>Warten Sie nicht l\u00e4nger und machen Sie Ihrem Hund ein Geschenk, das er lieben wird - unseren Retro Dog!<\/strong><\/em><\/span><\/p>\n<p><span style=\"font-size: 10pt;\"><strong>Warum der Retro Dog cool ist:<\/strong><\/span><\/p>\n<ul>\n<li><span style=\"font-size: 10pt;\">Doppelt gen\u00e4ht<\/span><\/li>\n<li><span style=\"font-size: 10pt;\">Mit Piepser<\/span><\/li>\n<li><span style=\"font-size: 10pt;\">Wunderbar weich<\/span><\/li>\n<li><span style=\"font-size: 10pt;\">Langlebige Materialien<\/span><\/li>\n<li><span style=\"font-size: 10pt;\">Toller Retro-Look<\/span><\/li>\n<\/ul>\n<p><span style=\"font-size: 10pt;\"><strong>Format<br \/><\/strong>RETR0010 - S - 20 x 25 cm<br \/>RETR0011 - M - 26 x 33 cm\u00a0<\/span><\/p>\n<p>\u00a0<\/p>","protected":false},"excerpt":{"rendered":"<p>Retro Dog versetzt den Hund zur\u00fcck in eine Zeit voller Spa\u00df und Nostalgie!<\/p>","protected":false},"featured_media":22197,"template":"","meta":{"_acf_changed":false},"product_brand":[],"product_cat":[821,822],"product_tag":[933,906,3878,3877,904],"class_list":{"0":"post-22196","1":"product","2":"type-product","3":"status-publish","4":"has-post-thumbnail","6":"product_cat-hond","7":"product_cat-speelgoed","8":"product_tag-knuffels","9":"product_tag-oranje","10":"product_tag-retro-dog","11":"product_tag-retrodog","12":"product_tag-s","13":"tax_brand-retro-dog","15":"first","16":"instock","17":"taxable","18":"shipping-taxable","19":"purchasable","20":"product-type-simple"},"acf":[],"yoast_head":"<!-- This site is optimized with the Yoast SEO plugin v27.2 - https:\/\/yoast.com\/product\/yoast-seo-wordpress\/ -->\n<title>Retrodog Donkey Orange S - Food4animals<\/title>\n<meta name=\"robots\" content=\"index, follow, max-snippet:-1, max-image-preview:large, max-video-preview:-1\" \/>\n<link rel=\"canonical\" href=\"https:\/\/www.food4animals.nl\/de\/produkt\/retrodog-donkey-orange-s\/\" \/>\n<meta property=\"og:locale\" content=\"de_DE\" \/>\n<meta property=\"og:type\" content=\"article\" \/>\n<meta property=\"og:title\" content=\"Retrodog Donkey Orange S - Food4animals\" \/>\n<meta property=\"og:description\" content=\"Retro Dog voert hond terug naar een tijdperk vol plezier en nostalgie!\" \/>\n<meta property=\"og:url\" content=\"https:\/\/www.food4animals.nl\/de\/produkt\/retrodog-donkey-orange-s\/\" \/>\n<meta property=\"og:site_name\" content=\"Food4animals\" \/>\n<meta property=\"article:publisher\" content=\"https:\/\/www.facebook.com\/p\/Food4animals-100063861676074\/\" \/>\n<meta property=\"article:modified_time\" content=\"2026-04-06T00:30:58+00:00\" \/>\n<meta property=\"og:image\" content=\"https:\/\/www.food4animals.nl\/wp-content\/uploads\/2024\/02\/274477.png\" \/>\n\t<meta property=\"og:image:width\" content=\"980\" \/>\n\t<meta property=\"og:image:height\" content=\"980\" \/>\n\t<meta property=\"og:image:type\" content=\"image\/png\" \/>\n<meta name=\"twitter:card\" content=\"summary_large_image\" \/>\n<meta name=\"twitter:site\" content=\"@food4animals\" \/>\n<meta name=\"twitter:label1\" content=\"Gesch\u00e4tzte Lesezeit\" \/>\n\t<meta name=\"twitter:data1\" content=\"1\u00a0Minute\" \/>\n<script type=\"application\/ld+json\" class=\"yoast-schema-graph\">{\"@context\":\"https:\/\/schema.org\",\"@graph\":[{\"@type\":\"WebPage\",\"@id\":\"https:\/\/www.food4animals.nl\/product\/retrodog-donkey-orange-s\/\",\"url\":\"https:\/\/www.food4animals.nl\/product\/retrodog-donkey-orange-s\/\",\"name\":\"Retrodog Donkey Orange S - Food4animals\",\"isPartOf\":{\"@id\":\"https:\/\/www.food4animals.nl\/en\/#website\"},\"primaryImageOfPage\":{\"@id\":\"https:\/\/www.food4animals.nl\/product\/retrodog-donkey-orange-s\/#primaryimage\"},\"image\":{\"@id\":\"https:\/\/www.food4animals.nl\/product\/retrodog-donkey-orange-s\/#primaryimage\"},\"thumbnailUrl\":\"https:\/\/www.food4animals.nl\/wp-content\/uploads\/2024\/02\/274477.png\",\"datePublished\":\"2024-02-09T15:31:29+00:00\",\"dateModified\":\"2026-04-06T00:30:58+00:00\",\"breadcrumb\":{\"@id\":\"https:\/\/www.food4animals.nl\/product\/retrodog-donkey-orange-s\/#breadcrumb\"},\"inLanguage\":\"de\",\"potentialAction\":[{\"@type\":\"ReadAction\",\"target\":[\"https:\/\/www.food4animals.nl\/product\/retrodog-donkey-orange-s\/\"]}]},{\"@type\":\"ImageObject\",\"inLanguage\":\"de\",\"@id\":\"https:\/\/www.food4animals.nl\/product\/retrodog-donkey-orange-s\/#primaryimage\",\"url\":\"https:\/\/www.food4animals.nl\/wp-content\/uploads\/2024\/02\/274477.png\",\"contentUrl\":\"https:\/\/www.food4animals.nl\/wp-content\/uploads\/2024\/02\/274477.png\",\"width\":980,\"height\":980},{\"@type\":\"BreadcrumbList\",\"@id\":\"https:\/\/www.food4animals.nl\/product\/retrodog-donkey-orange-s\/#breadcrumb\",\"itemListElement\":[{\"@type\":\"ListItem\",\"position\":1,\"name\":\"Home\",\"item\":\"https:\/\/www.food4animals.nl\/\"},{\"@type\":\"ListItem\",\"position\":2,\"name\":\"Winkel\",\"item\":\"https:\/\/www.food4animals.nl\/winkel\/\"},{\"@type\":\"ListItem\",\"position\":3,\"name\":\"Retrodog Donkey Orange S\"}]},{\"@type\":\"WebSite\",\"@id\":\"https:\/\/www.food4animals.nl\/en\/#website\",\"url\":\"https:\/\/www.food4animals.nl\/en\/\",\"name\":\"Food4animals\",\"description\":\"Alles voor Ruiter en Dier\",\"publisher\":{\"@id\":\"https:\/\/www.food4animals.nl\/en\/#organization\"},\"potentialAction\":[{\"@type\":\"SearchAction\",\"target\":{\"@type\":\"EntryPoint\",\"urlTemplate\":\"https:\/\/www.food4animals.nl\/en\/?s={search_term_string}\"},\"query-input\":{\"@type\":\"PropertyValueSpecification\",\"valueRequired\":true,\"valueName\":\"search_term_string\"}}],\"inLanguage\":\"de\"},{\"@type\":\"Organization\",\"@id\":\"https:\/\/www.food4animals.nl\/en\/#organization\",\"name\":\"Food4animals\",\"url\":\"https:\/\/www.food4animals.nl\/en\/\",\"logo\":{\"@type\":\"ImageObject\",\"inLanguage\":\"de\",\"@id\":\"https:\/\/www.food4animals.nl\/en\/#\/schema\/logo\/image\/\",\"url\":\"https:\/\/www.food4animals.nl\/wp-content\/uploads\/2023\/10\/Logo.svg\",\"contentUrl\":\"https:\/\/www.food4animals.nl\/wp-content\/uploads\/2023\/10\/Logo.svg\",\"width\":1,\"height\":1,\"caption\":\"Food4animals\"},\"image\":{\"@id\":\"https:\/\/www.food4animals.nl\/en\/#\/schema\/logo\/image\/\"},\"sameAs\":[\"https:\/\/www.facebook.com\/p\/Food4animals-100063861676074\/\",\"https:\/\/x.com\/food4animals\"]}]}<\/script>\n<!-- \/ Yoast SEO plugin. -->","yoast_head_json":{"title":"Retrodog Donkey Orange S - Food4animals","robots":{"index":"index","follow":"follow","max-snippet":"max-snippet:-1","max-image-preview":"max-image-preview:large","max-video-preview":"max-video-preview:-1"},"canonical":"https:\/\/www.food4animals.nl\/de\/produkt\/retrodog-donkey-orange-s\/","og_locale":"de_DE","og_type":"article","og_title":"Retrodog Donkey Orange S - Food4animals","og_description":"Retro Dog voert hond terug naar een tijdperk vol plezier en nostalgie!","og_url":"https:\/\/www.food4animals.nl\/de\/produkt\/retrodog-donkey-orange-s\/","og_site_name":"Food4animals","article_publisher":"https:\/\/www.facebook.com\/p\/Food4animals-100063861676074\/","article_modified_time":"2026-04-06T00:30:58+00:00","og_image":[{"width":980,"height":980,"url":"https:\/\/www.food4animals.nl\/wp-content\/uploads\/2024\/02\/274477.png","type":"image\/png"}],"twitter_card":"summary_large_image","twitter_site":"@food4animals","twitter_misc":{"Gesch\u00e4tzte Lesezeit":"1\u00a0Minute"},"schema":{"@context":"https:\/\/schema.org","@graph":[{"@type":"WebPage","@id":"https:\/\/www.food4animals.nl\/product\/retrodog-donkey-orange-s\/","url":"https:\/\/www.food4animals.nl\/product\/retrodog-donkey-orange-s\/","name":"Retrodog Donkey Orange S - Food4animals","isPartOf":{"@id":"https:\/\/www.food4animals.nl\/en\/#website"},"primaryImageOfPage":{"@id":"https:\/\/www.food4animals.nl\/product\/retrodog-donkey-orange-s\/#primaryimage"},"image":{"@id":"https:\/\/www.food4animals.nl\/product\/retrodog-donkey-orange-s\/#primaryimage"},"thumbnailUrl":"https:\/\/www.food4animals.nl\/wp-content\/uploads\/2024\/02\/274477.png","datePublished":"2024-02-09T15:31:29+00:00","dateModified":"2026-04-06T00:30:58+00:00","breadcrumb":{"@id":"https:\/\/www.food4animals.nl\/product\/retrodog-donkey-orange-s\/#breadcrumb"},"inLanguage":"de","potentialAction":[{"@type":"ReadAction","target":["https:\/\/www.food4animals.nl\/product\/retrodog-donkey-orange-s\/"]}]},{"@type":"ImageObject","inLanguage":"de","@id":"https:\/\/www.food4animals.nl\/product\/retrodog-donkey-orange-s\/#primaryimage","url":"https:\/\/www.food4animals.nl\/wp-content\/uploads\/2024\/02\/274477.png","contentUrl":"https:\/\/www.food4animals.nl\/wp-content\/uploads\/2024\/02\/274477.png","width":980,"height":980},{"@type":"BreadcrumbList","@id":"https:\/\/www.food4animals.nl\/product\/retrodog-donkey-orange-s\/#breadcrumb","itemListElement":[{"@type":"ListItem","position":1,"name":"Home","item":"https:\/\/www.food4animals.nl\/"},{"@type":"ListItem","position":2,"name":"Winkel","item":"https:\/\/www.food4animals.nl\/winkel\/"},{"@type":"ListItem","position":3,"name":"Retrodog Donkey Orange S"}]},{"@type":"WebSite","@id":"https:\/\/www.food4animals.nl\/en\/#website","url":"https:\/\/www.food4animals.nl\/en\/","name":"Lebensmittel4Tiere","description":"Alles f\u00fcr Reiter und Tier","publisher":{"@id":"https:\/\/www.food4animals.nl\/en\/#organization"},"potentialAction":[{"@type":"SearchAction","target":{"@type":"EntryPoint","urlTemplate":"https:\/\/www.food4animals.nl\/en\/?s={search_term_string}"},"query-input":{"@type":"PropertyValueSpecification","valueRequired":true,"valueName":"search_term_string"}}],"inLanguage":"de"},{"@type":"Organization","@id":"https:\/\/www.food4animals.nl\/en\/#organization","name":"Lebensmittel4Tiere","url":"https:\/\/www.food4animals.nl\/en\/","logo":{"@type":"ImageObject","inLanguage":"de","@id":"https:\/\/www.food4animals.nl\/en\/#\/schema\/logo\/image\/","url":"https:\/\/www.food4animals.nl\/wp-content\/uploads\/2023\/10\/Logo.svg","contentUrl":"https:\/\/www.food4animals.nl\/wp-content\/uploads\/2023\/10\/Logo.svg","width":1,"height":1,"caption":"Food4animals"},"image":{"@id":"https:\/\/www.food4animals.nl\/en\/#\/schema\/logo\/image\/"},"sameAs":["https:\/\/www.facebook.com\/p\/Food4animals-100063861676074\/","https:\/\/x.com\/food4animals"]}]}},"_links":{"self":[{"href":"https:\/\/www.food4animals.nl\/de\/wp-json\/wp\/v2\/product\/22196","targetHints":{"allow":["GET"]}}],"collection":[{"href":"https:\/\/www.food4animals.nl\/de\/wp-json\/wp\/v2\/product"}],"about":[{"href":"https:\/\/www.food4animals.nl\/de\/wp-json\/wp\/v2\/types\/product"}],"wp:featuredmedia":[{"embeddable":true,"href":"https:\/\/www.food4animals.nl\/de\/wp-json\/wp\/v2\/media\/22197"}],"wp:attachment":[{"href":"https:\/\/www.food4animals.nl\/de\/wp-json\/wp\/v2\/media?parent=22196"}],"wp:term":[{"taxonomy":"product_brand","embeddable":true,"href":"https:\/\/www.food4animals.nl\/de\/wp-json\/wp\/v2\/product_brand?post=22196"},{"taxonomy":"product_cat","embeddable":true,"href":"https:\/\/www.food4animals.nl\/de\/wp-json\/wp\/v2\/product_cat?post=22196"},{"taxonomy":"product_tag","embeddable":true,"href":"https:\/\/www.food4animals.nl\/de\/wp-json\/wp\/v2\/product_tag?post=22196"}],"curies":[{"name":"wp","href":"https:\/\/api.w.org\/{rel}","templated":true}]}}