{"id":22336,"date":"2024-02-09T16:33:07","date_gmt":"2024-02-09T15:33:07","guid":{"rendered":"https:\/\/food4animals.nl\/product\/robocat-pink-mouse\/"},"modified":"2026-04-16T01:43:00","modified_gmt":"2026-04-16T00:43:00","slug":"robocat-rosa-maus","status":"publish","type":"product","link":"https:\/\/www.food4animals.nl\/de\/produkt\/robocat-rosa-maus\/","title":{"rendered":"Robocat Rosa Maus"},"content":{"rendered":"<p><span style=\"font-size: 10pt;\">Fordern Sie Ihre Katze mit der Robocat Mouse in 3 trendigen Farben heraus! Diese lustige Maus wird \u00fcber den Bewegungssensor aktiviert. Sobald sich die Katze n\u00e4hert, bewegt sich dieses Spielzeug in unvorhersehbare Richtungen. Auf diese Weise wird der nat\u00fcrliche Jagdinstinkt der Katze aktiviert. Der Schwanz ist mit MADNIP versehen.<br \/><\/span><span style=\"font-size: 10pt;\"><br \/>MADNIP wird aus einer speziellen, in Asien beheimateten Pflanze hergestellt, die Katzen wunderbar entspannen l\u00e4sst! <\/span><span style=\"font-size: 10pt;\">St\u00e4rker und fruchtiger als Katzenminze, ist MADNIP unwiderstehlich f\u00fcr jede Katze. Der Zusatz von MADNIP sorgt f\u00fcr zus\u00e4tzliche<\/span><span style=\"font-size: 10pt;\">\u00a0Interesse an der Robocat-Maus!<\/span><\/p>\n<p><span style=\"font-size: 10pt;\">Wenn die Katze nicht mit der RoboCat Mouse spielt, z. B. nachts, schaltet sie in den Batteriesparmodus. Schalten Sie die RoboCat Mouse kurz ein und aus und das interaktive Katzenspielzeug funktioniert wieder wie zuvor.<\/span><\/p>\n<ul>\n<li><span style=\"font-size: 10pt;\">Mit MADNIP<\/span><\/li>\n<li><span style=\"font-size: 10pt;\">Bewegt sich auf dem Sensor<\/span><\/li>\n<li><span style=\"font-size: 10pt;\">Mit Beleuchtung<\/span><\/li>\n<li><span style=\"font-size: 10pt;\">Ben\u00f6tigt 3 AAA-Batterien\u00a0<\/span><\/li>\n<\/ul>\n<p><span style=\"font-size: 10pt;\">Das Heck kann mit dem mitgelieferten Schraubendreher befestigt werden.<\/p>\n<p><strong><em>Hinweis: Die Robocat-Maus wird ohne Batterien geliefert!<\/em><\/strong><\/span><\/p>\n<p><em><span style=\"font-size: 10pt;\">Die Robocat Mouse ist in 3 Farben erh\u00e4ltlich:<\/span><\/em><br \/><span style=\"font-size: 10pt;\"><strong>ROBO020<\/strong> - Grau<\/span><br \/><span style=\"font-size: 10pt;\"><strong>ROBO021<\/strong> - Rosa<\/span><br \/><span style=\"font-size: 10pt;\"><strong>ROBO022<\/strong> - Ottokraftstoff<\/span><\/p>\n<p>\u00a0<\/p>\n<img loading=\"lazy\" decoding=\"async\" class=\"preview\" style=\"max-width: 100%;\" src=\"\/imagestream\/stream\/276188\/Package_Deal_RoboCat_Header.png\" alt=\"\" width=\"768\" height=\"229\" \/>\n<p>\u00a0<\/p>","protected":false},"excerpt":{"rendered":"<p>Robocat Mouse, bewegt sich, sobald sich eine Katze n\u00e4hert!<\/p>","protected":false},"featured_media":22337,"template":"","meta":{"_acf_changed":false},"product_brand":[],"product_cat":[863,864],"product_tag":[842,866,3806,910],"class_list":{"0":"post-22336","1":"product","2":"type-product","3":"status-publish","4":"has-post-thumbnail","6":"product_cat-kat","7":"product_cat-speelgoed-kat","8":"product_tag-kat","9":"product_tag-madnip","10":"product_tag-robocat","11":"product_tag-roze","12":"tax_brand-robocat","14":"first","15":"instock","16":"taxable","17":"shipping-taxable","18":"purchasable","19":"product-type-simple"},"acf":[],"yoast_head":"<!-- This site is optimized with the Yoast SEO plugin v27.4 - https:\/\/yoast.com\/product\/yoast-seo-wordpress\/ -->\n<title>Robocat Pink mouse - Food4animals<\/title>\n<meta name=\"robots\" content=\"index, follow, max-snippet:-1, max-image-preview:large, max-video-preview:-1\" \/>\n<link rel=\"canonical\" href=\"https:\/\/www.food4animals.nl\/de\/produkt\/robocat-rosa-maus\/\" \/>\n<meta property=\"og:locale\" content=\"de_DE\" \/>\n<meta property=\"og:type\" content=\"article\" \/>\n<meta property=\"og:title\" content=\"Robocat Pink mouse - Food4animals\" \/>\n<meta property=\"og:description\" content=\"Robocat Mouse, beweegt zodra een kat in de buurt komt!\" \/>\n<meta property=\"og:url\" content=\"https:\/\/www.food4animals.nl\/de\/produkt\/robocat-rosa-maus\/\" \/>\n<meta property=\"og:site_name\" content=\"Food4animals\" \/>\n<meta property=\"article:publisher\" content=\"https:\/\/www.facebook.com\/p\/Food4animals-100063861676074\/\" \/>\n<meta property=\"article:modified_time\" content=\"2026-04-16T00:43:00+00:00\" \/>\n<meta property=\"og:image\" content=\"https:\/\/www.food4animals.nl\/wp-content\/uploads\/2024\/02\/275827.png\" \/>\n\t<meta property=\"og:image:width\" content=\"980\" \/>\n\t<meta property=\"og:image:height\" content=\"980\" \/>\n\t<meta property=\"og:image:type\" content=\"image\/png\" \/>\n<meta name=\"twitter:card\" content=\"summary_large_image\" \/>\n<meta name=\"twitter:site\" content=\"@food4animals\" \/>\n<meta name=\"twitter:label1\" content=\"Gesch\u00e4tzte Lesezeit\" \/>\n\t<meta name=\"twitter:data1\" content=\"1\u00a0Minute\" \/>\n<script type=\"application\/ld+json\" class=\"yoast-schema-graph\">{\"@context\":\"https:\\\/\\\/schema.org\",\"@graph\":[{\"@type\":\"WebPage\",\"@id\":\"https:\\\/\\\/www.food4animals.nl\\\/product\\\/robocat-pink-mouse\\\/\",\"url\":\"https:\\\/\\\/www.food4animals.nl\\\/product\\\/robocat-pink-mouse\\\/\",\"name\":\"Robocat Pink mouse - Food4animals\",\"isPartOf\":{\"@id\":\"https:\\\/\\\/www.food4animals.nl\\\/en\\\/#website\"},\"primaryImageOfPage\":{\"@id\":\"https:\\\/\\\/www.food4animals.nl\\\/product\\\/robocat-pink-mouse\\\/#primaryimage\"},\"image\":{\"@id\":\"https:\\\/\\\/www.food4animals.nl\\\/product\\\/robocat-pink-mouse\\\/#primaryimage\"},\"thumbnailUrl\":\"https:\\\/\\\/www.food4animals.nl\\\/wp-content\\\/uploads\\\/2024\\\/02\\\/275827.png\",\"datePublished\":\"2024-02-09T15:33:07+00:00\",\"dateModified\":\"2026-04-16T00:43:00+00:00\",\"breadcrumb\":{\"@id\":\"https:\\\/\\\/www.food4animals.nl\\\/product\\\/robocat-pink-mouse\\\/#breadcrumb\"},\"inLanguage\":\"de\",\"potentialAction\":[{\"@type\":\"ReadAction\",\"target\":[\"https:\\\/\\\/www.food4animals.nl\\\/product\\\/robocat-pink-mouse\\\/\"]}]},{\"@type\":\"ImageObject\",\"inLanguage\":\"de\",\"@id\":\"https:\\\/\\\/www.food4animals.nl\\\/product\\\/robocat-pink-mouse\\\/#primaryimage\",\"url\":\"https:\\\/\\\/www.food4animals.nl\\\/wp-content\\\/uploads\\\/2024\\\/02\\\/275827.png\",\"contentUrl\":\"https:\\\/\\\/www.food4animals.nl\\\/wp-content\\\/uploads\\\/2024\\\/02\\\/275827.png\",\"width\":980,\"height\":980},{\"@type\":\"BreadcrumbList\",\"@id\":\"https:\\\/\\\/www.food4animals.nl\\\/product\\\/robocat-pink-mouse\\\/#breadcrumb\",\"itemListElement\":[{\"@type\":\"ListItem\",\"position\":1,\"name\":\"Home\",\"item\":\"https:\\\/\\\/www.food4animals.nl\\\/\"},{\"@type\":\"ListItem\",\"position\":2,\"name\":\"Winkel\",\"item\":\"https:\\\/\\\/www.food4animals.nl\\\/winkel\\\/\"},{\"@type\":\"ListItem\",\"position\":3,\"name\":\"Robocat Pink mouse\"}]},{\"@type\":\"WebSite\",\"@id\":\"https:\\\/\\\/www.food4animals.nl\\\/en\\\/#website\",\"url\":\"https:\\\/\\\/www.food4animals.nl\\\/en\\\/\",\"name\":\"Food4animals\",\"description\":\"Alles voor Ruiter en Dier\",\"publisher\":{\"@id\":\"https:\\\/\\\/www.food4animals.nl\\\/en\\\/#organization\"},\"potentialAction\":[{\"@type\":\"SearchAction\",\"target\":{\"@type\":\"EntryPoint\",\"urlTemplate\":\"https:\\\/\\\/www.food4animals.nl\\\/en\\\/?s={search_term_string}\"},\"query-input\":{\"@type\":\"PropertyValueSpecification\",\"valueRequired\":true,\"valueName\":\"search_term_string\"}}],\"inLanguage\":\"de\"},{\"@type\":\"Organization\",\"@id\":\"https:\\\/\\\/www.food4animals.nl\\\/en\\\/#organization\",\"name\":\"Food4animals\",\"url\":\"https:\\\/\\\/www.food4animals.nl\\\/en\\\/\",\"logo\":{\"@type\":\"ImageObject\",\"inLanguage\":\"de\",\"@id\":\"https:\\\/\\\/www.food4animals.nl\\\/en\\\/#\\\/schema\\\/logo\\\/image\\\/\",\"url\":\"https:\\\/\\\/www.food4animals.nl\\\/wp-content\\\/uploads\\\/2023\\\/10\\\/Logo.svg\",\"contentUrl\":\"https:\\\/\\\/www.food4animals.nl\\\/wp-content\\\/uploads\\\/2023\\\/10\\\/Logo.svg\",\"width\":1,\"height\":1,\"caption\":\"Food4animals\"},\"image\":{\"@id\":\"https:\\\/\\\/www.food4animals.nl\\\/en\\\/#\\\/schema\\\/logo\\\/image\\\/\"},\"sameAs\":[\"https:\\\/\\\/www.facebook.com\\\/p\\\/Food4animals-100063861676074\\\/\",\"https:\\\/\\\/x.com\\\/food4animals\"]}]}<\/script>\n<!-- \/ Yoast SEO plugin. -->","yoast_head_json":{"title":"Robocat Rosa Maus - Food4animals","robots":{"index":"index","follow":"follow","max-snippet":"max-snippet:-1","max-image-preview":"max-image-preview:large","max-video-preview":"max-video-preview:-1"},"canonical":"https:\/\/www.food4animals.nl\/de\/produkt\/robocat-rosa-maus\/","og_locale":"de_DE","og_type":"article","og_title":"Robocat Pink mouse - Food4animals","og_description":"Robocat Mouse, beweegt zodra een kat in de buurt komt!","og_url":"https:\/\/www.food4animals.nl\/de\/produkt\/robocat-rosa-maus\/","og_site_name":"Food4animals","article_publisher":"https:\/\/www.facebook.com\/p\/Food4animals-100063861676074\/","article_modified_time":"2026-04-16T00:43:00+00:00","og_image":[{"width":980,"height":980,"url":"https:\/\/www.food4animals.nl\/wp-content\/uploads\/2024\/02\/275827.png","type":"image\/png"}],"twitter_card":"summary_large_image","twitter_site":"@food4animals","twitter_misc":{"Gesch\u00e4tzte Lesezeit":"1\u00a0Minute"},"schema":{"@context":"https:\/\/schema.org","@graph":[{"@type":"WebPage","@id":"https:\/\/www.food4animals.nl\/product\/robocat-pink-mouse\/","url":"https:\/\/www.food4animals.nl\/product\/robocat-pink-mouse\/","name":"Robocat Rosa Maus - Food4animals","isPartOf":{"@id":"https:\/\/www.food4animals.nl\/en\/#website"},"primaryImageOfPage":{"@id":"https:\/\/www.food4animals.nl\/product\/robocat-pink-mouse\/#primaryimage"},"image":{"@id":"https:\/\/www.food4animals.nl\/product\/robocat-pink-mouse\/#primaryimage"},"thumbnailUrl":"https:\/\/www.food4animals.nl\/wp-content\/uploads\/2024\/02\/275827.png","datePublished":"2024-02-09T15:33:07+00:00","dateModified":"2026-04-16T00:43:00+00:00","breadcrumb":{"@id":"https:\/\/www.food4animals.nl\/product\/robocat-pink-mouse\/#breadcrumb"},"inLanguage":"de","potentialAction":[{"@type":"ReadAction","target":["https:\/\/www.food4animals.nl\/product\/robocat-pink-mouse\/"]}]},{"@type":"ImageObject","inLanguage":"de","@id":"https:\/\/www.food4animals.nl\/product\/robocat-pink-mouse\/#primaryimage","url":"https:\/\/www.food4animals.nl\/wp-content\/uploads\/2024\/02\/275827.png","contentUrl":"https:\/\/www.food4animals.nl\/wp-content\/uploads\/2024\/02\/275827.png","width":980,"height":980},{"@type":"BreadcrumbList","@id":"https:\/\/www.food4animals.nl\/product\/robocat-pink-mouse\/#breadcrumb","itemListElement":[{"@type":"ListItem","position":1,"name":"Home","item":"https:\/\/www.food4animals.nl\/"},{"@type":"ListItem","position":2,"name":"Winkel","item":"https:\/\/www.food4animals.nl\/winkel\/"},{"@type":"ListItem","position":3,"name":"Robocat Pink mouse"}]},{"@type":"WebSite","@id":"https:\/\/www.food4animals.nl\/en\/#website","url":"https:\/\/www.food4animals.nl\/en\/","name":"Lebensmittel4Tiere","description":"Alles f\u00fcr Reiter und Tier","publisher":{"@id":"https:\/\/www.food4animals.nl\/en\/#organization"},"potentialAction":[{"@type":"SearchAction","target":{"@type":"EntryPoint","urlTemplate":"https:\/\/www.food4animals.nl\/en\/?s={search_term_string}"},"query-input":{"@type":"PropertyValueSpecification","valueRequired":true,"valueName":"search_term_string"}}],"inLanguage":"de"},{"@type":"Organization","@id":"https:\/\/www.food4animals.nl\/en\/#organization","name":"Lebensmittel4Tiere","url":"https:\/\/www.food4animals.nl\/en\/","logo":{"@type":"ImageObject","inLanguage":"de","@id":"https:\/\/www.food4animals.nl\/en\/#\/schema\/logo\/image\/","url":"https:\/\/www.food4animals.nl\/wp-content\/uploads\/2023\/10\/Logo.svg","contentUrl":"https:\/\/www.food4animals.nl\/wp-content\/uploads\/2023\/10\/Logo.svg","width":1,"height":1,"caption":"Food4animals"},"image":{"@id":"https:\/\/www.food4animals.nl\/en\/#\/schema\/logo\/image\/"},"sameAs":["https:\/\/www.facebook.com\/p\/Food4animals-100063861676074\/","https:\/\/x.com\/food4animals"]}]}},"_links":{"self":[{"href":"https:\/\/www.food4animals.nl\/de\/wp-json\/wp\/v2\/product\/22336","targetHints":{"allow":["GET"]}}],"collection":[{"href":"https:\/\/www.food4animals.nl\/de\/wp-json\/wp\/v2\/product"}],"about":[{"href":"https:\/\/www.food4animals.nl\/de\/wp-json\/wp\/v2\/types\/product"}],"wp:featuredmedia":[{"embeddable":true,"href":"https:\/\/www.food4animals.nl\/de\/wp-json\/wp\/v2\/media\/22337"}],"wp:attachment":[{"href":"https:\/\/www.food4animals.nl\/de\/wp-json\/wp\/v2\/media?parent=22336"}],"wp:term":[{"taxonomy":"product_brand","embeddable":true,"href":"https:\/\/www.food4animals.nl\/de\/wp-json\/wp\/v2\/product_brand?post=22336"},{"taxonomy":"product_cat","embeddable":true,"href":"https:\/\/www.food4animals.nl\/de\/wp-json\/wp\/v2\/product_cat?post=22336"},{"taxonomy":"product_tag","embeddable":true,"href":"https:\/\/www.food4animals.nl\/de\/wp-json\/wp\/v2\/product_tag?post=22336"}],"curies":[{"name":"wp","href":"https:\/\/api.w.org\/{rel}","templated":true}]}}