{"id":22678,"date":"2024-02-09T16:46:08","date_gmt":"2024-02-09T15:46:08","guid":{"rendered":"https:\/\/food4animals.nl\/product\/shield-up-stay-away-kat-woelrat-mol\/"},"modified":"2026-04-25T01:38:23","modified_gmt":"2026-04-25T00:38:23","slug":"schild-hoch-bleiben-weg-katze-wuhlmaus-maulwurf","status":"publish","type":"product","link":"https:\/\/www.food4animals.nl\/de\/produkt\/schild-hoch-bleiben-weg-katze-wuhlmaus-maulwurf\/","title":{"rendered":"Schutzschild Up Stay Away Katze\/W\u00fchlmaus\/Maus"},"content":{"rendered":"<p><strong><span style=\"font-size: 10pt;\">Schutzschild Up Stay Away Katze\/W\u00fchlmaus\/Maus<\/span><\/strong><\/p>\n<p><span style=\"font-size: 10pt;\">Shield Up Stay Away Cat\/Vole\/Mole ist ein gebrauchsfertiges Produkt, das Katzen, W\u00fchlm\u00e4use und Maulw\u00fcrfe wirksam abwehrt.<\/span><\/p>\n<p><span style=\"font-size: 10pt;\">Die organische Fl\u00fcssigkeit besteht aus destilliertem Wasser, \u00e4therischen \u00d6len und einem Emulgator und wird mit einem Kokosnussgranulat vermischt. Das Produkt verstr\u00f6mt einen brennenden Geruch, der Katzen, W\u00fchlm\u00e4use und Maulw\u00fcrfe von den Bereichen fernh\u00e4lt, auf die das Produkt aufgetragen wird.<\/span><\/p>\n<p><span style=\"font-size: 10pt;\">Bleibt etwa 3 Monate lang wirksam.<\/span><\/p>\n<p><span style=\"font-size: 10pt;\">Die Fl\u00fcssigkeit ist v\u00f6llig unsch\u00e4dlich f\u00fcr die Gesundheit von Mensch, Tier und Umwelt.<\/span><\/p>\n<p><span style=\"font-size: 10pt;\"><strong>Anwendungen:<br \/><\/strong><\/span><span style=\"font-size: 10pt;\">Rasen, (Gem\u00fcse-)Garten, Wiese und Fu\u00dfballpl\u00e4tze.<\/span><\/p>\n<p><span style=\"font-size: 10pt;\"><strong>Gebrauchsanweisung:<\/strong><\/span><\/p>\n<p><span style=\"font-size: 10pt;\"><u>Katzen:<br \/><\/u><\/span><span style=\"font-size: 10pt;\">Direkt im Garten, entlang der Gartengrenze oder unter Str\u00e4uchern\/B\u00e4umen ausbringen.<\/span><\/p>\n<p><span style=\"font-size: 10pt;\"><strong>Dosierung<br \/><\/strong><\/span><span style=\"font-size: 10pt;\">Eine Handvoll des Produkts pro 5 Meter.<\/span><\/p>\n<p><span style=\"font-size: 10pt;\"><u>W\u00fchlm\u00e4use\/Maulw\u00fcrfe:<br \/><\/u><\/span><span style=\"font-size: 10pt;\">Durchsuche die G\u00e4nge mit einem Stock. \u00d6ffnen Sie den Korridor und streuen Sie ein paar Kokosnussgranulatst\u00fccke in den Korridor. Decken Sie den Korridor ab, aber achten Sie darauf, dass er nicht einst\u00fcrzt.<\/span><\/p>\n<p><span style=\"font-size: 10pt;\"><strong>Dosierung<br \/><\/strong><\/span><span style=\"font-size: 10pt;\">Wenige Kokosnussgranulatst\u00fcckchen pro 1 - 2 Meter.<\/span><\/p>","protected":false},"excerpt":{"rendered":"<p>Sch\u00fctzt wirksam vor Katzen, W\u00fchlm\u00e4usen und Maulw\u00fcrfen.<\/p>","protected":false},"featured_media":22679,"template":"","meta":{"_acf_changed":false},"product_brand":[],"product_cat":[1196,3945],"product_tag":[3943],"class_list":{"0":"post-22678","1":"product","2":"type-product","3":"status-publish","4":"has-post-thumbnail","6":"product_cat-ongedierte","7":"product_cat-wering","8":"product_tag-shield-up","9":"tax_brand-shield-up","11":"first","12":"instock","13":"taxable","14":"shipping-taxable","15":"purchasable","16":"product-type-simple"},"acf":[],"yoast_head":"<!-- This site is optimized with the Yoast SEO plugin v27.4 - https:\/\/yoast.com\/product\/yoast-seo-wordpress\/ -->\n<title>Shield Up Stay Away Kat\/Woelrat\/Mol - Food4animals<\/title>\n<meta name=\"robots\" content=\"index, follow, max-snippet:-1, max-image-preview:large, max-video-preview:-1\" \/>\n<link rel=\"canonical\" href=\"https:\/\/www.food4animals.nl\/de\/produkt\/schild-hoch-bleiben-weg-katze-wuhlmaus-maulwurf\/\" \/>\n<meta property=\"og:locale\" content=\"de_DE\" \/>\n<meta property=\"og:type\" content=\"article\" \/>\n<meta property=\"og:title\" content=\"Shield Up Stay Away Kat\/Woelrat\/Mol - Food4animals\" \/>\n<meta property=\"og:description\" content=\"Verjaagt doeltreffend katten, woelratten en mollen.\" \/>\n<meta property=\"og:url\" content=\"https:\/\/www.food4animals.nl\/de\/produkt\/schild-hoch-bleiben-weg-katze-wuhlmaus-maulwurf\/\" \/>\n<meta property=\"og:site_name\" content=\"Food4animals\" \/>\n<meta property=\"article:publisher\" content=\"https:\/\/www.facebook.com\/p\/Food4animals-100063861676074\/\" \/>\n<meta property=\"article:modified_time\" content=\"2026-04-25T00:38:23+00:00\" \/>\n<meta property=\"og:image\" content=\"https:\/\/www.food4animals.nl\/wp-content\/uploads\/2024\/02\/279654.png\" \/>\n\t<meta property=\"og:image:width\" content=\"1024\" \/>\n\t<meta property=\"og:image:height\" content=\"1024\" \/>\n\t<meta property=\"og:image:type\" content=\"image\/png\" \/>\n<meta name=\"twitter:card\" content=\"summary_large_image\" \/>\n<meta name=\"twitter:site\" content=\"@food4animals\" \/>\n<meta name=\"twitter:label1\" content=\"Gesch\u00e4tzte Lesezeit\" \/>\n\t<meta name=\"twitter:data1\" content=\"1\u00a0Minute\" \/>\n<script type=\"application\/ld+json\" class=\"yoast-schema-graph\">{\"@context\":\"https:\\\/\\\/schema.org\",\"@graph\":[{\"@type\":\"WebPage\",\"@id\":\"https:\\\/\\\/www.food4animals.nl\\\/product\\\/shield-up-stay-away-kat-woelrat-mol\\\/\",\"url\":\"https:\\\/\\\/www.food4animals.nl\\\/product\\\/shield-up-stay-away-kat-woelrat-mol\\\/\",\"name\":\"Shield Up Stay Away Kat\\\/Woelrat\\\/Mol - Food4animals\",\"isPartOf\":{\"@id\":\"https:\\\/\\\/www.food4animals.nl\\\/en\\\/#website\"},\"primaryImageOfPage\":{\"@id\":\"https:\\\/\\\/www.food4animals.nl\\\/product\\\/shield-up-stay-away-kat-woelrat-mol\\\/#primaryimage\"},\"image\":{\"@id\":\"https:\\\/\\\/www.food4animals.nl\\\/product\\\/shield-up-stay-away-kat-woelrat-mol\\\/#primaryimage\"},\"thumbnailUrl\":\"https:\\\/\\\/www.food4animals.nl\\\/wp-content\\\/uploads\\\/2024\\\/02\\\/279654.png\",\"datePublished\":\"2024-02-09T15:46:08+00:00\",\"dateModified\":\"2026-04-25T00:38:23+00:00\",\"breadcrumb\":{\"@id\":\"https:\\\/\\\/www.food4animals.nl\\\/product\\\/shield-up-stay-away-kat-woelrat-mol\\\/#breadcrumb\"},\"inLanguage\":\"de\",\"potentialAction\":[{\"@type\":\"ReadAction\",\"target\":[\"https:\\\/\\\/www.food4animals.nl\\\/product\\\/shield-up-stay-away-kat-woelrat-mol\\\/\"]}]},{\"@type\":\"ImageObject\",\"inLanguage\":\"de\",\"@id\":\"https:\\\/\\\/www.food4animals.nl\\\/product\\\/shield-up-stay-away-kat-woelrat-mol\\\/#primaryimage\",\"url\":\"https:\\\/\\\/www.food4animals.nl\\\/wp-content\\\/uploads\\\/2024\\\/02\\\/279654.png\",\"contentUrl\":\"https:\\\/\\\/www.food4animals.nl\\\/wp-content\\\/uploads\\\/2024\\\/02\\\/279654.png\",\"width\":1024,\"height\":1024},{\"@type\":\"BreadcrumbList\",\"@id\":\"https:\\\/\\\/www.food4animals.nl\\\/product\\\/shield-up-stay-away-kat-woelrat-mol\\\/#breadcrumb\",\"itemListElement\":[{\"@type\":\"ListItem\",\"position\":1,\"name\":\"Home\",\"item\":\"https:\\\/\\\/www.food4animals.nl\\\/\"},{\"@type\":\"ListItem\",\"position\":2,\"name\":\"Winkel\",\"item\":\"https:\\\/\\\/www.food4animals.nl\\\/winkel\\\/\"},{\"@type\":\"ListItem\",\"position\":3,\"name\":\"Shield Up Stay Away Kat\\\/Woelrat\\\/Mol\"}]},{\"@type\":\"WebSite\",\"@id\":\"https:\\\/\\\/www.food4animals.nl\\\/en\\\/#website\",\"url\":\"https:\\\/\\\/www.food4animals.nl\\\/en\\\/\",\"name\":\"Food4animals\",\"description\":\"Alles voor Ruiter en Dier\",\"publisher\":{\"@id\":\"https:\\\/\\\/www.food4animals.nl\\\/en\\\/#organization\"},\"potentialAction\":[{\"@type\":\"SearchAction\",\"target\":{\"@type\":\"EntryPoint\",\"urlTemplate\":\"https:\\\/\\\/www.food4animals.nl\\\/en\\\/?s={search_term_string}\"},\"query-input\":{\"@type\":\"PropertyValueSpecification\",\"valueRequired\":true,\"valueName\":\"search_term_string\"}}],\"inLanguage\":\"de\"},{\"@type\":\"Organization\",\"@id\":\"https:\\\/\\\/www.food4animals.nl\\\/en\\\/#organization\",\"name\":\"Food4animals\",\"url\":\"https:\\\/\\\/www.food4animals.nl\\\/en\\\/\",\"logo\":{\"@type\":\"ImageObject\",\"inLanguage\":\"de\",\"@id\":\"https:\\\/\\\/www.food4animals.nl\\\/en\\\/#\\\/schema\\\/logo\\\/image\\\/\",\"url\":\"https:\\\/\\\/www.food4animals.nl\\\/wp-content\\\/uploads\\\/2023\\\/10\\\/Logo.svg\",\"contentUrl\":\"https:\\\/\\\/www.food4animals.nl\\\/wp-content\\\/uploads\\\/2023\\\/10\\\/Logo.svg\",\"width\":1,\"height\":1,\"caption\":\"Food4animals\"},\"image\":{\"@id\":\"https:\\\/\\\/www.food4animals.nl\\\/en\\\/#\\\/schema\\\/logo\\\/image\\\/\"},\"sameAs\":[\"https:\\\/\\\/www.facebook.com\\\/p\\\/Food4animals-100063861676074\\\/\",\"https:\\\/\\\/x.com\\\/food4animals\"]}]}<\/script>\n<!-- \/ Yoast SEO plugin. -->","yoast_head_json":{"title":"Shield Up Stay Away Katze\/W\u00fchlmaus\/Maus - Food4animals","robots":{"index":"index","follow":"follow","max-snippet":"max-snippet:-1","max-image-preview":"max-image-preview:large","max-video-preview":"max-video-preview:-1"},"canonical":"https:\/\/www.food4animals.nl\/de\/produkt\/schild-hoch-bleiben-weg-katze-wuhlmaus-maulwurf\/","og_locale":"de_DE","og_type":"article","og_title":"Shield Up Stay Away Kat\/Woelrat\/Mol - Food4animals","og_description":"Verjaagt doeltreffend katten, woelratten en mollen.","og_url":"https:\/\/www.food4animals.nl\/de\/produkt\/schild-hoch-bleiben-weg-katze-wuhlmaus-maulwurf\/","og_site_name":"Food4animals","article_publisher":"https:\/\/www.facebook.com\/p\/Food4animals-100063861676074\/","article_modified_time":"2026-04-25T00:38:23+00:00","og_image":[{"width":1024,"height":1024,"url":"https:\/\/www.food4animals.nl\/wp-content\/uploads\/2024\/02\/279654.png","type":"image\/png"}],"twitter_card":"summary_large_image","twitter_site":"@food4animals","twitter_misc":{"Gesch\u00e4tzte Lesezeit":"1\u00a0Minute"},"schema":{"@context":"https:\/\/schema.org","@graph":[{"@type":"WebPage","@id":"https:\/\/www.food4animals.nl\/product\/shield-up-stay-away-kat-woelrat-mol\/","url":"https:\/\/www.food4animals.nl\/product\/shield-up-stay-away-kat-woelrat-mol\/","name":"Shield Up Stay Away Katze\/W\u00fchlmaus\/Maus - Food4animals","isPartOf":{"@id":"https:\/\/www.food4animals.nl\/en\/#website"},"primaryImageOfPage":{"@id":"https:\/\/www.food4animals.nl\/product\/shield-up-stay-away-kat-woelrat-mol\/#primaryimage"},"image":{"@id":"https:\/\/www.food4animals.nl\/product\/shield-up-stay-away-kat-woelrat-mol\/#primaryimage"},"thumbnailUrl":"https:\/\/www.food4animals.nl\/wp-content\/uploads\/2024\/02\/279654.png","datePublished":"2024-02-09T15:46:08+00:00","dateModified":"2026-04-25T00:38:23+00:00","breadcrumb":{"@id":"https:\/\/www.food4animals.nl\/product\/shield-up-stay-away-kat-woelrat-mol\/#breadcrumb"},"inLanguage":"de","potentialAction":[{"@type":"ReadAction","target":["https:\/\/www.food4animals.nl\/product\/shield-up-stay-away-kat-woelrat-mol\/"]}]},{"@type":"ImageObject","inLanguage":"de","@id":"https:\/\/www.food4animals.nl\/product\/shield-up-stay-away-kat-woelrat-mol\/#primaryimage","url":"https:\/\/www.food4animals.nl\/wp-content\/uploads\/2024\/02\/279654.png","contentUrl":"https:\/\/www.food4animals.nl\/wp-content\/uploads\/2024\/02\/279654.png","width":1024,"height":1024},{"@type":"BreadcrumbList","@id":"https:\/\/www.food4animals.nl\/product\/shield-up-stay-away-kat-woelrat-mol\/#breadcrumb","itemListElement":[{"@type":"ListItem","position":1,"name":"Home","item":"https:\/\/www.food4animals.nl\/"},{"@type":"ListItem","position":2,"name":"Winkel","item":"https:\/\/www.food4animals.nl\/winkel\/"},{"@type":"ListItem","position":3,"name":"Shield Up Stay Away Kat\/Woelrat\/Mol"}]},{"@type":"WebSite","@id":"https:\/\/www.food4animals.nl\/en\/#website","url":"https:\/\/www.food4animals.nl\/en\/","name":"Lebensmittel4Tiere","description":"Alles f\u00fcr Reiter und Tier","publisher":{"@id":"https:\/\/www.food4animals.nl\/en\/#organization"},"potentialAction":[{"@type":"SearchAction","target":{"@type":"EntryPoint","urlTemplate":"https:\/\/www.food4animals.nl\/en\/?s={search_term_string}"},"query-input":{"@type":"PropertyValueSpecification","valueRequired":true,"valueName":"search_term_string"}}],"inLanguage":"de"},{"@type":"Organization","@id":"https:\/\/www.food4animals.nl\/en\/#organization","name":"Lebensmittel4Tiere","url":"https:\/\/www.food4animals.nl\/en\/","logo":{"@type":"ImageObject","inLanguage":"de","@id":"https:\/\/www.food4animals.nl\/en\/#\/schema\/logo\/image\/","url":"https:\/\/www.food4animals.nl\/wp-content\/uploads\/2023\/10\/Logo.svg","contentUrl":"https:\/\/www.food4animals.nl\/wp-content\/uploads\/2023\/10\/Logo.svg","width":1,"height":1,"caption":"Food4animals"},"image":{"@id":"https:\/\/www.food4animals.nl\/en\/#\/schema\/logo\/image\/"},"sameAs":["https:\/\/www.facebook.com\/p\/Food4animals-100063861676074\/","https:\/\/x.com\/food4animals"]}]}},"_links":{"self":[{"href":"https:\/\/www.food4animals.nl\/de\/wp-json\/wp\/v2\/product\/22678","targetHints":{"allow":["GET"]}}],"collection":[{"href":"https:\/\/www.food4animals.nl\/de\/wp-json\/wp\/v2\/product"}],"about":[{"href":"https:\/\/www.food4animals.nl\/de\/wp-json\/wp\/v2\/types\/product"}],"wp:featuredmedia":[{"embeddable":true,"href":"https:\/\/www.food4animals.nl\/de\/wp-json\/wp\/v2\/media\/22679"}],"wp:attachment":[{"href":"https:\/\/www.food4animals.nl\/de\/wp-json\/wp\/v2\/media?parent=22678"}],"wp:term":[{"taxonomy":"product_brand","embeddable":true,"href":"https:\/\/www.food4animals.nl\/de\/wp-json\/wp\/v2\/product_brand?post=22678"},{"taxonomy":"product_cat","embeddable":true,"href":"https:\/\/www.food4animals.nl\/de\/wp-json\/wp\/v2\/product_cat?post=22678"},{"taxonomy":"product_tag","embeddable":true,"href":"https:\/\/www.food4animals.nl\/de\/wp-json\/wp\/v2\/product_tag?post=22678"}],"curies":[{"name":"wp","href":"https:\/\/api.w.org\/{rel}","templated":true}]}}