{"id":22911,"date":"2024-02-09T17:02:58","date_gmt":"2024-02-09T16:02:58","guid":{"rendered":"https:\/\/food4animals.nl\/product\/tribex-10-reg-nl-ura\/"},"modified":"2026-04-11T01:40:18","modified_gmt":"2026-04-11T00:40:18","slug":"tribex-10-reg-en-ura","status":"publish","type":"product","link":"https:\/\/www.food4animals.nl\/de\/produkt\/tribex-10-reg-en-ura\/","title":{"rendered":"Tribex 10% REG EN URA"},"content":{"rendered":"<p><span style=\"color: #ff0000; font-size: 10pt;\"><strong><span style=\"color: #ff0000;\">Erh\u00e4ltlich nur bei einem Tierarzt oder auf tier\u00e4rztliche Verschreibung in einer zugelassenen Apotheke oder bei einem zugelassenen Lieferanten.<\/span><\/strong><\/span><\/p>\n<p><span style=\"color: #000000;\">TIPP!<\/span><br \/>\n<span style=\"color: #000000;\">Um Tribex einzugeben, verwenden Sie die Drench-Gun Automatic (<a href=\"\/de\/produkt\/14806-drench-gun-automatic-80-ml-compleet\/\">DREN0106<\/a>)\u00a0<\/span><strong><br \/>\n<\/strong><\/p>\n<p><span style=\"font-size: 10pt;\"><strong>Tribex 10%<br \/>\n<\/strong><\/span><span style=\"font-size: 10pt;\">Suspension zur oralen Anwendung zur Behandlung aller Stadien des Leberegels.<\/span><\/p>\n<p><span style=\"font-size: 10pt;\"><strong>Zielarten<br \/>\n<\/strong><\/span><span style=\"font-size: 10pt;\">Rindfleisch.<\/span><\/p>\n<p><span style=\"font-size: 10pt;\"><strong>Wirkstoff<br \/>\n<\/strong><\/span><span style=\"font-size: 10pt;\">Triclabendazol 100 mg\/ml<\/span><\/p>\n<p><span style=\"font-size: 10pt;\"><strong>Anzeige<br \/>\n<\/strong><\/span><span style=\"font-size: 10pt;\">Zur Behandlung akuter, subakuter und chronischer Leberegelinfektionen bei Rindern, die durch fr\u00fche unreife, unreife und adulte Stadien des Leberegels verursacht werden (<em>Fasciola hepatica<\/em>), die empfindlich auf Triclabendazol reagieren.<\/span><\/p>\n<p><span style=\"font-size: 10pt;\">Das Tierarzneimittel kann unbedenklich an tr\u00e4chtige Rinder verabreicht werden (<em>siehe auch Wartezeit<\/em>).<\/span><\/p>\n<p><span style=\"font-size: 10pt;\"><strong>Kontraindikation<br \/>\n<\/strong><\/span><span style=\"font-size: 10pt;\">Nicht anwenden bei \u00dcberempfindlichkeit gegen den Wirkstoff.<\/span><\/p>\n<p><span style=\"font-size: 10pt;\"><strong>Dosierung<br \/>\n<\/strong><\/span><span style=\"font-size: 10pt;\">Nur zur oralen Verabreichung: ordnungsgem\u00e4\u00df geeichte Dosierger\u00e4te verwenden. Berechnen Sie das K\u00f6rpergewicht so genau wie m\u00f6glich. Den Beh\u00e4lter vor Gebrauch gut sch\u00fctteln.<\/span><\/p>\n<p><span style=\"font-size: 10pt;\">Empfohlene Dosierungsmenge:<\/span><\/p>\n<p><span style=\"font-size: 10pt;\">12 mg Triclabendazol pro kg K\u00f6rpergewicht als einmalige Verabreichung, was 6 ml des Tierarzneimittels pro 50 kg K\u00f6rpergewicht entspricht.<\/span><\/p>\n<p><span style=\"font-size: 10pt;\"><strong>Dosierungsprogramm<br \/>\n<\/strong><\/span><span style=\"font-size: 10pt;\"><em>Normale Behandlung (Gebiete mit starkem Leberknochenbefall)<br \/>\n<\/em><\/span><span style=\"font-size: 10pt;\">Als Richtwert gilt: alle Rinder, die auf leberknochenbefallenen Weiden grasen, in regelm\u00e4\u00dfigen 10-w\u00f6chigen Abst\u00e4nden von M\u00e4rz\/April bis Oktober\/November vorbeugend behandeln. In Situationen, in denen die Rinder im Winter im Freien sind, kann eine zus\u00e4tzliche Behandlung im Januar erforderlich sein. Alle Tiere, die auf der Weide grasen, sollten in diesen Abst\u00e4nden behandelt werden. Alle neu zugekauften Tiere sollten behandelt werden, bevor sie in die Hauptherde aufgenommen werden. Hinsichtlich der spezifischen pr\u00e4ventiven Dosierungsschemata sollte tier\u00e4rztlicher Rat eingeholt werden.<\/span><\/p>\n<p><span style=\"font-size: 10pt;\"><em>Normale Behandlung (Gebiete mit m\u00e4\u00dfigem Leberegelbefall)<br \/>\n<\/em><\/span><span style=\"font-size: 10pt;\">Behandeln Sie alle Rinder auf Weiden, die mit Leberegeln infiziert sind, in 10-w\u00f6chigen Abst\u00e4nden w\u00e4hrend der Leberegelsaison, normalerweise von September bis Januar\/Februar. Eine zus\u00e4tzliche pr\u00e4ventive Behandlung im Fr\u00fchjahr tr\u00e4gt dazu bei, die Zahl der Neuinfektionen auf den Weiden im folgenden Herbst zu verringern. Alle neu erworbenen Tiere sollten behandelt werden, bevor sie Teil der Hauptherde werden.<\/span><\/p>\n<p><span style=\"font-size: 10pt;\"><em>Rinder im Winter im Stall<br \/>\n<\/em><\/span><span style=\"font-size: 10pt;\">Werden die Rinder im Winter im Stall gehalten, sollte 2 Wochen nach dem Einstallen eine einmalige Dosis eines Tierarzneimittels verabreicht werden.<\/span><\/p>\n<p><span style=\"font-size: 10pt;\"><em>Behandlung von subakuten und akuten Ausbr\u00fcchen<br \/>\n<\/em><\/span><span style=\"font-size: 10pt;\">Die Herde sollte sofort nach der Diagnose behandelt werden, und es sollte tier\u00e4rztlicher Rat bez\u00fcglich der weiteren Behandlungsintervalle eingeholt werden. Mit einem pr\u00e4ventiven Leberegel-Behandlungsprogramm wird das Risiko eines Ausbruchs einer akuten Leberegel-Infektion deutlich verringert. Eine erneute Behandlung sollte nicht innerhalb von 8 Wochen erfolgen.<\/span><\/p>\n<p><span style=\"font-size: 10pt;\"><strong>Besondere Warnhinweise<br \/>\n<\/strong><\/span><span style=\"font-size: 10pt;\">Die folgenden Situationen sollten vermieden werden, da sie die Entwicklung von Resistenzen f\u00f6rdern und letztlich zu einer unwirksamen Behandlung f\u00fchren k\u00f6nnen:<\/span><\/p>\n<ul>\n<li><span style=\"font-size: 10pt;\">Zu h\u00e4ufige und wiederholte Anwendung von Anthelminthika der gleichen Gruppe \u00fcber einen l\u00e4ngeren Zeitraum.<\/span><\/li>\n<li><span style=\"font-size: 10pt;\">Unterdosierung aufgrund einer Untersch\u00e4tzung des K\u00f6rpergewichts, einer falschen Verabreichung des Tierarzneimittels oder eines nicht oder falsch kalibrierten Dosierger\u00e4ts (falls zutreffend).<\/span><\/li>\n<\/ul>\n<p><span style=\"font-size: 10pt;\"><strong>Wartezeit<br \/>\n<\/strong><\/span><span style=\"font-size: 10pt;\"><em>Fleisch und Innereien:<\/em> 56 Tage.<\/span><\/p>\n<p><span style=\"font-size: 10pt;\"><em>Milch:<br \/>\n<\/em><\/span><span style=\"font-size: 10pt;\">Bei Anwendung des Tierarzneimittels bei nicht s\u00e4ugenden Rindern: Die Milch darf erst ab 84 Stunden nach dem Abkalben f\u00fcr den menschlichen Verzehr verwendet werden.<\/span><\/p>\n<p><span style=\"font-size: 10pt;\">Das Tierarzneimittel darf nicht innerhalb von 41 Tagen vor dem Abkalben verwendet werden. Findet das Kalben fr\u00fcher als 41 Tage nach der Behandlung statt, darf die Milch erst 41 Tage plus 84 Stunden nach der Behandlung f\u00fcr den menschlichen Verzehr verwendet werden.<\/span><\/p>\n<p><span style=\"font-size: 10pt;\">Nicht zugelassen zur Verwendung w\u00e4hrend der Laktation bei Rindern, die Milch f\u00fcr den menschlichen Verzehr erzeugen.<\/span><\/p>\n<p><span style=\"font-size: 10pt;\"><strong>Inhalt<\/strong><\/span><span style=\"font-size: 10pt;\"><br \/>\n<\/span><span style=\"font-size: 10pt;\">2,2 Liter<\/span><\/p>\n<p><span style=\"font-size: 10pt;\"><a href=\"https:\/\/www.diergeneesmiddeleninformatiebank.nl\/ords\/f?p=111:3::SEARCH:::P0_DOMAIN,P0_LANG,P3_RVG1:V,NL,10003\" target=\"_blank\" rel=\"noopener\"><strong> REG EN 10003<\/strong><\/a><\/span><\/p>\n<p><span style=\"font-size: 10pt;\">Nur f\u00fcr den tier\u00e4rztlichen Gebrauch - URA<\/span><\/p>\n<a href=\"https:\/\/www.cbg-meb.nl\/onderwerpen\/bd-internethandel-diergeneesmiddelen\" target=\"_blank\" rel=\"noopener\"><img decoding=\"async\" class=\"preview\" style=\"max-width: 90px; float: right;\" src=\"\/imagestream\/stream\/279197\/2209-logo-internethandel.jpg\" alt=\"\" \/><\/a>","protected":false},"excerpt":{"rendered":"<p>Medikament zur Bek\u00e4mpfung aller Stadien von Leberknochen bei Rindern auf der Basis von Triclabendazol 10%.<\/p>\n<h3><span style=\"color: #ff0000;\"><em>Verfahren Worm Abhilfema\u00dfnahmen \"URA Abhilfema\u00dfnahmen\"<\/em><\/span><\/h3>\n<p><em>\u00a0-nur auf Originalrezept mit \"feuchter\" Unterschrift erh\u00e4ltlich<\/em><\/p>\n<p><em>\u00a0-Gescannte Rezepte sind nicht erlaubt.<\/em><\/p>\n<p><em>\u00a0-Schicken Sie das Originalrezept per Post an: Food4animals, Zwanenveld 6, 6852LX, Huissen, die Niederlande<\/em><\/p>\n<p><em>\u00a0-Bestellen Sie per Mail (info@food4animals.nl), was Sie brauchen, wir sorgen daf\u00fcr, dass es auf Lager ist, wenn es abgeholt wird.<\/em><\/p>\n<p><em>\u00a0-Sie werden benachrichtigt, wenn Ihre Bestellung zur Abholung bereit ist.<\/em><\/p>\n<h5><span style=\"color: #ff0000;\"><em>\u00a0Also ohne Rezept keine Lieferung<\/em><\/span><\/h5>\n<h3><span style=\"color: #ff0000;\"><a style=\"color: #ff0000;\" href=\"http:\/\/food4animals.nl\/wp-content\/uploads\/2024\/01\/Recept-origineel-vee-2024.pdf\">Download Musterrezept Rinder<\/a><\/span><\/h3>\n<p><a href=\"https:\/\/www.cbg-meb.nl\/onderwerpen\/bd-internethandel-diergeneesmiddelen\" target=\"_blank\" rel=\"noopener\"><img loading=\"lazy\" decoding=\"async\" class=\"alignnone wp-image-23456 size-full\" src=\"http:\/\/food4animals.nl\/wp-content\/uploads\/2024\/02\/NVWA-Logo.jpg\" alt=\"\" width=\"141\" height=\"117\" srcset=\"https:\/\/www.food4animals.nl\/wp-content\/uploads\/2024\/02\/NVWA-Logo.jpg 141w, https:\/\/www.food4animals.nl\/wp-content\/uploads\/2024\/02\/NVWA-Logo-14x12.jpg 14w, https:\/\/www.food4animals.nl\/wp-content\/uploads\/2024\/02\/NVWA-Logo-106x88.jpg 106w, https:\/\/www.food4animals.nl\/wp-content\/uploads\/2024\/02\/NVWA-Logo-80x66.jpg 80w\" sizes=\"auto, (max-width: 141px) 100vw, 141px\" \/><\/a><\/p>","protected":false},"featured_media":22912,"template":"","meta":{"_acf_changed":false},"product_brand":[],"product_cat":[993,996],"product_tag":[3989,1429,1430,3990],"class_list":{"0":"post-22911","1":"product","2":"type-product","3":"status-publish","4":"has-post-thumbnail","6":"product_cat-apotheek","7":"product_cat-medicatie-op-recept","8":"product_tag-leverbot","9":"product_tag-ontworming-en-leverbot","10":"product_tag-oraal","11":"product_tag-tribex","12":"tax_brand-holland-animal-care","14":"first","15":"instock","16":"taxable","17":"shipping-taxable","18":"product-type-simple"},"acf":[],"yoast_head":"<!-- This site is optimized with the Yoast SEO plugin v27.2 - https:\/\/yoast.com\/product\/yoast-seo-wordpress\/ -->\n<title>Tribex 10% REG NL URA - Food4animals<\/title>\n<meta name=\"robots\" content=\"index, follow, max-snippet:-1, max-image-preview:large, max-video-preview:-1\" \/>\n<link rel=\"canonical\" href=\"https:\/\/www.food4animals.nl\/de\/produkt\/tribex-10-reg-en-ura\/\" \/>\n<meta property=\"og:locale\" content=\"de_DE\" \/>\n<meta property=\"og:type\" content=\"article\" \/>\n<meta property=\"og:title\" content=\"Tribex 10% REG NL URA - Food4animals\" \/>\n<meta property=\"og:description\" content=\"Middel ter bestrijding van alle stadia leverbotten bij rundvee op basis van triclabendazole 10%. Procedure Wormmiddelen \u201cURA middelen\u201d \u00a0-Alleen verkrijgbaar op origineel recept met \u201cnatte\u201d handtekening  \u00a0-Gescande recepten zijn niet toegestaan.  \u00a0-Stuur het Origineel recept per post naar: Food4animals, Zwanenveld 6, 6852LX, Huissen, Nederland  \u00a0-Bestel per mail (info@food4animals.nl) wat u nodig heeft, wij zorgen dat het op voorraad is als het opgehaald wordt.  \u00a0-U ontvangt bericht als uw bestelling klaar staat voor afhalen. \u00a0Dus zonder\u00a0recept\u00a0geen levering Download voorbeeld Recept Vee\" \/>\n<meta property=\"og:url\" content=\"https:\/\/www.food4animals.nl\/de\/produkt\/tribex-10-reg-en-ura\/\" \/>\n<meta property=\"og:site_name\" content=\"Food4animals\" \/>\n<meta property=\"article:publisher\" content=\"https:\/\/www.facebook.com\/p\/Food4animals-100063861676074\/\" \/>\n<meta property=\"article:modified_time\" content=\"2026-04-11T00:40:18+00:00\" \/>\n<meta property=\"og:image\" content=\"https:\/\/www.food4animals.nl\/wp-content\/uploads\/2024\/02\/92437.png\" \/>\n\t<meta property=\"og:image:width\" content=\"674\" \/>\n\t<meta property=\"og:image:height\" content=\"980\" \/>\n\t<meta property=\"og:image:type\" content=\"image\/png\" \/>\n<meta name=\"twitter:card\" content=\"summary_large_image\" \/>\n<meta name=\"twitter:site\" content=\"@food4animals\" \/>\n<meta name=\"twitter:label1\" content=\"Gesch\u00e4tzte Lesezeit\" \/>\n\t<meta name=\"twitter:data1\" content=\"3\u00a0Minuten\" \/>\n<script type=\"application\/ld+json\" class=\"yoast-schema-graph\">{\"@context\":\"https:\/\/schema.org\",\"@graph\":[{\"@type\":\"WebPage\",\"@id\":\"https:\/\/www.food4animals.nl\/product\/tribex-10-reg-nl-ura\/\",\"url\":\"https:\/\/www.food4animals.nl\/product\/tribex-10-reg-nl-ura\/\",\"name\":\"Tribex 10% REG NL URA - Food4animals\",\"isPartOf\":{\"@id\":\"https:\/\/www.food4animals.nl\/en\/#website\"},\"primaryImageOfPage\":{\"@id\":\"https:\/\/www.food4animals.nl\/product\/tribex-10-reg-nl-ura\/#primaryimage\"},\"image\":{\"@id\":\"https:\/\/www.food4animals.nl\/product\/tribex-10-reg-nl-ura\/#primaryimage\"},\"thumbnailUrl\":\"https:\/\/www.food4animals.nl\/wp-content\/uploads\/2024\/02\/92437.png\",\"datePublished\":\"2024-02-09T16:02:58+00:00\",\"dateModified\":\"2026-04-11T00:40:18+00:00\",\"breadcrumb\":{\"@id\":\"https:\/\/www.food4animals.nl\/product\/tribex-10-reg-nl-ura\/#breadcrumb\"},\"inLanguage\":\"de\",\"potentialAction\":[{\"@type\":\"ReadAction\",\"target\":[\"https:\/\/www.food4animals.nl\/product\/tribex-10-reg-nl-ura\/\"]}]},{\"@type\":\"ImageObject\",\"inLanguage\":\"de\",\"@id\":\"https:\/\/www.food4animals.nl\/product\/tribex-10-reg-nl-ura\/#primaryimage\",\"url\":\"https:\/\/www.food4animals.nl\/wp-content\/uploads\/2024\/02\/92437.png\",\"contentUrl\":\"https:\/\/www.food4animals.nl\/wp-content\/uploads\/2024\/02\/92437.png\",\"width\":674,\"height\":980},{\"@type\":\"BreadcrumbList\",\"@id\":\"https:\/\/www.food4animals.nl\/product\/tribex-10-reg-nl-ura\/#breadcrumb\",\"itemListElement\":[{\"@type\":\"ListItem\",\"position\":1,\"name\":\"Home\",\"item\":\"https:\/\/www.food4animals.nl\/\"},{\"@type\":\"ListItem\",\"position\":2,\"name\":\"Winkel\",\"item\":\"https:\/\/www.food4animals.nl\/winkel\/\"},{\"@type\":\"ListItem\",\"position\":3,\"name\":\"Tribex 10% REG NL URA\"}]},{\"@type\":\"WebSite\",\"@id\":\"https:\/\/www.food4animals.nl\/en\/#website\",\"url\":\"https:\/\/www.food4animals.nl\/en\/\",\"name\":\"Food4animals\",\"description\":\"Alles voor Ruiter en Dier\",\"publisher\":{\"@id\":\"https:\/\/www.food4animals.nl\/en\/#organization\"},\"potentialAction\":[{\"@type\":\"SearchAction\",\"target\":{\"@type\":\"EntryPoint\",\"urlTemplate\":\"https:\/\/www.food4animals.nl\/en\/?s={search_term_string}\"},\"query-input\":{\"@type\":\"PropertyValueSpecification\",\"valueRequired\":true,\"valueName\":\"search_term_string\"}}],\"inLanguage\":\"de\"},{\"@type\":\"Organization\",\"@id\":\"https:\/\/www.food4animals.nl\/en\/#organization\",\"name\":\"Food4animals\",\"url\":\"https:\/\/www.food4animals.nl\/en\/\",\"logo\":{\"@type\":\"ImageObject\",\"inLanguage\":\"de\",\"@id\":\"https:\/\/www.food4animals.nl\/en\/#\/schema\/logo\/image\/\",\"url\":\"https:\/\/www.food4animals.nl\/wp-content\/uploads\/2023\/10\/Logo.svg\",\"contentUrl\":\"https:\/\/www.food4animals.nl\/wp-content\/uploads\/2023\/10\/Logo.svg\",\"width\":1,\"height\":1,\"caption\":\"Food4animals\"},\"image\":{\"@id\":\"https:\/\/www.food4animals.nl\/en\/#\/schema\/logo\/image\/\"},\"sameAs\":[\"https:\/\/www.facebook.com\/p\/Food4animals-100063861676074\/\",\"https:\/\/x.com\/food4animals\"]}]}<\/script>\n<!-- \/ Yoast SEO plugin. -->","yoast_head_json":{"title":"Tribex 10% REG EN URA - Food4animals","robots":{"index":"index","follow":"follow","max-snippet":"max-snippet:-1","max-image-preview":"max-image-preview:large","max-video-preview":"max-video-preview:-1"},"canonical":"https:\/\/www.food4animals.nl\/de\/produkt\/tribex-10-reg-en-ura\/","og_locale":"de_DE","og_type":"article","og_title":"Tribex 10% REG NL URA - Food4animals","og_description":"Middel ter bestrijding van alle stadia leverbotten bij rundvee op basis van triclabendazole 10%. Procedure Wormmiddelen \u201cURA middelen\u201d \u00a0-Alleen verkrijgbaar op origineel recept met \u201cnatte\u201d handtekening  \u00a0-Gescande recepten zijn niet toegestaan.  \u00a0-Stuur het Origineel recept per post naar: Food4animals, Zwanenveld 6, 6852LX, Huissen, Nederland  \u00a0-Bestel per mail (info@food4animals.nl) wat u nodig heeft, wij zorgen dat het op voorraad is als het opgehaald wordt.  \u00a0-U ontvangt bericht als uw bestelling klaar staat voor afhalen. \u00a0Dus zonder\u00a0recept\u00a0geen levering Download voorbeeld Recept Vee","og_url":"https:\/\/www.food4animals.nl\/de\/produkt\/tribex-10-reg-en-ura\/","og_site_name":"Food4animals","article_publisher":"https:\/\/www.facebook.com\/p\/Food4animals-100063861676074\/","article_modified_time":"2026-04-11T00:40:18+00:00","og_image":[{"width":674,"height":980,"url":"https:\/\/www.food4animals.nl\/wp-content\/uploads\/2024\/02\/92437.png","type":"image\/png"}],"twitter_card":"summary_large_image","twitter_site":"@food4animals","twitter_misc":{"Gesch\u00e4tzte Lesezeit":"3\u00a0Minuten"},"schema":{"@context":"https:\/\/schema.org","@graph":[{"@type":"WebPage","@id":"https:\/\/www.food4animals.nl\/product\/tribex-10-reg-nl-ura\/","url":"https:\/\/www.food4animals.nl\/product\/tribex-10-reg-nl-ura\/","name":"Tribex 10% REG EN URA - Food4animals","isPartOf":{"@id":"https:\/\/www.food4animals.nl\/en\/#website"},"primaryImageOfPage":{"@id":"https:\/\/www.food4animals.nl\/product\/tribex-10-reg-nl-ura\/#primaryimage"},"image":{"@id":"https:\/\/www.food4animals.nl\/product\/tribex-10-reg-nl-ura\/#primaryimage"},"thumbnailUrl":"https:\/\/www.food4animals.nl\/wp-content\/uploads\/2024\/02\/92437.png","datePublished":"2024-02-09T16:02:58+00:00","dateModified":"2026-04-11T00:40:18+00:00","breadcrumb":{"@id":"https:\/\/www.food4animals.nl\/product\/tribex-10-reg-nl-ura\/#breadcrumb"},"inLanguage":"de","potentialAction":[{"@type":"ReadAction","target":["https:\/\/www.food4animals.nl\/product\/tribex-10-reg-nl-ura\/"]}]},{"@type":"ImageObject","inLanguage":"de","@id":"https:\/\/www.food4animals.nl\/product\/tribex-10-reg-nl-ura\/#primaryimage","url":"https:\/\/www.food4animals.nl\/wp-content\/uploads\/2024\/02\/92437.png","contentUrl":"https:\/\/www.food4animals.nl\/wp-content\/uploads\/2024\/02\/92437.png","width":674,"height":980},{"@type":"BreadcrumbList","@id":"https:\/\/www.food4animals.nl\/product\/tribex-10-reg-nl-ura\/#breadcrumb","itemListElement":[{"@type":"ListItem","position":1,"name":"Home","item":"https:\/\/www.food4animals.nl\/"},{"@type":"ListItem","position":2,"name":"Winkel","item":"https:\/\/www.food4animals.nl\/winkel\/"},{"@type":"ListItem","position":3,"name":"Tribex 10% REG NL URA"}]},{"@type":"WebSite","@id":"https:\/\/www.food4animals.nl\/en\/#website","url":"https:\/\/www.food4animals.nl\/en\/","name":"Lebensmittel4Tiere","description":"Alles f\u00fcr Reiter und Tier","publisher":{"@id":"https:\/\/www.food4animals.nl\/en\/#organization"},"potentialAction":[{"@type":"SearchAction","target":{"@type":"EntryPoint","urlTemplate":"https:\/\/www.food4animals.nl\/en\/?s={search_term_string}"},"query-input":{"@type":"PropertyValueSpecification","valueRequired":true,"valueName":"search_term_string"}}],"inLanguage":"de"},{"@type":"Organization","@id":"https:\/\/www.food4animals.nl\/en\/#organization","name":"Lebensmittel4Tiere","url":"https:\/\/www.food4animals.nl\/en\/","logo":{"@type":"ImageObject","inLanguage":"de","@id":"https:\/\/www.food4animals.nl\/en\/#\/schema\/logo\/image\/","url":"https:\/\/www.food4animals.nl\/wp-content\/uploads\/2023\/10\/Logo.svg","contentUrl":"https:\/\/www.food4animals.nl\/wp-content\/uploads\/2023\/10\/Logo.svg","width":1,"height":1,"caption":"Food4animals"},"image":{"@id":"https:\/\/www.food4animals.nl\/en\/#\/schema\/logo\/image\/"},"sameAs":["https:\/\/www.facebook.com\/p\/Food4animals-100063861676074\/","https:\/\/x.com\/food4animals"]}]}},"_links":{"self":[{"href":"https:\/\/www.food4animals.nl\/de\/wp-json\/wp\/v2\/product\/22911","targetHints":{"allow":["GET"]}}],"collection":[{"href":"https:\/\/www.food4animals.nl\/de\/wp-json\/wp\/v2\/product"}],"about":[{"href":"https:\/\/www.food4animals.nl\/de\/wp-json\/wp\/v2\/types\/product"}],"wp:featuredmedia":[{"embeddable":true,"href":"https:\/\/www.food4animals.nl\/de\/wp-json\/wp\/v2\/media\/22912"}],"wp:attachment":[{"href":"https:\/\/www.food4animals.nl\/de\/wp-json\/wp\/v2\/media?parent=22911"}],"wp:term":[{"taxonomy":"product_brand","embeddable":true,"href":"https:\/\/www.food4animals.nl\/de\/wp-json\/wp\/v2\/product_brand?post=22911"},{"taxonomy":"product_cat","embeddable":true,"href":"https:\/\/www.food4animals.nl\/de\/wp-json\/wp\/v2\/product_cat?post=22911"},{"taxonomy":"product_tag","embeddable":true,"href":"https:\/\/www.food4animals.nl\/de\/wp-json\/wp\/v2\/product_tag?post=22911"}],"curies":[{"name":"wp","href":"https:\/\/api.w.org\/{rel}","templated":true}]}}