{"id":23025,"date":"2024-02-09T17:05:35","date_gmt":"2024-02-09T16:05:35","guid":{"rendered":"https:\/\/food4animals.nl\/product\/uno-beef-vleesvee\/"},"modified":"2026-04-26T01:45:02","modified_gmt":"2026-04-26T00:45:02","slug":"uno-beef-vleesvee","status":"publish","type":"product","link":"https:\/\/www.food4animals.nl\/de\/produkt\/uno-beef-vleesvee\/","title":{"rendered":"UNO Rindfleisch (Fleischrinder)"},"content":{"rendered":"<p><span style=\"font-size: 10pt;\"><strong>Mineralbolus f\u00fcr Fleischrinder mit einer Laufzeit von 6 Monaten.<\/strong>\u00a0<\/span><br \/><span style=\"font-size: 10pt;\">Erg\u00e4nzungsfuttermittel (Di\u00e4tfuttermittel). Uno Beef ist kostensenkend, es macht sich also selbst bezahlt. Uno Beef ist erforscht und in der Praxis bew\u00e4hrt.\u00a0<\/span><\/p>\n<p><span style=\"font-size: 10pt;\"><strong>Warum UNO-Rindfleisch?<br \/><\/strong>Die Absorptionsf\u00e4higkeit von Mineralien aus Rationen variiert sehr stark. Auch die L\u00f6slichkeit der vorhandenen Mineralien ist sehr unterschiedlich. Der Bedarf an Vitaminen und Mineralien tritt am h\u00e4ufigsten bei Tieren im Wachstum auf (Jungrinder, Mastrinder, Tiere mit Wurmbefall). Um eine gleichm\u00e4\u00dfige Versorgung mit Vitaminen und Mineralien zu gew\u00e4hrleisten, die perfekt vom K\u00f6rper aufgenommen werden, gibt es nur eine L\u00f6sung.<\/span><\/p>\n<p><span style=\"font-size: 10pt;\"><strong>Servieren Sie Ihrem Fleischvieh das UNO-Rindfleisch!!!<\/strong><strong><br \/><\/strong><\/span><\/p>\n<p><span style=\"font-size: 10pt;\"><strong>Vorteile UNO-Rindfleisch<\/strong><\/span><br \/><span style=\"font-size: 10pt;\">- Optimales Wachstum, Entwicklung und Fruchtbarkeit<\/span><br \/><span style=\"font-size: 10pt;\">- Versorgt Ihr Rindvieh mit 6 wichtigen Mineralien und 4 essentiellen Vitaminen in einer Behandlung.<\/span><br \/><span style=\"font-size: 10pt;\">- Garantiert kontrollierte Spende pro Tag.<\/span><br \/><span style=\"font-size: 10pt;\">- 6 Monate Betrieb (=180 Tage).<\/span><br \/><span style=\"font-size: 10pt;\">- Arbeitsersparnis.<\/span><br \/><span style=\"font-size: 10pt;\">- Erforscht und bew\u00e4hrt.<\/span><br \/><span style=\"font-size: 10pt;\">- In dem Tier ist nichts mehr vorhanden.<\/span><\/p>\n<p><span style=\"font-size: 10pt;\"><strong>Die Feldforschung zeigt u.a.<\/strong><\/span><br \/><span style=\"font-size: 10pt;\">Fruchtbarkeit im Verh\u00e4ltnis zum Abkalbezeitpunkt bei F\u00e4rsen:<\/span><br \/><span style=\"font-size: 10pt;\">- mit dem Uno-Rindfleischbolus 722 Tage<\/span><br \/><span style=\"font-size: 10pt;\">- ohne Uno-Bolus Rindfleisch 762 Tage<\/span><br \/><span style=\"font-size: 10pt;\">Unterschied............................................40 Tage!<\/span><\/p>\n<p><span style=\"font-size: 10pt;\"><strong>Anzahl der Besamungen pro Anzahl der wahrscheinlichen Empf\u00e4ngnis<\/strong><\/span><br \/><span style=\"font-size: 10pt;\">- mit dem Uno-Rindfleisch-Bolus 1,00<\/span><br \/><span style=\"font-size: 10pt;\">- ohne Uno-Bolus Rindfleisch 1,75<\/span><br \/><span style=\"font-size: 10pt;\">Differenz...........................................0.75 = 75%!<\/span><\/p>\n<p><span style=\"font-size: 10pt;\"><strong>Durchschnittliches Wachstum (Zunahme)<\/strong><\/span><br \/><span style=\"font-size: 10pt;\">- mit dem Uno-Rindfleischbolus 134 kg<\/span><br \/><span style=\"font-size: 10pt;\">- ohne Uno-Rindfleischbolus 121 kg<\/span><\/p>\n<p><span style=\"color: #ff0000; font-size: 10pt;\"><strong>Abweichung............................................13 kg = 10%!<\/strong><\/span><\/p>\n<p><span style=\"font-size: 10pt;\"><strong>Verpackung<\/strong><\/span><br \/><span style=\"font-size: 10pt;\">Schachtel mit 20 UNO-Rindfleisch-Bolus (= gut f\u00fcr 10 St\u00fcck Jungvieh).<\/span><br \/><span style=\"font-size: 10pt;\"><br \/><\/span><span style=\"font-size: 10pt;\"><strong>Futtermittelberatung<\/strong><\/span><br \/><span style=\"font-size: 10pt;\">2 UNO Beef Boli pro Jungrind mit einem Gewicht von 150 kg oder mehr.<\/span><\/p>\n<p><span style=\"font-size: 10pt;\"><strong>Wie funktioniert der UNO-Rindfleischbolus?<\/strong>\u00a0<\/span><br \/><span style=\"font-size: 10pt;\">Der UNO-Rindfleisch-Bolus beginnt sich auf der flachen Seite langsam aufzul\u00f6sen. Die Beschichtung um den Bolus sorgt daf\u00fcr, dass er sich \u00fcber einen Zeitraum von 180 Tagen (= 6 Monate) langsam aufl\u00f6st.<\/span><\/p>\n<p><span style=\"font-size: 10pt;\"><strong>Warum 2 UNO-Rindfleisch-Bolus und nicht 1?<\/strong><\/span><br \/><span style=\"font-size: 10pt;\">Mit 2 Boli decken die Jungrinder den heutigen Bedarf an Spurenelementen und Vitaminen. Die Boli klopfen gegeneinander, so dass die Abgabe konstant ist und 180 Tage (= 6 Monate) lang aktiv bleibt.<\/span><\/p>\n<p><span style=\"font-size: 10pt;\">Der Bolus kann mit Hilfe der farbigen Ringe in den Bolusbecher (27 mm) eingef\u00fchrt werden.<\/span><\/p>\n<p><span style=\"font-size: 10pt;\"><strong>Allgemeine Informationen \u00fcber den Mineralbolus<br \/><\/strong>-\u00a0<a href=\"http:\/\/www.boerenwinkel.nl\/imagestream\/stream\/14779\/Wat_is_een_Mineralen_Bolus.pdf\">Was ist ein Mineralienbolus?<\/a><\/span><br \/><span style=\"font-size: 10pt;\">-\u00a0<a href=\"https:\/\/www.boerenwinkel.nl\/imagestream\/stream\/14775\/Voordelen_van_de_Mineralen_Bolus.pdf\">Vorteile des Mineralien-Bolus.<\/a><\/span><br \/><span style=\"font-size: 10pt;\">-\u00a0<a href=\"https:\/\/www.boerenwinkel.nl\/imagestream\/stream\/14767\/Mineralen_Bolus_Wetenschappelijk_onderzocht.pdf\">Der Mineralien Bolus wissenschaftlich erforscht.<\/a><\/span><br \/><span style=\"font-size: 10pt;\">-\u00a0<a href=\"https:\/\/www.boerenwinkel.nl\/imagestream\/stream\/14773\/Vergelijking_Mineralen_Bolussen.pdf\">Vergleich Mineralien Boli.<\/a><\/span><br \/><span style=\"font-size: 10pt;\">-\u00a0<a href=\"https:\/\/www.boerenwinkel.nl\/imagestream\/stream\/14777\/Waarom_een_mineralen_bolus_verstrekken_in_plaats_van_poedermineralen.pdf\">Warum einen Mineralienbolus anstelle von Pulvern verabreichen?<\/a><\/span><br \/><span style=\"font-size: 10pt;\">-\u00a0<a title=\"Kleine Ver\u00e4nderungen in der Ern\u00e4hrung, gro\u00dfe Auswirkungen auf die Fruchtbarkeit von Milchk\u00fchen\" href=\"https:\/\/www.boerenwinkel.nl\/imagestream\/stream\/14765\/Kleine_veranderingen_in_de_voeding_grote_gevolgen_voor_de_vruchtbaarheid_van_de_melkkoeien.pdf\" target=\"_blank\" rel=\"noopener\">Kleine Ver\u00e4nderungen in der Ern\u00e4hrung, gro\u00dfe Auswirkungen auf die Fruchtbarkeit von Milchk\u00fchen.<\/a><\/span><br \/><span style=\"font-size: 10pt;\">-\u00a0<a href=\"https:\/\/www.boerenwinkel.nl\/imagestream\/stream\/14780\/Mineralen_Bolussene_in_combinatie_met_de_Repidose_Bolus.pdf\">Mineralien-Bolus in Kombination mit dem Repidose-Bolus<\/a><strong><br \/><\/strong><\/span><\/p>\n<p><span style=\"font-size: 10pt;\"><strong><br \/><a href=\"..\/product\/19119-all-mineral-plus-247\">Die Alternative ist All-Mineral Plus 24\/7<\/a><\/strong><\/span><\/p>","protected":false},"excerpt":{"rendered":"<p>Mineralbolus f\u00fcr Fleischrinder mit einer Laufzeit von 6 Monaten.<\/p>","protected":false},"featured_media":23026,"template":"","meta":{"_acf_changed":false},"product_brand":[],"product_cat":[1123,834],"product_tag":[883,1134,1141,814,1133,1132,1380],"class_list":{"0":"post-23025","1":"product","2":"type-product","3":"status-publish","4":"has-post-thumbnail","6":"product_cat-bolussen-en-mineralen","7":"product_cat-rund","8":"product_tag-excellent","9":"product_tag-mineralen","10":"product_tag-originele-bolus","11":"product_tag-rund","12":"product_tag-vitaminen","13":"product_tag-vruchtbaarheid","14":"product_tag-weerstand","15":"tax_brand-excellent","17":"first","18":"instock","19":"taxable","20":"shipping-taxable","21":"purchasable","22":"product-type-simple"},"acf":[],"yoast_head":"<!-- This site is optimized with the Yoast SEO plugin v27.4 - https:\/\/yoast.com\/product\/yoast-seo-wordpress\/ -->\n<title>UNO Beef (Vleesvee) - Food4animals<\/title>\n<meta name=\"robots\" content=\"index, follow, max-snippet:-1, max-image-preview:large, max-video-preview:-1\" \/>\n<link rel=\"canonical\" href=\"https:\/\/www.food4animals.nl\/de\/produkt\/uno-beef-vleesvee\/\" \/>\n<meta property=\"og:locale\" content=\"de_DE\" \/>\n<meta property=\"og:type\" content=\"article\" \/>\n<meta property=\"og:title\" content=\"UNO Beef (Vleesvee) - Food4animals\" \/>\n<meta property=\"og:description\" content=\"Mineralenbolus voor vleesvee met een werkingsduur van 6 maanden.\" \/>\n<meta property=\"og:url\" content=\"https:\/\/www.food4animals.nl\/de\/produkt\/uno-beef-vleesvee\/\" \/>\n<meta property=\"og:site_name\" content=\"Food4animals\" \/>\n<meta property=\"article:publisher\" content=\"https:\/\/www.facebook.com\/p\/Food4animals-100063861676074\/\" \/>\n<meta property=\"article:modified_time\" content=\"2026-04-26T00:45:02+00:00\" \/>\n<meta property=\"og:image\" content=\"https:\/\/www.food4animals.nl\/wp-content\/uploads\/2024\/02\/92529.png\" \/>\n\t<meta property=\"og:image:width\" content=\"1024\" \/>\n\t<meta property=\"og:image:height\" content=\"1024\" \/>\n\t<meta property=\"og:image:type\" content=\"image\/png\" \/>\n<meta name=\"twitter:card\" content=\"summary_large_image\" \/>\n<meta name=\"twitter:site\" content=\"@food4animals\" \/>\n<meta name=\"twitter:label1\" content=\"Gesch\u00e4tzte Lesezeit\" \/>\n\t<meta name=\"twitter:data1\" content=\"2\u00a0Minuten\" \/>\n<script type=\"application\/ld+json\" class=\"yoast-schema-graph\">{\"@context\":\"https:\\\/\\\/schema.org\",\"@graph\":[{\"@type\":\"WebPage\",\"@id\":\"https:\\\/\\\/www.food4animals.nl\\\/product\\\/uno-beef-vleesvee\\\/\",\"url\":\"https:\\\/\\\/www.food4animals.nl\\\/product\\\/uno-beef-vleesvee\\\/\",\"name\":\"UNO Beef (Vleesvee) - Food4animals\",\"isPartOf\":{\"@id\":\"https:\\\/\\\/www.food4animals.nl\\\/en\\\/#website\"},\"primaryImageOfPage\":{\"@id\":\"https:\\\/\\\/www.food4animals.nl\\\/product\\\/uno-beef-vleesvee\\\/#primaryimage\"},\"image\":{\"@id\":\"https:\\\/\\\/www.food4animals.nl\\\/product\\\/uno-beef-vleesvee\\\/#primaryimage\"},\"thumbnailUrl\":\"https:\\\/\\\/www.food4animals.nl\\\/wp-content\\\/uploads\\\/2024\\\/02\\\/92529.png\",\"datePublished\":\"2024-02-09T16:05:35+00:00\",\"dateModified\":\"2026-04-26T00:45:02+00:00\",\"breadcrumb\":{\"@id\":\"https:\\\/\\\/www.food4animals.nl\\\/product\\\/uno-beef-vleesvee\\\/#breadcrumb\"},\"inLanguage\":\"de\",\"potentialAction\":[{\"@type\":\"ReadAction\",\"target\":[\"https:\\\/\\\/www.food4animals.nl\\\/product\\\/uno-beef-vleesvee\\\/\"]}]},{\"@type\":\"ImageObject\",\"inLanguage\":\"de\",\"@id\":\"https:\\\/\\\/www.food4animals.nl\\\/product\\\/uno-beef-vleesvee\\\/#primaryimage\",\"url\":\"https:\\\/\\\/www.food4animals.nl\\\/wp-content\\\/uploads\\\/2024\\\/02\\\/92529.png\",\"contentUrl\":\"https:\\\/\\\/www.food4animals.nl\\\/wp-content\\\/uploads\\\/2024\\\/02\\\/92529.png\",\"width\":1024,\"height\":1024},{\"@type\":\"BreadcrumbList\",\"@id\":\"https:\\\/\\\/www.food4animals.nl\\\/product\\\/uno-beef-vleesvee\\\/#breadcrumb\",\"itemListElement\":[{\"@type\":\"ListItem\",\"position\":1,\"name\":\"Home\",\"item\":\"https:\\\/\\\/www.food4animals.nl\\\/\"},{\"@type\":\"ListItem\",\"position\":2,\"name\":\"Winkel\",\"item\":\"https:\\\/\\\/www.food4animals.nl\\\/winkel\\\/\"},{\"@type\":\"ListItem\",\"position\":3,\"name\":\"UNO Beef (Vleesvee)\"}]},{\"@type\":\"WebSite\",\"@id\":\"https:\\\/\\\/www.food4animals.nl\\\/en\\\/#website\",\"url\":\"https:\\\/\\\/www.food4animals.nl\\\/en\\\/\",\"name\":\"Food4animals\",\"description\":\"Alles voor Ruiter en Dier\",\"publisher\":{\"@id\":\"https:\\\/\\\/www.food4animals.nl\\\/en\\\/#organization\"},\"potentialAction\":[{\"@type\":\"SearchAction\",\"target\":{\"@type\":\"EntryPoint\",\"urlTemplate\":\"https:\\\/\\\/www.food4animals.nl\\\/en\\\/?s={search_term_string}\"},\"query-input\":{\"@type\":\"PropertyValueSpecification\",\"valueRequired\":true,\"valueName\":\"search_term_string\"}}],\"inLanguage\":\"de\"},{\"@type\":\"Organization\",\"@id\":\"https:\\\/\\\/www.food4animals.nl\\\/en\\\/#organization\",\"name\":\"Food4animals\",\"url\":\"https:\\\/\\\/www.food4animals.nl\\\/en\\\/\",\"logo\":{\"@type\":\"ImageObject\",\"inLanguage\":\"de\",\"@id\":\"https:\\\/\\\/www.food4animals.nl\\\/en\\\/#\\\/schema\\\/logo\\\/image\\\/\",\"url\":\"https:\\\/\\\/www.food4animals.nl\\\/wp-content\\\/uploads\\\/2023\\\/10\\\/Logo.svg\",\"contentUrl\":\"https:\\\/\\\/www.food4animals.nl\\\/wp-content\\\/uploads\\\/2023\\\/10\\\/Logo.svg\",\"width\":1,\"height\":1,\"caption\":\"Food4animals\"},\"image\":{\"@id\":\"https:\\\/\\\/www.food4animals.nl\\\/en\\\/#\\\/schema\\\/logo\\\/image\\\/\"},\"sameAs\":[\"https:\\\/\\\/www.facebook.com\\\/p\\\/Food4animals-100063861676074\\\/\",\"https:\\\/\\\/x.com\\\/food4animals\"]}]}<\/script>\n<!-- \/ Yoast SEO plugin. -->","yoast_head_json":{"title":"UNO Beef (Vleesvee) - Food4animals","robots":{"index":"index","follow":"follow","max-snippet":"max-snippet:-1","max-image-preview":"max-image-preview:large","max-video-preview":"max-video-preview:-1"},"canonical":"https:\/\/www.food4animals.nl\/de\/produkt\/uno-beef-vleesvee\/","og_locale":"de_DE","og_type":"article","og_title":"UNO Beef (Vleesvee) - Food4animals","og_description":"Mineralenbolus voor vleesvee met een werkingsduur van 6 maanden.","og_url":"https:\/\/www.food4animals.nl\/de\/produkt\/uno-beef-vleesvee\/","og_site_name":"Food4animals","article_publisher":"https:\/\/www.facebook.com\/p\/Food4animals-100063861676074\/","article_modified_time":"2026-04-26T00:45:02+00:00","og_image":[{"width":1024,"height":1024,"url":"https:\/\/www.food4animals.nl\/wp-content\/uploads\/2024\/02\/92529.png","type":"image\/png"}],"twitter_card":"summary_large_image","twitter_site":"@food4animals","twitter_misc":{"Gesch\u00e4tzte Lesezeit":"2\u00a0Minuten"},"schema":{"@context":"https:\/\/schema.org","@graph":[{"@type":"WebPage","@id":"https:\/\/www.food4animals.nl\/product\/uno-beef-vleesvee\/","url":"https:\/\/www.food4animals.nl\/product\/uno-beef-vleesvee\/","name":"UNO Beef (Vleesvee) - Food4animals","isPartOf":{"@id":"https:\/\/www.food4animals.nl\/en\/#website"},"primaryImageOfPage":{"@id":"https:\/\/www.food4animals.nl\/product\/uno-beef-vleesvee\/#primaryimage"},"image":{"@id":"https:\/\/www.food4animals.nl\/product\/uno-beef-vleesvee\/#primaryimage"},"thumbnailUrl":"https:\/\/www.food4animals.nl\/wp-content\/uploads\/2024\/02\/92529.png","datePublished":"2024-02-09T16:05:35+00:00","dateModified":"2026-04-26T00:45:02+00:00","breadcrumb":{"@id":"https:\/\/www.food4animals.nl\/product\/uno-beef-vleesvee\/#breadcrumb"},"inLanguage":"de","potentialAction":[{"@type":"ReadAction","target":["https:\/\/www.food4animals.nl\/product\/uno-beef-vleesvee\/"]}]},{"@type":"ImageObject","inLanguage":"de","@id":"https:\/\/www.food4animals.nl\/product\/uno-beef-vleesvee\/#primaryimage","url":"https:\/\/www.food4animals.nl\/wp-content\/uploads\/2024\/02\/92529.png","contentUrl":"https:\/\/www.food4animals.nl\/wp-content\/uploads\/2024\/02\/92529.png","width":1024,"height":1024},{"@type":"BreadcrumbList","@id":"https:\/\/www.food4animals.nl\/product\/uno-beef-vleesvee\/#breadcrumb","itemListElement":[{"@type":"ListItem","position":1,"name":"Home","item":"https:\/\/www.food4animals.nl\/"},{"@type":"ListItem","position":2,"name":"Winkel","item":"https:\/\/www.food4animals.nl\/winkel\/"},{"@type":"ListItem","position":3,"name":"UNO Beef (Vleesvee)"}]},{"@type":"WebSite","@id":"https:\/\/www.food4animals.nl\/en\/#website","url":"https:\/\/www.food4animals.nl\/en\/","name":"Lebensmittel4Tiere","description":"Alles f\u00fcr Reiter und Tier","publisher":{"@id":"https:\/\/www.food4animals.nl\/en\/#organization"},"potentialAction":[{"@type":"SearchAction","target":{"@type":"EntryPoint","urlTemplate":"https:\/\/www.food4animals.nl\/en\/?s={search_term_string}"},"query-input":{"@type":"PropertyValueSpecification","valueRequired":true,"valueName":"search_term_string"}}],"inLanguage":"de"},{"@type":"Organization","@id":"https:\/\/www.food4animals.nl\/en\/#organization","name":"Lebensmittel4Tiere","url":"https:\/\/www.food4animals.nl\/en\/","logo":{"@type":"ImageObject","inLanguage":"de","@id":"https:\/\/www.food4animals.nl\/en\/#\/schema\/logo\/image\/","url":"https:\/\/www.food4animals.nl\/wp-content\/uploads\/2023\/10\/Logo.svg","contentUrl":"https:\/\/www.food4animals.nl\/wp-content\/uploads\/2023\/10\/Logo.svg","width":1,"height":1,"caption":"Food4animals"},"image":{"@id":"https:\/\/www.food4animals.nl\/en\/#\/schema\/logo\/image\/"},"sameAs":["https:\/\/www.facebook.com\/p\/Food4animals-100063861676074\/","https:\/\/x.com\/food4animals"]}]}},"_links":{"self":[{"href":"https:\/\/www.food4animals.nl\/de\/wp-json\/wp\/v2\/product\/23025","targetHints":{"allow":["GET"]}}],"collection":[{"href":"https:\/\/www.food4animals.nl\/de\/wp-json\/wp\/v2\/product"}],"about":[{"href":"https:\/\/www.food4animals.nl\/de\/wp-json\/wp\/v2\/types\/product"}],"wp:featuredmedia":[{"embeddable":true,"href":"https:\/\/www.food4animals.nl\/de\/wp-json\/wp\/v2\/media\/23026"}],"wp:attachment":[{"href":"https:\/\/www.food4animals.nl\/de\/wp-json\/wp\/v2\/media?parent=23025"}],"wp:term":[{"taxonomy":"product_brand","embeddable":true,"href":"https:\/\/www.food4animals.nl\/de\/wp-json\/wp\/v2\/product_brand?post=23025"},{"taxonomy":"product_cat","embeddable":true,"href":"https:\/\/www.food4animals.nl\/de\/wp-json\/wp\/v2\/product_cat?post=23025"},{"taxonomy":"product_tag","embeddable":true,"href":"https:\/\/www.food4animals.nl\/de\/wp-json\/wp\/v2\/product_tag?post=23025"}],"curies":[{"name":"wp","href":"https:\/\/api.w.org\/{rel}","templated":true}]}}