{"id":23029,"date":"2024-02-09T17:05:35","date_gmt":"2024-02-09T16:05:35","guid":{"rendered":"https:\/\/food4animals.nl\/product\/uno-dry-met-biotin\/"},"modified":"2026-05-02T01:38:06","modified_gmt":"2026-05-02T00:38:06","slug":"uno-dry-met-biotin","status":"publish","type":"product","link":"https:\/\/www.food4animals.nl\/de\/produkt\/uno-dry-met-biotin\/","title":{"rendered":"UNO Dry mit Biotin"},"content":{"rendered":"<p><span style=\"font-size: 10pt;\"><strong>Mineralenbolus voor rond het afkalven met een werkingsduur van 4 maanden.<\/strong><\/span><br \/><span style=\"font-size: 10pt;\">Uno Dry wordt ook wel de droogstandbolus genoemd. met als toevoeging Biotine. Uno Dry is uniek vanwege de ondersteuning van klauw en klauwhuid.\u00a0<\/span><\/p>\n<p><span style=\"font-size: 10pt;\"><strong>De mineralenbolus voor en rondom het afkalven.<img loading=\"lazy\" decoding=\"async\" style=\"float: right;\" title=\"Uno Dry Gebruikers ervaring\" src=\"\/imagestream\/stream\/28351\/Uno_Dry_gebruikers_ervaring.png\" alt=\"Uno Dry Gebruikers ervaring\" width=\"200\" height=\"111\" \/><\/strong><\/span><\/p>\n<p><span style=\"font-size: 10pt;\">Uno Dry is speciaal ontwikkeld voor droogstaand vee.<\/span><br \/><span style=\"font-size: 10pt;\">Voor harde en gezonde klauwen.\u00a0<\/span><br \/><span style=\"font-size: 10pt;\">Onderzocht en bewezen!<\/span><br \/><span style=\"font-size: 10pt;\">Mineraalvoeder (Dieetvoeder)<\/span><\/p>\n<p><span style=\"font-size: 10pt;\">Uno Dry ondersteunt het herstellend vermogen van de klauw en klauwhuid en zorgt zodoende voor harde en gezonde klauwen.<\/span><\/p>\n<p><img decoding=\"async\" class=\"preview\" style=\"max-width: 100%;\" src=\"\/imagestream\/stream\/259000\/Icons_NL-100.jpg\" alt=\"\" \/><br \/><span style=\"font-size: 10pt;\">\u00a0<\/span><br \/><span style=\"font-size: 10pt;\"><strong>Mineralentekorten<\/strong><\/span><br \/><span style=\"font-size: 10pt;\">De opneembaarheid van mineralen uit het verstrekte rantsoen tijdens de droogstand varieert nogal.\u00a0Ook de oplosbaarheid van de aanwezige mineralen is sterk wisselend.\u00a0Dit betekent dat bij een voldoende aanwezigheid van mineralen er toch gebrek verschijnselen kunnen ontstaan. Om een zekerheid te hebben van een regelmatige mineralengift die tevens door het lichaam voldoende wordt opgenomen is er maar \u00e9\u00e9n antwoord mogelijk:<\/span><\/p>\n<p><span style=\"font-size: 10pt;\"><strong>Dien de koe 2 UNO Dry bolussen toe!<\/strong><\/span><\/p>\n<p><span style=\"font-size: 10pt;\"><strong>Waarom Uno Dry?<\/strong><\/span><br \/><span style=\"font-size: 10pt;\">Naast de functie van droogstand en start lactatie draagt Uno Dry tevens bij tot een harde klauw.\u00a0<strong>De UNO Dry<strong> bolussen zijn de meest betrouwbare manier voor het verstrekken van de juiste biotine dosering voor een effectieve periode van 4 maanden (120 dagen).<\/strong><\/strong><strong><\/p>\n<p><\/strong><strong>Onderzoeksresultaten<\/strong><\/span><br \/><span style=\"font-size: 10pt;\">Uit onderzoek is aangetoond dat rundvee gevoerd met <strong>20 mg biotine <\/strong>per dag, <\/span><br \/><span style=\"font-size: 10pt;\">de klauw gezondheid ten goede komt.<\/span><\/p>\n<p><span style=\"font-size: 10pt;\"><strong style=\"line-height: 18px;\">Voederadvies &#038; werkingsduur<\/strong><\/span><\/p>\n<ul>\n<li><span style=\"font-size: 10pt;\">Droogstaand melkvee: 2 bolussen, 7 &#8211; 8 weken voor het afkalven.<\/span><\/li>\n<li><span style=\"font-size: 10pt;\">Vaarzen: 2 bolussen, 7 &#8211; 8 weken voor het afkalven.<\/span><\/li>\n<\/ul>\n<p><span style=\"font-size: 10pt;\">De UNO Dry bolussen zorgen voor een gegarandeerde gift per dag voor een periode van 4 maanden (120 dagen)!\u00a0<\/span><\/p>\n<p><span style=\"font-size: 10pt;\"><strong>Voordelen UNO Dry<\/strong><\/span><\/p>\n<ul>\n<li><span style=\"font-size: 10pt;\">Hardere klauwen<\/span><\/li>\n<li><span style=\"font-size: 10pt;\">Gegarandeerd gecontroleerde gift per dag<\/span><\/li>\n<li><span style=\"font-size: 10pt;\">Voorziet uw vee in 1 behandeling van 6 belangrijke mineralen <\/span><span style=\"font-size: 10pt;\">en 4 essenti\u00eble vitaminen<\/span><\/li>\n<li><span style=\"font-size: 10pt;\">4 maanden werkzaam (=120 dagen)<\/span><\/li>\n<li><span style=\"font-size: 10pt;\">Arbeitssparend<\/span><\/li>\n<li><span style=\"font-size: 10pt;\">Erforscht und bew\u00e4hrt<\/span><\/li>\n<\/ul>\n<p class=\"MsoNormal\" style=\"margin-bottom: .0001pt; line-height: normal;\"><span style=\"font-size: 10pt;\"><strong style=\"line-height: 18px;\">Hoe werkt de UNO Dry Bolus?<br \/><\/strong><\/span><span style=\"line-height: 18px; font-size: 10pt;\">De UNO Dry bolus begint aan de onderzijde langzaam op te lossen. Hier zit namelijk geen coating. De coating zorgt er voor dat de bolus geleidelijk oplost gedurende een periode van 120 dagen (= 4 maanden).<\/span><\/p>\n<p><span style=\"font-size: 10pt;\"><strong>Waarom 2 bolussen en niet 1?<br \/><\/strong><\/span><span style=\"line-height: 18px; font-size: 10pt;\">Met 2 bolussen voldoet men aan de hedendaagse behoefte van sporenelementen en vitaminen. De bolussen tikken tegen elkaar aan waardoor de afgifte constant blijft gedurende 120 dagen (= 4 maanden).<\/span><\/p>\n<p><span style=\"font-size: 10pt;\"><strong>Verpackung<br \/><\/strong><\/span><span style=\"line-height: 18px; font-size: 10pt;\">20 UNO Dry bolussen in een doos (= goed voor 10 runderen).\u00a0<\/span><\/p>\n<p><span style=\"font-size: 10pt;\"><strong>\u00a0<\/strong><\/span><\/p>\n<div>\n<div><img decoding=\"async\" class=\"preview\" style=\"max-width: 100%;\" src=\"\/imagestream\/stream\/258997\/UNO-Grafiek_NL-100.jpg\" alt=\"\" \/><\/div>\n<div><span style=\"font-size: 10pt;\"><strong><strong>\u00a0<\/strong><\/strong><\/span><\/div>\n<div><span style=\"font-size: 10pt;\">Der Bolus kann mit Hilfe der farbigen Ringe in den Bolusbecher (27 mm) eingef\u00fchrt werden.<strong><\/p>\n<p><strong>Algemene Informatie over de Mineralenbolus:<br \/><\/strong><strong>*\u00a0<\/strong><a href=\"https:\/\/www.boerenwinkel.nl\/imagestream\/stream\/14779\/Wat_is_een_Mineralen_Bolus.pdf\">Was ist ein Mineralienbolus?<\/a><br \/><strong>*\u00a0<\/strong><a href=\"https:\/\/www.boerenwinkel.nl\/imagestream\/stream\/14775\/Voordelen_van_de_Mineralen_Bolus.pdf\">Vorteile des Mineralien-Bolus.<\/a><br \/><strong>*\u00a0<\/strong><a href=\"https:\/\/www.boerenwinkel.nl\/imagestream\/stream\/14767\/Mineralen_Bolus_Wetenschappelijk_onderzocht.pdf\">Der Mineralien Bolus wissenschaftlich erforscht.<\/a><br \/><strong>*\u00a0<\/strong><a href=\"https:\/\/www.boerenwinkel.nl\/imagestream\/stream\/14773\/Vergelijking_Mineralen_Bolussen.pdf\">Vergleich Mineralien Boli.<\/a><br \/><strong>*\u00a0<\/strong><a href=\"https:\/\/www.boerenwinkel.nl\/imagestream\/stream\/14777\/Waarom_een_mineralen_bolus_verstrekken_in_plaats_van_poedermineralen.pdf\">Warum einen Mineralienbolus anstelle von Pulvern verabreichen?<\/a><br \/><strong>*\u00a0<\/strong><a title=\"Kleine Ver\u00e4nderungen in der Ern\u00e4hrung, gro\u00dfe Auswirkungen auf die Fruchtbarkeit von Milchk\u00fchen\" href=\"https:\/\/www.boerenwinkel.nl\/imagestream\/stream\/14765\/Kleine_veranderingen_in_de_voeding_grote_gevolgen_voor_de_vruchtbaarheid_van_de_melkkoeien.pdf\" target=\"_blank\" rel=\"noopener\">Kleine Ver\u00e4nderungen in der Ern\u00e4hrung, gro\u00dfe Auswirkungen auf die Fruchtbarkeit von Milchk\u00fchen.<\/a><br \/><strong>*\u00a0<\/strong><a href=\"https:\/\/www.boerenwinkel.nl\/imagestream\/stream\/14780\/Mineralen_Bolussene_in_combinatie_met_de_Repidose_Bolus.pdf\">Mineralen Bolus in combinatie met de Repidose Bolus.<\/a><\/strong><\/span><\/div>\n<\/div>\n<p class=\"MsoNormal\" style=\"margin-bottom: .0001pt; line-height: normal;\"><span style=\"font-size: 10pt;\"><strong><span style=\"font-family: Cambria, serif;\"><span style=\"color: #ffffff;\">Agriflanders<\/span><\/span><\/strong><\/span><\/p>","protected":false},"excerpt":{"rendered":"<p>Droogstandsbolus voor rundvee met een werkingsduur van 4 maanden.<\/p>","protected":false},"featured_media":23030,"template":"","meta":{"_acf_changed":false},"product_brand":[],"product_cat":[882,834],"product_tag":[1499,1545,1543,883,1659,3655,1494,1134,1141,3543,814,1897,1133,1132,1380],"class_list":{"0":"post-23029","1":"product","2":"type-product","3":"status-publish","4":"has-post-thumbnail","6":"product_cat-afkalven","7":"product_cat-rund","8":"product_tag-bolus","9":"product_tag-droogstand","10":"product_tag-droogzetten","11":"product_tag-excellent","12":"product_tag-klauwen","13":"product_tag-klauwgezondheid-2023","14":"product_tag-melkziekte","15":"product_tag-mineralen","16":"product_tag-originele-bolus","17":"product_tag-rmv_hofman_2023","18":"product_tag-rund","19":"product_tag-sterke-klauwen","20":"product_tag-vitaminen","21":"product_tag-vruchtbaarheid","22":"product_tag-weerstand","23":"tax_brand-holland-animal-care","25":"first","26":"instock","27":"taxable","28":"shipping-taxable","29":"purchasable","30":"product-type-simple"},"acf":[],"yoast_head":"<!-- This site is optimized with the Yoast SEO plugin v27.4 - https:\/\/yoast.com\/product\/yoast-seo-wordpress\/ -->\n<title>UNO Dry met Biotin - Food4animals<\/title>\n<meta name=\"robots\" content=\"index, follow, max-snippet:-1, max-image-preview:large, max-video-preview:-1\" \/>\n<link rel=\"canonical\" href=\"https:\/\/www.food4animals.nl\/de\/produkt\/uno-dry-met-biotin\/\" \/>\n<meta property=\"og:locale\" content=\"de_DE\" \/>\n<meta property=\"og:type\" content=\"article\" \/>\n<meta property=\"og:title\" content=\"UNO Dry met Biotin - Food4animals\" \/>\n<meta property=\"og:description\" content=\"Droogstandsbolus voor rundvee met een werkingsduur van 4 maanden.\" \/>\n<meta property=\"og:url\" content=\"https:\/\/www.food4animals.nl\/de\/produkt\/uno-dry-met-biotin\/\" \/>\n<meta property=\"og:site_name\" content=\"Food4animals\" \/>\n<meta property=\"article:publisher\" content=\"https:\/\/www.facebook.com\/p\/Food4animals-100063861676074\/\" \/>\n<meta property=\"article:modified_time\" content=\"2026-05-02T00:38:06+00:00\" \/>\n<meta property=\"og:image\" content=\"https:\/\/www.food4animals.nl\/wp-content\/uploads\/2024\/02\/261472.jpeg\" \/>\n\t<meta property=\"og:image:width\" content=\"449\" \/>\n\t<meta property=\"og:image:height\" content=\"1197\" \/>\n\t<meta property=\"og:image:type\" content=\"image\/jpeg\" \/>\n<meta name=\"twitter:card\" content=\"summary_large_image\" \/>\n<meta name=\"twitter:site\" content=\"@food4animals\" \/>\n<meta name=\"twitter:label1\" content=\"Gesch\u00e4tzte Lesezeit\" \/>\n\t<meta name=\"twitter:data1\" content=\"2\u00a0Minuten\" \/>\n<script type=\"application\/ld+json\" class=\"yoast-schema-graph\">{\"@context\":\"https:\\\/\\\/schema.org\",\"@graph\":[{\"@type\":\"WebPage\",\"@id\":\"https:\\\/\\\/www.food4animals.nl\\\/product\\\/uno-dry-met-biotin\\\/\",\"url\":\"https:\\\/\\\/www.food4animals.nl\\\/product\\\/uno-dry-met-biotin\\\/\",\"name\":\"UNO Dry met Biotin - Food4animals\",\"isPartOf\":{\"@id\":\"https:\\\/\\\/www.food4animals.nl\\\/en\\\/#website\"},\"primaryImageOfPage\":{\"@id\":\"https:\\\/\\\/www.food4animals.nl\\\/product\\\/uno-dry-met-biotin\\\/#primaryimage\"},\"image\":{\"@id\":\"https:\\\/\\\/www.food4animals.nl\\\/product\\\/uno-dry-met-biotin\\\/#primaryimage\"},\"thumbnailUrl\":\"https:\\\/\\\/www.food4animals.nl\\\/wp-content\\\/uploads\\\/2024\\\/02\\\/261472.jpeg\",\"datePublished\":\"2024-02-09T16:05:35+00:00\",\"dateModified\":\"2026-05-02T00:38:06+00:00\",\"breadcrumb\":{\"@id\":\"https:\\\/\\\/www.food4animals.nl\\\/product\\\/uno-dry-met-biotin\\\/#breadcrumb\"},\"inLanguage\":\"de\",\"potentialAction\":[{\"@type\":\"ReadAction\",\"target\":[\"https:\\\/\\\/www.food4animals.nl\\\/product\\\/uno-dry-met-biotin\\\/\"]}]},{\"@type\":\"ImageObject\",\"inLanguage\":\"de\",\"@id\":\"https:\\\/\\\/www.food4animals.nl\\\/product\\\/uno-dry-met-biotin\\\/#primaryimage\",\"url\":\"https:\\\/\\\/www.food4animals.nl\\\/wp-content\\\/uploads\\\/2024\\\/02\\\/261472.jpeg\",\"contentUrl\":\"https:\\\/\\\/www.food4animals.nl\\\/wp-content\\\/uploads\\\/2024\\\/02\\\/261472.jpeg\",\"width\":449,\"height\":1197},{\"@type\":\"BreadcrumbList\",\"@id\":\"https:\\\/\\\/www.food4animals.nl\\\/product\\\/uno-dry-met-biotin\\\/#breadcrumb\",\"itemListElement\":[{\"@type\":\"ListItem\",\"position\":1,\"name\":\"Home\",\"item\":\"https:\\\/\\\/www.food4animals.nl\\\/\"},{\"@type\":\"ListItem\",\"position\":2,\"name\":\"Winkel\",\"item\":\"https:\\\/\\\/www.food4animals.nl\\\/winkel\\\/\"},{\"@type\":\"ListItem\",\"position\":3,\"name\":\"UNO Dry met Biotin\"}]},{\"@type\":\"WebSite\",\"@id\":\"https:\\\/\\\/www.food4animals.nl\\\/en\\\/#website\",\"url\":\"https:\\\/\\\/www.food4animals.nl\\\/en\\\/\",\"name\":\"Food4animals\",\"description\":\"Alles voor Ruiter en Dier\",\"publisher\":{\"@id\":\"https:\\\/\\\/www.food4animals.nl\\\/en\\\/#organization\"},\"potentialAction\":[{\"@type\":\"SearchAction\",\"target\":{\"@type\":\"EntryPoint\",\"urlTemplate\":\"https:\\\/\\\/www.food4animals.nl\\\/en\\\/?s={search_term_string}\"},\"query-input\":{\"@type\":\"PropertyValueSpecification\",\"valueRequired\":true,\"valueName\":\"search_term_string\"}}],\"inLanguage\":\"de\"},{\"@type\":\"Organization\",\"@id\":\"https:\\\/\\\/www.food4animals.nl\\\/en\\\/#organization\",\"name\":\"Food4animals\",\"url\":\"https:\\\/\\\/www.food4animals.nl\\\/en\\\/\",\"logo\":{\"@type\":\"ImageObject\",\"inLanguage\":\"de\",\"@id\":\"https:\\\/\\\/www.food4animals.nl\\\/en\\\/#\\\/schema\\\/logo\\\/image\\\/\",\"url\":\"https:\\\/\\\/www.food4animals.nl\\\/wp-content\\\/uploads\\\/2023\\\/10\\\/Logo.svg\",\"contentUrl\":\"https:\\\/\\\/www.food4animals.nl\\\/wp-content\\\/uploads\\\/2023\\\/10\\\/Logo.svg\",\"width\":1,\"height\":1,\"caption\":\"Food4animals\"},\"image\":{\"@id\":\"https:\\\/\\\/www.food4animals.nl\\\/en\\\/#\\\/schema\\\/logo\\\/image\\\/\"},\"sameAs\":[\"https:\\\/\\\/www.facebook.com\\\/p\\\/Food4animals-100063861676074\\\/\",\"https:\\\/\\\/x.com\\\/food4animals\"]}]}<\/script>\n<!-- \/ Yoast SEO plugin. -->","yoast_head_json":{"title":"UNO Dry met Biotin - Food4animals","robots":{"index":"index","follow":"follow","max-snippet":"max-snippet:-1","max-image-preview":"max-image-preview:large","max-video-preview":"max-video-preview:-1"},"canonical":"https:\/\/www.food4animals.nl\/de\/produkt\/uno-dry-met-biotin\/","og_locale":"de_DE","og_type":"article","og_title":"UNO Dry met Biotin - Food4animals","og_description":"Droogstandsbolus voor rundvee met een werkingsduur van 4 maanden.","og_url":"https:\/\/www.food4animals.nl\/de\/produkt\/uno-dry-met-biotin\/","og_site_name":"Food4animals","article_publisher":"https:\/\/www.facebook.com\/p\/Food4animals-100063861676074\/","article_modified_time":"2026-05-02T00:38:06+00:00","og_image":[{"width":449,"height":1197,"url":"https:\/\/www.food4animals.nl\/wp-content\/uploads\/2024\/02\/261472.jpeg","type":"image\/jpeg"}],"twitter_card":"summary_large_image","twitter_site":"@food4animals","twitter_misc":{"Gesch\u00e4tzte Lesezeit":"2\u00a0Minuten"},"schema":{"@context":"https:\/\/schema.org","@graph":[{"@type":"WebPage","@id":"https:\/\/www.food4animals.nl\/product\/uno-dry-met-biotin\/","url":"https:\/\/www.food4animals.nl\/product\/uno-dry-met-biotin\/","name":"UNO Dry met Biotin - Food4animals","isPartOf":{"@id":"https:\/\/www.food4animals.nl\/en\/#website"},"primaryImageOfPage":{"@id":"https:\/\/www.food4animals.nl\/product\/uno-dry-met-biotin\/#primaryimage"},"image":{"@id":"https:\/\/www.food4animals.nl\/product\/uno-dry-met-biotin\/#primaryimage"},"thumbnailUrl":"https:\/\/www.food4animals.nl\/wp-content\/uploads\/2024\/02\/261472.jpeg","datePublished":"2024-02-09T16:05:35+00:00","dateModified":"2026-05-02T00:38:06+00:00","breadcrumb":{"@id":"https:\/\/www.food4animals.nl\/product\/uno-dry-met-biotin\/#breadcrumb"},"inLanguage":"de","potentialAction":[{"@type":"ReadAction","target":["https:\/\/www.food4animals.nl\/product\/uno-dry-met-biotin\/"]}]},{"@type":"ImageObject","inLanguage":"de","@id":"https:\/\/www.food4animals.nl\/product\/uno-dry-met-biotin\/#primaryimage","url":"https:\/\/www.food4animals.nl\/wp-content\/uploads\/2024\/02\/261472.jpeg","contentUrl":"https:\/\/www.food4animals.nl\/wp-content\/uploads\/2024\/02\/261472.jpeg","width":449,"height":1197},{"@type":"BreadcrumbList","@id":"https:\/\/www.food4animals.nl\/product\/uno-dry-met-biotin\/#breadcrumb","itemListElement":[{"@type":"ListItem","position":1,"name":"Home","item":"https:\/\/www.food4animals.nl\/"},{"@type":"ListItem","position":2,"name":"Winkel","item":"https:\/\/www.food4animals.nl\/winkel\/"},{"@type":"ListItem","position":3,"name":"UNO Dry met Biotin"}]},{"@type":"WebSite","@id":"https:\/\/www.food4animals.nl\/en\/#website","url":"https:\/\/www.food4animals.nl\/en\/","name":"Lebensmittel4Tiere","description":"Alles f\u00fcr Reiter und Tier","publisher":{"@id":"https:\/\/www.food4animals.nl\/en\/#organization"},"potentialAction":[{"@type":"SearchAction","target":{"@type":"EntryPoint","urlTemplate":"https:\/\/www.food4animals.nl\/en\/?s={search_term_string}"},"query-input":{"@type":"PropertyValueSpecification","valueRequired":true,"valueName":"search_term_string"}}],"inLanguage":"de"},{"@type":"Organization","@id":"https:\/\/www.food4animals.nl\/en\/#organization","name":"Lebensmittel4Tiere","url":"https:\/\/www.food4animals.nl\/en\/","logo":{"@type":"ImageObject","inLanguage":"de","@id":"https:\/\/www.food4animals.nl\/en\/#\/schema\/logo\/image\/","url":"https:\/\/www.food4animals.nl\/wp-content\/uploads\/2023\/10\/Logo.svg","contentUrl":"https:\/\/www.food4animals.nl\/wp-content\/uploads\/2023\/10\/Logo.svg","width":1,"height":1,"caption":"Food4animals"},"image":{"@id":"https:\/\/www.food4animals.nl\/en\/#\/schema\/logo\/image\/"},"sameAs":["https:\/\/www.facebook.com\/p\/Food4animals-100063861676074\/","https:\/\/x.com\/food4animals"]}]}},"_links":{"self":[{"href":"https:\/\/www.food4animals.nl\/de\/wp-json\/wp\/v2\/product\/23029","targetHints":{"allow":["GET"]}}],"collection":[{"href":"https:\/\/www.food4animals.nl\/de\/wp-json\/wp\/v2\/product"}],"about":[{"href":"https:\/\/www.food4animals.nl\/de\/wp-json\/wp\/v2\/types\/product"}],"wp:featuredmedia":[{"embeddable":true,"href":"https:\/\/www.food4animals.nl\/de\/wp-json\/wp\/v2\/media\/23030"}],"wp:attachment":[{"href":"https:\/\/www.food4animals.nl\/de\/wp-json\/wp\/v2\/media?parent=23029"}],"wp:term":[{"taxonomy":"product_brand","embeddable":true,"href":"https:\/\/www.food4animals.nl\/de\/wp-json\/wp\/v2\/product_brand?post=23029"},{"taxonomy":"product_cat","embeddable":true,"href":"https:\/\/www.food4animals.nl\/de\/wp-json\/wp\/v2\/product_cat?post=23029"},{"taxonomy":"product_tag","embeddable":true,"href":"https:\/\/www.food4animals.nl\/de\/wp-json\/wp\/v2\/product_tag?post=23029"}],"curies":[{"name":"wp","href":"https:\/\/api.w.org\/{rel}","templated":true}]}}