{"id":23036,"date":"2024-02-09T17:05:35","date_gmt":"2024-02-09T16:05:35","guid":{"rendered":"https:\/\/food4animals.nl\/product\/uno-grow-jongvee\/"},"modified":"2026-05-08T01:42:38","modified_gmt":"2026-05-08T00:42:38","slug":"uno-grow-jongvee","status":"publish","type":"product","link":"https:\/\/www.food4animals.nl\/de\/produkt\/uno-grow-jongvee\/","title":{"rendered":"UNO Grow (Junger Bestand)"},"content":{"rendered":"<p><span style=\"font-size: 10pt;\">UNO Grow ist ein Mineralbolus f\u00fcr Jungrinder mit einer Einsatzdauer von 6 Monaten. Es handelt sich um ein Mineralfuttermittel (Di\u00e4tfuttermittel) zur Verbesserung des Wachstums, der Entwicklung und der Fruchtbarkeit von Jungrindern. Es ist au\u00dferdem kostensenkend, so dass es sich selbst bezahlt macht. UNO Grow wurde erforscht und hat sich in der Praxis bew\u00e4hrt, was seine Wirksamkeit beweist.<\/span><\/p>\n<p><span style=\"font-size: 10pt;\">Die Aufnahme und L\u00f6slichkeit von Mineralien aus Rationen f\u00fcr wachsende Tiere, wie z. B. Jungtiere, ist oft instabil. Dies kann zu einem erh\u00f6hten Bedarf an Vitaminen und Mineralien f\u00fchren. UNO Grow bietet eine garantierte regelm\u00e4\u00dfige Freisetzung dieser wichtigen N\u00e4hrstoffe, die vom K\u00f6rper der Jungtiere perfekt aufgenommen werden.<\/span><\/p>\n<p><span style=\"font-size: 10pt;\"><strong>Die Vorteile von UNO Grow sind:<\/strong><\/span><\/p>\n<ul>\n<li><span style=\"font-size: 10pt;\">Optimierung von Wachstum, Entwicklung und Fruchtbarkeit von Jungtieren<\/span><\/li>\n<li><span style=\"font-size: 10pt;\">Enth\u00e4lt 6 wichtige Mineralien und 4 wichtige Vitamine<\/span><\/li>\n<li><span style=\"font-size: 10pt;\">Garantiert kontrollierte Freisetzung pro Tag<\/span><\/li>\n<li><span style=\"font-size: 10pt;\">6 Monate Betrieb<\/span><\/li>\n<li><span style=\"font-size: 10pt;\">Arbeitssparend<\/span><\/li>\n<li><span style=\"font-size: 10pt;\">Erforscht und bew\u00e4hrt<\/span><\/li>\n<li><span style=\"font-size: 10pt;\">Nichts bleibt im Tier<\/span><\/li>\n<\/ul>\n<p><span style=\"font-size: 10pt;\">Feldstudien zeigen, dass die Verwendung von UNO Grow-Bolus zu einer Verbesserung der Fruchtbarkeit \u00fcber die Abkalbezeit von F\u00e4rsen f\u00fchren kann. Im Vergleich zu F\u00e4rsen, die keine UNO Grow Boli erhielten, hatten F\u00e4rsen, die die Boli erhielten, eine Abkalbezeit von 722 Tagen, w\u00e4hrend F\u00e4rsen ohne Boli eine Abkalbezeit von 762 Tagen hatten. Dies entspricht einem Unterschied von 40 Tagen. <\/p>\n<p>Dar\u00fcber hinaus haben Feldstudien gezeigt, dass die Verwendung von UNO Grow-Bolus zu einer Verringerung der Anzahl der Besamungen pro wahrscheinlicher Empf\u00e4ngnis f\u00fchren kann. F\u00e4rsen, die die Boli erhielten, hatten ein Verh\u00e4ltnis von 1,00 Besamungen pro wahrscheinlicher Empf\u00e4ngnis, w\u00e4hrend F\u00e4rsen ohne Boli ein Verh\u00e4ltnis von 1,75 aufwiesen. Dies entspricht einem Unterschied von 0,75 oder 75%. <\/p>\n<p>Schlie\u00dflich wurde auch eine Verbesserung des durchschnittlichen Wachstums der Jungrinder beobachtet. F\u00e4rsen, die UNO-Grow-Bolus erhielten, wuchsen durchschnittlich 134 kg, w\u00e4hrend F\u00e4rsen ohne Bolus durchschnittlich 121 kg zulegten. Dies entspricht einem Unterschied von 13 kg oder 10%.<\/span><\/p>\n<p><span style=\"font-size: 10pt;\">Die empfohlene F\u00fctterungsmenge betr\u00e4gt 2 UNO Grow Boli pro Tier mit einem Gewicht von 150 kg oder mehr. Der Bolus beginnt sich auf der flachen Seite langsam aufzul\u00f6sen und die Ummantelung des Bolus sorgt daf\u00fcr, dass sich der Bolus \u00fcber einen Zeitraum von 180 Tagen (6 Monaten) allm\u00e4hlich aufl\u00f6st. Die Verabreichung von 2 Boli ist notwendig, da sie es den jungen Rindern erm\u00f6glicht, den heutigen Bedarf an Spurenelementen und Vitaminen zu decken. Au\u00dferdem klopfen die beiden Boli aneinander, wodurch die Freisetzung konstant bleibt.<\/span><\/p>\n<p><span style=\"font-size: 10pt;\"><strong>W<\/strong><strong>a, warum sich immer mehr Landwirte f\u00fcr einen Mineralstoffbolus entscheiden:<\/strong><\/span><br \/><span style=\"font-size: 10pt;\">Die Verabreichung eines Mineralstoffbolus an Jungrinder ist eine wirksame Methode zur Unterst\u00fctzung der Gesundheit Ihrer Herde. Im Gegensatz zu Mineralien in Pulverform wird ein Bolus \u00fcber einen geeigneten Bolusschieber direkt in den Magen des Tieres verabreicht, wodurch eine kontinuierliche Mineralstoffzufuhr \u00fcber 6 Monate gew\u00e4hrleistet ist. Dies tr\u00e4gt dazu bei, ein konstantes Mineralgleichgewicht aufrechtzuerhalten und Mangelerscheinungen vorzubeugen.<\/span><\/p>\n<p><span style=\"font-size: 10pt;\">Einer der Vorteile eines Bolus ist seine einfache Verabreichung. Anstatt Mineralien in Pulverform \u00fcber den Mund zu verabreichen, muss ein Bolus nur einmal gegeben werden. Das spart Zeit und verringert das Risiko von Fehlern.<\/span><\/p>\n<p><span style=\"font-size: 10pt;\">Ein weiterer Vorteil eines Bolus ist die verbesserte Mineralstoffaufnahme. Da der Bolus direkt in den Magen verabreicht wird, kann die Mineralstoffaufnahme im Vergleich zur Verabreichung von Mineralien in Pulverform \u00fcber den Mund verbessert werden.<\/span><\/p>\n<p><span style=\"font-size: 10pt;\">Dar\u00fcber hinaus f\u00fchrt die Verwendung eines Bolus zu einer geringeren Verschmutzung des Stalls. Dies liegt daran, dass es keinen Verlust von Mineralien durch das Ausgangsfutter oder das Verhalten der Tiere gibt.<\/span><\/p>\n<p><span style=\"font-size: 10pt;\">Einer der Hauptvorteile von Boli ist, dass sie nicht vom Geschmack des Tieres abh\u00e4ngig sind. Das bedeutet, dass Zutaten, die nicht so appetitlich sind, aber f\u00fcr die Gesundheit des Tieres notwendig sind, wie z. B. bestimmte Mineralien oder Vitamine, in den Bolus eingearbeitet werden k\u00f6nnen, ohne dass das Tier dies merkt und ohne dass es davon abh\u00e4ngt, ob die Kuh sie fressen will.<\/span><\/p>\n<p><span style=\"font-size: 10pt;\">Zusammenfassend l\u00e4sst sich sagen, dass ein Mineralbolus viele Vorteile f\u00fcr die Gesundheit der Tiere bietet, wie z. B. eine kontinuierliche Mineralstoffzufuhr, eine einfache Verabreichung, eine bessere Absorption, weniger Verunreinigungen im Stall und keine Abh\u00e4ngigkeit bei der Auswahl der Zutaten, da die Schmackhaftigkeit keine Rolle spielt!<\/span><\/p>\n<p><span style=\"font-size: 10pt;\"><strong>Verpackung<\/strong><\/span><br \/><span style=\"font-size: 10pt;\">Schachtel mit 20 UNO-Grow-Bolus (= gut f\u00fcr 10 St\u00fcck Jungvieh).<\/span><\/p>\n<p><span style=\"font-size: 10pt;\">Der Bolus kann \u00fcber die Farbringe im Bolusbecher (27 mm) verabreicht werden.<\/p>\n<p><strong style=\"font-size: 10pt;\">Allgemeine Informationen \u00fcber den Mineralbolus<br \/><\/strong><strong style=\"font-size: 10pt;\">*\u00a0<\/strong><a style=\"font-size: 10pt;\" href=\"https:\/\/www.boerenwinkel.nl\/imagestream\/stream\/14779\/Wat_is_een_Mineralen_Bolus.pdf\">Was ist ein Mineralbolus?<\/a><br \/><strong style=\"font-size: 10pt;\">* <\/strong><a style=\"font-size: 10pt;\" href=\"https:\/\/www.boerenwinkel.nl\/imagestream\/stream\/14775\/Voordelen_van_de_Mineralen_Bolus.pdf\">Vorteile des Mineralbolus.<\/a><br \/><strong>* <\/strong><a href=\"https:\/\/www.boerenwinkel.nl\/imagestream\/stream\/14767\/Mineralen_Bolus_Wetenschappelijk_onderzocht.pdf\">Der Mineralien Bolus wissenschaftlich erforscht.<\/a><br \/><strong>*\u00a0<\/strong><a href=\"https:\/\/www.boerenwinkel.nl\/imagestream\/stream\/14773\/Vergelijking_Mineralen_Bolussen.pdf\">Vergleich Mineralbolus.<\/a><br \/><strong>*\u00a0<\/strong><a href=\"https:\/\/www.boerenwinkel.nl\/imagestream\/stream\/14777\/Waarom_een_mineralen_bolus_verstrekken_in_plaats_van_poedermineralen.pdf\">Warum ein Mineralbolus anstelle eines Pulvers?<\/a><br \/><strong>*\u00a0<\/strong><a title=\"Kleine Ver\u00e4nderungen in der Ern\u00e4hrung, gro\u00dfe Auswirkungen auf die Fruchtbarkeit von Milchk\u00fchen\" href=\"https:\/\/www.boerenwinkel.nl\/imagestream\/stream\/14765\/Kleine_veranderingen_in_de_voeding_grote_gevolgen_voor_de_vruchtbaarheid_van_de_melkkoeien.pdf\" target=\"_blank\" rel=\"noopener\">Kleine Ver\u00e4nderungen in der Ern\u00e4hrung, gro\u00dfe Auswirkungen auf die Fruchtbarkeit von Milchk\u00fchen.<\/a><br \/><strong>*\u00a0<\/strong><a href=\"https:\/\/www.boerenwinkel.nl\/imagestream\/stream\/14780\/Mineralen_Bolussene_in_combinatie_met_de_Repidose_Bolus.pdf\">Mineralbolus in Kombination mit dem Repidosebolus.<\/a><br \/><\/span><\/p>","protected":false},"excerpt":{"rendered":"<p>Versorgt Ihr Jungvieh mit 6 wichtigen Mineralien und 4 essentiellen Vitaminen in einer Gabe.<\/p>","protected":false},"featured_media":23037,"template":"","meta":{"_acf_changed":false},"product_brand":[],"product_cat":[1123,834],"product_tag":[883,1137,1134,1141,814,1133,1132,1380],"class_list":{"0":"post-23036","1":"product","2":"type-product","3":"status-publish","4":"has-post-thumbnail","6":"product_cat-bolussen-en-mineralen","7":"product_cat-rund","8":"product_tag-excellent","9":"product_tag-kopergebrek","10":"product_tag-mineralen","11":"product_tag-originele-bolus","12":"product_tag-rund","13":"product_tag-vitaminen","14":"product_tag-vruchtbaarheid","15":"product_tag-weerstand","16":"tax_brand-holland-animal-care","18":"first","19":"instock","20":"taxable","21":"shipping-taxable","22":"purchasable","23":"product-type-simple"},"acf":[],"yoast_head":"<!-- This site is optimized with the Yoast SEO plugin v27.4 - https:\/\/yoast.com\/product\/yoast-seo-wordpress\/ -->\n<title>UNO Grow (Jongvee) - Food4animals<\/title>\n<meta name=\"robots\" content=\"index, follow, max-snippet:-1, max-image-preview:large, max-video-preview:-1\" \/>\n<link rel=\"canonical\" href=\"https:\/\/www.food4animals.nl\/de\/produkt\/uno-grow-jongvee\/\" \/>\n<meta property=\"og:locale\" content=\"de_DE\" \/>\n<meta property=\"og:type\" content=\"article\" \/>\n<meta property=\"og:title\" content=\"UNO Grow (Jongvee) - Food4animals\" \/>\n<meta property=\"og:description\" content=\"Voorziet uw jongvee in 1 toediening van 6 belangrijke mineralen\u00a0en 4 essenti\u00eble vitaminen.\" \/>\n<meta property=\"og:url\" content=\"https:\/\/www.food4animals.nl\/de\/produkt\/uno-grow-jongvee\/\" \/>\n<meta property=\"og:site_name\" content=\"Food4animals\" \/>\n<meta property=\"article:publisher\" content=\"https:\/\/www.facebook.com\/p\/Food4animals-100063861676074\/\" \/>\n<meta property=\"article:modified_time\" content=\"2026-05-08T00:42:38+00:00\" \/>\n<meta property=\"og:image\" content=\"https:\/\/www.food4animals.nl\/wp-content\/uploads\/2024\/02\/92528.png\" \/>\n\t<meta property=\"og:image:width\" content=\"1024\" \/>\n\t<meta property=\"og:image:height\" content=\"1024\" \/>\n\t<meta property=\"og:image:type\" content=\"image\/png\" \/>\n<meta name=\"twitter:card\" content=\"summary_large_image\" \/>\n<meta name=\"twitter:site\" content=\"@food4animals\" \/>\n<meta name=\"twitter:label1\" content=\"Gesch\u00e4tzte Lesezeit\" \/>\n\t<meta name=\"twitter:data1\" content=\"4\u00a0Minuten\" \/>\n<script type=\"application\/ld+json\" class=\"yoast-schema-graph\">{\"@context\":\"https:\\\/\\\/schema.org\",\"@graph\":[{\"@type\":\"WebPage\",\"@id\":\"https:\\\/\\\/www.food4animals.nl\\\/product\\\/uno-grow-jongvee\\\/\",\"url\":\"https:\\\/\\\/www.food4animals.nl\\\/product\\\/uno-grow-jongvee\\\/\",\"name\":\"UNO Grow (Jongvee) - Food4animals\",\"isPartOf\":{\"@id\":\"https:\\\/\\\/www.food4animals.nl\\\/en\\\/#website\"},\"primaryImageOfPage\":{\"@id\":\"https:\\\/\\\/www.food4animals.nl\\\/product\\\/uno-grow-jongvee\\\/#primaryimage\"},\"image\":{\"@id\":\"https:\\\/\\\/www.food4animals.nl\\\/product\\\/uno-grow-jongvee\\\/#primaryimage\"},\"thumbnailUrl\":\"https:\\\/\\\/www.food4animals.nl\\\/wp-content\\\/uploads\\\/2024\\\/02\\\/92528.png\",\"datePublished\":\"2024-02-09T16:05:35+00:00\",\"dateModified\":\"2026-05-08T00:42:38+00:00\",\"breadcrumb\":{\"@id\":\"https:\\\/\\\/www.food4animals.nl\\\/product\\\/uno-grow-jongvee\\\/#breadcrumb\"},\"inLanguage\":\"de\",\"potentialAction\":[{\"@type\":\"ReadAction\",\"target\":[\"https:\\\/\\\/www.food4animals.nl\\\/product\\\/uno-grow-jongvee\\\/\"]}]},{\"@type\":\"ImageObject\",\"inLanguage\":\"de\",\"@id\":\"https:\\\/\\\/www.food4animals.nl\\\/product\\\/uno-grow-jongvee\\\/#primaryimage\",\"url\":\"https:\\\/\\\/www.food4animals.nl\\\/wp-content\\\/uploads\\\/2024\\\/02\\\/92528.png\",\"contentUrl\":\"https:\\\/\\\/www.food4animals.nl\\\/wp-content\\\/uploads\\\/2024\\\/02\\\/92528.png\",\"width\":1024,\"height\":1024},{\"@type\":\"BreadcrumbList\",\"@id\":\"https:\\\/\\\/www.food4animals.nl\\\/product\\\/uno-grow-jongvee\\\/#breadcrumb\",\"itemListElement\":[{\"@type\":\"ListItem\",\"position\":1,\"name\":\"Home\",\"item\":\"https:\\\/\\\/www.food4animals.nl\\\/\"},{\"@type\":\"ListItem\",\"position\":2,\"name\":\"Winkel\",\"item\":\"https:\\\/\\\/www.food4animals.nl\\\/winkel\\\/\"},{\"@type\":\"ListItem\",\"position\":3,\"name\":\"UNO Grow (Jongvee)\"}]},{\"@type\":\"WebSite\",\"@id\":\"https:\\\/\\\/www.food4animals.nl\\\/en\\\/#website\",\"url\":\"https:\\\/\\\/www.food4animals.nl\\\/en\\\/\",\"name\":\"Food4animals\",\"description\":\"Alles voor Ruiter en Dier\",\"publisher\":{\"@id\":\"https:\\\/\\\/www.food4animals.nl\\\/en\\\/#organization\"},\"potentialAction\":[{\"@type\":\"SearchAction\",\"target\":{\"@type\":\"EntryPoint\",\"urlTemplate\":\"https:\\\/\\\/www.food4animals.nl\\\/en\\\/?s={search_term_string}\"},\"query-input\":{\"@type\":\"PropertyValueSpecification\",\"valueRequired\":true,\"valueName\":\"search_term_string\"}}],\"inLanguage\":\"de\"},{\"@type\":\"Organization\",\"@id\":\"https:\\\/\\\/www.food4animals.nl\\\/en\\\/#organization\",\"name\":\"Food4animals\",\"url\":\"https:\\\/\\\/www.food4animals.nl\\\/en\\\/\",\"logo\":{\"@type\":\"ImageObject\",\"inLanguage\":\"de\",\"@id\":\"https:\\\/\\\/www.food4animals.nl\\\/en\\\/#\\\/schema\\\/logo\\\/image\\\/\",\"url\":\"https:\\\/\\\/www.food4animals.nl\\\/wp-content\\\/uploads\\\/2023\\\/10\\\/Logo.svg\",\"contentUrl\":\"https:\\\/\\\/www.food4animals.nl\\\/wp-content\\\/uploads\\\/2023\\\/10\\\/Logo.svg\",\"width\":1,\"height\":1,\"caption\":\"Food4animals\"},\"image\":{\"@id\":\"https:\\\/\\\/www.food4animals.nl\\\/en\\\/#\\\/schema\\\/logo\\\/image\\\/\"},\"sameAs\":[\"https:\\\/\\\/www.facebook.com\\\/p\\\/Food4animals-100063861676074\\\/\",\"https:\\\/\\\/x.com\\\/food4animals\"]}]}<\/script>\n<!-- \/ Yoast SEO plugin. -->","yoast_head_json":{"title":"UNO Grow (Jongvee) - Food4animals","robots":{"index":"index","follow":"follow","max-snippet":"max-snippet:-1","max-image-preview":"max-image-preview:large","max-video-preview":"max-video-preview:-1"},"canonical":"https:\/\/www.food4animals.nl\/de\/produkt\/uno-grow-jongvee\/","og_locale":"de_DE","og_type":"article","og_title":"UNO Grow (Jongvee) - Food4animals","og_description":"Voorziet uw jongvee in 1 toediening van 6 belangrijke mineralen\u00a0en 4 essenti\u00eble vitaminen.","og_url":"https:\/\/www.food4animals.nl\/de\/produkt\/uno-grow-jongvee\/","og_site_name":"Food4animals","article_publisher":"https:\/\/www.facebook.com\/p\/Food4animals-100063861676074\/","article_modified_time":"2026-05-08T00:42:38+00:00","og_image":[{"width":1024,"height":1024,"url":"https:\/\/www.food4animals.nl\/wp-content\/uploads\/2024\/02\/92528.png","type":"image\/png"}],"twitter_card":"summary_large_image","twitter_site":"@food4animals","twitter_misc":{"Gesch\u00e4tzte Lesezeit":"4\u00a0Minuten"},"schema":{"@context":"https:\/\/schema.org","@graph":[{"@type":"WebPage","@id":"https:\/\/www.food4animals.nl\/product\/uno-grow-jongvee\/","url":"https:\/\/www.food4animals.nl\/product\/uno-grow-jongvee\/","name":"UNO Grow (Jongvee) - Food4animals","isPartOf":{"@id":"https:\/\/www.food4animals.nl\/en\/#website"},"primaryImageOfPage":{"@id":"https:\/\/www.food4animals.nl\/product\/uno-grow-jongvee\/#primaryimage"},"image":{"@id":"https:\/\/www.food4animals.nl\/product\/uno-grow-jongvee\/#primaryimage"},"thumbnailUrl":"https:\/\/www.food4animals.nl\/wp-content\/uploads\/2024\/02\/92528.png","datePublished":"2024-02-09T16:05:35+00:00","dateModified":"2026-05-08T00:42:38+00:00","breadcrumb":{"@id":"https:\/\/www.food4animals.nl\/product\/uno-grow-jongvee\/#breadcrumb"},"inLanguage":"de","potentialAction":[{"@type":"ReadAction","target":["https:\/\/www.food4animals.nl\/product\/uno-grow-jongvee\/"]}]},{"@type":"ImageObject","inLanguage":"de","@id":"https:\/\/www.food4animals.nl\/product\/uno-grow-jongvee\/#primaryimage","url":"https:\/\/www.food4animals.nl\/wp-content\/uploads\/2024\/02\/92528.png","contentUrl":"https:\/\/www.food4animals.nl\/wp-content\/uploads\/2024\/02\/92528.png","width":1024,"height":1024},{"@type":"BreadcrumbList","@id":"https:\/\/www.food4animals.nl\/product\/uno-grow-jongvee\/#breadcrumb","itemListElement":[{"@type":"ListItem","position":1,"name":"Home","item":"https:\/\/www.food4animals.nl\/"},{"@type":"ListItem","position":2,"name":"Winkel","item":"https:\/\/www.food4animals.nl\/winkel\/"},{"@type":"ListItem","position":3,"name":"UNO Grow (Jongvee)"}]},{"@type":"WebSite","@id":"https:\/\/www.food4animals.nl\/en\/#website","url":"https:\/\/www.food4animals.nl\/en\/","name":"Lebensmittel4Tiere","description":"Alles f\u00fcr Reiter und Tier","publisher":{"@id":"https:\/\/www.food4animals.nl\/en\/#organization"},"potentialAction":[{"@type":"SearchAction","target":{"@type":"EntryPoint","urlTemplate":"https:\/\/www.food4animals.nl\/en\/?s={search_term_string}"},"query-input":{"@type":"PropertyValueSpecification","valueRequired":true,"valueName":"search_term_string"}}],"inLanguage":"de"},{"@type":"Organization","@id":"https:\/\/www.food4animals.nl\/en\/#organization","name":"Lebensmittel4Tiere","url":"https:\/\/www.food4animals.nl\/en\/","logo":{"@type":"ImageObject","inLanguage":"de","@id":"https:\/\/www.food4animals.nl\/en\/#\/schema\/logo\/image\/","url":"https:\/\/www.food4animals.nl\/wp-content\/uploads\/2023\/10\/Logo.svg","contentUrl":"https:\/\/www.food4animals.nl\/wp-content\/uploads\/2023\/10\/Logo.svg","width":1,"height":1,"caption":"Food4animals"},"image":{"@id":"https:\/\/www.food4animals.nl\/en\/#\/schema\/logo\/image\/"},"sameAs":["https:\/\/www.facebook.com\/p\/Food4animals-100063861676074\/","https:\/\/x.com\/food4animals"]}]}},"_links":{"self":[{"href":"https:\/\/www.food4animals.nl\/de\/wp-json\/wp\/v2\/product\/23036","targetHints":{"allow":["GET"]}}],"collection":[{"href":"https:\/\/www.food4animals.nl\/de\/wp-json\/wp\/v2\/product"}],"about":[{"href":"https:\/\/www.food4animals.nl\/de\/wp-json\/wp\/v2\/types\/product"}],"wp:featuredmedia":[{"embeddable":true,"href":"https:\/\/www.food4animals.nl\/de\/wp-json\/wp\/v2\/media\/23037"}],"wp:attachment":[{"href":"https:\/\/www.food4animals.nl\/de\/wp-json\/wp\/v2\/media?parent=23036"}],"wp:term":[{"taxonomy":"product_brand","embeddable":true,"href":"https:\/\/www.food4animals.nl\/de\/wp-json\/wp\/v2\/product_brand?post=23036"},{"taxonomy":"product_cat","embeddable":true,"href":"https:\/\/www.food4animals.nl\/de\/wp-json\/wp\/v2\/product_cat?post=23036"},{"taxonomy":"product_tag","embeddable":true,"href":"https:\/\/www.food4animals.nl\/de\/wp-json\/wp\/v2\/product_tag?post=23036"}],"curies":[{"name":"wp","href":"https:\/\/api.w.org\/{rel}","templated":true}]}}