{"id":23040,"date":"2024-02-09T17:05:35","date_gmt":"2024-02-09T16:05:35","guid":{"rendered":"https:\/\/food4animals.nl\/product\/uno-grow-start-kalf\/"},"modified":"2026-03-30T01:36:06","modified_gmt":"2026-03-30T00:36:06","slug":"uno-grow-start-kalb","status":"publish","type":"product","link":"https:\/\/www.food4animals.nl\/de\/produkt\/uno-grow-start-kalb\/","title":{"rendered":"Uno Grow Start Kalb"},"content":{"rendered":"<p><span style=\"font-size: 10pt;\"><strong>Uno Grow Start Calf wurde speziell f\u00fcr K\u00e4lber entwickelt.<br \/>\n<\/strong><\/span><span style=\"font-size: 10pt;\">Uno Grow Start Calf enth\u00e4lt wichtige Spurenelemente f\u00fcr einen optimalen Start des Kalbes.<\/span><\/p>\n<p><span style=\"font-size: 10pt;\"><strong>Erg\u00e4nzungsfuttermittel (mineralisches Di\u00e4tfutter)<\/strong><\/span><br \/>\n<span style=\"font-size: 10pt;\">Erg\u00e4nzungsfuttermittel (mineralisches Di\u00e4tfuttermittel) f\u00fcr eine langfristige Abgabe von Spurenelementen an grasgef\u00fctterte K\u00e4lber. Sie k\u00f6nnen die Vorteile des Wachstums und der Entwicklung des Kalbes nur einmal nutzen. Starten Sie optimal mit Uno Grow Start Calf!<\/span><\/p>\n<img decoding=\"async\" class=\"preview\" style=\"max-width: 100%;\" src=\"\/imagestream\/stream\/259001\/UnoGrow-Icons_NL-100.jpg\" alt=\"\" \/>\n<p><span style=\"font-size: 10pt;\"><strong><br \/>\nF\u00fctterungshinweise<\/strong>\u00a0<\/span><br \/>\n<span style=\"font-size: 10pt;\">1 Bolus pro Kalb ab der 6. Lebenswoche.<\/span><br \/>\n<span style=\"font-size: 10pt;\">Die Wirksamkeit nach der Verabreichung betr\u00e4gt 6 Monate.<\/span><br \/>\n<span style=\"font-size: 10pt;\">Verabreichen mit\u00a0<a href=\"https:\/\/www.boerenwinkel.nl\/nl\/product\/1590\/10740\/rund\/bolussen\/bolus-schieters\/inserter-rvs-sheep-bullet-calf-bullet\">Inserter Edelstahl Schaf Bullet \/ Kalb Bullet<\/a>.<\/span><\/p>\n<p><span style=\"font-size: 10pt;\"><strong>Inhalt<br \/>\n<\/strong><\/span><span style=\"font-size: 10pt;\">10 x 52 g<\/span><\/p>\n<p>&nbsp;<\/p>","protected":false},"excerpt":{"rendered":"<p>Enth\u00e4lt wichtige Spurenelemente f\u00fcr einen optimalen K\u00e4lberstart.<\/p>","protected":false},"featured_media":23041,"template":"","meta":{"_acf_changed":false},"product_brand":[],"product_cat":[1123,834],"product_tag":[883,1134,814],"class_list":{"0":"post-23040","1":"product","2":"type-product","3":"status-publish","4":"has-post-thumbnail","6":"product_cat-bolussen-en-mineralen","7":"product_cat-rund","8":"product_tag-excellent","9":"product_tag-mineralen","10":"product_tag-rund","11":"tax_brand-excellent","13":"first","14":"outofstock","15":"taxable","16":"shipping-taxable","17":"purchasable","18":"product-type-simple"},"acf":[],"yoast_head":"<!-- This site is optimized with the Yoast SEO plugin v27.4 - https:\/\/yoast.com\/product\/yoast-seo-wordpress\/ -->\n<title>Uno Grow Start Kalf - Food4animals<\/title>\n<meta name=\"robots\" content=\"index, follow, max-snippet:-1, max-image-preview:large, max-video-preview:-1\" \/>\n<link rel=\"canonical\" href=\"https:\/\/www.food4animals.nl\/de\/produkt\/uno-grow-start-kalb\/\" \/>\n<meta property=\"og:locale\" content=\"de_DE\" \/>\n<meta property=\"og:type\" content=\"article\" \/>\n<meta property=\"og:title\" content=\"Uno Grow Start Kalf - Food4animals\" \/>\n<meta property=\"og:description\" content=\"Bevat essenti\u00eble sporenelementen voor een optimale start het van het kalf.\" \/>\n<meta property=\"og:url\" content=\"https:\/\/www.food4animals.nl\/de\/produkt\/uno-grow-start-kalb\/\" \/>\n<meta property=\"og:site_name\" content=\"Food4animals\" \/>\n<meta property=\"article:publisher\" content=\"https:\/\/www.facebook.com\/p\/Food4animals-100063861676074\/\" \/>\n<meta property=\"article:modified_time\" content=\"2026-03-30T00:36:06+00:00\" \/>\n<meta property=\"og:image\" content=\"https:\/\/www.food4animals.nl\/wp-content\/uploads\/2024\/02\/137234.png\" \/>\n\t<meta property=\"og:image:width\" content=\"980\" \/>\n\t<meta property=\"og:image:height\" content=\"980\" \/>\n\t<meta property=\"og:image:type\" content=\"image\/png\" \/>\n<meta name=\"twitter:card\" content=\"summary_large_image\" \/>\n<meta name=\"twitter:site\" content=\"@food4animals\" \/>\n<meta name=\"twitter:label1\" content=\"Gesch\u00e4tzte Lesezeit\" \/>\n\t<meta name=\"twitter:data1\" content=\"1\u00a0Minute\" \/>\n<script type=\"application\/ld+json\" class=\"yoast-schema-graph\">{\"@context\":\"https:\\\/\\\/schema.org\",\"@graph\":[{\"@type\":\"WebPage\",\"@id\":\"https:\\\/\\\/www.food4animals.nl\\\/product\\\/uno-grow-start-kalf\\\/\",\"url\":\"https:\\\/\\\/www.food4animals.nl\\\/product\\\/uno-grow-start-kalf\\\/\",\"name\":\"Uno Grow Start Kalf - Food4animals\",\"isPartOf\":{\"@id\":\"https:\\\/\\\/www.food4animals.nl\\\/en\\\/#website\"},\"primaryImageOfPage\":{\"@id\":\"https:\\\/\\\/www.food4animals.nl\\\/product\\\/uno-grow-start-kalf\\\/#primaryimage\"},\"image\":{\"@id\":\"https:\\\/\\\/www.food4animals.nl\\\/product\\\/uno-grow-start-kalf\\\/#primaryimage\"},\"thumbnailUrl\":\"https:\\\/\\\/www.food4animals.nl\\\/wp-content\\\/uploads\\\/2024\\\/02\\\/137234.png\",\"datePublished\":\"2024-02-09T16:05:35+00:00\",\"dateModified\":\"2026-03-30T00:36:06+00:00\",\"breadcrumb\":{\"@id\":\"https:\\\/\\\/www.food4animals.nl\\\/product\\\/uno-grow-start-kalf\\\/#breadcrumb\"},\"inLanguage\":\"de\",\"potentialAction\":[{\"@type\":\"ReadAction\",\"target\":[\"https:\\\/\\\/www.food4animals.nl\\\/product\\\/uno-grow-start-kalf\\\/\"]}]},{\"@type\":\"ImageObject\",\"inLanguage\":\"de\",\"@id\":\"https:\\\/\\\/www.food4animals.nl\\\/product\\\/uno-grow-start-kalf\\\/#primaryimage\",\"url\":\"https:\\\/\\\/www.food4animals.nl\\\/wp-content\\\/uploads\\\/2024\\\/02\\\/137234.png\",\"contentUrl\":\"https:\\\/\\\/www.food4animals.nl\\\/wp-content\\\/uploads\\\/2024\\\/02\\\/137234.png\",\"width\":980,\"height\":980},{\"@type\":\"BreadcrumbList\",\"@id\":\"https:\\\/\\\/www.food4animals.nl\\\/product\\\/uno-grow-start-kalf\\\/#breadcrumb\",\"itemListElement\":[{\"@type\":\"ListItem\",\"position\":1,\"name\":\"Home\",\"item\":\"https:\\\/\\\/www.food4animals.nl\\\/\"},{\"@type\":\"ListItem\",\"position\":2,\"name\":\"Winkel\",\"item\":\"https:\\\/\\\/www.food4animals.nl\\\/winkel\\\/\"},{\"@type\":\"ListItem\",\"position\":3,\"name\":\"Uno Grow Start Kalf\"}]},{\"@type\":\"WebSite\",\"@id\":\"https:\\\/\\\/www.food4animals.nl\\\/en\\\/#website\",\"url\":\"https:\\\/\\\/www.food4animals.nl\\\/en\\\/\",\"name\":\"Food4animals\",\"description\":\"Alles voor Ruiter en Dier\",\"publisher\":{\"@id\":\"https:\\\/\\\/www.food4animals.nl\\\/en\\\/#organization\"},\"potentialAction\":[{\"@type\":\"SearchAction\",\"target\":{\"@type\":\"EntryPoint\",\"urlTemplate\":\"https:\\\/\\\/www.food4animals.nl\\\/en\\\/?s={search_term_string}\"},\"query-input\":{\"@type\":\"PropertyValueSpecification\",\"valueRequired\":true,\"valueName\":\"search_term_string\"}}],\"inLanguage\":\"de\"},{\"@type\":\"Organization\",\"@id\":\"https:\\\/\\\/www.food4animals.nl\\\/en\\\/#organization\",\"name\":\"Food4animals\",\"url\":\"https:\\\/\\\/www.food4animals.nl\\\/en\\\/\",\"logo\":{\"@type\":\"ImageObject\",\"inLanguage\":\"de\",\"@id\":\"https:\\\/\\\/www.food4animals.nl\\\/en\\\/#\\\/schema\\\/logo\\\/image\\\/\",\"url\":\"https:\\\/\\\/www.food4animals.nl\\\/wp-content\\\/uploads\\\/2023\\\/10\\\/Logo.svg\",\"contentUrl\":\"https:\\\/\\\/www.food4animals.nl\\\/wp-content\\\/uploads\\\/2023\\\/10\\\/Logo.svg\",\"width\":1,\"height\":1,\"caption\":\"Food4animals\"},\"image\":{\"@id\":\"https:\\\/\\\/www.food4animals.nl\\\/en\\\/#\\\/schema\\\/logo\\\/image\\\/\"},\"sameAs\":[\"https:\\\/\\\/www.facebook.com\\\/p\\\/Food4animals-100063861676074\\\/\",\"https:\\\/\\\/x.com\\\/food4animals\"]}]}<\/script>\n<!-- \/ Yoast SEO plugin. -->","yoast_head_json":{"title":"Uno Grow Start Kalb - Food4animals","robots":{"index":"index","follow":"follow","max-snippet":"max-snippet:-1","max-image-preview":"max-image-preview:large","max-video-preview":"max-video-preview:-1"},"canonical":"https:\/\/www.food4animals.nl\/de\/produkt\/uno-grow-start-kalb\/","og_locale":"de_DE","og_type":"article","og_title":"Uno Grow Start Kalf - Food4animals","og_description":"Bevat essenti\u00eble sporenelementen voor een optimale start het van het kalf.","og_url":"https:\/\/www.food4animals.nl\/de\/produkt\/uno-grow-start-kalb\/","og_site_name":"Food4animals","article_publisher":"https:\/\/www.facebook.com\/p\/Food4animals-100063861676074\/","article_modified_time":"2026-03-30T00:36:06+00:00","og_image":[{"width":980,"height":980,"url":"https:\/\/www.food4animals.nl\/wp-content\/uploads\/2024\/02\/137234.png","type":"image\/png"}],"twitter_card":"summary_large_image","twitter_site":"@food4animals","twitter_misc":{"Gesch\u00e4tzte Lesezeit":"1\u00a0Minute"},"schema":{"@context":"https:\/\/schema.org","@graph":[{"@type":"WebPage","@id":"https:\/\/www.food4animals.nl\/product\/uno-grow-start-kalf\/","url":"https:\/\/www.food4animals.nl\/product\/uno-grow-start-kalf\/","name":"Uno Grow Start Kalb - Food4animals","isPartOf":{"@id":"https:\/\/www.food4animals.nl\/en\/#website"},"primaryImageOfPage":{"@id":"https:\/\/www.food4animals.nl\/product\/uno-grow-start-kalf\/#primaryimage"},"image":{"@id":"https:\/\/www.food4animals.nl\/product\/uno-grow-start-kalf\/#primaryimage"},"thumbnailUrl":"https:\/\/www.food4animals.nl\/wp-content\/uploads\/2024\/02\/137234.png","datePublished":"2024-02-09T16:05:35+00:00","dateModified":"2026-03-30T00:36:06+00:00","breadcrumb":{"@id":"https:\/\/www.food4animals.nl\/product\/uno-grow-start-kalf\/#breadcrumb"},"inLanguage":"de","potentialAction":[{"@type":"ReadAction","target":["https:\/\/www.food4animals.nl\/product\/uno-grow-start-kalf\/"]}]},{"@type":"ImageObject","inLanguage":"de","@id":"https:\/\/www.food4animals.nl\/product\/uno-grow-start-kalf\/#primaryimage","url":"https:\/\/www.food4animals.nl\/wp-content\/uploads\/2024\/02\/137234.png","contentUrl":"https:\/\/www.food4animals.nl\/wp-content\/uploads\/2024\/02\/137234.png","width":980,"height":980},{"@type":"BreadcrumbList","@id":"https:\/\/www.food4animals.nl\/product\/uno-grow-start-kalf\/#breadcrumb","itemListElement":[{"@type":"ListItem","position":1,"name":"Home","item":"https:\/\/www.food4animals.nl\/"},{"@type":"ListItem","position":2,"name":"Winkel","item":"https:\/\/www.food4animals.nl\/winkel\/"},{"@type":"ListItem","position":3,"name":"Uno Grow Start Kalf"}]},{"@type":"WebSite","@id":"https:\/\/www.food4animals.nl\/en\/#website","url":"https:\/\/www.food4animals.nl\/en\/","name":"Lebensmittel4Tiere","description":"Alles f\u00fcr Reiter und Tier","publisher":{"@id":"https:\/\/www.food4animals.nl\/en\/#organization"},"potentialAction":[{"@type":"SearchAction","target":{"@type":"EntryPoint","urlTemplate":"https:\/\/www.food4animals.nl\/en\/?s={search_term_string}"},"query-input":{"@type":"PropertyValueSpecification","valueRequired":true,"valueName":"search_term_string"}}],"inLanguage":"de"},{"@type":"Organization","@id":"https:\/\/www.food4animals.nl\/en\/#organization","name":"Lebensmittel4Tiere","url":"https:\/\/www.food4animals.nl\/en\/","logo":{"@type":"ImageObject","inLanguage":"de","@id":"https:\/\/www.food4animals.nl\/en\/#\/schema\/logo\/image\/","url":"https:\/\/www.food4animals.nl\/wp-content\/uploads\/2023\/10\/Logo.svg","contentUrl":"https:\/\/www.food4animals.nl\/wp-content\/uploads\/2023\/10\/Logo.svg","width":1,"height":1,"caption":"Food4animals"},"image":{"@id":"https:\/\/www.food4animals.nl\/en\/#\/schema\/logo\/image\/"},"sameAs":["https:\/\/www.facebook.com\/p\/Food4animals-100063861676074\/","https:\/\/x.com\/food4animals"]}]}},"_links":{"self":[{"href":"https:\/\/www.food4animals.nl\/de\/wp-json\/wp\/v2\/product\/23040","targetHints":{"allow":["GET"]}}],"collection":[{"href":"https:\/\/www.food4animals.nl\/de\/wp-json\/wp\/v2\/product"}],"about":[{"href":"https:\/\/www.food4animals.nl\/de\/wp-json\/wp\/v2\/types\/product"}],"wp:featuredmedia":[{"embeddable":true,"href":"https:\/\/www.food4animals.nl\/de\/wp-json\/wp\/v2\/media\/23041"}],"wp:attachment":[{"href":"https:\/\/www.food4animals.nl\/de\/wp-json\/wp\/v2\/media?parent=23040"}],"wp:term":[{"taxonomy":"product_brand","embeddable":true,"href":"https:\/\/www.food4animals.nl\/de\/wp-json\/wp\/v2\/product_brand?post=23040"},{"taxonomy":"product_cat","embeddable":true,"href":"https:\/\/www.food4animals.nl\/de\/wp-json\/wp\/v2\/product_cat?post=23040"},{"taxonomy":"product_tag","embeddable":true,"href":"https:\/\/www.food4animals.nl\/de\/wp-json\/wp\/v2\/product_tag?post=23040"}],"curies":[{"name":"wp","href":"https:\/\/api.w.org\/{rel}","templated":true}]}}