{"id":23042,"date":"2024-02-09T17:05:35","date_gmt":"2024-02-09T16:05:35","guid":{"rendered":"https:\/\/food4animals.nl\/product\/uno-masti-bolus\/"},"modified":"2026-04-09T01:36:51","modified_gmt":"2026-04-09T00:36:51","slug":"uno-masti-bolus","status":"publish","type":"product","link":"https:\/\/www.food4animals.nl\/de\/produkt\/uno-masti-bolus\/","title":{"rendered":"UNO Masti Bolus"},"content":{"rendered":"<p style=\"text-align: left;\"><span style=\"font-size: 10pt;\">Der Excellent Uno Masti Bolus unterst\u00fctzt die Gesundheit und Widerstandsf\u00e4higkeit des Euters.\u00a0<\/span><\/p>\n<p style=\"text-align: left;\"><span style=\"font-size: 10pt;\">Erg\u00e4nzungsfuttermittel (mineralisches Di\u00e4tfuttermittel) f\u00fcr Milchk\u00fche zur langfristigen Abgabe von Spurenelementen und Vitaminen. Unterst\u00fctzt die Eutergesundheit, die Widerstandsf\u00e4higkeit und die nat\u00fcrliche Erholung.<br \/>Enth\u00e4lt die Extrakte von Knoblauch und Weidenrinde, die die Abwehrkr\u00e4fte unterst\u00fctzen. Quelle f\u00fcr Zink, das neben dem Schutz der Zellen auch eine positive Wirkung auf das Abwehr- und Immunsystem hat. Reich an Antioxidantien (Vitamin E und Selen), zum Schutz gesunder Zellen und Gewebe.\u00a0\u00a0<\/span><\/p>\n<h3 style=\"text-align: left;\"><span style=\"font-size: 10pt;\">F\u00fctterungshinweise<\/span><\/h3>\n<p style=\"text-align: left;\"><span style=\"font-size: 10pt;\">Stamm 1 Bolus pro Tier. Wirkungsdauer bis zu 14 Tage nach Verabreichung. Die Anwendung kann bei Bedarf nach 14 Tagen wiederholt werden. Oral mit einem geeigneten Applikator verabreichen.<\/span><\/p>\n<h3 style=\"text-align: left;\"><span style=\"font-size: 10pt;\">T\u00e4gliche Ver\u00f6ffentlichung<\/span><\/h3>\n<ul>\n<li><span style=\"font-size: 10pt;\">Vitamin E (126 mg)<\/span><\/li>\n<li><span style=\"font-size: 10pt;\">Zink (1280 mg)<\/span><\/li>\n<li><span style=\"font-size: 10pt;\">Selen (0,64 mg)<\/span><\/li>\n<\/ul>\n<h3 style=\"text-align: left;\">\u00a0<\/h3>\n<h3 style=\"text-align: left;\"><span style=\"font-size: 10pt;\">Bewahrung<\/span><\/h3>\n<p style=\"text-align: left;\"><span style=\"font-size: 10pt;\">K\u00fchl und trocken unter 25 \u00b0C lagern.<\/span><\/p>","protected":false},"excerpt":{"rendered":"<p>Unterst\u00fctzt die Gesundheit und Widerstandsf\u00e4higkeit des Euters.<\/p>","protected":false},"featured_media":23043,"template":"","meta":{"_acf_changed":false},"product_brand":[],"product_cat":[1123,834],"product_tag":[883],"class_list":{"0":"post-23042","1":"product","2":"type-product","3":"status-publish","4":"has-post-thumbnail","6":"product_cat-bolussen-en-mineralen","7":"product_cat-rund","8":"product_tag-excellent","9":"tax_brand-excellent","11":"first","12":"outofstock","13":"taxable","14":"shipping-taxable","15":"purchasable","16":"product-type-simple"},"acf":[],"yoast_head":"<!-- This site is optimized with the Yoast SEO plugin v27.2 - https:\/\/yoast.com\/product\/yoast-seo-wordpress\/ -->\n<title>UNO Masti Bolus - Food4animals<\/title>\n<meta name=\"robots\" content=\"index, follow, max-snippet:-1, max-image-preview:large, max-video-preview:-1\" \/>\n<link rel=\"canonical\" href=\"https:\/\/www.food4animals.nl\/de\/produkt\/uno-masti-bolus\/\" \/>\n<meta property=\"og:locale\" content=\"de_DE\" \/>\n<meta property=\"og:type\" content=\"article\" \/>\n<meta property=\"og:title\" content=\"UNO Masti Bolus - Food4animals\" \/>\n<meta property=\"og:description\" content=\"Ondersteunt de uiergezondheid en weerstand.\" \/>\n<meta property=\"og:url\" content=\"https:\/\/www.food4animals.nl\/de\/produkt\/uno-masti-bolus\/\" \/>\n<meta property=\"og:site_name\" content=\"Food4animals\" \/>\n<meta property=\"article:publisher\" content=\"https:\/\/www.facebook.com\/p\/Food4animals-100063861676074\/\" \/>\n<meta property=\"article:modified_time\" content=\"2026-04-09T00:36:51+00:00\" \/>\n<meta property=\"og:image\" content=\"https:\/\/www.food4animals.nl\/wp-content\/uploads\/2024\/02\/282123.png\" \/>\n\t<meta property=\"og:image:width\" content=\"1024\" \/>\n\t<meta property=\"og:image:height\" content=\"1024\" \/>\n\t<meta property=\"og:image:type\" content=\"image\/png\" \/>\n<meta name=\"twitter:card\" content=\"summary_large_image\" \/>\n<meta name=\"twitter:site\" content=\"@food4animals\" \/>\n<meta name=\"twitter:label1\" content=\"Gesch\u00e4tzte Lesezeit\" \/>\n\t<meta name=\"twitter:data1\" content=\"1\u00a0Minute\" \/>\n<script type=\"application\/ld+json\" class=\"yoast-schema-graph\">{\"@context\":\"https:\/\/schema.org\",\"@graph\":[{\"@type\":\"WebPage\",\"@id\":\"https:\/\/www.food4animals.nl\/product\/uno-masti-bolus\/\",\"url\":\"https:\/\/www.food4animals.nl\/product\/uno-masti-bolus\/\",\"name\":\"UNO Masti Bolus - Food4animals\",\"isPartOf\":{\"@id\":\"https:\/\/www.food4animals.nl\/en\/#website\"},\"primaryImageOfPage\":{\"@id\":\"https:\/\/www.food4animals.nl\/product\/uno-masti-bolus\/#primaryimage\"},\"image\":{\"@id\":\"https:\/\/www.food4animals.nl\/product\/uno-masti-bolus\/#primaryimage\"},\"thumbnailUrl\":\"https:\/\/www.food4animals.nl\/wp-content\/uploads\/2024\/02\/282123.png\",\"datePublished\":\"2024-02-09T16:05:35+00:00\",\"dateModified\":\"2026-04-09T00:36:51+00:00\",\"breadcrumb\":{\"@id\":\"https:\/\/www.food4animals.nl\/product\/uno-masti-bolus\/#breadcrumb\"},\"inLanguage\":\"de\",\"potentialAction\":[{\"@type\":\"ReadAction\",\"target\":[\"https:\/\/www.food4animals.nl\/product\/uno-masti-bolus\/\"]}]},{\"@type\":\"ImageObject\",\"inLanguage\":\"de\",\"@id\":\"https:\/\/www.food4animals.nl\/product\/uno-masti-bolus\/#primaryimage\",\"url\":\"https:\/\/www.food4animals.nl\/wp-content\/uploads\/2024\/02\/282123.png\",\"contentUrl\":\"https:\/\/www.food4animals.nl\/wp-content\/uploads\/2024\/02\/282123.png\",\"width\":1024,\"height\":1024},{\"@type\":\"BreadcrumbList\",\"@id\":\"https:\/\/www.food4animals.nl\/product\/uno-masti-bolus\/#breadcrumb\",\"itemListElement\":[{\"@type\":\"ListItem\",\"position\":1,\"name\":\"Home\",\"item\":\"https:\/\/www.food4animals.nl\/\"},{\"@type\":\"ListItem\",\"position\":2,\"name\":\"Winkel\",\"item\":\"https:\/\/www.food4animals.nl\/winkel\/\"},{\"@type\":\"ListItem\",\"position\":3,\"name\":\"UNO Masti Bolus\"}]},{\"@type\":\"WebSite\",\"@id\":\"https:\/\/www.food4animals.nl\/en\/#website\",\"url\":\"https:\/\/www.food4animals.nl\/en\/\",\"name\":\"Food4animals\",\"description\":\"Alles voor Ruiter en Dier\",\"publisher\":{\"@id\":\"https:\/\/www.food4animals.nl\/en\/#organization\"},\"potentialAction\":[{\"@type\":\"SearchAction\",\"target\":{\"@type\":\"EntryPoint\",\"urlTemplate\":\"https:\/\/www.food4animals.nl\/en\/?s={search_term_string}\"},\"query-input\":{\"@type\":\"PropertyValueSpecification\",\"valueRequired\":true,\"valueName\":\"search_term_string\"}}],\"inLanguage\":\"de\"},{\"@type\":\"Organization\",\"@id\":\"https:\/\/www.food4animals.nl\/en\/#organization\",\"name\":\"Food4animals\",\"url\":\"https:\/\/www.food4animals.nl\/en\/\",\"logo\":{\"@type\":\"ImageObject\",\"inLanguage\":\"de\",\"@id\":\"https:\/\/www.food4animals.nl\/en\/#\/schema\/logo\/image\/\",\"url\":\"https:\/\/www.food4animals.nl\/wp-content\/uploads\/2023\/10\/Logo.svg\",\"contentUrl\":\"https:\/\/www.food4animals.nl\/wp-content\/uploads\/2023\/10\/Logo.svg\",\"width\":1,\"height\":1,\"caption\":\"Food4animals\"},\"image\":{\"@id\":\"https:\/\/www.food4animals.nl\/en\/#\/schema\/logo\/image\/\"},\"sameAs\":[\"https:\/\/www.facebook.com\/p\/Food4animals-100063861676074\/\",\"https:\/\/x.com\/food4animals\"]}]}<\/script>\n<!-- \/ Yoast SEO plugin. -->","yoast_head_json":{"title":"UNO Masti Bolus - Food4animals","robots":{"index":"index","follow":"follow","max-snippet":"max-snippet:-1","max-image-preview":"max-image-preview:large","max-video-preview":"max-video-preview:-1"},"canonical":"https:\/\/www.food4animals.nl\/de\/produkt\/uno-masti-bolus\/","og_locale":"de_DE","og_type":"article","og_title":"UNO Masti Bolus - Food4animals","og_description":"Ondersteunt de uiergezondheid en weerstand.","og_url":"https:\/\/www.food4animals.nl\/de\/produkt\/uno-masti-bolus\/","og_site_name":"Food4animals","article_publisher":"https:\/\/www.facebook.com\/p\/Food4animals-100063861676074\/","article_modified_time":"2026-04-09T00:36:51+00:00","og_image":[{"width":1024,"height":1024,"url":"https:\/\/www.food4animals.nl\/wp-content\/uploads\/2024\/02\/282123.png","type":"image\/png"}],"twitter_card":"summary_large_image","twitter_site":"@food4animals","twitter_misc":{"Gesch\u00e4tzte Lesezeit":"1\u00a0Minute"},"schema":{"@context":"https:\/\/schema.org","@graph":[{"@type":"WebPage","@id":"https:\/\/www.food4animals.nl\/product\/uno-masti-bolus\/","url":"https:\/\/www.food4animals.nl\/product\/uno-masti-bolus\/","name":"UNO Masti Bolus - Food4animals","isPartOf":{"@id":"https:\/\/www.food4animals.nl\/en\/#website"},"primaryImageOfPage":{"@id":"https:\/\/www.food4animals.nl\/product\/uno-masti-bolus\/#primaryimage"},"image":{"@id":"https:\/\/www.food4animals.nl\/product\/uno-masti-bolus\/#primaryimage"},"thumbnailUrl":"https:\/\/www.food4animals.nl\/wp-content\/uploads\/2024\/02\/282123.png","datePublished":"2024-02-09T16:05:35+00:00","dateModified":"2026-04-09T00:36:51+00:00","breadcrumb":{"@id":"https:\/\/www.food4animals.nl\/product\/uno-masti-bolus\/#breadcrumb"},"inLanguage":"de","potentialAction":[{"@type":"ReadAction","target":["https:\/\/www.food4animals.nl\/product\/uno-masti-bolus\/"]}]},{"@type":"ImageObject","inLanguage":"de","@id":"https:\/\/www.food4animals.nl\/product\/uno-masti-bolus\/#primaryimage","url":"https:\/\/www.food4animals.nl\/wp-content\/uploads\/2024\/02\/282123.png","contentUrl":"https:\/\/www.food4animals.nl\/wp-content\/uploads\/2024\/02\/282123.png","width":1024,"height":1024},{"@type":"BreadcrumbList","@id":"https:\/\/www.food4animals.nl\/product\/uno-masti-bolus\/#breadcrumb","itemListElement":[{"@type":"ListItem","position":1,"name":"Home","item":"https:\/\/www.food4animals.nl\/"},{"@type":"ListItem","position":2,"name":"Winkel","item":"https:\/\/www.food4animals.nl\/winkel\/"},{"@type":"ListItem","position":3,"name":"UNO Masti Bolus"}]},{"@type":"WebSite","@id":"https:\/\/www.food4animals.nl\/en\/#website","url":"https:\/\/www.food4animals.nl\/en\/","name":"Lebensmittel4Tiere","description":"Alles f\u00fcr Reiter und Tier","publisher":{"@id":"https:\/\/www.food4animals.nl\/en\/#organization"},"potentialAction":[{"@type":"SearchAction","target":{"@type":"EntryPoint","urlTemplate":"https:\/\/www.food4animals.nl\/en\/?s={search_term_string}"},"query-input":{"@type":"PropertyValueSpecification","valueRequired":true,"valueName":"search_term_string"}}],"inLanguage":"de"},{"@type":"Organization","@id":"https:\/\/www.food4animals.nl\/en\/#organization","name":"Lebensmittel4Tiere","url":"https:\/\/www.food4animals.nl\/en\/","logo":{"@type":"ImageObject","inLanguage":"de","@id":"https:\/\/www.food4animals.nl\/en\/#\/schema\/logo\/image\/","url":"https:\/\/www.food4animals.nl\/wp-content\/uploads\/2023\/10\/Logo.svg","contentUrl":"https:\/\/www.food4animals.nl\/wp-content\/uploads\/2023\/10\/Logo.svg","width":1,"height":1,"caption":"Food4animals"},"image":{"@id":"https:\/\/www.food4animals.nl\/en\/#\/schema\/logo\/image\/"},"sameAs":["https:\/\/www.facebook.com\/p\/Food4animals-100063861676074\/","https:\/\/x.com\/food4animals"]}]}},"_links":{"self":[{"href":"https:\/\/www.food4animals.nl\/de\/wp-json\/wp\/v2\/product\/23042","targetHints":{"allow":["GET"]}}],"collection":[{"href":"https:\/\/www.food4animals.nl\/de\/wp-json\/wp\/v2\/product"}],"about":[{"href":"https:\/\/www.food4animals.nl\/de\/wp-json\/wp\/v2\/types\/product"}],"wp:featuredmedia":[{"embeddable":true,"href":"https:\/\/www.food4animals.nl\/de\/wp-json\/wp\/v2\/media\/23043"}],"wp:attachment":[{"href":"https:\/\/www.food4animals.nl\/de\/wp-json\/wp\/v2\/media?parent=23042"}],"wp:term":[{"taxonomy":"product_brand","embeddable":true,"href":"https:\/\/www.food4animals.nl\/de\/wp-json\/wp\/v2\/product_brand?post=23042"},{"taxonomy":"product_cat","embeddable":true,"href":"https:\/\/www.food4animals.nl\/de\/wp-json\/wp\/v2\/product_cat?post=23042"},{"taxonomy":"product_tag","embeddable":true,"href":"https:\/\/www.food4animals.nl\/de\/wp-json\/wp\/v2\/product_tag?post=23042"}],"curies":[{"name":"wp","href":"https:\/\/api.w.org\/{rel}","templated":true}]}}