{"id":23065,"date":"2024-02-09T17:07:08","date_gmt":"2024-02-09T16:07:08","guid":{"rendered":"https:\/\/food4animals.nl\/product\/urine-control-spray-voor-alle-dieren-3\/"},"modified":"2026-04-12T01:42:17","modified_gmt":"2026-04-12T00:42:17","slug":"urine-control-spray-voor-alle-dieren-3","status":"publish","type":"product","link":"https:\/\/www.food4animals.nl\/de\/produkt\/urine-control-spray-voor-alle-dieren-3\/","title":{"rendered":"Urinkontrollspray f\u00fcr alle Tiere"},"content":{"rendered":"<h2><span style=\"font-size: 10pt;\">Urinkontrollspray f\u00fcr Haustiere<\/span><\/h2>\n<p><span style=\"font-size: 10pt;\">Das wirksame Mittel zur Beseitigung von Urinflecken und -geruch! Urine Control Spray wurde speziell entwickelt, um den Urin von Haustieren zu zersetzen und auch den Uringeruch zu vertreiben. Dadurch wird verhindert, dass Haustiere erneut an dieselbe Stelle urinieren. Urine Control Spray kann t\u00e4glich in der Wohnung und im Haustierbereich verwendet werden.<\/span><\/p>\n<p><span style=\"font-size: 10pt;\">Urine Control Spray reinigt, verleiht einen frischen Duft und l\u00e4sst Unannehmlichkeiten durch Haustierurin verschwinden.<\/span><\/p>\n<p><span style=\"font-size: 10pt;\">Urine Control Spray enth\u00e4lt unter anderem 5% nichtionische Tenside, Methylisothiazolinon, \u00e4therisches Parf\u00fcm (Limonen, Benzylsalicylat, Hexylcinnamal, <br \/>\u03b1-Isomethylionon).<\/span><\/p>\n<p><span style=\"font-size: 10pt;\"><strong>Inhalt<\/strong><\/span><br \/><span style=\"font-size: 10pt;\">URIN0011: 50 ml<br \/>URIN0013: 100 ml<\/span><br \/><span style=\"font-size: 10pt;\">URIN0014: 250 ml<\/span><br \/><span style=\"font-size: 10pt;\">URIN0015: 500 ml<\/span><\/p>","protected":false},"excerpt":{"rendered":"<p>Entfernt m\u00fchelos Urinflecken und -ger\u00fcche!<\/p>","protected":false},"featured_media":23066,"template":"","meta":{"_acf_changed":false},"product_brand":[],"product_cat":[821,859],"product_tag":[883,1366,823,842,966,4026,3854],"class_list":{"0":"post-23065","1":"product","2":"type-product","3":"status-publish","4":"has-post-thumbnail","6":"product_cat-hond","7":"product_cat-verzorging","8":"product_tag-excellent","9":"product_tag-hamster","10":"product_tag-hond","11":"product_tag-kat","12":"product_tag-konijn","13":"product_tag-urine-control","14":"product_tag-urineproblemen","15":"tax_brand-excellent","17":"first","18":"instock","19":"taxable","20":"shipping-taxable","21":"purchasable","22":"product-type-simple"},"acf":[],"yoast_head":"<!-- This site is optimized with the Yoast SEO plugin v27.2 - https:\/\/yoast.com\/product\/yoast-seo-wordpress\/ -->\n<title>Urine Control Spray voor alle dieren - Food4animals<\/title>\n<meta name=\"robots\" content=\"index, follow, max-snippet:-1, max-image-preview:large, max-video-preview:-1\" \/>\n<link rel=\"canonical\" href=\"https:\/\/www.food4animals.nl\/de\/produkt\/urine-control-spray-voor-alle-dieren-3\/\" \/>\n<meta property=\"og:locale\" content=\"de_DE\" \/>\n<meta property=\"og:type\" content=\"article\" \/>\n<meta property=\"og:title\" content=\"Urine Control Spray voor alle dieren - Food4animals\" \/>\n<meta property=\"og:description\" content=\"Makkelijk urinevlekken en -geuren verwijderen!\" \/>\n<meta property=\"og:url\" content=\"https:\/\/www.food4animals.nl\/de\/produkt\/urine-control-spray-voor-alle-dieren-3\/\" \/>\n<meta property=\"og:site_name\" content=\"Food4animals\" \/>\n<meta property=\"article:publisher\" content=\"https:\/\/www.facebook.com\/p\/Food4animals-100063861676074\/\" \/>\n<meta property=\"article:modified_time\" content=\"2026-04-12T00:42:17+00:00\" \/>\n<meta property=\"og:image\" content=\"https:\/\/www.food4animals.nl\/wp-content\/uploads\/2024\/02\/273086.png\" \/>\n\t<meta property=\"og:image:width\" content=\"1024\" \/>\n\t<meta property=\"og:image:height\" content=\"1023\" \/>\n\t<meta property=\"og:image:type\" content=\"image\/png\" \/>\n<meta name=\"twitter:card\" content=\"summary_large_image\" \/>\n<meta name=\"twitter:site\" content=\"@food4animals\" \/>\n<script type=\"application\/ld+json\" class=\"yoast-schema-graph\">{\"@context\":\"https:\/\/schema.org\",\"@graph\":[{\"@type\":\"WebPage\",\"@id\":\"https:\/\/www.food4animals.nl\/product\/urine-control-spray-voor-alle-dieren-3\/\",\"url\":\"https:\/\/www.food4animals.nl\/product\/urine-control-spray-voor-alle-dieren-3\/\",\"name\":\"Urine Control Spray voor alle dieren - Food4animals\",\"isPartOf\":{\"@id\":\"https:\/\/www.food4animals.nl\/en\/#website\"},\"primaryImageOfPage\":{\"@id\":\"https:\/\/www.food4animals.nl\/product\/urine-control-spray-voor-alle-dieren-3\/#primaryimage\"},\"image\":{\"@id\":\"https:\/\/www.food4animals.nl\/product\/urine-control-spray-voor-alle-dieren-3\/#primaryimage\"},\"thumbnailUrl\":\"https:\/\/www.food4animals.nl\/wp-content\/uploads\/2024\/02\/273086.png\",\"datePublished\":\"2024-02-09T16:07:08+00:00\",\"dateModified\":\"2026-04-12T00:42:17+00:00\",\"breadcrumb\":{\"@id\":\"https:\/\/www.food4animals.nl\/product\/urine-control-spray-voor-alle-dieren-3\/#breadcrumb\"},\"inLanguage\":\"de\",\"potentialAction\":[{\"@type\":\"ReadAction\",\"target\":[\"https:\/\/www.food4animals.nl\/product\/urine-control-spray-voor-alle-dieren-3\/\"]}]},{\"@type\":\"ImageObject\",\"inLanguage\":\"de\",\"@id\":\"https:\/\/www.food4animals.nl\/product\/urine-control-spray-voor-alle-dieren-3\/#primaryimage\",\"url\":\"https:\/\/www.food4animals.nl\/wp-content\/uploads\/2024\/02\/273086.png\",\"contentUrl\":\"https:\/\/www.food4animals.nl\/wp-content\/uploads\/2024\/02\/273086.png\",\"width\":1024,\"height\":1023},{\"@type\":\"BreadcrumbList\",\"@id\":\"https:\/\/www.food4animals.nl\/product\/urine-control-spray-voor-alle-dieren-3\/#breadcrumb\",\"itemListElement\":[{\"@type\":\"ListItem\",\"position\":1,\"name\":\"Home\",\"item\":\"https:\/\/www.food4animals.nl\/\"},{\"@type\":\"ListItem\",\"position\":2,\"name\":\"Winkel\",\"item\":\"https:\/\/www.food4animals.nl\/winkel\/\"},{\"@type\":\"ListItem\",\"position\":3,\"name\":\"Urine Control Spray voor alle dieren\"}]},{\"@type\":\"WebSite\",\"@id\":\"https:\/\/www.food4animals.nl\/en\/#website\",\"url\":\"https:\/\/www.food4animals.nl\/en\/\",\"name\":\"Food4animals\",\"description\":\"Alles voor Ruiter en Dier\",\"publisher\":{\"@id\":\"https:\/\/www.food4animals.nl\/en\/#organization\"},\"potentialAction\":[{\"@type\":\"SearchAction\",\"target\":{\"@type\":\"EntryPoint\",\"urlTemplate\":\"https:\/\/www.food4animals.nl\/en\/?s={search_term_string}\"},\"query-input\":{\"@type\":\"PropertyValueSpecification\",\"valueRequired\":true,\"valueName\":\"search_term_string\"}}],\"inLanguage\":\"de\"},{\"@type\":\"Organization\",\"@id\":\"https:\/\/www.food4animals.nl\/en\/#organization\",\"name\":\"Food4animals\",\"url\":\"https:\/\/www.food4animals.nl\/en\/\",\"logo\":{\"@type\":\"ImageObject\",\"inLanguage\":\"de\",\"@id\":\"https:\/\/www.food4animals.nl\/en\/#\/schema\/logo\/image\/\",\"url\":\"https:\/\/www.food4animals.nl\/wp-content\/uploads\/2023\/10\/Logo.svg\",\"contentUrl\":\"https:\/\/www.food4animals.nl\/wp-content\/uploads\/2023\/10\/Logo.svg\",\"width\":1,\"height\":1,\"caption\":\"Food4animals\"},\"image\":{\"@id\":\"https:\/\/www.food4animals.nl\/en\/#\/schema\/logo\/image\/\"},\"sameAs\":[\"https:\/\/www.facebook.com\/p\/Food4animals-100063861676074\/\",\"https:\/\/x.com\/food4animals\"]}]}<\/script>\n<!-- \/ Yoast SEO plugin. -->","yoast_head_json":{"title":"Urinkontrollspray f\u00fcr alle Tiere - Food4animals","robots":{"index":"index","follow":"follow","max-snippet":"max-snippet:-1","max-image-preview":"max-image-preview:large","max-video-preview":"max-video-preview:-1"},"canonical":"https:\/\/www.food4animals.nl\/de\/produkt\/urine-control-spray-voor-alle-dieren-3\/","og_locale":"de_DE","og_type":"article","og_title":"Urine Control Spray voor alle dieren - Food4animals","og_description":"Makkelijk urinevlekken en -geuren verwijderen!","og_url":"https:\/\/www.food4animals.nl\/de\/produkt\/urine-control-spray-voor-alle-dieren-3\/","og_site_name":"Food4animals","article_publisher":"https:\/\/www.facebook.com\/p\/Food4animals-100063861676074\/","article_modified_time":"2026-04-12T00:42:17+00:00","og_image":[{"width":1024,"height":1023,"url":"https:\/\/www.food4animals.nl\/wp-content\/uploads\/2024\/02\/273086.png","type":"image\/png"}],"twitter_card":"summary_large_image","twitter_site":"@food4animals","schema":{"@context":"https:\/\/schema.org","@graph":[{"@type":"WebPage","@id":"https:\/\/www.food4animals.nl\/product\/urine-control-spray-voor-alle-dieren-3\/","url":"https:\/\/www.food4animals.nl\/product\/urine-control-spray-voor-alle-dieren-3\/","name":"Urinkontrollspray f\u00fcr alle Tiere - Food4animals","isPartOf":{"@id":"https:\/\/www.food4animals.nl\/en\/#website"},"primaryImageOfPage":{"@id":"https:\/\/www.food4animals.nl\/product\/urine-control-spray-voor-alle-dieren-3\/#primaryimage"},"image":{"@id":"https:\/\/www.food4animals.nl\/product\/urine-control-spray-voor-alle-dieren-3\/#primaryimage"},"thumbnailUrl":"https:\/\/www.food4animals.nl\/wp-content\/uploads\/2024\/02\/273086.png","datePublished":"2024-02-09T16:07:08+00:00","dateModified":"2026-04-12T00:42:17+00:00","breadcrumb":{"@id":"https:\/\/www.food4animals.nl\/product\/urine-control-spray-voor-alle-dieren-3\/#breadcrumb"},"inLanguage":"de","potentialAction":[{"@type":"ReadAction","target":["https:\/\/www.food4animals.nl\/product\/urine-control-spray-voor-alle-dieren-3\/"]}]},{"@type":"ImageObject","inLanguage":"de","@id":"https:\/\/www.food4animals.nl\/product\/urine-control-spray-voor-alle-dieren-3\/#primaryimage","url":"https:\/\/www.food4animals.nl\/wp-content\/uploads\/2024\/02\/273086.png","contentUrl":"https:\/\/www.food4animals.nl\/wp-content\/uploads\/2024\/02\/273086.png","width":1024,"height":1023},{"@type":"BreadcrumbList","@id":"https:\/\/www.food4animals.nl\/product\/urine-control-spray-voor-alle-dieren-3\/#breadcrumb","itemListElement":[{"@type":"ListItem","position":1,"name":"Home","item":"https:\/\/www.food4animals.nl\/"},{"@type":"ListItem","position":2,"name":"Winkel","item":"https:\/\/www.food4animals.nl\/winkel\/"},{"@type":"ListItem","position":3,"name":"Urine Control Spray voor alle dieren"}]},{"@type":"WebSite","@id":"https:\/\/www.food4animals.nl\/en\/#website","url":"https:\/\/www.food4animals.nl\/en\/","name":"Lebensmittel4Tiere","description":"Alles f\u00fcr Reiter und Tier","publisher":{"@id":"https:\/\/www.food4animals.nl\/en\/#organization"},"potentialAction":[{"@type":"SearchAction","target":{"@type":"EntryPoint","urlTemplate":"https:\/\/www.food4animals.nl\/en\/?s={search_term_string}"},"query-input":{"@type":"PropertyValueSpecification","valueRequired":true,"valueName":"search_term_string"}}],"inLanguage":"de"},{"@type":"Organization","@id":"https:\/\/www.food4animals.nl\/en\/#organization","name":"Lebensmittel4Tiere","url":"https:\/\/www.food4animals.nl\/en\/","logo":{"@type":"ImageObject","inLanguage":"de","@id":"https:\/\/www.food4animals.nl\/en\/#\/schema\/logo\/image\/","url":"https:\/\/www.food4animals.nl\/wp-content\/uploads\/2023\/10\/Logo.svg","contentUrl":"https:\/\/www.food4animals.nl\/wp-content\/uploads\/2023\/10\/Logo.svg","width":1,"height":1,"caption":"Food4animals"},"image":{"@id":"https:\/\/www.food4animals.nl\/en\/#\/schema\/logo\/image\/"},"sameAs":["https:\/\/www.facebook.com\/p\/Food4animals-100063861676074\/","https:\/\/x.com\/food4animals"]}]}},"_links":{"self":[{"href":"https:\/\/www.food4animals.nl\/de\/wp-json\/wp\/v2\/product\/23065","targetHints":{"allow":["GET"]}}],"collection":[{"href":"https:\/\/www.food4animals.nl\/de\/wp-json\/wp\/v2\/product"}],"about":[{"href":"https:\/\/www.food4animals.nl\/de\/wp-json\/wp\/v2\/types\/product"}],"wp:featuredmedia":[{"embeddable":true,"href":"https:\/\/www.food4animals.nl\/de\/wp-json\/wp\/v2\/media\/23066"}],"wp:attachment":[{"href":"https:\/\/www.food4animals.nl\/de\/wp-json\/wp\/v2\/media?parent=23065"}],"wp:term":[{"taxonomy":"product_brand","embeddable":true,"href":"https:\/\/www.food4animals.nl\/de\/wp-json\/wp\/v2\/product_brand?post=23065"},{"taxonomy":"product_cat","embeddable":true,"href":"https:\/\/www.food4animals.nl\/de\/wp-json\/wp\/v2\/product_cat?post=23065"},{"taxonomy":"product_tag","embeddable":true,"href":"https:\/\/www.food4animals.nl\/de\/wp-json\/wp\/v2\/product_tag?post=23065"}],"curies":[{"name":"wp","href":"https:\/\/api.w.org\/{rel}","templated":true}]}}