{"id":23088,"date":"2024-02-09T17:07:08","date_gmt":"2024-02-09T16:07:08","guid":{"rendered":"https:\/\/food4animals.nl\/product\/vecoxan-25-mg-ml-reg-nl-ura\/"},"modified":"2026-05-15T02:04:08","modified_gmt":"2026-05-15T01:04:08","slug":"vecoxan-25-mg-ml-reg-nl-ura","status":"publish","type":"product","link":"https:\/\/www.food4animals.nl\/de\/produkt\/vecoxan-25-mg-ml-reg-nl-ura\/","title":{"rendered":"Vecoxan 2,5 mg\/ml REG DE URA"},"content":{"rendered":"<h1><span style=\"font-size: 10pt;\"><strong style=\"color: #333333; font-family: Verdana; line-height: 18px;\"><span style=\"color: #ff0000;\"><strong>Erh\u00e4ltlich nur bei einem Tierarzt oder auf Rezept bei einem <\/strong><\/span><\/strong><strong style=\"color: #333333; font-family: Verdana; line-height: 18px;\"><span style=\"color: #ff0000;\"><strong>Tierarzt von einer zugelassenen Apotheke oder einem zugelassenen Lieferanten.<\/strong><\/span><\/strong><\/span><\/h1>\n<p><span style=\"font-size: 10pt;\"><strong>Vecoxan 2,5 mg\/ml<br \/>\n<\/strong><\/span><span style=\"font-size: 10pt;\">Suspension zur oralen Anwendung zur Vorbeugung von Kokzidiose.<\/span><\/p>\n<p><span style=\"font-size: 10pt;\"><strong>Zielarten<br \/>\n<\/strong><\/span><span style=\"font-size: 10pt;\">Schafe (L\u00e4mmer) und Rinder (K\u00e4lber)<\/span><\/p>\n<p><span style=\"font-size: 10pt;\"><strong>Wirkstoff<br \/>\n<\/strong><\/span><span style=\"font-size: 10pt;\">Diclazuril 2,5 mg\/ml<\/span><\/p>\n<p><span style=\"font-size: 10pt;\"><strong>Anzeige<\/strong><\/span><\/p>\n<ul>\n<li><span style=\"font-size: 10pt;\"><em>Bei L\u00e4mmern: <\/em>Vorbeugung von Kokzidiose, verursacht durch <em>Eimeria crandallis<\/em> und <em>Eimeria ovinoidalis<\/em>.<\/span><\/li>\n<li><span style=\"font-size: 10pt;\"><em>Bei K\u00e4lbern: <\/em>Vorbeugung von Kokzidiose, verursacht durch <em>Eimeria bovis<\/em> und <em>Eimeria zuernii<\/em>.<\/span><\/li>\n<\/ul>\n<p><span style=\"font-size: 10pt;\">Wenn keine klinische Kokzidiose in der j\u00fcngeren Vergangenheit aufgetreten ist, sollte das Vorhandensein von Kokzidien in der Herde vor Beginn der Behandlung durch eine Kotuntersuchung best\u00e4tigt werden.<\/span><\/p>\n<p><span style=\"font-size: 10pt;\"><strong>Kontraindikationen<br \/>\n<\/strong><\/span><span style=\"font-size: 10pt;\">Nicht anwenden bei \u00dcberempfindlichkeit gegen den Wirkstoff oder einen der Hilfsstoffe.<\/span><\/p>\n<p><span style=\"font-size: 10pt;\"><strong>Dosierung<br \/>\n<\/strong><\/span><span style=\"font-size: 10pt;\">Vor Gebrauch gut sch\u00fctteln. 1 mg Diclazuril pro kg K\u00f6rpergewicht (dies entspricht 1 ml der Suspension zur oralen Anwendung pro 2,5 kg K\u00f6rpergewicht) bei einmaliger oraler Verabreichung.<\/span><\/p>\n<p><span style=\"font-size: 10pt;\"><strong>Besondere Warnhinweise<br \/>\n<\/strong><\/span><span style=\"font-size: 10pt;\">Lesen Sie vor der Anwendung die Packungsbeilage.<\/span><\/p>\n<p><span style=\"font-size: 10pt;\"><strong>Wartezeit<br \/>\n<\/strong><\/span><span style=\"font-size: 10pt;\"><em>(Organ-)Fleisch:<br \/>\n<\/em><\/span><span style=\"font-size: 10pt;\">L\u00e4mmer: 0 Tage<br \/>\n<\/span><span style=\"font-size: 10pt;\">K\u00e4lber: 0 Tage<\/span><\/p>\n<p><span style=\"font-size: 10pt;\"><strong>Inhalt<br \/>\n<\/strong><\/span><span style=\"font-size: 10pt;\">200 ml (VECO0000)<br \/>\n<\/span><span style=\"font-size: 10pt;\">1 Liter (VECO0001)<\/span><\/p>\n<p><span style=\"font-size: 10pt;\"><a href=\"https:\/\/www.diergeneesmiddeleninformatiebank.nl\/ords\/f?p=111:3::SEARCH:NO::P0_DOMAIN,P0_LANG,P3_RVG1:V,NL,9660\" target=\"_blank\" rel=\"noopener\"><strong>REG EN 9660 <\/strong><\/a><\/span><\/p>\n<p><span style=\"font-size: 10pt;\">Nur f\u00fcr den tier\u00e4rztlichen Gebrauch - URA<\/span><\/p>\n<a href=\"https:\/\/www.cbg-meb.nl\/onderwerpen\/bd-internethandel-diergeneesmiddelen\" target=\"_blank\" rel=\"noopener\"><img decoding=\"async\" class=\"preview\" style=\"max-width: 90px; float: right;\" src=\"\/imagestream\/stream\/279197\/2209-logo-internethandel.jpg\" alt=\"\" \/><\/a>","protected":false},"excerpt":{"rendered":"<p>Zur Vorbeugung von Kokzidiose.<\/p>\n<h3><span style=\"color: #ff0000;\"><em>Verfahren Worm Abhilfema\u00dfnahmen \"URA Abhilfema\u00dfnahmen\"<\/em><\/span><\/h3>\n<p><em>\u00a0-nur auf Originalrezept mit \"feuchter\" Unterschrift erh\u00e4ltlich<\/em><\/p>\n<p><em>\u00a0-Gescannte Rezepte sind nicht erlaubt.<\/em><\/p>\n<p><em>\u00a0-Schicken Sie das Originalrezept per Post an: Food4animals, Zwanenveld 6, 6852LX, Huissen, die Niederlande<\/em><\/p>\n<p><em>\u00a0-Bestellen Sie per Mail (info@food4animals.nl), was Sie brauchen, wir sorgen daf\u00fcr, dass es auf Lager ist, wenn es abgeholt wird.<\/em><\/p>\n<p><em>\u00a0-Sie werden benachrichtigt, wenn Ihre Bestellung zur Abholung bereit ist.<\/em><\/p>\n<h5><span style=\"color: #ff0000;\"><em>\u00a0Also ohne Rezept keine Lieferung<\/em><\/span><\/h5>\n<h3><span style=\"color: #ff0000;\"><a style=\"color: #ff0000;\" href=\"http:\/\/food4animals.nl\/wp-content\/uploads\/2024\/01\/Recept-origineel-vee-2024.pdf\">Download Musterrezept Rinder<\/a><\/span><\/h3>\n<p>&nbsp;<\/p>\n<p><a href=\"http:\/\/www.cbg-meb.nl\/onderwerpen\/bd-internethandel-diergeneesmiddelen\" target=\"_blank\" rel=\"noopener\"><img loading=\"lazy\" decoding=\"async\" class=\"alignnone wp-image-23456 size-full\" src=\"http:\/\/food4animals.nl\/wp-content\/uploads\/2024\/02\/NVWA-Logo.jpg\" alt=\"\" width=\"141\" height=\"117\" srcset=\"https:\/\/www.food4animals.nl\/wp-content\/uploads\/2024\/02\/NVWA-Logo.jpg 141w, https:\/\/www.food4animals.nl\/wp-content\/uploads\/2024\/02\/NVWA-Logo-14x12.jpg 14w, https:\/\/www.food4animals.nl\/wp-content\/uploads\/2024\/02\/NVWA-Logo-106x88.jpg 106w, https:\/\/www.food4animals.nl\/wp-content\/uploads\/2024\/02\/NVWA-Logo-80x66.jpg 80w\" sizes=\"auto, (max-width: 141px) 100vw, 141px\" \/><\/a><\/p>","protected":false},"featured_media":23089,"template":"","meta":{"_acf_changed":false},"product_brand":[],"product_cat":[993,996],"product_tag":[1429,4029],"class_list":{"0":"post-23088","1":"product","2":"type-product","3":"status-publish","4":"has-post-thumbnail","6":"product_cat-apotheek","7":"product_cat-medicatie-op-recept","8":"product_tag-ontworming-en-leverbot","9":"product_tag-vecoxan","10":"tax_brand-vecoxan","12":"first","13":"instock","14":"taxable","15":"shipping-taxable","16":"product-type-simple"},"acf":[],"yoast_head":"<!-- This site is optimized with the Yoast SEO plugin v27.4 - https:\/\/yoast.com\/product\/yoast-seo-wordpress\/ -->\n<title>Vecoxan 2,5 mg\/ml REG NL URA - Food4animals<\/title>\n<meta name=\"robots\" content=\"index, follow, max-snippet:-1, max-image-preview:large, max-video-preview:-1\" \/>\n<link rel=\"canonical\" href=\"https:\/\/www.food4animals.nl\/de\/produkt\/vecoxan-25-mg-ml-reg-nl-ura\/\" \/>\n<meta property=\"og:locale\" content=\"de_DE\" \/>\n<meta property=\"og:type\" content=\"article\" \/>\n<meta property=\"og:title\" content=\"Vecoxan 2,5 mg\/ml REG NL URA - Food4animals\" \/>\n<meta property=\"og:description\" content=\"Ter preventie van coccidiose. Procedure Wormmiddelen \u201cURA middelen\u201d \u00a0-Alleen verkrijgbaar op origineel recept met \u201cnatte\u201d handtekening  \u00a0-Gescande recepten zijn niet toegestaan.  \u00a0-Stuur het Origineel recept per post naar: Food4animals, Zwanenveld 6, 6852LX, Huissen, Nederland  \u00a0-Bestel per mail (info@food4animals.nl) wat u nodig heeft, wij zorgen dat het op voorraad is als het opgehaald wordt.  \u00a0-U ontvangt bericht als uw bestelling klaar staat voor afhalen. \u00a0Dus zonder\u00a0recept\u00a0geen levering Download voorbeeld Recept Vee &nbsp;\" \/>\n<meta property=\"og:url\" content=\"https:\/\/www.food4animals.nl\/de\/produkt\/vecoxan-25-mg-ml-reg-nl-ura\/\" \/>\n<meta property=\"og:site_name\" content=\"Food4animals\" \/>\n<meta property=\"article:publisher\" content=\"https:\/\/www.facebook.com\/p\/Food4animals-100063861676074\/\" \/>\n<meta property=\"article:modified_time\" content=\"2026-05-15T01:04:08+00:00\" \/>\n<meta property=\"og:image\" content=\"https:\/\/www.food4animals.nl\/wp-content\/uploads\/2024\/02\/267771.png\" \/>\n\t<meta property=\"og:image:width\" content=\"646\" \/>\n\t<meta property=\"og:image:height\" content=\"980\" \/>\n\t<meta property=\"og:image:type\" content=\"image\/png\" \/>\n<meta name=\"twitter:card\" content=\"summary_large_image\" \/>\n<meta name=\"twitter:site\" content=\"@food4animals\" \/>\n<meta name=\"twitter:label1\" content=\"Gesch\u00e4tzte Lesezeit\" \/>\n\t<meta name=\"twitter:data1\" content=\"2\u00a0Minuten\" \/>\n<script type=\"application\/ld+json\" class=\"yoast-schema-graph\">{\"@context\":\"https:\\\/\\\/schema.org\",\"@graph\":[{\"@type\":\"WebPage\",\"@id\":\"https:\\\/\\\/www.food4animals.nl\\\/product\\\/vecoxan-25-mg-ml-reg-nl-ura\\\/\",\"url\":\"https:\\\/\\\/www.food4animals.nl\\\/product\\\/vecoxan-25-mg-ml-reg-nl-ura\\\/\",\"name\":\"Vecoxan 2,5 mg\\\/ml REG NL URA - Food4animals\",\"isPartOf\":{\"@id\":\"https:\\\/\\\/www.food4animals.nl\\\/en\\\/#website\"},\"primaryImageOfPage\":{\"@id\":\"https:\\\/\\\/www.food4animals.nl\\\/product\\\/vecoxan-25-mg-ml-reg-nl-ura\\\/#primaryimage\"},\"image\":{\"@id\":\"https:\\\/\\\/www.food4animals.nl\\\/product\\\/vecoxan-25-mg-ml-reg-nl-ura\\\/#primaryimage\"},\"thumbnailUrl\":\"https:\\\/\\\/www.food4animals.nl\\\/wp-content\\\/uploads\\\/2024\\\/02\\\/267771.png\",\"datePublished\":\"2024-02-09T16:07:08+00:00\",\"dateModified\":\"2026-05-15T01:04:08+00:00\",\"breadcrumb\":{\"@id\":\"https:\\\/\\\/www.food4animals.nl\\\/product\\\/vecoxan-25-mg-ml-reg-nl-ura\\\/#breadcrumb\"},\"inLanguage\":\"de\",\"potentialAction\":[{\"@type\":\"ReadAction\",\"target\":[\"https:\\\/\\\/www.food4animals.nl\\\/product\\\/vecoxan-25-mg-ml-reg-nl-ura\\\/\"]}]},{\"@type\":\"ImageObject\",\"inLanguage\":\"de\",\"@id\":\"https:\\\/\\\/www.food4animals.nl\\\/product\\\/vecoxan-25-mg-ml-reg-nl-ura\\\/#primaryimage\",\"url\":\"https:\\\/\\\/www.food4animals.nl\\\/wp-content\\\/uploads\\\/2024\\\/02\\\/267771.png\",\"contentUrl\":\"https:\\\/\\\/www.food4animals.nl\\\/wp-content\\\/uploads\\\/2024\\\/02\\\/267771.png\",\"width\":646,\"height\":980},{\"@type\":\"BreadcrumbList\",\"@id\":\"https:\\\/\\\/www.food4animals.nl\\\/product\\\/vecoxan-25-mg-ml-reg-nl-ura\\\/#breadcrumb\",\"itemListElement\":[{\"@type\":\"ListItem\",\"position\":1,\"name\":\"Home\",\"item\":\"https:\\\/\\\/www.food4animals.nl\\\/\"},{\"@type\":\"ListItem\",\"position\":2,\"name\":\"Winkel\",\"item\":\"https:\\\/\\\/www.food4animals.nl\\\/winkel\\\/\"},{\"@type\":\"ListItem\",\"position\":3,\"name\":\"Vecoxan 2,5 mg\\\/ml REG NL URA\"}]},{\"@type\":\"WebSite\",\"@id\":\"https:\\\/\\\/www.food4animals.nl\\\/en\\\/#website\",\"url\":\"https:\\\/\\\/www.food4animals.nl\\\/en\\\/\",\"name\":\"Food4animals\",\"description\":\"Alles voor Ruiter en Dier\",\"publisher\":{\"@id\":\"https:\\\/\\\/www.food4animals.nl\\\/en\\\/#organization\"},\"potentialAction\":[{\"@type\":\"SearchAction\",\"target\":{\"@type\":\"EntryPoint\",\"urlTemplate\":\"https:\\\/\\\/www.food4animals.nl\\\/en\\\/?s={search_term_string}\"},\"query-input\":{\"@type\":\"PropertyValueSpecification\",\"valueRequired\":true,\"valueName\":\"search_term_string\"}}],\"inLanguage\":\"de\"},{\"@type\":\"Organization\",\"@id\":\"https:\\\/\\\/www.food4animals.nl\\\/en\\\/#organization\",\"name\":\"Food4animals\",\"url\":\"https:\\\/\\\/www.food4animals.nl\\\/en\\\/\",\"logo\":{\"@type\":\"ImageObject\",\"inLanguage\":\"de\",\"@id\":\"https:\\\/\\\/www.food4animals.nl\\\/en\\\/#\\\/schema\\\/logo\\\/image\\\/\",\"url\":\"https:\\\/\\\/www.food4animals.nl\\\/wp-content\\\/uploads\\\/2023\\\/10\\\/Logo.svg\",\"contentUrl\":\"https:\\\/\\\/www.food4animals.nl\\\/wp-content\\\/uploads\\\/2023\\\/10\\\/Logo.svg\",\"width\":1,\"height\":1,\"caption\":\"Food4animals\"},\"image\":{\"@id\":\"https:\\\/\\\/www.food4animals.nl\\\/en\\\/#\\\/schema\\\/logo\\\/image\\\/\"},\"sameAs\":[\"https:\\\/\\\/www.facebook.com\\\/p\\\/Food4animals-100063861676074\\\/\",\"https:\\\/\\\/x.com\\\/food4animals\"]}]}<\/script>\n<!-- \/ Yoast SEO plugin. -->","yoast_head_json":{"title":"Vecoxan 2,5 mg\/ml REG DE URA - Food4animals","robots":{"index":"index","follow":"follow","max-snippet":"max-snippet:-1","max-image-preview":"max-image-preview:large","max-video-preview":"max-video-preview:-1"},"canonical":"https:\/\/www.food4animals.nl\/de\/produkt\/vecoxan-25-mg-ml-reg-nl-ura\/","og_locale":"de_DE","og_type":"article","og_title":"Vecoxan 2,5 mg\/ml REG NL URA - Food4animals","og_description":"Ter preventie van coccidiose. Procedure Wormmiddelen \u201cURA middelen\u201d \u00a0-Alleen verkrijgbaar op origineel recept met \u201cnatte\u201d handtekening  \u00a0-Gescande recepten zijn niet toegestaan.  \u00a0-Stuur het Origineel recept per post naar: Food4animals, Zwanenveld 6, 6852LX, Huissen, Nederland  \u00a0-Bestel per mail (info@food4animals.nl) wat u nodig heeft, wij zorgen dat het op voorraad is als het opgehaald wordt.  \u00a0-U ontvangt bericht als uw bestelling klaar staat voor afhalen. \u00a0Dus zonder\u00a0recept\u00a0geen levering Download voorbeeld Recept Vee &nbsp;","og_url":"https:\/\/www.food4animals.nl\/de\/produkt\/vecoxan-25-mg-ml-reg-nl-ura\/","og_site_name":"Food4animals","article_publisher":"https:\/\/www.facebook.com\/p\/Food4animals-100063861676074\/","article_modified_time":"2026-05-15T01:04:08+00:00","og_image":[{"width":646,"height":980,"url":"https:\/\/www.food4animals.nl\/wp-content\/uploads\/2024\/02\/267771.png","type":"image\/png"}],"twitter_card":"summary_large_image","twitter_site":"@food4animals","twitter_misc":{"Gesch\u00e4tzte Lesezeit":"2\u00a0Minuten"},"schema":{"@context":"https:\/\/schema.org","@graph":[{"@type":"WebPage","@id":"https:\/\/www.food4animals.nl\/product\/vecoxan-25-mg-ml-reg-nl-ura\/","url":"https:\/\/www.food4animals.nl\/product\/vecoxan-25-mg-ml-reg-nl-ura\/","name":"Vecoxan 2,5 mg\/ml REG DE URA - Food4animals","isPartOf":{"@id":"https:\/\/www.food4animals.nl\/en\/#website"},"primaryImageOfPage":{"@id":"https:\/\/www.food4animals.nl\/product\/vecoxan-25-mg-ml-reg-nl-ura\/#primaryimage"},"image":{"@id":"https:\/\/www.food4animals.nl\/product\/vecoxan-25-mg-ml-reg-nl-ura\/#primaryimage"},"thumbnailUrl":"https:\/\/www.food4animals.nl\/wp-content\/uploads\/2024\/02\/267771.png","datePublished":"2024-02-09T16:07:08+00:00","dateModified":"2026-05-15T01:04:08+00:00","breadcrumb":{"@id":"https:\/\/www.food4animals.nl\/product\/vecoxan-25-mg-ml-reg-nl-ura\/#breadcrumb"},"inLanguage":"de","potentialAction":[{"@type":"ReadAction","target":["https:\/\/www.food4animals.nl\/product\/vecoxan-25-mg-ml-reg-nl-ura\/"]}]},{"@type":"ImageObject","inLanguage":"de","@id":"https:\/\/www.food4animals.nl\/product\/vecoxan-25-mg-ml-reg-nl-ura\/#primaryimage","url":"https:\/\/www.food4animals.nl\/wp-content\/uploads\/2024\/02\/267771.png","contentUrl":"https:\/\/www.food4animals.nl\/wp-content\/uploads\/2024\/02\/267771.png","width":646,"height":980},{"@type":"BreadcrumbList","@id":"https:\/\/www.food4animals.nl\/product\/vecoxan-25-mg-ml-reg-nl-ura\/#breadcrumb","itemListElement":[{"@type":"ListItem","position":1,"name":"Home","item":"https:\/\/www.food4animals.nl\/"},{"@type":"ListItem","position":2,"name":"Winkel","item":"https:\/\/www.food4animals.nl\/winkel\/"},{"@type":"ListItem","position":3,"name":"Vecoxan 2,5 mg\/ml REG NL URA"}]},{"@type":"WebSite","@id":"https:\/\/www.food4animals.nl\/en\/#website","url":"https:\/\/www.food4animals.nl\/en\/","name":"Lebensmittel4Tiere","description":"Alles f\u00fcr Reiter und Tier","publisher":{"@id":"https:\/\/www.food4animals.nl\/en\/#organization"},"potentialAction":[{"@type":"SearchAction","target":{"@type":"EntryPoint","urlTemplate":"https:\/\/www.food4animals.nl\/en\/?s={search_term_string}"},"query-input":{"@type":"PropertyValueSpecification","valueRequired":true,"valueName":"search_term_string"}}],"inLanguage":"de"},{"@type":"Organization","@id":"https:\/\/www.food4animals.nl\/en\/#organization","name":"Lebensmittel4Tiere","url":"https:\/\/www.food4animals.nl\/en\/","logo":{"@type":"ImageObject","inLanguage":"de","@id":"https:\/\/www.food4animals.nl\/en\/#\/schema\/logo\/image\/","url":"https:\/\/www.food4animals.nl\/wp-content\/uploads\/2023\/10\/Logo.svg","contentUrl":"https:\/\/www.food4animals.nl\/wp-content\/uploads\/2023\/10\/Logo.svg","width":1,"height":1,"caption":"Food4animals"},"image":{"@id":"https:\/\/www.food4animals.nl\/en\/#\/schema\/logo\/image\/"},"sameAs":["https:\/\/www.facebook.com\/p\/Food4animals-100063861676074\/","https:\/\/x.com\/food4animals"]}]}},"_links":{"self":[{"href":"https:\/\/www.food4animals.nl\/de\/wp-json\/wp\/v2\/product\/23088","targetHints":{"allow":["GET"]}}],"collection":[{"href":"https:\/\/www.food4animals.nl\/de\/wp-json\/wp\/v2\/product"}],"about":[{"href":"https:\/\/www.food4animals.nl\/de\/wp-json\/wp\/v2\/types\/product"}],"wp:featuredmedia":[{"embeddable":true,"href":"https:\/\/www.food4animals.nl\/de\/wp-json\/wp\/v2\/media\/23089"}],"wp:attachment":[{"href":"https:\/\/www.food4animals.nl\/de\/wp-json\/wp\/v2\/media?parent=23088"}],"wp:term":[{"taxonomy":"product_brand","embeddable":true,"href":"https:\/\/www.food4animals.nl\/de\/wp-json\/wp\/v2\/product_brand?post=23088"},{"taxonomy":"product_cat","embeddable":true,"href":"https:\/\/www.food4animals.nl\/de\/wp-json\/wp\/v2\/product_cat?post=23088"},{"taxonomy":"product_tag","embeddable":true,"href":"https:\/\/www.food4animals.nl\/de\/wp-json\/wp\/v2\/product_tag?post=23088"}],"curies":[{"name":"wp","href":"https:\/\/api.w.org\/{rel}","templated":true}]}}