{"id":23305,"date":"2024-02-09T17:12:25","date_gmt":"2024-02-09T16:12:25","guid":{"rendered":"https:\/\/food4animals.nl\/product\/vit-liquid-multivitamine-hobby\/"},"modified":"2026-04-06T01:34:58","modified_gmt":"2026-04-06T00:34:58","slug":"vit-liquid-multivitamine-hobby","status":"publish","type":"product","link":"https:\/\/www.food4animals.nl\/de\/produkt\/vit-liquid-multivitamine-hobby\/","title":{"rendered":"Vit Fl\u00fcssig Multivitamin Hobby"},"content":{"rendered":"<p><span style=\"font-size: 10pt;\"><strong>Fl\u00fcssiges Multivitamin<br \/><\/strong>Unterst\u00fctzt die Vorbereitung auf die Brunst und die Fortpflanzung bei S\u00e4ugetieren (z. B. Kaninchen und Meerschweinchen) und V\u00f6geln (z. B. H\u00fchner und Tauben).<strong><\/p>\n<p><\/strong>Enth\u00e4lt eine Kombination aus: Vitamin A, D3, Niacinamid, Vitamin E, D-Panthenol, Vitamin K3, B6, B1, B2, Fols\u00e4ure und <\/span><br \/><span style=\"font-size: 10pt;\">vit. B12.<\/span><\/p>\n<p><span style=\"font-size: 10pt;\">Erg\u00e4nzungsfuttermittel (Di\u00e4tfuttermittel) f\u00fcr S\u00e4ugetiere und V\u00f6gel.<\/span><br \/><span style=\"font-size: 10pt;\">\u00a0<\/span><br \/><span style=\"font-size: 10pt;\"><strong>F\u00fctterungshinweise<br \/><\/strong>1 ml pro 10 kg K\u00f6rpergewicht pro Tag. Oral oder \u00fcber das Futter\/Wasser an bis zu 7 aufeinanderfolgenden Tagen verabreichen. Falls erforderlich, wiederholen Sie die F\u00fctterungsempfehlung in Abst\u00e4nden von 1 Woche innerhalb des unten empfohlenen Anwendungszeitraums.<\/span><br \/><span style=\"font-size: 10pt;\">\u00a0<\/span><br \/><span style=\"font-size: 10pt;\">Weibliche S\u00e4ugetiere: ab dem Ende der Tr\u00e4chtigkeit, bis zur Best\u00e4tigung der n\u00e4chsten Tr\u00e4chtigkeit.<\/span><br \/><span style=\"font-size: 10pt;\">Weibliche V\u00f6gel: w\u00e4hrend der Brunst.<\/span><br \/><span style=\"font-size: 10pt;\">M\u00e4nnchen: w\u00e4hrend der Zeit der Fortpflanzungsaktivit\u00e4t.<\/span><\/p>\n<p><span style=\"font-size: 10pt;\"><strong>Inhalt<br \/><\/strong>VITL00100 : 100 ml (im Karton, inkl. Spritze)<\/span><br \/><span style=\"font-size: 10pt;\">VITL00250 : 250 ml (Messflasche)<br \/>VITL00500 : 500 ml<\/span><\/p>","protected":false},"excerpt":{"rendered":"<p>Unterst\u00fctzt die Vorbereitung auf die Br\u00e4unung und Reproduktion von S\u00e4ugetieren (z. B. Kaninchen und Meerschweinchen) und V\u00f6geln (z. B. H\u00fchner und Tauben).<\/p>","protected":false},"featured_media":23306,"template":"","meta":{"_acf_changed":false},"product_brand":[],"product_cat":[4051,1546],"product_tag":[1718,883,3703,1148,1717,4052],"class_list":{"0":"post-23305","1":"product","2":"type-product","3":"status-publish","4":"has-post-thumbnail","6":"product_cat-gezondheid-drogist-knaagdier","7":"product_cat-knaagdier","8":"product_tag-agravit","9":"product_tag-excellent","10":"product_tag-kip_2022_gezondheid","11":"product_tag-pluimvee-vogels","12":"product_tag-rindemaand","13":"product_tag-vitamineboost_2021-09","14":"tax_brand-excellent","16":"first","17":"instock","18":"taxable","19":"shipping-taxable","20":"purchasable","21":"product-type-simple"},"acf":[],"yoast_head":"<!-- This site is optimized with the Yoast SEO plugin v27.2 - https:\/\/yoast.com\/product\/yoast-seo-wordpress\/ -->\n<title>Vit Liquid Multivitamine Hobby - Food4animals<\/title>\n<meta name=\"robots\" content=\"index, follow, max-snippet:-1, max-image-preview:large, max-video-preview:-1\" \/>\n<link rel=\"canonical\" href=\"https:\/\/www.food4animals.nl\/de\/produkt\/vit-liquid-multivitamine-hobby\/\" \/>\n<meta property=\"og:locale\" content=\"de_DE\" \/>\n<meta property=\"og:type\" content=\"article\" \/>\n<meta property=\"og:title\" content=\"Vit Liquid Multivitamine Hobby - Food4animals\" \/>\n<meta property=\"og:description\" content=\"Ondersteunt bij de voorbereiding op brons en voortplanting van zoogdieren (bijv. konijn en cavia) en vogels (bijv. kip en duif).\" \/>\n<meta property=\"og:url\" content=\"https:\/\/www.food4animals.nl\/de\/produkt\/vit-liquid-multivitamine-hobby\/\" \/>\n<meta property=\"og:site_name\" content=\"Food4animals\" \/>\n<meta property=\"article:publisher\" content=\"https:\/\/www.facebook.com\/p\/Food4animals-100063861676074\/\" \/>\n<meta property=\"article:modified_time\" content=\"2026-04-06T00:34:58+00:00\" \/>\n<meta property=\"og:image\" content=\"https:\/\/www.food4animals.nl\/wp-content\/uploads\/2024\/02\/272556.png\" \/>\n\t<meta property=\"og:image:width\" content=\"980\" \/>\n\t<meta property=\"og:image:height\" content=\"980\" \/>\n\t<meta property=\"og:image:type\" content=\"image\/png\" \/>\n<meta name=\"twitter:card\" content=\"summary_large_image\" \/>\n<meta name=\"twitter:site\" content=\"@food4animals\" \/>\n<meta name=\"twitter:label1\" content=\"Gesch\u00e4tzte Lesezeit\" \/>\n\t<meta name=\"twitter:data1\" content=\"1\u00a0Minute\" \/>\n<script type=\"application\/ld+json\" class=\"yoast-schema-graph\">{\"@context\":\"https:\/\/schema.org\",\"@graph\":[{\"@type\":\"WebPage\",\"@id\":\"https:\/\/www.food4animals.nl\/product\/vit-liquid-multivitamine-hobby\/\",\"url\":\"https:\/\/www.food4animals.nl\/product\/vit-liquid-multivitamine-hobby\/\",\"name\":\"Vit Liquid Multivitamine Hobby - Food4animals\",\"isPartOf\":{\"@id\":\"https:\/\/www.food4animals.nl\/en\/#website\"},\"primaryImageOfPage\":{\"@id\":\"https:\/\/www.food4animals.nl\/product\/vit-liquid-multivitamine-hobby\/#primaryimage\"},\"image\":{\"@id\":\"https:\/\/www.food4animals.nl\/product\/vit-liquid-multivitamine-hobby\/#primaryimage\"},\"thumbnailUrl\":\"https:\/\/www.food4animals.nl\/wp-content\/uploads\/2024\/02\/272556.png\",\"datePublished\":\"2024-02-09T16:12:25+00:00\",\"dateModified\":\"2026-04-06T00:34:58+00:00\",\"breadcrumb\":{\"@id\":\"https:\/\/www.food4animals.nl\/product\/vit-liquid-multivitamine-hobby\/#breadcrumb\"},\"inLanguage\":\"de\",\"potentialAction\":[{\"@type\":\"ReadAction\",\"target\":[\"https:\/\/www.food4animals.nl\/product\/vit-liquid-multivitamine-hobby\/\"]}]},{\"@type\":\"ImageObject\",\"inLanguage\":\"de\",\"@id\":\"https:\/\/www.food4animals.nl\/product\/vit-liquid-multivitamine-hobby\/#primaryimage\",\"url\":\"https:\/\/www.food4animals.nl\/wp-content\/uploads\/2024\/02\/272556.png\",\"contentUrl\":\"https:\/\/www.food4animals.nl\/wp-content\/uploads\/2024\/02\/272556.png\",\"width\":980,\"height\":980},{\"@type\":\"BreadcrumbList\",\"@id\":\"https:\/\/www.food4animals.nl\/product\/vit-liquid-multivitamine-hobby\/#breadcrumb\",\"itemListElement\":[{\"@type\":\"ListItem\",\"position\":1,\"name\":\"Home\",\"item\":\"https:\/\/www.food4animals.nl\/\"},{\"@type\":\"ListItem\",\"position\":2,\"name\":\"Winkel\",\"item\":\"https:\/\/www.food4animals.nl\/winkel\/\"},{\"@type\":\"ListItem\",\"position\":3,\"name\":\"Vit Liquid Multivitamine Hobby\"}]},{\"@type\":\"WebSite\",\"@id\":\"https:\/\/www.food4animals.nl\/en\/#website\",\"url\":\"https:\/\/www.food4animals.nl\/en\/\",\"name\":\"Food4animals\",\"description\":\"Alles voor Ruiter en Dier\",\"publisher\":{\"@id\":\"https:\/\/www.food4animals.nl\/en\/#organization\"},\"potentialAction\":[{\"@type\":\"SearchAction\",\"target\":{\"@type\":\"EntryPoint\",\"urlTemplate\":\"https:\/\/www.food4animals.nl\/en\/?s={search_term_string}\"},\"query-input\":{\"@type\":\"PropertyValueSpecification\",\"valueRequired\":true,\"valueName\":\"search_term_string\"}}],\"inLanguage\":\"de\"},{\"@type\":\"Organization\",\"@id\":\"https:\/\/www.food4animals.nl\/en\/#organization\",\"name\":\"Food4animals\",\"url\":\"https:\/\/www.food4animals.nl\/en\/\",\"logo\":{\"@type\":\"ImageObject\",\"inLanguage\":\"de\",\"@id\":\"https:\/\/www.food4animals.nl\/en\/#\/schema\/logo\/image\/\",\"url\":\"https:\/\/www.food4animals.nl\/wp-content\/uploads\/2023\/10\/Logo.svg\",\"contentUrl\":\"https:\/\/www.food4animals.nl\/wp-content\/uploads\/2023\/10\/Logo.svg\",\"width\":1,\"height\":1,\"caption\":\"Food4animals\"},\"image\":{\"@id\":\"https:\/\/www.food4animals.nl\/en\/#\/schema\/logo\/image\/\"},\"sameAs\":[\"https:\/\/www.facebook.com\/p\/Food4animals-100063861676074\/\",\"https:\/\/x.com\/food4animals\"]}]}<\/script>\n<!-- \/ Yoast SEO plugin. -->","yoast_head_json":{"title":"Vit Liquid Multivitamine Hobby - Food4animals","robots":{"index":"index","follow":"follow","max-snippet":"max-snippet:-1","max-image-preview":"max-image-preview:large","max-video-preview":"max-video-preview:-1"},"canonical":"https:\/\/www.food4animals.nl\/de\/produkt\/vit-liquid-multivitamine-hobby\/","og_locale":"de_DE","og_type":"article","og_title":"Vit Liquid Multivitamine Hobby - Food4animals","og_description":"Ondersteunt bij de voorbereiding op brons en voortplanting van zoogdieren (bijv. konijn en cavia) en vogels (bijv. kip en duif).","og_url":"https:\/\/www.food4animals.nl\/de\/produkt\/vit-liquid-multivitamine-hobby\/","og_site_name":"Food4animals","article_publisher":"https:\/\/www.facebook.com\/p\/Food4animals-100063861676074\/","article_modified_time":"2026-04-06T00:34:58+00:00","og_image":[{"width":980,"height":980,"url":"https:\/\/www.food4animals.nl\/wp-content\/uploads\/2024\/02\/272556.png","type":"image\/png"}],"twitter_card":"summary_large_image","twitter_site":"@food4animals","twitter_misc":{"Gesch\u00e4tzte Lesezeit":"1\u00a0Minute"},"schema":{"@context":"https:\/\/schema.org","@graph":[{"@type":"WebPage","@id":"https:\/\/www.food4animals.nl\/product\/vit-liquid-multivitamine-hobby\/","url":"https:\/\/www.food4animals.nl\/product\/vit-liquid-multivitamine-hobby\/","name":"Vit Liquid Multivitamine Hobby - Food4animals","isPartOf":{"@id":"https:\/\/www.food4animals.nl\/en\/#website"},"primaryImageOfPage":{"@id":"https:\/\/www.food4animals.nl\/product\/vit-liquid-multivitamine-hobby\/#primaryimage"},"image":{"@id":"https:\/\/www.food4animals.nl\/product\/vit-liquid-multivitamine-hobby\/#primaryimage"},"thumbnailUrl":"https:\/\/www.food4animals.nl\/wp-content\/uploads\/2024\/02\/272556.png","datePublished":"2024-02-09T16:12:25+00:00","dateModified":"2026-04-06T00:34:58+00:00","breadcrumb":{"@id":"https:\/\/www.food4animals.nl\/product\/vit-liquid-multivitamine-hobby\/#breadcrumb"},"inLanguage":"de","potentialAction":[{"@type":"ReadAction","target":["https:\/\/www.food4animals.nl\/product\/vit-liquid-multivitamine-hobby\/"]}]},{"@type":"ImageObject","inLanguage":"de","@id":"https:\/\/www.food4animals.nl\/product\/vit-liquid-multivitamine-hobby\/#primaryimage","url":"https:\/\/www.food4animals.nl\/wp-content\/uploads\/2024\/02\/272556.png","contentUrl":"https:\/\/www.food4animals.nl\/wp-content\/uploads\/2024\/02\/272556.png","width":980,"height":980},{"@type":"BreadcrumbList","@id":"https:\/\/www.food4animals.nl\/product\/vit-liquid-multivitamine-hobby\/#breadcrumb","itemListElement":[{"@type":"ListItem","position":1,"name":"Home","item":"https:\/\/www.food4animals.nl\/"},{"@type":"ListItem","position":2,"name":"Winkel","item":"https:\/\/www.food4animals.nl\/winkel\/"},{"@type":"ListItem","position":3,"name":"Vit Liquid Multivitamine Hobby"}]},{"@type":"WebSite","@id":"https:\/\/www.food4animals.nl\/en\/#website","url":"https:\/\/www.food4animals.nl\/en\/","name":"Lebensmittel4Tiere","description":"Alles f\u00fcr Reiter und Tier","publisher":{"@id":"https:\/\/www.food4animals.nl\/en\/#organization"},"potentialAction":[{"@type":"SearchAction","target":{"@type":"EntryPoint","urlTemplate":"https:\/\/www.food4animals.nl\/en\/?s={search_term_string}"},"query-input":{"@type":"PropertyValueSpecification","valueRequired":true,"valueName":"search_term_string"}}],"inLanguage":"de"},{"@type":"Organization","@id":"https:\/\/www.food4animals.nl\/en\/#organization","name":"Lebensmittel4Tiere","url":"https:\/\/www.food4animals.nl\/en\/","logo":{"@type":"ImageObject","inLanguage":"de","@id":"https:\/\/www.food4animals.nl\/en\/#\/schema\/logo\/image\/","url":"https:\/\/www.food4animals.nl\/wp-content\/uploads\/2023\/10\/Logo.svg","contentUrl":"https:\/\/www.food4animals.nl\/wp-content\/uploads\/2023\/10\/Logo.svg","width":1,"height":1,"caption":"Food4animals"},"image":{"@id":"https:\/\/www.food4animals.nl\/en\/#\/schema\/logo\/image\/"},"sameAs":["https:\/\/www.facebook.com\/p\/Food4animals-100063861676074\/","https:\/\/x.com\/food4animals"]}]}},"_links":{"self":[{"href":"https:\/\/www.food4animals.nl\/de\/wp-json\/wp\/v2\/product\/23305","targetHints":{"allow":["GET"]}}],"collection":[{"href":"https:\/\/www.food4animals.nl\/de\/wp-json\/wp\/v2\/product"}],"about":[{"href":"https:\/\/www.food4animals.nl\/de\/wp-json\/wp\/v2\/types\/product"}],"wp:featuredmedia":[{"embeddable":true,"href":"https:\/\/www.food4animals.nl\/de\/wp-json\/wp\/v2\/media\/23306"}],"wp:attachment":[{"href":"https:\/\/www.food4animals.nl\/de\/wp-json\/wp\/v2\/media?parent=23305"}],"wp:term":[{"taxonomy":"product_brand","embeddable":true,"href":"https:\/\/www.food4animals.nl\/de\/wp-json\/wp\/v2\/product_brand?post=23305"},{"taxonomy":"product_cat","embeddable":true,"href":"https:\/\/www.food4animals.nl\/de\/wp-json\/wp\/v2\/product_cat?post=23305"},{"taxonomy":"product_tag","embeddable":true,"href":"https:\/\/www.food4animals.nl\/de\/wp-json\/wp\/v2\/product_tag?post=23305"}],"curies":[{"name":"wp","href":"https:\/\/api.w.org\/{rel}","templated":true}]}}