{"id":23325,"date":"2024-02-09T17:14:07","date_gmt":"2024-02-09T16:14:07","guid":{"rendered":"https:\/\/food4animals.nl\/product\/vitamine-gel-ad3e\/"},"modified":"2026-04-05T01:36:48","modified_gmt":"2026-04-05T00:36:48","slug":"vitamin-gel-ad3e","status":"publish","type":"product","link":"https:\/\/www.food4animals.nl\/de\/produkt\/vitamin-gel-ad3e\/","title":{"rendered":"Vitamin-Gel (AD3E)"},"content":{"rendered":"<h2><span style=\"font-size: 10pt;\">Vitamin-Gel <strong>(<\/strong><\/span><strong><span style=\"font-size: 10pt;\">A, D<sub>3<\/sub> &amp; E)<\/span><\/strong><\/h2>\n<p><span style=\"font-size: 10pt;\">Erg\u00e4nzungsfuttermittel (Di\u00e4tfuttermittel) f\u00fcr Alpakas zur Unterst\u00fctzung der Brunstvorbereitung und der Fortpflanzung. <br \/>Kann zus\u00e4tzlich zur Deckung des Vitamin-D-Bedarfs in den Wintermonaten verwendet werden.<\/span><\/p>\n<p><span style=\"font-size: 10pt;\"><strong>F\u00fctterungshinweise<br \/><\/strong><\/span><span style=\"font-size: 10pt;\"><em>Zur Unterst\u00fctzung des Vitamin-D-Bedarfs in den Wintermonaten (September bis M\u00e4rz): <\/em><br \/>Alle 4 - 6 Wochen, 1 ml pro 5 kg K\u00f6rpergewicht. Zur oralen Verabreichung.<\/span><\/p>\n<p><span style=\"font-size: 10pt;\"><em>Zur Unterst\u00fctzung der Brunstvorbereitung und der Fortpflanzung:<\/em> 2 - 3 ml pro Tier und Tag f\u00fcr bis zu 7 aufeinanderfolgende Tage. <br \/>Zur oralen Verabreichung ab dem Ende der Tr\u00e4chtigkeit bis zur Best\u00e4tigung der n\u00e4chsten Tr\u00e4chtigkeit (weibliche Tiere) oder w\u00e4hrend der Zeit der Fortpflanzungsaktivit\u00e4t (m\u00e4nnliche Tiere).<\/span><\/p>\n<p><span style=\"font-size: 10pt;\"><strong>Kommentar<br \/><\/strong><\/span><span style=\"font-size: 10pt;\">Enth\u00e4lt einen hohen Vitamingehalt. F\u00fctterungsempfehlungen nicht \u00fcberschreiten. <br \/>Es wird empfohlen, vor der Anwendung oder vor der Verl\u00e4ngerung der Anwendungsdauer den Rat eines Ern\u00e4hrungswissenschaftlers oder Tierarztes einzuholen. <\/span><\/p>\n<p><span style=\"font-size: 10pt;\"><strong>Bewahrung<br \/><\/strong><\/span><span style=\"font-size: 10pt;\">K\u00fchl und trocken <25\u00b0C bewaren. Buiten direct zonlicht. Verpakking sluiten na elk gebruik.<\/span><\/p>\n<p><strong><span style=\"font-size: 10pt;\">Inhalt<\/span><\/strong><br \/><span style=\"font-size: 10pt;\">60 ml<\/span><\/p>","protected":false},"excerpt":{"rendered":"<p>Zur Unterst\u00fctzung der Brunstvorbereitung und der Fortpflanzung.<\/p>","protected":false},"featured_media":23326,"template":"","meta":{"_acf_changed":false},"product_brand":[],"product_cat":[1428,1243],"product_tag":[4056,883,1368,1717,839,1608],"class_list":{"0":"post-23325","1":"product","2":"type-product","3":"status-publish","4":"has-post-thumbnail","6":"product_cat-gezondheid-en-drogist-schaap-en-geit","7":"product_cat-schaap-en-geit","8":"product_tag-alpaca","9":"product_tag-excellent","10":"product_tag-excellent-horse","11":"product_tag-rindemaand","12":"product_tag-schaap-en-geit","13":"product_tag-vitaminen-en-mineralen","14":"tax_brand-excellent","16":"first","17":"instock","18":"taxable","19":"shipping-taxable","20":"purchasable","21":"product-type-simple"},"acf":[],"yoast_head":"<!-- This site is optimized with the Yoast SEO plugin v27.2 - https:\/\/yoast.com\/product\/yoast-seo-wordpress\/ -->\n<title>Vitamine gel (AD3E) - Food4animals<\/title>\n<meta name=\"robots\" content=\"index, follow, max-snippet:-1, max-image-preview:large, max-video-preview:-1\" \/>\n<link rel=\"canonical\" href=\"https:\/\/www.food4animals.nl\/de\/produkt\/vitamin-gel-ad3e\/\" \/>\n<meta property=\"og:locale\" content=\"de_DE\" \/>\n<meta property=\"og:type\" content=\"article\" \/>\n<meta property=\"og:title\" content=\"Vitamine gel (AD3E) - Food4animals\" \/>\n<meta property=\"og:description\" content=\"Ter ondersteuning van de voorbereiding op bronst en reproductie.\" \/>\n<meta property=\"og:url\" content=\"https:\/\/www.food4animals.nl\/de\/produkt\/vitamin-gel-ad3e\/\" \/>\n<meta property=\"og:site_name\" content=\"Food4animals\" \/>\n<meta property=\"article:publisher\" content=\"https:\/\/www.facebook.com\/p\/Food4animals-100063861676074\/\" \/>\n<meta property=\"article:modified_time\" content=\"2026-04-05T00:36:48+00:00\" \/>\n<meta property=\"og:image\" content=\"https:\/\/www.food4animals.nl\/wp-content\/uploads\/2024\/02\/273765.png\" \/>\n\t<meta property=\"og:image:width\" content=\"578\" \/>\n\t<meta property=\"og:image:height\" content=\"578\" \/>\n\t<meta property=\"og:image:type\" content=\"image\/png\" \/>\n<meta name=\"twitter:card\" content=\"summary_large_image\" \/>\n<meta name=\"twitter:site\" content=\"@food4animals\" \/>\n<meta name=\"twitter:label1\" content=\"Gesch\u00e4tzte Lesezeit\" \/>\n\t<meta name=\"twitter:data1\" content=\"1\u00a0Minute\" \/>\n<script type=\"application\/ld+json\" class=\"yoast-schema-graph\">{\"@context\":\"https:\/\/schema.org\",\"@graph\":[{\"@type\":\"WebPage\",\"@id\":\"https:\/\/www.food4animals.nl\/product\/vitamine-gel-ad3e\/\",\"url\":\"https:\/\/www.food4animals.nl\/product\/vitamine-gel-ad3e\/\",\"name\":\"Vitamine gel (AD3E) - Food4animals\",\"isPartOf\":{\"@id\":\"https:\/\/www.food4animals.nl\/en\/#website\"},\"primaryImageOfPage\":{\"@id\":\"https:\/\/www.food4animals.nl\/product\/vitamine-gel-ad3e\/#primaryimage\"},\"image\":{\"@id\":\"https:\/\/www.food4animals.nl\/product\/vitamine-gel-ad3e\/#primaryimage\"},\"thumbnailUrl\":\"https:\/\/www.food4animals.nl\/wp-content\/uploads\/2024\/02\/273765.png\",\"datePublished\":\"2024-02-09T16:14:07+00:00\",\"dateModified\":\"2026-04-05T00:36:48+00:00\",\"breadcrumb\":{\"@id\":\"https:\/\/www.food4animals.nl\/product\/vitamine-gel-ad3e\/#breadcrumb\"},\"inLanguage\":\"de\",\"potentialAction\":[{\"@type\":\"ReadAction\",\"target\":[\"https:\/\/www.food4animals.nl\/product\/vitamine-gel-ad3e\/\"]}]},{\"@type\":\"ImageObject\",\"inLanguage\":\"de\",\"@id\":\"https:\/\/www.food4animals.nl\/product\/vitamine-gel-ad3e\/#primaryimage\",\"url\":\"https:\/\/www.food4animals.nl\/wp-content\/uploads\/2024\/02\/273765.png\",\"contentUrl\":\"https:\/\/www.food4animals.nl\/wp-content\/uploads\/2024\/02\/273765.png\",\"width\":578,\"height\":578},{\"@type\":\"BreadcrumbList\",\"@id\":\"https:\/\/www.food4animals.nl\/product\/vitamine-gel-ad3e\/#breadcrumb\",\"itemListElement\":[{\"@type\":\"ListItem\",\"position\":1,\"name\":\"Home\",\"item\":\"https:\/\/www.food4animals.nl\/\"},{\"@type\":\"ListItem\",\"position\":2,\"name\":\"Winkel\",\"item\":\"https:\/\/www.food4animals.nl\/winkel\/\"},{\"@type\":\"ListItem\",\"position\":3,\"name\":\"Vitamine gel (AD3E)\"}]},{\"@type\":\"WebSite\",\"@id\":\"https:\/\/www.food4animals.nl\/en\/#website\",\"url\":\"https:\/\/www.food4animals.nl\/en\/\",\"name\":\"Food4animals\",\"description\":\"Alles voor Ruiter en Dier\",\"publisher\":{\"@id\":\"https:\/\/www.food4animals.nl\/en\/#organization\"},\"potentialAction\":[{\"@type\":\"SearchAction\",\"target\":{\"@type\":\"EntryPoint\",\"urlTemplate\":\"https:\/\/www.food4animals.nl\/en\/?s={search_term_string}\"},\"query-input\":{\"@type\":\"PropertyValueSpecification\",\"valueRequired\":true,\"valueName\":\"search_term_string\"}}],\"inLanguage\":\"de\"},{\"@type\":\"Organization\",\"@id\":\"https:\/\/www.food4animals.nl\/en\/#organization\",\"name\":\"Food4animals\",\"url\":\"https:\/\/www.food4animals.nl\/en\/\",\"logo\":{\"@type\":\"ImageObject\",\"inLanguage\":\"de\",\"@id\":\"https:\/\/www.food4animals.nl\/en\/#\/schema\/logo\/image\/\",\"url\":\"https:\/\/www.food4animals.nl\/wp-content\/uploads\/2023\/10\/Logo.svg\",\"contentUrl\":\"https:\/\/www.food4animals.nl\/wp-content\/uploads\/2023\/10\/Logo.svg\",\"width\":1,\"height\":1,\"caption\":\"Food4animals\"},\"image\":{\"@id\":\"https:\/\/www.food4animals.nl\/en\/#\/schema\/logo\/image\/\"},\"sameAs\":[\"https:\/\/www.facebook.com\/p\/Food4animals-100063861676074\/\",\"https:\/\/x.com\/food4animals\"]}]}<\/script>\n<!-- \/ Yoast SEO plugin. -->","yoast_head_json":{"title":"Vitamin Gel (AD3E) - Food4animals","robots":{"index":"index","follow":"follow","max-snippet":"max-snippet:-1","max-image-preview":"max-image-preview:large","max-video-preview":"max-video-preview:-1"},"canonical":"https:\/\/www.food4animals.nl\/de\/produkt\/vitamin-gel-ad3e\/","og_locale":"de_DE","og_type":"article","og_title":"Vitamine gel (AD3E) - Food4animals","og_description":"Ter ondersteuning van de voorbereiding op bronst en reproductie.","og_url":"https:\/\/www.food4animals.nl\/de\/produkt\/vitamin-gel-ad3e\/","og_site_name":"Food4animals","article_publisher":"https:\/\/www.facebook.com\/p\/Food4animals-100063861676074\/","article_modified_time":"2026-04-05T00:36:48+00:00","og_image":[{"width":578,"height":578,"url":"https:\/\/www.food4animals.nl\/wp-content\/uploads\/2024\/02\/273765.png","type":"image\/png"}],"twitter_card":"summary_large_image","twitter_site":"@food4animals","twitter_misc":{"Gesch\u00e4tzte Lesezeit":"1\u00a0Minute"},"schema":{"@context":"https:\/\/schema.org","@graph":[{"@type":"WebPage","@id":"https:\/\/www.food4animals.nl\/product\/vitamine-gel-ad3e\/","url":"https:\/\/www.food4animals.nl\/product\/vitamine-gel-ad3e\/","name":"Vitamin Gel (AD3E) - Food4animals","isPartOf":{"@id":"https:\/\/www.food4animals.nl\/en\/#website"},"primaryImageOfPage":{"@id":"https:\/\/www.food4animals.nl\/product\/vitamine-gel-ad3e\/#primaryimage"},"image":{"@id":"https:\/\/www.food4animals.nl\/product\/vitamine-gel-ad3e\/#primaryimage"},"thumbnailUrl":"https:\/\/www.food4animals.nl\/wp-content\/uploads\/2024\/02\/273765.png","datePublished":"2024-02-09T16:14:07+00:00","dateModified":"2026-04-05T00:36:48+00:00","breadcrumb":{"@id":"https:\/\/www.food4animals.nl\/product\/vitamine-gel-ad3e\/#breadcrumb"},"inLanguage":"de","potentialAction":[{"@type":"ReadAction","target":["https:\/\/www.food4animals.nl\/product\/vitamine-gel-ad3e\/"]}]},{"@type":"ImageObject","inLanguage":"de","@id":"https:\/\/www.food4animals.nl\/product\/vitamine-gel-ad3e\/#primaryimage","url":"https:\/\/www.food4animals.nl\/wp-content\/uploads\/2024\/02\/273765.png","contentUrl":"https:\/\/www.food4animals.nl\/wp-content\/uploads\/2024\/02\/273765.png","width":578,"height":578},{"@type":"BreadcrumbList","@id":"https:\/\/www.food4animals.nl\/product\/vitamine-gel-ad3e\/#breadcrumb","itemListElement":[{"@type":"ListItem","position":1,"name":"Home","item":"https:\/\/www.food4animals.nl\/"},{"@type":"ListItem","position":2,"name":"Winkel","item":"https:\/\/www.food4animals.nl\/winkel\/"},{"@type":"ListItem","position":3,"name":"Vitamine gel (AD3E)"}]},{"@type":"WebSite","@id":"https:\/\/www.food4animals.nl\/en\/#website","url":"https:\/\/www.food4animals.nl\/en\/","name":"Lebensmittel4Tiere","description":"Alles f\u00fcr Reiter und Tier","publisher":{"@id":"https:\/\/www.food4animals.nl\/en\/#organization"},"potentialAction":[{"@type":"SearchAction","target":{"@type":"EntryPoint","urlTemplate":"https:\/\/www.food4animals.nl\/en\/?s={search_term_string}"},"query-input":{"@type":"PropertyValueSpecification","valueRequired":true,"valueName":"search_term_string"}}],"inLanguage":"de"},{"@type":"Organization","@id":"https:\/\/www.food4animals.nl\/en\/#organization","name":"Lebensmittel4Tiere","url":"https:\/\/www.food4animals.nl\/en\/","logo":{"@type":"ImageObject","inLanguage":"de","@id":"https:\/\/www.food4animals.nl\/en\/#\/schema\/logo\/image\/","url":"https:\/\/www.food4animals.nl\/wp-content\/uploads\/2023\/10\/Logo.svg","contentUrl":"https:\/\/www.food4animals.nl\/wp-content\/uploads\/2023\/10\/Logo.svg","width":1,"height":1,"caption":"Food4animals"},"image":{"@id":"https:\/\/www.food4animals.nl\/en\/#\/schema\/logo\/image\/"},"sameAs":["https:\/\/www.facebook.com\/p\/Food4animals-100063861676074\/","https:\/\/x.com\/food4animals"]}]}},"_links":{"self":[{"href":"https:\/\/www.food4animals.nl\/de\/wp-json\/wp\/v2\/product\/23325","targetHints":{"allow":["GET"]}}],"collection":[{"href":"https:\/\/www.food4animals.nl\/de\/wp-json\/wp\/v2\/product"}],"about":[{"href":"https:\/\/www.food4animals.nl\/de\/wp-json\/wp\/v2\/types\/product"}],"wp:featuredmedia":[{"embeddable":true,"href":"https:\/\/www.food4animals.nl\/de\/wp-json\/wp\/v2\/media\/23326"}],"wp:attachment":[{"href":"https:\/\/www.food4animals.nl\/de\/wp-json\/wp\/v2\/media?parent=23325"}],"wp:term":[{"taxonomy":"product_brand","embeddable":true,"href":"https:\/\/www.food4animals.nl\/de\/wp-json\/wp\/v2\/product_brand?post=23325"},{"taxonomy":"product_cat","embeddable":true,"href":"https:\/\/www.food4animals.nl\/de\/wp-json\/wp\/v2\/product_cat?post=23325"},{"taxonomy":"product_tag","embeddable":true,"href":"https:\/\/www.food4animals.nl\/de\/wp-json\/wp\/v2\/product_tag?post=23325"}],"curies":[{"name":"wp","href":"https:\/\/api.w.org\/{rel}","templated":true}]}}