{"id":23341,"date":"2024-02-09T17:14:07","date_gmt":"2024-02-09T16:14:07","guid":{"rendered":"https:\/\/food4animals.nl\/product\/vl-poeder-rundvee\/"},"modified":"2026-03-27T02:43:04","modified_gmt":"2026-03-27T01:43:04","slug":"fl-pulvervieh","status":"publish","type":"product","link":"https:\/\/www.food4animals.nl\/de\/produkt\/fl-pulvervieh\/","title":{"rendered":"VL-Pulver-Rinder"},"content":{"rendered":"<p><span style=\"font-size: 10pt;\"><span style=\"color: #000000; font-family: Verdana, Arial, Helvetica, sans-serif;\"><strong>Die ideale Schrotflinte!\u00a0<\/strong><br \/><\/span>VL-Pulver\u00a0<span style=\"line-height: 18px;\">Beeinflusst den K\u00f6rpergeruch langfristig (4 bis 6 Wochen) und bildet eine Maske f\u00fcr \u00e4u\u00dfere Einfl\u00fcsse.\u00a0<br \/><\/span><span style=\"line-height: 18px;\"><br \/><\/span><strong>Vorteile des VL-Pulvers<\/strong><\/span><br \/><span style=\"font-size: 10pt;\"><span style=\"line-height: 18px;\"><span style=\"color: #ff0000;\">*<\/span> Sofortige Wirkung.<br \/><\/span><span style=\"line-height: 18px;\"><span style=\"color: #ff0000;\">*<\/span> Enth\u00e4lt nur nat\u00fcrliche Substanzen<br \/><\/span><span style=\"line-height: 18px;\"><span style=\"color: #ff0000;\">*<\/span> Langer Schutz f\u00fcr bis zu 6 Wochen<\/p>\n<p><\/span><strong>Zusammensetzung<\/strong><\/span><br \/><span style=\"font-size: 10pt;\"><span style=\"line-height: 18px;\">Nat\u00fcrliche Inhaltsstoffe (Pflanzenextrakte) und sterilisiertes Maispulver.<\/p>\n<p><\/span><strong>Gebrauchsanweisung VL-Pulver<\/strong><\/span><br \/><span style=\"font-size: 10pt; line-height: 18px;\">Streupulver zur Anwendung bei Pferden und Rindern.<br \/><\/span><br \/><span style=\"font-size: 10pt;\"><strong>Allgemeine Anwendung<\/strong><\/span><br \/><span style=\"font-size: 10pt;\"><span style=\"line-height: 18px;\">Auf die Haut auftragen und dann mit einem weichen Pinsel auf der ganzen Haut verteilen.<\/p>\n<p><\/span><strong>Bei Rindern<\/strong><\/span><br \/><span style=\"font-size: 10pt;\"><span style=\"line-height: 18px;\">Auf das gesamte Tier auftragen, wobei der Schwerpunkt auf dem R\u00fccken, der Halsregion und dem Schwanzansatz liegt.<\/p>\n<p><\/span><strong>Sicherheit<\/strong><\/span><br \/><span style=\"font-size: 10pt;\"><span style=\"line-height: 18px;\">Nur zur \u00e4u\u00dferen Anwendung.\u00a0<\/span><span style=\"line-height: 18px;\">Restliches VL-Pulver kann problemlos auf den Misthaufen oder in die G\u00fcllegrube gesch\u00fcttet werden.\u00a0<br \/><\/span><span style=\"line-height: 18px;\">VL Powder enth\u00e4lt keine umweltsch\u00e4dlichen Stoffe und kann auch in Biobetrieben eingesetzt werden.<br \/><\/span><span style=\"line-height: 18px;\">VL-Pulver ist ungiftig, pH 6,5-7.<\/span><\/span><\/p>","protected":false},"excerpt":{"rendered":"<p>Geruchsneutralisator auf Basis nat\u00fcrlicher Inhaltsstoffe mit lang anhaltender Wirkung.<\/p>","protected":false},"featured_media":23342,"template":"","meta":{"_acf_changed":false},"product_brand":[],"product_cat":[2037,834],"product_tag":[883,841,814],"class_list":{"0":"post-23341","1":"product","2":"type-product","3":"status-publish","4":"has-post-thumbnail","6":"product_cat-huidverzorging","7":"product_cat-rund","8":"product_tag-excellent","9":"product_tag-irriterende-huid","10":"product_tag-rund","11":"tax_brand-holland-animal-care","13":"first","14":"outofstock","15":"taxable","16":"shipping-taxable","17":"purchasable","18":"product-type-simple"},"acf":[],"yoast_head":"<!-- This site is optimized with the Yoast SEO plugin v27.2 - https:\/\/yoast.com\/product\/yoast-seo-wordpress\/ -->\n<title>VL Poeder Rundvee - Food4animals<\/title>\n<meta name=\"robots\" content=\"index, follow, max-snippet:-1, max-image-preview:large, max-video-preview:-1\" \/>\n<link rel=\"canonical\" href=\"https:\/\/www.food4animals.nl\/de\/produkt\/fl-pulvervieh\/\" \/>\n<meta property=\"og:locale\" content=\"de_DE\" \/>\n<meta property=\"og:type\" content=\"article\" \/>\n<meta property=\"og:title\" content=\"VL Poeder Rundvee - Food4animals\" \/>\n<meta property=\"og:description\" content=\"Geurneutralisator op basis van natuurlijke ingredi\u00ebnten met een lange werking.\" \/>\n<meta property=\"og:url\" content=\"https:\/\/www.food4animals.nl\/de\/produkt\/fl-pulvervieh\/\" \/>\n<meta property=\"og:site_name\" content=\"Food4animals\" \/>\n<meta property=\"article:publisher\" content=\"https:\/\/www.facebook.com\/p\/Food4animals-100063861676074\/\" \/>\n<meta property=\"article:modified_time\" content=\"2026-03-27T01:43:04+00:00\" \/>\n<meta property=\"og:image\" content=\"https:\/\/www.food4animals.nl\/wp-content\/uploads\/2024\/02\/92602.png\" \/>\n\t<meta property=\"og:image:width\" content=\"1024\" \/>\n\t<meta property=\"og:image:height\" content=\"1024\" \/>\n\t<meta property=\"og:image:type\" content=\"image\/png\" \/>\n<meta name=\"twitter:card\" content=\"summary_large_image\" \/>\n<meta name=\"twitter:site\" content=\"@food4animals\" \/>\n<meta name=\"twitter:label1\" content=\"Gesch\u00e4tzte Lesezeit\" \/>\n\t<meta name=\"twitter:data1\" content=\"1\u00a0Minute\" \/>\n<script type=\"application\/ld+json\" class=\"yoast-schema-graph\">{\"@context\":\"https:\/\/schema.org\",\"@graph\":[{\"@type\":\"WebPage\",\"@id\":\"https:\/\/www.food4animals.nl\/product\/vl-poeder-rundvee\/\",\"url\":\"https:\/\/www.food4animals.nl\/product\/vl-poeder-rundvee\/\",\"name\":\"VL Poeder Rundvee - Food4animals\",\"isPartOf\":{\"@id\":\"https:\/\/www.food4animals.nl\/en\/#website\"},\"primaryImageOfPage\":{\"@id\":\"https:\/\/www.food4animals.nl\/product\/vl-poeder-rundvee\/#primaryimage\"},\"image\":{\"@id\":\"https:\/\/www.food4animals.nl\/product\/vl-poeder-rundvee\/#primaryimage\"},\"thumbnailUrl\":\"https:\/\/www.food4animals.nl\/wp-content\/uploads\/2024\/02\/92602.png\",\"datePublished\":\"2024-02-09T16:14:07+00:00\",\"dateModified\":\"2026-03-27T01:43:04+00:00\",\"breadcrumb\":{\"@id\":\"https:\/\/www.food4animals.nl\/product\/vl-poeder-rundvee\/#breadcrumb\"},\"inLanguage\":\"de\",\"potentialAction\":[{\"@type\":\"ReadAction\",\"target\":[\"https:\/\/www.food4animals.nl\/product\/vl-poeder-rundvee\/\"]}]},{\"@type\":\"ImageObject\",\"inLanguage\":\"de\",\"@id\":\"https:\/\/www.food4animals.nl\/product\/vl-poeder-rundvee\/#primaryimage\",\"url\":\"https:\/\/www.food4animals.nl\/wp-content\/uploads\/2024\/02\/92602.png\",\"contentUrl\":\"https:\/\/www.food4animals.nl\/wp-content\/uploads\/2024\/02\/92602.png\",\"width\":1024,\"height\":1024},{\"@type\":\"BreadcrumbList\",\"@id\":\"https:\/\/www.food4animals.nl\/product\/vl-poeder-rundvee\/#breadcrumb\",\"itemListElement\":[{\"@type\":\"ListItem\",\"position\":1,\"name\":\"Home\",\"item\":\"https:\/\/www.food4animals.nl\/\"},{\"@type\":\"ListItem\",\"position\":2,\"name\":\"Winkel\",\"item\":\"https:\/\/www.food4animals.nl\/winkel\/\"},{\"@type\":\"ListItem\",\"position\":3,\"name\":\"VL Poeder Rundvee\"}]},{\"@type\":\"WebSite\",\"@id\":\"https:\/\/www.food4animals.nl\/en\/#website\",\"url\":\"https:\/\/www.food4animals.nl\/en\/\",\"name\":\"Food4animals\",\"description\":\"Alles voor Ruiter en Dier\",\"publisher\":{\"@id\":\"https:\/\/www.food4animals.nl\/en\/#organization\"},\"potentialAction\":[{\"@type\":\"SearchAction\",\"target\":{\"@type\":\"EntryPoint\",\"urlTemplate\":\"https:\/\/www.food4animals.nl\/en\/?s={search_term_string}\"},\"query-input\":{\"@type\":\"PropertyValueSpecification\",\"valueRequired\":true,\"valueName\":\"search_term_string\"}}],\"inLanguage\":\"de\"},{\"@type\":\"Organization\",\"@id\":\"https:\/\/www.food4animals.nl\/en\/#organization\",\"name\":\"Food4animals\",\"url\":\"https:\/\/www.food4animals.nl\/en\/\",\"logo\":{\"@type\":\"ImageObject\",\"inLanguage\":\"de\",\"@id\":\"https:\/\/www.food4animals.nl\/en\/#\/schema\/logo\/image\/\",\"url\":\"https:\/\/www.food4animals.nl\/wp-content\/uploads\/2023\/10\/Logo.svg\",\"contentUrl\":\"https:\/\/www.food4animals.nl\/wp-content\/uploads\/2023\/10\/Logo.svg\",\"width\":1,\"height\":1,\"caption\":\"Food4animals\"},\"image\":{\"@id\":\"https:\/\/www.food4animals.nl\/en\/#\/schema\/logo\/image\/\"},\"sameAs\":[\"https:\/\/www.facebook.com\/p\/Food4animals-100063861676074\/\",\"https:\/\/x.com\/food4animals\"]}]}<\/script>\n<!-- \/ Yoast SEO plugin. -->","yoast_head_json":{"title":"VL-Pulver Rind Rind - Food4animals","robots":{"index":"index","follow":"follow","max-snippet":"max-snippet:-1","max-image-preview":"max-image-preview:large","max-video-preview":"max-video-preview:-1"},"canonical":"https:\/\/www.food4animals.nl\/de\/produkt\/fl-pulvervieh\/","og_locale":"de_DE","og_type":"article","og_title":"VL Poeder Rundvee - Food4animals","og_description":"Geurneutralisator op basis van natuurlijke ingredi\u00ebnten met een lange werking.","og_url":"https:\/\/www.food4animals.nl\/de\/produkt\/fl-pulvervieh\/","og_site_name":"Food4animals","article_publisher":"https:\/\/www.facebook.com\/p\/Food4animals-100063861676074\/","article_modified_time":"2026-03-27T01:43:04+00:00","og_image":[{"width":1024,"height":1024,"url":"https:\/\/www.food4animals.nl\/wp-content\/uploads\/2024\/02\/92602.png","type":"image\/png"}],"twitter_card":"summary_large_image","twitter_site":"@food4animals","twitter_misc":{"Gesch\u00e4tzte Lesezeit":"1\u00a0Minute"},"schema":{"@context":"https:\/\/schema.org","@graph":[{"@type":"WebPage","@id":"https:\/\/www.food4animals.nl\/product\/vl-poeder-rundvee\/","url":"https:\/\/www.food4animals.nl\/product\/vl-poeder-rundvee\/","name":"VL-Pulver Rind Rind - Food4animals","isPartOf":{"@id":"https:\/\/www.food4animals.nl\/en\/#website"},"primaryImageOfPage":{"@id":"https:\/\/www.food4animals.nl\/product\/vl-poeder-rundvee\/#primaryimage"},"image":{"@id":"https:\/\/www.food4animals.nl\/product\/vl-poeder-rundvee\/#primaryimage"},"thumbnailUrl":"https:\/\/www.food4animals.nl\/wp-content\/uploads\/2024\/02\/92602.png","datePublished":"2024-02-09T16:14:07+00:00","dateModified":"2026-03-27T01:43:04+00:00","breadcrumb":{"@id":"https:\/\/www.food4animals.nl\/product\/vl-poeder-rundvee\/#breadcrumb"},"inLanguage":"de","potentialAction":[{"@type":"ReadAction","target":["https:\/\/www.food4animals.nl\/product\/vl-poeder-rundvee\/"]}]},{"@type":"ImageObject","inLanguage":"de","@id":"https:\/\/www.food4animals.nl\/product\/vl-poeder-rundvee\/#primaryimage","url":"https:\/\/www.food4animals.nl\/wp-content\/uploads\/2024\/02\/92602.png","contentUrl":"https:\/\/www.food4animals.nl\/wp-content\/uploads\/2024\/02\/92602.png","width":1024,"height":1024},{"@type":"BreadcrumbList","@id":"https:\/\/www.food4animals.nl\/product\/vl-poeder-rundvee\/#breadcrumb","itemListElement":[{"@type":"ListItem","position":1,"name":"Home","item":"https:\/\/www.food4animals.nl\/"},{"@type":"ListItem","position":2,"name":"Winkel","item":"https:\/\/www.food4animals.nl\/winkel\/"},{"@type":"ListItem","position":3,"name":"VL Poeder Rundvee"}]},{"@type":"WebSite","@id":"https:\/\/www.food4animals.nl\/en\/#website","url":"https:\/\/www.food4animals.nl\/en\/","name":"Lebensmittel4Tiere","description":"Alles f\u00fcr Reiter und Tier","publisher":{"@id":"https:\/\/www.food4animals.nl\/en\/#organization"},"potentialAction":[{"@type":"SearchAction","target":{"@type":"EntryPoint","urlTemplate":"https:\/\/www.food4animals.nl\/en\/?s={search_term_string}"},"query-input":{"@type":"PropertyValueSpecification","valueRequired":true,"valueName":"search_term_string"}}],"inLanguage":"de"},{"@type":"Organization","@id":"https:\/\/www.food4animals.nl\/en\/#organization","name":"Lebensmittel4Tiere","url":"https:\/\/www.food4animals.nl\/en\/","logo":{"@type":"ImageObject","inLanguage":"de","@id":"https:\/\/www.food4animals.nl\/en\/#\/schema\/logo\/image\/","url":"https:\/\/www.food4animals.nl\/wp-content\/uploads\/2023\/10\/Logo.svg","contentUrl":"https:\/\/www.food4animals.nl\/wp-content\/uploads\/2023\/10\/Logo.svg","width":1,"height":1,"caption":"Food4animals"},"image":{"@id":"https:\/\/www.food4animals.nl\/en\/#\/schema\/logo\/image\/"},"sameAs":["https:\/\/www.facebook.com\/p\/Food4animals-100063861676074\/","https:\/\/x.com\/food4animals"]}]}},"_links":{"self":[{"href":"https:\/\/www.food4animals.nl\/de\/wp-json\/wp\/v2\/product\/23341","targetHints":{"allow":["GET"]}}],"collection":[{"href":"https:\/\/www.food4animals.nl\/de\/wp-json\/wp\/v2\/product"}],"about":[{"href":"https:\/\/www.food4animals.nl\/de\/wp-json\/wp\/v2\/types\/product"}],"wp:featuredmedia":[{"embeddable":true,"href":"https:\/\/www.food4animals.nl\/de\/wp-json\/wp\/v2\/media\/23342"}],"wp:attachment":[{"href":"https:\/\/www.food4animals.nl\/de\/wp-json\/wp\/v2\/media?parent=23341"}],"wp:term":[{"taxonomy":"product_brand","embeddable":true,"href":"https:\/\/www.food4animals.nl\/de\/wp-json\/wp\/v2\/product_brand?post=23341"},{"taxonomy":"product_cat","embeddable":true,"href":"https:\/\/www.food4animals.nl\/de\/wp-json\/wp\/v2\/product_cat?post=23341"},{"taxonomy":"product_tag","embeddable":true,"href":"https:\/\/www.food4animals.nl\/de\/wp-json\/wp\/v2\/product_tag?post=23341"}],"curies":[{"name":"wp","href":"https:\/\/api.w.org\/{rel}","templated":true}]}}