{"id":23356,"date":"2024-02-09T17:14:07","date_gmt":"2024-02-09T16:14:07","guid":{"rendered":"https:\/\/food4animals.nl\/product\/vliegenfrontriem-paard-maat-cob\/"},"modified":"2026-04-13T01:54:06","modified_gmt":"2026-04-13T00:54:06","slug":"fliege-vorne-riemen-pferd-grose-cob","status":"publish","type":"product","link":"https:\/\/www.food4animals.nl\/de\/produkt\/fliege-vorne-riemen-pferd-grose-cob\/","title":{"rendered":"Fliegenz\u00e4umung Pferdegr\u00f6\u00dfe: Cob"},"content":{"rendered":"<p><span style=\"font-size: 10pt;\"><strong>Fliegender Riemen vorne<\/strong><\/span><br \/><span style=\"font-size: 10pt;\">Gegen Fliegen und Bremsen.<\/span><span style=\"font-size: 10pt;\">\u00a0<\/span><\/p>\n<ul>\n<li><span style=\"font-size: 10pt;\">Mit Klettverschluss zur einfachen Befestigung an Halfter und Zaumzeug<\/span><\/li>\n<li><span style=\"font-size: 10pt;\">Sch\u00fctzt die Augen vor Fliegen und Bremsen<\/span><\/li>\n<li><span style=\"font-size: 10pt;\">Lieferung ohne Halfter<\/span><\/li>\n<\/ul>","protected":false},"excerpt":{"rendered":"<p>Fliegenschutzband gegen Fliegen und Bremsen.<\/p>","protected":false},"featured_media":23357,"template":"","meta":{"_acf_changed":false},"product_brand":[],"product_cat":[1104,829,1103],"product_tag":[1173,1671,883,4063,4064,843,1106],"class_list":{"0":"post-23356","1":"product","2":"type-product","3":"status-publish","4":"has-post-thumbnail","6":"product_cat-dazen-en-teken","7":"product_cat-paard","8":"product_cat-vliegen","9":"product_tag-cob","10":"product_tag-daas","11":"product_tag-excellent","12":"product_tag-frontriem-en-maskers","13":"product_tag-frontriemen-en-maskers","14":"product_tag-paard","15":"product_tag-vlieg","16":"tax_brand-excellent","18":"first","19":"instock","20":"taxable","21":"shipping-taxable","22":"purchasable","23":"product-type-simple"},"acf":[],"yoast_head":"<!-- This site is optimized with the Yoast SEO plugin v27.2 - https:\/\/yoast.com\/product\/yoast-seo-wordpress\/ -->\n<title>Vliegenfrontriem Paard maat: Cob - Food4animals<\/title>\n<meta name=\"robots\" content=\"index, follow, max-snippet:-1, max-image-preview:large, max-video-preview:-1\" \/>\n<link rel=\"canonical\" href=\"https:\/\/www.food4animals.nl\/de\/produkt\/fliege-vorne-riemen-pferd-grose-cob\/\" \/>\n<meta property=\"og:locale\" content=\"de_DE\" \/>\n<meta property=\"og:type\" content=\"article\" \/>\n<meta property=\"og:title\" content=\"Vliegenfrontriem Paard maat: Cob - Food4animals\" \/>\n<meta property=\"og:description\" content=\"Vliegenfrontriem tegen vliegen en paardenvliegen.\" \/>\n<meta property=\"og:url\" content=\"https:\/\/www.food4animals.nl\/de\/produkt\/fliege-vorne-riemen-pferd-grose-cob\/\" \/>\n<meta property=\"og:site_name\" content=\"Food4animals\" \/>\n<meta property=\"article:publisher\" content=\"https:\/\/www.facebook.com\/p\/Food4animals-100063861676074\/\" \/>\n<meta property=\"article:modified_time\" content=\"2026-04-13T00:54:06+00:00\" \/>\n<meta property=\"og:image\" content=\"https:\/\/www.food4animals.nl\/wp-content\/uploads\/2024\/02\/280136.png\" \/>\n\t<meta property=\"og:image:width\" content=\"1600\" \/>\n\t<meta property=\"og:image:height\" content=\"1066\" \/>\n\t<meta property=\"og:image:type\" content=\"image\/png\" \/>\n<meta name=\"twitter:card\" content=\"summary_large_image\" \/>\n<meta name=\"twitter:site\" content=\"@food4animals\" \/>\n<script type=\"application\/ld+json\" class=\"yoast-schema-graph\">{\"@context\":\"https:\/\/schema.org\",\"@graph\":[{\"@type\":\"WebPage\",\"@id\":\"https:\/\/www.food4animals.nl\/product\/vliegenfrontriem-paard-maat-cob\/\",\"url\":\"https:\/\/www.food4animals.nl\/product\/vliegenfrontriem-paard-maat-cob\/\",\"name\":\"Vliegenfrontriem Paard maat: Cob - Food4animals\",\"isPartOf\":{\"@id\":\"https:\/\/www.food4animals.nl\/en\/#website\"},\"primaryImageOfPage\":{\"@id\":\"https:\/\/www.food4animals.nl\/product\/vliegenfrontriem-paard-maat-cob\/#primaryimage\"},\"image\":{\"@id\":\"https:\/\/www.food4animals.nl\/product\/vliegenfrontriem-paard-maat-cob\/#primaryimage\"},\"thumbnailUrl\":\"https:\/\/www.food4animals.nl\/wp-content\/uploads\/2024\/02\/280136.png\",\"datePublished\":\"2024-02-09T16:14:07+00:00\",\"dateModified\":\"2026-04-13T00:54:06+00:00\",\"breadcrumb\":{\"@id\":\"https:\/\/www.food4animals.nl\/product\/vliegenfrontriem-paard-maat-cob\/#breadcrumb\"},\"inLanguage\":\"de\",\"potentialAction\":[{\"@type\":\"ReadAction\",\"target\":[\"https:\/\/www.food4animals.nl\/product\/vliegenfrontriem-paard-maat-cob\/\"]}]},{\"@type\":\"ImageObject\",\"inLanguage\":\"de\",\"@id\":\"https:\/\/www.food4animals.nl\/product\/vliegenfrontriem-paard-maat-cob\/#primaryimage\",\"url\":\"https:\/\/www.food4animals.nl\/wp-content\/uploads\/2024\/02\/280136.png\",\"contentUrl\":\"https:\/\/www.food4animals.nl\/wp-content\/uploads\/2024\/02\/280136.png\",\"width\":1600,\"height\":1066},{\"@type\":\"BreadcrumbList\",\"@id\":\"https:\/\/www.food4animals.nl\/product\/vliegenfrontriem-paard-maat-cob\/#breadcrumb\",\"itemListElement\":[{\"@type\":\"ListItem\",\"position\":1,\"name\":\"Home\",\"item\":\"https:\/\/www.food4animals.nl\/\"},{\"@type\":\"ListItem\",\"position\":2,\"name\":\"Winkel\",\"item\":\"https:\/\/www.food4animals.nl\/winkel\/\"},{\"@type\":\"ListItem\",\"position\":3,\"name\":\"Vliegenfrontriem Paard maat: Cob\"}]},{\"@type\":\"WebSite\",\"@id\":\"https:\/\/www.food4animals.nl\/en\/#website\",\"url\":\"https:\/\/www.food4animals.nl\/en\/\",\"name\":\"Food4animals\",\"description\":\"Alles voor Ruiter en Dier\",\"publisher\":{\"@id\":\"https:\/\/www.food4animals.nl\/en\/#organization\"},\"potentialAction\":[{\"@type\":\"SearchAction\",\"target\":{\"@type\":\"EntryPoint\",\"urlTemplate\":\"https:\/\/www.food4animals.nl\/en\/?s={search_term_string}\"},\"query-input\":{\"@type\":\"PropertyValueSpecification\",\"valueRequired\":true,\"valueName\":\"search_term_string\"}}],\"inLanguage\":\"de\"},{\"@type\":\"Organization\",\"@id\":\"https:\/\/www.food4animals.nl\/en\/#organization\",\"name\":\"Food4animals\",\"url\":\"https:\/\/www.food4animals.nl\/en\/\",\"logo\":{\"@type\":\"ImageObject\",\"inLanguage\":\"de\",\"@id\":\"https:\/\/www.food4animals.nl\/en\/#\/schema\/logo\/image\/\",\"url\":\"https:\/\/www.food4animals.nl\/wp-content\/uploads\/2023\/10\/Logo.svg\",\"contentUrl\":\"https:\/\/www.food4animals.nl\/wp-content\/uploads\/2023\/10\/Logo.svg\",\"width\":1,\"height\":1,\"caption\":\"Food4animals\"},\"image\":{\"@id\":\"https:\/\/www.food4animals.nl\/en\/#\/schema\/logo\/image\/\"},\"sameAs\":[\"https:\/\/www.facebook.com\/p\/Food4animals-100063861676074\/\",\"https:\/\/x.com\/food4animals\"]}]}<\/script>\n<!-- \/ Yoast SEO plugin. -->","yoast_head_json":{"title":"Fliegenfrontgurt Pferd Gr\u00f6\u00dfe: Cob - Food4animals","robots":{"index":"index","follow":"follow","max-snippet":"max-snippet:-1","max-image-preview":"max-image-preview:large","max-video-preview":"max-video-preview:-1"},"canonical":"https:\/\/www.food4animals.nl\/de\/produkt\/fliege-vorne-riemen-pferd-grose-cob\/","og_locale":"de_DE","og_type":"article","og_title":"Vliegenfrontriem Paard maat: Cob - Food4animals","og_description":"Vliegenfrontriem tegen vliegen en paardenvliegen.","og_url":"https:\/\/www.food4animals.nl\/de\/produkt\/fliege-vorne-riemen-pferd-grose-cob\/","og_site_name":"Food4animals","article_publisher":"https:\/\/www.facebook.com\/p\/Food4animals-100063861676074\/","article_modified_time":"2026-04-13T00:54:06+00:00","og_image":[{"width":1600,"height":1066,"url":"https:\/\/www.food4animals.nl\/wp-content\/uploads\/2024\/02\/280136.png","type":"image\/png"}],"twitter_card":"summary_large_image","twitter_site":"@food4animals","schema":{"@context":"https:\/\/schema.org","@graph":[{"@type":"WebPage","@id":"https:\/\/www.food4animals.nl\/product\/vliegenfrontriem-paard-maat-cob\/","url":"https:\/\/www.food4animals.nl\/product\/vliegenfrontriem-paard-maat-cob\/","name":"Fliegenfrontgurt Pferd Gr\u00f6\u00dfe: Cob - Food4animals","isPartOf":{"@id":"https:\/\/www.food4animals.nl\/en\/#website"},"primaryImageOfPage":{"@id":"https:\/\/www.food4animals.nl\/product\/vliegenfrontriem-paard-maat-cob\/#primaryimage"},"image":{"@id":"https:\/\/www.food4animals.nl\/product\/vliegenfrontriem-paard-maat-cob\/#primaryimage"},"thumbnailUrl":"https:\/\/www.food4animals.nl\/wp-content\/uploads\/2024\/02\/280136.png","datePublished":"2024-02-09T16:14:07+00:00","dateModified":"2026-04-13T00:54:06+00:00","breadcrumb":{"@id":"https:\/\/www.food4animals.nl\/product\/vliegenfrontriem-paard-maat-cob\/#breadcrumb"},"inLanguage":"de","potentialAction":[{"@type":"ReadAction","target":["https:\/\/www.food4animals.nl\/product\/vliegenfrontriem-paard-maat-cob\/"]}]},{"@type":"ImageObject","inLanguage":"de","@id":"https:\/\/www.food4animals.nl\/product\/vliegenfrontriem-paard-maat-cob\/#primaryimage","url":"https:\/\/www.food4animals.nl\/wp-content\/uploads\/2024\/02\/280136.png","contentUrl":"https:\/\/www.food4animals.nl\/wp-content\/uploads\/2024\/02\/280136.png","width":1600,"height":1066},{"@type":"BreadcrumbList","@id":"https:\/\/www.food4animals.nl\/product\/vliegenfrontriem-paard-maat-cob\/#breadcrumb","itemListElement":[{"@type":"ListItem","position":1,"name":"Home","item":"https:\/\/www.food4animals.nl\/"},{"@type":"ListItem","position":2,"name":"Winkel","item":"https:\/\/www.food4animals.nl\/winkel\/"},{"@type":"ListItem","position":3,"name":"Vliegenfrontriem Paard maat: Cob"}]},{"@type":"WebSite","@id":"https:\/\/www.food4animals.nl\/en\/#website","url":"https:\/\/www.food4animals.nl\/en\/","name":"Lebensmittel4Tiere","description":"Alles f\u00fcr Reiter und Tier","publisher":{"@id":"https:\/\/www.food4animals.nl\/en\/#organization"},"potentialAction":[{"@type":"SearchAction","target":{"@type":"EntryPoint","urlTemplate":"https:\/\/www.food4animals.nl\/en\/?s={search_term_string}"},"query-input":{"@type":"PropertyValueSpecification","valueRequired":true,"valueName":"search_term_string"}}],"inLanguage":"de"},{"@type":"Organization","@id":"https:\/\/www.food4animals.nl\/en\/#organization","name":"Lebensmittel4Tiere","url":"https:\/\/www.food4animals.nl\/en\/","logo":{"@type":"ImageObject","inLanguage":"de","@id":"https:\/\/www.food4animals.nl\/en\/#\/schema\/logo\/image\/","url":"https:\/\/www.food4animals.nl\/wp-content\/uploads\/2023\/10\/Logo.svg","contentUrl":"https:\/\/www.food4animals.nl\/wp-content\/uploads\/2023\/10\/Logo.svg","width":1,"height":1,"caption":"Food4animals"},"image":{"@id":"https:\/\/www.food4animals.nl\/en\/#\/schema\/logo\/image\/"},"sameAs":["https:\/\/www.facebook.com\/p\/Food4animals-100063861676074\/","https:\/\/x.com\/food4animals"]}]}},"_links":{"self":[{"href":"https:\/\/www.food4animals.nl\/de\/wp-json\/wp\/v2\/product\/23356","targetHints":{"allow":["GET"]}}],"collection":[{"href":"https:\/\/www.food4animals.nl\/de\/wp-json\/wp\/v2\/product"}],"about":[{"href":"https:\/\/www.food4animals.nl\/de\/wp-json\/wp\/v2\/types\/product"}],"wp:featuredmedia":[{"embeddable":true,"href":"https:\/\/www.food4animals.nl\/de\/wp-json\/wp\/v2\/media\/23357"}],"wp:attachment":[{"href":"https:\/\/www.food4animals.nl\/de\/wp-json\/wp\/v2\/media?parent=23356"}],"wp:term":[{"taxonomy":"product_brand","embeddable":true,"href":"https:\/\/www.food4animals.nl\/de\/wp-json\/wp\/v2\/product_brand?post=23356"},{"taxonomy":"product_cat","embeddable":true,"href":"https:\/\/www.food4animals.nl\/de\/wp-json\/wp\/v2\/product_cat?post=23356"},{"taxonomy":"product_tag","embeddable":true,"href":"https:\/\/www.food4animals.nl\/de\/wp-json\/wp\/v2\/product_tag?post=23356"}],"curies":[{"name":"wp","href":"https:\/\/api.w.org\/{rel}","templated":true}]}}