{"id":23413,"date":"2024-02-09T17:15:35","date_gmt":"2024-02-09T16:15:35","guid":{"rendered":"https:\/\/food4animals.nl\/product\/voer-en-drinkbak-rvs-met-standaard-350ml-o-13cm\/"},"modified":"2026-04-29T01:48:04","modified_gmt":"2026-04-29T00:48:04","slug":"voer-en-drinkbak-rvs-met-standaard-350ml-o-13cm","status":"publish","type":"product","link":"https:\/\/www.food4animals.nl\/de\/produkt\/voer-en-drinkbak-rvs-met-standaard-350ml-o-13cm\/","title":{"rendered":"Futter- und Trinknapf aus Edelstahl mit St\u00e4nder 350ml \u00d8 13cm"},"content":{"rendered":"<p><span style=\"font-size: 10pt;\">Hergestellt aus hochwertigem Edelstahl und leicht zu reinigen. Best\u00e4ndig gegen Rost und Kratzer, dies gew\u00e4hrleistet ein langlebiges und hygienisches Produkt.<br \/><\/span><\/p>\n<p><span style=\"font-size: 10pt;\">Unser Futter- und Trinknapf f\u00fcr Hunde aus Edelstahl ist in verschiedenen Gr\u00f6\u00dfen erh\u00e4ltlich. Dadurch ist er f\u00fcr alle Hunderassen und Gr\u00f6\u00dfen geeignet. Ob ein kleiner Chihuahua oder eine gro\u00dfe Dogge, wir haben die perfekte Gr\u00f6\u00dfe f\u00fcr Ihren pelzigen Freund.<br \/><\/span><\/p>\n<p><span style=\"font-size: 10pt;\">Der Napf ist mit einem breiten Boden ausgestattet, um ein Umkippen und Versch\u00fctten zu verhindern. So kann der Hund sein Wasser und Futter genie\u00dfen, ohne es zu versch\u00fctten. Au\u00dferdem verhindert die glatte Oberfl\u00e4che des Napfes die Ansammlung von Bakterien. So kann Ihr Hund diesen Futternapf immer sicher und gesund benutzen. Eine zuverl\u00e4ssige, langlebige und hygienische L\u00f6sung f\u00fcr die Mahlzeiten Ihres Hundes.<br \/><\/span><\/p>\n<ul>\n<li><span style=\"font-size: 10pt;\">Robuster Futter- oder Trinknapf<\/span><\/li>\n<li><span style=\"font-size: 10pt;\">Rostfreier Stahl\u00a0<\/span><\/li>\n<li><span style=\"font-size: 10pt;\">Inhoud: 350ml<\/span><\/li>\n<li><span style=\"font-size: 10pt;\">Diameter: \u00d8 13cm<\/span><\/li>\n<li>\n<p><span style=\"font-size: 10pt;\">Met standaard<\/span><\/p>\n<\/li>\n<\/ul>","protected":false},"excerpt":{"rendered":"<p>Robuuste voer of drinkbak RVS 350ml \u00d8 13cm Met standaard<\/p>","protected":false},"featured_media":23414,"template":"","meta":{"_acf_changed":false},"product_brand":[],"product_cat":[821,905],"product_tag":[4073],"class_list":{"0":"post-23413","1":"product","2":"type-product","3":"status-publish","4":"has-post-thumbnail","6":"product_cat-hond","7":"product_cat-voerbakken-en-drinkbakken","8":"product_tag-voerb_rvsstandaard","10":"first","11":"outofstock","12":"taxable","13":"shipping-taxable","14":"purchasable","15":"product-type-simple"},"acf":[],"yoast_head":"<!-- This site is optimized with the Yoast SEO plugin v27.4 - https:\/\/yoast.com\/product\/yoast-seo-wordpress\/ -->\n<title>Voer en drinkbak RVS met standaard 350ml \u00d8 13cm - Food4animals<\/title>\n<meta name=\"robots\" content=\"index, follow, max-snippet:-1, max-image-preview:large, max-video-preview:-1\" \/>\n<link rel=\"canonical\" href=\"https:\/\/www.food4animals.nl\/de\/produkt\/voer-en-drinkbak-rvs-met-standaard-350ml-o-13cm\/\" \/>\n<meta property=\"og:locale\" content=\"de_DE\" \/>\n<meta property=\"og:type\" content=\"article\" \/>\n<meta property=\"og:title\" content=\"Voer en drinkbak RVS met standaard 350ml \u00d8 13cm - Food4animals\" \/>\n<meta property=\"og:description\" content=\"Robuuste voer of drinkbak RVS 350ml \u00d8 13cm Met standaard\" \/>\n<meta property=\"og:url\" content=\"https:\/\/www.food4animals.nl\/de\/produkt\/voer-en-drinkbak-rvs-met-standaard-350ml-o-13cm\/\" \/>\n<meta property=\"og:site_name\" content=\"Food4animals\" \/>\n<meta property=\"article:publisher\" content=\"https:\/\/www.facebook.com\/p\/Food4animals-100063861676074\/\" \/>\n<meta property=\"article:modified_time\" content=\"2026-04-29T00:48:04+00:00\" \/>\n<meta property=\"og:image\" content=\"https:\/\/www.food4animals.nl\/wp-content\/uploads\/2024\/02\/280430.png\" \/>\n\t<meta property=\"og:image:width\" content=\"1024\" \/>\n\t<meta property=\"og:image:height\" content=\"1024\" \/>\n\t<meta property=\"og:image:type\" content=\"image\/png\" \/>\n<meta name=\"twitter:card\" content=\"summary_large_image\" \/>\n<meta name=\"twitter:site\" content=\"@food4animals\" \/>\n<meta name=\"twitter:label1\" content=\"Gesch\u00e4tzte Lesezeit\" \/>\n\t<meta name=\"twitter:data1\" content=\"1\u00a0Minute\" \/>\n<script type=\"application\/ld+json\" class=\"yoast-schema-graph\">{\"@context\":\"https:\\\/\\\/schema.org\",\"@graph\":[{\"@type\":\"WebPage\",\"@id\":\"https:\\\/\\\/www.food4animals.nl\\\/product\\\/voer-en-drinkbak-rvs-met-standaard-350ml-o-13cm\\\/\",\"url\":\"https:\\\/\\\/www.food4animals.nl\\\/product\\\/voer-en-drinkbak-rvs-met-standaard-350ml-o-13cm\\\/\",\"name\":\"Voer en drinkbak RVS met standaard 350ml \u00d8 13cm - Food4animals\",\"isPartOf\":{\"@id\":\"https:\\\/\\\/www.food4animals.nl\\\/en\\\/#website\"},\"primaryImageOfPage\":{\"@id\":\"https:\\\/\\\/www.food4animals.nl\\\/product\\\/voer-en-drinkbak-rvs-met-standaard-350ml-o-13cm\\\/#primaryimage\"},\"image\":{\"@id\":\"https:\\\/\\\/www.food4animals.nl\\\/product\\\/voer-en-drinkbak-rvs-met-standaard-350ml-o-13cm\\\/#primaryimage\"},\"thumbnailUrl\":\"https:\\\/\\\/www.food4animals.nl\\\/wp-content\\\/uploads\\\/2024\\\/02\\\/280430.png\",\"datePublished\":\"2024-02-09T16:15:35+00:00\",\"dateModified\":\"2026-04-29T00:48:04+00:00\",\"breadcrumb\":{\"@id\":\"https:\\\/\\\/www.food4animals.nl\\\/product\\\/voer-en-drinkbak-rvs-met-standaard-350ml-o-13cm\\\/#breadcrumb\"},\"inLanguage\":\"de\",\"potentialAction\":[{\"@type\":\"ReadAction\",\"target\":[\"https:\\\/\\\/www.food4animals.nl\\\/product\\\/voer-en-drinkbak-rvs-met-standaard-350ml-o-13cm\\\/\"]}]},{\"@type\":\"ImageObject\",\"inLanguage\":\"de\",\"@id\":\"https:\\\/\\\/www.food4animals.nl\\\/product\\\/voer-en-drinkbak-rvs-met-standaard-350ml-o-13cm\\\/#primaryimage\",\"url\":\"https:\\\/\\\/www.food4animals.nl\\\/wp-content\\\/uploads\\\/2024\\\/02\\\/280430.png\",\"contentUrl\":\"https:\\\/\\\/www.food4animals.nl\\\/wp-content\\\/uploads\\\/2024\\\/02\\\/280430.png\",\"width\":1024,\"height\":1024},{\"@type\":\"BreadcrumbList\",\"@id\":\"https:\\\/\\\/www.food4animals.nl\\\/product\\\/voer-en-drinkbak-rvs-met-standaard-350ml-o-13cm\\\/#breadcrumb\",\"itemListElement\":[{\"@type\":\"ListItem\",\"position\":1,\"name\":\"Home\",\"item\":\"https:\\\/\\\/www.food4animals.nl\\\/\"},{\"@type\":\"ListItem\",\"position\":2,\"name\":\"Winkel\",\"item\":\"https:\\\/\\\/www.food4animals.nl\\\/winkel\\\/\"},{\"@type\":\"ListItem\",\"position\":3,\"name\":\"Voer en drinkbak RVS met standaard 350ml \u00d8 13cm\"}]},{\"@type\":\"WebSite\",\"@id\":\"https:\\\/\\\/www.food4animals.nl\\\/en\\\/#website\",\"url\":\"https:\\\/\\\/www.food4animals.nl\\\/en\\\/\",\"name\":\"Food4animals\",\"description\":\"Alles voor Ruiter en Dier\",\"publisher\":{\"@id\":\"https:\\\/\\\/www.food4animals.nl\\\/en\\\/#organization\"},\"potentialAction\":[{\"@type\":\"SearchAction\",\"target\":{\"@type\":\"EntryPoint\",\"urlTemplate\":\"https:\\\/\\\/www.food4animals.nl\\\/en\\\/?s={search_term_string}\"},\"query-input\":{\"@type\":\"PropertyValueSpecification\",\"valueRequired\":true,\"valueName\":\"search_term_string\"}}],\"inLanguage\":\"de\"},{\"@type\":\"Organization\",\"@id\":\"https:\\\/\\\/www.food4animals.nl\\\/en\\\/#organization\",\"name\":\"Food4animals\",\"url\":\"https:\\\/\\\/www.food4animals.nl\\\/en\\\/\",\"logo\":{\"@type\":\"ImageObject\",\"inLanguage\":\"de\",\"@id\":\"https:\\\/\\\/www.food4animals.nl\\\/en\\\/#\\\/schema\\\/logo\\\/image\\\/\",\"url\":\"https:\\\/\\\/www.food4animals.nl\\\/wp-content\\\/uploads\\\/2023\\\/10\\\/Logo.svg\",\"contentUrl\":\"https:\\\/\\\/www.food4animals.nl\\\/wp-content\\\/uploads\\\/2023\\\/10\\\/Logo.svg\",\"width\":1,\"height\":1,\"caption\":\"Food4animals\"},\"image\":{\"@id\":\"https:\\\/\\\/www.food4animals.nl\\\/en\\\/#\\\/schema\\\/logo\\\/image\\\/\"},\"sameAs\":[\"https:\\\/\\\/www.facebook.com\\\/p\\\/Food4animals-100063861676074\\\/\",\"https:\\\/\\\/x.com\\\/food4animals\"]}]}<\/script>\n<!-- \/ Yoast SEO plugin. -->","yoast_head_json":{"title":"Voer en drinkbak RVS met standaard 350ml \u00d8 13cm - Food4animals","robots":{"index":"index","follow":"follow","max-snippet":"max-snippet:-1","max-image-preview":"max-image-preview:large","max-video-preview":"max-video-preview:-1"},"canonical":"https:\/\/www.food4animals.nl\/de\/produkt\/voer-en-drinkbak-rvs-met-standaard-350ml-o-13cm\/","og_locale":"de_DE","og_type":"article","og_title":"Voer en drinkbak RVS met standaard 350ml \u00d8 13cm - Food4animals","og_description":"Robuuste voer of drinkbak RVS 350ml \u00d8 13cm Met standaard","og_url":"https:\/\/www.food4animals.nl\/de\/produkt\/voer-en-drinkbak-rvs-met-standaard-350ml-o-13cm\/","og_site_name":"Food4animals","article_publisher":"https:\/\/www.facebook.com\/p\/Food4animals-100063861676074\/","article_modified_time":"2026-04-29T00:48:04+00:00","og_image":[{"width":1024,"height":1024,"url":"https:\/\/www.food4animals.nl\/wp-content\/uploads\/2024\/02\/280430.png","type":"image\/png"}],"twitter_card":"summary_large_image","twitter_site":"@food4animals","twitter_misc":{"Gesch\u00e4tzte Lesezeit":"1\u00a0Minute"},"schema":{"@context":"https:\/\/schema.org","@graph":[{"@type":"WebPage","@id":"https:\/\/www.food4animals.nl\/product\/voer-en-drinkbak-rvs-met-standaard-350ml-o-13cm\/","url":"https:\/\/www.food4animals.nl\/product\/voer-en-drinkbak-rvs-met-standaard-350ml-o-13cm\/","name":"Voer en drinkbak RVS met standaard 350ml \u00d8 13cm - Food4animals","isPartOf":{"@id":"https:\/\/www.food4animals.nl\/en\/#website"},"primaryImageOfPage":{"@id":"https:\/\/www.food4animals.nl\/product\/voer-en-drinkbak-rvs-met-standaard-350ml-o-13cm\/#primaryimage"},"image":{"@id":"https:\/\/www.food4animals.nl\/product\/voer-en-drinkbak-rvs-met-standaard-350ml-o-13cm\/#primaryimage"},"thumbnailUrl":"https:\/\/www.food4animals.nl\/wp-content\/uploads\/2024\/02\/280430.png","datePublished":"2024-02-09T16:15:35+00:00","dateModified":"2026-04-29T00:48:04+00:00","breadcrumb":{"@id":"https:\/\/www.food4animals.nl\/product\/voer-en-drinkbak-rvs-met-standaard-350ml-o-13cm\/#breadcrumb"},"inLanguage":"de","potentialAction":[{"@type":"ReadAction","target":["https:\/\/www.food4animals.nl\/product\/voer-en-drinkbak-rvs-met-standaard-350ml-o-13cm\/"]}]},{"@type":"ImageObject","inLanguage":"de","@id":"https:\/\/www.food4animals.nl\/product\/voer-en-drinkbak-rvs-met-standaard-350ml-o-13cm\/#primaryimage","url":"https:\/\/www.food4animals.nl\/wp-content\/uploads\/2024\/02\/280430.png","contentUrl":"https:\/\/www.food4animals.nl\/wp-content\/uploads\/2024\/02\/280430.png","width":1024,"height":1024},{"@type":"BreadcrumbList","@id":"https:\/\/www.food4animals.nl\/product\/voer-en-drinkbak-rvs-met-standaard-350ml-o-13cm\/#breadcrumb","itemListElement":[{"@type":"ListItem","position":1,"name":"Home","item":"https:\/\/www.food4animals.nl\/"},{"@type":"ListItem","position":2,"name":"Winkel","item":"https:\/\/www.food4animals.nl\/winkel\/"},{"@type":"ListItem","position":3,"name":"Voer en drinkbak RVS met standaard 350ml \u00d8 13cm"}]},{"@type":"WebSite","@id":"https:\/\/www.food4animals.nl\/en\/#website","url":"https:\/\/www.food4animals.nl\/en\/","name":"Lebensmittel4Tiere","description":"Alles f\u00fcr Reiter und Tier","publisher":{"@id":"https:\/\/www.food4animals.nl\/en\/#organization"},"potentialAction":[{"@type":"SearchAction","target":{"@type":"EntryPoint","urlTemplate":"https:\/\/www.food4animals.nl\/en\/?s={search_term_string}"},"query-input":{"@type":"PropertyValueSpecification","valueRequired":true,"valueName":"search_term_string"}}],"inLanguage":"de"},{"@type":"Organization","@id":"https:\/\/www.food4animals.nl\/en\/#organization","name":"Lebensmittel4Tiere","url":"https:\/\/www.food4animals.nl\/en\/","logo":{"@type":"ImageObject","inLanguage":"de","@id":"https:\/\/www.food4animals.nl\/en\/#\/schema\/logo\/image\/","url":"https:\/\/www.food4animals.nl\/wp-content\/uploads\/2023\/10\/Logo.svg","contentUrl":"https:\/\/www.food4animals.nl\/wp-content\/uploads\/2023\/10\/Logo.svg","width":1,"height":1,"caption":"Food4animals"},"image":{"@id":"https:\/\/www.food4animals.nl\/en\/#\/schema\/logo\/image\/"},"sameAs":["https:\/\/www.facebook.com\/p\/Food4animals-100063861676074\/","https:\/\/x.com\/food4animals"]}]}},"_links":{"self":[{"href":"https:\/\/www.food4animals.nl\/de\/wp-json\/wp\/v2\/product\/23413","targetHints":{"allow":["GET"]}}],"collection":[{"href":"https:\/\/www.food4animals.nl\/de\/wp-json\/wp\/v2\/product"}],"about":[{"href":"https:\/\/www.food4animals.nl\/de\/wp-json\/wp\/v2\/types\/product"}],"wp:featuredmedia":[{"embeddable":true,"href":"https:\/\/www.food4animals.nl\/de\/wp-json\/wp\/v2\/media\/23414"}],"wp:attachment":[{"href":"https:\/\/www.food4animals.nl\/de\/wp-json\/wp\/v2\/media?parent=23413"}],"wp:term":[{"taxonomy":"product_brand","embeddable":true,"href":"https:\/\/www.food4animals.nl\/de\/wp-json\/wp\/v2\/product_brand?post=23413"},{"taxonomy":"product_cat","embeddable":true,"href":"https:\/\/www.food4animals.nl\/de\/wp-json\/wp\/v2\/product_cat?post=23413"},{"taxonomy":"product_tag","embeddable":true,"href":"https:\/\/www.food4animals.nl\/de\/wp-json\/wp\/v2\/product_tag?post=23413"}],"curies":[{"name":"wp","href":"https:\/\/api.w.org\/{rel}","templated":true}]}}