{"id":23809,"date":"2024-04-18T10:46:05","date_gmt":"2024-04-18T09:46:05","guid":{"rendered":"https:\/\/www.food4animals.nl\/product\/adtab-kauwtablet-voor-katten-20-80-kg-3-tabletten\/"},"modified":"2026-04-16T01:02:20","modified_gmt":"2026-04-16T00:02:20","slug":"adtab-kautablette-fur-katzen-20-80-kg-3-tabletten","status":"publish","type":"product","link":"https:\/\/www.food4animals.nl\/de\/produkt\/adtab-kautablette-fur-katzen-20-80-kg-3-tabletten\/","title":{"rendered":"Adtab Kautablette f\u00fcr Katzen (&gt;2,0 - 8,0 kg) 3 Tabletten"},"content":{"rendered":"<h2>AdTab 48 mg Kautabletten f\u00fcr Katzen (&gt;2,0-8,0 kg)<\/h2>\n<p>AdTab ist eine schmackhafte Kautablette f\u00fcr Katzen auf der Basis des Wirkstoffs Lotilaner zur Abt\u00f6tung von Fl\u00f6hen und Zecken. Die monatliche Verabreichung bietet einen kontinuierlichen Schutz f\u00fcr 30 Tage.<\/p>\n<p><strong>Zielarten:<br \/>\n<\/strong>Kat.<\/p>\n<p><strong>Aktiver Inhaltsstoff:<br \/>\n<\/strong>48 mg Lotilaner<\/p>\n<p><strong>Indikationen f\u00fcr die Verwendung:<br \/>\n<\/strong>Zur Behandlung von Floh- und Zeckenbefall bei Katzen.<\/p>\n<p>Dieses Tierarzneimittel hat eine sofortige und anhaltende abt\u00f6tende Wirkung f\u00fcr 1 Monat gegen Fl\u00f6he (<em>Ctenocephalides felis<\/em> und <em>C. canis<\/em>) und Vorzeichen (<em>Ixodes ricinus<\/em>).<\/p>\n<p>Vlooien en teken moeten aanhechten aan de gastheer en beginnen met voeden om blootgesteld te\u00a0worden aan het werkzame bestanddeel.<\/p>\n<p><strong>Art der Verabreichung und Dosierung:<br \/>\n<\/strong>Zur oralen Anwendung.<\/p>\n<p>Het gearomatiseerde diergeneesmiddel dient te worden toegediend volgens onderstaande tabel om een enkele dosering van 6\u201324 mg lotilaner\/kg lichaamsgewicht te garanderen.<\/p>\n<img decoding=\"async\" class=\"preview\" style=\"max-width: 100%;\" src=\"\/imagestream\/stream\/283026\/Adtab_Kat.png\" alt=\"\" \/>\n<p>Gebruik bij katten met een lichaamsgewicht van meer dan 8 kg een juiste combinatie van\u00a0beschikbare sterkten om de aanbevolen dosering van 6-24 mg\/kg te bereiken.<\/p>\n<p>Eine Unterdosierung kann zu einer unwirksamen Anwendung f\u00fchren und die Entwicklung einer Resistenz f\u00f6rdern.<\/p>\n<p>F\u00fcr eine korrekte Dosierung sollte das K\u00f6rpergewicht so genau wie m\u00f6glich bestimmt werden.<\/p>\n<p><strong>Hinweise zur korrekten Anwendung:<br \/>\n<\/strong>Verabreichen Sie das Tierarzneimittel mit der Nahrung oder innerhalb von 30 Minuten nach der F\u00fctterung.<\/p>\n<p>Voor optimale controle over teken- en vlooieninfestaties, dient het diergeneesmiddel maandelijks\u00a0toegediend te worden gedurende het vlooien- en of tekenseizoen op basis van lokale epidemiologische omstandigheden.<\/p>\n<ul>\n<li data-start=\"582\" data-end=\"641\"><strong data-start=\"584\" data-end=\"641\">AdTab 48 mg kat vlooien en teken 30 dagen bescherming<\/strong><\/li>\n<li data-start=\"642\" data-end=\"688\"><strong data-start=\"644\" data-end=\"688\">beste vlooien en teken tablet kat 2-8 kg<\/strong><\/li>\n<li data-start=\"689\" data-end=\"740\"><strong data-start=\"691\" data-end=\"740\">smakelijke kauwtablet kat vlooien behandeling<\/strong><\/li>\n<\/ul>\n<p><strong>Kontraindikationen, besondere Warnhinweise und sonstige Informationen:<br \/>\n<\/strong>Lesen Sie vor der Anwendung die Packungsbeilage.<\/p>\n<p><a href=\"https:\/\/ec.europa.eu\/health\/documents\/community-register\/html\/v288.htm\" target=\"_blank\" rel=\"noopener\">REG EU\/2\/22\/288\/014<\/a><\/p>\n<p>&nbsp;<\/p>\n<p><a href=\"https:\/\/www.food4animals.nl\/de\/produkt\/adtab-kauwtablet-voor-katten-tegen-vlooien-en-teken\/\">Adtab kauwtablet voor katten (0,5 \u2013 2,0 kg)<\/a><\/p>\n<p><a href=\"https:\/\/www.food4animals.nl\/de\/?s=vlooien\">Bekijk meer producten tegen vlooien<\/a><\/p>\n<p>Nur f\u00fcr den tier\u00e4rztlichen Gebrauch - KOSTENLOS<\/p>\n<a href=\"https:\/\/www.cbg-meb.nl\/onderwerpen\/bd-internethandel-diergeneesmiddelen\" target=\"_blank\" rel=\"noopener\"><img decoding=\"async\" class=\"preview\" style=\"max-width: 90px; float: right;\" src=\"\/imagestream\/stream\/279197\/2209-logo-internethandel.jpg\" alt=\"\" \/><\/a>","protected":false},"excerpt":{"rendered":"<p>AdTab 48 mg kauwtabletten voor katten (2\u20138 kg) bieden snelle en effectieve bescherming tegen vlooien en teken. Met lotilaner als werkzame stof doodt het parasieten gedurende 30 dagen. Smakelijke, eenvoudig toe te dienen tablet voor maandelijkse behandeling en preventie.<\/p>","protected":false},"featured_media":23810,"template":"","meta":{"_acf_changed":false},"product_brand":[],"product_cat":[863,1154],"product_tag":[4089,875],"class_list":{"0":"post-23809","1":"product","2":"type-product","3":"status-publish","4":"has-post-thumbnail","6":"product_cat-kat","7":"product_cat-vlooien-en-teken-kat","8":"product_tag-adtab-kauwtabletten","9":"product_tag-elanco","10":"tax_brand-elanco","12":"first","13":"instock","14":"taxable","15":"shipping-taxable","16":"purchasable","17":"product-type-simple"},"acf":[],"yoast_head":"<!-- This site is optimized with the Yoast SEO plugin v27.4 - https:\/\/yoast.com\/product\/yoast-seo-wordpress\/ -->\n<title>Adtab kauwtablet voor katten (&gt;2,0 - 8,0 kg) 3 tabletten - Food4animals<\/title>\n<meta name=\"description\" content=\"AdTab kauwtabletten voor katten (2\u20138 kg) geeft effectieve bescherming tegen vlooien en teken. AdTab doodt parasieten gedurende 30 dagen.\" \/>\n<meta name=\"robots\" content=\"index, follow, max-snippet:-1, max-image-preview:large, max-video-preview:-1\" \/>\n<link rel=\"canonical\" href=\"https:\/\/www.food4animals.nl\/de\/produkt\/adtab-kautablette-fur-katzen-20-80-kg-3-tabletten\/\" \/>\n<meta property=\"og:locale\" content=\"de_DE\" \/>\n<meta property=\"og:type\" content=\"article\" \/>\n<meta property=\"og:title\" content=\"Adtab kauwtablet voor katten (&gt;2,0 - 8,0 kg) 3 tabletten - Food4animals\" \/>\n<meta property=\"og:description\" content=\"AdTab kauwtabletten voor katten (2\u20138 kg) geeft effectieve bescherming tegen vlooien en teken. AdTab doodt parasieten gedurende 30 dagen.\" \/>\n<meta property=\"og:url\" content=\"https:\/\/www.food4animals.nl\/de\/produkt\/adtab-kautablette-fur-katzen-20-80-kg-3-tabletten\/\" \/>\n<meta property=\"og:site_name\" content=\"Food4animals\" \/>\n<meta property=\"article:publisher\" content=\"https:\/\/www.facebook.com\/p\/Food4animals-100063861676074\/\" \/>\n<meta property=\"article:modified_time\" content=\"2026-04-16T00:02:20+00:00\" \/>\n<meta property=\"og:image\" content=\"https:\/\/www.food4animals.nl\/wp-content\/uploads\/2024\/04\/282832.png\" \/>\n\t<meta property=\"og:image:width\" content=\"1024\" \/>\n\t<meta property=\"og:image:height\" content=\"1024\" \/>\n\t<meta property=\"og:image:type\" content=\"image\/png\" \/>\n<meta name=\"twitter:card\" content=\"summary_large_image\" \/>\n<meta name=\"twitter:site\" content=\"@food4animals\" \/>\n<meta name=\"twitter:label1\" content=\"Gesch\u00e4tzte Lesezeit\" \/>\n\t<meta name=\"twitter:data1\" content=\"2\u00a0Minuten\" \/>\n<script type=\"application\/ld+json\" class=\"yoast-schema-graph\">{\"@context\":\"https:\\\/\\\/schema.org\",\"@graph\":[{\"@type\":\"WebPage\",\"@id\":\"https:\\\/\\\/www.food4animals.nl\\\/product\\\/adtab-kauwtablet-voor-katten-20-80-kg-3-tabletten\\\/\",\"url\":\"https:\\\/\\\/www.food4animals.nl\\\/product\\\/adtab-kauwtablet-voor-katten-20-80-kg-3-tabletten\\\/\",\"name\":\"Adtab kauwtablet voor katten (>2,0 - 8,0 kg) 3 tabletten - Food4animals\",\"isPartOf\":{\"@id\":\"https:\\\/\\\/www.food4animals.nl\\\/en\\\/#website\"},\"primaryImageOfPage\":{\"@id\":\"https:\\\/\\\/www.food4animals.nl\\\/product\\\/adtab-kauwtablet-voor-katten-20-80-kg-3-tabletten\\\/#primaryimage\"},\"image\":{\"@id\":\"https:\\\/\\\/www.food4animals.nl\\\/product\\\/adtab-kauwtablet-voor-katten-20-80-kg-3-tabletten\\\/#primaryimage\"},\"thumbnailUrl\":\"https:\\\/\\\/www.food4animals.nl\\\/wp-content\\\/uploads\\\/2024\\\/04\\\/282832.png\",\"datePublished\":\"2024-04-18T09:46:05+00:00\",\"dateModified\":\"2026-04-16T00:02:20+00:00\",\"description\":\"AdTab kauwtabletten voor katten (2\u20138 kg) geeft effectieve bescherming tegen vlooien en teken. AdTab doodt parasieten gedurende 30 dagen.\",\"breadcrumb\":{\"@id\":\"https:\\\/\\\/www.food4animals.nl\\\/product\\\/adtab-kauwtablet-voor-katten-20-80-kg-3-tabletten\\\/#breadcrumb\"},\"inLanguage\":\"de\",\"potentialAction\":[{\"@type\":\"ReadAction\",\"target\":[\"https:\\\/\\\/www.food4animals.nl\\\/product\\\/adtab-kauwtablet-voor-katten-20-80-kg-3-tabletten\\\/\"]}]},{\"@type\":\"ImageObject\",\"inLanguage\":\"de\",\"@id\":\"https:\\\/\\\/www.food4animals.nl\\\/product\\\/adtab-kauwtablet-voor-katten-20-80-kg-3-tabletten\\\/#primaryimage\",\"url\":\"https:\\\/\\\/www.food4animals.nl\\\/wp-content\\\/uploads\\\/2024\\\/04\\\/282832.png\",\"contentUrl\":\"https:\\\/\\\/www.food4animals.nl\\\/wp-content\\\/uploads\\\/2024\\\/04\\\/282832.png\",\"width\":1024,\"height\":1024,\"caption\":\"AdTab kauwtabletten voor katten bieden snelle en effectieve bescherming tegen vlooien en teken gedurende 30 dagen.\"},{\"@type\":\"BreadcrumbList\",\"@id\":\"https:\\\/\\\/www.food4animals.nl\\\/product\\\/adtab-kauwtablet-voor-katten-20-80-kg-3-tabletten\\\/#breadcrumb\",\"itemListElement\":[{\"@type\":\"ListItem\",\"position\":1,\"name\":\"Home\",\"item\":\"https:\\\/\\\/www.food4animals.nl\\\/\"},{\"@type\":\"ListItem\",\"position\":2,\"name\":\"Winkel\",\"item\":\"https:\\\/\\\/www.food4animals.nl\\\/winkel\\\/\"},{\"@type\":\"ListItem\",\"position\":3,\"name\":\"Adtab kauwtablet voor katten (>2,0 &#8211; 8,0 kg) 3 tabletten\"}]},{\"@type\":\"WebSite\",\"@id\":\"https:\\\/\\\/www.food4animals.nl\\\/en\\\/#website\",\"url\":\"https:\\\/\\\/www.food4animals.nl\\\/en\\\/\",\"name\":\"Food4animals\",\"description\":\"Alles voor Ruiter en Dier\",\"publisher\":{\"@id\":\"https:\\\/\\\/www.food4animals.nl\\\/en\\\/#organization\"},\"potentialAction\":[{\"@type\":\"SearchAction\",\"target\":{\"@type\":\"EntryPoint\",\"urlTemplate\":\"https:\\\/\\\/www.food4animals.nl\\\/en\\\/?s={search_term_string}\"},\"query-input\":{\"@type\":\"PropertyValueSpecification\",\"valueRequired\":true,\"valueName\":\"search_term_string\"}}],\"inLanguage\":\"de\"},{\"@type\":\"Organization\",\"@id\":\"https:\\\/\\\/www.food4animals.nl\\\/en\\\/#organization\",\"name\":\"Food4animals\",\"url\":\"https:\\\/\\\/www.food4animals.nl\\\/en\\\/\",\"logo\":{\"@type\":\"ImageObject\",\"inLanguage\":\"de\",\"@id\":\"https:\\\/\\\/www.food4animals.nl\\\/en\\\/#\\\/schema\\\/logo\\\/image\\\/\",\"url\":\"https:\\\/\\\/www.food4animals.nl\\\/wp-content\\\/uploads\\\/2023\\\/10\\\/Logo.svg\",\"contentUrl\":\"https:\\\/\\\/www.food4animals.nl\\\/wp-content\\\/uploads\\\/2023\\\/10\\\/Logo.svg\",\"width\":1,\"height\":1,\"caption\":\"Food4animals\"},\"image\":{\"@id\":\"https:\\\/\\\/www.food4animals.nl\\\/en\\\/#\\\/schema\\\/logo\\\/image\\\/\"},\"sameAs\":[\"https:\\\/\\\/www.facebook.com\\\/p\\\/Food4animals-100063861676074\\\/\",\"https:\\\/\\\/x.com\\\/food4animals\"]}]}<\/script>\n<!-- \/ Yoast SEO plugin. -->","yoast_head_json":{"title":"Adtab Kautablette f\u00fcr Katzen (&gt;2,0 - 8,0 kg) 3 Tabletten - Food4animals","description":"AdTab kauwtabletten voor katten (2\u20138 kg) geeft effectieve bescherming tegen vlooien en teken. AdTab doodt parasieten gedurende 30 dagen.","robots":{"index":"index","follow":"follow","max-snippet":"max-snippet:-1","max-image-preview":"max-image-preview:large","max-video-preview":"max-video-preview:-1"},"canonical":"https:\/\/www.food4animals.nl\/de\/produkt\/adtab-kautablette-fur-katzen-20-80-kg-3-tabletten\/","og_locale":"de_DE","og_type":"article","og_title":"Adtab kauwtablet voor katten (>2,0 - 8,0 kg) 3 tabletten - Food4animals","og_description":"AdTab kauwtabletten voor katten (2\u20138 kg) geeft effectieve bescherming tegen vlooien en teken. AdTab doodt parasieten gedurende 30 dagen.","og_url":"https:\/\/www.food4animals.nl\/de\/produkt\/adtab-kautablette-fur-katzen-20-80-kg-3-tabletten\/","og_site_name":"Food4animals","article_publisher":"https:\/\/www.facebook.com\/p\/Food4animals-100063861676074\/","article_modified_time":"2026-04-16T00:02:20+00:00","og_image":[{"width":1024,"height":1024,"url":"https:\/\/www.food4animals.nl\/wp-content\/uploads\/2024\/04\/282832.png","type":"image\/png"}],"twitter_card":"summary_large_image","twitter_site":"@food4animals","twitter_misc":{"Gesch\u00e4tzte Lesezeit":"2\u00a0Minuten"},"schema":{"@context":"https:\/\/schema.org","@graph":[{"@type":"WebPage","@id":"https:\/\/www.food4animals.nl\/product\/adtab-kauwtablet-voor-katten-20-80-kg-3-tabletten\/","url":"https:\/\/www.food4animals.nl\/product\/adtab-kauwtablet-voor-katten-20-80-kg-3-tabletten\/","name":"Adtab Kautablette f\u00fcr Katzen (&gt;2,0 - 8,0 kg) 3 Tabletten - Food4animals","isPartOf":{"@id":"https:\/\/www.food4animals.nl\/en\/#website"},"primaryImageOfPage":{"@id":"https:\/\/www.food4animals.nl\/product\/adtab-kauwtablet-voor-katten-20-80-kg-3-tabletten\/#primaryimage"},"image":{"@id":"https:\/\/www.food4animals.nl\/product\/adtab-kauwtablet-voor-katten-20-80-kg-3-tabletten\/#primaryimage"},"thumbnailUrl":"https:\/\/www.food4animals.nl\/wp-content\/uploads\/2024\/04\/282832.png","datePublished":"2024-04-18T09:46:05+00:00","dateModified":"2026-04-16T00:02:20+00:00","description":"AdTab kauwtabletten voor katten (2\u20138 kg) geeft effectieve bescherming tegen vlooien en teken. AdTab doodt parasieten gedurende 30 dagen.","breadcrumb":{"@id":"https:\/\/www.food4animals.nl\/product\/adtab-kauwtablet-voor-katten-20-80-kg-3-tabletten\/#breadcrumb"},"inLanguage":"de","potentialAction":[{"@type":"ReadAction","target":["https:\/\/www.food4animals.nl\/product\/adtab-kauwtablet-voor-katten-20-80-kg-3-tabletten\/"]}]},{"@type":"ImageObject","inLanguage":"de","@id":"https:\/\/www.food4animals.nl\/product\/adtab-kauwtablet-voor-katten-20-80-kg-3-tabletten\/#primaryimage","url":"https:\/\/www.food4animals.nl\/wp-content\/uploads\/2024\/04\/282832.png","contentUrl":"https:\/\/www.food4animals.nl\/wp-content\/uploads\/2024\/04\/282832.png","width":1024,"height":1024,"caption":"AdTab kauwtabletten voor katten bieden snelle en effectieve bescherming tegen vlooien en teken gedurende 30 dagen."},{"@type":"BreadcrumbList","@id":"https:\/\/www.food4animals.nl\/product\/adtab-kauwtablet-voor-katten-20-80-kg-3-tabletten\/#breadcrumb","itemListElement":[{"@type":"ListItem","position":1,"name":"Home","item":"https:\/\/www.food4animals.nl\/"},{"@type":"ListItem","position":2,"name":"Winkel","item":"https:\/\/www.food4animals.nl\/winkel\/"},{"@type":"ListItem","position":3,"name":"Adtab kauwtablet voor katten (>2,0 &#8211; 8,0 kg) 3 tabletten"}]},{"@type":"WebSite","@id":"https:\/\/www.food4animals.nl\/en\/#website","url":"https:\/\/www.food4animals.nl\/en\/","name":"Lebensmittel4Tiere","description":"Alles f\u00fcr Reiter und Tier","publisher":{"@id":"https:\/\/www.food4animals.nl\/en\/#organization"},"potentialAction":[{"@type":"SearchAction","target":{"@type":"EntryPoint","urlTemplate":"https:\/\/www.food4animals.nl\/en\/?s={search_term_string}"},"query-input":{"@type":"PropertyValueSpecification","valueRequired":true,"valueName":"search_term_string"}}],"inLanguage":"de"},{"@type":"Organization","@id":"https:\/\/www.food4animals.nl\/en\/#organization","name":"Lebensmittel4Tiere","url":"https:\/\/www.food4animals.nl\/en\/","logo":{"@type":"ImageObject","inLanguage":"de","@id":"https:\/\/www.food4animals.nl\/en\/#\/schema\/logo\/image\/","url":"https:\/\/www.food4animals.nl\/wp-content\/uploads\/2023\/10\/Logo.svg","contentUrl":"https:\/\/www.food4animals.nl\/wp-content\/uploads\/2023\/10\/Logo.svg","width":1,"height":1,"caption":"Food4animals"},"image":{"@id":"https:\/\/www.food4animals.nl\/en\/#\/schema\/logo\/image\/"},"sameAs":["https:\/\/www.facebook.com\/p\/Food4animals-100063861676074\/","https:\/\/x.com\/food4animals"]}]}},"_links":{"self":[{"href":"https:\/\/www.food4animals.nl\/de\/wp-json\/wp\/v2\/product\/23809","targetHints":{"allow":["GET"]}}],"collection":[{"href":"https:\/\/www.food4animals.nl\/de\/wp-json\/wp\/v2\/product"}],"about":[{"href":"https:\/\/www.food4animals.nl\/de\/wp-json\/wp\/v2\/types\/product"}],"wp:featuredmedia":[{"embeddable":true,"href":"https:\/\/www.food4animals.nl\/de\/wp-json\/wp\/v2\/media\/23810"}],"wp:attachment":[{"href":"https:\/\/www.food4animals.nl\/de\/wp-json\/wp\/v2\/media?parent=23809"}],"wp:term":[{"taxonomy":"product_brand","embeddable":true,"href":"https:\/\/www.food4animals.nl\/de\/wp-json\/wp\/v2\/product_brand?post=23809"},{"taxonomy":"product_cat","embeddable":true,"href":"https:\/\/www.food4animals.nl\/de\/wp-json\/wp\/v2\/product_cat?post=23809"},{"taxonomy":"product_tag","embeddable":true,"href":"https:\/\/www.food4animals.nl\/de\/wp-json\/wp\/v2\/product_tag?post=23809"}],"curies":[{"name":"wp","href":"https:\/\/api.w.org\/{rel}","templated":true}]}}