{"id":24233,"date":"2024-04-18T11:41:07","date_gmt":"2024-04-18T10:41:07","guid":{"rendered":"https:\/\/www.food4animals.nl\/product\/lunas-choice-collagen-braid-chicken-medium\/"},"modified":"2026-02-14T02:26:54","modified_gmt":"2026-02-14T01:26:54","slug":"lunas-choice-kollagenzopf-huhn-medium","status":"publish","type":"product","link":"https:\/\/www.food4animals.nl\/de\/produkt\/lunas-choice-kollagenzopf-huhn-medium\/","title":{"rendered":"Luna's Choice Kollagenzopf Huhn Medium"},"content":{"rendered":"<h2>Luna's Choice geflochtene Kaustangen mit Huhn<\/h2>\n<p>Luna's Choice Collagen Braid Chicken sind k\u00f6stliche geflochtene Kaustangen mit Huhn. Diese St\u00e4bchen sind von Natur aus reich an Kollagen, das die Gelenke, die Haut und das Fell unterst\u00fctzt. Das Kauen auf den Sticks kann die Reinigung der Z\u00e4hne und die Entfernung von Zahnbelag unterst\u00fctzen. Die St\u00e4bchen sind au\u00dferdem leicht verdaulich.<\/p>\n<p>Die geflochtenen St\u00e4bchen sind nicht nur schmackhaft, sondern auch kalorienarm (343,6 kcal pro 100 Gramm), was sie zu einem verantwortungsvollen Snack macht.<br \/>Dank der verschiedenen Gr\u00f6\u00dfen gibt es f\u00fcr jeden Hund den passenden Snack.<\/p>\n<p><strong>Gut zu wissen:<\/strong><\/p>\n<p>Der Preis versteht sich pro Stick, Sie erhalten eine Display-Packung. Unten sehen Sie, wie viele St\u00fccke jede Display-Packung enth\u00e4lt und wie die Produkte etikettiert sind.<\/p>\n<p><strong>Varianten:<\/strong><\/p>\n<ul>\n<li>S - 12,7 x 3 x 1,8 cm, 36,5 Gramm pro St\u00fcck (42 St\u00fcck pro Packung)<\/li>\n<li>M - 14 x 4 x 3,5 cm, 66 Gramm pro St\u00fcck (20 St\u00fcck pro Packung)<\/li>\n<li>L - 23 x 4,5 x 3 cm, 142,5 Gramm pro St\u00fcck (8 St\u00fcck pro Packung)<\/li>\n<\/ul>\n<p>&#xA0;<\/p>","protected":false},"excerpt":{"rendered":"<p>1 k\u00f6stliche geflochtene Stange mit H\u00e4hnchen, vollgepackt mit Kollagen!<\/p>","protected":false},"featured_media":24234,"template":"","meta":{"_acf_changed":false},"product_brand":[],"product_cat":[821,1433],"product_tag":[895],"class_list":{"0":"post-24233","1":"product","2":"type-product","3":"status-publish","4":"has-post-thumbnail","6":"product_cat-hond","7":"product_cat-snacks","8":"product_tag-m","10":"first","11":"outofstock","12":"taxable","13":"shipping-taxable","14":"purchasable","15":"product-type-simple"},"acf":[],"yoast_head":"<!-- This site is optimized with the Yoast SEO plugin v27.4 - https:\/\/yoast.com\/product\/yoast-seo-wordpress\/ -->\n<title>Luna&#x2019;s Choice Collagen Braid Chicken Medium - Food4animals<\/title>\n<meta name=\"robots\" content=\"index, follow, max-snippet:-1, max-image-preview:large, max-video-preview:-1\" \/>\n<link rel=\"canonical\" href=\"https:\/\/www.food4animals.nl\/de\/produkt\/lunas-choice-kollagenzopf-huhn-medium\/\" \/>\n<meta property=\"og:locale\" content=\"de_DE\" \/>\n<meta property=\"og:type\" content=\"article\" \/>\n<meta property=\"og:title\" content=\"Luna&#x2019;s Choice Collagen Braid Chicken Medium - Food4animals\" \/>\n<meta property=\"og:description\" content=\"1 heerlijke gevlochten stick met kip, boordevol collageen!\" \/>\n<meta property=\"og:url\" content=\"https:\/\/www.food4animals.nl\/de\/produkt\/lunas-choice-kollagenzopf-huhn-medium\/\" \/>\n<meta property=\"og:site_name\" content=\"Food4animals\" \/>\n<meta property=\"article:publisher\" content=\"https:\/\/www.facebook.com\/p\/Food4animals-100063861676074\/\" \/>\n<meta property=\"article:modified_time\" content=\"2026-02-14T01:26:54+00:00\" \/>\n<meta property=\"og:image\" content=\"https:\/\/www.food4animals.nl\/wp-content\/uploads\/2024\/04\/284176.png\" \/>\n\t<meta property=\"og:image:width\" content=\"1024\" \/>\n\t<meta property=\"og:image:height\" content=\"1024\" \/>\n\t<meta property=\"og:image:type\" content=\"image\/png\" \/>\n<meta name=\"twitter:card\" content=\"summary_large_image\" \/>\n<meta name=\"twitter:site\" content=\"@food4animals\" \/>\n<meta name=\"twitter:label1\" content=\"Gesch\u00e4tzte Lesezeit\" \/>\n\t<meta name=\"twitter:data1\" content=\"1\u00a0Minute\" \/>\n<script type=\"application\/ld+json\" class=\"yoast-schema-graph\">{\"@context\":\"https:\\\/\\\/schema.org\",\"@graph\":[{\"@type\":\"WebPage\",\"@id\":\"https:\\\/\\\/www.food4animals.nl\\\/product\\\/lunas-choice-collagen-braid-chicken-medium\\\/\",\"url\":\"https:\\\/\\\/www.food4animals.nl\\\/product\\\/lunas-choice-collagen-braid-chicken-medium\\\/\",\"name\":\"Luna&#x2019;s Choice Collagen Braid Chicken Medium - Food4animals\",\"isPartOf\":{\"@id\":\"https:\\\/\\\/www.food4animals.nl\\\/en\\\/#website\"},\"primaryImageOfPage\":{\"@id\":\"https:\\\/\\\/www.food4animals.nl\\\/product\\\/lunas-choice-collagen-braid-chicken-medium\\\/#primaryimage\"},\"image\":{\"@id\":\"https:\\\/\\\/www.food4animals.nl\\\/product\\\/lunas-choice-collagen-braid-chicken-medium\\\/#primaryimage\"},\"thumbnailUrl\":\"https:\\\/\\\/www.food4animals.nl\\\/wp-content\\\/uploads\\\/2024\\\/04\\\/284176.png\",\"datePublished\":\"2024-04-18T10:41:07+00:00\",\"dateModified\":\"2026-02-14T01:26:54+00:00\",\"breadcrumb\":{\"@id\":\"https:\\\/\\\/www.food4animals.nl\\\/product\\\/lunas-choice-collagen-braid-chicken-medium\\\/#breadcrumb\"},\"inLanguage\":\"de\",\"potentialAction\":[{\"@type\":\"ReadAction\",\"target\":[\"https:\\\/\\\/www.food4animals.nl\\\/product\\\/lunas-choice-collagen-braid-chicken-medium\\\/\"]}]},{\"@type\":\"ImageObject\",\"inLanguage\":\"de\",\"@id\":\"https:\\\/\\\/www.food4animals.nl\\\/product\\\/lunas-choice-collagen-braid-chicken-medium\\\/#primaryimage\",\"url\":\"https:\\\/\\\/www.food4animals.nl\\\/wp-content\\\/uploads\\\/2024\\\/04\\\/284176.png\",\"contentUrl\":\"https:\\\/\\\/www.food4animals.nl\\\/wp-content\\\/uploads\\\/2024\\\/04\\\/284176.png\",\"width\":1024,\"height\":1024},{\"@type\":\"BreadcrumbList\",\"@id\":\"https:\\\/\\\/www.food4animals.nl\\\/product\\\/lunas-choice-collagen-braid-chicken-medium\\\/#breadcrumb\",\"itemListElement\":[{\"@type\":\"ListItem\",\"position\":1,\"name\":\"Home\",\"item\":\"https:\\\/\\\/www.food4animals.nl\\\/\"},{\"@type\":\"ListItem\",\"position\":2,\"name\":\"Winkel\",\"item\":\"https:\\\/\\\/www.food4animals.nl\\\/winkel\\\/\"},{\"@type\":\"ListItem\",\"position\":3,\"name\":\"Luna&#x2019;s Choice Collagen Braid Chicken Medium\"}]},{\"@type\":\"WebSite\",\"@id\":\"https:\\\/\\\/www.food4animals.nl\\\/en\\\/#website\",\"url\":\"https:\\\/\\\/www.food4animals.nl\\\/en\\\/\",\"name\":\"Food4animals\",\"description\":\"Alles voor Ruiter en Dier\",\"publisher\":{\"@id\":\"https:\\\/\\\/www.food4animals.nl\\\/en\\\/#organization\"},\"potentialAction\":[{\"@type\":\"SearchAction\",\"target\":{\"@type\":\"EntryPoint\",\"urlTemplate\":\"https:\\\/\\\/www.food4animals.nl\\\/en\\\/?s={search_term_string}\"},\"query-input\":{\"@type\":\"PropertyValueSpecification\",\"valueRequired\":true,\"valueName\":\"search_term_string\"}}],\"inLanguage\":\"de\"},{\"@type\":\"Organization\",\"@id\":\"https:\\\/\\\/www.food4animals.nl\\\/en\\\/#organization\",\"name\":\"Food4animals\",\"url\":\"https:\\\/\\\/www.food4animals.nl\\\/en\\\/\",\"logo\":{\"@type\":\"ImageObject\",\"inLanguage\":\"de\",\"@id\":\"https:\\\/\\\/www.food4animals.nl\\\/en\\\/#\\\/schema\\\/logo\\\/image\\\/\",\"url\":\"https:\\\/\\\/www.food4animals.nl\\\/wp-content\\\/uploads\\\/2023\\\/10\\\/Logo.svg\",\"contentUrl\":\"https:\\\/\\\/www.food4animals.nl\\\/wp-content\\\/uploads\\\/2023\\\/10\\\/Logo.svg\",\"width\":1,\"height\":1,\"caption\":\"Food4animals\"},\"image\":{\"@id\":\"https:\\\/\\\/www.food4animals.nl\\\/en\\\/#\\\/schema\\\/logo\\\/image\\\/\"},\"sameAs\":[\"https:\\\/\\\/www.facebook.com\\\/p\\\/Food4animals-100063861676074\\\/\",\"https:\\\/\\\/x.com\\\/food4animals\"]}]}<\/script>\n<!-- \/ Yoast SEO plugin. -->","yoast_head_json":{"title":"Luna's Choice Kollagenzopf Huhn Medium - Food4animals","robots":{"index":"index","follow":"follow","max-snippet":"max-snippet:-1","max-image-preview":"max-image-preview:large","max-video-preview":"max-video-preview:-1"},"canonical":"https:\/\/www.food4animals.nl\/de\/produkt\/lunas-choice-kollagenzopf-huhn-medium\/","og_locale":"de_DE","og_type":"article","og_title":"Luna&#x2019;s Choice Collagen Braid Chicken Medium - Food4animals","og_description":"1 heerlijke gevlochten stick met kip, boordevol collageen!","og_url":"https:\/\/www.food4animals.nl\/de\/produkt\/lunas-choice-kollagenzopf-huhn-medium\/","og_site_name":"Food4animals","article_publisher":"https:\/\/www.facebook.com\/p\/Food4animals-100063861676074\/","article_modified_time":"2026-02-14T01:26:54+00:00","og_image":[{"width":1024,"height":1024,"url":"https:\/\/www.food4animals.nl\/wp-content\/uploads\/2024\/04\/284176.png","type":"image\/png"}],"twitter_card":"summary_large_image","twitter_site":"@food4animals","twitter_misc":{"Gesch\u00e4tzte Lesezeit":"1\u00a0Minute"},"schema":{"@context":"https:\/\/schema.org","@graph":[{"@type":"WebPage","@id":"https:\/\/www.food4animals.nl\/product\/lunas-choice-collagen-braid-chicken-medium\/","url":"https:\/\/www.food4animals.nl\/product\/lunas-choice-collagen-braid-chicken-medium\/","name":"Luna's Choice Kollagenzopf Huhn Medium - Food4animals","isPartOf":{"@id":"https:\/\/www.food4animals.nl\/en\/#website"},"primaryImageOfPage":{"@id":"https:\/\/www.food4animals.nl\/product\/lunas-choice-collagen-braid-chicken-medium\/#primaryimage"},"image":{"@id":"https:\/\/www.food4animals.nl\/product\/lunas-choice-collagen-braid-chicken-medium\/#primaryimage"},"thumbnailUrl":"https:\/\/www.food4animals.nl\/wp-content\/uploads\/2024\/04\/284176.png","datePublished":"2024-04-18T10:41:07+00:00","dateModified":"2026-02-14T01:26:54+00:00","breadcrumb":{"@id":"https:\/\/www.food4animals.nl\/product\/lunas-choice-collagen-braid-chicken-medium\/#breadcrumb"},"inLanguage":"de","potentialAction":[{"@type":"ReadAction","target":["https:\/\/www.food4animals.nl\/product\/lunas-choice-collagen-braid-chicken-medium\/"]}]},{"@type":"ImageObject","inLanguage":"de","@id":"https:\/\/www.food4animals.nl\/product\/lunas-choice-collagen-braid-chicken-medium\/#primaryimage","url":"https:\/\/www.food4animals.nl\/wp-content\/uploads\/2024\/04\/284176.png","contentUrl":"https:\/\/www.food4animals.nl\/wp-content\/uploads\/2024\/04\/284176.png","width":1024,"height":1024},{"@type":"BreadcrumbList","@id":"https:\/\/www.food4animals.nl\/product\/lunas-choice-collagen-braid-chicken-medium\/#breadcrumb","itemListElement":[{"@type":"ListItem","position":1,"name":"Home","item":"https:\/\/www.food4animals.nl\/"},{"@type":"ListItem","position":2,"name":"Winkel","item":"https:\/\/www.food4animals.nl\/winkel\/"},{"@type":"ListItem","position":3,"name":"Luna&#x2019;s Choice Collagen Braid Chicken Medium"}]},{"@type":"WebSite","@id":"https:\/\/www.food4animals.nl\/en\/#website","url":"https:\/\/www.food4animals.nl\/en\/","name":"Lebensmittel4Tiere","description":"Alles f\u00fcr Reiter und Tier","publisher":{"@id":"https:\/\/www.food4animals.nl\/en\/#organization"},"potentialAction":[{"@type":"SearchAction","target":{"@type":"EntryPoint","urlTemplate":"https:\/\/www.food4animals.nl\/en\/?s={search_term_string}"},"query-input":{"@type":"PropertyValueSpecification","valueRequired":true,"valueName":"search_term_string"}}],"inLanguage":"de"},{"@type":"Organization","@id":"https:\/\/www.food4animals.nl\/en\/#organization","name":"Lebensmittel4Tiere","url":"https:\/\/www.food4animals.nl\/en\/","logo":{"@type":"ImageObject","inLanguage":"de","@id":"https:\/\/www.food4animals.nl\/en\/#\/schema\/logo\/image\/","url":"https:\/\/www.food4animals.nl\/wp-content\/uploads\/2023\/10\/Logo.svg","contentUrl":"https:\/\/www.food4animals.nl\/wp-content\/uploads\/2023\/10\/Logo.svg","width":1,"height":1,"caption":"Food4animals"},"image":{"@id":"https:\/\/www.food4animals.nl\/en\/#\/schema\/logo\/image\/"},"sameAs":["https:\/\/www.facebook.com\/p\/Food4animals-100063861676074\/","https:\/\/x.com\/food4animals"]}]}},"_links":{"self":[{"href":"https:\/\/www.food4animals.nl\/de\/wp-json\/wp\/v2\/product\/24233","targetHints":{"allow":["GET"]}}],"collection":[{"href":"https:\/\/www.food4animals.nl\/de\/wp-json\/wp\/v2\/product"}],"about":[{"href":"https:\/\/www.food4animals.nl\/de\/wp-json\/wp\/v2\/types\/product"}],"wp:featuredmedia":[{"embeddable":true,"href":"https:\/\/www.food4animals.nl\/de\/wp-json\/wp\/v2\/media\/24234"}],"wp:attachment":[{"href":"https:\/\/www.food4animals.nl\/de\/wp-json\/wp\/v2\/media?parent=24233"}],"wp:term":[{"taxonomy":"product_brand","embeddable":true,"href":"https:\/\/www.food4animals.nl\/de\/wp-json\/wp\/v2\/product_brand?post=24233"},{"taxonomy":"product_cat","embeddable":true,"href":"https:\/\/www.food4animals.nl\/de\/wp-json\/wp\/v2\/product_cat?post=24233"},{"taxonomy":"product_tag","embeddable":true,"href":"https:\/\/www.food4animals.nl\/de\/wp-json\/wp\/v2\/product_tag?post=24233"}],"curies":[{"name":"wp","href":"https:\/\/api.w.org\/{rel}","templated":true}]}}