{"id":24375,"date":"2024-04-18T11:55:51","date_gmt":"2024-04-18T10:55:51","guid":{"rendered":"https:\/\/www.food4animals.nl\/product\/resoluut-immobilisator-prof\/"},"modified":"2026-05-10T01:42:20","modified_gmt":"2026-05-10T00:42:20","slug":"resoluut-immobilisator-prof","status":"publish","type":"product","link":"https:\/\/www.food4animals.nl\/de\/produkt\/resoluut-immobilisator-prof\/","title":{"rendered":"Resolute Wegfahrsperre Prof"},"content":{"rendered":"<p><span style=\"font-size: 10pt;\">Resoluut Immobilisator Prof is geen biocide, maar heeft een mechanische werking op insecten. Hierdoor is resistentie opbouw niet mogelijk. Het product is ontwikkeld om te gebruiken als toevoeging aan insecticiden, waardoor deze een betere effectiviteit krijgen en het resistentie doorbreekt.<\/span><\/p>\n<p><span style=\"font-size: 10pt;\">Resoluut Immobilisator Prof kan ook zonder insecticide gebruikt worden, echter dan moet het insect wel direct door de spuitvloeistof geraakt worden. Resoluut Immobilisator Prof is een eenvoudig met water te verdunnen concentraat. Na een bespuiting drogen de siliconenpolymeren op en vormen een 3-dimensionaal polymerennetwerk. Dit immobiliseert insecten, mijten en rupsen\/larven.<\/span><\/p>\n<p><span style=\"font-size: 10pt;\">Product bevat geen biocide bestanddelen.<\/span><\/p>\n<p><span style=\"font-size: 10pt;\"><strong>Vorteile<\/strong><\/span><\/p>\n<ul>\n<li><span style=\"font-size: 10pt;\">Zonder of i.c.m. insecticide te gebruiken<\/span><\/li>\n<li><span style=\"font-size: 10pt;\">Kan worden gebruikt in aanwezigheid van mens en dier.<\/span><\/li>\n<li><span style=\"font-size: 10pt;\">Voorkomt en doorbreekt resistentie<\/span><\/li>\n<li><span style=\"font-size: 10pt;\">Geen geur<\/span><\/li>\n<li><span style=\"font-size: 10pt;\">Bequeme Spenderflasche<\/span><\/li>\n<\/ul>\n<p><span style=\"font-size: 10pt;\"><strong>Zur Bek\u00e4mpfung:<\/strong><\/span><\/p>\n<ul>\n<li><span style=\"font-size: 10pt;\">Bettwanzen<\/span><\/li>\n<li><span style=\"font-size: 10pt;\">Ameisen<\/span><\/li>\n<li><span style=\"font-size: 10pt;\">Zilver- en papiervisjes<\/span><\/li>\n<li><span style=\"font-size: 10pt;\">Kakerlaken<\/span><\/li>\n<li><span style=\"font-size: 10pt;\">Fl\u00f6he und Zecken<\/span><\/li>\n<li><span style=\"font-size: 10pt;\">Spinnen<\/span><\/li>\n<\/ul>\n<p><span style=\"font-size: 10pt;\"><strong>Anwendungen<\/strong><\/span><\/p>\n<p><span style=\"font-size: 10pt;\">Im und am Haus, in Hotels, Krankenh\u00e4usern, Restaurants mit Lebensmittellagerung, St\u00e4llen, Scheunen, in der Lebensmittelindustrie, in Abfallverarbeitungsanlagen, auf Campingpl\u00e4tzen und in Lagerhallen.<\/span><\/p>\n<p><span style=\"font-size: 10pt;\"><strong>Dosierung<\/strong><\/span><\/p>\n<p><span style=\"font-size: 10pt;\">1. A) Zonder toevoeging van een insecticide<\/span><\/p>\n<p><span style=\"font-size: 10pt;\">Bedwantsen: 2%<\/span><br \/><span style=\"font-size: 10pt;\">Kruipende insecten (zilvervisjes, kakkerlakken, vlooien, spinnen etc.): 2%<\/span><br \/><span style=\"font-size: 10pt;\">Mieren: 1%<\/span><br \/><span style=\"font-size: 10pt;\">Vliegende insecten binnenshuis (vliegen en muggen): vliegen 2% muggen 1%<\/span><br \/><span style=\"font-size: 10pt;\">Vliegende insecten buitenshuis (muggen): 0,15%<\/span><br \/><span style=\"font-size: 10pt;\">Voorraadaantastende insecten: 1%<\/span><br \/><span style=\"font-size: 10pt;\">Op planten en gewassen: 0,1 &#x2013; 0,15%<\/span><\/p>\n<p><span style=\"font-size: 10pt;\">1. B) Als toevoeging aan een insecticide<\/span><\/p>\n<p><span style=\"font-size: 10pt;\">0,1 &#x2013; 0,2%<\/span><\/p>","protected":false},"excerpt":{"rendered":"<p>Resoluut Immobilisator Prof is geen biocide, maar heeft een mechanische werking op insecten.<\/p>","protected":false},"featured_media":24376,"template":"","meta":{"_acf_changed":false},"product_brand":[],"product_cat":[1196,1685],"product_tag":[3862],"class_list":{"0":"post-24375","1":"product","2":"type-product","3":"status-publish","4":"has-post-thumbnail","6":"product_cat-ongedierte","7":"product_cat-vlieg","8":"product_tag-resoluut","9":"tax_brand-resoluut","11":"first","12":"instock","13":"taxable","14":"shipping-taxable","15":"purchasable","16":"product-type-simple"},"acf":[],"yoast_head":"<!-- This site is optimized with the Yoast SEO plugin v27.4 - https:\/\/yoast.com\/product\/yoast-seo-wordpress\/ -->\n<title>Resoluut Immobilisator Prof - Food4animals<\/title>\n<meta name=\"robots\" content=\"index, follow, max-snippet:-1, max-image-preview:large, max-video-preview:-1\" \/>\n<link rel=\"canonical\" href=\"https:\/\/www.food4animals.nl\/de\/produkt\/resoluut-immobilisator-prof\/\" \/>\n<meta property=\"og:locale\" content=\"de_DE\" \/>\n<meta property=\"og:type\" content=\"article\" \/>\n<meta property=\"og:title\" content=\"Resoluut Immobilisator Prof - Food4animals\" \/>\n<meta property=\"og:description\" content=\"Resoluut Immobilisator Prof is geen biocide, maar heeft een mechanische werking op insecten.\" \/>\n<meta property=\"og:url\" content=\"https:\/\/www.food4animals.nl\/de\/produkt\/resoluut-immobilisator-prof\/\" \/>\n<meta property=\"og:site_name\" content=\"Food4animals\" \/>\n<meta property=\"article:publisher\" content=\"https:\/\/www.facebook.com\/p\/Food4animals-100063861676074\/\" \/>\n<meta property=\"article:modified_time\" content=\"2026-05-10T00:42:20+00:00\" \/>\n<meta property=\"og:image\" content=\"https:\/\/www.food4animals.nl\/wp-content\/uploads\/2024\/04\/284229.png\" \/>\n\t<meta property=\"og:image:width\" content=\"1024\" \/>\n\t<meta property=\"og:image:height\" content=\"1024\" \/>\n\t<meta property=\"og:image:type\" content=\"image\/png\" \/>\n<meta name=\"twitter:card\" content=\"summary_large_image\" \/>\n<meta name=\"twitter:site\" content=\"@food4animals\" \/>\n<meta name=\"twitter:label1\" content=\"Gesch\u00e4tzte Lesezeit\" \/>\n\t<meta name=\"twitter:data1\" content=\"1\u00a0Minute\" \/>\n<script type=\"application\/ld+json\" class=\"yoast-schema-graph\">{\"@context\":\"https:\\\/\\\/schema.org\",\"@graph\":[{\"@type\":\"WebPage\",\"@id\":\"https:\\\/\\\/www.food4animals.nl\\\/product\\\/resoluut-immobilisator-prof\\\/\",\"url\":\"https:\\\/\\\/www.food4animals.nl\\\/product\\\/resoluut-immobilisator-prof\\\/\",\"name\":\"Resoluut Immobilisator Prof - Food4animals\",\"isPartOf\":{\"@id\":\"https:\\\/\\\/www.food4animals.nl\\\/en\\\/#website\"},\"primaryImageOfPage\":{\"@id\":\"https:\\\/\\\/www.food4animals.nl\\\/product\\\/resoluut-immobilisator-prof\\\/#primaryimage\"},\"image\":{\"@id\":\"https:\\\/\\\/www.food4animals.nl\\\/product\\\/resoluut-immobilisator-prof\\\/#primaryimage\"},\"thumbnailUrl\":\"https:\\\/\\\/www.food4animals.nl\\\/wp-content\\\/uploads\\\/2024\\\/04\\\/284229.png\",\"datePublished\":\"2024-04-18T10:55:51+00:00\",\"dateModified\":\"2026-05-10T00:42:20+00:00\",\"breadcrumb\":{\"@id\":\"https:\\\/\\\/www.food4animals.nl\\\/product\\\/resoluut-immobilisator-prof\\\/#breadcrumb\"},\"inLanguage\":\"de\",\"potentialAction\":[{\"@type\":\"ReadAction\",\"target\":[\"https:\\\/\\\/www.food4animals.nl\\\/product\\\/resoluut-immobilisator-prof\\\/\"]}]},{\"@type\":\"ImageObject\",\"inLanguage\":\"de\",\"@id\":\"https:\\\/\\\/www.food4animals.nl\\\/product\\\/resoluut-immobilisator-prof\\\/#primaryimage\",\"url\":\"https:\\\/\\\/www.food4animals.nl\\\/wp-content\\\/uploads\\\/2024\\\/04\\\/284229.png\",\"contentUrl\":\"https:\\\/\\\/www.food4animals.nl\\\/wp-content\\\/uploads\\\/2024\\\/04\\\/284229.png\",\"width\":1024,\"height\":1024},{\"@type\":\"BreadcrumbList\",\"@id\":\"https:\\\/\\\/www.food4animals.nl\\\/product\\\/resoluut-immobilisator-prof\\\/#breadcrumb\",\"itemListElement\":[{\"@type\":\"ListItem\",\"position\":1,\"name\":\"Home\",\"item\":\"https:\\\/\\\/www.food4animals.nl\\\/\"},{\"@type\":\"ListItem\",\"position\":2,\"name\":\"Winkel\",\"item\":\"https:\\\/\\\/www.food4animals.nl\\\/winkel\\\/\"},{\"@type\":\"ListItem\",\"position\":3,\"name\":\"Resoluut Immobilisator Prof\"}]},{\"@type\":\"WebSite\",\"@id\":\"https:\\\/\\\/www.food4animals.nl\\\/en\\\/#website\",\"url\":\"https:\\\/\\\/www.food4animals.nl\\\/en\\\/\",\"name\":\"Food4animals\",\"description\":\"Alles voor Ruiter en Dier\",\"publisher\":{\"@id\":\"https:\\\/\\\/www.food4animals.nl\\\/en\\\/#organization\"},\"potentialAction\":[{\"@type\":\"SearchAction\",\"target\":{\"@type\":\"EntryPoint\",\"urlTemplate\":\"https:\\\/\\\/www.food4animals.nl\\\/en\\\/?s={search_term_string}\"},\"query-input\":{\"@type\":\"PropertyValueSpecification\",\"valueRequired\":true,\"valueName\":\"search_term_string\"}}],\"inLanguage\":\"de\"},{\"@type\":\"Organization\",\"@id\":\"https:\\\/\\\/www.food4animals.nl\\\/en\\\/#organization\",\"name\":\"Food4animals\",\"url\":\"https:\\\/\\\/www.food4animals.nl\\\/en\\\/\",\"logo\":{\"@type\":\"ImageObject\",\"inLanguage\":\"de\",\"@id\":\"https:\\\/\\\/www.food4animals.nl\\\/en\\\/#\\\/schema\\\/logo\\\/image\\\/\",\"url\":\"https:\\\/\\\/www.food4animals.nl\\\/wp-content\\\/uploads\\\/2023\\\/10\\\/Logo.svg\",\"contentUrl\":\"https:\\\/\\\/www.food4animals.nl\\\/wp-content\\\/uploads\\\/2023\\\/10\\\/Logo.svg\",\"width\":1,\"height\":1,\"caption\":\"Food4animals\"},\"image\":{\"@id\":\"https:\\\/\\\/www.food4animals.nl\\\/en\\\/#\\\/schema\\\/logo\\\/image\\\/\"},\"sameAs\":[\"https:\\\/\\\/www.facebook.com\\\/p\\\/Food4animals-100063861676074\\\/\",\"https:\\\/\\\/x.com\\\/food4animals\"]}]}<\/script>\n<!-- \/ Yoast SEO plugin. -->","yoast_head_json":{"title":"Resoluut Immobilisator Prof - Food4animals","robots":{"index":"index","follow":"follow","max-snippet":"max-snippet:-1","max-image-preview":"max-image-preview:large","max-video-preview":"max-video-preview:-1"},"canonical":"https:\/\/www.food4animals.nl\/de\/produkt\/resoluut-immobilisator-prof\/","og_locale":"de_DE","og_type":"article","og_title":"Resoluut Immobilisator Prof - Food4animals","og_description":"Resoluut Immobilisator Prof is geen biocide, maar heeft een mechanische werking op insecten.","og_url":"https:\/\/www.food4animals.nl\/de\/produkt\/resoluut-immobilisator-prof\/","og_site_name":"Food4animals","article_publisher":"https:\/\/www.facebook.com\/p\/Food4animals-100063861676074\/","article_modified_time":"2026-05-10T00:42:20+00:00","og_image":[{"width":1024,"height":1024,"url":"https:\/\/www.food4animals.nl\/wp-content\/uploads\/2024\/04\/284229.png","type":"image\/png"}],"twitter_card":"summary_large_image","twitter_site":"@food4animals","twitter_misc":{"Gesch\u00e4tzte Lesezeit":"1\u00a0Minute"},"schema":{"@context":"https:\/\/schema.org","@graph":[{"@type":"WebPage","@id":"https:\/\/www.food4animals.nl\/product\/resoluut-immobilisator-prof\/","url":"https:\/\/www.food4animals.nl\/product\/resoluut-immobilisator-prof\/","name":"Resoluut Immobilisator Prof - Food4animals","isPartOf":{"@id":"https:\/\/www.food4animals.nl\/en\/#website"},"primaryImageOfPage":{"@id":"https:\/\/www.food4animals.nl\/product\/resoluut-immobilisator-prof\/#primaryimage"},"image":{"@id":"https:\/\/www.food4animals.nl\/product\/resoluut-immobilisator-prof\/#primaryimage"},"thumbnailUrl":"https:\/\/www.food4animals.nl\/wp-content\/uploads\/2024\/04\/284229.png","datePublished":"2024-04-18T10:55:51+00:00","dateModified":"2026-05-10T00:42:20+00:00","breadcrumb":{"@id":"https:\/\/www.food4animals.nl\/product\/resoluut-immobilisator-prof\/#breadcrumb"},"inLanguage":"de","potentialAction":[{"@type":"ReadAction","target":["https:\/\/www.food4animals.nl\/product\/resoluut-immobilisator-prof\/"]}]},{"@type":"ImageObject","inLanguage":"de","@id":"https:\/\/www.food4animals.nl\/product\/resoluut-immobilisator-prof\/#primaryimage","url":"https:\/\/www.food4animals.nl\/wp-content\/uploads\/2024\/04\/284229.png","contentUrl":"https:\/\/www.food4animals.nl\/wp-content\/uploads\/2024\/04\/284229.png","width":1024,"height":1024},{"@type":"BreadcrumbList","@id":"https:\/\/www.food4animals.nl\/product\/resoluut-immobilisator-prof\/#breadcrumb","itemListElement":[{"@type":"ListItem","position":1,"name":"Home","item":"https:\/\/www.food4animals.nl\/"},{"@type":"ListItem","position":2,"name":"Winkel","item":"https:\/\/www.food4animals.nl\/winkel\/"},{"@type":"ListItem","position":3,"name":"Resoluut Immobilisator Prof"}]},{"@type":"WebSite","@id":"https:\/\/www.food4animals.nl\/en\/#website","url":"https:\/\/www.food4animals.nl\/en\/","name":"Lebensmittel4Tiere","description":"Alles f\u00fcr Reiter und Tier","publisher":{"@id":"https:\/\/www.food4animals.nl\/en\/#organization"},"potentialAction":[{"@type":"SearchAction","target":{"@type":"EntryPoint","urlTemplate":"https:\/\/www.food4animals.nl\/en\/?s={search_term_string}"},"query-input":{"@type":"PropertyValueSpecification","valueRequired":true,"valueName":"search_term_string"}}],"inLanguage":"de"},{"@type":"Organization","@id":"https:\/\/www.food4animals.nl\/en\/#organization","name":"Lebensmittel4Tiere","url":"https:\/\/www.food4animals.nl\/en\/","logo":{"@type":"ImageObject","inLanguage":"de","@id":"https:\/\/www.food4animals.nl\/en\/#\/schema\/logo\/image\/","url":"https:\/\/www.food4animals.nl\/wp-content\/uploads\/2023\/10\/Logo.svg","contentUrl":"https:\/\/www.food4animals.nl\/wp-content\/uploads\/2023\/10\/Logo.svg","width":1,"height":1,"caption":"Food4animals"},"image":{"@id":"https:\/\/www.food4animals.nl\/en\/#\/schema\/logo\/image\/"},"sameAs":["https:\/\/www.facebook.com\/p\/Food4animals-100063861676074\/","https:\/\/x.com\/food4animals"]}]}},"_links":{"self":[{"href":"https:\/\/www.food4animals.nl\/de\/wp-json\/wp\/v2\/product\/24375","targetHints":{"allow":["GET"]}}],"collection":[{"href":"https:\/\/www.food4animals.nl\/de\/wp-json\/wp\/v2\/product"}],"about":[{"href":"https:\/\/www.food4animals.nl\/de\/wp-json\/wp\/v2\/types\/product"}],"wp:featuredmedia":[{"embeddable":true,"href":"https:\/\/www.food4animals.nl\/de\/wp-json\/wp\/v2\/media\/24376"}],"wp:attachment":[{"href":"https:\/\/www.food4animals.nl\/de\/wp-json\/wp\/v2\/media?parent=24375"}],"wp:term":[{"taxonomy":"product_brand","embeddable":true,"href":"https:\/\/www.food4animals.nl\/de\/wp-json\/wp\/v2\/product_brand?post=24375"},{"taxonomy":"product_cat","embeddable":true,"href":"https:\/\/www.food4animals.nl\/de\/wp-json\/wp\/v2\/product_cat?post=24375"},{"taxonomy":"product_tag","embeddable":true,"href":"https:\/\/www.food4animals.nl\/de\/wp-json\/wp\/v2\/product_tag?post=24375"}],"curies":[{"name":"wp","href":"https:\/\/api.w.org\/{rel}","templated":true}]}}