{"id":24383,"date":"2024-04-18T11:57:39","date_gmt":"2024-04-18T10:57:39","guid":{"rendered":"https:\/\/www.food4animals.nl\/product\/royal-dry-doggybag-l\/"},"modified":"2026-04-10T01:42:43","modified_gmt":"2026-04-10T00:42:43","slug":"royal-dry-doggybag-l","status":"publish","type":"product","link":"https:\/\/www.food4animals.nl\/de\/produkt\/royal-dry-doggybag-l\/","title":{"rendered":"Royal Dry Doggybag L"},"content":{"rendered":"<h2>Royal Dry Mikrofasertrockenbeutel f\u00fcr Hunde<\/h2>\n<p>Dieser super saugf\u00e4hige Mikrofaser-Trockenbeutel saugt Wasser auf wie ein Schwamm. Er h\u00e4lt Ihren Hund herrlich warm und verhindert, dass Ihr Auto, Ihr Haus oder Ihre M\u00f6bel nass und schmutzig werden. Dank der verschiedenen Gr\u00f6\u00dfen k\u00f6nnen Sie f\u00fcr fast jeden Hund den perfekten Trockensack finden. Au\u00dferdem ist der Trockensack f\u00fcr alle Fellarten geeignet. Der Royal Dry Doggy Bag ist extrem strapazierf\u00e4hig, superweich und nimmt keine Ger\u00fcche auf. Der Trockensack ist au\u00dferdem antibakteriell und trocknet sehr schnell.<\/p>\n<p>Sie k\u00f6nnen diesen Trockenbeutel verwenden, wenn Ihr Hund beim Spaziergang nass wird. Der Trockensack h\u00e4lt Ihren Hund warm und hilft so, Unterk\u00fchlung zu verhindern. Au\u00dferdem saugt er Wasser superschnell auf und h\u00e4lt Ihr Auto oder Haus trocken und sauber. Oder verwenden Sie den Trockensack, wenn Sie Ihren Hund gewaschen haben.<\/p>\n<h3>Material<\/h3>\n<p>Mikrofaser Chenille, 80% Polyester, 20% Polyamid.<\/p>\n<h3>Waschanleitung<\/h3>\n<p>Maschinenwaschbar bis 30\u00b0C.<\/p>\n<h3>Gr\u00f6\u00dfentabelle<\/h3>\n<p>Finden Sie ganz einfach die richtige Gr\u00f6\u00dfe f\u00fcr Ihren Hund!<\/p>\n<table style=\"border-collapse: collapse; width: 100%; height: 119.578px;\" border=\"1\">\n<tbody>\n<tr style=\"height: 22.3906px;\">\n<td style=\"width: 32.8928%; height: 22.3906px;\">\n<p><span style=\"font-size: 12pt;\"><strong>Gr\u00f6\u00dfe<\/strong><\/span><\/p>\n<\/td>\n<td style=\"width: 32.8928%; height: 22.3906px;\"><strong>L\u00e4nge des R\u00fcckens<\/strong><\/td>\n<td style=\"width: 32.897%; height: 22.3906px;\"><strong>Artikelcode<\/strong><\/td>\n<\/tr>\n<tr style=\"height: 20px;\">\n<td style=\"width: 32.8928%; height: 20px;\">XS<\/td>\n<td style=\"width: 32.8928%; height: 20px;\">30 cm<\/td>\n<td style=\"width: 32.897%; height: 20px;\">ROYA0050<\/td>\n<\/tr>\n<tr style=\"height: 26px;\">\n<td style=\"width: 32.8928%; height: 26px;\">S<\/td>\n<td style=\"width: 32.8928%; height: 26px;\">40 cm<\/td>\n<td style=\"width: 32.897%; height: 26px;\">ROYA0051<\/td>\n<\/tr>\n<tr style=\"height: 25.5938px;\">\n<td style=\"width: 32.8928%; height: 25.5938px;\">M<\/td>\n<td style=\"width: 32.8928%; height: 25.5938px;\">60 cm<\/td>\n<td style=\"width: 32.897%; height: 25.5938px;\">\n<p><span style=\"font-size: 12pt;\">ROYA0052<\/span><\/p>\n<\/td>\n<\/tr>\n<tr style=\"height: 25.5938px;\">\n<td style=\"width: 32.8928%; height: 25.5938px;\">L<\/td>\n<td style=\"width: 32.8928%; height: 25.5938px;\">75 cm<\/td>\n<td style=\"width: 32.897%; height: 25.5938px;\">\n<p><span style=\"font-size: 12pt;\">ROYA0053<\/span><\/p>\n<\/td>\n<\/tr>\n<\/tbody>\n<\/table>\n<h3>&#xA0;<\/h3>\n<h3>Entdecken Sie das Geheimnis von Royal Dry<\/h3>\n<p>Royal Dry Produkte wurden entwickelt, um Ihren Hund wie einen K\u00f6nig oder eine K\u00f6nigin zu behandeln, nachdem er nass oder schlammig geworden ist. Das Ziel ist ein gl\u00fccklicher Hund und ein sauberes Haus! Royal Dry Produkte werden aus Mikrofaser-Chenille hergestellt, einem wunderbar weichen und flauschigen Garn. Durch die vielen Schlingen aus Millionen von ultrafeinen F\u00e4den ist die Oberfl\u00e4che um ein Vielfaches gr\u00f6\u00dfer als bei einem glatten Stoff. Dadurch k\u00f6nnen Royal Dry-Produkte bis zum 7-fachen ihres Eigengewichts an Feuchtigkeit aufnehmen und speichern! Perfekt f\u00fcr den Einsatz nach einem Spaziergang im Wald oder am Strand, nach dem Waschen oder einfach an einem regnerischen Tag. Ob Sie Ihren Hund trocken halten, warm halten oder Ihr Haus oder Auto sauber halten wollen, bei Royal Dry finden Sie das richtige Produkt!<\/p>","protected":false},"excerpt":{"rendered":"<p>Super saugf\u00e4higer und herrlich weicher Trockenbeutel f\u00fcr Hunde!<\/p>","protected":false},"featured_media":24384,"template":"","meta":{"_acf_changed":false},"product_brand":[],"product_cat":[937,821],"product_tag":[901,3810],"class_list":{"0":"post-24383","1":"product","2":"type-product","3":"status-publish","4":"has-post-thumbnail","6":"product_cat-accessoires","7":"product_cat-hond","8":"product_tag-l","9":"product_tag-royaldry","11":"first","12":"instock","13":"taxable","14":"shipping-taxable","15":"purchasable","16":"product-type-simple"},"acf":[],"yoast_head":"<!-- This site is optimized with the Yoast SEO plugin v27.2 - https:\/\/yoast.com\/product\/yoast-seo-wordpress\/ -->\n<title>Royal Dry Doggybag L - Food4animals<\/title>\n<meta name=\"robots\" content=\"index, follow, max-snippet:-1, max-image-preview:large, max-video-preview:-1\" \/>\n<link rel=\"canonical\" href=\"https:\/\/www.food4animals.nl\/de\/produkt\/royal-dry-doggybag-l\/\" \/>\n<meta property=\"og:locale\" content=\"de_DE\" \/>\n<meta property=\"og:type\" content=\"article\" \/>\n<meta property=\"og:title\" content=\"Royal Dry Doggybag L - Food4animals\" \/>\n<meta property=\"og:description\" content=\"Super absorberende en heerlijk zachte droogzak voor honden!\" \/>\n<meta property=\"og:url\" content=\"https:\/\/www.food4animals.nl\/de\/produkt\/royal-dry-doggybag-l\/\" \/>\n<meta property=\"og:site_name\" content=\"Food4animals\" \/>\n<meta property=\"article:publisher\" content=\"https:\/\/www.facebook.com\/p\/Food4animals-100063861676074\/\" \/>\n<meta property=\"article:modified_time\" content=\"2026-04-10T00:42:43+00:00\" \/>\n<meta property=\"og:image\" content=\"https:\/\/www.food4animals.nl\/wp-content\/uploads\/2024\/04\/283943.png\" \/>\n\t<meta property=\"og:image:width\" content=\"1024\" \/>\n\t<meta property=\"og:image:height\" content=\"1024\" \/>\n\t<meta property=\"og:image:type\" content=\"image\/png\" \/>\n<meta name=\"twitter:card\" content=\"summary_large_image\" \/>\n<meta name=\"twitter:site\" content=\"@food4animals\" \/>\n<meta name=\"twitter:label1\" content=\"Gesch\u00e4tzte Lesezeit\" \/>\n\t<meta name=\"twitter:data1\" content=\"1\u00a0Minute\" \/>\n<script type=\"application\/ld+json\" class=\"yoast-schema-graph\">{\"@context\":\"https:\/\/schema.org\",\"@graph\":[{\"@type\":\"WebPage\",\"@id\":\"https:\/\/www.food4animals.nl\/product\/royal-dry-doggybag-l\/\",\"url\":\"https:\/\/www.food4animals.nl\/product\/royal-dry-doggybag-l\/\",\"name\":\"Royal Dry Doggybag L - Food4animals\",\"isPartOf\":{\"@id\":\"https:\/\/www.food4animals.nl\/en\/#website\"},\"primaryImageOfPage\":{\"@id\":\"https:\/\/www.food4animals.nl\/product\/royal-dry-doggybag-l\/#primaryimage\"},\"image\":{\"@id\":\"https:\/\/www.food4animals.nl\/product\/royal-dry-doggybag-l\/#primaryimage\"},\"thumbnailUrl\":\"https:\/\/www.food4animals.nl\/wp-content\/uploads\/2024\/04\/283943.png\",\"datePublished\":\"2024-04-18T10:57:39+00:00\",\"dateModified\":\"2026-04-10T00:42:43+00:00\",\"breadcrumb\":{\"@id\":\"https:\/\/www.food4animals.nl\/product\/royal-dry-doggybag-l\/#breadcrumb\"},\"inLanguage\":\"de\",\"potentialAction\":[{\"@type\":\"ReadAction\",\"target\":[\"https:\/\/www.food4animals.nl\/product\/royal-dry-doggybag-l\/\"]}]},{\"@type\":\"ImageObject\",\"inLanguage\":\"de\",\"@id\":\"https:\/\/www.food4animals.nl\/product\/royal-dry-doggybag-l\/#primaryimage\",\"url\":\"https:\/\/www.food4animals.nl\/wp-content\/uploads\/2024\/04\/283943.png\",\"contentUrl\":\"https:\/\/www.food4animals.nl\/wp-content\/uploads\/2024\/04\/283943.png\",\"width\":1024,\"height\":1024},{\"@type\":\"BreadcrumbList\",\"@id\":\"https:\/\/www.food4animals.nl\/product\/royal-dry-doggybag-l\/#breadcrumb\",\"itemListElement\":[{\"@type\":\"ListItem\",\"position\":1,\"name\":\"Home\",\"item\":\"https:\/\/www.food4animals.nl\/\"},{\"@type\":\"ListItem\",\"position\":2,\"name\":\"Winkel\",\"item\":\"https:\/\/www.food4animals.nl\/winkel\/\"},{\"@type\":\"ListItem\",\"position\":3,\"name\":\"Royal Dry Doggybag L\"}]},{\"@type\":\"WebSite\",\"@id\":\"https:\/\/www.food4animals.nl\/en\/#website\",\"url\":\"https:\/\/www.food4animals.nl\/en\/\",\"name\":\"Food4animals\",\"description\":\"Alles voor Ruiter en Dier\",\"publisher\":{\"@id\":\"https:\/\/www.food4animals.nl\/en\/#organization\"},\"potentialAction\":[{\"@type\":\"SearchAction\",\"target\":{\"@type\":\"EntryPoint\",\"urlTemplate\":\"https:\/\/www.food4animals.nl\/en\/?s={search_term_string}\"},\"query-input\":{\"@type\":\"PropertyValueSpecification\",\"valueRequired\":true,\"valueName\":\"search_term_string\"}}],\"inLanguage\":\"de\"},{\"@type\":\"Organization\",\"@id\":\"https:\/\/www.food4animals.nl\/en\/#organization\",\"name\":\"Food4animals\",\"url\":\"https:\/\/www.food4animals.nl\/en\/\",\"logo\":{\"@type\":\"ImageObject\",\"inLanguage\":\"de\",\"@id\":\"https:\/\/www.food4animals.nl\/en\/#\/schema\/logo\/image\/\",\"url\":\"https:\/\/www.food4animals.nl\/wp-content\/uploads\/2023\/10\/Logo.svg\",\"contentUrl\":\"https:\/\/www.food4animals.nl\/wp-content\/uploads\/2023\/10\/Logo.svg\",\"width\":1,\"height\":1,\"caption\":\"Food4animals\"},\"image\":{\"@id\":\"https:\/\/www.food4animals.nl\/en\/#\/schema\/logo\/image\/\"},\"sameAs\":[\"https:\/\/www.facebook.com\/p\/Food4animals-100063861676074\/\",\"https:\/\/x.com\/food4animals\"]}]}<\/script>\n<!-- \/ Yoast SEO plugin. -->","yoast_head_json":{"title":"Royal Dry Doggybag L - Food4animals","robots":{"index":"index","follow":"follow","max-snippet":"max-snippet:-1","max-image-preview":"max-image-preview:large","max-video-preview":"max-video-preview:-1"},"canonical":"https:\/\/www.food4animals.nl\/de\/produkt\/royal-dry-doggybag-l\/","og_locale":"de_DE","og_type":"article","og_title":"Royal Dry Doggybag L - Food4animals","og_description":"Super absorberende en heerlijk zachte droogzak voor honden!","og_url":"https:\/\/www.food4animals.nl\/de\/produkt\/royal-dry-doggybag-l\/","og_site_name":"Food4animals","article_publisher":"https:\/\/www.facebook.com\/p\/Food4animals-100063861676074\/","article_modified_time":"2026-04-10T00:42:43+00:00","og_image":[{"width":1024,"height":1024,"url":"https:\/\/www.food4animals.nl\/wp-content\/uploads\/2024\/04\/283943.png","type":"image\/png"}],"twitter_card":"summary_large_image","twitter_site":"@food4animals","twitter_misc":{"Gesch\u00e4tzte Lesezeit":"1\u00a0Minute"},"schema":{"@context":"https:\/\/schema.org","@graph":[{"@type":"WebPage","@id":"https:\/\/www.food4animals.nl\/product\/royal-dry-doggybag-l\/","url":"https:\/\/www.food4animals.nl\/product\/royal-dry-doggybag-l\/","name":"Royal Dry Doggybag L - Food4animals","isPartOf":{"@id":"https:\/\/www.food4animals.nl\/en\/#website"},"primaryImageOfPage":{"@id":"https:\/\/www.food4animals.nl\/product\/royal-dry-doggybag-l\/#primaryimage"},"image":{"@id":"https:\/\/www.food4animals.nl\/product\/royal-dry-doggybag-l\/#primaryimage"},"thumbnailUrl":"https:\/\/www.food4animals.nl\/wp-content\/uploads\/2024\/04\/283943.png","datePublished":"2024-04-18T10:57:39+00:00","dateModified":"2026-04-10T00:42:43+00:00","breadcrumb":{"@id":"https:\/\/www.food4animals.nl\/product\/royal-dry-doggybag-l\/#breadcrumb"},"inLanguage":"de","potentialAction":[{"@type":"ReadAction","target":["https:\/\/www.food4animals.nl\/product\/royal-dry-doggybag-l\/"]}]},{"@type":"ImageObject","inLanguage":"de","@id":"https:\/\/www.food4animals.nl\/product\/royal-dry-doggybag-l\/#primaryimage","url":"https:\/\/www.food4animals.nl\/wp-content\/uploads\/2024\/04\/283943.png","contentUrl":"https:\/\/www.food4animals.nl\/wp-content\/uploads\/2024\/04\/283943.png","width":1024,"height":1024},{"@type":"BreadcrumbList","@id":"https:\/\/www.food4animals.nl\/product\/royal-dry-doggybag-l\/#breadcrumb","itemListElement":[{"@type":"ListItem","position":1,"name":"Home","item":"https:\/\/www.food4animals.nl\/"},{"@type":"ListItem","position":2,"name":"Winkel","item":"https:\/\/www.food4animals.nl\/winkel\/"},{"@type":"ListItem","position":3,"name":"Royal Dry Doggybag L"}]},{"@type":"WebSite","@id":"https:\/\/www.food4animals.nl\/en\/#website","url":"https:\/\/www.food4animals.nl\/en\/","name":"Lebensmittel4Tiere","description":"Alles f\u00fcr Reiter und Tier","publisher":{"@id":"https:\/\/www.food4animals.nl\/en\/#organization"},"potentialAction":[{"@type":"SearchAction","target":{"@type":"EntryPoint","urlTemplate":"https:\/\/www.food4animals.nl\/en\/?s={search_term_string}"},"query-input":{"@type":"PropertyValueSpecification","valueRequired":true,"valueName":"search_term_string"}}],"inLanguage":"de"},{"@type":"Organization","@id":"https:\/\/www.food4animals.nl\/en\/#organization","name":"Lebensmittel4Tiere","url":"https:\/\/www.food4animals.nl\/en\/","logo":{"@type":"ImageObject","inLanguage":"de","@id":"https:\/\/www.food4animals.nl\/en\/#\/schema\/logo\/image\/","url":"https:\/\/www.food4animals.nl\/wp-content\/uploads\/2023\/10\/Logo.svg","contentUrl":"https:\/\/www.food4animals.nl\/wp-content\/uploads\/2023\/10\/Logo.svg","width":1,"height":1,"caption":"Food4animals"},"image":{"@id":"https:\/\/www.food4animals.nl\/en\/#\/schema\/logo\/image\/"},"sameAs":["https:\/\/www.facebook.com\/p\/Food4animals-100063861676074\/","https:\/\/x.com\/food4animals"]}]}},"_links":{"self":[{"href":"https:\/\/www.food4animals.nl\/de\/wp-json\/wp\/v2\/product\/24383","targetHints":{"allow":["GET"]}}],"collection":[{"href":"https:\/\/www.food4animals.nl\/de\/wp-json\/wp\/v2\/product"}],"about":[{"href":"https:\/\/www.food4animals.nl\/de\/wp-json\/wp\/v2\/types\/product"}],"wp:featuredmedia":[{"embeddable":true,"href":"https:\/\/www.food4animals.nl\/de\/wp-json\/wp\/v2\/media\/24384"}],"wp:attachment":[{"href":"https:\/\/www.food4animals.nl\/de\/wp-json\/wp\/v2\/media?parent=24383"}],"wp:term":[{"taxonomy":"product_brand","embeddable":true,"href":"https:\/\/www.food4animals.nl\/de\/wp-json\/wp\/v2\/product_brand?post=24383"},{"taxonomy":"product_cat","embeddable":true,"href":"https:\/\/www.food4animals.nl\/de\/wp-json\/wp\/v2\/product_cat?post=24383"},{"taxonomy":"product_tag","embeddable":true,"href":"https:\/\/www.food4animals.nl\/de\/wp-json\/wp\/v2\/product_tag?post=24383"}],"curies":[{"name":"wp","href":"https:\/\/api.w.org\/{rel}","templated":true}]}}