{"id":24454,"date":"2024-04-26T08:46:05","date_gmt":"2024-04-26T07:46:05","guid":{"rendered":"https:\/\/www.food4animals.nl\/?post_type=product&#038;p=24454"},"modified":"2026-04-12T01:14:24","modified_gmt":"2026-04-12T00:14:24","slug":"eqvalan-paste-187-mg-g-reg-nl-ura","status":"publish","type":"product","link":"https:\/\/www.food4animals.nl\/de\/produkt\/eqvalan-paste-187-mg-g-reg-nl-ura\/","title":{"rendered":"Eqvalan-Paste 18,7 mg\/g REG DE URA"},"content":{"rendered":"<div class=\"drawer__header\">\n<div class=\"drawer__header__content\">\n<div class=\"product-tab-header\">\n<h3>Informationen zum Produkt<\/h3>\n<\/div>\n<\/div>\n<\/div>\n<div class=\"drawer__content\">\n<div class=\"product-description\">\n<p><strong>Erh\u00e4ltlich nur bei einem Tierarzt oder auf tier\u00e4rztliche Verschreibung in einer zugelassenen Apotheke oder bei einem zugelassenen Lieferanten.<\/strong><\/p>\n<p><strong>EQVALAN PASTA 18,7 mg\/g<\/strong><br \/>\nPaste zur oralen Verabreichung f\u00fcr Pferde.<\/p>\n<p><strong>Zielarten<\/strong><br \/>\nPferde.<\/p>\n<p><strong>Wirkstoff<\/strong><br \/>\nIvermectin 18,7 mg\/g<\/p>\n<p><strong>Anzeige<\/strong><br \/>\nZur Behandlung und Kontrolle von parasit\u00e4ren Infektionen bei Pferden, verursacht durch:<\/p>\n<p>Gastrointestinale Nematoden: Gro\u00dfe Strongyliden, kleine Strongyliden (einschlie\u00dflich benzimidazolresistente St\u00e4mme);<br \/>\nOxyuren;<br \/>\nAscariden;<br \/>\nMagenw\u00fcrmer;<br \/>\nStrongyloididae;<br \/>\nHautnematoden (Mikrofilarien);<br \/>\nHornets;<br \/>\nLungennematoden;<br \/>\nDermatosen, verursacht durch die Hautlarven von\u00a0<em>Habronema<\/em>\u00a0und\u00a0<em>Draschia<\/em>\u00a0spp. und durch die Mikrofilarien von\u00a0<em>Onchocerca<\/em>\u00a0sp. (Onchozerkose der Haut).<\/p>\n<p>Kann w\u00e4hrend der Tr\u00e4chtigkeit und Stillzeit verwendet werden.<\/p>\n<p><strong>Kontraindikationen<\/strong><br \/>\nKeine.<\/p>\n<p><strong>Dosierung<\/strong><br \/>\nDie empfohlene Dosierung betr\u00e4gt 200 \u00b5g Ivermectin pro kg K\u00f6rpergewicht, einmalig oral verabreicht. K\u00f6rpergewicht und Dosierung sollten vor der Behandlung sorgf\u00e4ltig bestimmt werden. Die Spritzen zur Behandlung von Pferden bis 600 kg haben geeichte Markierungen in Abst\u00e4nden von 100 kg K\u00f6rpergewicht. Die Spritze sollte auf die berechnete Dosis eingestellt werden, indem der Ring an der entsprechenden Stelle der Kolbenstange angebracht wird.<\/p>\n<p>Das Tierarzneimittel ist zur einmaligen oralen Verabreichung an Pferde bestimmt.<\/p>\n<p><strong>Hinweise zur korrekten Anwendung<\/strong><br \/>\nL\u00f6sen Sie den R\u00e4ndelring um eine Vierteldrehung und schieben Sie den Ring entlang der Kolbenstange nach oben, so dass die der Spritze am n\u00e4chsten liegende Seite auf der gew\u00fcnschten Markierung liegt. Sichern Sie den R\u00e4ndelring, indem Sie ihn um eine Vierteldrehung zur\u00fcckdrehen. Entfernen Sie die Kunststoffkappe von der Spitze der Spritze. Stellen Sie sicher, dass das Maul des Pferdes kein Futter enth\u00e4lt. F\u00fchren Sie die Spritze durch den zahnlosen Raum (die \u00d6ffnung zwischen den Vorder- und Backenz\u00e4hnen). Dr\u00fccken Sie den Kolben nach unten, um das Medikament auf der Zunge im hinteren Teil des Mauls zu deponieren. Unmittelbar nach der Verabreichung heben Sie den Kopf des Pferdes f\u00fcr einige Sekunden an.<\/p>\n<p><strong>Empfohlenes Programm zur Parasitenbek\u00e4mpfung<\/strong><br \/>\nAlle Pferde sollten in ein regelm\u00e4\u00dfiges Parasitenbek\u00e4mpfungsprogramm einbezogen werden, wobei Stuten, Fohlen und Jungpferde besonders ber\u00fccksichtigt werden sollten.<\/p>\n<p><strong>Besondere Warnhinweise<\/strong><br \/>\nLesen Sie vor der Anwendung die Packungsbeilage.<\/p>\n<p><strong>Wartezeit<\/strong><br \/>\nFleisch: 18 Tage.<br \/>\nNicht bei Stuten anwenden, die Milch f\u00fcr den menschlichen Verzehr produzieren.<\/p>\n<p><strong>Inhalt<\/strong><br \/>\n1 Polypropylenspritze zur oralen Verabreichung von 6,42 g.<\/p>\n<p><strong><a href=\"https:\/\/www.diergeneesmiddeleninformatiebank.nl\/ords\/f?p=111:3::SEARCH:::P0_DOMAIN,P0_LANG,P3_RVG1:V,NL,1769\">REG EN 1769<\/a><\/strong><\/p>\n<p>Nur f\u00fcr den tier\u00e4rztlichen Gebrauch - URA<\/p>\n<\/div>\n<\/div>","protected":false},"excerpt":{"rendered":"<p><strong><span style=\"color: #ff0000;\"><em>Verfahren Worm Abhilfema\u00dfnahmen \"URA Abhilfema\u00dfnahmen\"<\/em><\/span><\/strong><\/p>\n<p><em>\u00a0-nur auf Originalrezept mit \"feuchter\" Unterschrift erh\u00e4ltlich<\/em><\/p>\n<p><em>\u00a0-Gescannte Rezepte sind nicht erlaubt.<\/em><\/p>\n<p><em>\u00a0-Schicken Sie das Originalrezept per Post an: Food4animals, Zwanenveld 6, 6852LX, Huissen, die Niederlande<\/em><\/p>\n<p><em>\u00a0-Bestellen Sie per Mail (info@food4animals.nl), was Sie brauchen, wir sorgen daf\u00fcr, dass es auf Lager ist, wenn es abgeholt wird.<\/em><\/p>\n<p><em>\u00a0-Sie werden benachrichtigt, wenn Ihre Bestellung zur Abholung bereit ist.<\/em><\/p>\n<h5><span style=\"color: #ff0000;\"><strong><em>\u00a0Also ohne Rezept keine Lieferung<\/em><\/strong><\/span><\/h5>\n<h3 style=\"margin-top: 0cm; line-height: 30.0pt; background: white;\"><a href=\"https:\/\/food4animals.nl\/wp-content\/uploads\/2024\/01\/Recept-origineel-2024-December.pdf\" target=\"_blank\" rel=\"noopener\"><span style=\"font-size: 18.0pt; font-family: 'Arial',sans-serif; color: #eca33a; letter-spacing: 1.5pt;\">Download Muster Rezept Pferd<\/span><\/a><\/h3>\n<p><a href=\"https:\/\/www.cbg-meb.nl\/onderwerpen\/bd-internethandel-diergeneesmiddelen\" target=\"_blank\" rel=\"noopener\"><img loading=\"lazy\" decoding=\"async\" class=\"alignnone wp-image-24451 size-full\" src=\"https:\/\/www.food4animals.nl\/wp-content\/uploads\/2024\/02\/NVWA-Logo-1.jpg\" alt=\"\" width=\"141\" height=\"117\" srcset=\"https:\/\/www.food4animals.nl\/wp-content\/uploads\/2024\/02\/NVWA-Logo-1.jpg 141w, https:\/\/www.food4animals.nl\/wp-content\/uploads\/2024\/02\/NVWA-Logo-1-14x12.jpg 14w, https:\/\/www.food4animals.nl\/wp-content\/uploads\/2024\/02\/NVWA-Logo-1-106x88.jpg 106w, https:\/\/www.food4animals.nl\/wp-content\/uploads\/2024\/02\/NVWA-Logo-1-80x66.jpg 80w\" sizes=\"auto, (max-width: 141px) 100vw, 141px\" \/><\/a><\/p>\n<p>&nbsp;<\/p>\n<p>&nbsp;<\/p>\n<p>&nbsp;<\/p>","protected":false},"featured_media":24455,"template":"","meta":{"_acf_changed":false},"product_brand":[],"product_cat":[993,996,1307,829],"product_tag":[4108,4109],"class_list":{"0":"post-24454","1":"product","2":"type-product","3":"status-publish","4":"has-post-thumbnail","6":"product_cat-apotheek","7":"product_cat-medicatie-op-recept","8":"product_cat-ontworming","9":"product_cat-paard","10":"product_tag-eqvalan","11":"product_tag-wormenkuur-paard","13":"first","14":"instock","15":"taxable","16":"shipping-taxable","17":"product-type-simple"},"acf":[],"yoast_head":"<!-- This site is optimized with the Yoast SEO plugin v27.2 - https:\/\/yoast.com\/product\/yoast-seo-wordpress\/ -->\n<title>Eqvalan pasta 18,7 mg\/g REG NL URA - Food4animals<\/title>\n<meta name=\"robots\" content=\"index, follow, max-snippet:-1, max-image-preview:large, max-video-preview:-1\" \/>\n<link rel=\"canonical\" href=\"https:\/\/www.food4animals.nl\/de\/produkt\/eqvalan-paste-187-mg-g-reg-nl-ura\/\" \/>\n<meta property=\"og:locale\" content=\"de_DE\" \/>\n<meta property=\"og:type\" content=\"article\" \/>\n<meta property=\"og:title\" content=\"Eqvalan pasta 18,7 mg\/g REG NL URA - Food4animals\" \/>\n<meta property=\"og:description\" content=\"Procedure Wormmiddelen \u201cURA middelen\u201d  \u00a0-Alleen verkrijgbaar op origineel recept met \u201cnatte\u201d handtekening  \u00a0-Gescande recepten zijn niet toegestaan.  \u00a0-Stuur het Origineel recept per post naar: Food4animals, Zwanenveld 6, 6852LX, Huissen, Nederland  \u00a0-Bestel per mail (info@food4animals.nl) wat u nodig heeft, wij zorgen dat het op voorraad is als het opgehaald wordt.  \u00a0-U ontvangt bericht als uw bestelling klaar staat voor afhalen. \u00a0Dus zonder\u00a0recept\u00a0geen levering Download voorbeeld Recept Paard   &nbsp;  &nbsp;  &nbsp;\" \/>\n<meta property=\"og:url\" content=\"https:\/\/www.food4animals.nl\/de\/produkt\/eqvalan-paste-187-mg-g-reg-nl-ura\/\" \/>\n<meta property=\"og:site_name\" content=\"Food4animals\" \/>\n<meta property=\"article:publisher\" content=\"https:\/\/www.facebook.com\/p\/Food4animals-100063861676074\/\" \/>\n<meta property=\"article:modified_time\" content=\"2026-04-12T00:14:24+00:00\" \/>\n<meta property=\"og:image\" content=\"https:\/\/www.food4animals.nl\/wp-content\/uploads\/2024\/04\/Eqvalan-pasta.jpg\" \/>\n\t<meta property=\"og:image:width\" content=\"1084\" \/>\n\t<meta property=\"og:image:height\" content=\"1080\" \/>\n\t<meta property=\"og:image:type\" content=\"image\/jpeg\" \/>\n<meta name=\"twitter:card\" content=\"summary_large_image\" \/>\n<meta name=\"twitter:site\" content=\"@food4animals\" \/>\n<meta name=\"twitter:label1\" content=\"Gesch\u00e4tzte Lesezeit\" \/>\n\t<meta name=\"twitter:data1\" content=\"2\u00a0Minuten\" \/>\n<script type=\"application\/ld+json\" class=\"yoast-schema-graph\">{\"@context\":\"https:\/\/schema.org\",\"@graph\":[{\"@type\":\"WebPage\",\"@id\":\"https:\/\/www.food4animals.nl\/product\/eqvalan-pasta-187-mg-g-reg-nl-ura\/\",\"url\":\"https:\/\/www.food4animals.nl\/product\/eqvalan-pasta-187-mg-g-reg-nl-ura\/\",\"name\":\"Eqvalan pasta 18,7 mg\/g REG NL URA - Food4animals\",\"isPartOf\":{\"@id\":\"https:\/\/www.food4animals.nl\/en\/#website\"},\"primaryImageOfPage\":{\"@id\":\"https:\/\/www.food4animals.nl\/product\/eqvalan-pasta-187-mg-g-reg-nl-ura\/#primaryimage\"},\"image\":{\"@id\":\"https:\/\/www.food4animals.nl\/product\/eqvalan-pasta-187-mg-g-reg-nl-ura\/#primaryimage\"},\"thumbnailUrl\":\"https:\/\/www.food4animals.nl\/wp-content\/uploads\/2024\/04\/Eqvalan-pasta.jpg\",\"datePublished\":\"2024-04-26T07:46:05+00:00\",\"dateModified\":\"2026-04-12T00:14:24+00:00\",\"breadcrumb\":{\"@id\":\"https:\/\/www.food4animals.nl\/product\/eqvalan-pasta-187-mg-g-reg-nl-ura\/#breadcrumb\"},\"inLanguage\":\"de\",\"potentialAction\":[{\"@type\":\"ReadAction\",\"target\":[\"https:\/\/www.food4animals.nl\/product\/eqvalan-pasta-187-mg-g-reg-nl-ura\/\"]}]},{\"@type\":\"ImageObject\",\"inLanguage\":\"de\",\"@id\":\"https:\/\/www.food4animals.nl\/product\/eqvalan-pasta-187-mg-g-reg-nl-ura\/#primaryimage\",\"url\":\"https:\/\/www.food4animals.nl\/wp-content\/uploads\/2024\/04\/Eqvalan-pasta.jpg\",\"contentUrl\":\"https:\/\/www.food4animals.nl\/wp-content\/uploads\/2024\/04\/Eqvalan-pasta.jpg\",\"width\":1084,\"height\":1080},{\"@type\":\"BreadcrumbList\",\"@id\":\"https:\/\/www.food4animals.nl\/product\/eqvalan-pasta-187-mg-g-reg-nl-ura\/#breadcrumb\",\"itemListElement\":[{\"@type\":\"ListItem\",\"position\":1,\"name\":\"Home\",\"item\":\"https:\/\/www.food4animals.nl\/\"},{\"@type\":\"ListItem\",\"position\":2,\"name\":\"Winkel\",\"item\":\"https:\/\/www.food4animals.nl\/winkel\/\"},{\"@type\":\"ListItem\",\"position\":3,\"name\":\"Eqvalan pasta 18,7 mg\/g REG NL URA\"}]},{\"@type\":\"WebSite\",\"@id\":\"https:\/\/www.food4animals.nl\/en\/#website\",\"url\":\"https:\/\/www.food4animals.nl\/en\/\",\"name\":\"Food4animals\",\"description\":\"Alles voor Ruiter en Dier\",\"publisher\":{\"@id\":\"https:\/\/www.food4animals.nl\/en\/#organization\"},\"potentialAction\":[{\"@type\":\"SearchAction\",\"target\":{\"@type\":\"EntryPoint\",\"urlTemplate\":\"https:\/\/www.food4animals.nl\/en\/?s={search_term_string}\"},\"query-input\":{\"@type\":\"PropertyValueSpecification\",\"valueRequired\":true,\"valueName\":\"search_term_string\"}}],\"inLanguage\":\"de\"},{\"@type\":\"Organization\",\"@id\":\"https:\/\/www.food4animals.nl\/en\/#organization\",\"name\":\"Food4animals\",\"url\":\"https:\/\/www.food4animals.nl\/en\/\",\"logo\":{\"@type\":\"ImageObject\",\"inLanguage\":\"de\",\"@id\":\"https:\/\/www.food4animals.nl\/en\/#\/schema\/logo\/image\/\",\"url\":\"https:\/\/www.food4animals.nl\/wp-content\/uploads\/2023\/10\/Logo.svg\",\"contentUrl\":\"https:\/\/www.food4animals.nl\/wp-content\/uploads\/2023\/10\/Logo.svg\",\"width\":1,\"height\":1,\"caption\":\"Food4animals\"},\"image\":{\"@id\":\"https:\/\/www.food4animals.nl\/en\/#\/schema\/logo\/image\/\"},\"sameAs\":[\"https:\/\/www.facebook.com\/p\/Food4animals-100063861676074\/\",\"https:\/\/x.com\/food4animals\"]}]}<\/script>\n<!-- \/ Yoast SEO plugin. -->","yoast_head_json":{"title":"Eqvalan-Paste 18,7 mg\/g REG DE URA - Food4animals","robots":{"index":"index","follow":"follow","max-snippet":"max-snippet:-1","max-image-preview":"max-image-preview:large","max-video-preview":"max-video-preview:-1"},"canonical":"https:\/\/www.food4animals.nl\/de\/produkt\/eqvalan-paste-187-mg-g-reg-nl-ura\/","og_locale":"de_DE","og_type":"article","og_title":"Eqvalan pasta 18,7 mg\/g REG NL URA - Food4animals","og_description":"Procedure Wormmiddelen \u201cURA middelen\u201d  \u00a0-Alleen verkrijgbaar op origineel recept met \u201cnatte\u201d handtekening  \u00a0-Gescande recepten zijn niet toegestaan.  \u00a0-Stuur het Origineel recept per post naar: Food4animals, Zwanenveld 6, 6852LX, Huissen, Nederland  \u00a0-Bestel per mail (info@food4animals.nl) wat u nodig heeft, wij zorgen dat het op voorraad is als het opgehaald wordt.  \u00a0-U ontvangt bericht als uw bestelling klaar staat voor afhalen. \u00a0Dus zonder\u00a0recept\u00a0geen levering Download voorbeeld Recept Paard   &nbsp;  &nbsp;  &nbsp;","og_url":"https:\/\/www.food4animals.nl\/de\/produkt\/eqvalan-paste-187-mg-g-reg-nl-ura\/","og_site_name":"Food4animals","article_publisher":"https:\/\/www.facebook.com\/p\/Food4animals-100063861676074\/","article_modified_time":"2026-04-12T00:14:24+00:00","og_image":[{"width":1084,"height":1080,"url":"https:\/\/www.food4animals.nl\/wp-content\/uploads\/2024\/04\/Eqvalan-pasta.jpg","type":"image\/jpeg"}],"twitter_card":"summary_large_image","twitter_site":"@food4animals","twitter_misc":{"Gesch\u00e4tzte Lesezeit":"2\u00a0Minuten"},"schema":{"@context":"https:\/\/schema.org","@graph":[{"@type":"WebPage","@id":"https:\/\/www.food4animals.nl\/product\/eqvalan-pasta-187-mg-g-reg-nl-ura\/","url":"https:\/\/www.food4animals.nl\/product\/eqvalan-pasta-187-mg-g-reg-nl-ura\/","name":"Eqvalan-Paste 18,7 mg\/g REG DE URA - Food4animals","isPartOf":{"@id":"https:\/\/www.food4animals.nl\/en\/#website"},"primaryImageOfPage":{"@id":"https:\/\/www.food4animals.nl\/product\/eqvalan-pasta-187-mg-g-reg-nl-ura\/#primaryimage"},"image":{"@id":"https:\/\/www.food4animals.nl\/product\/eqvalan-pasta-187-mg-g-reg-nl-ura\/#primaryimage"},"thumbnailUrl":"https:\/\/www.food4animals.nl\/wp-content\/uploads\/2024\/04\/Eqvalan-pasta.jpg","datePublished":"2024-04-26T07:46:05+00:00","dateModified":"2026-04-12T00:14:24+00:00","breadcrumb":{"@id":"https:\/\/www.food4animals.nl\/product\/eqvalan-pasta-187-mg-g-reg-nl-ura\/#breadcrumb"},"inLanguage":"de","potentialAction":[{"@type":"ReadAction","target":["https:\/\/www.food4animals.nl\/product\/eqvalan-pasta-187-mg-g-reg-nl-ura\/"]}]},{"@type":"ImageObject","inLanguage":"de","@id":"https:\/\/www.food4animals.nl\/product\/eqvalan-pasta-187-mg-g-reg-nl-ura\/#primaryimage","url":"https:\/\/www.food4animals.nl\/wp-content\/uploads\/2024\/04\/Eqvalan-pasta.jpg","contentUrl":"https:\/\/www.food4animals.nl\/wp-content\/uploads\/2024\/04\/Eqvalan-pasta.jpg","width":1084,"height":1080},{"@type":"BreadcrumbList","@id":"https:\/\/www.food4animals.nl\/product\/eqvalan-pasta-187-mg-g-reg-nl-ura\/#breadcrumb","itemListElement":[{"@type":"ListItem","position":1,"name":"Home","item":"https:\/\/www.food4animals.nl\/"},{"@type":"ListItem","position":2,"name":"Winkel","item":"https:\/\/www.food4animals.nl\/winkel\/"},{"@type":"ListItem","position":3,"name":"Eqvalan pasta 18,7 mg\/g REG NL URA"}]},{"@type":"WebSite","@id":"https:\/\/www.food4animals.nl\/en\/#website","url":"https:\/\/www.food4animals.nl\/en\/","name":"Lebensmittel4Tiere","description":"Alles f\u00fcr Reiter und Tier","publisher":{"@id":"https:\/\/www.food4animals.nl\/en\/#organization"},"potentialAction":[{"@type":"SearchAction","target":{"@type":"EntryPoint","urlTemplate":"https:\/\/www.food4animals.nl\/en\/?s={search_term_string}"},"query-input":{"@type":"PropertyValueSpecification","valueRequired":true,"valueName":"search_term_string"}}],"inLanguage":"de"},{"@type":"Organization","@id":"https:\/\/www.food4animals.nl\/en\/#organization","name":"Lebensmittel4Tiere","url":"https:\/\/www.food4animals.nl\/en\/","logo":{"@type":"ImageObject","inLanguage":"de","@id":"https:\/\/www.food4animals.nl\/en\/#\/schema\/logo\/image\/","url":"https:\/\/www.food4animals.nl\/wp-content\/uploads\/2023\/10\/Logo.svg","contentUrl":"https:\/\/www.food4animals.nl\/wp-content\/uploads\/2023\/10\/Logo.svg","width":1,"height":1,"caption":"Food4animals"},"image":{"@id":"https:\/\/www.food4animals.nl\/en\/#\/schema\/logo\/image\/"},"sameAs":["https:\/\/www.facebook.com\/p\/Food4animals-100063861676074\/","https:\/\/x.com\/food4animals"]}]}},"_links":{"self":[{"href":"https:\/\/www.food4animals.nl\/de\/wp-json\/wp\/v2\/product\/24454","targetHints":{"allow":["GET"]}}],"collection":[{"href":"https:\/\/www.food4animals.nl\/de\/wp-json\/wp\/v2\/product"}],"about":[{"href":"https:\/\/www.food4animals.nl\/de\/wp-json\/wp\/v2\/types\/product"}],"wp:featuredmedia":[{"embeddable":true,"href":"https:\/\/www.food4animals.nl\/de\/wp-json\/wp\/v2\/media\/24455"}],"wp:attachment":[{"href":"https:\/\/www.food4animals.nl\/de\/wp-json\/wp\/v2\/media?parent=24454"}],"wp:term":[{"taxonomy":"product_brand","embeddable":true,"href":"https:\/\/www.food4animals.nl\/de\/wp-json\/wp\/v2\/product_brand?post=24454"},{"taxonomy":"product_cat","embeddable":true,"href":"https:\/\/www.food4animals.nl\/de\/wp-json\/wp\/v2\/product_cat?post=24454"},{"taxonomy":"product_tag","embeddable":true,"href":"https:\/\/www.food4animals.nl\/de\/wp-json\/wp\/v2\/product_tag?post=24454"}],"curies":[{"name":"wp","href":"https:\/\/api.w.org\/{rel}","templated":true}]}}